{"id":15,"date":"2017-04-28T20:01:35","date_gmt":"2017-04-28T18:01:35","guid":{"rendered":"https:\/\/labelfree.nl\/?page_id=15"},"modified":"2023-11-17T17:50:40","modified_gmt":"2023-11-17T16:50:40","slug":"over-labelfree","status":"publish","type":"page","link":"https:\/\/labelfree.nl\/de\/uber-labelfree\/","title":{"rendered":"\u00dcber uns"},"content":{"rendered":"<div data-elementor-type=\"wp-page\" data-elementor-id=\"15\" class=\"elementor elementor-15\" data-elementor-post-type=\"page\">\n\t\t\t\t\t\t<section class=\"elementor-section elementor-top-section elementor-element elementor-element-347b978 elementor-section-boxed elementor-section-height-default elementor-section-height-default\" data-id=\"347b978\" data-element_type=\"section\" data-e-type=\"section\" data-settings=\"{&quot;background_background&quot;:&quot;classic&quot;}\">\n\t\t\t\t\t\t<div class=\"elementor-container elementor-column-gap-default\">\n\t\t\t\t\t<div class=\"elementor-column elementor-col-100 elementor-top-column elementor-element elementor-element-c6e448b\" data-id=\"c6e448b\" data-element_type=\"column\" data-e-type=\"column\">\n\t\t\t<div class=\"elementor-widget-wrap elementor-element-populated\">\n\t\t\t\t\t\t<div class=\"elementor-element elementor-element-5ff2501 elementor-widget elementor-widget-heading\" data-id=\"5ff2501\" data-element_type=\"widget\" data-e-type=\"widget\" data-widget_type=\"heading.default\">\n\t\t\t\t<div class=\"elementor-widget-container\">\n\t\t\t\t\t<h1 class=\"elementor-heading-title elementor-size-default\">\u00fcber uns<\/h1>\t\t\t\t<\/div>\n\t\t\t\t<\/div>\n\t\t\t\t\t<\/div>\n\t\t<\/div>\n\t\t\t\t\t<\/div>\n\t\t<\/section>\n\t\t\t\t<section class=\"elementor-section elementor-top-section elementor-element elementor-element-1a59f72 elementor-section-boxed elementor-section-height-default elementor-section-height-default\" data-id=\"1a59f72\" data-element_type=\"section\" data-e-type=\"section\">\n\t\t\t\t\t\t<div class=\"elementor-container elementor-column-gap-default\">\n\t\t\t\t\t<div class=\"elementor-column elementor-col-100 elementor-top-column elementor-element elementor-element-16f8264\" data-id=\"16f8264\" data-element_type=\"column\" data-e-type=\"column\">\n\t\t\t<div class=\"elementor-widget-wrap elementor-element-populated\">\n\t\t\t\t\t\t<div class=\"elementor-element elementor-element-f6d09bd elementor-widget elementor-widget-spacer\" data-id=\"f6d09bd\" data-element_type=\"widget\" data-e-type=\"widget\" data-widget_type=\"spacer.default\">\n\t\t\t\t<div class=\"elementor-widget-container\">\n\t\t\t\t\t\t\t<div class=\"elementor-spacer\">\n\t\t\t<div class=\"elementor-spacer-inner\"><\/div>\n\t\t<\/div>\n\t\t\t\t\t\t<\/div>\n\t\t\t\t<\/div>\n\t\t\t\t\t<\/div>\n\t\t<\/div>\n\t\t\t\t\t<\/div>\n\t\t<\/section>\n\t\t\t\t<section class=\"elementor-section elementor-top-section elementor-element elementor-element-2f0bcf9 elementor-section-boxed elementor-section-height-default elementor-section-height-default\" data-id=\"2f0bcf9\" data-element_type=\"section\" data-e-type=\"section\">\n\t\t\t\t\t\t<div class=\"elementor-container elementor-column-gap-default\">\n\t\t\t\t\t<div class=\"elementor-column elementor-col-50 elementor-top-column elementor-element elementor-element-aa76875\" data-id=\"aa76875\" data-element_type=\"column\" data-e-type=\"column\">\n\t\t\t<div class=\"elementor-widget-wrap elementor-element-populated\">\n\t\t\t\t\t\t<div class=\"elementor-element elementor-element-3d06b74 elementor-widget elementor-widget-text-editor\" data-id=\"3d06b74\" data-element_type=\"widget\" data-e-type=\"widget\" data-widget_type=\"text-editor.default\">\n\t\t\t\t<div class=\"elementor-widget-container\">\n\t\t\t\t\t\t\t\t\t<p>Wir verf\u00fcgen \u00fcber mehr als 30 Jahre Erfahrung in der F\u00fchrung von Agenturen bekannter A-Marken f\u00fcr Arbeits- und Outdoor-Bekleidung. Starke Marken mit tollen (Marketing-)Geschichten. Und daf\u00fcr zahlen Sie auch.<\/p>\n<p>Was aber, wenn wir die Geschichte weglassen und uns haupts\u00e4chlich auf Qualit\u00e4t ohne Marketing konzentrieren? Dann bezahlen Sie nur die Kleidung selbst! Mit unserer langj\u00e4hrigen Erfahrung helfen wir Ihnen bei der Auswahl des richtigen Produkts direkt vom Hersteller.<\/p>\t\t\t\t\t\t\t\t<\/div>\n\t\t\t\t<\/div>\n\t\t\t\t\t<\/div>\n\t\t<\/div>\n\t\t\t\t<div class=\"elementor-column elementor-col-50 elementor-top-column elementor-element elementor-element-0bc843c\" data-id=\"0bc843c\" data-element_type=\"column\" data-e-type=\"column\">\n\t\t\t<div class=\"elementor-widget-wrap elementor-element-populated\">\n\t\t\t\t\t\t<div class=\"elementor-element elementor-element-342bb7d elementor-widget elementor-widget-image\" data-id=\"342bb7d\" data-element_type=\"widget\" data-e-type=\"widget\" data-widget_type=\"image.default\">\n\t\t\t\t<div class=\"elementor-widget-container\">\n\t\t\t\t\t\t\t\t\t\t\t\t\t\t\t<img fetchpriority=\"high\" decoding=\"async\" width=\"800\" height=\"533\" src=\"https:\/\/labelfree.nl\/wp-content\/uploads\/2023\/11\/Perma-24-1030x686.jpg\" class=\"attachment-large size-large wp-image-21510\" alt=\"\" srcset=\"https:\/\/labelfree.nl\/wp-content\/uploads\/2023\/11\/Perma-24-1030x686.jpg 1030w, https:\/\/labelfree.nl\/wp-content\/uploads\/2023\/11\/Perma-24-300x200.jpg 300w, https:\/\/labelfree.nl\/wp-content\/uploads\/2023\/11\/Perma-24-768x512.jpg 768w, https:\/\/labelfree.nl\/wp-content\/uploads\/2023\/11\/Perma-24-18x12.jpg 18w, https:\/\/labelfree.nl\/wp-content\/uploads\/2023\/11\/Perma-24-600x400.jpg 600w, https:\/\/labelfree.nl\/wp-content\/uploads\/2023\/11\/Perma-24.jpg 1280w\" sizes=\"(max-width: 800px) 100vw, 800px\" \/>\t\t\t\t\t\t\t\t\t\t\t\t\t\t\t<\/div>\n\t\t\t\t<\/div>\n\t\t\t\t\t<\/div>\n\t\t<\/div>\n\t\t\t\t\t<\/div>\n\t\t<\/section>\n\t\t\t\t<section class=\"elementor-section elementor-top-section elementor-element elementor-element-72eadcd elementor-section-boxed elementor-section-height-default elementor-section-height-default\" data-id=\"72eadcd\" data-element_type=\"section\" data-e-type=\"section\">\n\t\t\t\t\t\t<div class=\"elementor-container elementor-column-gap-default\">\n\t\t\t\t\t<div class=\"elementor-column elementor-col-100 elementor-top-column elementor-element elementor-element-59e371b\" data-id=\"59e371b\" data-element_type=\"column\" data-e-type=\"column\">\n\t\t\t<div class=\"elementor-widget-wrap\">\n\t\t\t\t\t\t\t<\/div>\n\t\t<\/div>\n\t\t\t\t\t<\/div>\n\t\t<\/section>\n\t\t\t\t<\/div>","protected":false},"excerpt":{"rendered":"<p>over ons We hebben ruim 30 jaar ervaring in het runnen van agentschappen van bekende A-merken werk- en outdoor kleding. Stoere merken met mooie (marketing)verhalen. En daar betaal je ook voor. Maar wat als we het verhaal nu eens weglaten en ons vooral richten op de kwaliteit zonder marketing? Dan betaal je uitsluitend voor de [&hellip;]<\/p>\n","protected":false},"author":1,"featured_media":0,"parent":0,"menu_order":0,"comment_status":"closed","ping_status":"closed","template":"elementor_header_footer","meta":{"_acf_changed":false,"footnotes":""},"class_list":["post-15","page","type-page","status-publish","hentry"],"acf":[],"yoast_head":"<!-- This site is optimized with the Yoast SEO plugin v27.5 - https:\/\/yoast.com\/product\/yoast-seo-wordpress\/ -->\n<title>Over Labelfree | Labelfree Brandless Quality | Nederland<\/title>\n<meta name=\"description\" content=\"Labelfree heeft ruim 20 jaar ervaring in het runnen van agentschappen van bekende A-merken werk- en outdoor kleding. Stoere merken met mooie verhalen.\" \/>\n<meta name=\"robots\" content=\"index, follow, max-snippet:-1, max-image-preview:large, max-video-preview:-1\" \/>\n<link rel=\"canonical\" href=\"https:\/\/labelfree.nl\/de\/uber-labelfree\/\" \/>\n<meta property=\"og:locale\" content=\"de_DE\" \/>\n<meta property=\"og:type\" content=\"article\" \/>\n<meta property=\"og:title\" content=\"Over Labelfree | Labelfree Brandless Quality | Nederland\" \/>\n<meta property=\"og:description\" content=\"Labelfree heeft ruim 20 jaar ervaring in het runnen van agentschappen van bekende A-merken werk- en outdoor kleding. Stoere merken met mooie verhalen.\" \/>\n<meta property=\"og:url\" content=\"https:\/\/labelfree.nl\/de\/uber-labelfree\/\" \/>\n<meta property=\"og:site_name\" content=\"Labelfree\" \/>\n<meta property=\"article:modified_time\" content=\"2023-11-17T16:50:40+00:00\" \/>\n<meta property=\"og:image\" content=\"https:\/\/labelfree.nl\/wp-content\/uploads\/2017\/04\/labelfree-team.jpg\" \/>\n\t<meta property=\"og:image:width\" content=\"127\" \/>\n\t<meta property=\"og:image:height\" content=\"110\" \/>\n\t<meta property=\"og:image:type\" content=\"image\/jpeg\" \/>\n<meta name=\"twitter:card\" content=\"summary_large_image\" \/>\n<meta name=\"twitter:label1\" content=\"Gesch\u00e4tzte Lesezeit\" \/>\n\t<meta name=\"twitter:data1\" content=\"1\u00a0Minute\" \/>\n<script type=\"application\/ld+json\" class=\"yoast-schema-graph\">{\"@context\":\"https:\\\/\\\/schema.org\",\"@graph\":[{\"@type\":\"WebPage\",\"@id\":\"https:\\\/\\\/labelfree.nl\\\/over-labelfree\\\/\",\"url\":\"https:\\\/\\\/labelfree.nl\\\/over-labelfree\\\/\",\"name\":\"Over Labelfree | Labelfree Brandless Quality | Nederland\",\"isPartOf\":{\"@id\":\"https:\\\/\\\/labelfree.nl\\\/#website\"},\"primaryImageOfPage\":{\"@id\":\"https:\\\/\\\/labelfree.nl\\\/over-labelfree\\\/#primaryimage\"},\"image\":{\"@id\":\"https:\\\/\\\/labelfree.nl\\\/over-labelfree\\\/#primaryimage\"},\"thumbnailUrl\":\"https:\\\/\\\/labelfree.nl\\\/wp-content\\\/uploads\\\/2023\\\/11\\\/Perma-24-1030x686.jpg\",\"datePublished\":\"2017-04-28T18:01:35+00:00\",\"dateModified\":\"2023-11-17T16:50:40+00:00\",\"description\":\"Labelfree heeft ruim 20 jaar ervaring in het runnen van agentschappen van bekende A-merken werk- en outdoor kleding. Stoere merken met mooie verhalen.\",\"breadcrumb\":{\"@id\":\"https:\\\/\\\/labelfree.nl\\\/over-labelfree\\\/#breadcrumb\"},\"inLanguage\":\"de\",\"potentialAction\":[{\"@type\":\"ReadAction\",\"target\":[\"https:\\\/\\\/labelfree.nl\\\/over-labelfree\\\/\"]}]},{\"@type\":\"ImageObject\",\"inLanguage\":\"de\",\"@id\":\"https:\\\/\\\/labelfree.nl\\\/over-labelfree\\\/#primaryimage\",\"url\":\"https:\\\/\\\/labelfree.nl\\\/wp-content\\\/uploads\\\/2023\\\/11\\\/Perma-24-1030x686.jpg\",\"contentUrl\":\"https:\\\/\\\/labelfree.nl\\\/wp-content\\\/uploads\\\/2023\\\/11\\\/Perma-24-1030x686.jpg\"},{\"@type\":\"BreadcrumbList\",\"@id\":\"https:\\\/\\\/labelfree.nl\\\/over-labelfree\\\/#breadcrumb\",\"itemListElement\":[{\"@type\":\"ListItem\",\"position\":1,\"name\":\"Home\",\"item\":\"https:\\\/\\\/labelfree.nl\\\/\"},{\"@type\":\"ListItem\",\"position\":2,\"name\":\"Over ons\"}]},{\"@type\":\"WebSite\",\"@id\":\"https:\\\/\\\/labelfree.nl\\\/#website\",\"url\":\"https:\\\/\\\/labelfree.nl\\\/\",\"name\":\"Labelfree\",\"description\":\"Brandless quality\",\"potentialAction\":[{\"@type\":\"SearchAction\",\"target\":{\"@type\":\"EntryPoint\",\"urlTemplate\":\"https:\\\/\\\/labelfree.nl\\\/?s={search_term_string}\"},\"query-input\":{\"@type\":\"PropertyValueSpecification\",\"valueRequired\":true,\"valueName\":\"search_term_string\"}}],\"inLanguage\":\"de\"}]}<\/script>\n<!-- \/ Yoast SEO plugin. -->","yoast_head_json":{"title":"\u00dcber Labelfree | Etikettenfreie, markenlose Qualit\u00e4t | Die Niederlande","description":"Labelfree verf\u00fcgt \u00fcber mehr als 20 Jahre Erfahrung in der F\u00fchrung von Agenturen f\u00fcr bekannte A-Marken f\u00fcr Arbeits- und Outdoor-Bekleidung. Coole Marken mit tollen Geschichten.","robots":{"index":"index","follow":"follow","max-snippet":"max-snippet:-1","max-image-preview":"max-image-preview:large","max-video-preview":"max-video-preview:-1"},"canonical":"https:\/\/labelfree.nl\/de\/uber-labelfree\/","og_locale":"de_DE","og_type":"article","og_title":"Over Labelfree | Labelfree Brandless Quality | Nederland","og_description":"Labelfree heeft ruim 20 jaar ervaring in het runnen van agentschappen van bekende A-merken werk- en outdoor kleding. Stoere merken met mooie verhalen.","og_url":"https:\/\/labelfree.nl\/de\/uber-labelfree\/","og_site_name":"Labelfree","article_modified_time":"2023-11-17T16:50:40+00:00","og_image":[{"width":127,"height":110,"url":"https:\/\/labelfree.nl\/wp-content\/uploads\/2017\/04\/labelfree-team.jpg","type":"image\/jpeg"}],"twitter_card":"summary_large_image","twitter_misc":{"Gesch\u00e4tzte Lesezeit":"1\u00a0Minute"},"schema":{"@context":"https:\/\/schema.org","@graph":[{"@type":"WebPage","@id":"https:\/\/labelfree.nl\/over-labelfree\/","url":"https:\/\/labelfree.nl\/over-labelfree\/","name":"\u00dcber Labelfree | Etikettenfreie, markenlose Qualit\u00e4t | Die Niederlande","isPartOf":{"@id":"https:\/\/labelfree.nl\/#website"},"primaryImageOfPage":{"@id":"https:\/\/labelfree.nl\/over-labelfree\/#primaryimage"},"image":{"@id":"https:\/\/labelfree.nl\/over-labelfree\/#primaryimage"},"thumbnailUrl":"https:\/\/labelfree.nl\/wp-content\/uploads\/2023\/11\/Perma-24-1030x686.jpg","datePublished":"2017-04-28T18:01:35+00:00","dateModified":"2023-11-17T16:50:40+00:00","description":"Labelfree verf\u00fcgt \u00fcber mehr als 20 Jahre Erfahrung in der F\u00fchrung von Agenturen f\u00fcr bekannte A-Marken f\u00fcr Arbeits- und Outdoor-Bekleidung. Coole Marken mit tollen Geschichten.","breadcrumb":{"@id":"https:\/\/labelfree.nl\/over-labelfree\/#breadcrumb"},"inLanguage":"de","potentialAction":[{"@type":"ReadAction","target":["https:\/\/labelfree.nl\/over-labelfree\/"]}]},{"@type":"ImageObject","inLanguage":"de","@id":"https:\/\/labelfree.nl\/over-labelfree\/#primaryimage","url":"https:\/\/labelfree.nl\/wp-content\/uploads\/2023\/11\/Perma-24-1030x686.jpg","contentUrl":"https:\/\/labelfree.nl\/wp-content\/uploads\/2023\/11\/Perma-24-1030x686.jpg"},{"@type":"BreadcrumbList","@id":"https:\/\/labelfree.nl\/over-labelfree\/#breadcrumb","itemListElement":[{"@type":"ListItem","position":1,"name":"Home","item":"https:\/\/labelfree.nl\/"},{"@type":"ListItem","position":2,"name":"Over ons"}]},{"@type":"WebSite","@id":"https:\/\/labelfree.nl\/#website","url":"https:\/\/labelfree.nl\/","name":"Etikettenfrei","description":"Markenlose Qualit\u00e4t","potentialAction":[{"@type":"SearchAction","target":{"@type":"EntryPoint","urlTemplate":"https:\/\/labelfree.nl\/?s={search_term_string}"},"query-input":{"@type":"PropertyValueSpecification","valueRequired":true,"valueName":"search_term_string"}}],"inLanguage":"de"}]}},"jetpack_sharing_enabled":true,"_links":{"self":[{"href":"https:\/\/labelfree.nl\/de\/wp-json\/wp\/v2\/pages\/15","targetHints":{"allow":["GET"]}}],"collection":[{"href":"https:\/\/labelfree.nl\/de\/wp-json\/wp\/v2\/pages"}],"about":[{"href":"https:\/\/labelfree.nl\/de\/wp-json\/wp\/v2\/types\/page"}],"author":[{"embeddable":true,"href":"https:\/\/labelfree.nl\/de\/wp-json\/wp\/v2\/users\/1"}],"replies":[{"embeddable":true,"href":"https:\/\/labelfree.nl\/de\/wp-json\/wp\/v2\/comments?post=15"}],"version-history":[{"count":61,"href":"https:\/\/labelfree.nl\/de\/wp-json\/wp\/v2\/pages\/15\/revisions"}],"predecessor-version":[{"id":21513,"href":"https:\/\/labelfree.nl\/de\/wp-json\/wp\/v2\/pages\/15\/revisions\/21513"}],"wp:attachment":[{"href":"https:\/\/labelfree.nl\/de\/wp-json\/wp\/v2\/media?parent=15"}],"curies":[{"name":"wp","href":"https:\/\/api.w.org\/{rel}","templated":true}]}}