{"id":27,"date":"2017-04-28T20:03:28","date_gmt":"2017-04-28T18:03:28","guid":{"rendered":"https:\/\/labelfree.nl\/?page_id=27"},"modified":"2023-10-04T13:05:15","modified_gmt":"2023-10-04T11:05:15","slug":"polo-shirts","status":"publish","type":"page","link":"https:\/\/labelfree.nl\/de\/poloshirts\/","title":{"rendered":"Polo-Shirts"},"content":{"rendered":"<div data-elementor-type=\"wp-page\" data-elementor-id=\"27\" class=\"elementor elementor-27\" data-elementor-post-type=\"page\">\n\t\t\t\t\t\t<section class=\"elementor-section elementor-top-section elementor-element elementor-element-9cb35d0 elementor-section-boxed elementor-section-height-default elementor-section-height-default\" data-id=\"9cb35d0\" data-element_type=\"section\" data-e-type=\"section\" data-settings=\"{&quot;background_background&quot;:&quot;classic&quot;}\">\n\t\t\t\t\t\t<div class=\"elementor-container elementor-column-gap-default\">\n\t\t\t\t\t<div class=\"elementor-column elementor-col-100 elementor-top-column elementor-element elementor-element-0f8e30a\" data-id=\"0f8e30a\" data-element_type=\"column\" data-e-type=\"column\">\n\t\t\t<div class=\"elementor-widget-wrap elementor-element-populated\">\n\t\t\t\t\t\t<div class=\"elementor-element elementor-element-6f8687f elementor-widget elementor-widget-heading\" data-id=\"6f8687f\" data-element_type=\"widget\" data-e-type=\"widget\" data-widget_type=\"heading.default\">\n\t\t\t\t<div class=\"elementor-widget-container\">\n\t\t\t\t\t<h1 class=\"elementor-heading-title elementor-size-default\">Poloshirts ohne Etikett.<\/h1>\t\t\t\t<\/div>\n\t\t\t\t<\/div>\n\t\t\t\t\t<\/div>\n\t\t<\/div>\n\t\t\t\t\t<\/div>\n\t\t<\/section>\n\t\t\t\t<section class=\"elementor-section elementor-top-section elementor-element elementor-element-917e292 elementor-section-boxed elementor-section-height-default elementor-section-height-default\" data-id=\"917e292\" data-element_type=\"section\" data-e-type=\"section\">\n\t\t\t\t\t\t<div class=\"elementor-container elementor-column-gap-default\">\n\t\t\t\t\t<div class=\"elementor-column elementor-col-33 elementor-top-column elementor-element elementor-element-d78b9e6\" data-id=\"d78b9e6\" data-element_type=\"column\" data-e-type=\"column\">\n\t\t\t<div class=\"elementor-widget-wrap elementor-element-populated\">\n\t\t\t\t\t\t<div class=\"elementor-element elementor-element-cc38c31 elementor-widget elementor-widget-image\" data-id=\"cc38c31\" data-element_type=\"widget\" data-e-type=\"widget\" data-widget_type=\"image.default\">\n\t\t\t\t<div class=\"elementor-widget-container\">\n\t\t\t\t\t\t\t\t\t\t\t\t\t\t\t<img fetchpriority=\"high\" decoding=\"async\" width=\"600\" height=\"600\" src=\"https:\/\/labelfree.nl\/wp-content\/uploads\/2023\/10\/labelfree-polo-katoen-man.jpg\" class=\"attachment-large size-large wp-image-20887\" alt=\"\" srcset=\"https:\/\/labelfree.nl\/wp-content\/uploads\/2023\/10\/labelfree-polo-katoen-man.jpg 600w, https:\/\/labelfree.nl\/wp-content\/uploads\/2023\/10\/labelfree-polo-katoen-man-300x300.jpg 300w, https:\/\/labelfree.nl\/wp-content\/uploads\/2023\/10\/labelfree-polo-katoen-man-80x80.jpg 80w, https:\/\/labelfree.nl\/wp-content\/uploads\/2023\/10\/labelfree-polo-katoen-man-32x32.jpg 32w, https:\/\/labelfree.nl\/wp-content\/uploads\/2023\/10\/labelfree-polo-katoen-man-100x100.jpg 100w, https:\/\/labelfree.nl\/wp-content\/uploads\/2023\/10\/labelfree-polo-katoen-man-50x50.jpg 50w\" sizes=\"(max-width: 600px) 100vw, 600px\" \/>\t\t\t\t\t\t\t\t\t\t\t\t\t\t\t<\/div>\n\t\t\t\t<\/div>\n\t\t\t\t<div class=\"elementor-element elementor-element-eb5eb9e elementor-widget elementor-widget-image\" data-id=\"eb5eb9e\" data-element_type=\"widget\" data-e-type=\"widget\" data-widget_type=\"image.default\">\n\t\t\t\t<div class=\"elementor-widget-container\">\n\t\t\t\t\t\t\t\t\t\t\t\t\t\t\t<img decoding=\"async\" width=\"750\" height=\"750\" src=\"https:\/\/labelfree.nl\/wp-content\/uploads\/2023\/10\/labelfree-polo-katoen-opdruk.jpg\" class=\"attachment-large size-large wp-image-20888\" alt=\"\" srcset=\"https:\/\/labelfree.nl\/wp-content\/uploads\/2023\/10\/labelfree-polo-katoen-opdruk.jpg 750w, https:\/\/labelfree.nl\/wp-content\/uploads\/2023\/10\/labelfree-polo-katoen-opdruk-300x300.jpg 300w, https:\/\/labelfree.nl\/wp-content\/uploads\/2023\/10\/labelfree-polo-katoen-opdruk-80x80.jpg 80w, https:\/\/labelfree.nl\/wp-content\/uploads\/2023\/10\/labelfree-polo-katoen-opdruk-32x32.jpg 32w, https:\/\/labelfree.nl\/wp-content\/uploads\/2023\/10\/labelfree-polo-katoen-opdruk-600x600.jpg 600w, https:\/\/labelfree.nl\/wp-content\/uploads\/2023\/10\/labelfree-polo-katoen-opdruk-100x100.jpg 100w, https:\/\/labelfree.nl\/wp-content\/uploads\/2023\/10\/labelfree-polo-katoen-opdruk-50x50.jpg 50w\" sizes=\"(max-width: 750px) 100vw, 750px\" \/>\t\t\t\t\t\t\t\t\t\t\t\t\t\t\t<\/div>\n\t\t\t\t<\/div>\n\t\t\t\t\t<\/div>\n\t\t<\/div>\n\t\t\t\t<div class=\"elementor-column elementor-col-66 elementor-top-column elementor-element elementor-element-8547df4\" data-id=\"8547df4\" data-element_type=\"column\" data-e-type=\"column\">\n\t\t\t<div class=\"elementor-widget-wrap elementor-element-populated\">\n\t\t\t\t\t\t<div class=\"elementor-element elementor-element-f228d73 elementor-widget elementor-widget-heading\" data-id=\"f228d73\" data-element_type=\"widget\" data-e-type=\"widget\" data-widget_type=\"heading.default\">\n\t\t\t\t<div class=\"elementor-widget-container\">\n\t\t\t\t\t<h2 class=\"elementor-heading-title elementor-size-default\">Kosten.<\/h2>\t\t\t\t<\/div>\n\t\t\t\t<\/div>\n\t\t\t\t<div class=\"elementor-element elementor-element-5df4e45 elementor-widget elementor-widget-text-editor\" data-id=\"5df4e45\" data-element_type=\"widget\" data-e-type=\"widget\" data-widget_type=\"text-editor.default\">\n\t\t\t\t<div class=\"elementor-widget-container\">\n\t\t\t\t\t\t\t\t\t<p>Bei etikettenfreier Markenlos-Qualit\u00e4t k\u00f6nnen Sie ab 10 St\u00fcck bestellen, ggf. inklusive Bedruckung.<\/p><ul><li>labelfree Poloshirt 100% Baumwolle exkl. Druck, 10 St\u00fcck: ab 8 \u20ac pro St\u00fcck exkl. MwSt<\/li><li>labelfree Poloshirt 100% Baumwolle inkl. Druck, 10 St\u00fcck: ab 11 \u20ac pro St\u00fcck zzgl. MwSt<\/li><\/ul><p>Bei h\u00f6heren Bestellungen nutzen wir Staffelpreise. Sie w\u00fcnschen weitere Informationen zu Preisen, Drucken und Qualit\u00e4ten? Dann nimm\u00a0<a href=\"https:\/\/labelfree.nl\/de\/kontakt\/\"><strong>Kontakt<\/strong><\/a>\u00a0mit uns!<\/p>\t\t\t\t\t\t\t\t<\/div>\n\t\t\t\t<\/div>\n\t\t\t\t<div class=\"elementor-element elementor-element-aafb8c0 elementor-widget elementor-widget-heading\" data-id=\"aafb8c0\" data-element_type=\"widget\" data-e-type=\"widget\" data-widget_type=\"heading.default\">\n\t\t\t\t<div class=\"elementor-widget-container\">\n\t\t\t\t\t<h2 class=\"elementor-heading-title elementor-size-default\">eigene Sammlung.<\/h2>\t\t\t\t<\/div>\n\t\t\t\t<\/div>\n\t\t\t\t<div class=\"elementor-element elementor-element-1948e1d elementor-widget elementor-widget-text-editor\" data-id=\"1948e1d\" data-element_type=\"widget\" data-e-type=\"widget\" data-widget_type=\"text-editor.default\">\n\t\t\t\t<div class=\"elementor-widget-container\">\n\t\t\t\t\t\t\t\t\t<p><strong>M\u00f6chten Sie lieber f\u00fcr Ihre eigene Marke\/Ihr eigenes Unternehmen werben?\u00a0<\/strong>Sie k\u00f6nnen auch Ihre pers\u00f6nliche Kollektion oder Bekleidungslinie entwerfen, bedruckt mit Ihrem eigenen Logo und Halsetikett. Und platzieren Sie Ihr Logo, wo immer Sie m\u00f6chten. Bei Markenkleidung befindet sich das Logo oft an der besten Position, was Sie manchmal bei der Platzierung Ihres Logos einschr\u00e4nkt. Mit etikettenfreier Kleidung haben Sie dieses Problem nicht. W\u00fcnschen Sie weitere Informationen? Dann nehmen Sie unverbindlich Kontakt zu uns auf\u00a0<strong><a href=\"https:\/\/labelfree.nl\/de\/kontakt\/\">Kontakt<\/a><\/strong>\u00a0mit uns!<\/p>\t\t\t\t\t\t\t\t<\/div>\n\t\t\t\t<\/div>\n\t\t\t\t<div class=\"elementor-element elementor-element-d3b4b0c elementor-widget elementor-widget-heading\" data-id=\"d3b4b0c\" data-element_type=\"widget\" data-e-type=\"widget\" data-widget_type=\"heading.default\">\n\t\t\t\t<div class=\"elementor-widget-container\">\n\t\t\t\t\t<h2 class=\"elementor-heading-title elementor-size-default\">Grammatur.<\/h2>\t\t\t\t<\/div>\n\t\t\t\t<\/div>\n\t\t\t\t<div class=\"elementor-element elementor-element-50d9813 elementor-widget elementor-widget-text-editor\" data-id=\"50d9813\" data-element_type=\"widget\" data-e-type=\"widget\" data-widget_type=\"text-editor.default\">\n\t\t\t\t<div class=\"elementor-widget-container\">\n\t\t\t\t\t\t\t\t\t<p>Das Gewicht eines Poloshirts sagt nicht immer etwas \u00fcber seine Qualit\u00e4t aus. Die Art des Strickens, Webens, Veredelns und die verwendeten Rohstoffe sind wichtige qualit\u00e4tsbestimmende Komponenten. Sie k\u00f6nnen etwas Grobes oder sehr Feines stricken oder weben.<\/p><p>F\u00fcr die meisten Poloshirts verwenden wir ausschlie\u00dflich Bio-Baumwolle. Baumwolle wird ohne gentechnisch ver\u00e4ndertes Saatgut, Pestizide, Kunstd\u00fcnger und Chemikalien angebaut. Die Produktion erf\u00fcllt h\u00f6chste Anforderungen an soziale Standards.<\/p>\t\t\t\t\t\t\t\t<\/div>\n\t\t\t\t<\/div>\n\t\t\t\t\t<\/div>\n\t\t<\/div>\n\t\t\t\t\t<\/div>\n\t\t<\/section>\n\t\t\t\t<section class=\"elementor-section elementor-top-section elementor-element elementor-element-5170210 elementor-section-boxed elementor-section-height-default elementor-section-height-default\" data-id=\"5170210\" data-element_type=\"section\" data-e-type=\"section\">\n\t\t\t\t\t\t<div class=\"elementor-container elementor-column-gap-default\">\n\t\t\t\t\t<div class=\"elementor-column elementor-col-100 elementor-top-column elementor-element elementor-element-45580bc\" data-id=\"45580bc\" data-element_type=\"column\" data-e-type=\"column\">\n\t\t\t<div class=\"elementor-widget-wrap elementor-element-populated\">\n\t\t\t\t\t\t<div class=\"elementor-element elementor-element-732ec8c elementor-widget elementor-widget-heading\" data-id=\"732ec8c\" data-element_type=\"widget\" data-e-type=\"widget\" data-widget_type=\"heading.default\">\n\t\t\t\t<div class=\"elementor-widget-container\">\n\t\t\t\t\t<h2 class=\"elementor-heading-title elementor-size-default\">Markenfreie Poloshirt-Qualit\u00e4tstypen.<\/h2>\t\t\t\t<\/div>\n\t\t\t\t<\/div>\n\t\t\t\t\t<\/div>\n\t\t<\/div>\n\t\t\t\t\t<\/div>\n\t\t<\/section>\n\t\t\t\t<section class=\"elementor-section elementor-top-section elementor-element elementor-element-830ddd3 elementor-section-boxed elementor-section-height-default elementor-section-height-default\" data-id=\"830ddd3\" data-element_type=\"section\" data-e-type=\"section\">\n\t\t\t\t\t\t<div class=\"elementor-container elementor-column-gap-default\">\n\t\t\t\t\t<div class=\"elementor-column elementor-col-33 elementor-top-column elementor-element elementor-element-70a7eca\" data-id=\"70a7eca\" data-element_type=\"column\" data-e-type=\"column\">\n\t\t\t<div class=\"elementor-widget-wrap elementor-element-populated\">\n\t\t\t\t\t\t<div class=\"elementor-element elementor-element-2ef03bb elementor-widget elementor-widget-image\" data-id=\"2ef03bb\" data-element_type=\"widget\" data-e-type=\"widget\" data-widget_type=\"image.default\">\n\t\t\t\t<div class=\"elementor-widget-container\">\n\t\t\t\t\t\t\t\t\t\t\t\t\t\t\t<img decoding=\"async\" width=\"750\" height=\"750\" src=\"https:\/\/labelfree.nl\/wp-content\/uploads\/2023\/10\/labelfree-polo-geel.jpg\" class=\"attachment-large size-large wp-image-20889\" alt=\"\" srcset=\"https:\/\/labelfree.nl\/wp-content\/uploads\/2023\/10\/labelfree-polo-geel.jpg 750w, https:\/\/labelfree.nl\/wp-content\/uploads\/2023\/10\/labelfree-polo-geel-300x300.jpg 300w, https:\/\/labelfree.nl\/wp-content\/uploads\/2023\/10\/labelfree-polo-geel-80x80.jpg 80w, https:\/\/labelfree.nl\/wp-content\/uploads\/2023\/10\/labelfree-polo-geel-32x32.jpg 32w, https:\/\/labelfree.nl\/wp-content\/uploads\/2023\/10\/labelfree-polo-geel-600x600.jpg 600w, https:\/\/labelfree.nl\/wp-content\/uploads\/2023\/10\/labelfree-polo-geel-100x100.jpg 100w, https:\/\/labelfree.nl\/wp-content\/uploads\/2023\/10\/labelfree-polo-geel-50x50.jpg 50w\" sizes=\"(max-width: 750px) 100vw, 750px\" \/>\t\t\t\t\t\t\t\t\t\t\t\t\t\t\t<\/div>\n\t\t\t\t<\/div>\n\t\t\t\t<div class=\"elementor-element elementor-element-b04a95d elementor-widget elementor-widget-heading\" data-id=\"b04a95d\" data-element_type=\"widget\" data-e-type=\"widget\" data-widget_type=\"heading.default\">\n\t\t\t\t<div class=\"elementor-widget-container\">\n\t\t\t\t\t<h3 class=\"elementor-heading-title elementor-size-default\">Polo 100% Baumwolle.<\/h3>\t\t\t\t<\/div>\n\t\t\t\t<\/div>\n\t\t\t\t<div class=\"elementor-element elementor-element-b243e85 elementor-widget elementor-widget-text-editor\" data-id=\"b243e85\" data-element_type=\"widget\" data-e-type=\"widget\" data-widget_type=\"text-editor.default\">\n\t\t\t\t<div class=\"elementor-widget-container\">\n\t\t\t\t\t\t\t\t\t<p>Poloshirt aus fein gestricktem Stretchstoff aus 100%-Baumwolle.<\/p>\t\t\t\t\t\t\t\t<\/div>\n\t\t\t\t<\/div>\n\t\t\t\t<div class=\"elementor-element elementor-element-3f668e7 elementor-align-center elementor-widget elementor-widget-button\" data-id=\"3f668e7\" data-element_type=\"widget\" data-e-type=\"widget\" data-widget_type=\"button.default\">\n\t\t\t\t<div class=\"elementor-widget-container\">\n\t\t\t\t\t\t\t\t\t<div class=\"elementor-button-wrapper\">\n\t\t\t\t\t<a class=\"elementor-button elementor-button-link elementor-size-sm\" href=\"https:\/\/labelfree.nl\/de\/labelfree-poloshirts-aus-100-baumwolle\/\">\n\t\t\t\t\t\t<span class=\"elementor-button-content-wrapper\">\n\t\t\t\t\t\t\t\t\t<span class=\"elementor-button-text\">Weitere Informationen<\/span>\n\t\t\t\t\t<\/span>\n\t\t\t\t\t<\/a>\n\t\t\t\t<\/div>\n\t\t\t\t\t\t\t\t<\/div>\n\t\t\t\t<\/div>\n\t\t\t\t\t<\/div>\n\t\t<\/div>\n\t\t\t\t<div class=\"elementor-column elementor-col-33 elementor-top-column elementor-element elementor-element-35a8657\" data-id=\"35a8657\" data-element_type=\"column\" data-e-type=\"column\">\n\t\t\t<div class=\"elementor-widget-wrap elementor-element-populated\">\n\t\t\t\t\t\t<div class=\"elementor-element elementor-element-da180da elementor-widget elementor-widget-image\" data-id=\"da180da\" data-element_type=\"widget\" data-e-type=\"widget\" data-widget_type=\"image.default\">\n\t\t\t\t<div class=\"elementor-widget-container\">\n\t\t\t\t\t\t\t\t\t\t\t\t\t\t\t<img loading=\"lazy\" decoding=\"async\" width=\"750\" height=\"750\" src=\"https:\/\/labelfree.nl\/wp-content\/uploads\/2023\/10\/labelfree-polo-industrial-2.jpg\" class=\"attachment-large size-large wp-image-20890\" alt=\"\" srcset=\"https:\/\/labelfree.nl\/wp-content\/uploads\/2023\/10\/labelfree-polo-industrial-2.jpg 750w, https:\/\/labelfree.nl\/wp-content\/uploads\/2023\/10\/labelfree-polo-industrial-2-300x300.jpg 300w, https:\/\/labelfree.nl\/wp-content\/uploads\/2023\/10\/labelfree-polo-industrial-2-80x80.jpg 80w, https:\/\/labelfree.nl\/wp-content\/uploads\/2023\/10\/labelfree-polo-industrial-2-32x32.jpg 32w, https:\/\/labelfree.nl\/wp-content\/uploads\/2023\/10\/labelfree-polo-industrial-2-600x600.jpg 600w, https:\/\/labelfree.nl\/wp-content\/uploads\/2023\/10\/labelfree-polo-industrial-2-100x100.jpg 100w, https:\/\/labelfree.nl\/wp-content\/uploads\/2023\/10\/labelfree-polo-industrial-2-50x50.jpg 50w\" sizes=\"(max-width: 750px) 100vw, 750px\" \/>\t\t\t\t\t\t\t\t\t\t\t\t\t\t\t<\/div>\n\t\t\t\t<\/div>\n\t\t\t\t<div class=\"elementor-element elementor-element-6aea370 elementor-widget elementor-widget-heading\" data-id=\"6aea370\" data-element_type=\"widget\" data-e-type=\"widget\" data-widget_type=\"heading.default\">\n\t\t\t\t<div class=\"elementor-widget-container\">\n\t\t\t\t\t<h3 class=\"elementor-heading-title elementor-size-default\">Polo Industrie.<\/h3>\t\t\t\t<\/div>\n\t\t\t\t<\/div>\n\t\t\t\t<div class=\"elementor-element elementor-element-4c205df elementor-widget elementor-widget-text-editor\" data-id=\"4c205df\" data-element_type=\"widget\" data-e-type=\"widget\" data-widget_type=\"text-editor.default\">\n\t\t\t\t<div class=\"elementor-widget-container\">\n\t\t\t\t\t\t\t\t\t<p>Poloshirt aus fein gestricktem Stretchstoff aus 60%-Baumwolle und 40%-Polyester.<\/p>\t\t\t\t\t\t\t\t<\/div>\n\t\t\t\t<\/div>\n\t\t\t\t<div class=\"elementor-element elementor-element-1d83447 elementor-align-center elementor-widget elementor-widget-button\" data-id=\"1d83447\" data-element_type=\"widget\" data-e-type=\"widget\" data-widget_type=\"button.default\">\n\t\t\t\t<div class=\"elementor-widget-container\">\n\t\t\t\t\t\t\t\t\t<div class=\"elementor-button-wrapper\">\n\t\t\t\t\t<a class=\"elementor-button elementor-button-link elementor-size-sm\" href=\"https:\/\/labelfree.nl\/de\/etikettenfreie-industrie-poloshirts\/\">\n\t\t\t\t\t\t<span class=\"elementor-button-content-wrapper\">\n\t\t\t\t\t\t\t\t\t<span class=\"elementor-button-text\">Weitere Informationen<\/span>\n\t\t\t\t\t<\/span>\n\t\t\t\t\t<\/a>\n\t\t\t\t<\/div>\n\t\t\t\t\t\t\t\t<\/div>\n\t\t\t\t<\/div>\n\t\t\t\t\t<\/div>\n\t\t<\/div>\n\t\t\t\t<div class=\"elementor-column elementor-col-33 elementor-top-column elementor-element elementor-element-e2a24d6\" data-id=\"e2a24d6\" data-element_type=\"column\" data-e-type=\"column\">\n\t\t\t<div class=\"elementor-widget-wrap elementor-element-populated\">\n\t\t\t\t\t\t<div class=\"elementor-element elementor-element-565fac6 elementor-widget elementor-widget-heading\" data-id=\"565fac6\" data-element_type=\"widget\" data-e-type=\"widget\" data-widget_type=\"heading.default\">\n\t\t\t\t<div class=\"elementor-widget-container\">\n\t\t\t\t\t<h3 class=\"elementor-heading-title elementor-size-default\">Polo-Stretch.<\/h3>\t\t\t\t<\/div>\n\t\t\t\t<\/div>\n\t\t\t\t<div class=\"elementor-element elementor-element-59b0051 elementor-widget elementor-widget-text-editor\" data-id=\"59b0051\" data-element_type=\"widget\" data-e-type=\"widget\" data-widget_type=\"text-editor.default\">\n\t\t\t\t<div class=\"elementor-widget-container\">\n\t\t\t\t\t\t\t\t\t<p>Poloshirt aus fein gestricktem Stretchstoff aus Baumwolle mit Elasthan-Anteil.<\/p>\t\t\t\t\t\t\t\t<\/div>\n\t\t\t\t<\/div>\n\t\t\t\t<div class=\"elementor-element elementor-element-fc2fd9e elementor-align-center elementor-widget elementor-widget-button\" data-id=\"fc2fd9e\" data-element_type=\"widget\" data-e-type=\"widget\" data-widget_type=\"button.default\">\n\t\t\t\t<div class=\"elementor-widget-container\">\n\t\t\t\t\t\t\t\t\t<div class=\"elementor-button-wrapper\">\n\t\t\t\t\t<a class=\"elementor-button elementor-button-link elementor-size-sm\" href=\"https:\/\/labelfree.nl\/de\/etikettenfreie-stretch-poloshirts\/\">\n\t\t\t\t\t\t<span class=\"elementor-button-content-wrapper\">\n\t\t\t\t\t\t\t\t\t<span class=\"elementor-button-text\">Weitere Informationen<\/span>\n\t\t\t\t\t<\/span>\n\t\t\t\t\t<\/a>\n\t\t\t\t<\/div>\n\t\t\t\t\t\t\t\t<\/div>\n\t\t\t\t<\/div>\n\t\t\t\t\t<\/div>\n\t\t<\/div>\n\t\t\t\t\t<\/div>\n\t\t<\/section>\n\t\t\t\t<\/div>","protected":false},"excerpt":{"rendered":"<p>labelfree polo shirts. kosten. Bij labelfree brandless quality kun je al vanaf 10 stuks bestellen, eventueel inclusief bedrukking. labelfree polo shirt 100% katoen excl. opdruk, 10 stuks: vanaf \u20ac 8,- per stuk excl. BTW labelfree polo shirt 100% katoen incl. opdruk, 10 stuks: vanaf \u20ac 11,- per stuk excl. BTW Bij een hogere afname hanteren [&hellip;]<\/p>\n","protected":false},"author":1,"featured_media":0,"parent":0,"menu_order":0,"comment_status":"closed","ping_status":"closed","template":"elementor_header_footer","meta":{"_acf_changed":false,"footnotes":""},"class_list":["post-27","page","type-page","status-publish","hentry"],"acf":[],"yoast_head":"<!-- This site is optimized with the Yoast SEO plugin v27.6 - https:\/\/yoast.com\/product\/yoast-seo-wordpress\/ -->\n<title>Labelfree Polo Shirts | Labelfree Brandless Quality<\/title>\n<meta name=\"robots\" content=\"index, follow, max-snippet:-1, max-image-preview:large, max-video-preview:-1\" \/>\n<link rel=\"canonical\" href=\"https:\/\/labelfree.nl\/de\/poloshirts\/\" \/>\n<meta property=\"og:locale\" content=\"de_DE\" \/>\n<meta property=\"og:type\" content=\"article\" \/>\n<meta property=\"og:title\" content=\"Labelfree Polo Shirts | Labelfree Brandless Quality\" \/>\n<meta property=\"og:description\" content=\"labelfree polo shirts. kosten. Bij labelfree brandless quality kun je al vanaf 10 stuks bestellen, eventueel inclusief bedrukking. labelfree polo shirt 100% katoen excl. opdruk, 10 stuks: vanaf \u20ac 8,- per stuk excl. BTW labelfree polo shirt 100% katoen incl. opdruk, 10 stuks: vanaf \u20ac 11,- per stuk excl. BTW Bij een hogere afname hanteren [&hellip;]\" \/>\n<meta property=\"og:url\" content=\"https:\/\/labelfree.nl\/de\/poloshirts\/\" \/>\n<meta property=\"og:site_name\" content=\"Labelfree\" \/>\n<meta property=\"article:modified_time\" content=\"2023-10-04T11:05:15+00:00\" \/>\n<meta property=\"og:image\" content=\"https:\/\/labelfree.nl\/wp-content\/uploads\/2017\/04\/labelfree-polo-katoen.jpg\" \/>\n\t<meta property=\"og:image:width\" content=\"750\" \/>\n\t<meta property=\"og:image:height\" content=\"750\" \/>\n\t<meta property=\"og:image:type\" content=\"image\/jpeg\" \/>\n<meta name=\"twitter:card\" content=\"summary_large_image\" \/>\n<meta name=\"twitter:label1\" content=\"Gesch\u00e4tzte Lesezeit\" \/>\n\t<meta name=\"twitter:data1\" content=\"3\u00a0Minuten\" \/>\n<script type=\"application\/ld+json\" class=\"yoast-schema-graph\">{\"@context\":\"https:\\\/\\\/schema.org\",\"@graph\":[{\"@type\":\"WebPage\",\"@id\":\"https:\\\/\\\/labelfree.nl\\\/polo-shirts\\\/\",\"url\":\"https:\\\/\\\/labelfree.nl\\\/polo-shirts\\\/\",\"name\":\"Labelfree Polo Shirts | Labelfree Brandless Quality\",\"isPartOf\":{\"@id\":\"https:\\\/\\\/labelfree.nl\\\/#website\"},\"primaryImageOfPage\":{\"@id\":\"https:\\\/\\\/labelfree.nl\\\/polo-shirts\\\/#primaryimage\"},\"image\":{\"@id\":\"https:\\\/\\\/labelfree.nl\\\/polo-shirts\\\/#primaryimage\"},\"thumbnailUrl\":\"https:\\\/\\\/labelfree.nl\\\/wp-content\\\/uploads\\\/2023\\\/10\\\/labelfree-polo-katoen-man.jpg\",\"datePublished\":\"2017-04-28T18:03:28+00:00\",\"dateModified\":\"2023-10-04T11:05:15+00:00\",\"breadcrumb\":{\"@id\":\"https:\\\/\\\/labelfree.nl\\\/polo-shirts\\\/#breadcrumb\"},\"inLanguage\":\"de\",\"potentialAction\":[{\"@type\":\"ReadAction\",\"target\":[\"https:\\\/\\\/labelfree.nl\\\/polo-shirts\\\/\"]}]},{\"@type\":\"ImageObject\",\"inLanguage\":\"de\",\"@id\":\"https:\\\/\\\/labelfree.nl\\\/polo-shirts\\\/#primaryimage\",\"url\":\"https:\\\/\\\/labelfree.nl\\\/wp-content\\\/uploads\\\/2023\\\/10\\\/labelfree-polo-katoen-man.jpg\",\"contentUrl\":\"https:\\\/\\\/labelfree.nl\\\/wp-content\\\/uploads\\\/2023\\\/10\\\/labelfree-polo-katoen-man.jpg\"},{\"@type\":\"BreadcrumbList\",\"@id\":\"https:\\\/\\\/labelfree.nl\\\/polo-shirts\\\/#breadcrumb\",\"itemListElement\":[{\"@type\":\"ListItem\",\"position\":1,\"name\":\"Home\",\"item\":\"https:\\\/\\\/labelfree.nl\\\/\"},{\"@type\":\"ListItem\",\"position\":2,\"name\":\"Polo shirts\"}]},{\"@type\":\"WebSite\",\"@id\":\"https:\\\/\\\/labelfree.nl\\\/#website\",\"url\":\"https:\\\/\\\/labelfree.nl\\\/\",\"name\":\"Labelfree\",\"description\":\"Brandless quality\",\"potentialAction\":[{\"@type\":\"SearchAction\",\"target\":{\"@type\":\"EntryPoint\",\"urlTemplate\":\"https:\\\/\\\/labelfree.nl\\\/?s={search_term_string}\"},\"query-input\":{\"@type\":\"PropertyValueSpecification\",\"valueRequired\":true,\"valueName\":\"search_term_string\"}}],\"inLanguage\":\"de\"}]}<\/script>\n<!-- \/ Yoast SEO plugin. -->","yoast_head_json":{"title":"Labelfreie Poloshirts | Etikettenfreie, markenlose Qualit\u00e4t","robots":{"index":"index","follow":"follow","max-snippet":"max-snippet:-1","max-image-preview":"max-image-preview:large","max-video-preview":"max-video-preview:-1"},"canonical":"https:\/\/labelfree.nl\/de\/poloshirts\/","og_locale":"de_DE","og_type":"article","og_title":"Labelfree Polo Shirts | Labelfree Brandless Quality","og_description":"labelfree polo shirts. kosten. Bij labelfree brandless quality kun je al vanaf 10 stuks bestellen, eventueel inclusief bedrukking. labelfree polo shirt 100% katoen excl. opdruk, 10 stuks: vanaf \u20ac 8,- per stuk excl. BTW labelfree polo shirt 100% katoen incl. opdruk, 10 stuks: vanaf \u20ac 11,- per stuk excl. BTW Bij een hogere afname hanteren [&hellip;]","og_url":"https:\/\/labelfree.nl\/de\/poloshirts\/","og_site_name":"Labelfree","article_modified_time":"2023-10-04T11:05:15+00:00","og_image":[{"width":750,"height":750,"url":"https:\/\/labelfree.nl\/wp-content\/uploads\/2017\/04\/labelfree-polo-katoen.jpg","type":"image\/jpeg"}],"twitter_card":"summary_large_image","twitter_misc":{"Gesch\u00e4tzte Lesezeit":"3\u00a0Minuten"},"schema":{"@context":"https:\/\/schema.org","@graph":[{"@type":"WebPage","@id":"https:\/\/labelfree.nl\/polo-shirts\/","url":"https:\/\/labelfree.nl\/polo-shirts\/","name":"Labelfreie Poloshirts | Etikettenfreie, markenlose Qualit\u00e4t","isPartOf":{"@id":"https:\/\/labelfree.nl\/#website"},"primaryImageOfPage":{"@id":"https:\/\/labelfree.nl\/polo-shirts\/#primaryimage"},"image":{"@id":"https:\/\/labelfree.nl\/polo-shirts\/#primaryimage"},"thumbnailUrl":"https:\/\/labelfree.nl\/wp-content\/uploads\/2023\/10\/labelfree-polo-katoen-man.jpg","datePublished":"2017-04-28T18:03:28+00:00","dateModified":"2023-10-04T11:05:15+00:00","breadcrumb":{"@id":"https:\/\/labelfree.nl\/polo-shirts\/#breadcrumb"},"inLanguage":"de","potentialAction":[{"@type":"ReadAction","target":["https:\/\/labelfree.nl\/polo-shirts\/"]}]},{"@type":"ImageObject","inLanguage":"de","@id":"https:\/\/labelfree.nl\/polo-shirts\/#primaryimage","url":"https:\/\/labelfree.nl\/wp-content\/uploads\/2023\/10\/labelfree-polo-katoen-man.jpg","contentUrl":"https:\/\/labelfree.nl\/wp-content\/uploads\/2023\/10\/labelfree-polo-katoen-man.jpg"},{"@type":"BreadcrumbList","@id":"https:\/\/labelfree.nl\/polo-shirts\/#breadcrumb","itemListElement":[{"@type":"ListItem","position":1,"name":"Home","item":"https:\/\/labelfree.nl\/"},{"@type":"ListItem","position":2,"name":"Polo shirts"}]},{"@type":"WebSite","@id":"https:\/\/labelfree.nl\/#website","url":"https:\/\/labelfree.nl\/","name":"Etikettenfrei","description":"Markenlose Qualit\u00e4t","potentialAction":[{"@type":"SearchAction","target":{"@type":"EntryPoint","urlTemplate":"https:\/\/labelfree.nl\/?s={search_term_string}"},"query-input":{"@type":"PropertyValueSpecification","valueRequired":true,"valueName":"search_term_string"}}],"inLanguage":"de"}]}},"jetpack_sharing_enabled":true,"_links":{"self":[{"href":"https:\/\/labelfree.nl\/de\/wp-json\/wp\/v2\/pages\/27","targetHints":{"allow":["GET"]}}],"collection":[{"href":"https:\/\/labelfree.nl\/de\/wp-json\/wp\/v2\/pages"}],"about":[{"href":"https:\/\/labelfree.nl\/de\/wp-json\/wp\/v2\/types\/page"}],"author":[{"embeddable":true,"href":"https:\/\/labelfree.nl\/de\/wp-json\/wp\/v2\/users\/1"}],"replies":[{"embeddable":true,"href":"https:\/\/labelfree.nl\/de\/wp-json\/wp\/v2\/comments?post=27"}],"version-history":[{"count":17,"href":"https:\/\/labelfree.nl\/de\/wp-json\/wp\/v2\/pages\/27\/revisions"}],"predecessor-version":[{"id":20928,"href":"https:\/\/labelfree.nl\/de\/wp-json\/wp\/v2\/pages\/27\/revisions\/20928"}],"wp:attachment":[{"href":"https:\/\/labelfree.nl\/de\/wp-json\/wp\/v2\/media?parent=27"}],"curies":[{"name":"wp","href":"https:\/\/api.w.org\/{rel}","templated":true}]}}