{"id":469,"date":"2017-07-17T16:08:51","date_gmt":"2017-07-17T14:08:51","guid":{"rendered":"https:\/\/labelfree.nl\/?page_id=469"},"modified":"2023-10-04T13:08:31","modified_gmt":"2023-10-04T11:08:31","slug":"softshell","status":"publish","type":"page","link":"https:\/\/labelfree.nl\/de\/softshell\/","title":{"rendered":"Softshell"},"content":{"rendered":"<div data-elementor-type=\"wp-page\" data-elementor-id=\"469\" class=\"elementor elementor-469\" data-elementor-post-type=\"page\">\n\t\t\t\t\t\t<section class=\"elementor-section elementor-top-section elementor-element elementor-element-acb2101 elementor-section-boxed elementor-section-height-default elementor-section-height-default\" data-id=\"acb2101\" data-element_type=\"section\" data-e-type=\"section\" data-settings=\"{&quot;background_background&quot;:&quot;classic&quot;}\">\n\t\t\t\t\t\t<div class=\"elementor-container elementor-column-gap-default\">\n\t\t\t\t\t<div class=\"elementor-column elementor-col-100 elementor-top-column elementor-element elementor-element-88950df\" data-id=\"88950df\" data-element_type=\"column\" data-e-type=\"column\">\n\t\t\t<div class=\"elementor-widget-wrap elementor-element-populated\">\n\t\t\t\t\t\t<div class=\"elementor-element elementor-element-e99ad1e elementor-widget elementor-widget-heading\" data-id=\"e99ad1e\" data-element_type=\"widget\" data-e-type=\"widget\" data-widget_type=\"heading.default\">\n\t\t\t\t<div class=\"elementor-widget-container\">\n\t\t\t\t\t<h1 class=\"elementor-heading-title elementor-size-default\">T-Shirts ohne Etikett.<\/h1>\t\t\t\t<\/div>\n\t\t\t\t<\/div>\n\t\t\t\t\t<\/div>\n\t\t<\/div>\n\t\t\t\t\t<\/div>\n\t\t<\/section>\n\t\t\t\t<section class=\"elementor-section elementor-top-section elementor-element elementor-element-eb0f82f elementor-section-boxed elementor-section-height-default elementor-section-height-default\" data-id=\"eb0f82f\" data-element_type=\"section\" data-e-type=\"section\">\n\t\t\t\t\t\t<div class=\"elementor-container elementor-column-gap-default\">\n\t\t\t\t\t<div class=\"elementor-column elementor-col-33 elementor-top-column elementor-element elementor-element-b8351cd\" data-id=\"b8351cd\" data-element_type=\"column\" data-e-type=\"column\">\n\t\t\t<div class=\"elementor-widget-wrap elementor-element-populated\">\n\t\t\t\t\t\t<div class=\"elementor-element elementor-element-fefec15 elementor-widget elementor-widget-image\" data-id=\"fefec15\" data-element_type=\"widget\" data-e-type=\"widget\" data-widget_type=\"image.default\">\n\t\t\t\t<div class=\"elementor-widget-container\">\n\t\t\t\t\t\t\t\t\t\t\t\t\t\t\t<img fetchpriority=\"high\" decoding=\"async\" width=\"750\" height=\"750\" src=\"https:\/\/labelfree.nl\/wp-content\/uploads\/2023\/10\/labelfree-softshell-jas.jpg\" class=\"attachment-large size-large wp-image-20878\" alt=\"\" srcset=\"https:\/\/labelfree.nl\/wp-content\/uploads\/2023\/10\/labelfree-softshell-jas.jpg 750w, https:\/\/labelfree.nl\/wp-content\/uploads\/2023\/10\/labelfree-softshell-jas-300x300.jpg 300w, https:\/\/labelfree.nl\/wp-content\/uploads\/2023\/10\/labelfree-softshell-jas-80x80.jpg 80w, https:\/\/labelfree.nl\/wp-content\/uploads\/2023\/10\/labelfree-softshell-jas-32x32.jpg 32w, https:\/\/labelfree.nl\/wp-content\/uploads\/2023\/10\/labelfree-softshell-jas-600x600.jpg 600w, https:\/\/labelfree.nl\/wp-content\/uploads\/2023\/10\/labelfree-softshell-jas-100x100.jpg 100w, https:\/\/labelfree.nl\/wp-content\/uploads\/2023\/10\/labelfree-softshell-jas-50x50.jpg 50w\" sizes=\"(max-width: 750px) 100vw, 750px\" \/>\t\t\t\t\t\t\t\t\t\t\t\t\t\t\t<\/div>\n\t\t\t\t<\/div>\n\t\t\t\t<div class=\"elementor-element elementor-element-465da60 elementor-widget elementor-widget-image\" data-id=\"465da60\" data-element_type=\"widget\" data-e-type=\"widget\" data-widget_type=\"image.default\">\n\t\t\t\t<div class=\"elementor-widget-container\">\n\t\t\t\t\t\t\t\t\t\t\t\t\t\t\t<img decoding=\"async\" width=\"750\" height=\"750\" src=\"https:\/\/labelfree.nl\/wp-content\/uploads\/2023\/10\/labelfree-softshell-tm.jpg\" class=\"attachment-large size-large wp-image-20879\" alt=\"\" srcset=\"https:\/\/labelfree.nl\/wp-content\/uploads\/2023\/10\/labelfree-softshell-tm.jpg 750w, https:\/\/labelfree.nl\/wp-content\/uploads\/2023\/10\/labelfree-softshell-tm-300x300.jpg 300w, https:\/\/labelfree.nl\/wp-content\/uploads\/2023\/10\/labelfree-softshell-tm-80x80.jpg 80w, https:\/\/labelfree.nl\/wp-content\/uploads\/2023\/10\/labelfree-softshell-tm-32x32.jpg 32w, https:\/\/labelfree.nl\/wp-content\/uploads\/2023\/10\/labelfree-softshell-tm-600x600.jpg 600w, https:\/\/labelfree.nl\/wp-content\/uploads\/2023\/10\/labelfree-softshell-tm-100x100.jpg 100w, https:\/\/labelfree.nl\/wp-content\/uploads\/2023\/10\/labelfree-softshell-tm-50x50.jpg 50w\" sizes=\"(max-width: 750px) 100vw, 750px\" \/>\t\t\t\t\t\t\t\t\t\t\t\t\t\t\t<\/div>\n\t\t\t\t<\/div>\n\t\t\t\t\t<\/div>\n\t\t<\/div>\n\t\t\t\t<div class=\"elementor-column elementor-col-66 elementor-top-column elementor-element elementor-element-0d2e676\" data-id=\"0d2e676\" data-element_type=\"column\" data-e-type=\"column\">\n\t\t\t<div class=\"elementor-widget-wrap elementor-element-populated\">\n\t\t\t\t\t\t<div class=\"elementor-element elementor-element-11a798b elementor-widget elementor-widget-heading\" data-id=\"11a798b\" data-element_type=\"widget\" data-e-type=\"widget\" data-widget_type=\"heading.default\">\n\t\t\t\t<div class=\"elementor-widget-container\">\n\t\t\t\t\t<h2 class=\"elementor-heading-title elementor-size-default\">Kosten.<\/h2>\t\t\t\t<\/div>\n\t\t\t\t<\/div>\n\t\t\t\t<div class=\"elementor-element elementor-element-96e6451 elementor-widget elementor-widget-text-editor\" data-id=\"96e6451\" data-element_type=\"widget\" data-e-type=\"widget\" data-widget_type=\"text-editor.default\">\n\t\t\t\t<div class=\"elementor-widget-container\">\n\t\t\t\t\t\t\t\t\t<p>Bei etikettenfreier Markenlos-Qualit\u00e4t k\u00f6nnen Sie ab 10 St\u00fcck bestellen, ggf. inklusive Bedruckung.<\/p><ul><li>labelfree Softshell exkl. Druck, 10 St\u00fcck: ab \u20ac 44,- pro St\u00fcck exkl. MwSt.<\/li><li>etikettenfreie Softshell inkl. Druck, 10 St\u00fcck: ab 49 \u20ac pro St\u00fcck zzgl. MwSt.<\/li><\/ul><p>Bei h\u00f6heren Bestellungen nutzen wir Staffelpreise. Sie w\u00fcnschen weitere Informationen zu Preisen, Drucken und Qualit\u00e4ten? Dann nimm\u00a0<a href=\"https:\/\/labelfree.nl\/de\/kontakt\/\"><strong>Kontakt<\/strong><\/a>\u00a0mit uns!<\/p>\t\t\t\t\t\t\t\t<\/div>\n\t\t\t\t<\/div>\n\t\t\t\t<div class=\"elementor-element elementor-element-33c3176 elementor-widget elementor-widget-heading\" data-id=\"33c3176\" data-element_type=\"widget\" data-e-type=\"widget\" data-widget_type=\"heading.default\">\n\t\t\t\t<div class=\"elementor-widget-container\">\n\t\t\t\t\t<h2 class=\"elementor-heading-title elementor-size-default\">Softshell.<\/h2>\t\t\t\t<\/div>\n\t\t\t\t<\/div>\n\t\t\t\t<div class=\"elementor-element elementor-element-34c5e72 elementor-widget elementor-widget-text-editor\" data-id=\"34c5e72\" data-element_type=\"widget\" data-e-type=\"widget\" data-widget_type=\"text-editor.default\">\n\t\t\t\t<div class=\"elementor-widget-container\">\n\t\t\t\t\t\t\t\t\t<p>Unser Softshell ist ein weicher, flexibler Stoff aus synthetischem Gewebe und besteht aus mehreren Schichten. Die Softshelljacken sind mit einer Wassers\u00e4ule von 3 bzw. 10 gut wasserabweisend.<\/p><p>F\u00fcr Softshelljacken verwenden wir einen speziellen Druck, da der Stoff von Softshell kaum haftet und der Druck dadurch einen Effekt haben kann (Schimmeleffekt). Dies h\u00e4ngt manchmal auch mit der Farbe des Drucks zusammen. Der Druck von Softshell erfolgt immer nach R\u00fccksprache, damit wir eine passende L\u00f6sung finden k\u00f6nnen.<\/p>\t\t\t\t\t\t\t\t<\/div>\n\t\t\t\t<\/div>\n\t\t\t\t\t<\/div>\n\t\t<\/div>\n\t\t\t\t\t<\/div>\n\t\t<\/section>\n\t\t\t\t<section class=\"elementor-section elementor-top-section elementor-element elementor-element-d42e218 elementor-section-boxed elementor-section-height-default elementor-section-height-default\" data-id=\"d42e218\" data-element_type=\"section\" data-e-type=\"section\">\n\t\t\t\t\t\t<div class=\"elementor-container elementor-column-gap-default\">\n\t\t\t\t\t<div class=\"elementor-column elementor-col-100 elementor-top-column elementor-element elementor-element-b7a204b\" data-id=\"b7a204b\" data-element_type=\"column\" data-e-type=\"column\">\n\t\t\t<div class=\"elementor-widget-wrap elementor-element-populated\">\n\t\t\t\t\t\t<div class=\"elementor-element elementor-element-106abce elementor-widget elementor-widget-heading\" data-id=\"106abce\" data-element_type=\"widget\" data-e-type=\"widget\" data-widget_type=\"heading.default\">\n\t\t\t\t<div class=\"elementor-widget-container\">\n\t\t\t\t\t<h2 class=\"elementor-heading-title elementor-size-default\">Etikettenfreie T-Shirt-Qualit\u00e4tstypen.<\/h2>\t\t\t\t<\/div>\n\t\t\t\t<\/div>\n\t\t\t\t\t<\/div>\n\t\t<\/div>\n\t\t\t\t\t<\/div>\n\t\t<\/section>\n\t\t\t\t<section class=\"elementor-section elementor-top-section elementor-element elementor-element-d4ea5f3 elementor-section-boxed elementor-section-height-default elementor-section-height-default\" data-id=\"d4ea5f3\" data-element_type=\"section\" data-e-type=\"section\">\n\t\t\t\t\t\t<div class=\"elementor-container elementor-column-gap-default\">\n\t\t\t\t\t<div class=\"elementor-column elementor-col-33 elementor-top-column elementor-element elementor-element-eba37fe\" data-id=\"eba37fe\" data-element_type=\"column\" data-e-type=\"column\">\n\t\t\t<div class=\"elementor-widget-wrap elementor-element-populated\">\n\t\t\t\t\t\t<div class=\"elementor-element elementor-element-7d6f768 elementor-widget elementor-widget-image\" data-id=\"7d6f768\" data-element_type=\"widget\" data-e-type=\"widget\" data-widget_type=\"image.default\">\n\t\t\t\t<div class=\"elementor-widget-container\">\n\t\t\t\t\t\t\t\t\t\t\t\t\t\t\t<img decoding=\"async\" width=\"750\" height=\"750\" src=\"https:\/\/labelfree.nl\/wp-content\/uploads\/2023\/10\/labelfree-softshell.jpg\" class=\"attachment-large size-large wp-image-20881\" alt=\"\" srcset=\"https:\/\/labelfree.nl\/wp-content\/uploads\/2023\/10\/labelfree-softshell.jpg 750w, https:\/\/labelfree.nl\/wp-content\/uploads\/2023\/10\/labelfree-softshell-300x300.jpg 300w, https:\/\/labelfree.nl\/wp-content\/uploads\/2023\/10\/labelfree-softshell-80x80.jpg 80w, https:\/\/labelfree.nl\/wp-content\/uploads\/2023\/10\/labelfree-softshell-32x32.jpg 32w, https:\/\/labelfree.nl\/wp-content\/uploads\/2023\/10\/labelfree-softshell-600x600.jpg 600w, https:\/\/labelfree.nl\/wp-content\/uploads\/2023\/10\/labelfree-softshell-100x100.jpg 100w, https:\/\/labelfree.nl\/wp-content\/uploads\/2023\/10\/labelfree-softshell-50x50.jpg 50w\" sizes=\"(max-width: 750px) 100vw, 750px\" \/>\t\t\t\t\t\t\t\t\t\t\t\t\t\t\t<\/div>\n\t\t\t\t<\/div>\n\t\t\t\t<div class=\"elementor-element elementor-element-7f1b61d elementor-widget elementor-widget-heading\" data-id=\"7f1b61d\" data-element_type=\"widget\" data-e-type=\"widget\" data-widget_type=\"heading.default\">\n\t\t\t\t<div class=\"elementor-widget-container\">\n\t\t\t\t\t<h3 class=\"elementor-heading-title elementor-size-default\">Softshell Herren.<\/h3>\t\t\t\t<\/div>\n\t\t\t\t<\/div>\n\t\t\t\t<div class=\"elementor-element elementor-element-617c0cc elementor-widget elementor-widget-text-editor\" data-id=\"617c0cc\" data-element_type=\"widget\" data-e-type=\"widget\" data-widget_type=\"text-editor.default\">\n\t\t\t\t<div class=\"elementor-widget-container\">\n\t\t\t\t\t\t\t\t\t<p>Sch\u00f6nes, schlichtes Modell mit Rei\u00dfverschlusstasche auf der rechten Brust und 2 Rei\u00dfverschlusstaschen.<\/p>\t\t\t\t\t\t\t\t<\/div>\n\t\t\t\t<\/div>\n\t\t\t\t<div class=\"elementor-element elementor-element-bb28d54 elementor-align-center elementor-widget elementor-widget-button\" data-id=\"bb28d54\" data-element_type=\"widget\" data-e-type=\"widget\" data-widget_type=\"button.default\">\n\t\t\t\t<div class=\"elementor-widget-container\">\n\t\t\t\t\t\t\t\t\t<div class=\"elementor-button-wrapper\">\n\t\t\t\t\t<a class=\"elementor-button elementor-button-link elementor-size-sm\" href=\"https:\/\/labelfree.nl\/de\/etikettenfreie-softshelljacken\/\">\n\t\t\t\t\t\t<span class=\"elementor-button-content-wrapper\">\n\t\t\t\t\t\t\t\t\t<span class=\"elementor-button-text\">Weitere Informationen<\/span>\n\t\t\t\t\t<\/span>\n\t\t\t\t\t<\/a>\n\t\t\t\t<\/div>\n\t\t\t\t\t\t\t\t<\/div>\n\t\t\t\t<\/div>\n\t\t\t\t\t<\/div>\n\t\t<\/div>\n\t\t\t\t<div class=\"elementor-column elementor-col-33 elementor-top-column elementor-element elementor-element-296fa1e\" data-id=\"296fa1e\" data-element_type=\"column\" data-e-type=\"column\">\n\t\t\t<div class=\"elementor-widget-wrap elementor-element-populated\">\n\t\t\t\t\t\t<div class=\"elementor-element elementor-element-e6688ae elementor-widget elementor-widget-image\" data-id=\"e6688ae\" data-element_type=\"widget\" data-e-type=\"widget\" data-widget_type=\"image.default\">\n\t\t\t\t<div class=\"elementor-widget-container\">\n\t\t\t\t\t\t\t\t\t\t\t\t\t\t\t<img loading=\"lazy\" decoding=\"async\" width=\"750\" height=\"750\" src=\"https:\/\/labelfree.nl\/wp-content\/uploads\/2023\/10\/labelfree-softshell-dames.jpg\" class=\"attachment-large size-large wp-image-20882\" alt=\"\" srcset=\"https:\/\/labelfree.nl\/wp-content\/uploads\/2023\/10\/labelfree-softshell-dames.jpg 750w, https:\/\/labelfree.nl\/wp-content\/uploads\/2023\/10\/labelfree-softshell-dames-300x300.jpg 300w, https:\/\/labelfree.nl\/wp-content\/uploads\/2023\/10\/labelfree-softshell-dames-80x80.jpg 80w, https:\/\/labelfree.nl\/wp-content\/uploads\/2023\/10\/labelfree-softshell-dames-32x32.jpg 32w, https:\/\/labelfree.nl\/wp-content\/uploads\/2023\/10\/labelfree-softshell-dames-600x600.jpg 600w, https:\/\/labelfree.nl\/wp-content\/uploads\/2023\/10\/labelfree-softshell-dames-100x100.jpg 100w, https:\/\/labelfree.nl\/wp-content\/uploads\/2023\/10\/labelfree-softshell-dames-50x50.jpg 50w\" sizes=\"(max-width: 750px) 100vw, 750px\" \/>\t\t\t\t\t\t\t\t\t\t\t\t\t\t\t<\/div>\n\t\t\t\t<\/div>\n\t\t\t\t<div class=\"elementor-element elementor-element-b8a292e elementor-widget elementor-widget-heading\" data-id=\"b8a292e\" data-element_type=\"widget\" data-e-type=\"widget\" data-widget_type=\"heading.default\">\n\t\t\t\t<div class=\"elementor-widget-container\">\n\t\t\t\t\t<h3 class=\"elementor-heading-title elementor-size-default\">Softshell Damen.<\/h3>\t\t\t\t<\/div>\n\t\t\t\t<\/div>\n\t\t\t\t<div class=\"elementor-element elementor-element-c9c19f2 elementor-widget elementor-widget-text-editor\" data-id=\"c9c19f2\" data-element_type=\"widget\" data-e-type=\"widget\" data-widget_type=\"text-editor.default\">\n\t\t\t\t<div class=\"elementor-widget-container\">\n\t\t\t\t\t\t\t\t\t<p>Sch\u00f6nes, schlichtes Modell mit Rei\u00dfverschlusstasche auf der rechten Brust und 2 Rei\u00dfverschlusstaschen.<\/p>\t\t\t\t\t\t\t\t<\/div>\n\t\t\t\t<\/div>\n\t\t\t\t<div class=\"elementor-element elementor-element-68ab203 elementor-align-center elementor-widget elementor-widget-button\" data-id=\"68ab203\" data-element_type=\"widget\" data-e-type=\"widget\" data-widget_type=\"button.default\">\n\t\t\t\t<div class=\"elementor-widget-container\">\n\t\t\t\t\t\t\t\t\t<div class=\"elementor-button-wrapper\">\n\t\t\t\t\t<a class=\"elementor-button elementor-button-link elementor-size-sm\" href=\"https:\/\/labelfree.nl\/de\/etikettenfreie-softshelljacken\/\">\n\t\t\t\t\t\t<span class=\"elementor-button-content-wrapper\">\n\t\t\t\t\t\t\t\t\t<span class=\"elementor-button-text\">Weitere Informationen<\/span>\n\t\t\t\t\t<\/span>\n\t\t\t\t\t<\/a>\n\t\t\t\t<\/div>\n\t\t\t\t\t\t\t\t<\/div>\n\t\t\t\t<\/div>\n\t\t\t\t\t<\/div>\n\t\t<\/div>\n\t\t\t\t<div class=\"elementor-column elementor-col-33 elementor-top-column elementor-element elementor-element-a9f8da1\" data-id=\"a9f8da1\" data-element_type=\"column\" data-e-type=\"column\">\n\t\t\t<div class=\"elementor-widget-wrap elementor-element-populated\">\n\t\t\t\t\t\t<div class=\"elementor-element elementor-element-794a897 elementor-widget elementor-widget-image\" data-id=\"794a897\" data-element_type=\"widget\" data-e-type=\"widget\" data-widget_type=\"image.default\">\n\t\t\t\t<div class=\"elementor-widget-container\">\n\t\t\t\t\t\t\t\t\t\t\t\t\t\t\t<img loading=\"lazy\" decoding=\"async\" width=\"750\" height=\"750\" src=\"https:\/\/labelfree.nl\/wp-content\/uploads\/2023\/10\/labelfree-softshell-unisex.jpg\" class=\"attachment-large size-large wp-image-20883\" alt=\"\" srcset=\"https:\/\/labelfree.nl\/wp-content\/uploads\/2023\/10\/labelfree-softshell-unisex.jpg 750w, https:\/\/labelfree.nl\/wp-content\/uploads\/2023\/10\/labelfree-softshell-unisex-300x300.jpg 300w, https:\/\/labelfree.nl\/wp-content\/uploads\/2023\/10\/labelfree-softshell-unisex-80x80.jpg 80w, https:\/\/labelfree.nl\/wp-content\/uploads\/2023\/10\/labelfree-softshell-unisex-32x32.jpg 32w, https:\/\/labelfree.nl\/wp-content\/uploads\/2023\/10\/labelfree-softshell-unisex-600x600.jpg 600w, https:\/\/labelfree.nl\/wp-content\/uploads\/2023\/10\/labelfree-softshell-unisex-100x100.jpg 100w, https:\/\/labelfree.nl\/wp-content\/uploads\/2023\/10\/labelfree-softshell-unisex-50x50.jpg 50w\" sizes=\"(max-width: 750px) 100vw, 750px\" \/>\t\t\t\t\t\t\t\t\t\t\t\t\t\t\t<\/div>\n\t\t\t\t<\/div>\n\t\t\t\t<div class=\"elementor-element elementor-element-26d785e elementor-widget elementor-widget-heading\" data-id=\"26d785e\" data-element_type=\"widget\" data-e-type=\"widget\" data-widget_type=\"heading.default\">\n\t\t\t\t<div class=\"elementor-widget-container\">\n\t\t\t\t\t<h3 class=\"elementor-heading-title elementor-size-default\">Softshell Unisex.<\/h3>\t\t\t\t<\/div>\n\t\t\t\t<\/div>\n\t\t\t\t<div class=\"elementor-element elementor-element-5ace680 elementor-widget elementor-widget-text-editor\" data-id=\"5ace680\" data-element_type=\"widget\" data-e-type=\"widget\" data-widget_type=\"text-editor.default\">\n\t\t\t\t<div class=\"elementor-widget-container\">\n\t\t\t\t\t\t\t\t\t<p>Seitentaschen, Stifttasche am \u00c4rmel und verstellbarer Klettverschluss an \u00c4rmeln und Bund.<\/p>\t\t\t\t\t\t\t\t<\/div>\n\t\t\t\t<\/div>\n\t\t\t\t<div class=\"elementor-element elementor-element-49ad546 elementor-align-center elementor-widget elementor-widget-button\" data-id=\"49ad546\" data-element_type=\"widget\" data-e-type=\"widget\" data-widget_type=\"button.default\">\n\t\t\t\t<div class=\"elementor-widget-container\">\n\t\t\t\t\t\t\t\t\t<div class=\"elementor-button-wrapper\">\n\t\t\t\t\t<a class=\"elementor-button elementor-button-link elementor-size-sm\" href=\"https:\/\/labelfree.nl\/de\/etikettenfreie-softshelljacken\/\">\n\t\t\t\t\t\t<span class=\"elementor-button-content-wrapper\">\n\t\t\t\t\t\t\t\t\t<span class=\"elementor-button-text\">Weitere Informationen<\/span>\n\t\t\t\t\t<\/span>\n\t\t\t\t\t<\/a>\n\t\t\t\t<\/div>\n\t\t\t\t\t\t\t\t<\/div>\n\t\t\t\t<\/div>\n\t\t\t\t\t<\/div>\n\t\t<\/div>\n\t\t\t\t\t<\/div>\n\t\t<\/section>\n\t\t\t\t<\/div>","protected":false},"excerpt":{"rendered":"<p>labelfree t-shirts. kosten. Bij labelfree brandless quality kun je al vanaf 10 stuks bestellen, eventueel inclusief bedrukking. labelfree softshell excl. opdruk, 10 stuks: vanaf \u20ac 44,- per stuk excl. BTW labelfree softshell incl. opdruk, 10 stuks: vanaf \u20ac 49,- per stuk excl. BTW Bij een hogere afname hanteren wij staffel prijzen. Wil je meer informatie [&hellip;]<\/p>\n","protected":false},"author":1,"featured_media":0,"parent":0,"menu_order":0,"comment_status":"closed","ping_status":"closed","template":"elementor_header_footer","meta":{"_acf_changed":false,"footnotes":""},"class_list":["post-469","page","type-page","status-publish","hentry"],"acf":[],"yoast_head":"<!-- This site is optimized with the Yoast SEO plugin v27.4 - https:\/\/yoast.com\/product\/yoast-seo-wordpress\/ -->\n<title>Labelfree Softshell | Labelfree Brandless Quality<\/title>\n<meta name=\"description\" content=\"De softshell jacks van Labelfree Brandless Quality zijn van zachte flexibele stof gemaakt in een synthetische stof en gemaakt in verschillende lagen.\" \/>\n<meta name=\"robots\" content=\"index, follow, max-snippet:-1, max-image-preview:large, max-video-preview:-1\" \/>\n<link rel=\"canonical\" href=\"https:\/\/labelfree.nl\/de\/softshell\/\" \/>\n<meta property=\"og:locale\" content=\"de_DE\" \/>\n<meta property=\"og:type\" content=\"article\" \/>\n<meta property=\"og:title\" content=\"Labelfree Softshell | Labelfree Brandless Quality\" \/>\n<meta property=\"og:description\" content=\"De softshell jacks van Labelfree Brandless Quality zijn van zachte flexibele stof gemaakt in een synthetische stof en gemaakt in verschillende lagen.\" \/>\n<meta property=\"og:url\" content=\"https:\/\/labelfree.nl\/de\/softshell\/\" \/>\n<meta property=\"og:site_name\" content=\"Labelfree\" \/>\n<meta property=\"article:modified_time\" content=\"2023-10-04T11:08:31+00:00\" \/>\n<meta property=\"og:image\" content=\"https:\/\/labelfree.nl\/wp-content\/uploads\/2017\/04\/labelfree-softshell.jpg\" \/>\n\t<meta property=\"og:image:width\" content=\"750\" \/>\n\t<meta property=\"og:image:height\" content=\"750\" \/>\n\t<meta property=\"og:image:type\" content=\"image\/jpeg\" \/>\n<meta name=\"twitter:card\" content=\"summary_large_image\" \/>\n<meta name=\"twitter:label1\" content=\"Gesch\u00e4tzte Lesezeit\" \/>\n\t<meta name=\"twitter:data1\" content=\"3\u00a0Minuten\" \/>\n<script type=\"application\/ld+json\" class=\"yoast-schema-graph\">{\"@context\":\"https:\\\/\\\/schema.org\",\"@graph\":[{\"@type\":\"WebPage\",\"@id\":\"https:\\\/\\\/labelfree.nl\\\/softshell\\\/\",\"url\":\"https:\\\/\\\/labelfree.nl\\\/softshell\\\/\",\"name\":\"Labelfree Softshell | Labelfree Brandless Quality\",\"isPartOf\":{\"@id\":\"https:\\\/\\\/labelfree.nl\\\/#website\"},\"primaryImageOfPage\":{\"@id\":\"https:\\\/\\\/labelfree.nl\\\/softshell\\\/#primaryimage\"},\"image\":{\"@id\":\"https:\\\/\\\/labelfree.nl\\\/softshell\\\/#primaryimage\"},\"thumbnailUrl\":\"https:\\\/\\\/labelfree.nl\\\/wp-content\\\/uploads\\\/2023\\\/10\\\/labelfree-softshell-jas.jpg\",\"datePublished\":\"2017-07-17T14:08:51+00:00\",\"dateModified\":\"2023-10-04T11:08:31+00:00\",\"description\":\"De softshell jacks van Labelfree Brandless Quality zijn van zachte flexibele stof gemaakt in een synthetische stof en gemaakt in verschillende lagen.\",\"breadcrumb\":{\"@id\":\"https:\\\/\\\/labelfree.nl\\\/softshell\\\/#breadcrumb\"},\"inLanguage\":\"de\",\"potentialAction\":[{\"@type\":\"ReadAction\",\"target\":[\"https:\\\/\\\/labelfree.nl\\\/softshell\\\/\"]}]},{\"@type\":\"ImageObject\",\"inLanguage\":\"de\",\"@id\":\"https:\\\/\\\/labelfree.nl\\\/softshell\\\/#primaryimage\",\"url\":\"https:\\\/\\\/labelfree.nl\\\/wp-content\\\/uploads\\\/2023\\\/10\\\/labelfree-softshell-jas.jpg\",\"contentUrl\":\"https:\\\/\\\/labelfree.nl\\\/wp-content\\\/uploads\\\/2023\\\/10\\\/labelfree-softshell-jas.jpg\"},{\"@type\":\"BreadcrumbList\",\"@id\":\"https:\\\/\\\/labelfree.nl\\\/softshell\\\/#breadcrumb\",\"itemListElement\":[{\"@type\":\"ListItem\",\"position\":1,\"name\":\"Home\",\"item\":\"https:\\\/\\\/labelfree.nl\\\/\"},{\"@type\":\"ListItem\",\"position\":2,\"name\":\"Softshell\"}]},{\"@type\":\"WebSite\",\"@id\":\"https:\\\/\\\/labelfree.nl\\\/#website\",\"url\":\"https:\\\/\\\/labelfree.nl\\\/\",\"name\":\"Labelfree\",\"description\":\"Brandless quality\",\"potentialAction\":[{\"@type\":\"SearchAction\",\"target\":{\"@type\":\"EntryPoint\",\"urlTemplate\":\"https:\\\/\\\/labelfree.nl\\\/?s={search_term_string}\"},\"query-input\":{\"@type\":\"PropertyValueSpecification\",\"valueRequired\":true,\"valueName\":\"search_term_string\"}}],\"inLanguage\":\"de\"}]}<\/script>\n<!-- \/ Yoast SEO plugin. -->","yoast_head_json":{"title":"Etikettenfreie Softshell | Etikettenfreie Markenqualit\u00e4t","description":"Die Softshelljacken von Labelfree Brandless Quality sind aus weichem, flexiblem Stoff in Synthetik-Qualit\u00e4t und mehrlagig verarbeitet.","robots":{"index":"index","follow":"follow","max-snippet":"max-snippet:-1","max-image-preview":"max-image-preview:large","max-video-preview":"max-video-preview:-1"},"canonical":"https:\/\/labelfree.nl\/de\/softshell\/","og_locale":"de_DE","og_type":"article","og_title":"Labelfree Softshell | Labelfree Brandless Quality","og_description":"De softshell jacks van Labelfree Brandless Quality zijn van zachte flexibele stof gemaakt in een synthetische stof en gemaakt in verschillende lagen.","og_url":"https:\/\/labelfree.nl\/de\/softshell\/","og_site_name":"Labelfree","article_modified_time":"2023-10-04T11:08:31+00:00","og_image":[{"width":750,"height":750,"url":"https:\/\/labelfree.nl\/wp-content\/uploads\/2017\/04\/labelfree-softshell.jpg","type":"image\/jpeg"}],"twitter_card":"summary_large_image","twitter_misc":{"Gesch\u00e4tzte Lesezeit":"3\u00a0Minuten"},"schema":{"@context":"https:\/\/schema.org","@graph":[{"@type":"WebPage","@id":"https:\/\/labelfree.nl\/softshell\/","url":"https:\/\/labelfree.nl\/softshell\/","name":"Etikettenfreie Softshell | Etikettenfreie Markenqualit\u00e4t","isPartOf":{"@id":"https:\/\/labelfree.nl\/#website"},"primaryImageOfPage":{"@id":"https:\/\/labelfree.nl\/softshell\/#primaryimage"},"image":{"@id":"https:\/\/labelfree.nl\/softshell\/#primaryimage"},"thumbnailUrl":"https:\/\/labelfree.nl\/wp-content\/uploads\/2023\/10\/labelfree-softshell-jas.jpg","datePublished":"2017-07-17T14:08:51+00:00","dateModified":"2023-10-04T11:08:31+00:00","description":"Die Softshelljacken von Labelfree Brandless Quality sind aus weichem, flexiblem Stoff in Synthetik-Qualit\u00e4t und mehrlagig verarbeitet.","breadcrumb":{"@id":"https:\/\/labelfree.nl\/softshell\/#breadcrumb"},"inLanguage":"de","potentialAction":[{"@type":"ReadAction","target":["https:\/\/labelfree.nl\/softshell\/"]}]},{"@type":"ImageObject","inLanguage":"de","@id":"https:\/\/labelfree.nl\/softshell\/#primaryimage","url":"https:\/\/labelfree.nl\/wp-content\/uploads\/2023\/10\/labelfree-softshell-jas.jpg","contentUrl":"https:\/\/labelfree.nl\/wp-content\/uploads\/2023\/10\/labelfree-softshell-jas.jpg"},{"@type":"BreadcrumbList","@id":"https:\/\/labelfree.nl\/softshell\/#breadcrumb","itemListElement":[{"@type":"ListItem","position":1,"name":"Home","item":"https:\/\/labelfree.nl\/"},{"@type":"ListItem","position":2,"name":"Softshell"}]},{"@type":"WebSite","@id":"https:\/\/labelfree.nl\/#website","url":"https:\/\/labelfree.nl\/","name":"Etikettenfrei","description":"Markenlose Qualit\u00e4t","potentialAction":[{"@type":"SearchAction","target":{"@type":"EntryPoint","urlTemplate":"https:\/\/labelfree.nl\/?s={search_term_string}"},"query-input":{"@type":"PropertyValueSpecification","valueRequired":true,"valueName":"search_term_string"}}],"inLanguage":"de"}]}},"jetpack_sharing_enabled":true,"_links":{"self":[{"href":"https:\/\/labelfree.nl\/de\/wp-json\/wp\/v2\/pages\/469","targetHints":{"allow":["GET"]}}],"collection":[{"href":"https:\/\/labelfree.nl\/de\/wp-json\/wp\/v2\/pages"}],"about":[{"href":"https:\/\/labelfree.nl\/de\/wp-json\/wp\/v2\/types\/page"}],"author":[{"embeddable":true,"href":"https:\/\/labelfree.nl\/de\/wp-json\/wp\/v2\/users\/1"}],"replies":[{"embeddable":true,"href":"https:\/\/labelfree.nl\/de\/wp-json\/wp\/v2\/comments?post=469"}],"version-history":[{"count":13,"href":"https:\/\/labelfree.nl\/de\/wp-json\/wp\/v2\/pages\/469\/revisions"}],"predecessor-version":[{"id":20931,"href":"https:\/\/labelfree.nl\/de\/wp-json\/wp\/v2\/pages\/469\/revisions\/20931"}],"wp:attachment":[{"href":"https:\/\/labelfree.nl\/de\/wp-json\/wp\/v2\/media?parent=469"}],"curies":[{"name":"wp","href":"https:\/\/api.w.org\/{rel}","templated":true}]}}