{"id":38737,"date":"2024-10-24T17:48:46","date_gmt":"2024-10-24T15:48:46","guid":{"rendered":"https:\/\/labelfree.nl\/product\/st101-classic\/"},"modified":"2026-04-26T02:03:30","modified_gmt":"2026-04-26T00:03:30","slug":"blanco-standaard-unisex-tshirt-100-biologisch-katoen-ronde-hals-bedrukken-b2b-labelfree","status":"publish","type":"product","link":"https:\/\/labelfree.nl\/de\/produkt\/st101-klassisch\/","title":{"rendered":"klassisches, unbedrucktes T-Shirt aus 100% Baumwolle (165 g\/m\u00b2)"},"content":{"rendered":"<p><span style=\"color: #333333;\">Vielseitiges Standard-T-Shirt mit klassischem Rundhalsausschnitt. Erh\u00e4ltlich in 15 Gr\u00f6\u00dfen und 33 Farben. Single-Jersey, 165 g\/m\u00b2. Ideal f\u00fcr den Gro\u00dfhandel.<\/span><\/p>\n<p><em>F\u00fcr die korrekte Farbdarstellung und den Preis klicken Sie auf die Farbe und Gr\u00f6\u00dfe und anschlie\u00dfend erneut auf die Lupe.<\/em><\/p>\n<p>&nbsp;<\/p>\n<h3><span style=\"color: #5a7699;\"><strong><b>Unisex-Standard-Baumwoll-T-Shirt<\/b><\/strong><\/span><\/h3>\n<p><span style=\"color: #333333;\"><strong><b>100% Bio-Baumwolle. Single-Jersey, 165 g\/m\u00b2<\/b><\/strong><\/span><\/p>\n<p><img decoding=\"async\" class=\"alignnone size-full wp-image-61156\" src=\"https:\/\/labelfree.nl\/wp-content\/uploads\/2024\/10\/oeko-9.jpg\" alt=\"\" width=\"145\" height=\"75\" srcset=\"https:\/\/labelfree.nl\/wp-content\/uploads\/2024\/10\/oeko-9.jpg 145w, https:\/\/labelfree.nl\/wp-content\/uploads\/2024\/10\/oeko-9-18x9.jpg 18w\" sizes=\"(max-width: 145px) 100vw, 145px\" \/><\/p>\n<p><span style=\"color: #333333;\"><strong><b>\u00a0<\/b><\/strong><\/span>Qualit\u00e4t: 100% Bio-Baumwolle, gek\u00e4mmt und enzymgewaschen<\/p>\n<ul>\n<li><span style=\"color: #333333;\">Anthrazit: 60% Bio-Baumwolle und 40% Polyester<\/span><\/li>\n<li><span style=\"color: #333333;\">Als: 99% Bio-Baumwolle und 1% Viskose<\/span><\/li>\n<li><span style=\"color: #333333;\">Oxford Grey: 851 TP3T Bio-Baumwolle und 151 TP3T Viskose<\/span><\/li>\n<li><span style=\"color: #333333;\">Heather Black: 80% Bio-Baumwolle und 20% Polyester<\/span><\/li>\n<li><span style=\"color: #333333;\">Gewicht: 165 g\/m\u00b2<\/span><\/li>\n<li><span style=\"color: #333333;\">Single-Jersey<\/span><\/li>\n<li><span style=\"color: #333333;\">Erh\u00e4ltlich in 33 Farben<\/span><\/li>\n<li><span style=\"color: #333333;\">Erh\u00e4ltlich von Kindergr\u00f6\u00dfe 1 Jahr bis 6XL<\/span><\/li>\n<li>Geeignet f\u00fcr Siebdruck, Transferdruck, DTG-Druck und Stickerei<\/li>\n<li><span style=\"color: #333333;\">Markenlos, kleines Gr\u00f6\u00dfenetikett im Halsausschnitt<\/span><\/li>\n<li><span style=\"color: #333333;\">Karton: 50 St\u00fcck. Verpackung: 10 St\u00fcck. Auch einzeln erh\u00e4ltlich.<\/span><\/li>\n<\/ul>\n<p>&nbsp;<\/p>\n<h4><span style=\"color: #5a7699;\"><strong><b>Klassisches Baumwoll-T-Shirt \u2013 vielseitig und strapazierf\u00e4hig<\/b><\/strong><\/span><\/h4>\n<p><span style=\"color: #333333;\">Unser klassisches T-Shirt eignet sich f\u00fcr Damen und Herren und ist auch in Kindergr\u00f6\u00dfen erh\u00e4ltlich. Es ist ein vielseitiges Shirt mit klassischem Rundhalsausschnitt. <\/span><span style=\"color: #333333;\">Der Halsausschnitt ist mit einem 1x1-Rippstrick aus Elastan und Doppeln\u00e4hten versehen, was f\u00fcr eine elegante Optik und Langlebigkeit sorgt. Sowohl die \u00c4rmel als auch der Saum des Shirts sind mit 7 mm starken Doppeln\u00e4hten eingefasst, die f\u00fcr Stabilit\u00e4t und Formbest\u00e4ndigkeit sorgen.\u00a0<\/span>Das T-Shirt ist rundgestrickt. Kindergr\u00f6\u00dfen haben Seitenn\u00e4hte.<\/p>\n<p>Es ist in 15 Gr\u00f6\u00dfen und in nicht weniger als 33 Farben erh\u00e4ltlich.\u00a0<b><\/b>Das Hemd hat eine seidige Textur, die sich angenehm auf der Haut anf\u00fchlt. Es trocknet schnell. Das Material ist weich, bequem, flexibel, strapazierf\u00e4hig, waschbar, farbecht, l\u00e4uft kaum ein und hat eine glatte, gleichm\u00e4\u00dfige Oberfl\u00e4che. Die Farbvarianten entstehen durch die Kombination verschiedener Materialien, wie zum Beispiel Baumwoll-Polyester- und Baumwoll-Viskose-Mischungen.<\/p>\n<p><span style=\"color: #333333;\">Qualit\u00e4t: 100% Bio-Baumwolle, Single-Jersey 165 g\/m\u00b2. Hergestellt aus 100% Bio-Baumwolle, gek\u00e4mmt und enzymgewaschen. <\/span>Unsere Baumwolle wird ohne sch\u00e4dliche Chemikalien und unter verantwortungsvollen Bedingungen hergestellt.\u00a0<span style=\"color: #333333;\">Das T-Shirt besteht aus einer unserer beliebtesten Baumwollarten, 165 g\/m\u00b2 Single-Jersey. Wir verwenden dieses Material f\u00fcr die meisten unserer T-Shirts.<\/span><\/p>\n<h4><span style=\"color: #5a7699;\"><strong><b>Druck-, Stick- und Beschriftungsm\u00f6glichkeiten<\/b><\/strong><\/span><\/h4>\n<p>Unser gesamtes Sortiment an Essentials eignet sich f\u00fcr B2B, Merchandising und Private Label. <span style=\"color: #333333;\">M\u00f6chten Sie unbedruckte Kleidung bestellen, mit Ihrem eigenen Design bedrucken lassen oder ben\u00f6tigen Sie selbst aufzubringende Drucke? Bei Labelfree steht Ihnen unser Team bei jedem Schritt zur Seite.<\/span><\/p>\n<p><span style=\"color: #333333;\">Labelfree bietet eine Vielzahl professioneller Druckoptionen, darunter Transferdruck, DTF-Druck, Siebdruck und Stickerei. Sie k\u00f6nnen beispielsweise auch Ihre eigenen Nackenaufdrucke und Etiketten auf den \u00c4rmel drucken lassen.<\/span><\/p>\n<p><span style=\"color: #333333;\">Ben\u00f6tigen Sie Hilfe bei Ihrem eigenen Design? Unsere Grafikdesigner unterst\u00fctzen Sie gerne. So stellen wir sicher, dass das Endprodukt perfekt auf Ihre Bed\u00fcrfnisse zugeschnitten ist. Sie erhalten immer zun\u00e4chst ein kostenloses, visuelles Angebot. Kontaktieren Sie uns, um die M\u00f6glichkeiten zur Erstellung Ihrer eigenen Kollektion zu erkunden.<\/span><\/p>\n<p>&nbsp;<\/p>\n<p>Gr\u00f6\u00dfentabelle<\/p>\n<p><img decoding=\"async\" class=\"alignnone wp-image-57095\" src=\"https:\/\/labelfree.nl\/wp-content\/uploads\/2024\/10\/000101_Classic-300x28.png\" alt=\"\" width=\"632\" height=\"59\" srcset=\"https:\/\/labelfree.nl\/wp-content\/uploads\/2024\/10\/000101_Classic-300x28.png 300w, https:\/\/labelfree.nl\/wp-content\/uploads\/2024\/10\/000101_Classic-1030x95.png 1030w, https:\/\/labelfree.nl\/wp-content\/uploads\/2024\/10\/000101_Classic-768x71.png 768w, https:\/\/labelfree.nl\/wp-content\/uploads\/2024\/10\/000101_Classic-1536x142.png 1536w, https:\/\/labelfree.nl\/wp-content\/uploads\/2024\/10\/000101_Classic-18x2.png 18w, https:\/\/labelfree.nl\/wp-content\/uploads\/2024\/10\/000101_Classic-600x55.png 600w, https:\/\/labelfree.nl\/wp-content\/uploads\/2024\/10\/000101_Classic-scaled.png 1920w\" sizes=\"(max-width: 632px) 100vw, 632px\" \/><\/p>\n<p>Pflegeanleitung<\/p>\n<p><img decoding=\"async\" class=\"alignnone wp-image-55424\" src=\"https:\/\/labelfree.nl\/wp-content\/uploads\/2024\/10\/wasvoorschriften.jpg\" alt=\"\" width=\"166\" height=\"25\" srcset=\"https:\/\/labelfree.nl\/wp-content\/uploads\/2024\/10\/wasvoorschriften.jpg 299w, https:\/\/labelfree.nl\/wp-content\/uploads\/2024\/10\/wasvoorschriften-18x3.jpg 18w\" sizes=\"(max-width: 166px) 100vw, 166px\" \/><\/p>","protected":false},"excerpt":{"rendered":"<p>Veelzijdig standaard t-shirt met klassieke ronde hals. Verkrijgbaar in 15 maten en in 33 kleuren. Single jersey, 165 g\/m\u00b2. Zeer geschikt voor groothandel. voor de juiste kleurweergave en prijs klikt u op de kleur en maat en nogmaals op het vergrootglas &nbsp; unisex standaard katoenen t-shirt 100% Biologisch katoen. Single jersey, 165 g\/m\u00b2 \u00a0Kwaliteit: 100% [&hellip;]<\/p>\n","protected":false},"featured_media":53422,"template":"","meta":{"_acf_changed":false},"product_brand":[],"product_cat":[19,46],"product_tag":[],"class_list":{"0":"post-38737","1":"product","2":"type-product","3":"status-publish","4":"has-post-thumbnail","6":"product_cat-t-shirts","7":"product_cat-t-shirts-crew-neck","8":"pa_size-1-jaar","9":"pa_size-1-year","10":"pa_size-12-14-jaar","11":"pa_size-2-jaar","12":"pa_size-2-years","13":"pa_size-2xl","14":"pa_size-3-jaar","15":"pa_size-3-years","16":"pa_size-3xl","17":"pa_size-4-6-jaar","18":"pa_size-4xl","19":"pa_size-5xl","20":"pa_size-6xl","21":"pa_size-8-10-jaar","22":"pa_size-l","23":"pa_size-m","24":"pa_size-s","25":"pa_size-xl","26":"pa_size-xs","27":"pa_size-xxl","29":"first","30":"instock","31":"taxable","32":"shipping-taxable","33":"purchasable","34":"product-type-variable"},"acf":[],"yoast_head":"<!-- This site is optimized with the Yoast SEO plugin v27.4 - https:\/\/yoast.com\/product\/yoast-seo-wordpress\/ -->\n<title>blanco klassiek t-shirt 100% katoen 165 g\/m\u00b2 - Labelfree<\/title>\n<meta name=\"description\" content=\"Standaard unisex t-shirt. Kwaliteit 100% biologisch katoen 165 g\/m\u00b2. 33 Kleuren en alle maten. Geschikt voor B2B. Bedrukken en ontwerphulp bij ons mogelijk\" \/>\n<meta name=\"robots\" content=\"index, follow, max-snippet:-1, max-image-preview:large, max-video-preview:-1\" \/>\n<link rel=\"canonical\" href=\"https:\/\/labelfree.nl\/de\/produkt\/st101-klassisch\/\" \/>\n<meta property=\"og:locale\" content=\"de_DE\" \/>\n<meta property=\"og:type\" content=\"article\" \/>\n<meta property=\"og:title\" content=\"blanco klassiek t-shirt 100% katoen 165 g\/m\u00b2 - Labelfree\" \/>\n<meta property=\"og:description\" content=\"Standaard unisex t-shirt. Kwaliteit 100% biologisch katoen 165 g\/m\u00b2. 33 Kleuren en alle maten. Geschikt voor B2B. Bedrukken en ontwerphulp bij ons mogelijk\" \/>\n<meta property=\"og:url\" content=\"https:\/\/labelfree.nl\/de\/produkt\/st101-klassisch\/\" \/>\n<meta property=\"og:site_name\" content=\"Labelfree\" \/>\n<meta property=\"article:modified_time\" content=\"2026-04-26T00:03:30+00:00\" \/>\n<meta property=\"og:image\" content=\"https:\/\/labelfree.nl\/wp-content\/uploads\/2024\/10\/000101_Classic_01c-1.jpg\" \/>\n\t<meta property=\"og:image:width\" content=\"1279\" \/>\n\t<meta property=\"og:image:height\" content=\"1920\" \/>\n\t<meta property=\"og:image:type\" content=\"image\/jpeg\" \/>\n<meta name=\"twitter:card\" content=\"summary_large_image\" \/>\n<meta name=\"twitter:label1\" content=\"Gesch\u00e4tzte Lesezeit\" \/>\n\t<meta name=\"twitter:data1\" content=\"4\u00a0Minuten\" \/>\n<script type=\"application\/ld+json\" class=\"yoast-schema-graph\">{\"@context\":\"https:\\\/\\\/schema.org\",\"@graph\":[{\"@type\":\"WebPage\",\"@id\":\"https:\\\/\\\/labelfree.nl\\\/product\\\/blanco-standaard-unisex-tshirt-100-biologisch-katoen-ronde-hals-bedrukken-b2b-labelfree\\\/\",\"url\":\"https:\\\/\\\/labelfree.nl\\\/product\\\/blanco-standaard-unisex-tshirt-100-biologisch-katoen-ronde-hals-bedrukken-b2b-labelfree\\\/\",\"name\":\"blanco klassiek t-shirt 100% katoen 165 g\\\/m\u00b2 - Labelfree\",\"isPartOf\":{\"@id\":\"https:\\\/\\\/labelfree.nl\\\/#website\"},\"primaryImageOfPage\":{\"@id\":\"https:\\\/\\\/labelfree.nl\\\/product\\\/blanco-standaard-unisex-tshirt-100-biologisch-katoen-ronde-hals-bedrukken-b2b-labelfree\\\/#primaryimage\"},\"image\":{\"@id\":\"https:\\\/\\\/labelfree.nl\\\/product\\\/blanco-standaard-unisex-tshirt-100-biologisch-katoen-ronde-hals-bedrukken-b2b-labelfree\\\/#primaryimage\"},\"thumbnailUrl\":\"https:\\\/\\\/labelfree.nl\\\/wp-content\\\/uploads\\\/2024\\\/10\\\/000101_Classic_01c-1.jpg\",\"datePublished\":\"2024-10-24T15:48:46+00:00\",\"dateModified\":\"2026-04-26T00:03:30+00:00\",\"description\":\"Standaard unisex t-shirt. Kwaliteit 100% biologisch katoen 165 g\\\/m\u00b2. 33 Kleuren en alle maten. Geschikt voor B2B. Bedrukken en ontwerphulp bij ons mogelijk\",\"breadcrumb\":{\"@id\":\"https:\\\/\\\/labelfree.nl\\\/product\\\/blanco-standaard-unisex-tshirt-100-biologisch-katoen-ronde-hals-bedrukken-b2b-labelfree\\\/#breadcrumb\"},\"inLanguage\":\"de\",\"potentialAction\":[{\"@type\":\"ReadAction\",\"target\":[\"https:\\\/\\\/labelfree.nl\\\/product\\\/blanco-standaard-unisex-tshirt-100-biologisch-katoen-ronde-hals-bedrukken-b2b-labelfree\\\/\"]}]},{\"@type\":\"ImageObject\",\"inLanguage\":\"de\",\"@id\":\"https:\\\/\\\/labelfree.nl\\\/product\\\/blanco-standaard-unisex-tshirt-100-biologisch-katoen-ronde-hals-bedrukken-b2b-labelfree\\\/#primaryimage\",\"url\":\"https:\\\/\\\/labelfree.nl\\\/wp-content\\\/uploads\\\/2024\\\/10\\\/000101_Classic_01c-1.jpg\",\"contentUrl\":\"https:\\\/\\\/labelfree.nl\\\/wp-content\\\/uploads\\\/2024\\\/10\\\/000101_Classic_01c-1.jpg\",\"width\":1279,\"height\":1920},{\"@type\":\"BreadcrumbList\",\"@id\":\"https:\\\/\\\/labelfree.nl\\\/product\\\/blanco-standaard-unisex-tshirt-100-biologisch-katoen-ronde-hals-bedrukken-b2b-labelfree\\\/#breadcrumb\",\"itemListElement\":[{\"@type\":\"ListItem\",\"position\":1,\"name\":\"Home\",\"item\":\"https:\\\/\\\/labelfree.nl\\\/\"},{\"@type\":\"ListItem\",\"position\":2,\"name\":\"Webshop\",\"item\":\"https:\\\/\\\/labelfree.nl\\\/webshop\\\/\"},{\"@type\":\"ListItem\",\"position\":3,\"name\":\"blanco klassiek t-shirt 100% katoen 165 g\\\/m\u00b2\"}]},{\"@type\":\"WebSite\",\"@id\":\"https:\\\/\\\/labelfree.nl\\\/#website\",\"url\":\"https:\\\/\\\/labelfree.nl\\\/\",\"name\":\"Labelfree\",\"description\":\"Brandless quality\",\"potentialAction\":[{\"@type\":\"SearchAction\",\"target\":{\"@type\":\"EntryPoint\",\"urlTemplate\":\"https:\\\/\\\/labelfree.nl\\\/?s={search_term_string}\"},\"query-input\":{\"@type\":\"PropertyValueSpecification\",\"valueRequired\":true,\"valueName\":\"search_term_string\"}}],\"inLanguage\":\"de\"}]}<\/script>\n<!-- \/ Yoast SEO plugin. -->","yoast_head_json":{"title":"Blanko-T-Shirt im klassischen Stil, 100% Baumwolle, 165 g\/m\u00b2 - Labelfree","description":"Klassisches Unisex-T-Shirt. Hochwertige Bio-Baumwolle (100%, 165 g\/m\u00b2). Erh\u00e4ltlich in 33 Farben und allen Gr\u00f6\u00dfen. Geeignet f\u00fcr Gesch\u00e4ftskunden. Druck- und Designunterst\u00fctzung \u00fcber uns.","robots":{"index":"index","follow":"follow","max-snippet":"max-snippet:-1","max-image-preview":"max-image-preview:large","max-video-preview":"max-video-preview:-1"},"canonical":"https:\/\/labelfree.nl\/de\/produkt\/st101-klassisch\/","og_locale":"de_DE","og_type":"article","og_title":"blanco klassiek t-shirt 100% katoen 165 g\/m\u00b2 - Labelfree","og_description":"Standaard unisex t-shirt. Kwaliteit 100% biologisch katoen 165 g\/m\u00b2. 33 Kleuren en alle maten. Geschikt voor B2B. Bedrukken en ontwerphulp bij ons mogelijk","og_url":"https:\/\/labelfree.nl\/de\/produkt\/st101-klassisch\/","og_site_name":"Labelfree","article_modified_time":"2026-04-26T00:03:30+00:00","og_image":[{"width":1279,"height":1920,"url":"https:\/\/labelfree.nl\/wp-content\/uploads\/2024\/10\/000101_Classic_01c-1.jpg","type":"image\/jpeg"}],"twitter_card":"summary_large_image","twitter_misc":{"Gesch\u00e4tzte Lesezeit":"4\u00a0Minuten"},"schema":{"@context":"https:\/\/schema.org","@graph":[{"@type":"WebPage","@id":"https:\/\/labelfree.nl\/product\/blanco-standaard-unisex-tshirt-100-biologisch-katoen-ronde-hals-bedrukken-b2b-labelfree\/","url":"https:\/\/labelfree.nl\/product\/blanco-standaard-unisex-tshirt-100-biologisch-katoen-ronde-hals-bedrukken-b2b-labelfree\/","name":"Blanko-T-Shirt im klassischen Stil, 100% Baumwolle, 165 g\/m\u00b2 - Labelfree","isPartOf":{"@id":"https:\/\/labelfree.nl\/#website"},"primaryImageOfPage":{"@id":"https:\/\/labelfree.nl\/product\/blanco-standaard-unisex-tshirt-100-biologisch-katoen-ronde-hals-bedrukken-b2b-labelfree\/#primaryimage"},"image":{"@id":"https:\/\/labelfree.nl\/product\/blanco-standaard-unisex-tshirt-100-biologisch-katoen-ronde-hals-bedrukken-b2b-labelfree\/#primaryimage"},"thumbnailUrl":"https:\/\/labelfree.nl\/wp-content\/uploads\/2024\/10\/000101_Classic_01c-1.jpg","datePublished":"2024-10-24T15:48:46+00:00","dateModified":"2026-04-26T00:03:30+00:00","description":"Klassisches Unisex-T-Shirt. Hochwertige Bio-Baumwolle (100%, 165 g\/m\u00b2). Erh\u00e4ltlich in 33 Farben und allen Gr\u00f6\u00dfen. Geeignet f\u00fcr Gesch\u00e4ftskunden. Druck- und Designunterst\u00fctzung \u00fcber uns.","breadcrumb":{"@id":"https:\/\/labelfree.nl\/product\/blanco-standaard-unisex-tshirt-100-biologisch-katoen-ronde-hals-bedrukken-b2b-labelfree\/#breadcrumb"},"inLanguage":"de","potentialAction":[{"@type":"ReadAction","target":["https:\/\/labelfree.nl\/product\/blanco-standaard-unisex-tshirt-100-biologisch-katoen-ronde-hals-bedrukken-b2b-labelfree\/"]}]},{"@type":"ImageObject","inLanguage":"de","@id":"https:\/\/labelfree.nl\/product\/blanco-standaard-unisex-tshirt-100-biologisch-katoen-ronde-hals-bedrukken-b2b-labelfree\/#primaryimage","url":"https:\/\/labelfree.nl\/wp-content\/uploads\/2024\/10\/000101_Classic_01c-1.jpg","contentUrl":"https:\/\/labelfree.nl\/wp-content\/uploads\/2024\/10\/000101_Classic_01c-1.jpg","width":1279,"height":1920},{"@type":"BreadcrumbList","@id":"https:\/\/labelfree.nl\/product\/blanco-standaard-unisex-tshirt-100-biologisch-katoen-ronde-hals-bedrukken-b2b-labelfree\/#breadcrumb","itemListElement":[{"@type":"ListItem","position":1,"name":"Home","item":"https:\/\/labelfree.nl\/"},{"@type":"ListItem","position":2,"name":"Webshop","item":"https:\/\/labelfree.nl\/webshop\/"},{"@type":"ListItem","position":3,"name":"blanco klassiek t-shirt 100% katoen 165 g\/m\u00b2"}]},{"@type":"WebSite","@id":"https:\/\/labelfree.nl\/#website","url":"https:\/\/labelfree.nl\/","name":"Etikettenfrei","description":"Markenlose Qualit\u00e4t","potentialAction":[{"@type":"SearchAction","target":{"@type":"EntryPoint","urlTemplate":"https:\/\/labelfree.nl\/?s={search_term_string}"},"query-input":{"@type":"PropertyValueSpecification","valueRequired":true,"valueName":"search_term_string"}}],"inLanguage":"de"}]}},"jetpack_sharing_enabled":true,"_links":{"self":[{"href":"https:\/\/labelfree.nl\/de\/wp-json\/wp\/v2\/product\/38737","targetHints":{"allow":["GET"]}}],"collection":[{"href":"https:\/\/labelfree.nl\/de\/wp-json\/wp\/v2\/product"}],"about":[{"href":"https:\/\/labelfree.nl\/de\/wp-json\/wp\/v2\/types\/product"}],"wp:featuredmedia":[{"embeddable":true,"href":"https:\/\/labelfree.nl\/de\/wp-json\/wp\/v2\/media\/53422"}],"wp:attachment":[{"href":"https:\/\/labelfree.nl\/de\/wp-json\/wp\/v2\/media?parent=38737"}],"wp:term":[{"taxonomy":"product_brand","embeddable":true,"href":"https:\/\/labelfree.nl\/de\/wp-json\/wp\/v2\/product_brand?post=38737"},{"taxonomy":"product_cat","embeddable":true,"href":"https:\/\/labelfree.nl\/de\/wp-json\/wp\/v2\/product_cat?post=38737"},{"taxonomy":"product_tag","embeddable":true,"href":"https:\/\/labelfree.nl\/de\/wp-json\/wp\/v2\/product_tag?post=38737"}],"curies":[{"name":"wp","href":"https:\/\/api.w.org\/{rel}","templated":true}]}}