{"id":40097,"date":"2024-10-24T18:03:47","date_gmt":"2024-10-24T16:03:47","guid":{"rendered":"https:\/\/labelfree.nl\/product\/st405-uni-style-ls\/"},"modified":"2026-05-11T02:49:18","modified_gmt":"2026-05-11T00:49:18","slug":"st405-uni-style-ls","status":"publish","type":"product","link":"https:\/\/labelfree.nl\/de\/produkt\/st405-uni-style-ls\/","title":{"rendered":"T-Shirt Uni Style LM"},"content":{"rendered":"<h6><span style=\"color: #333333;\">Unisex-Langarmshirt. Interlock-Jersey, 200 g\/m\u00b2. Hohe Qualit\u00e4t. Bequeme Passform.<em><strong>.<\/strong><\/em><\/span><\/h6>\n<h3><span style=\"color: #5a7699;\"><strong>Uni Style LM T-Shirt<\/strong><\/span><\/h3>\n<p><img decoding=\"async\" src=\"https:\/\/www.stormtextil.dk\/sites\/default\/files\/inline-images\/OTS100_label_19.HBD__1.jpg\" alt=\"\u00d6ko-Tex-zertifiziert\" \/><\/p>\n<p><strong>100% Bio-Baumwolle, Interlock<\/strong><\/p>\n<ul>\n<li>Material: 100% Bio-Baumwolle (gek\u00e4mmt), enzymgewaschen<\/li>\n<li>Gewicht: 200 g\/m\u00b2<\/li>\n<li>Jersey, Interlock (Doppelstrick)<\/li>\n<li>Atmungsaktive Eigenschaften und strapazierf\u00e4hig<\/li>\n<li>Lang\u00e4rmlig<\/li>\n<li>Erh\u00e4ltlich in 6 Farben<\/li>\n<li>Erh\u00e4ltlich in den Kindergr\u00f6\u00dfen 1 Jahr bis 3XL<\/li>\n<li>Kleines Gr\u00f6\u00dfenetikett im Halsausschnitt<\/li>\n<li>Karton: 50 St\u00fcck. Verpackung: 10 St\u00fcck. Einzeln bestellen.<\/li>\n<\/ul>\n<p><strong>\u00a0<\/strong><\/p>\n<h4><span style=\"color: #5a7699;\"><strong>Lang\u00e4rmeliges Uni-T-Shirt \u2013 zeitlos und strapazierf\u00e4hig<\/strong><\/span><\/h4>\n<p>Das lang\u00e4rmelige Uni-T-Shirt ist in Kindergr\u00f6\u00dfen und gr\u00f6\u00dfer erh\u00e4ltlich. Es hat lange \u00c4rmel, einen Rundhalsausschnitt und einen schmalen Rippstrickbund. Doppelte N\u00e4hte und Seitenn\u00e4hte sorgen f\u00fcr zus\u00e4tzliche Strapazierf\u00e4higkeit. Der Halsausschnitt ist mit einem dezenten, klassischen Kragen versehen.<\/p>\n<p>Unser Uni-T-Shirt LM besteht aus 100% gek\u00e4mmter und enzymgewaschener Baumwolle und ist dadurch besonders weich und strapazierf\u00e4hig. Der Jersey-Interlock-Stoff ist etwas schwerer, f\u00fchlt sich aber dennoch weich an, f\u00e4llt flie\u00dfend und hat eine wunderbar glatte Oberfl\u00e4che. Dieses luxuri\u00f6se T-Shirt in schwerer Qualit\u00e4t hat eine schmale Passform und lange \u00c4rmel \u2013 perfekt f\u00fcr einen stilvollen Look.<\/p>\n<h4><span style=\"color: #5a7699;\"><strong>Materialangaben<\/strong><\/span><\/h4>\n<p>Das T-Shirt besteht aus 200 g\/m\u00b2 Interlock-Jersey. Interlock ist ein doppelt gestrickter Single-Jersey-Stoff. Beide Seiten des Stoffes sind in Leinwandbindung gestrickt, d. h. sie sind auf beiden Seiten identisch. Dies sorgt f\u00fcr zus\u00e4tzliche Festigkeit. Interlock ist etwas schwerer als Single-Jersey, aber die beiden Stoffseiten sind identisch und die Oberfl\u00e4che zeichnet sich durch eine dichte Struktur aus.<\/p>\n<p>Eine der herausragenden Eigenschaften von Interlock-Gewebe ist seine Formstabilit\u00e4t, die auch nach mehrmaligem Waschen erhalten bleibt. Dank seiner Atmungsaktivit\u00e4t ist Jersey-Interlock-Gewebe eine komfortable und luftige Option. Mit einem Gewicht von 200 g\/m\u00b2 bietet der Jersey ein robustes und hochwertiges Tragegef\u00fchl und ist gleichzeitig leicht genug f\u00fcr angenehmen Tragekomfort.<\/p>\n<h4><span style=\"color: #5a7699;\"><strong>Druck-, Stick- und Beschriftungsm\u00f6glichkeiten<\/strong><\/span><\/h4>\n<p>M\u00f6chten Sie unbedruckte Kleidung bestellen, mit Ihrem eigenen Design bedrucken lassen oder ben\u00f6tigen Sie selbst aufzubringende Drucke? Bei Labelfree steht Ihnen unser Team bei jedem Schritt zur Seite.<\/p>\n<p>Labelfree bietet verschiedene Druckm\u00f6glichkeiten, darunter Transferdruck, DTF, Siebdruck und Stickerei. Auch eigene Nackendrucke und Etiketten, beispielsweise auf den \u00c4rmel, sind m\u00f6glich.<\/p>\n<p>Ben\u00f6tigen Sie Hilfe bei Ihrem eigenen Design? Unsere Grafikdesigner unterst\u00fctzen Sie gerne. So stellen wir sicher, dass das Endprodukt perfekt auf Ihre Bed\u00fcrfnisse zugeschnitten ist. Sie erhalten immer zun\u00e4chst ein kostenloses, visuelles Angebot. Kontaktieren Sie uns, um die M\u00f6glichkeiten zur Erstellung Ihrer eigenen Kollektion zu erkunden.<\/p>\n<p>&nbsp;<\/p>\n<p>Gr\u00f6\u00dfentabelle<\/p>\n<p><strong> <img decoding=\"async\" class=\"\" src=\"https:\/\/www.stormtextil.dk\/sites\/default\/files\/product-image\/size-charts\/ST405_Uni_Style_LS.png\" alt=\"Gr\u00f6\u00dfentabelle ST405\" width=\"644\" height=\"74\" \/><\/strong><\/p>\n<p>&nbsp;<\/p>\n<p>Pflegeanleitung<\/p>\n<p><img decoding=\"async\" class=\"\" src=\"https:\/\/www.stormtextil.dk\/sites\/default\/files\/2018-04\/Storm_washing_instructions_40_24.gif\" width=\"166\" height=\"25\" \/><\/p>\n<p>&nbsp;<\/p>\n<p>&nbsp;<\/p>","protected":false},"excerpt":{"rendered":"<p>T-shirt unisex lange mouw. Interlock jersey, 200 g\/m\u00b2. Hoogwaardige kwaliteit. Comfortabele snit. t-shirt uni style LM 100% Biologisch katoen, interlock Materiaal: 100% biologisch gekamd katoen, enzymgewassen Gewicht: 200 g\/m\u00b2 Jersey, Interlock (dubbelgebreid) Ademende eigenschappen en duurzaam Long sleeves (lange mouwen) Verkrijgbaar in 6 kleuren Verkrijgbaar vanaf kindermaat 1 jaar tot 3XL Klein maatlabel in de [&hellip;]<\/p>\n","protected":false},"featured_media":53554,"template":"","meta":{"_acf_changed":false},"product_brand":[],"product_cat":[19],"product_tag":[],"class_list":{"0":"post-40097","1":"product","2":"type-product","3":"status-publish","4":"has-post-thumbnail","6":"product_cat-t-shirts","7":"pa_size-1-jaar","8":"pa_size-12-14-jaar","9":"pa_size-2-jaar","10":"pa_size-2-years","11":"pa_size-2xl","12":"pa_size-3xl","13":"pa_size-4-6-jaar","14":"pa_size-8-10-jaar","15":"pa_size-l","16":"pa_size-m","17":"pa_size-s","18":"pa_size-xl","19":"pa_size-xs","20":"pa_size-xxl","22":"first","23":"instock","24":"taxable","25":"shipping-taxable","26":"purchasable","27":"product-type-variable"},"acf":[],"yoast_head":"<!-- This site is optimized with the Yoast SEO plugin v27.5 - https:\/\/yoast.com\/product\/yoast-seo-wordpress\/ -->\n<title>T-shirt Uni Style LM - Labelfree<\/title>\n<meta name=\"robots\" content=\"index, follow, max-snippet:-1, max-image-preview:large, max-video-preview:-1\" \/>\n<link rel=\"canonical\" href=\"https:\/\/labelfree.nl\/de\/produkt\/st405-uni-style-ls\/\" \/>\n<meta property=\"og:locale\" content=\"de_DE\" \/>\n<meta property=\"og:type\" content=\"article\" \/>\n<meta property=\"og:title\" content=\"T-shirt Uni Style LM - Labelfree\" \/>\n<meta property=\"og:description\" content=\"T-shirt unisex lange mouw. Interlock jersey, 200 g\/m\u00b2. Hoogwaardige kwaliteit. Comfortabele snit. t-shirt uni style LM 100% Biologisch katoen, interlock Materiaal: 100% biologisch gekamd katoen, enzymgewassen Gewicht: 200 g\/m\u00b2 Jersey, Interlock (dubbelgebreid) Ademende eigenschappen en duurzaam Long sleeves (lange mouwen) Verkrijgbaar in 6 kleuren Verkrijgbaar vanaf kindermaat 1 jaar tot 3XL Klein maatlabel in de [&hellip;]\" \/>\n<meta property=\"og:url\" content=\"https:\/\/labelfree.nl\/de\/produkt\/st405-uni-style-ls\/\" \/>\n<meta property=\"og:site_name\" content=\"Labelfree\" \/>\n<meta property=\"article:modified_time\" content=\"2026-05-11T00:49:18+00:00\" \/>\n<meta property=\"og:image\" content=\"https:\/\/labelfree.nl\/wp-content\/uploads\/2024\/10\/000405_Uni_Style_LS_01c-1.jpg\" \/>\n\t<meta property=\"og:image:width\" content=\"1279\" \/>\n\t<meta property=\"og:image:height\" content=\"1920\" \/>\n\t<meta property=\"og:image:type\" content=\"image\/jpeg\" \/>\n<meta name=\"twitter:card\" content=\"summary_large_image\" \/>\n<meta name=\"twitter:label1\" content=\"Gesch\u00e4tzte Lesezeit\" \/>\n\t<meta name=\"twitter:data1\" content=\"3\u00a0Minuten\" \/>\n<script type=\"application\/ld+json\" class=\"yoast-schema-graph\">{\"@context\":\"https:\\\/\\\/schema.org\",\"@graph\":[{\"@type\":\"WebPage\",\"@id\":\"https:\\\/\\\/labelfree.nl\\\/product\\\/st405-uni-style-ls\\\/\",\"url\":\"https:\\\/\\\/labelfree.nl\\\/product\\\/st405-uni-style-ls\\\/\",\"name\":\"T-shirt Uni Style LM - Labelfree\",\"isPartOf\":{\"@id\":\"https:\\\/\\\/labelfree.nl\\\/#website\"},\"primaryImageOfPage\":{\"@id\":\"https:\\\/\\\/labelfree.nl\\\/product\\\/st405-uni-style-ls\\\/#primaryimage\"},\"image\":{\"@id\":\"https:\\\/\\\/labelfree.nl\\\/product\\\/st405-uni-style-ls\\\/#primaryimage\"},\"thumbnailUrl\":\"https:\\\/\\\/labelfree.nl\\\/wp-content\\\/uploads\\\/2024\\\/10\\\/000405_Uni_Style_LS_01c-1.jpg\",\"datePublished\":\"2024-10-24T16:03:47+00:00\",\"dateModified\":\"2026-05-11T00:49:18+00:00\",\"breadcrumb\":{\"@id\":\"https:\\\/\\\/labelfree.nl\\\/product\\\/st405-uni-style-ls\\\/#breadcrumb\"},\"inLanguage\":\"de\",\"potentialAction\":[{\"@type\":\"ReadAction\",\"target\":[\"https:\\\/\\\/labelfree.nl\\\/product\\\/st405-uni-style-ls\\\/\"]}]},{\"@type\":\"ImageObject\",\"inLanguage\":\"de\",\"@id\":\"https:\\\/\\\/labelfree.nl\\\/product\\\/st405-uni-style-ls\\\/#primaryimage\",\"url\":\"https:\\\/\\\/labelfree.nl\\\/wp-content\\\/uploads\\\/2024\\\/10\\\/000405_Uni_Style_LS_01c-1.jpg\",\"contentUrl\":\"https:\\\/\\\/labelfree.nl\\\/wp-content\\\/uploads\\\/2024\\\/10\\\/000405_Uni_Style_LS_01c-1.jpg\",\"width\":1279,\"height\":1920},{\"@type\":\"BreadcrumbList\",\"@id\":\"https:\\\/\\\/labelfree.nl\\\/product\\\/st405-uni-style-ls\\\/#breadcrumb\",\"itemListElement\":[{\"@type\":\"ListItem\",\"position\":1,\"name\":\"Home\",\"item\":\"https:\\\/\\\/labelfree.nl\\\/\"},{\"@type\":\"ListItem\",\"position\":2,\"name\":\"Webshop\",\"item\":\"https:\\\/\\\/labelfree.nl\\\/webshop\\\/\"},{\"@type\":\"ListItem\",\"position\":3,\"name\":\"T-shirt Uni Style LM\"}]},{\"@type\":\"WebSite\",\"@id\":\"https:\\\/\\\/labelfree.nl\\\/#website\",\"url\":\"https:\\\/\\\/labelfree.nl\\\/\",\"name\":\"Labelfree\",\"description\":\"Brandless quality\",\"potentialAction\":[{\"@type\":\"SearchAction\",\"target\":{\"@type\":\"EntryPoint\",\"urlTemplate\":\"https:\\\/\\\/labelfree.nl\\\/?s={search_term_string}\"},\"query-input\":{\"@type\":\"PropertyValueSpecification\",\"valueRequired\":true,\"valueName\":\"search_term_string\"}}],\"inLanguage\":\"de\"}]}<\/script>\n<!-- \/ Yoast SEO plugin. -->","yoast_head_json":{"title":"T-Shirt Uni Style LM - Etikettenfrei","robots":{"index":"index","follow":"follow","max-snippet":"max-snippet:-1","max-image-preview":"max-image-preview:large","max-video-preview":"max-video-preview:-1"},"canonical":"https:\/\/labelfree.nl\/de\/produkt\/st405-uni-style-ls\/","og_locale":"de_DE","og_type":"article","og_title":"T-shirt Uni Style LM - Labelfree","og_description":"T-shirt unisex lange mouw. Interlock jersey, 200 g\/m\u00b2. Hoogwaardige kwaliteit. Comfortabele snit. t-shirt uni style LM 100% Biologisch katoen, interlock Materiaal: 100% biologisch gekamd katoen, enzymgewassen Gewicht: 200 g\/m\u00b2 Jersey, Interlock (dubbelgebreid) Ademende eigenschappen en duurzaam Long sleeves (lange mouwen) Verkrijgbaar in 6 kleuren Verkrijgbaar vanaf kindermaat 1 jaar tot 3XL Klein maatlabel in de [&hellip;]","og_url":"https:\/\/labelfree.nl\/de\/produkt\/st405-uni-style-ls\/","og_site_name":"Labelfree","article_modified_time":"2026-05-11T00:49:18+00:00","og_image":[{"width":1279,"height":1920,"url":"https:\/\/labelfree.nl\/wp-content\/uploads\/2024\/10\/000405_Uni_Style_LS_01c-1.jpg","type":"image\/jpeg"}],"twitter_card":"summary_large_image","twitter_misc":{"Gesch\u00e4tzte Lesezeit":"3\u00a0Minuten"},"schema":{"@context":"https:\/\/schema.org","@graph":[{"@type":"WebPage","@id":"https:\/\/labelfree.nl\/product\/st405-uni-style-ls\/","url":"https:\/\/labelfree.nl\/product\/st405-uni-style-ls\/","name":"T-Shirt Uni Style LM - Etikettenfrei","isPartOf":{"@id":"https:\/\/labelfree.nl\/#website"},"primaryImageOfPage":{"@id":"https:\/\/labelfree.nl\/product\/st405-uni-style-ls\/#primaryimage"},"image":{"@id":"https:\/\/labelfree.nl\/product\/st405-uni-style-ls\/#primaryimage"},"thumbnailUrl":"https:\/\/labelfree.nl\/wp-content\/uploads\/2024\/10\/000405_Uni_Style_LS_01c-1.jpg","datePublished":"2024-10-24T16:03:47+00:00","dateModified":"2026-05-11T00:49:18+00:00","breadcrumb":{"@id":"https:\/\/labelfree.nl\/product\/st405-uni-style-ls\/#breadcrumb"},"inLanguage":"de","potentialAction":[{"@type":"ReadAction","target":["https:\/\/labelfree.nl\/product\/st405-uni-style-ls\/"]}]},{"@type":"ImageObject","inLanguage":"de","@id":"https:\/\/labelfree.nl\/product\/st405-uni-style-ls\/#primaryimage","url":"https:\/\/labelfree.nl\/wp-content\/uploads\/2024\/10\/000405_Uni_Style_LS_01c-1.jpg","contentUrl":"https:\/\/labelfree.nl\/wp-content\/uploads\/2024\/10\/000405_Uni_Style_LS_01c-1.jpg","width":1279,"height":1920},{"@type":"BreadcrumbList","@id":"https:\/\/labelfree.nl\/product\/st405-uni-style-ls\/#breadcrumb","itemListElement":[{"@type":"ListItem","position":1,"name":"Home","item":"https:\/\/labelfree.nl\/"},{"@type":"ListItem","position":2,"name":"Webshop","item":"https:\/\/labelfree.nl\/webshop\/"},{"@type":"ListItem","position":3,"name":"T-shirt Uni Style LM"}]},{"@type":"WebSite","@id":"https:\/\/labelfree.nl\/#website","url":"https:\/\/labelfree.nl\/","name":"Etikettenfrei","description":"Markenlose Qualit\u00e4t","potentialAction":[{"@type":"SearchAction","target":{"@type":"EntryPoint","urlTemplate":"https:\/\/labelfree.nl\/?s={search_term_string}"},"query-input":{"@type":"PropertyValueSpecification","valueRequired":true,"valueName":"search_term_string"}}],"inLanguage":"de"}]}},"jetpack_sharing_enabled":true,"_links":{"self":[{"href":"https:\/\/labelfree.nl\/de\/wp-json\/wp\/v2\/product\/40097","targetHints":{"allow":["GET"]}}],"collection":[{"href":"https:\/\/labelfree.nl\/de\/wp-json\/wp\/v2\/product"}],"about":[{"href":"https:\/\/labelfree.nl\/de\/wp-json\/wp\/v2\/types\/product"}],"wp:featuredmedia":[{"embeddable":true,"href":"https:\/\/labelfree.nl\/de\/wp-json\/wp\/v2\/media\/53554"}],"wp:attachment":[{"href":"https:\/\/labelfree.nl\/de\/wp-json\/wp\/v2\/media?parent=40097"}],"wp:term":[{"taxonomy":"product_brand","embeddable":true,"href":"https:\/\/labelfree.nl\/de\/wp-json\/wp\/v2\/product_brand?post=40097"},{"taxonomy":"product_cat","embeddable":true,"href":"https:\/\/labelfree.nl\/de\/wp-json\/wp\/v2\/product_cat?post=40097"},{"taxonomy":"product_tag","embeddable":true,"href":"https:\/\/labelfree.nl\/de\/wp-json\/wp\/v2\/product_tag?post=40097"}],"curies":[{"name":"wp","href":"https:\/\/api.w.org\/{rel}","templated":true}]}}