{"id":40275,"date":"2024-10-24T18:05:47","date_gmt":"2024-10-24T16:05:47","guid":{"rendered":"https:\/\/labelfree.nl\/product\/st601-classic-v-neck\/"},"modified":"2026-04-17T02:05:55","modified_gmt":"2026-04-17T00:05:55","slug":"standaard-tshirt-vhals-organic-cotton-labelfree-bedrukken-b2b-kwaliteit-printmogelijkheden","status":"publish","type":"product","link":"https:\/\/labelfree.nl\/de\/produkt\/st601-klassischer-v-ausschnitt\/","title":{"rendered":"klassisches, unbedrucktes V-Ausschnitt-T-Shirt aus 100% Baumwolle (165 g\/m\u00b2)"},"content":{"rendered":"<p><span style=\"color: #000000;\">Baumwoll-T-Shirt mit V-Ausschnitt aus 100% Bio-Baumwolle. <\/span><span style=\"color: #000000;\">Single-Jersey, 165 g\/m\u00b2. Atmungsaktiv, weich und hautfreundlich.<\/span><\/p>\n<p><em>F\u00fcr eine genaue Farbdarstellung und Preisangabe loggen Sie sich bitte ein und klicken Sie auf die gew\u00fcnschte Farbe und Gr\u00f6\u00dfe.<\/em><\/p>\n<h4><\/h4>\n<h3><span style=\"color: #5a7699;\"><strong><b>Standard-T-Shirt mit V-Ausschnitt<\/b><\/strong><\/span><\/h3>\n<h4><strong><b>100% Bio-Baumwolle. Single-Jersey, 165 g\/m\u00b2<\/b><\/strong><\/h4>\n<p><img decoding=\"async\" class=\"alignnone size-full wp-image-66952\" src=\"https:\/\/labelfree.nl\/wp-content\/uploads\/2024\/10\/GOTS_2-1-2.jpg\" alt=\"\" width=\"155\" height=\"93\" srcset=\"https:\/\/labelfree.nl\/wp-content\/uploads\/2024\/10\/GOTS_2-1-2.jpg 155w, https:\/\/labelfree.nl\/wp-content\/uploads\/2024\/10\/GOTS_2-1-2-18x12.jpg 18w\" sizes=\"(max-width: 155px) 100vw, 155px\" \/><\/p>\n<ul>\n<li>Qualit\u00e4t: 100% Bio-Baumwolle, gek\u00e4mmt und enzymgewaschen<\/li>\n<li>Single-Jersey<\/li>\n<li>Gewicht: 165 g\/m\u00b2<\/li>\n<li>V-Ausschnitt<\/li>\n<li>Rundgestrickt<\/li>\n<li>Erh\u00e4ltlich in 3 Farben<\/li>\n<li>Einige Artikel sind in den Gr\u00f6\u00dfen XS bis 6XL erh\u00e4ltlich.<\/li>\n<li>Markenlos, kleines Gr\u00f6\u00dfenetikett im Halsausschnitt<\/li>\n<li>Geeignet f\u00fcr Siebdruck, Transferdruck, DTG-Druck und Stickerei<\/li>\n<li>Karton: 50 St\u00fcck. Verpackung: 10 St\u00fcck. Auch einzeln erh\u00e4ltlich.<\/li>\n<\/ul>\n<p>&nbsp;<\/p>\n<h4><span style=\"color: #5a7699;\"><strong><b>Klassisches V-Ausschnitt-T-Shirt \u2013 hochwertig und langlebig<\/b><\/strong><\/span><\/h4>\n<p>Unser klassisches V-Ausschnitt-T-Shirt ist ein Standard-Shirt f\u00fcr Damen und Herren. Es hat eine normale Passform und ist nahtlos verarbeitet. Der V-Ausschnitt besteht aus einem schmalen Lycra-Rippstrick mit Elastanverst\u00e4rkung. Der stilvolle, etwas h\u00f6here V-Ausschnitt verleiht ihm einen zeitlosen Look. Der Halsausschnitt ist mit einem verst\u00e4rkten Nackenband und Doppeln\u00e4hten versehen. Auch \u00c4rmel und Saum sind doppelt vern\u00e4ht. Dies garantiert eine hochwertige Verarbeitung und hohe Strapazierf\u00e4higkeit.<\/p>\n<h4><span style=\"color: #5a7699;\"><strong><b>Materialangaben<\/b><\/strong><\/span><\/h4>\n<p>Qualit\u00e4t: Unsere Baumwolle besteht aus 1001T Bio-Baumwolle (gek\u00e4mmt und enzymgewaschen) und bietet eine seidig-weiche Textur, die sich angenehm auf der Haut anf\u00fchlt. Sie wird umweltfreundlich und ohne sch\u00e4dliche Chemikalien unter verantwortungsvollen Bedingungen hergestellt. Da sie aus kontrolliert biologischem Anbau stammt (weniger Pestizide), ist sie besonders gut f\u00fcr empfindliche Haut geeignet.<\/p>\n<p>Es besteht aus einem unserer beliebtesten Stoffe, 165 g\/m\u00b2 Single-Jersey. Dieser Stoff wird nachhaltig und ethisch produziert. Wir verwenden ihn f\u00fcr die meisten unserer T-Shirts. Er ist bekannt f\u00fcr seine Weichheit, seinen Tragekomfort, seine Flexibilit\u00e4t, seine Strapazierf\u00e4higkeit, seine Waschbarkeit, seine hervorragende Farbechtheit, sein minimales Einlaufen und seine glatte, gleichm\u00e4\u00dfige Oberfl\u00e4che.<\/p>\n<h4><span style=\"color: #5a7699;\"><strong><b>Druck-, Stick- und Beschriftungsm\u00f6glichkeiten<\/b><\/strong><\/span><\/h4>\n<p>Unser gesamtes Sortiment eignet sich f\u00fcr B2B, Merchandising und Private Label. Sie m\u00f6chten unbedruckte Kleidung bestellen, diese mit Ihrem eigenen Design bedrucken lassen oder ben\u00f6tigen Druckvorlagen zum Selbstaufbringen? Das Team von Labelfree unterst\u00fctzt Sie dabei in jedem Schritt.<\/p>\n<p>Labelfree bietet eine Vielzahl professioneller Druckoptionen, darunter Transferdruck, DTF-Druck, Siebdruck und Stickerei. Sie k\u00f6nnen beispielsweise auch Ihre eigenen Nackenaufdrucke und Etiketten auf den \u00c4rmel drucken lassen.<\/p>\n<p>Ben\u00f6tigen Sie Hilfe bei Ihrem eigenen Design? Unsere Grafikdesigner unterst\u00fctzen Sie gerne. So stellen wir sicher, dass das Endprodukt perfekt auf Ihre Bed\u00fcrfnisse zugeschnitten ist. Sie erhalten immer zun\u00e4chst ein kostenloses, visuelles Angebot. Kontaktieren Sie uns, um die M\u00f6glichkeiten zur Erstellung Ihrer eigenen Kollektion zu erkunden.<\/p>\n<p>&nbsp;<\/p>\n<p>Gr\u00f6\u00dfentabelle<\/p>\n<p><img fetchpriority=\"high\" decoding=\"async\" class=\"\" src=\"https:\/\/www.stormtextil.dk\/sites\/default\/files\/size-charts\/000601_Basic_Cotton_V_Neck.png\" width=\"614\" height=\"107\" \/><\/p>\n<p>Pflegeanleitung<\/p>\n<p><img decoding=\"async\" class=\"alignnone wp-image-57103\" src=\"https:\/\/labelfree.nl\/wp-content\/uploads\/2024\/10\/Storm_washing_instructions_40_0-5.gif\" alt=\"\" width=\"173\" height=\"26\" \/><\/p>\n<p>&nbsp;<\/p>\n<p>&nbsp;<\/p>","protected":false},"excerpt":{"rendered":"<p>Katoenen t-shirt met V-hals van 100% biologisch katoen. Single jersey, 165 g\/m\u00b2. Ademend, zacht en huidvriendelijk. voor de juiste kleurweergave en prijs logt u in en klikt u op de kleur en de maat standaard t-shirt met V-hals 100% Biologisch katoen. Single jersey, 165 g\/m\u00b2 Kwaliteit: 100% biologisch gekamd en enzymgewassen katoen Single jersey Gewicht: [&hellip;]<\/p>\n","protected":false},"featured_media":53608,"template":"","meta":{"_acf_changed":false},"product_brand":[],"product_cat":[459,19,107],"product_tag":[],"class_list":{"0":"post-40275","1":"product","2":"type-product","3":"status-publish","4":"has-post-thumbnail","6":"product_cat-custom-t-shirts","7":"product_cat-t-shirts","8":"product_cat-t-shirts-v-neck","9":"pa_size-2xl","10":"pa_size-3xl","11":"pa_size-4xl","12":"pa_size-5xl","13":"pa_size-6xl","14":"pa_size-l","15":"pa_size-m","16":"pa_size-s","17":"pa_size-xl","18":"pa_size-xs","20":"first","21":"instock","22":"taxable","23":"shipping-taxable","24":"purchasable","25":"product-type-variable"},"acf":[],"yoast_head":"<!-- This site is optimized with the Yoast SEO plugin v27.4 - https:\/\/yoast.com\/product\/yoast-seo-wordpress\/ -->\n<title>blanco klassiek t-shirt V-hals 100% katoen 165 g\/m\u00b2 - Labelfree<\/title>\n<meta name=\"description\" content=\"Klassiek t-shirt met V-hals van 100% katoen.\u00a0Single jersey 165 g\/m\u00b2. Duurzaam en veelzijdig. Geschikt voor groothandel, kwaliteitsprints en ontwerphulp mogelijk\" \/>\n<meta name=\"robots\" content=\"index, follow, max-snippet:-1, max-image-preview:large, max-video-preview:-1\" \/>\n<link rel=\"canonical\" href=\"https:\/\/labelfree.nl\/de\/produkt\/st601-klassischer-v-ausschnitt\/\" \/>\n<meta property=\"og:locale\" content=\"de_DE\" \/>\n<meta property=\"og:type\" content=\"article\" \/>\n<meta property=\"og:title\" content=\"blanco klassiek t-shirt V-hals 100% katoen 165 g\/m\u00b2 - Labelfree\" \/>\n<meta property=\"og:description\" content=\"Klassiek t-shirt met V-hals van 100% katoen.\u00a0Single jersey 165 g\/m\u00b2. Duurzaam en veelzijdig. Geschikt voor groothandel, kwaliteitsprints en ontwerphulp mogelijk\" \/>\n<meta property=\"og:url\" content=\"https:\/\/labelfree.nl\/de\/produkt\/st601-klassischer-v-ausschnitt\/\" \/>\n<meta property=\"og:site_name\" content=\"Labelfree\" \/>\n<meta property=\"article:modified_time\" content=\"2026-04-17T00:05:55+00:00\" \/>\n<meta property=\"og:image\" content=\"https:\/\/labelfree.nl\/wp-content\/uploads\/2024\/10\/000601_Classic_V-Neck_01-2.jpg\" \/>\n\t<meta property=\"og:image:width\" content=\"1280\" \/>\n\t<meta property=\"og:image:height\" content=\"1920\" \/>\n\t<meta property=\"og:image:type\" content=\"image\/jpeg\" \/>\n<meta name=\"twitter:card\" content=\"summary_large_image\" \/>\n<meta name=\"twitter:label1\" content=\"Gesch\u00e4tzte Lesezeit\" \/>\n\t<meta name=\"twitter:data1\" content=\"3\u00a0Minuten\" \/>\n<script type=\"application\/ld+json\" class=\"yoast-schema-graph\">{\"@context\":\"https:\\\/\\\/schema.org\",\"@graph\":[{\"@type\":\"WebPage\",\"@id\":\"https:\\\/\\\/labelfree.nl\\\/product\\\/standaard-tshirt-vhals-organic-cotton-labelfree-bedrukken-b2b-kwaliteit-printmogelijkheden\\\/\",\"url\":\"https:\\\/\\\/labelfree.nl\\\/product\\\/standaard-tshirt-vhals-organic-cotton-labelfree-bedrukken-b2b-kwaliteit-printmogelijkheden\\\/\",\"name\":\"blanco klassiek t-shirt V-hals 100% katoen 165 g\\\/m\u00b2 - Labelfree\",\"isPartOf\":{\"@id\":\"https:\\\/\\\/labelfree.nl\\\/#website\"},\"primaryImageOfPage\":{\"@id\":\"https:\\\/\\\/labelfree.nl\\\/product\\\/standaard-tshirt-vhals-organic-cotton-labelfree-bedrukken-b2b-kwaliteit-printmogelijkheden\\\/#primaryimage\"},\"image\":{\"@id\":\"https:\\\/\\\/labelfree.nl\\\/product\\\/standaard-tshirt-vhals-organic-cotton-labelfree-bedrukken-b2b-kwaliteit-printmogelijkheden\\\/#primaryimage\"},\"thumbnailUrl\":\"https:\\\/\\\/labelfree.nl\\\/wp-content\\\/uploads\\\/2024\\\/10\\\/000601_Classic_V-Neck_01-2.jpg\",\"datePublished\":\"2024-10-24T16:05:47+00:00\",\"dateModified\":\"2026-04-17T00:05:55+00:00\",\"description\":\"Klassiek t-shirt met V-hals van 100% katoen.\u00a0Single jersey 165 g\\\/m\u00b2. Duurzaam en veelzijdig. Geschikt voor groothandel, kwaliteitsprints en ontwerphulp mogelijk\",\"breadcrumb\":{\"@id\":\"https:\\\/\\\/labelfree.nl\\\/product\\\/standaard-tshirt-vhals-organic-cotton-labelfree-bedrukken-b2b-kwaliteit-printmogelijkheden\\\/#breadcrumb\"},\"inLanguage\":\"de\",\"potentialAction\":[{\"@type\":\"ReadAction\",\"target\":[\"https:\\\/\\\/labelfree.nl\\\/product\\\/standaard-tshirt-vhals-organic-cotton-labelfree-bedrukken-b2b-kwaliteit-printmogelijkheden\\\/\"]}]},{\"@type\":\"ImageObject\",\"inLanguage\":\"de\",\"@id\":\"https:\\\/\\\/labelfree.nl\\\/product\\\/standaard-tshirt-vhals-organic-cotton-labelfree-bedrukken-b2b-kwaliteit-printmogelijkheden\\\/#primaryimage\",\"url\":\"https:\\\/\\\/labelfree.nl\\\/wp-content\\\/uploads\\\/2024\\\/10\\\/000601_Classic_V-Neck_01-2.jpg\",\"contentUrl\":\"https:\\\/\\\/labelfree.nl\\\/wp-content\\\/uploads\\\/2024\\\/10\\\/000601_Classic_V-Neck_01-2.jpg\",\"width\":1280,\"height\":1920},{\"@type\":\"BreadcrumbList\",\"@id\":\"https:\\\/\\\/labelfree.nl\\\/product\\\/standaard-tshirt-vhals-organic-cotton-labelfree-bedrukken-b2b-kwaliteit-printmogelijkheden\\\/#breadcrumb\",\"itemListElement\":[{\"@type\":\"ListItem\",\"position\":1,\"name\":\"Home\",\"item\":\"https:\\\/\\\/labelfree.nl\\\/\"},{\"@type\":\"ListItem\",\"position\":2,\"name\":\"Webshop\",\"item\":\"https:\\\/\\\/labelfree.nl\\\/webshop\\\/\"},{\"@type\":\"ListItem\",\"position\":3,\"name\":\"blanco klassiek t-shirt V-hals 100% katoen 165 g\\\/m\u00b2\"}]},{\"@type\":\"WebSite\",\"@id\":\"https:\\\/\\\/labelfree.nl\\\/#website\",\"url\":\"https:\\\/\\\/labelfree.nl\\\/\",\"name\":\"Labelfree\",\"description\":\"Brandless quality\",\"potentialAction\":[{\"@type\":\"SearchAction\",\"target\":{\"@type\":\"EntryPoint\",\"urlTemplate\":\"https:\\\/\\\/labelfree.nl\\\/?s={search_term_string}\"},\"query-input\":{\"@type\":\"PropertyValueSpecification\",\"valueRequired\":true,\"valueName\":\"search_term_string\"}}],\"inLanguage\":\"de\"}]}<\/script>\n<!-- \/ Yoast SEO plugin. -->","yoast_head_json":{"title":"Klassisches, unbedrucktes V-Ausschnitt-T-Shirt aus 100% Baumwolle (165 g\/m\u00b2) \u2013 ohne Etikett","description":"Klassisches V-Ausschnitt-T-Shirt aus 1001 % Baumwolle (1001 % Baumwolle, 100 % Baumwolle). Single-Jersey, 165 g\/m\u00b2. Nachhaltig und vielseitig. Geeignet f\u00fcr den Gro\u00dfhandel, hochwertige Drucke und Designunterst\u00fctzung verf\u00fcgbar.","robots":{"index":"index","follow":"follow","max-snippet":"max-snippet:-1","max-image-preview":"max-image-preview:large","max-video-preview":"max-video-preview:-1"},"canonical":"https:\/\/labelfree.nl\/de\/produkt\/st601-klassischer-v-ausschnitt\/","og_locale":"de_DE","og_type":"article","og_title":"blanco klassiek t-shirt V-hals 100% katoen 165 g\/m\u00b2 - Labelfree","og_description":"Klassiek t-shirt met V-hals van 100% katoen.\u00a0Single jersey 165 g\/m\u00b2. Duurzaam en veelzijdig. Geschikt voor groothandel, kwaliteitsprints en ontwerphulp mogelijk","og_url":"https:\/\/labelfree.nl\/de\/produkt\/st601-klassischer-v-ausschnitt\/","og_site_name":"Labelfree","article_modified_time":"2026-04-17T00:05:55+00:00","og_image":[{"width":1280,"height":1920,"url":"https:\/\/labelfree.nl\/wp-content\/uploads\/2024\/10\/000601_Classic_V-Neck_01-2.jpg","type":"image\/jpeg"}],"twitter_card":"summary_large_image","twitter_misc":{"Gesch\u00e4tzte Lesezeit":"3\u00a0Minuten"},"schema":{"@context":"https:\/\/schema.org","@graph":[{"@type":"WebPage","@id":"https:\/\/labelfree.nl\/product\/standaard-tshirt-vhals-organic-cotton-labelfree-bedrukken-b2b-kwaliteit-printmogelijkheden\/","url":"https:\/\/labelfree.nl\/product\/standaard-tshirt-vhals-organic-cotton-labelfree-bedrukken-b2b-kwaliteit-printmogelijkheden\/","name":"Klassisches, unbedrucktes V-Ausschnitt-T-Shirt aus 100% Baumwolle (165 g\/m\u00b2) \u2013 ohne Etikett","isPartOf":{"@id":"https:\/\/labelfree.nl\/#website"},"primaryImageOfPage":{"@id":"https:\/\/labelfree.nl\/product\/standaard-tshirt-vhals-organic-cotton-labelfree-bedrukken-b2b-kwaliteit-printmogelijkheden\/#primaryimage"},"image":{"@id":"https:\/\/labelfree.nl\/product\/standaard-tshirt-vhals-organic-cotton-labelfree-bedrukken-b2b-kwaliteit-printmogelijkheden\/#primaryimage"},"thumbnailUrl":"https:\/\/labelfree.nl\/wp-content\/uploads\/2024\/10\/000601_Classic_V-Neck_01-2.jpg","datePublished":"2024-10-24T16:05:47+00:00","dateModified":"2026-04-17T00:05:55+00:00","description":"Klassisches V-Ausschnitt-T-Shirt aus 1001 % Baumwolle (1001 % Baumwolle, 100 % Baumwolle). Single-Jersey, 165 g\/m\u00b2. Nachhaltig und vielseitig. Geeignet f\u00fcr den Gro\u00dfhandel, hochwertige Drucke und Designunterst\u00fctzung verf\u00fcgbar.","breadcrumb":{"@id":"https:\/\/labelfree.nl\/product\/standaard-tshirt-vhals-organic-cotton-labelfree-bedrukken-b2b-kwaliteit-printmogelijkheden\/#breadcrumb"},"inLanguage":"de","potentialAction":[{"@type":"ReadAction","target":["https:\/\/labelfree.nl\/product\/standaard-tshirt-vhals-organic-cotton-labelfree-bedrukken-b2b-kwaliteit-printmogelijkheden\/"]}]},{"@type":"ImageObject","inLanguage":"de","@id":"https:\/\/labelfree.nl\/product\/standaard-tshirt-vhals-organic-cotton-labelfree-bedrukken-b2b-kwaliteit-printmogelijkheden\/#primaryimage","url":"https:\/\/labelfree.nl\/wp-content\/uploads\/2024\/10\/000601_Classic_V-Neck_01-2.jpg","contentUrl":"https:\/\/labelfree.nl\/wp-content\/uploads\/2024\/10\/000601_Classic_V-Neck_01-2.jpg","width":1280,"height":1920},{"@type":"BreadcrumbList","@id":"https:\/\/labelfree.nl\/product\/standaard-tshirt-vhals-organic-cotton-labelfree-bedrukken-b2b-kwaliteit-printmogelijkheden\/#breadcrumb","itemListElement":[{"@type":"ListItem","position":1,"name":"Home","item":"https:\/\/labelfree.nl\/"},{"@type":"ListItem","position":2,"name":"Webshop","item":"https:\/\/labelfree.nl\/webshop\/"},{"@type":"ListItem","position":3,"name":"blanco klassiek t-shirt V-hals 100% katoen 165 g\/m\u00b2"}]},{"@type":"WebSite","@id":"https:\/\/labelfree.nl\/#website","url":"https:\/\/labelfree.nl\/","name":"Etikettenfrei","description":"Markenlose Qualit\u00e4t","potentialAction":[{"@type":"SearchAction","target":{"@type":"EntryPoint","urlTemplate":"https:\/\/labelfree.nl\/?s={search_term_string}"},"query-input":{"@type":"PropertyValueSpecification","valueRequired":true,"valueName":"search_term_string"}}],"inLanguage":"de"}]}},"jetpack_sharing_enabled":true,"_links":{"self":[{"href":"https:\/\/labelfree.nl\/de\/wp-json\/wp\/v2\/product\/40275","targetHints":{"allow":["GET"]}}],"collection":[{"href":"https:\/\/labelfree.nl\/de\/wp-json\/wp\/v2\/product"}],"about":[{"href":"https:\/\/labelfree.nl\/de\/wp-json\/wp\/v2\/types\/product"}],"wp:featuredmedia":[{"embeddable":true,"href":"https:\/\/labelfree.nl\/de\/wp-json\/wp\/v2\/media\/53608"}],"wp:attachment":[{"href":"https:\/\/labelfree.nl\/de\/wp-json\/wp\/v2\/media?parent=40275"}],"wp:term":[{"taxonomy":"product_brand","embeddable":true,"href":"https:\/\/labelfree.nl\/de\/wp-json\/wp\/v2\/product_brand?post=40275"},{"taxonomy":"product_cat","embeddable":true,"href":"https:\/\/labelfree.nl\/de\/wp-json\/wp\/v2\/product_cat?post=40275"},{"taxonomy":"product_tag","embeddable":true,"href":"https:\/\/labelfree.nl\/de\/wp-json\/wp\/v2\/product_tag?post=40275"}],"curies":[{"name":"wp","href":"https:\/\/api.w.org\/{rel}","templated":true}]}}