{"id":40308,"date":"2024-10-24T18:06:12","date_gmt":"2024-10-24T16:06:12","guid":{"rendered":"https:\/\/labelfree.nl\/product\/st605-uni-fashion-v-neck\/"},"modified":"2026-04-18T02:05:32","modified_gmt":"2026-04-18T00:05:32","slug":"st605-uni-fashion-v-neck","status":"publish","type":"product","link":"https:\/\/labelfree.nl\/de\/produkt\/st605-uni-fashion-v-ausschnitt\/","title":{"rendered":"T-Shirt Uni Fashion V-Ausschnitt"},"content":{"rendered":"<p><span style=\"color: #333333;\">Unisex-T-Shirt mit V-Ausschnitt. Klassische Passform und hoher Tragekomfort. Single-Jersey, 165 g\/m\u00b2.<\/span><\/p>\n<p><span style=\"color: #333333;\"><em>F\u00fcr die korrekte Farbdarstellung und -beschreibung klicken Sie auf das betreffende Hemd und anschlie\u00dfend erneut auf die Lupe.<\/em><\/span><\/p>\n<p>&nbsp;<\/p>\n<h3><span style=\"color: #5a7699;\"><strong>T-Shirt-Mode mit V-Ausschnitt<\/strong><\/span><\/h3>\n<p><strong>100% Bio-Baumwolle. Single-Jersey, 165 g\/m\u00b2<\/strong><\/p>\n<p><img decoding=\"async\" src=\"https:\/\/www.stormtextil.dk\/sites\/default\/files\/inline-images\/OTS100_label_19.HBD__1.jpg\" alt=\"\u00d6ko-Tex-zertifiziert\" \/><\/p>\n<ul>\n<li>Qualit\u00e4t: 100% gek\u00e4mmte und enzymgewaschene Baumwolle<\/li>\n<li>Oxford Grey: 85% gek\u00e4mmte Baumwolle 15% Viskose<\/li>\n<li>Single-Jersey<\/li>\n<li>Gewicht: 165 g\/m\u00b2<\/li>\n<li>Erh\u00e4ltlich in 20 Farben<\/li>\n<li>V-Ausschnitt \/ Halsband<\/li>\n<li>\u00c4rmel und Saum sind mit einem 3-Faden-Flachstich verarbeitet.<\/li>\n<li>Erh\u00e4ltlich von Gr\u00f6\u00dfe S bis 3XL<\/li>\n<li>Kleines Gr\u00f6\u00dfenetikett im Halsausschnitt<\/li>\n<li>Karton: 50 St\u00fcck. Verpackung: 10 St\u00fcck. Auch einzeln erh\u00e4ltlich.<\/li>\n<\/ul>\n<p><strong>\u00a0<\/strong><\/p>\n<h4><span style=\"color: #5a7699;\"><strong>Modisches Uni-T-Shirt mit V-Ausschnitt \u2013 klassisch und bequem<\/strong><\/span><\/h4>\n<p>Unser modisches V-Ausschnitt-T-Shirt ist ein bequemes T-Shirt mit klassischer Passform. Dank seiner angenehmen L\u00e4nge, die \u00fcber den Hosenbund f\u00e4llt, und des modernen V-Ausschnitts ist es ein vielseitiges Shirt.<\/p>\n<p>Das T-Shirt besticht durch seine besondere Verarbeitung. \u00c4rmel und Saum sind mit einem dreif\u00e4digen Flatlockstich eingefasst, was dem Ganzen eine dekorative Note verleiht. Der Halsausschnitt ist mit einem 1,5 cm breiten Rippstrickb\u00fcndchen aus Baumwolle versehen. Der \u00c4rmeleinsatz ist mit einer Doppeln\u00e4hte abgesteppt. Das T-Shirt verf\u00fcgt au\u00dferdem \u00fcber Seitenn\u00e4hte und ein Nackenband.<\/p>\n<h4><span style=\"color: #5a7699;\"><strong>Materialangaben<\/strong><\/span><\/h4>\n<p>Das T-Shirt besteht aus einem unserer beliebtesten Baumwollstoffe: 165 g\/m\u00b2 Single-Jersey. Dieses Material ist bekannt f\u00fcr seine weichen und flexiblen Eigenschaften und eignet sich daher ideal f\u00fcr den Alltag. Das T-Shirt ist in verschiedenen Materialzusammensetzungen erh\u00e4ltlich: Oxford Grey: 85% gek\u00e4mmte Baumwolle \/ 15% Viskose.<\/p>\n<p>Es bietet nicht nur eine hervorragende Passform, sondern ist auch strapazierf\u00e4hig und widerstandsf\u00e4hig. Dank seiner ausgezeichneten Farbechtheit und minimalen Einlaufneigung sieht dieses T-Shirt auch nach mehrmaligem Waschen noch wie neu aus.<\/p>\n<h4><span style=\"color: #5a7699;\"><strong>Druck-, Stick- und Beschriftungsm\u00f6glichkeiten<\/strong><\/span><\/h4>\n<p>M\u00f6chten Sie unbedruckte Kleidung bestellen, mit Ihrem eigenen Design bedrucken lassen oder ben\u00f6tigen Sie selbst aufzubringende Drucke? Bei Labelfree steht Ihnen unser Team bei jedem Schritt zur Seite.<\/p>\n<p>Labelfree bietet verschiedene Druckm\u00f6glichkeiten, darunter Transferdruck, DTF, Siebdruck und Stickerei. Auch eigene Nackendrucke und Etiketten, beispielsweise auf den \u00c4rmel, sind m\u00f6glich.<\/p>\n<p>Ben\u00f6tigen Sie Hilfe bei Ihrem eigenen Design? Unsere Grafikdesigner unterst\u00fctzen Sie gerne. So stellen wir sicher, dass das Endprodukt perfekt auf Ihre Bed\u00fcrfnisse zugeschnitten ist. Sie erhalten immer zun\u00e4chst ein kostenloses, visuelles Angebot. Kontaktieren Sie uns, um die M\u00f6glichkeiten zur Erstellung Ihrer eigenen Kollektion zu erkunden.<\/p>\n<p>&nbsp;<\/p>\n<p>Gr\u00f6\u00dfentabelle<\/p>\n<p><img fetchpriority=\"high\" decoding=\"async\" class=\"\" src=\"https:\/\/www.stormtextil.dk\/sites\/default\/files\/size-charts\/000605_Uni_Fashion_V_Neck.png\" width=\"545\" height=\"113\" \/><\/p>\n<p>&nbsp;<\/p>\n<p>Pflegeanleitung<\/p>\n<p><img decoding=\"async\" class=\"\" src=\"https:\/\/www.stormtextil.dk\/sites\/default\/files\/2018-04\/Storm_washing_instructions_40_8.gif\" width=\"166\" height=\"25\" \/><\/p>\n<p>&nbsp;<\/p>","protected":false},"excerpt":{"rendered":"<p>Unisex t-shirt met V-hals. Klassieke pasvorm en comfortabel. Single jersey, 165 g\/m\u00b2 voor de juiste kleur weergave- en omschrijving klikt u op het betreffende shirt en nogmaals op het vergrootglas &nbsp; t-shirt fashion V-hals 100% Biologisch katoen. Single jersey, 165 g\/m\u00b2 Kwaliteit: 100% gekamd en enzymgewassen katoen Oxford Grey: 85% gekamd katoen 15% viscose Single [&hellip;]<\/p>\n","protected":false},"featured_media":53636,"template":"","meta":{"_acf_changed":false},"product_brand":[],"product_cat":[19],"product_tag":[],"class_list":{"0":"post-40308","1":"product","2":"type-product","3":"status-publish","4":"has-post-thumbnail","6":"product_cat-t-shirts","7":"pa_size-2xl","8":"pa_size-l","9":"pa_size-m","10":"pa_size-s","11":"pa_size-xl","13":"first","14":"instock","15":"taxable","16":"shipping-taxable","17":"purchasable","18":"product-type-variable"},"acf":[],"yoast_head":"<!-- This site is optimized with the Yoast SEO plugin v27.4 - https:\/\/yoast.com\/product\/yoast-seo-wordpress\/ -->\n<title>T-shirt Uni Fashion V-hals - Labelfree<\/title>\n<meta name=\"robots\" content=\"index, follow, max-snippet:-1, max-image-preview:large, max-video-preview:-1\" \/>\n<link rel=\"canonical\" href=\"https:\/\/labelfree.nl\/de\/produkt\/st605-uni-fashion-v-ausschnitt\/\" \/>\n<meta property=\"og:locale\" content=\"de_DE\" \/>\n<meta property=\"og:type\" content=\"article\" \/>\n<meta property=\"og:title\" content=\"T-shirt Uni Fashion V-hals - Labelfree\" \/>\n<meta property=\"og:description\" content=\"Unisex t-shirt met V-hals. Klassieke pasvorm en comfortabel. Single jersey, 165 g\/m\u00b2 voor de juiste kleur weergave- en omschrijving klikt u op het betreffende shirt en nogmaals op het vergrootglas &nbsp; t-shirt fashion V-hals 100% Biologisch katoen. Single jersey, 165 g\/m\u00b2 Kwaliteit: 100% gekamd en enzymgewassen katoen Oxford Grey: 85% gekamd katoen 15% viscose Single [&hellip;]\" \/>\n<meta property=\"og:url\" content=\"https:\/\/labelfree.nl\/de\/produkt\/st605-uni-fashion-v-ausschnitt\/\" \/>\n<meta property=\"og:site_name\" content=\"Labelfree\" \/>\n<meta property=\"article:modified_time\" content=\"2026-04-18T00:05:32+00:00\" \/>\n<meta property=\"og:image\" content=\"https:\/\/labelfree.nl\/wp-content\/uploads\/2024\/10\/000605_Uni_Fashion_V-Neck_01c-5.jpg\" \/>\n\t<meta property=\"og:image:width\" content=\"1279\" \/>\n\t<meta property=\"og:image:height\" content=\"1920\" \/>\n\t<meta property=\"og:image:type\" content=\"image\/jpeg\" \/>\n<meta name=\"twitter:card\" content=\"summary_large_image\" \/>\n<meta name=\"twitter:label1\" content=\"Gesch\u00e4tzte Lesezeit\" \/>\n\t<meta name=\"twitter:data1\" content=\"3\u00a0Minuten\" \/>\n<script type=\"application\/ld+json\" class=\"yoast-schema-graph\">{\"@context\":\"https:\\\/\\\/schema.org\",\"@graph\":[{\"@type\":\"WebPage\",\"@id\":\"https:\\\/\\\/labelfree.nl\\\/product\\\/st605-uni-fashion-v-neck\\\/\",\"url\":\"https:\\\/\\\/labelfree.nl\\\/product\\\/st605-uni-fashion-v-neck\\\/\",\"name\":\"T-shirt Uni Fashion V-hals - Labelfree\",\"isPartOf\":{\"@id\":\"https:\\\/\\\/labelfree.nl\\\/#website\"},\"primaryImageOfPage\":{\"@id\":\"https:\\\/\\\/labelfree.nl\\\/product\\\/st605-uni-fashion-v-neck\\\/#primaryimage\"},\"image\":{\"@id\":\"https:\\\/\\\/labelfree.nl\\\/product\\\/st605-uni-fashion-v-neck\\\/#primaryimage\"},\"thumbnailUrl\":\"https:\\\/\\\/labelfree.nl\\\/wp-content\\\/uploads\\\/2024\\\/10\\\/000605_Uni_Fashion_V-Neck_01c-5.jpg\",\"datePublished\":\"2024-10-24T16:06:12+00:00\",\"dateModified\":\"2026-04-18T00:05:32+00:00\",\"breadcrumb\":{\"@id\":\"https:\\\/\\\/labelfree.nl\\\/product\\\/st605-uni-fashion-v-neck\\\/#breadcrumb\"},\"inLanguage\":\"de\",\"potentialAction\":[{\"@type\":\"ReadAction\",\"target\":[\"https:\\\/\\\/labelfree.nl\\\/product\\\/st605-uni-fashion-v-neck\\\/\"]}]},{\"@type\":\"ImageObject\",\"inLanguage\":\"de\",\"@id\":\"https:\\\/\\\/labelfree.nl\\\/product\\\/st605-uni-fashion-v-neck\\\/#primaryimage\",\"url\":\"https:\\\/\\\/labelfree.nl\\\/wp-content\\\/uploads\\\/2024\\\/10\\\/000605_Uni_Fashion_V-Neck_01c-5.jpg\",\"contentUrl\":\"https:\\\/\\\/labelfree.nl\\\/wp-content\\\/uploads\\\/2024\\\/10\\\/000605_Uni_Fashion_V-Neck_01c-5.jpg\",\"width\":1279,\"height\":1920},{\"@type\":\"BreadcrumbList\",\"@id\":\"https:\\\/\\\/labelfree.nl\\\/product\\\/st605-uni-fashion-v-neck\\\/#breadcrumb\",\"itemListElement\":[{\"@type\":\"ListItem\",\"position\":1,\"name\":\"Home\",\"item\":\"https:\\\/\\\/labelfree.nl\\\/\"},{\"@type\":\"ListItem\",\"position\":2,\"name\":\"Webshop\",\"item\":\"https:\\\/\\\/labelfree.nl\\\/webshop\\\/\"},{\"@type\":\"ListItem\",\"position\":3,\"name\":\"T-shirt Uni Fashion V-hals\"}]},{\"@type\":\"WebSite\",\"@id\":\"https:\\\/\\\/labelfree.nl\\\/#website\",\"url\":\"https:\\\/\\\/labelfree.nl\\\/\",\"name\":\"Labelfree\",\"description\":\"Brandless quality\",\"potentialAction\":[{\"@type\":\"SearchAction\",\"target\":{\"@type\":\"EntryPoint\",\"urlTemplate\":\"https:\\\/\\\/labelfree.nl\\\/?s={search_term_string}\"},\"query-input\":{\"@type\":\"PropertyValueSpecification\",\"valueRequired\":true,\"valueName\":\"search_term_string\"}}],\"inLanguage\":\"de\"}]}<\/script>\n<!-- \/ Yoast SEO plugin. -->","yoast_head_json":{"title":"T-Shirt Uni Fashion V-Ausschnitt - Etikettenfrei","robots":{"index":"index","follow":"follow","max-snippet":"max-snippet:-1","max-image-preview":"max-image-preview:large","max-video-preview":"max-video-preview:-1"},"canonical":"https:\/\/labelfree.nl\/de\/produkt\/st605-uni-fashion-v-ausschnitt\/","og_locale":"de_DE","og_type":"article","og_title":"T-shirt Uni Fashion V-hals - Labelfree","og_description":"Unisex t-shirt met V-hals. Klassieke pasvorm en comfortabel. Single jersey, 165 g\/m\u00b2 voor de juiste kleur weergave- en omschrijving klikt u op het betreffende shirt en nogmaals op het vergrootglas &nbsp; t-shirt fashion V-hals 100% Biologisch katoen. Single jersey, 165 g\/m\u00b2 Kwaliteit: 100% gekamd en enzymgewassen katoen Oxford Grey: 85% gekamd katoen 15% viscose Single [&hellip;]","og_url":"https:\/\/labelfree.nl\/de\/produkt\/st605-uni-fashion-v-ausschnitt\/","og_site_name":"Labelfree","article_modified_time":"2026-04-18T00:05:32+00:00","og_image":[{"width":1279,"height":1920,"url":"https:\/\/labelfree.nl\/wp-content\/uploads\/2024\/10\/000605_Uni_Fashion_V-Neck_01c-5.jpg","type":"image\/jpeg"}],"twitter_card":"summary_large_image","twitter_misc":{"Gesch\u00e4tzte Lesezeit":"3\u00a0Minuten"},"schema":{"@context":"https:\/\/schema.org","@graph":[{"@type":"WebPage","@id":"https:\/\/labelfree.nl\/product\/st605-uni-fashion-v-neck\/","url":"https:\/\/labelfree.nl\/product\/st605-uni-fashion-v-neck\/","name":"T-Shirt Uni Fashion V-Ausschnitt - Etikettenfrei","isPartOf":{"@id":"https:\/\/labelfree.nl\/#website"},"primaryImageOfPage":{"@id":"https:\/\/labelfree.nl\/product\/st605-uni-fashion-v-neck\/#primaryimage"},"image":{"@id":"https:\/\/labelfree.nl\/product\/st605-uni-fashion-v-neck\/#primaryimage"},"thumbnailUrl":"https:\/\/labelfree.nl\/wp-content\/uploads\/2024\/10\/000605_Uni_Fashion_V-Neck_01c-5.jpg","datePublished":"2024-10-24T16:06:12+00:00","dateModified":"2026-04-18T00:05:32+00:00","breadcrumb":{"@id":"https:\/\/labelfree.nl\/product\/st605-uni-fashion-v-neck\/#breadcrumb"},"inLanguage":"de","potentialAction":[{"@type":"ReadAction","target":["https:\/\/labelfree.nl\/product\/st605-uni-fashion-v-neck\/"]}]},{"@type":"ImageObject","inLanguage":"de","@id":"https:\/\/labelfree.nl\/product\/st605-uni-fashion-v-neck\/#primaryimage","url":"https:\/\/labelfree.nl\/wp-content\/uploads\/2024\/10\/000605_Uni_Fashion_V-Neck_01c-5.jpg","contentUrl":"https:\/\/labelfree.nl\/wp-content\/uploads\/2024\/10\/000605_Uni_Fashion_V-Neck_01c-5.jpg","width":1279,"height":1920},{"@type":"BreadcrumbList","@id":"https:\/\/labelfree.nl\/product\/st605-uni-fashion-v-neck\/#breadcrumb","itemListElement":[{"@type":"ListItem","position":1,"name":"Home","item":"https:\/\/labelfree.nl\/"},{"@type":"ListItem","position":2,"name":"Webshop","item":"https:\/\/labelfree.nl\/webshop\/"},{"@type":"ListItem","position":3,"name":"T-shirt Uni Fashion V-hals"}]},{"@type":"WebSite","@id":"https:\/\/labelfree.nl\/#website","url":"https:\/\/labelfree.nl\/","name":"Etikettenfrei","description":"Markenlose Qualit\u00e4t","potentialAction":[{"@type":"SearchAction","target":{"@type":"EntryPoint","urlTemplate":"https:\/\/labelfree.nl\/?s={search_term_string}"},"query-input":{"@type":"PropertyValueSpecification","valueRequired":true,"valueName":"search_term_string"}}],"inLanguage":"de"}]}},"jetpack_sharing_enabled":true,"_links":{"self":[{"href":"https:\/\/labelfree.nl\/de\/wp-json\/wp\/v2\/product\/40308","targetHints":{"allow":["GET"]}}],"collection":[{"href":"https:\/\/labelfree.nl\/de\/wp-json\/wp\/v2\/product"}],"about":[{"href":"https:\/\/labelfree.nl\/de\/wp-json\/wp\/v2\/types\/product"}],"wp:featuredmedia":[{"embeddable":true,"href":"https:\/\/labelfree.nl\/de\/wp-json\/wp\/v2\/media\/53636"}],"wp:attachment":[{"href":"https:\/\/labelfree.nl\/de\/wp-json\/wp\/v2\/media?parent=40308"}],"wp:term":[{"taxonomy":"product_brand","embeddable":true,"href":"https:\/\/labelfree.nl\/de\/wp-json\/wp\/v2\/product_brand?post=40308"},{"taxonomy":"product_cat","embeddable":true,"href":"https:\/\/labelfree.nl\/de\/wp-json\/wp\/v2\/product_cat?post=40308"},{"taxonomy":"product_tag","embeddable":true,"href":"https:\/\/labelfree.nl\/de\/wp-json\/wp\/v2\/product_tag?post=40308"}],"curies":[{"name":"wp","href":"https:\/\/api.w.org\/{rel}","templated":true}]}}