{"id":40570,"date":"2024-10-24T18:09:00","date_gmt":"2024-10-24T16:09:00","guid":{"rendered":"https:\/\/labelfree.nl\/product\/st718-hooded-sweat\/"},"modified":"2026-04-15T15:57:32","modified_gmt":"2026-04-15T13:57:32","slug":"st718-labelfree-hooded-sweat-hoodie-kwaliteit-bedrukken","status":"publish","type":"product","link":"https:\/\/labelfree.nl\/de\/produkt\/st718-kapuzensweat\/","title":{"rendered":"Kapuzenpullover \u2013 Standard-Hoodie"},"content":{"rendered":"<p>Hochwertiger, markenloser Hoodie. Sweatshirt mit Kapuze und K\u00e4ngurutasche. Isoli-Jersey-Stoff, 350 g\/m\u00b2.<\/p>\n<p><span style=\"color: #333333;\"><em>F\u00fcr die korrekte Farbdarstellung und -beschreibung klicken Sie auf das betreffende Hemd und anschlie\u00dfend erneut auf die Lupe.<\/em><\/span><\/p>\n<p>&nbsp;<\/p>\n<h3><span style=\"color: #5a7699;\"><strong>Kapuzensweatshirt \u2013 hohe Qualit\u00e4t<\/strong><\/span><\/h3>\n<p><strong>Baumwolle und recyceltes Polyester, Isoli 350 g\/m\u00b2<\/strong><\/p>\n<p><img decoding=\"async\" src=\"https:\/\/www.stormtextil.dk\/sites\/default\/files\/inline-images\/OTS100_label_19.HBD__1.jpg\" alt=\"\u00d6ko-Tex-zertifiziert\" \/><\/p>\n<ul>\n<li>Zusammensetzung: 651 TP3T gek\u00e4mmte Baumwolle \/ 351 TP3T recyceltes Polyester<\/li>\n<li>Materialzusammensetzung: 88% gek\u00e4mmte Baumwolle \/ 11% recyceltes Polyester \/ 1% Viskose<\/li>\n<li>Oxford Grey: 74% gek\u00e4mmte Baumwolle \/ 11% recyceltes Polyester \/ 15% Viskose<\/li>\n<li>Heather Navy: 80% gek\u00e4mmte Baumwolle \/ 20% recyceltes Polyester<\/li>\n<li>Isoli-Trikot<\/li>\n<li>Gewicht: 350 g\/m\u00b2<\/li>\n<li>Haube<\/li>\n<li>K\u00e4ngurutasche<\/li>\n<li>Erh\u00e4ltlich in 31 Farben<\/li>\n<li>Erh\u00e4ltlich von Kindergr\u00f6\u00dfe 1 Jahr bis 6XL<\/li>\n<li>Markenlos, kleines Gr\u00f6\u00dfenetikett im Halsausschnitt<\/li>\n<li>Geeignet f\u00fcr Siebdruck, Transferdruck, DTG-Druck und Stickerei<\/li>\n<li>Schachtel: 20 St\u00fcck. Einzelverpackung: 10 St\u00fcck. Auch einzeln erh\u00e4ltlich.<\/li>\n<\/ul>\n<p><strong>\u00a0<\/strong><\/p>\n<h4><span style=\"color: #5a7699;\"><strong>Hochwertiger Hoodie \u2013 strapazierf\u00e4hig und bequem<\/strong><\/span><\/h4>\n<p>Unser Kapuzenpullover ist ein absoluter Bestseller. Dieser beliebte, etikettenfreie Hoodie besteht aus gek\u00e4mmter Baumwolle und recyceltem Polyester und bietet so optimalen Tragekomfort und Langlebigkeit. Mit einem Gewicht von 350 g\/m\u00b2 ist er ein hochwertiger Pullover. Die gek\u00e4mmte Baumwolle sorgt f\u00fcr ein angenehm weiches Tragegef\u00fchl. Der Kapuzenpullover verf\u00fcgt \u00fcber eine K\u00e4ngurutasche aus dickem Isoliermaterial mit angerauter Innenseite f\u00fcr extra Weichheit. Die Kapuze ist doppellagig.<\/p>\n<p>\u00c4rmel und Saum sind mit einem breiten, 2x2-Rippstrickb\u00fcndchen mit Elastananteil versehen. Die hochwertig verarbeiteten B\u00fcndchen und der Saum verleihen diesem Pullover einen modernen Look. Einige Farben sind bis Gr\u00f6\u00dfe 6XL erh\u00e4ltlich.<\/p>\n<p>Die \u00d6sen sind aus Metall, und die Schn\u00fcrsenkel haben ein unten offenes Metallende. Bei den Kindergr\u00f6\u00dfen 1 bis 4 wurden die Kordelz\u00fcge und Metall\u00f6sen entfernt. Stattdessen wurde ein praktischer Druckknopf angebracht, der Kindern das An- und Ausziehen des Pullovers erleichtert. Diese Sicherheitsfunktion entspricht der Norm DS EN 14682. Der Kordelzug kann durch einen in einer anderen Farbe oder Ausf\u00fchrung ersetzt werden.<\/p>\n<h4><span style=\"color: #5a7699;\"><strong>Materialangaben<\/strong><\/span><\/h4>\n<p>Es besteht aus Isoli-Jersey (350 g\/m\u00b2). Isoli-Stoff wird als Single-Jersey gestrickt, wobei w\u00e4hrend der Produktion ein zus\u00e4tzlicher Faden auf der linken Seite eingearbeitet wird. Diese Seite wird oft angeraut oder angeraut, wodurch die R\u00fcckseite weich und warm wird. Dieser Jersey ist etwas schwerer.<\/p>\n<p>Die Grundzusammensetzung besteht aus 651 % gek\u00e4mmter Baumwolle und 35 % recyceltem Polyester und bietet ein optimales Verh\u00e4ltnis von Atmungsaktivit\u00e4t und Strapazierf\u00e4higkeit. Die Zusammensetzung variiert je nach Farbe. Einige Farben enthalten Viskose.<\/p>\n<h4><span style=\"color: #5a7699;\"><strong>Druck-, Stick- und Beschriftungsm\u00f6glichkeiten<\/strong><\/span><\/h4>\n<p>Unser gesamtes Sortiment eignet sich f\u00fcr B2B-Kunden. M\u00f6chten Sie unbedruckte Textilien bestellen, diese mit Ihrem eigenen Design bedrucken lassen oder ben\u00f6tigen Sie Druckvorlagen zum Selbstaufbringen? Das Team von Labelfree unterst\u00fctzt Sie gerne bei jedem Schritt.<\/p>\n<p>Labelfree bietet verschiedene Druckm\u00f6glichkeiten, darunter Transferdruck, DTF, Siebdruck und Stickerei. Auch eigene Nackendrucke und Etiketten, beispielsweise auf den \u00c4rmel, sind m\u00f6glich.<\/p>\n<p>Ben\u00f6tigen Sie Hilfe bei Ihrem eigenen Design? Unsere Grafikdesigner unterst\u00fctzen Sie gerne. So stellen wir sicher, dass das Endprodukt perfekt auf Ihre Bed\u00fcrfnisse zugeschnitten ist. Sie erhalten immer zun\u00e4chst ein kostenloses, visuelles Angebot. Kontaktieren Sie uns, um die M\u00f6glichkeiten zur Erstellung Ihrer eigenen Kollektion zu erkunden.<\/p>\n<p>&nbsp;<\/p>\n<p>Gr\u00f6\u00dfentabelle<\/p>\n<p><img fetchpriority=\"high\" decoding=\"async\" class=\"\" src=\"https:\/\/www.stormtextil.dk\/sites\/default\/files\/size-charts\/000718_Hooded_Sweat.png\" width=\"829\" height=\"74\" \/><\/p>\n<p>&nbsp;<\/p>\n<p>&nbsp;<\/p>\n<p>&nbsp;<\/p>","protected":false},"excerpt":{"rendered":"<p>Merkloze hoodie van hoge kwaliteit. Sweatshirt met capuchon en kangoeroezak. Isoli jersey stof, 350 g\/m\u00b2. voor de juiste kleur weergave- en omschrijving klikt u op het betreffende shirt en nogmaals op het vergrootglas &nbsp; hooded sweat &#8211; high quality Katoen en gerecycled polyester, Isoli 350 g\/m\u00b2 Samenstelling: 65% gekamd katoen \/ 35% gerecycled polyester Ash: [&hellip;]<\/p>\n","protected":false},"featured_media":53678,"template":"","meta":{"_acf_changed":false},"product_brand":[],"product_cat":[110,424,108],"product_tag":[],"class_list":{"0":"post-40570","1":"product","2":"type-product","3":"status-publish","4":"has-post-thumbnail","6":"product_cat-hooded-sweat","7":"product_cat-sweaters","8":"product_cat-sweatshirts","9":"pa_size-1-jaar","10":"pa_size-12-14-jaar","11":"pa_size-2-jaar","12":"pa_size-2xl","13":"pa_size-3-jaar","14":"pa_size-3-4-jaar","15":"pa_size-3xl","16":"pa_size-4-6-jaar","17":"pa_size-4xl","18":"pa_size-5xl","19":"pa_size-6xl","20":"pa_size-8-10-jaar","21":"pa_size-l","22":"pa_size-m","23":"pa_size-s","24":"pa_size-xl","25":"pa_size-xs","27":"first","28":"instock","29":"taxable","30":"shipping-taxable","31":"purchasable","32":"product-type-variable"},"acf":[],"yoast_head":"<!-- This site is optimized with the Yoast SEO plugin v27.4 - https:\/\/yoast.com\/product\/yoast-seo-wordpress\/ -->\n<title>hooded sweat - standaard hoodie - Labelfree<\/title>\n<meta name=\"description\" content=\"Labelfree heavy hooded sweat (350 g\/m\u00b2) van 65% gekamd katoen \/ 35% polyester \u2014 duurzaam en comfortabel, perfect voor bedrukking en private label.\" \/>\n<meta name=\"robots\" content=\"index, follow, max-snippet:-1, max-image-preview:large, max-video-preview:-1\" \/>\n<link rel=\"canonical\" href=\"https:\/\/labelfree.nl\/de\/produkt\/st718-kapuzensweat\/\" \/>\n<meta property=\"og:locale\" content=\"de_DE\" \/>\n<meta property=\"og:type\" content=\"article\" \/>\n<meta property=\"og:title\" content=\"hooded sweat - standaard hoodie - Labelfree\" \/>\n<meta property=\"og:description\" content=\"Labelfree heavy hooded sweat (350 g\/m\u00b2) van 65% gekamd katoen \/ 35% polyester \u2014 duurzaam en comfortabel, perfect voor bedrukking en private label.\" \/>\n<meta property=\"og:url\" content=\"https:\/\/labelfree.nl\/de\/produkt\/st718-kapuzensweat\/\" \/>\n<meta property=\"og:site_name\" content=\"Labelfree\" \/>\n<meta property=\"article:modified_time\" content=\"2026-04-15T13:57:32+00:00\" \/>\n<meta property=\"og:image\" content=\"https:\/\/labelfree.nl\/wp-content\/uploads\/2024\/10\/000718_Hooded_Sweat_01c-5.jpg\" \/>\n\t<meta property=\"og:image:width\" content=\"1279\" \/>\n\t<meta property=\"og:image:height\" content=\"1920\" \/>\n\t<meta property=\"og:image:type\" content=\"image\/jpeg\" \/>\n<meta name=\"twitter:card\" content=\"summary_large_image\" \/>\n<meta name=\"twitter:label1\" content=\"Gesch\u00e4tzte Lesezeit\" \/>\n\t<meta name=\"twitter:data1\" content=\"4\u00a0Minuten\" \/>\n<script type=\"application\/ld+json\" class=\"yoast-schema-graph\">{\"@context\":\"https:\\\/\\\/schema.org\",\"@graph\":[{\"@type\":\"WebPage\",\"@id\":\"https:\\\/\\\/labelfree.nl\\\/product\\\/st718-labelfree-hooded-sweat-hoodie-kwaliteit-bedrukken\\\/\",\"url\":\"https:\\\/\\\/labelfree.nl\\\/product\\\/st718-labelfree-hooded-sweat-hoodie-kwaliteit-bedrukken\\\/\",\"name\":\"hooded sweat - standaard hoodie - Labelfree\",\"isPartOf\":{\"@id\":\"https:\\\/\\\/labelfree.nl\\\/#website\"},\"primaryImageOfPage\":{\"@id\":\"https:\\\/\\\/labelfree.nl\\\/product\\\/st718-labelfree-hooded-sweat-hoodie-kwaliteit-bedrukken\\\/#primaryimage\"},\"image\":{\"@id\":\"https:\\\/\\\/labelfree.nl\\\/product\\\/st718-labelfree-hooded-sweat-hoodie-kwaliteit-bedrukken\\\/#primaryimage\"},\"thumbnailUrl\":\"https:\\\/\\\/labelfree.nl\\\/wp-content\\\/uploads\\\/2024\\\/10\\\/000718_Hooded_Sweat_01c-5.jpg\",\"datePublished\":\"2024-10-24T16:09:00+00:00\",\"dateModified\":\"2026-04-15T13:57:32+00:00\",\"description\":\"Labelfree heavy hooded sweat (350 g\\\/m\u00b2) van 65% gekamd katoen \\\/ 35% polyester \u2014 duurzaam en comfortabel, perfect voor bedrukking en private label.\",\"breadcrumb\":{\"@id\":\"https:\\\/\\\/labelfree.nl\\\/product\\\/st718-labelfree-hooded-sweat-hoodie-kwaliteit-bedrukken\\\/#breadcrumb\"},\"inLanguage\":\"de\",\"potentialAction\":[{\"@type\":\"ReadAction\",\"target\":[\"https:\\\/\\\/labelfree.nl\\\/product\\\/st718-labelfree-hooded-sweat-hoodie-kwaliteit-bedrukken\\\/\"]}]},{\"@type\":\"ImageObject\",\"inLanguage\":\"de\",\"@id\":\"https:\\\/\\\/labelfree.nl\\\/product\\\/st718-labelfree-hooded-sweat-hoodie-kwaliteit-bedrukken\\\/#primaryimage\",\"url\":\"https:\\\/\\\/labelfree.nl\\\/wp-content\\\/uploads\\\/2024\\\/10\\\/000718_Hooded_Sweat_01c-5.jpg\",\"contentUrl\":\"https:\\\/\\\/labelfree.nl\\\/wp-content\\\/uploads\\\/2024\\\/10\\\/000718_Hooded_Sweat_01c-5.jpg\",\"width\":1279,\"height\":1920},{\"@type\":\"BreadcrumbList\",\"@id\":\"https:\\\/\\\/labelfree.nl\\\/product\\\/st718-labelfree-hooded-sweat-hoodie-kwaliteit-bedrukken\\\/#breadcrumb\",\"itemListElement\":[{\"@type\":\"ListItem\",\"position\":1,\"name\":\"Home\",\"item\":\"https:\\\/\\\/labelfree.nl\\\/\"},{\"@type\":\"ListItem\",\"position\":2,\"name\":\"Webshop\",\"item\":\"https:\\\/\\\/labelfree.nl\\\/webshop\\\/\"},{\"@type\":\"ListItem\",\"position\":3,\"name\":\"hooded sweat &#8211; standaard hoodie\"}]},{\"@type\":\"WebSite\",\"@id\":\"https:\\\/\\\/labelfree.nl\\\/#website\",\"url\":\"https:\\\/\\\/labelfree.nl\\\/\",\"name\":\"Labelfree\",\"description\":\"Brandless quality\",\"potentialAction\":[{\"@type\":\"SearchAction\",\"target\":{\"@type\":\"EntryPoint\",\"urlTemplate\":\"https:\\\/\\\/labelfree.nl\\\/?s={search_term_string}\"},\"query-input\":{\"@type\":\"PropertyValueSpecification\",\"valueRequired\":true,\"valueName\":\"search_term_string\"}}],\"inLanguage\":\"de\"}]}<\/script>\n<!-- \/ Yoast SEO plugin. -->","yoast_head_json":{"title":"Kapuzenpullover \u2013 Standard-Hoodie \u2013 Labelfree","description":"Labelfree schwerer Kapuzenpullover (350 g\/m\u00b2) aus 65% gek\u00e4mmter Baumwolle \/ 35% Polyester \u2014 strapazierf\u00e4hig und komfortabel, perfekt f\u00fcr Bedruckung und Private Labeling.","robots":{"index":"index","follow":"follow","max-snippet":"max-snippet:-1","max-image-preview":"max-image-preview:large","max-video-preview":"max-video-preview:-1"},"canonical":"https:\/\/labelfree.nl\/de\/produkt\/st718-kapuzensweat\/","og_locale":"de_DE","og_type":"article","og_title":"hooded sweat - standaard hoodie - Labelfree","og_description":"Labelfree heavy hooded sweat (350 g\/m\u00b2) van 65% gekamd katoen \/ 35% polyester \u2014 duurzaam en comfortabel, perfect voor bedrukking en private label.","og_url":"https:\/\/labelfree.nl\/de\/produkt\/st718-kapuzensweat\/","og_site_name":"Labelfree","article_modified_time":"2026-04-15T13:57:32+00:00","og_image":[{"width":1279,"height":1920,"url":"https:\/\/labelfree.nl\/wp-content\/uploads\/2024\/10\/000718_Hooded_Sweat_01c-5.jpg","type":"image\/jpeg"}],"twitter_card":"summary_large_image","twitter_misc":{"Gesch\u00e4tzte Lesezeit":"4\u00a0Minuten"},"schema":{"@context":"https:\/\/schema.org","@graph":[{"@type":"WebPage","@id":"https:\/\/labelfree.nl\/product\/st718-labelfree-hooded-sweat-hoodie-kwaliteit-bedrukken\/","url":"https:\/\/labelfree.nl\/product\/st718-labelfree-hooded-sweat-hoodie-kwaliteit-bedrukken\/","name":"Kapuzenpullover \u2013 Standard-Hoodie \u2013 Labelfree","isPartOf":{"@id":"https:\/\/labelfree.nl\/#website"},"primaryImageOfPage":{"@id":"https:\/\/labelfree.nl\/product\/st718-labelfree-hooded-sweat-hoodie-kwaliteit-bedrukken\/#primaryimage"},"image":{"@id":"https:\/\/labelfree.nl\/product\/st718-labelfree-hooded-sweat-hoodie-kwaliteit-bedrukken\/#primaryimage"},"thumbnailUrl":"https:\/\/labelfree.nl\/wp-content\/uploads\/2024\/10\/000718_Hooded_Sweat_01c-5.jpg","datePublished":"2024-10-24T16:09:00+00:00","dateModified":"2026-04-15T13:57:32+00:00","description":"Labelfree schwerer Kapuzenpullover (350 g\/m\u00b2) aus 65% gek\u00e4mmter Baumwolle \/ 35% Polyester \u2014 strapazierf\u00e4hig und komfortabel, perfekt f\u00fcr Bedruckung und Private Labeling.","breadcrumb":{"@id":"https:\/\/labelfree.nl\/product\/st718-labelfree-hooded-sweat-hoodie-kwaliteit-bedrukken\/#breadcrumb"},"inLanguage":"de","potentialAction":[{"@type":"ReadAction","target":["https:\/\/labelfree.nl\/product\/st718-labelfree-hooded-sweat-hoodie-kwaliteit-bedrukken\/"]}]},{"@type":"ImageObject","inLanguage":"de","@id":"https:\/\/labelfree.nl\/product\/st718-labelfree-hooded-sweat-hoodie-kwaliteit-bedrukken\/#primaryimage","url":"https:\/\/labelfree.nl\/wp-content\/uploads\/2024\/10\/000718_Hooded_Sweat_01c-5.jpg","contentUrl":"https:\/\/labelfree.nl\/wp-content\/uploads\/2024\/10\/000718_Hooded_Sweat_01c-5.jpg","width":1279,"height":1920},{"@type":"BreadcrumbList","@id":"https:\/\/labelfree.nl\/product\/st718-labelfree-hooded-sweat-hoodie-kwaliteit-bedrukken\/#breadcrumb","itemListElement":[{"@type":"ListItem","position":1,"name":"Home","item":"https:\/\/labelfree.nl\/"},{"@type":"ListItem","position":2,"name":"Webshop","item":"https:\/\/labelfree.nl\/webshop\/"},{"@type":"ListItem","position":3,"name":"hooded sweat &#8211; standaard hoodie"}]},{"@type":"WebSite","@id":"https:\/\/labelfree.nl\/#website","url":"https:\/\/labelfree.nl\/","name":"Etikettenfrei","description":"Markenlose Qualit\u00e4t","potentialAction":[{"@type":"SearchAction","target":{"@type":"EntryPoint","urlTemplate":"https:\/\/labelfree.nl\/?s={search_term_string}"},"query-input":{"@type":"PropertyValueSpecification","valueRequired":true,"valueName":"search_term_string"}}],"inLanguage":"de"}]}},"jetpack_sharing_enabled":true,"_links":{"self":[{"href":"https:\/\/labelfree.nl\/de\/wp-json\/wp\/v2\/product\/40570","targetHints":{"allow":["GET"]}}],"collection":[{"href":"https:\/\/labelfree.nl\/de\/wp-json\/wp\/v2\/product"}],"about":[{"href":"https:\/\/labelfree.nl\/de\/wp-json\/wp\/v2\/types\/product"}],"wp:featuredmedia":[{"embeddable":true,"href":"https:\/\/labelfree.nl\/de\/wp-json\/wp\/v2\/media\/53678"}],"wp:attachment":[{"href":"https:\/\/labelfree.nl\/de\/wp-json\/wp\/v2\/media?parent=40570"}],"wp:term":[{"taxonomy":"product_brand","embeddable":true,"href":"https:\/\/labelfree.nl\/de\/wp-json\/wp\/v2\/product_brand?post=40570"},{"taxonomy":"product_cat","embeddable":true,"href":"https:\/\/labelfree.nl\/de\/wp-json\/wp\/v2\/product_cat?post=40570"},{"taxonomy":"product_tag","embeddable":true,"href":"https:\/\/labelfree.nl\/de\/wp-json\/wp\/v2\/product_tag?post=40570"}],"curies":[{"name":"wp","href":"https:\/\/api.w.org\/{rel}","templated":true}]}}