{"id":40873,"date":"2024-10-24T18:12:12","date_gmt":"2024-10-24T16:12:12","guid":{"rendered":"https:\/\/labelfree.nl\/product\/st722-hooded-zip-sweat\/"},"modified":"2026-04-26T02:03:57","modified_gmt":"2026-04-26T00:03:57","slug":"hoody-zip-kwaliteit-labelfree-printmogelijkheden-ontwerphulp","status":"publish","type":"product","link":"https:\/\/labelfree.nl\/de\/produkt\/st722-kapuzenpullover-mit-reisverschluss\/","title":{"rendered":"Hoodie mit schwerem Rei\u00dfverschluss"},"content":{"rendered":"<p><span style=\"color: #333333;\">Kapuzenpullover mit Rei\u00dfverschluss und gef\u00fctterter Kapuze. Aus 350 g\/m\u00b2 schwerem Isoli-Jersey. Strapazierf\u00e4higes Material. Attraktive B\u00fcndchen und flache Kordelz\u00fcge.<\/span><\/p>\n<p><span style=\"color: #333333;\"><em>F\u00fcr die korrekte Farbdarstellung und -beschreibung klicken Sie auf das betreffende Hemd und anschlie\u00dfend erneut auf die Lupe.<\/em><\/span><\/p>\n<h3><span style=\"color: #5a7699;\"><strong>dicker Hoodie mit Rei\u00dfverschluss<\/strong><\/span><\/h3>\n<p><strong>Baumwolle und recyceltes Polyester, Isoli 350 g\/m\u00b2<\/strong><\/p>\n<p><img decoding=\"async\" src=\"https:\/\/www.stormtextil.dk\/sites\/default\/files\/inline-images\/OTS100_label_19.HBD__1.jpg\" alt=\"\u00d6ko-Tex-zertifiziert\" \/><\/p>\n<ul>\n<li>Zusammensetzung: 651 TP3T gek\u00e4mmte Baumwolle \/ 351 TP3T recyceltes Polyester<\/li>\n<li>Oxford Grey: 74% gek\u00e4mmte Baumwolle \/ 11% recyceltes Polyester \/ 15% Viskose<\/li>\n<li>Isoli-Trikot<\/li>\n<li>Gewicht: 350 g\/m\u00b2<\/li>\n<li>Rei\u00dfverschluss und doppelte Kapuze<\/li>\n<li>Seitentaschen<\/li>\n<li>Erh\u00e4ltlich in 10 Farben<\/li>\n<li>Erh\u00e4ltlich in Kindergr\u00f6\u00dfen von 1 Jahr bis 5XL<\/li>\n<li>Kleines Gr\u00f6\u00dfenetikett im Halsausschnitt<\/li>\n<li>Schachtel: 20 St\u00fcck. Einzelverpackung: 10 St\u00fcck. Auch einzeln erh\u00e4ltlich.<\/li>\n<\/ul>\n<h4><\/h4>\n<h4><span style=\"color: #5a7699;\"><strong>Kapuzenpullover mit robustem Rei\u00dfverschluss \u2013 vielseitig und von hoher Qualit\u00e4t<\/strong><\/span><\/h4>\n<p>Dieser Hoodie besteht aus gek\u00e4mmter Baumwolle und recyceltem Polyester und bietet dadurch hohen Tragekomfort und Langlebigkeit. Die gek\u00e4mmte Baumwolle sorgt f\u00fcr ein weiches Tragegef\u00fchl. Die Kapuze ist doppellagig.<\/p>\n<p>Dieser klassische Hoodie verf\u00fcgt \u00fcber einen durchgehenden Metallrei\u00dfverschluss vorne, eine doppellagige Kapuze mit flachen, breiten Kordelz\u00fcgen, zwei Seitentaschen, einen breiten, gerippten Lycra-Saum und ein leicht angerautes Innenfutter. Doppelte N\u00e4hte an Seiten und N\u00e4hten sorgen f\u00fcr zus\u00e4tzliche Stabilit\u00e4t.<\/p>\n<p>Die Kindergr\u00f6\u00dfen sind kordellos. Diese Sicherheitsma\u00dfnahme entspricht der Norm DS EN 14682.<\/p>\n<h4><span style=\"color: #5a7699;\"><strong>Materialangaben<\/strong><\/span><\/h4>\n<p>Es besteht aus Isoli-Jersey (350 g\/m\u00b2). Isoli-Gewebe wird als Single-Jersey gestrickt, wobei w\u00e4hrend der Produktion ein zus\u00e4tzlicher Faden auf der linken Seite eingearbeitet wird. Diese Seite wird oft angeraut oder angeraut, wodurch die R\u00fcckseite weich und warm wird. Es handelt sich um einen etwas festeren und schwereren Jersey.<\/p>\n<p>Das Basismaterial besteht aus 651 % gek\u00e4mmter Baumwolle und 35 % recyceltem Polyester und bietet ein optimales Verh\u00e4ltnis von Atmungsaktivit\u00e4t und Strapazierf\u00e4higkeit. Oxford Grey: 74 % gek\u00e4mmte Baumwolle, 11 % recyceltes Polyester, 15 % Viskose.<\/p>\n<h4><span style=\"color: #5a7699;\"><strong>Druck-, Stick- und Beschriftungsm\u00f6glichkeiten<\/strong><\/span><\/h4>\n<p>M\u00f6chten Sie unbedruckte Kleidung bestellen, mit Ihrem eigenen Design bedrucken lassen oder ben\u00f6tigen Sie selbst aufzubringende Drucke? Bei Labelfree steht Ihnen unser Team bei jedem Schritt zur Seite.<\/p>\n<p>Labelfree bietet verschiedene Druckm\u00f6glichkeiten, darunter Transferdruck, DTF, Siebdruck und Stickerei. Auch eigene Nackendrucke und Etiketten, beispielsweise auf den \u00c4rmel, sind m\u00f6glich.<\/p>\n<p>Ben\u00f6tigen Sie Hilfe bei Ihrem eigenen Design? Unsere Grafikdesigner unterst\u00fctzen Sie gerne. So stellen wir sicher, dass das Endprodukt perfekt auf Ihre Bed\u00fcrfnisse zugeschnitten ist. Sie erhalten immer zun\u00e4chst ein kostenloses, visuelles Angebot. Kontaktieren Sie uns, um die M\u00f6glichkeiten zur Erstellung Ihrer eigenen Kollektion zu erkunden.<\/p>\n<p>&nbsp;<\/p>\n<p>Gr\u00f6\u00dfentabelle<\/p>\n<p><img decoding=\"async\" class=\"\" src=\"https:\/\/www.stormtextil.dk\/sites\/default\/files\/product-image\/size-charts\/ST722_Hooded_Zip_Sweat.png\" alt=\"Kumpel\" width=\"837\" height=\"55\" \/><\/p>\n<p>Pflegeanleitung<\/p>\n<p><img decoding=\"async\" src=\"https:\/\/www.stormtextil.dk\/sites\/default\/files\/product-image\/washing-instructions\/Storm_washing_instructions_40_29.png\" \/><\/p>","protected":false},"excerpt":{"rendered":"<p>Hoodie met ritssluiting en gevoerde capuchon. Isoli jersey stof, 350 g\/m\u00b2. Vest van zware kwaliteit. Mooie manchetten en platte koorden voor de juiste kleur weergave- en omschrijving klikt u op het betreffende shirt en nogmaals op het vergrootglas hoody heavy met rits Katoen en gerecycled polyester, Isoli 350 g\/m\u00b2 Samenstelling: 65% gekamd katoen \/ 35% [&hellip;]<\/p>\n","protected":false},"featured_media":53728,"template":"","meta":{"_acf_changed":false},"product_brand":[],"product_cat":[110,113,424,108,114],"product_tag":[],"class_list":{"0":"post-40873","1":"product","2":"type-product","3":"status-publish","4":"has-post-thumbnail","6":"product_cat-hooded-sweat","7":"product_cat-hooded-zip-sweat","8":"product_cat-sweaters","9":"product_cat-sweatshirts","10":"product_cat-zip-sweat","11":"pa_size-1-year","12":"pa_size-12-14-jaar","13":"pa_size-2-jaar","14":"pa_size-2-years","15":"pa_size-2xl","16":"pa_size-3-years","17":"pa_size-3-4-years","18":"pa_size-3xl","19":"pa_size-4-6-jaar","20":"pa_size-4xl","21":"pa_size-5xl","22":"pa_size-8-10-jaar","23":"pa_size-l","24":"pa_size-m","25":"pa_size-s","26":"pa_size-xl","27":"pa_size-xs","28":"pa_size-xxl","30":"first","31":"instock","32":"taxable","33":"shipping-taxable","34":"purchasable","35":"product-type-variable","36":"has-default-attributes"},"acf":[],"yoast_head":"<!-- This site is optimized with the Yoast SEO plugin v27.4 - https:\/\/yoast.com\/product\/yoast-seo-wordpress\/ -->\n<title>Hoodie heavy rits - Labelfree<\/title>\n<meta name=\"description\" content=\"Hoodie met ritssluiting en gevoerde capuchon. Isoli 350 g\/m\u00b2. Labelfree, transferprint DTF zeefdruk borduren mogelijk. Gratis ontwerphulp\" \/>\n<meta name=\"robots\" content=\"index, follow, max-snippet:-1, max-image-preview:large, max-video-preview:-1\" \/>\n<link rel=\"canonical\" href=\"https:\/\/labelfree.nl\/de\/produkt\/st722-kapuzenpullover-mit-reisverschluss\/\" \/>\n<meta property=\"og:locale\" content=\"de_DE\" \/>\n<meta property=\"og:type\" content=\"article\" \/>\n<meta property=\"og:title\" content=\"Hoodie heavy rits - Labelfree\" \/>\n<meta property=\"og:description\" content=\"Hoodie met ritssluiting en gevoerde capuchon. Isoli 350 g\/m\u00b2. Labelfree, transferprint DTF zeefdruk borduren mogelijk. Gratis ontwerphulp\" \/>\n<meta property=\"og:url\" content=\"https:\/\/labelfree.nl\/de\/produkt\/st722-kapuzenpullover-mit-reisverschluss\/\" \/>\n<meta property=\"og:site_name\" content=\"Labelfree\" \/>\n<meta property=\"article:modified_time\" content=\"2026-04-26T00:03:57+00:00\" \/>\n<meta property=\"og:image\" content=\"https:\/\/labelfree.nl\/wp-content\/uploads\/2024\/10\/000722_Hooded_Zip_Sweat_01c-4.jpg\" \/>\n\t<meta property=\"og:image:width\" content=\"1279\" \/>\n\t<meta property=\"og:image:height\" content=\"1920\" \/>\n\t<meta property=\"og:image:type\" content=\"image\/jpeg\" \/>\n<meta name=\"twitter:card\" content=\"summary_large_image\" \/>\n<meta name=\"twitter:label1\" content=\"Gesch\u00e4tzte Lesezeit\" \/>\n\t<meta name=\"twitter:data1\" content=\"3\u00a0Minuten\" \/>\n<script type=\"application\/ld+json\" class=\"yoast-schema-graph\">{\"@context\":\"https:\\\/\\\/schema.org\",\"@graph\":[{\"@type\":\"WebPage\",\"@id\":\"https:\\\/\\\/labelfree.nl\\\/product\\\/hoody-zip-kwaliteit-labelfree-printmogelijkheden-ontwerphulp\\\/\",\"url\":\"https:\\\/\\\/labelfree.nl\\\/product\\\/hoody-zip-kwaliteit-labelfree-printmogelijkheden-ontwerphulp\\\/\",\"name\":\"Hoodie heavy rits - Labelfree\",\"isPartOf\":{\"@id\":\"https:\\\/\\\/labelfree.nl\\\/#website\"},\"primaryImageOfPage\":{\"@id\":\"https:\\\/\\\/labelfree.nl\\\/product\\\/hoody-zip-kwaliteit-labelfree-printmogelijkheden-ontwerphulp\\\/#primaryimage\"},\"image\":{\"@id\":\"https:\\\/\\\/labelfree.nl\\\/product\\\/hoody-zip-kwaliteit-labelfree-printmogelijkheden-ontwerphulp\\\/#primaryimage\"},\"thumbnailUrl\":\"https:\\\/\\\/labelfree.nl\\\/wp-content\\\/uploads\\\/2024\\\/10\\\/000722_Hooded_Zip_Sweat_01c-4.jpg\",\"datePublished\":\"2024-10-24T16:12:12+00:00\",\"dateModified\":\"2026-04-26T00:03:57+00:00\",\"description\":\"Hoodie met ritssluiting en gevoerde capuchon. Isoli 350 g\\\/m\u00b2. Labelfree, transferprint DTF zeefdruk borduren mogelijk. Gratis ontwerphulp\",\"breadcrumb\":{\"@id\":\"https:\\\/\\\/labelfree.nl\\\/product\\\/hoody-zip-kwaliteit-labelfree-printmogelijkheden-ontwerphulp\\\/#breadcrumb\"},\"inLanguage\":\"de\",\"potentialAction\":[{\"@type\":\"ReadAction\",\"target\":[\"https:\\\/\\\/labelfree.nl\\\/product\\\/hoody-zip-kwaliteit-labelfree-printmogelijkheden-ontwerphulp\\\/\"]}]},{\"@type\":\"ImageObject\",\"inLanguage\":\"de\",\"@id\":\"https:\\\/\\\/labelfree.nl\\\/product\\\/hoody-zip-kwaliteit-labelfree-printmogelijkheden-ontwerphulp\\\/#primaryimage\",\"url\":\"https:\\\/\\\/labelfree.nl\\\/wp-content\\\/uploads\\\/2024\\\/10\\\/000722_Hooded_Zip_Sweat_01c-4.jpg\",\"contentUrl\":\"https:\\\/\\\/labelfree.nl\\\/wp-content\\\/uploads\\\/2024\\\/10\\\/000722_Hooded_Zip_Sweat_01c-4.jpg\",\"width\":1279,\"height\":1920},{\"@type\":\"BreadcrumbList\",\"@id\":\"https:\\\/\\\/labelfree.nl\\\/product\\\/hoody-zip-kwaliteit-labelfree-printmogelijkheden-ontwerphulp\\\/#breadcrumb\",\"itemListElement\":[{\"@type\":\"ListItem\",\"position\":1,\"name\":\"Home\",\"item\":\"https:\\\/\\\/labelfree.nl\\\/\"},{\"@type\":\"ListItem\",\"position\":2,\"name\":\"Webshop\",\"item\":\"https:\\\/\\\/labelfree.nl\\\/webshop\\\/\"},{\"@type\":\"ListItem\",\"position\":3,\"name\":\"Hoodie heavy rits\"}]},{\"@type\":\"WebSite\",\"@id\":\"https:\\\/\\\/labelfree.nl\\\/#website\",\"url\":\"https:\\\/\\\/labelfree.nl\\\/\",\"name\":\"Labelfree\",\"description\":\"Brandless quality\",\"potentialAction\":[{\"@type\":\"SearchAction\",\"target\":{\"@type\":\"EntryPoint\",\"urlTemplate\":\"https:\\\/\\\/labelfree.nl\\\/?s={search_term_string}\"},\"query-input\":{\"@type\":\"PropertyValueSpecification\",\"valueRequired\":true,\"valueName\":\"search_term_string\"}}],\"inLanguage\":\"de\"}]}<\/script>\n<!-- \/ Yoast SEO plugin. -->","yoast_head_json":{"title":"Hoodie mit robustem Rei\u00dfverschluss \u2013 Labelfree","description":"Kapuzenpullover mit Rei\u00dfverschluss und gef\u00fctterter Kapuze. 350 g\/m\u00b2 Isolierung. Etikettenfrei, Transferdruck, DTF-Siebdruck, Stickerei m\u00f6glich. Kostenlose Designberatung.","robots":{"index":"index","follow":"follow","max-snippet":"max-snippet:-1","max-image-preview":"max-image-preview:large","max-video-preview":"max-video-preview:-1"},"canonical":"https:\/\/labelfree.nl\/de\/produkt\/st722-kapuzenpullover-mit-reisverschluss\/","og_locale":"de_DE","og_type":"article","og_title":"Hoodie heavy rits - Labelfree","og_description":"Hoodie met ritssluiting en gevoerde capuchon. Isoli 350 g\/m\u00b2. Labelfree, transferprint DTF zeefdruk borduren mogelijk. Gratis ontwerphulp","og_url":"https:\/\/labelfree.nl\/de\/produkt\/st722-kapuzenpullover-mit-reisverschluss\/","og_site_name":"Labelfree","article_modified_time":"2026-04-26T00:03:57+00:00","og_image":[{"width":1279,"height":1920,"url":"https:\/\/labelfree.nl\/wp-content\/uploads\/2024\/10\/000722_Hooded_Zip_Sweat_01c-4.jpg","type":"image\/jpeg"}],"twitter_card":"summary_large_image","twitter_misc":{"Gesch\u00e4tzte Lesezeit":"3\u00a0Minuten"},"schema":{"@context":"https:\/\/schema.org","@graph":[{"@type":"WebPage","@id":"https:\/\/labelfree.nl\/product\/hoody-zip-kwaliteit-labelfree-printmogelijkheden-ontwerphulp\/","url":"https:\/\/labelfree.nl\/product\/hoody-zip-kwaliteit-labelfree-printmogelijkheden-ontwerphulp\/","name":"Hoodie mit robustem Rei\u00dfverschluss \u2013 Labelfree","isPartOf":{"@id":"https:\/\/labelfree.nl\/#website"},"primaryImageOfPage":{"@id":"https:\/\/labelfree.nl\/product\/hoody-zip-kwaliteit-labelfree-printmogelijkheden-ontwerphulp\/#primaryimage"},"image":{"@id":"https:\/\/labelfree.nl\/product\/hoody-zip-kwaliteit-labelfree-printmogelijkheden-ontwerphulp\/#primaryimage"},"thumbnailUrl":"https:\/\/labelfree.nl\/wp-content\/uploads\/2024\/10\/000722_Hooded_Zip_Sweat_01c-4.jpg","datePublished":"2024-10-24T16:12:12+00:00","dateModified":"2026-04-26T00:03:57+00:00","description":"Kapuzenpullover mit Rei\u00dfverschluss und gef\u00fctterter Kapuze. 350 g\/m\u00b2 Isolierung. Etikettenfrei, Transferdruck, DTF-Siebdruck, Stickerei m\u00f6glich. Kostenlose Designberatung.","breadcrumb":{"@id":"https:\/\/labelfree.nl\/product\/hoody-zip-kwaliteit-labelfree-printmogelijkheden-ontwerphulp\/#breadcrumb"},"inLanguage":"de","potentialAction":[{"@type":"ReadAction","target":["https:\/\/labelfree.nl\/product\/hoody-zip-kwaliteit-labelfree-printmogelijkheden-ontwerphulp\/"]}]},{"@type":"ImageObject","inLanguage":"de","@id":"https:\/\/labelfree.nl\/product\/hoody-zip-kwaliteit-labelfree-printmogelijkheden-ontwerphulp\/#primaryimage","url":"https:\/\/labelfree.nl\/wp-content\/uploads\/2024\/10\/000722_Hooded_Zip_Sweat_01c-4.jpg","contentUrl":"https:\/\/labelfree.nl\/wp-content\/uploads\/2024\/10\/000722_Hooded_Zip_Sweat_01c-4.jpg","width":1279,"height":1920},{"@type":"BreadcrumbList","@id":"https:\/\/labelfree.nl\/product\/hoody-zip-kwaliteit-labelfree-printmogelijkheden-ontwerphulp\/#breadcrumb","itemListElement":[{"@type":"ListItem","position":1,"name":"Home","item":"https:\/\/labelfree.nl\/"},{"@type":"ListItem","position":2,"name":"Webshop","item":"https:\/\/labelfree.nl\/webshop\/"},{"@type":"ListItem","position":3,"name":"Hoodie heavy rits"}]},{"@type":"WebSite","@id":"https:\/\/labelfree.nl\/#website","url":"https:\/\/labelfree.nl\/","name":"Etikettenfrei","description":"Markenlose Qualit\u00e4t","potentialAction":[{"@type":"SearchAction","target":{"@type":"EntryPoint","urlTemplate":"https:\/\/labelfree.nl\/?s={search_term_string}"},"query-input":{"@type":"PropertyValueSpecification","valueRequired":true,"valueName":"search_term_string"}}],"inLanguage":"de"}]}},"jetpack_sharing_enabled":true,"_links":{"self":[{"href":"https:\/\/labelfree.nl\/de\/wp-json\/wp\/v2\/product\/40873","targetHints":{"allow":["GET"]}}],"collection":[{"href":"https:\/\/labelfree.nl\/de\/wp-json\/wp\/v2\/product"}],"about":[{"href":"https:\/\/labelfree.nl\/de\/wp-json\/wp\/v2\/types\/product"}],"wp:featuredmedia":[{"embeddable":true,"href":"https:\/\/labelfree.nl\/de\/wp-json\/wp\/v2\/media\/53728"}],"wp:attachment":[{"href":"https:\/\/labelfree.nl\/de\/wp-json\/wp\/v2\/media?parent=40873"}],"wp:term":[{"taxonomy":"product_brand","embeddable":true,"href":"https:\/\/labelfree.nl\/de\/wp-json\/wp\/v2\/product_brand?post=40873"},{"taxonomy":"product_cat","embeddable":true,"href":"https:\/\/labelfree.nl\/de\/wp-json\/wp\/v2\/product_cat?post=40873"},{"taxonomy":"product_tag","embeddable":true,"href":"https:\/\/labelfree.nl\/de\/wp-json\/wp\/v2\/product_tag?post=40873"}],"curies":[{"name":"wp","href":"https:\/\/api.w.org\/{rel}","templated":true}]}}