{"id":40983,"date":"2024-10-24T18:13:23","date_gmt":"2024-10-24T16:13:23","guid":{"rendered":"https:\/\/labelfree.nl\/product\/st723-mens-zip-sweat\/"},"modified":"2026-04-17T02:06:00","modified_gmt":"2026-04-17T00:06:00","slug":"sweater-zip-kraag-labelfree-printmogelijkheden-ontwerphulp","status":"publish","type":"product","link":"https:\/\/labelfree.nl\/de\/produkt\/st723-herren-sweatshirt-mit-reisverschluss\/","title":{"rendered":"Sweatshirt mit Rei\u00dfverschluss"},"content":{"rendered":"<p><span style=\"color: #333333;\">Sportlicher Stehkragen-Pullover mit Rei\u00dfverschluss. Interlock-Jersey-Gewebe, 290 g\/m\u00b2. Bequem, atmungsaktiv und von schwerer, luxuri\u00f6ser Qualit\u00e4t.<\/span><\/p>\n<p><span style=\"color: #333333;\"><em>F\u00fcr die korrekte Farbdarstellung und -beschreibung klicken Sie auf das betreffende Hemd und anschlie\u00dfend erneut auf die Lupe.<\/em><\/span><\/p>\n<p>&nbsp;<\/p>\n<h3><span style=\"color: #5a7699;\"><strong>Sweatshirt mit Rei\u00dfverschluss<\/strong><\/span><\/h3>\n<p><strong>Gek\u00e4mmte Baumwolle und Polyester. Interlock, 290 g\/m\u00b2<\/strong><\/p>\n<p><img decoding=\"async\" src=\"https:\/\/www.stormtextil.dk\/sites\/default\/files\/inline-images\/OTS100_label_19.HBD__1.jpg\" alt=\"\u00d6ko-Tex-zertifiziert\" \/><\/p>\n<ul>\n<li>Material: 80% gek\u00e4mmte Baumwolle \/ 20% Polyester<\/li>\n<li>Oxford Grey: 74% gek\u00e4mmte Baumwolle \/ 11% Polyester \/ 15% Viskose<\/li>\n<li>Interlock-Trikot<\/li>\n<li>Gewicht: 290 g\/m\u00b2<\/li>\n<li>Stehkragen und durchgehender Rei\u00dfverschluss<\/li>\n<li>Gehrungstaschen<\/li>\n<li>Erh\u00e4ltlich in 4 Farben<\/li>\n<li>Erh\u00e4ltlich in den Gr\u00f6\u00dfen XS bis 4XL<\/li>\n<li>Kleines Gr\u00f6\u00dfenetikett im Halsausschnitt<\/li>\n<li>Schachtel: 20 St\u00fcck. Einzelverpackung: 5 St\u00fcck. Auch einzeln erh\u00e4ltlich.<\/li>\n<\/ul>\n<h4><span style=\"color: #5a7699;\"><strong>Sweatshirt mit Rei\u00dfverschluss \u2013 modern und nachhaltig <\/strong><\/span><\/h4>\n<p>Unser Herren-Sweatshirt mit Rei\u00dfverschluss besticht durch seinen modernen und sportlichen Look. Es verf\u00fcgt \u00fcber einen stylischen Stehkragen und einen durchgehenden Rei\u00dfverschluss. Zwei ger\u00e4umige Seitentaschen sorgen f\u00fcr einen cleanen und dezenten Look. Breite, gerippte B\u00fcndchen und ein Saum aus Lycra garantieren hohen Tragekomfort. Doppelte N\u00e4hte und Seitenn\u00e4hte erh\u00f6hen die Strapazierf\u00e4higkeit und Langlebigkeit des Sweatshirts. Dieses Sweatshirt ist f\u00fcr Damen und Herren gleicherma\u00dfen geeignet.<\/p>\n<p>Das Herren-Sweatshirt mit Rei\u00dfverschluss besteht aus 290 g\/m\u00b2 Interlock-Jersey. Interlock ist ein doppelt gestrickter Single-Jersey-Stoff, bei dem die Maschen ineinandergreifen und somit auf beiden Seiten identisch sind. Das Gewicht von 290 g\/m\u00b2 steht f\u00fcr eine etwas h\u00f6here Qualit\u00e4t. Das Sweatshirt ist weich, dehnbar und formbest\u00e4ndig.<\/p>\n<h4><span style=\"color: #5a7699;\"><strong>Materialangaben<\/strong><\/span><\/h4>\n<p>Es besteht aus 290 g\/m\u00b2 Interlock-Jersey. Beide Seiten des Stoffes sind identisch, und die Oberfl\u00e4che zeichnet sich durch eine dichte Struktur aus. Der Stoff ist etwas dicker und fester als Single-Jersey. Sein Gewicht von 290 g\/m\u00b2 sorgt f\u00fcr Langlebigkeit und Formbest\u00e4ndigkeit, sodass der Pullover auch nach h\u00e4ufigem Waschen seine Form beh\u00e4lt. Das Sweatshirt hat eine luxuri\u00f6se Optik.<\/p>\n<p>Der Grundstoff besteht aus einer Mischung aus 801 % gek\u00e4mmter Baumwolle und 201 % Polyester. Die Variante in Oxford Grey besteht aus 74 % gek\u00e4mmter Baumwolle, 111 % Polyester und 151 % Viskose, wodurch sie sich etwas anders anf\u00fchlt und aussieht. Der Stoff ist strapazierf\u00e4hig, atmungsaktiv und formbest\u00e4ndig.<\/p>\n<h4><span style=\"color: #5a7699;\"><strong>Druck-, Stick- und Beschriftungsm\u00f6glichkeiten<\/strong><\/span><\/h4>\n<p>M\u00f6chten Sie unbedruckte Kleidung bestellen, mit Ihrem eigenen Design bedrucken lassen oder ben\u00f6tigen Sie selbst aufzubringende Drucke? Bei Labelfree steht Ihnen unser Team bei jedem Schritt zur Seite.<\/p>\n<p>Labelfree bietet verschiedene Druckm\u00f6glichkeiten, darunter Transferdruck, DTF, Siebdruck und Stickerei. Auch eigene Nackendrucke und Etiketten, beispielsweise auf den \u00c4rmel, sind m\u00f6glich.<\/p>\n<p>Ben\u00f6tigen Sie Hilfe bei Ihrem eigenen Design? Unsere Grafikdesigner unterst\u00fctzen Sie gerne. So stellen wir sicher, dass das Endprodukt perfekt auf Ihre Bed\u00fcrfnisse zugeschnitten ist. Sie erhalten immer zun\u00e4chst ein kostenloses, visuelles Angebot. Kontaktieren Sie uns, um die M\u00f6glichkeiten zur Erstellung Ihrer eigenen Kollektion zu erkunden.<\/p>\n<p>&nbsp;<\/p>\n<p>Gr\u00f6\u00dfentabelle<\/p>\n<p><img fetchpriority=\"high\" decoding=\"async\" class=\"\" src=\"https:\/\/www.stormtextil.dk\/sites\/default\/files\/product-image\/size-charts\/ST723_Mens_Zip_Sweat.png\" alt=\"st723\" width=\"679\" height=\"78\" \/><\/p>\n<p>Pflegeanleitung<\/p>\n<p><img decoding=\"async\" class=\"\" src=\"https:\/\/www.stormtextil.dk\/sites\/default\/files\/2018-04\/Storm_washing_instructions_40_98.gif\" width=\"166\" height=\"25\" \/><\/p>\n<p>&nbsp;<\/p>\n<p>&nbsp;<\/p>","protected":false},"excerpt":{"rendered":"<p>Sweater met rits. Sportieve opstaande kraag. Interlock jersey stof, 290 g\/m\u00b2. Fijn draagcomfort, ademend en heavy luxe quality voor de juiste kleur weergave- en omschrijving klikt u op het betreffende shirt en nogmaals op het vergrootglas &nbsp; sweatshirt met rits Gekamd katoen en polyester. Interlock, 290 g\/m\u00b2 Materiaal: 80% gekamd katoen \/ 20% polyester Oxford [&hellip;]<\/p>\n","protected":false},"featured_media":53750,"template":"","meta":{"_acf_changed":false},"product_brand":[],"product_cat":[424,108,114],"product_tag":[],"class_list":{"0":"post-40983","1":"product","2":"type-product","3":"status-publish","4":"has-post-thumbnail","6":"product_cat-sweaters","7":"product_cat-sweatshirts","8":"product_cat-zip-sweat","9":"pa_size-2xl","10":"pa_size-3xl","11":"pa_size-4xl","12":"pa_size-l","13":"pa_size-m","14":"pa_size-s","15":"pa_size-xl","16":"pa_size-xs","18":"first","19":"instock","20":"taxable","21":"shipping-taxable","22":"purchasable","23":"product-type-variable"},"acf":[],"yoast_head":"<!-- This site is optimized with the Yoast SEO plugin v27.4 - https:\/\/yoast.com\/product\/yoast-seo-wordpress\/ -->\n<title>Sweatshirt met rits - Labelfree<\/title>\n<meta name=\"description\" content=\"Sweater met rits. Interlock. Sportief. Fijn draagcomfort, ademend en duurzaam. Blanco essentials, alle soorten prints mogelijk, gratis hulp bij ontwerp.\" \/>\n<meta name=\"robots\" content=\"index, follow, max-snippet:-1, max-image-preview:large, max-video-preview:-1\" \/>\n<link rel=\"canonical\" href=\"https:\/\/labelfree.nl\/de\/produkt\/st723-herren-sweatshirt-mit-reisverschluss\/\" \/>\n<meta property=\"og:locale\" content=\"de_DE\" \/>\n<meta property=\"og:type\" content=\"article\" \/>\n<meta property=\"og:title\" content=\"Sweatshirt met rits - Labelfree\" \/>\n<meta property=\"og:description\" content=\"Sweater met rits. Interlock. Sportief. Fijn draagcomfort, ademend en duurzaam. Blanco essentials, alle soorten prints mogelijk, gratis hulp bij ontwerp.\" \/>\n<meta property=\"og:url\" content=\"https:\/\/labelfree.nl\/de\/produkt\/st723-herren-sweatshirt-mit-reisverschluss\/\" \/>\n<meta property=\"og:site_name\" content=\"Labelfree\" \/>\n<meta property=\"article:modified_time\" content=\"2026-04-17T00:06:00+00:00\" \/>\n<meta property=\"og:image\" content=\"https:\/\/labelfree.nl\/wp-content\/uploads\/2024\/10\/000723_Mans_Zip_Sweat_01-3.jpg\" \/>\n\t<meta property=\"og:image:width\" content=\"1280\" \/>\n\t<meta property=\"og:image:height\" content=\"1920\" \/>\n\t<meta property=\"og:image:type\" content=\"image\/jpeg\" \/>\n<meta name=\"twitter:card\" content=\"summary_large_image\" \/>\n<meta name=\"twitter:label1\" content=\"Gesch\u00e4tzte Lesezeit\" \/>\n\t<meta name=\"twitter:data1\" content=\"4\u00a0Minuten\" \/>\n<script type=\"application\/ld+json\" class=\"yoast-schema-graph\">{\"@context\":\"https:\\\/\\\/schema.org\",\"@graph\":[{\"@type\":\"WebPage\",\"@id\":\"https:\\\/\\\/labelfree.nl\\\/product\\\/sweater-zip-kraag-labelfree-printmogelijkheden-ontwerphulp\\\/\",\"url\":\"https:\\\/\\\/labelfree.nl\\\/product\\\/sweater-zip-kraag-labelfree-printmogelijkheden-ontwerphulp\\\/\",\"name\":\"Sweatshirt met rits - Labelfree\",\"isPartOf\":{\"@id\":\"https:\\\/\\\/labelfree.nl\\\/#website\"},\"primaryImageOfPage\":{\"@id\":\"https:\\\/\\\/labelfree.nl\\\/product\\\/sweater-zip-kraag-labelfree-printmogelijkheden-ontwerphulp\\\/#primaryimage\"},\"image\":{\"@id\":\"https:\\\/\\\/labelfree.nl\\\/product\\\/sweater-zip-kraag-labelfree-printmogelijkheden-ontwerphulp\\\/#primaryimage\"},\"thumbnailUrl\":\"https:\\\/\\\/labelfree.nl\\\/wp-content\\\/uploads\\\/2024\\\/10\\\/000723_Mans_Zip_Sweat_01-3.jpg\",\"datePublished\":\"2024-10-24T16:13:23+00:00\",\"dateModified\":\"2026-04-17T00:06:00+00:00\",\"description\":\"Sweater met rits. Interlock. Sportief. Fijn draagcomfort, ademend en duurzaam. Blanco essentials, alle soorten prints mogelijk, gratis hulp bij ontwerp.\",\"breadcrumb\":{\"@id\":\"https:\\\/\\\/labelfree.nl\\\/product\\\/sweater-zip-kraag-labelfree-printmogelijkheden-ontwerphulp\\\/#breadcrumb\"},\"inLanguage\":\"de\",\"potentialAction\":[{\"@type\":\"ReadAction\",\"target\":[\"https:\\\/\\\/labelfree.nl\\\/product\\\/sweater-zip-kraag-labelfree-printmogelijkheden-ontwerphulp\\\/\"]}]},{\"@type\":\"ImageObject\",\"inLanguage\":\"de\",\"@id\":\"https:\\\/\\\/labelfree.nl\\\/product\\\/sweater-zip-kraag-labelfree-printmogelijkheden-ontwerphulp\\\/#primaryimage\",\"url\":\"https:\\\/\\\/labelfree.nl\\\/wp-content\\\/uploads\\\/2024\\\/10\\\/000723_Mans_Zip_Sweat_01-3.jpg\",\"contentUrl\":\"https:\\\/\\\/labelfree.nl\\\/wp-content\\\/uploads\\\/2024\\\/10\\\/000723_Mans_Zip_Sweat_01-3.jpg\",\"width\":1280,\"height\":1920},{\"@type\":\"BreadcrumbList\",\"@id\":\"https:\\\/\\\/labelfree.nl\\\/product\\\/sweater-zip-kraag-labelfree-printmogelijkheden-ontwerphulp\\\/#breadcrumb\",\"itemListElement\":[{\"@type\":\"ListItem\",\"position\":1,\"name\":\"Home\",\"item\":\"https:\\\/\\\/labelfree.nl\\\/\"},{\"@type\":\"ListItem\",\"position\":2,\"name\":\"Webshop\",\"item\":\"https:\\\/\\\/labelfree.nl\\\/webshop\\\/\"},{\"@type\":\"ListItem\",\"position\":3,\"name\":\"Sweatshirt met rits\"}]},{\"@type\":\"WebSite\",\"@id\":\"https:\\\/\\\/labelfree.nl\\\/#website\",\"url\":\"https:\\\/\\\/labelfree.nl\\\/\",\"name\":\"Labelfree\",\"description\":\"Brandless quality\",\"potentialAction\":[{\"@type\":\"SearchAction\",\"target\":{\"@type\":\"EntryPoint\",\"urlTemplate\":\"https:\\\/\\\/labelfree.nl\\\/?s={search_term_string}\"},\"query-input\":{\"@type\":\"PropertyValueSpecification\",\"valueRequired\":true,\"valueName\":\"search_term_string\"}}],\"inLanguage\":\"de\"}]}<\/script>\n<!-- \/ Yoast SEO plugin. -->","yoast_head_json":{"title":"Sweatshirt mit Rei\u00dfverschluss - Etikettenfrei","description":"Pullover mit Rei\u00dfverschluss. Interlock-Strick. Sportlich. Bequem, atmungsaktiv und strapazierf\u00e4hig. Blanco Essentials, alle Arten von Drucken m\u00f6glich, kostenlose Designberatung.","robots":{"index":"index","follow":"follow","max-snippet":"max-snippet:-1","max-image-preview":"max-image-preview:large","max-video-preview":"max-video-preview:-1"},"canonical":"https:\/\/labelfree.nl\/de\/produkt\/st723-herren-sweatshirt-mit-reisverschluss\/","og_locale":"de_DE","og_type":"article","og_title":"Sweatshirt met rits - Labelfree","og_description":"Sweater met rits. Interlock. Sportief. Fijn draagcomfort, ademend en duurzaam. Blanco essentials, alle soorten prints mogelijk, gratis hulp bij ontwerp.","og_url":"https:\/\/labelfree.nl\/de\/produkt\/st723-herren-sweatshirt-mit-reisverschluss\/","og_site_name":"Labelfree","article_modified_time":"2026-04-17T00:06:00+00:00","og_image":[{"width":1280,"height":1920,"url":"https:\/\/labelfree.nl\/wp-content\/uploads\/2024\/10\/000723_Mans_Zip_Sweat_01-3.jpg","type":"image\/jpeg"}],"twitter_card":"summary_large_image","twitter_misc":{"Gesch\u00e4tzte Lesezeit":"4\u00a0Minuten"},"schema":{"@context":"https:\/\/schema.org","@graph":[{"@type":"WebPage","@id":"https:\/\/labelfree.nl\/product\/sweater-zip-kraag-labelfree-printmogelijkheden-ontwerphulp\/","url":"https:\/\/labelfree.nl\/product\/sweater-zip-kraag-labelfree-printmogelijkheden-ontwerphulp\/","name":"Sweatshirt mit Rei\u00dfverschluss - Etikettenfrei","isPartOf":{"@id":"https:\/\/labelfree.nl\/#website"},"primaryImageOfPage":{"@id":"https:\/\/labelfree.nl\/product\/sweater-zip-kraag-labelfree-printmogelijkheden-ontwerphulp\/#primaryimage"},"image":{"@id":"https:\/\/labelfree.nl\/product\/sweater-zip-kraag-labelfree-printmogelijkheden-ontwerphulp\/#primaryimage"},"thumbnailUrl":"https:\/\/labelfree.nl\/wp-content\/uploads\/2024\/10\/000723_Mans_Zip_Sweat_01-3.jpg","datePublished":"2024-10-24T16:13:23+00:00","dateModified":"2026-04-17T00:06:00+00:00","description":"Pullover mit Rei\u00dfverschluss. Interlock-Strick. Sportlich. Bequem, atmungsaktiv und strapazierf\u00e4hig. Blanco Essentials, alle Arten von Drucken m\u00f6glich, kostenlose Designberatung.","breadcrumb":{"@id":"https:\/\/labelfree.nl\/product\/sweater-zip-kraag-labelfree-printmogelijkheden-ontwerphulp\/#breadcrumb"},"inLanguage":"de","potentialAction":[{"@type":"ReadAction","target":["https:\/\/labelfree.nl\/product\/sweater-zip-kraag-labelfree-printmogelijkheden-ontwerphulp\/"]}]},{"@type":"ImageObject","inLanguage":"de","@id":"https:\/\/labelfree.nl\/product\/sweater-zip-kraag-labelfree-printmogelijkheden-ontwerphulp\/#primaryimage","url":"https:\/\/labelfree.nl\/wp-content\/uploads\/2024\/10\/000723_Mans_Zip_Sweat_01-3.jpg","contentUrl":"https:\/\/labelfree.nl\/wp-content\/uploads\/2024\/10\/000723_Mans_Zip_Sweat_01-3.jpg","width":1280,"height":1920},{"@type":"BreadcrumbList","@id":"https:\/\/labelfree.nl\/product\/sweater-zip-kraag-labelfree-printmogelijkheden-ontwerphulp\/#breadcrumb","itemListElement":[{"@type":"ListItem","position":1,"name":"Home","item":"https:\/\/labelfree.nl\/"},{"@type":"ListItem","position":2,"name":"Webshop","item":"https:\/\/labelfree.nl\/webshop\/"},{"@type":"ListItem","position":3,"name":"Sweatshirt met rits"}]},{"@type":"WebSite","@id":"https:\/\/labelfree.nl\/#website","url":"https:\/\/labelfree.nl\/","name":"Etikettenfrei","description":"Markenlose Qualit\u00e4t","potentialAction":[{"@type":"SearchAction","target":{"@type":"EntryPoint","urlTemplate":"https:\/\/labelfree.nl\/?s={search_term_string}"},"query-input":{"@type":"PropertyValueSpecification","valueRequired":true,"valueName":"search_term_string"}}],"inLanguage":"de"}]}},"jetpack_sharing_enabled":true,"_links":{"self":[{"href":"https:\/\/labelfree.nl\/de\/wp-json\/wp\/v2\/product\/40983","targetHints":{"allow":["GET"]}}],"collection":[{"href":"https:\/\/labelfree.nl\/de\/wp-json\/wp\/v2\/product"}],"about":[{"href":"https:\/\/labelfree.nl\/de\/wp-json\/wp\/v2\/types\/product"}],"wp:featuredmedia":[{"embeddable":true,"href":"https:\/\/labelfree.nl\/de\/wp-json\/wp\/v2\/media\/53750"}],"wp:attachment":[{"href":"https:\/\/labelfree.nl\/de\/wp-json\/wp\/v2\/media?parent=40983"}],"wp:term":[{"taxonomy":"product_brand","embeddable":true,"href":"https:\/\/labelfree.nl\/de\/wp-json\/wp\/v2\/product_brand?post=40983"},{"taxonomy":"product_cat","embeddable":true,"href":"https:\/\/labelfree.nl\/de\/wp-json\/wp\/v2\/product_cat?post=40983"},{"taxonomy":"product_tag","embeddable":true,"href":"https:\/\/labelfree.nl\/de\/wp-json\/wp\/v2\/product_tag?post=40983"}],"curies":[{"name":"wp","href":"https:\/\/api.w.org\/{rel}","templated":true}]}}