{"id":41011,"date":"2024-10-24T18:13:43","date_gmt":"2024-10-24T16:13:43","guid":{"rendered":"https:\/\/labelfree.nl\/product\/st724-lady-zip-sweat\/"},"modified":"2026-03-14T00:42:57","modified_gmt":"2026-03-13T23:42:57","slug":"st724-lady-zip-sweat","status":"publish","type":"product","link":"https:\/\/labelfree.nl\/de\/produkt\/st724-damen-sweatshirt-mit-reisverschluss\/","title":{"rendered":"Sweatshirt Damen mit Rei\u00dfverschluss"},"content":{"rendered":"<h2>Damen-Sweatshirt mit Rei\u00dfverschluss<\/h2>\n<p>Das Lady Zip Sweat ist ein stylisches und bequemes Sweatshirt f\u00fcr Damen. Dieses Sweatshirt wurde mit viel Liebe zum Detail entworfen.<\/p>\n<h3>Einzigartige Eigenschaften dieses Pullovers<\/h3>\n<p>Der Pullover besteht aus hochwertigen Materialien mit einer Zusammensetzung aus 65%-Baumwolle und 35%-Polyester f\u00fcr die meisten Farben. Die Oxford Grey-Variante besteht aus 74%-Baumwolle, 11%-Polyester und 15%-Viskose, was f\u00fcr ultimativen Komfort und ein weiches Gef\u00fchl auf der Haut sorgt. Dank des Gewichts von 270 g\/m\u00b2 ist dieses Sweatshirt sowohl f\u00fcr k\u00e4ltere als auch f\u00fcr mildere Tage ideal.<\/p>\n<h3>Stilvolle und praktische Details<\/h3>\n<p>Was dieses Sweatshirt wirklich besonders macht, sind die durchdachten Details. Das Design verf\u00fcgt \u00fcber Doppeln\u00e4hte f\u00fcr zus\u00e4tzliche Haltbarkeit. Der Kapuzenpullover verf\u00fcgt \u00fcber zwei ger\u00e4umige Taschen, in denen Sie Ihre wichtigsten Dinge verstauen oder Ihre H\u00e4nde warm halten k\u00f6nnen. Dar\u00fcber hinaus sorgen die breiten Lycra-Rippb\u00fcndchen und der hohe Kragen f\u00fcr zus\u00e4tzlichen Komfort.<\/p>\n<h3>Informationen zu Nachhaltigkeit und Label<\/h3>\n<p>Bei Labelfree stehen wir f\u00fcr Nachhaltigkeit. Der Lady Zip Sweat ist ETIKETTFREI und enth\u00e4lt lediglich ein kleines Gr\u00f6\u00dfenetikett auf der linken Halsseite. Dies erleichtert bei Bedarf auch die Personalisierung Ihres Kleidungsst\u00fccks. Unser einzigartiger Ansatz stellt sicher, dass Sie sich f\u00fcr unbedruckte Kleidung entscheiden oder diese mit Ihrem einzigartigen Design bedrucken lassen k\u00f6nnen. Mit einer breiten Palette an Drucktechniken wie Siebdruck und Stickerei finden Sie immer die perfekte M\u00f6glichkeit, Ihren Stil zum Ausdruck zu bringen.<\/p>\n<h3>Spezifikationen<\/h3>\n<ul>\n<li>Material: 65% Baumwolle \/ 35% Polyester (normale Farben), 74% Baumwolle \/ 11% Polyester \/ 15% Viskose (Oxford Grey)<\/li>\n<li>Gewicht: 270 g\/m\u00b2<\/li>\n<li>Verpackung: 20 St\u00fcck pro Karton, 5 St\u00fcck pro Packung<\/li>\n<li>Kann pro St\u00fcck bestellt werden<\/li>\n<li>Bei der Herstellung liegt der Schwerpunkt auf Komfort und Stil<\/li>\n<li>LABELFREE mit kleinem Etikett<\/li>\n<\/ul>\n<h3>Personalisieren Sie Ihren Pullover<\/h3>\n<p>M\u00f6chten Sie den Lady Zip Sweat unbedruckt bestellen oder haben Sie ein fantastisches Design im Kopf, das Sie gerne bedrucken lassen w\u00fcrden? Bei Labelfree bieten wir Ihnen die M\u00f6glichkeit, nicht nur hochwertige Kleidung zu beziehen, sondern diese auch ganz nach Ihren W\u00fcnschen zu gestalten. Kontaktieren Sie uns noch heute und entdecken Sie die M\u00f6glichkeiten, Ihre Kleidung einzigartig zu machen. Wenn Sie noch kein Design haben, kein Problem! Unser Grafikdesigner hilft Ihnen gerne dabei, das perfekte Design f\u00fcr Ihre Kleidung zu entwerfen. Warten Sie nicht l\u00e4nger und entscheiden Sie sich f\u00fcr einen stilvollen, personalisierten Look mit Labelfree!<\/p>","protected":false},"excerpt":{"rendered":"<p>Dames sweatshirt met ritssluiting De Lady Zip Sweat is een stijlvol en comfortabe sweatshirt voor dames. Deze sweatshirt is ontworpen met oog voor detail. Unieke eigenschappen van deze sweater De sweater is gemaakt van hoogwaardige materialen, met een samenstelling van 65% katoen en 35% polyester voor de meeste kleuren. De Oxford Grey variant bestaat uit [&hellip;]<\/p>\n","protected":false},"featured_media":53757,"template":"","meta":{"_acf_changed":false},"product_brand":[],"product_cat":[424],"product_tag":[],"class_list":{"0":"post-41011","1":"product","2":"type-product","3":"status-publish","4":"has-post-thumbnail","6":"product_cat-sweaters","7":"pa_size-2xl","8":"pa_size-l","9":"pa_size-m","10":"pa_size-s","11":"pa_size-xl","12":"pa_size-xs","14":"first","15":"outofstock","16":"taxable","17":"shipping-taxable","18":"purchasable","19":"product-type-variable"},"acf":[],"yoast_head":"<!-- This site is optimized with the Yoast SEO plugin v27.4 - https:\/\/yoast.com\/product\/yoast-seo-wordpress\/ -->\n<title>Sweatshirt Dames met rits - Labelfree<\/title>\n<meta name=\"robots\" content=\"index, follow, max-snippet:-1, max-image-preview:large, max-video-preview:-1\" \/>\n<link rel=\"canonical\" href=\"https:\/\/labelfree.nl\/de\/produkt\/st724-damen-sweatshirt-mit-reisverschluss\/\" \/>\n<meta property=\"og:locale\" content=\"de_DE\" \/>\n<meta property=\"og:type\" content=\"article\" \/>\n<meta property=\"og:title\" content=\"Sweatshirt Dames met rits - Labelfree\" \/>\n<meta property=\"og:description\" content=\"Dames sweatshirt met ritssluiting De Lady Zip Sweat is een stijlvol en comfortabe sweatshirt voor dames. Deze sweatshirt is ontworpen met oog voor detail. Unieke eigenschappen van deze sweater De sweater is gemaakt van hoogwaardige materialen, met een samenstelling van 65% katoen en 35% polyester voor de meeste kleuren. De Oxford Grey variant bestaat uit [&hellip;]\" \/>\n<meta property=\"og:url\" content=\"https:\/\/labelfree.nl\/de\/produkt\/st724-damen-sweatshirt-mit-reisverschluss\/\" \/>\n<meta property=\"og:site_name\" content=\"Labelfree\" \/>\n<meta property=\"article:modified_time\" content=\"2026-03-13T23:42:57+00:00\" \/>\n<meta property=\"og:image\" content=\"https:\/\/labelfree.nl\/wp-content\/uploads\/2024\/10\/000724_Lady_Zip_Sweat_01c-2.jpg\" \/>\n\t<meta property=\"og:image:width\" content=\"1279\" \/>\n\t<meta property=\"og:image:height\" content=\"1920\" \/>\n\t<meta property=\"og:image:type\" content=\"image\/jpeg\" \/>\n<meta name=\"twitter:card\" content=\"summary_large_image\" \/>\n<meta name=\"twitter:label1\" content=\"Gesch\u00e4tzte Lesezeit\" \/>\n\t<meta name=\"twitter:data1\" content=\"2\u00a0Minuten\" \/>\n<script type=\"application\/ld+json\" class=\"yoast-schema-graph\">{\"@context\":\"https:\\\/\\\/schema.org\",\"@graph\":[{\"@type\":\"WebPage\",\"@id\":\"https:\\\/\\\/labelfree.nl\\\/product\\\/st724-lady-zip-sweat\\\/\",\"url\":\"https:\\\/\\\/labelfree.nl\\\/product\\\/st724-lady-zip-sweat\\\/\",\"name\":\"Sweatshirt Dames met rits - Labelfree\",\"isPartOf\":{\"@id\":\"https:\\\/\\\/labelfree.nl\\\/#website\"},\"primaryImageOfPage\":{\"@id\":\"https:\\\/\\\/labelfree.nl\\\/product\\\/st724-lady-zip-sweat\\\/#primaryimage\"},\"image\":{\"@id\":\"https:\\\/\\\/labelfree.nl\\\/product\\\/st724-lady-zip-sweat\\\/#primaryimage\"},\"thumbnailUrl\":\"https:\\\/\\\/labelfree.nl\\\/wp-content\\\/uploads\\\/2024\\\/10\\\/000724_Lady_Zip_Sweat_01c-2.jpg\",\"datePublished\":\"2024-10-24T16:13:43+00:00\",\"dateModified\":\"2026-03-13T23:42:57+00:00\",\"breadcrumb\":{\"@id\":\"https:\\\/\\\/labelfree.nl\\\/product\\\/st724-lady-zip-sweat\\\/#breadcrumb\"},\"inLanguage\":\"de\",\"potentialAction\":[{\"@type\":\"ReadAction\",\"target\":[\"https:\\\/\\\/labelfree.nl\\\/product\\\/st724-lady-zip-sweat\\\/\"]}]},{\"@type\":\"ImageObject\",\"inLanguage\":\"de\",\"@id\":\"https:\\\/\\\/labelfree.nl\\\/product\\\/st724-lady-zip-sweat\\\/#primaryimage\",\"url\":\"https:\\\/\\\/labelfree.nl\\\/wp-content\\\/uploads\\\/2024\\\/10\\\/000724_Lady_Zip_Sweat_01c-2.jpg\",\"contentUrl\":\"https:\\\/\\\/labelfree.nl\\\/wp-content\\\/uploads\\\/2024\\\/10\\\/000724_Lady_Zip_Sweat_01c-2.jpg\",\"width\":1279,\"height\":1920},{\"@type\":\"BreadcrumbList\",\"@id\":\"https:\\\/\\\/labelfree.nl\\\/product\\\/st724-lady-zip-sweat\\\/#breadcrumb\",\"itemListElement\":[{\"@type\":\"ListItem\",\"position\":1,\"name\":\"Home\",\"item\":\"https:\\\/\\\/labelfree.nl\\\/\"},{\"@type\":\"ListItem\",\"position\":2,\"name\":\"Webshop\",\"item\":\"https:\\\/\\\/labelfree.nl\\\/webshop\\\/\"},{\"@type\":\"ListItem\",\"position\":3,\"name\":\"Sweatshirt Dames met rits\"}]},{\"@type\":\"WebSite\",\"@id\":\"https:\\\/\\\/labelfree.nl\\\/#website\",\"url\":\"https:\\\/\\\/labelfree.nl\\\/\",\"name\":\"Labelfree\",\"description\":\"Brandless quality\",\"potentialAction\":[{\"@type\":\"SearchAction\",\"target\":{\"@type\":\"EntryPoint\",\"urlTemplate\":\"https:\\\/\\\/labelfree.nl\\\/?s={search_term_string}\"},\"query-input\":{\"@type\":\"PropertyValueSpecification\",\"valueRequired\":true,\"valueName\":\"search_term_string\"}}],\"inLanguage\":\"de\"}]}<\/script>\n<!-- \/ Yoast SEO plugin. -->","yoast_head_json":{"title":"Sweatshirt Damen mit Rei\u00dfverschluss - Labelfree","robots":{"index":"index","follow":"follow","max-snippet":"max-snippet:-1","max-image-preview":"max-image-preview:large","max-video-preview":"max-video-preview:-1"},"canonical":"https:\/\/labelfree.nl\/de\/produkt\/st724-damen-sweatshirt-mit-reisverschluss\/","og_locale":"de_DE","og_type":"article","og_title":"Sweatshirt Dames met rits - Labelfree","og_description":"Dames sweatshirt met ritssluiting De Lady Zip Sweat is een stijlvol en comfortabe sweatshirt voor dames. Deze sweatshirt is ontworpen met oog voor detail. Unieke eigenschappen van deze sweater De sweater is gemaakt van hoogwaardige materialen, met een samenstelling van 65% katoen en 35% polyester voor de meeste kleuren. De Oxford Grey variant bestaat uit [&hellip;]","og_url":"https:\/\/labelfree.nl\/de\/produkt\/st724-damen-sweatshirt-mit-reisverschluss\/","og_site_name":"Labelfree","article_modified_time":"2026-03-13T23:42:57+00:00","og_image":[{"width":1279,"height":1920,"url":"https:\/\/labelfree.nl\/wp-content\/uploads\/2024\/10\/000724_Lady_Zip_Sweat_01c-2.jpg","type":"image\/jpeg"}],"twitter_card":"summary_large_image","twitter_misc":{"Gesch\u00e4tzte Lesezeit":"2\u00a0Minuten"},"schema":{"@context":"https:\/\/schema.org","@graph":[{"@type":"WebPage","@id":"https:\/\/labelfree.nl\/product\/st724-lady-zip-sweat\/","url":"https:\/\/labelfree.nl\/product\/st724-lady-zip-sweat\/","name":"Sweatshirt Damen mit Rei\u00dfverschluss - Labelfree","isPartOf":{"@id":"https:\/\/labelfree.nl\/#website"},"primaryImageOfPage":{"@id":"https:\/\/labelfree.nl\/product\/st724-lady-zip-sweat\/#primaryimage"},"image":{"@id":"https:\/\/labelfree.nl\/product\/st724-lady-zip-sweat\/#primaryimage"},"thumbnailUrl":"https:\/\/labelfree.nl\/wp-content\/uploads\/2024\/10\/000724_Lady_Zip_Sweat_01c-2.jpg","datePublished":"2024-10-24T16:13:43+00:00","dateModified":"2026-03-13T23:42:57+00:00","breadcrumb":{"@id":"https:\/\/labelfree.nl\/product\/st724-lady-zip-sweat\/#breadcrumb"},"inLanguage":"de","potentialAction":[{"@type":"ReadAction","target":["https:\/\/labelfree.nl\/product\/st724-lady-zip-sweat\/"]}]},{"@type":"ImageObject","inLanguage":"de","@id":"https:\/\/labelfree.nl\/product\/st724-lady-zip-sweat\/#primaryimage","url":"https:\/\/labelfree.nl\/wp-content\/uploads\/2024\/10\/000724_Lady_Zip_Sweat_01c-2.jpg","contentUrl":"https:\/\/labelfree.nl\/wp-content\/uploads\/2024\/10\/000724_Lady_Zip_Sweat_01c-2.jpg","width":1279,"height":1920},{"@type":"BreadcrumbList","@id":"https:\/\/labelfree.nl\/product\/st724-lady-zip-sweat\/#breadcrumb","itemListElement":[{"@type":"ListItem","position":1,"name":"Home","item":"https:\/\/labelfree.nl\/"},{"@type":"ListItem","position":2,"name":"Webshop","item":"https:\/\/labelfree.nl\/webshop\/"},{"@type":"ListItem","position":3,"name":"Sweatshirt Dames met rits"}]},{"@type":"WebSite","@id":"https:\/\/labelfree.nl\/#website","url":"https:\/\/labelfree.nl\/","name":"Etikettenfrei","description":"Markenlose Qualit\u00e4t","potentialAction":[{"@type":"SearchAction","target":{"@type":"EntryPoint","urlTemplate":"https:\/\/labelfree.nl\/?s={search_term_string}"},"query-input":{"@type":"PropertyValueSpecification","valueRequired":true,"valueName":"search_term_string"}}],"inLanguage":"de"}]}},"jetpack_sharing_enabled":true,"_links":{"self":[{"href":"https:\/\/labelfree.nl\/de\/wp-json\/wp\/v2\/product\/41011","targetHints":{"allow":["GET"]}}],"collection":[{"href":"https:\/\/labelfree.nl\/de\/wp-json\/wp\/v2\/product"}],"about":[{"href":"https:\/\/labelfree.nl\/de\/wp-json\/wp\/v2\/types\/product"}],"wp:featuredmedia":[{"embeddable":true,"href":"https:\/\/labelfree.nl\/de\/wp-json\/wp\/v2\/media\/53757"}],"wp:attachment":[{"href":"https:\/\/labelfree.nl\/de\/wp-json\/wp\/v2\/media?parent=41011"}],"wp:term":[{"taxonomy":"product_brand","embeddable":true,"href":"https:\/\/labelfree.nl\/de\/wp-json\/wp\/v2\/product_brand?post=41011"},{"taxonomy":"product_cat","embeddable":true,"href":"https:\/\/labelfree.nl\/de\/wp-json\/wp\/v2\/product_cat?post=41011"},{"taxonomy":"product_tag","embeddable":true,"href":"https:\/\/labelfree.nl\/de\/wp-json\/wp\/v2\/product_tag?post=41011"}],"curies":[{"name":"wp","href":"https:\/\/api.w.org\/{rel}","templated":true}]}}