{"id":41308,"date":"2024-10-24T18:17:13","date_gmt":"2024-10-24T16:17:13","guid":{"rendered":"https:\/\/labelfree.nl\/product\/st803-lady-polo\/"},"modified":"2026-04-17T02:05:30","modified_gmt":"2026-04-17T00:05:30","slug":"st803-lady-polo","status":"publish","type":"product","link":"https:\/\/labelfree.nl\/de\/produkt\/st803-damenpolo\/","title":{"rendered":"Damen-Poloshirt"},"content":{"rendered":"<p><span style=\"color: #333333;\">Klassisches Poloshirt. Figurschmeichelnde, feminine Passform. Auch f\u00fcr den Berufsalltag geeignet. Piqu\u00e9, 210 g\/m\u00b2<\/span><\/p>\n<p><span style=\"color: #333333;\"><em>F\u00fcr die korrekte Farbdarstellung und -beschreibung klicken Sie auf das betreffende Hemd und anschlie\u00dfend erneut auf die Lupe. <\/em><\/span><\/p>\n<h3><span style=\"color: #5a7699;\"><strong>Damen-Poloshirt<\/strong><\/span><\/h3>\n<p><strong>100% gek\u00e4mmte und enzymgewaschene Baumwolle, 210 g\/m\u00b2<\/strong><\/p>\n<p><img decoding=\"async\" src=\"https:\/\/www.stormtextil.dk\/sites\/default\/files\/inline-images\/OTS100_label_19.HBD__1.jpg\" alt=\"\u00d6ko-Tex-zertifiziert\" \/><\/p>\n<ul>\n<li>Qualit\u00e4t: 100% gek\u00e4mmte und enzymgewaschene Baumwolle<\/li>\n<li>Farbe Oxford Grey: 851 TP3T Bio-Baumwolle \/ 151 TP3T Viskose<\/li>\n<li>Piqu\u00e9<\/li>\n<li>Gewicht: 210 g\/m\u00b2<\/li>\n<li>Erh\u00e4ltlich in 11 Farben<\/li>\n<li>Erh\u00e4ltlich in den Gr\u00f6\u00dfen S bis 2XL<\/li>\n<li>Kleines Gr\u00f6\u00dfenetikett im Halsausschnitt<\/li>\n<li>Karton: 50 St\u00fcck. Verpackung: 10 St\u00fcck. Auch einzeln erh\u00e4ltlich.<\/li>\n<\/ul>\n<h4><span style=\"color: #5a7699;\"><strong>Damenpolo \u2013 schmeichelhaft und strapazierf\u00e4hig <\/strong><\/span><\/h4>\n<p>Dieses klassische Damenpolohemd besticht durch seine feminine Passform mit Seitenn\u00e4hten und -schlitzen, die eine schmeichelhafte Silhouette zaubern. Der umlaufende Halsausschnitt reicht bis zur Knopfleiste, die mit zwei Kn\u00f6pfen versehen und am Saum verst\u00e4rkt ist. Die femininen \u00c4rmel sind mit einem 1x1-Rippstrick verst\u00e4rkt, und sowohl \u00c4rmel als auch Saum sind doppelt vern\u00e4ht.<\/p>\n<p>Der dezente Kragen besteht aus 1x1-Baumwollripp und sorgt f\u00fcr ein sauberes und ordentliches Finish. Das Poloshirt hat au\u00dferdem ein aufgen\u00e4htes Halbmondmuster auf der R\u00fcckseite, und die Schultern\u00e4hte sind f\u00fcr zus\u00e4tzliche Strapazierf\u00e4higkeit doppelt vern\u00e4ht.<\/p>\n<p>Das Produkt bietet zahlreiche Individualisierungsm\u00f6glichkeiten wie Druck, Transferdruck, Stickerei oder Taschen, sodass Sie es ganz nach Ihren W\u00fcnschen gestalten k\u00f6nnen. Dadurch eignet sich das Poloshirt ideal f\u00fcr Unternehmen oder Veranstaltungen, bei denen personalisierte Kleidung gew\u00fcnscht ist.<\/p>\n<h4><span style=\"color: #5a7699;\"><strong>Materialangaben<\/strong><\/span><\/h4>\n<p>Das Damen-Poloshirt besteht aus 100 % gek\u00e4mmter und enzymgewaschener Baumwolle (100 % Baumwolle, 100 % TP3T). Dadurch ist es besonders weich und angenehm zu tragen. Je nach Farbe ist das Poloshirt in verschiedenen Materialkombinationen erh\u00e4ltlich. Die Variante in Oxford Grey besteht aus 85 % Bio-Baumwolle (85 % Baumwolle, 100 % TP3T) und 15 % Viskose (15 % TP3T).<\/p>\n<p>Das Hemd besteht aus hochwertigem Piqu\u00e9-Gewebe (210 g\/m\u00b2). Piqu\u00e9 ist ein Strickgewebe mit einer charakteristischen, leicht strukturierten Oberfl\u00e4che und ist fester als herk\u00f6mmlicher Jersey. Das Material ist atmungsaktiv, formbest\u00e4ndig, knitterarm und pflegeleicht. Es ist f\u00fcr die industrielle W\u00e4sche geeignet.<\/p>\n<h4><span style=\"color: #5a7699;\"><strong>Druck-, Stick- und Beschriftungsm\u00f6glichkeiten<\/strong><\/span><\/h4>\n<p>M\u00f6chten Sie unbedruckte Kleidung bestellen, mit Ihrem eigenen Design bedrucken lassen oder ben\u00f6tigen Sie selbst aufzubringende Drucke? Bei Labelfree steht Ihnen unser Team bei jedem Schritt zur Seite.<\/p>\n<p>Labelfree bietet verschiedene Druckm\u00f6glichkeiten, darunter Transferdruck, DTF, Siebdruck und Stickerei. Auch eigene Nackendrucke und Etiketten, beispielsweise auf den \u00c4rmel, sind m\u00f6glich.<\/p>\n<p>Ben\u00f6tigen Sie Hilfe bei Ihrem eigenen Design? Unsere Grafikdesigner unterst\u00fctzen Sie gerne. So stellen wir sicher, dass das Endprodukt perfekt auf Ihre Bed\u00fcrfnisse zugeschnitten ist. Sie erhalten immer zun\u00e4chst ein kostenloses, visuelles Angebot. Kontaktieren Sie uns, um die M\u00f6glichkeiten zur Erstellung Ihrer eigenen Kollektion zu erkunden.<\/p>\n<p>&nbsp;<\/p>\n<p>Gr\u00f6\u00dfentabelle<\/p>\n<p><img fetchpriority=\"high\" decoding=\"async\" class=\"\" src=\"https:\/\/www.stormtextil.dk\/sites\/default\/files\/size-charts\/000803_Lady_Polo.png\" width=\"548\" height=\"106\" \/><\/p>\n<p>&nbsp;<\/p>\n<p>Pflegeanleitung<\/p>\n<p><img decoding=\"async\" class=\"\" src=\"https:\/\/www.stormtextil.dk\/sites\/default\/files\/product-image\/washing-instructions\/Storm_washing_instructions_40_0.png\" width=\"183\" height=\"28\" \/><\/p>","protected":false},"excerpt":{"rendered":"<p>Klassieke polo. Flatterende vrouwelijke pasvorm. Geschikt voor werkkleding. Piqu\u00e9, 210 g\/m\u00b2 voor de juiste kleur weergave- en omschrijving klikt u op het betreffende shirt en nogmaals op het vergrootglas poloshirt dames 100% gekamd en enzymgewassen katoen, 210 g\/m\u00b2 Kwaliteit: 100% gekamd en enzymgewassen katoen Kleur Oxford Grey: 85% biologisch katoen \/ 15% viscose Piqu\u00e9 Gewicht: [&hellip;]<\/p>\n","protected":false},"featured_media":53826,"template":"","meta":{"_acf_changed":false},"product_brand":[],"product_cat":[118],"product_tag":[],"class_list":{"0":"post-41308","1":"product","2":"type-product","3":"status-publish","4":"has-post-thumbnail","6":"product_cat-polo-shirts","7":"pa_size-2xl","8":"pa_size-l","9":"pa_size-m","10":"pa_size-s","11":"pa_size-xl","12":"pa_size-xxl","14":"first","15":"instock","16":"taxable","17":"shipping-taxable","18":"purchasable","19":"product-type-variable"},"acf":[],"yoast_head":"<!-- This site is optimized with the Yoast SEO plugin v27.4 - https:\/\/yoast.com\/product\/yoast-seo-wordpress\/ -->\n<title>Dames Poloshirt - Labelfree<\/title>\n<meta name=\"robots\" content=\"index, follow, max-snippet:-1, max-image-preview:large, max-video-preview:-1\" \/>\n<link rel=\"canonical\" href=\"https:\/\/labelfree.nl\/de\/produkt\/st803-damenpolo\/\" \/>\n<meta property=\"og:locale\" content=\"de_DE\" \/>\n<meta property=\"og:type\" content=\"article\" \/>\n<meta property=\"og:title\" content=\"Dames Poloshirt - Labelfree\" \/>\n<meta property=\"og:description\" content=\"Klassieke polo. Flatterende vrouwelijke pasvorm. Geschikt voor werkkleding. Piqu\u00e9, 210 g\/m\u00b2 voor de juiste kleur weergave- en omschrijving klikt u op het betreffende shirt en nogmaals op het vergrootglas poloshirt dames 100% gekamd en enzymgewassen katoen, 210 g\/m\u00b2 Kwaliteit: 100% gekamd en enzymgewassen katoen Kleur Oxford Grey: 85% biologisch katoen \/ 15% viscose Piqu\u00e9 Gewicht: [&hellip;]\" \/>\n<meta property=\"og:url\" content=\"https:\/\/labelfree.nl\/de\/produkt\/st803-damenpolo\/\" \/>\n<meta property=\"og:site_name\" content=\"Labelfree\" \/>\n<meta property=\"article:modified_time\" content=\"2026-04-17T00:05:30+00:00\" \/>\n<meta property=\"og:image\" content=\"https:\/\/labelfree.nl\/wp-content\/uploads\/2024\/10\/000803_Lady_Polo_01-1.jpg\" \/>\n\t<meta property=\"og:image:width\" content=\"1280\" \/>\n\t<meta property=\"og:image:height\" content=\"1920\" \/>\n\t<meta property=\"og:image:type\" content=\"image\/jpeg\" \/>\n<meta name=\"twitter:card\" content=\"summary_large_image\" \/>\n<meta name=\"twitter:label1\" content=\"Gesch\u00e4tzte Lesezeit\" \/>\n\t<meta name=\"twitter:data1\" content=\"4\u00a0Minuten\" \/>\n<script type=\"application\/ld+json\" class=\"yoast-schema-graph\">{\"@context\":\"https:\\\/\\\/schema.org\",\"@graph\":[{\"@type\":\"WebPage\",\"@id\":\"https:\\\/\\\/labelfree.nl\\\/product\\\/st803-lady-polo\\\/\",\"url\":\"https:\\\/\\\/labelfree.nl\\\/product\\\/st803-lady-polo\\\/\",\"name\":\"Dames Poloshirt - Labelfree\",\"isPartOf\":{\"@id\":\"https:\\\/\\\/labelfree.nl\\\/#website\"},\"primaryImageOfPage\":{\"@id\":\"https:\\\/\\\/labelfree.nl\\\/product\\\/st803-lady-polo\\\/#primaryimage\"},\"image\":{\"@id\":\"https:\\\/\\\/labelfree.nl\\\/product\\\/st803-lady-polo\\\/#primaryimage\"},\"thumbnailUrl\":\"https:\\\/\\\/labelfree.nl\\\/wp-content\\\/uploads\\\/2024\\\/10\\\/000803_Lady_Polo_01-1.jpg\",\"datePublished\":\"2024-10-24T16:17:13+00:00\",\"dateModified\":\"2026-04-17T00:05:30+00:00\",\"breadcrumb\":{\"@id\":\"https:\\\/\\\/labelfree.nl\\\/product\\\/st803-lady-polo\\\/#breadcrumb\"},\"inLanguage\":\"de\",\"potentialAction\":[{\"@type\":\"ReadAction\",\"target\":[\"https:\\\/\\\/labelfree.nl\\\/product\\\/st803-lady-polo\\\/\"]}]},{\"@type\":\"ImageObject\",\"inLanguage\":\"de\",\"@id\":\"https:\\\/\\\/labelfree.nl\\\/product\\\/st803-lady-polo\\\/#primaryimage\",\"url\":\"https:\\\/\\\/labelfree.nl\\\/wp-content\\\/uploads\\\/2024\\\/10\\\/000803_Lady_Polo_01-1.jpg\",\"contentUrl\":\"https:\\\/\\\/labelfree.nl\\\/wp-content\\\/uploads\\\/2024\\\/10\\\/000803_Lady_Polo_01-1.jpg\",\"width\":1280,\"height\":1920},{\"@type\":\"BreadcrumbList\",\"@id\":\"https:\\\/\\\/labelfree.nl\\\/product\\\/st803-lady-polo\\\/#breadcrumb\",\"itemListElement\":[{\"@type\":\"ListItem\",\"position\":1,\"name\":\"Home\",\"item\":\"https:\\\/\\\/labelfree.nl\\\/\"},{\"@type\":\"ListItem\",\"position\":2,\"name\":\"Webshop\",\"item\":\"https:\\\/\\\/labelfree.nl\\\/webshop\\\/\"},{\"@type\":\"ListItem\",\"position\":3,\"name\":\"Dames Poloshirt\"}]},{\"@type\":\"WebSite\",\"@id\":\"https:\\\/\\\/labelfree.nl\\\/#website\",\"url\":\"https:\\\/\\\/labelfree.nl\\\/\",\"name\":\"Labelfree\",\"description\":\"Brandless quality\",\"potentialAction\":[{\"@type\":\"SearchAction\",\"target\":{\"@type\":\"EntryPoint\",\"urlTemplate\":\"https:\\\/\\\/labelfree.nl\\\/?s={search_term_string}\"},\"query-input\":{\"@type\":\"PropertyValueSpecification\",\"valueRequired\":true,\"valueName\":\"search_term_string\"}}],\"inLanguage\":\"de\"}]}<\/script>\n<!-- \/ Yoast SEO plugin. -->","yoast_head_json":{"title":"Damen Poloshirt - Etikettenfrei","robots":{"index":"index","follow":"follow","max-snippet":"max-snippet:-1","max-image-preview":"max-image-preview:large","max-video-preview":"max-video-preview:-1"},"canonical":"https:\/\/labelfree.nl\/de\/produkt\/st803-damenpolo\/","og_locale":"de_DE","og_type":"article","og_title":"Dames Poloshirt - Labelfree","og_description":"Klassieke polo. Flatterende vrouwelijke pasvorm. Geschikt voor werkkleding. Piqu\u00e9, 210 g\/m\u00b2 voor de juiste kleur weergave- en omschrijving klikt u op het betreffende shirt en nogmaals op het vergrootglas poloshirt dames 100% gekamd en enzymgewassen katoen, 210 g\/m\u00b2 Kwaliteit: 100% gekamd en enzymgewassen katoen Kleur Oxford Grey: 85% biologisch katoen \/ 15% viscose Piqu\u00e9 Gewicht: [&hellip;]","og_url":"https:\/\/labelfree.nl\/de\/produkt\/st803-damenpolo\/","og_site_name":"Labelfree","article_modified_time":"2026-04-17T00:05:30+00:00","og_image":[{"width":1280,"height":1920,"url":"https:\/\/labelfree.nl\/wp-content\/uploads\/2024\/10\/000803_Lady_Polo_01-1.jpg","type":"image\/jpeg"}],"twitter_card":"summary_large_image","twitter_misc":{"Gesch\u00e4tzte Lesezeit":"4\u00a0Minuten"},"schema":{"@context":"https:\/\/schema.org","@graph":[{"@type":"WebPage","@id":"https:\/\/labelfree.nl\/product\/st803-lady-polo\/","url":"https:\/\/labelfree.nl\/product\/st803-lady-polo\/","name":"Damen Poloshirt - Etikettenfrei","isPartOf":{"@id":"https:\/\/labelfree.nl\/#website"},"primaryImageOfPage":{"@id":"https:\/\/labelfree.nl\/product\/st803-lady-polo\/#primaryimage"},"image":{"@id":"https:\/\/labelfree.nl\/product\/st803-lady-polo\/#primaryimage"},"thumbnailUrl":"https:\/\/labelfree.nl\/wp-content\/uploads\/2024\/10\/000803_Lady_Polo_01-1.jpg","datePublished":"2024-10-24T16:17:13+00:00","dateModified":"2026-04-17T00:05:30+00:00","breadcrumb":{"@id":"https:\/\/labelfree.nl\/product\/st803-lady-polo\/#breadcrumb"},"inLanguage":"de","potentialAction":[{"@type":"ReadAction","target":["https:\/\/labelfree.nl\/product\/st803-lady-polo\/"]}]},{"@type":"ImageObject","inLanguage":"de","@id":"https:\/\/labelfree.nl\/product\/st803-lady-polo\/#primaryimage","url":"https:\/\/labelfree.nl\/wp-content\/uploads\/2024\/10\/000803_Lady_Polo_01-1.jpg","contentUrl":"https:\/\/labelfree.nl\/wp-content\/uploads\/2024\/10\/000803_Lady_Polo_01-1.jpg","width":1280,"height":1920},{"@type":"BreadcrumbList","@id":"https:\/\/labelfree.nl\/product\/st803-lady-polo\/#breadcrumb","itemListElement":[{"@type":"ListItem","position":1,"name":"Home","item":"https:\/\/labelfree.nl\/"},{"@type":"ListItem","position":2,"name":"Webshop","item":"https:\/\/labelfree.nl\/webshop\/"},{"@type":"ListItem","position":3,"name":"Dames Poloshirt"}]},{"@type":"WebSite","@id":"https:\/\/labelfree.nl\/#website","url":"https:\/\/labelfree.nl\/","name":"Etikettenfrei","description":"Markenlose Qualit\u00e4t","potentialAction":[{"@type":"SearchAction","target":{"@type":"EntryPoint","urlTemplate":"https:\/\/labelfree.nl\/?s={search_term_string}"},"query-input":{"@type":"PropertyValueSpecification","valueRequired":true,"valueName":"search_term_string"}}],"inLanguage":"de"}]}},"jetpack_sharing_enabled":true,"_links":{"self":[{"href":"https:\/\/labelfree.nl\/de\/wp-json\/wp\/v2\/product\/41308","targetHints":{"allow":["GET"]}}],"collection":[{"href":"https:\/\/labelfree.nl\/de\/wp-json\/wp\/v2\/product"}],"about":[{"href":"https:\/\/labelfree.nl\/de\/wp-json\/wp\/v2\/types\/product"}],"wp:featuredmedia":[{"embeddable":true,"href":"https:\/\/labelfree.nl\/de\/wp-json\/wp\/v2\/media\/53826"}],"wp:attachment":[{"href":"https:\/\/labelfree.nl\/de\/wp-json\/wp\/v2\/media?parent=41308"}],"wp:term":[{"taxonomy":"product_brand","embeddable":true,"href":"https:\/\/labelfree.nl\/de\/wp-json\/wp\/v2\/product_brand?post=41308"},{"taxonomy":"product_cat","embeddable":true,"href":"https:\/\/labelfree.nl\/de\/wp-json\/wp\/v2\/product_cat?post=41308"},{"taxonomy":"product_tag","embeddable":true,"href":"https:\/\/labelfree.nl\/de\/wp-json\/wp\/v2\/product_tag?post=41308"}],"curies":[{"name":"wp","href":"https:\/\/api.w.org\/{rel}","templated":true}]}}