{"id":41390,"date":"2024-10-24T18:18:20","date_gmt":"2024-10-24T16:18:20","guid":{"rendered":"https:\/\/labelfree.nl\/product\/st2403-fold-0x6-290g-sh\/"},"modified":"2026-04-21T02:37:16","modified_gmt":"2026-04-21T00:37:16","slug":"st2403-fold-0x6-290g-sh","status":"publish","type":"product","link":"https:\/\/labelfree.nl\/de\/produkt\/st2403-faltbar-0x6-290g-schwarz\/","title":{"rendered":"Beutelfalte 0X6 290g SH"},"content":{"rendered":"<h2>Nachhaltige Tasche 100% Baumwolle<\/h2>\n<p>Entdecken Sie die perfekte Kombination aus Stil und Funktionalit\u00e4t mit unserer Baumwolltasche 100%.<\/p>\n<h3>Nachhaltige Qualit\u00e4t der 100%-Baumwolle<\/h3>\n<p>Unsere Tragetasche ist aus hochwertiger 100%-Baumwolle gefertigt, was gew\u00e4hrleistet, dass sie robust und langlebig ist und viele Jahre h\u00e4lt. Mit einem Gewicht von 290 g\/m\u00b2 (10 oz Canvas) ist diese Tasche ideal f\u00fcr den t\u00e4glichen Gebrauch. Egal, ob Sie Besorgungen machen, an den Strand gehen oder einfach nur Ihre Sachen organisieren m\u00f6chten, diese Segeltuchtasche bietet die perfekte L\u00f6sung.<\/p>\n<h3>Ger\u00e4umiges und praktisches Design<\/h3>\n<p>Mit den Ma\u00dfen 38 x 42 x 6 cm haben Sie reichlich Platz f\u00fcr alles Wichtige. Die kurzen 33 cm langen Griffe bieten Halt und Komfort beim Tragen der Tasche. Dank des cleveren Designs l\u00e4sst sich die Tasche bei Nichtgebrauch auch einfach verstauen. Erh\u00e4ltlich ist der Beutel im Karton zu 50 St\u00fcck, sowie in einer praktischen Packung zu 10 St\u00fcck.<\/p>\n<h3>Austauschbare Griffe f\u00fcr zus\u00e4tzlichen Komfort<\/h3>\n<p>Wir arbeiten st\u00e4ndig an der Verbesserung unserer Produkte. Daher werden wir die Breite der Griffe von 2,5 cm auf 3,5 cm erh\u00f6hen, was f\u00fcr zus\u00e4tzlichen Komfort und Halt beim Tragen der Tasche sorgt. Dies erleichtert das Tragen schwerer oder sperriger Gegenst\u00e4nde, ohne dass die Griffe unangenehm sind.<\/p>\n<h3>Ideal zum Bedrucken und Personalisieren<\/h3>\n<p>Diese Baumwolltasche bietet den idealen Untergrund f\u00fcr eine Bedruckung. Bei Labelfree k\u00f6nnen wir die Tasche mit jedem gew\u00fcnschten Design bedrucken, egal ob Sie ein Logo f\u00fcr Ihr Unternehmen aufdrucken lassen m\u00f6chten oder ein einzigartiges Kunstwerk pr\u00e4sentieren m\u00f6chten. W\u00e4hlen Sie je nach Wunsch und Gestaltungsdetails aus unterschiedlichen Druckverfahren wie Siebdruck, Stick und DTG-Druck. So wird jede Tasche zu einem pers\u00f6nlichen Statement.<\/p>\n<h3>Taschen bedrucken?<\/h3>\n<p>Sind Sie bereit, Ihre Taschen bedrucken zu lassen? Wir von Labelfree helfen Ihnen gerne weiter. Kontaktieren Sie uns und entdecken Sie die M\u00f6glichkeiten! Egal ob Sie ein bestimmtes Design ben\u00f6tigen oder einfach nur Drucke bestellen m\u00f6chten, wir sind f\u00fcr Sie da, um Ihre W\u00fcnsche zu erf\u00fcllen.<\/p>\n<ul>\n<li>Material: 100% Baumwolle<\/li>\n<li>Gewicht: 290 g\/m\u00b2 (10 oz Canvas)<\/li>\n<li>Abmessungen: 38 x 42 x 6 cm<\/li>\n<li>Griffe: Kurze Griffe 33 x 3,5 cm<\/li>\n<li>Verpackung: Karton \u00e0 50 St\u00fcck, Packung \u00e0 10 St\u00fcck<\/li>\n<li>Kann pro St\u00fcck bestellt werden<\/li>\n<\/ul>\n<p><img src=\"100-cotton-tote-bag.jpg\" alt=\"Kleidung\" laten bedrukken: katoen tote bag \/><\/p>","protected":false},"excerpt":{"rendered":"<p>Duurzame Tas 100% Katoen Ontdek de perfecte combinatie van stijl en functionaliteit met onze 100% katoenen Tas. Duurzame Kwaliteit van 100% Katoen Onze tote bag is gemaakt van 100% hoogwaardig katoen, wat zorgt voor een stevige en duurzame tas die jarenlang meegaat. Met een gewicht van 290 g\/m\u00b2 (10 oz canvas) is deze tas ideaal [&hellip;]<\/p>\n","protected":false},"featured_media":53904,"template":"","meta":{"_acf_changed":false},"product_brand":[],"product_cat":[86,448],"product_tag":[],"class_list":{"0":"post-41390","1":"product","2":"type-product","3":"status-publish","4":"has-post-thumbnail","6":"product_cat-non-wear","7":"product_cat-tassen","8":"pa_size-een-maat","10":"first","11":"instock","12":"taxable","13":"shipping-taxable","14":"purchasable","15":"product-type-variable"},"acf":[],"yoast_head":"<!-- This site is optimized with the Yoast SEO plugin v27.4 - https:\/\/yoast.com\/product\/yoast-seo-wordpress\/ -->\n<title>Tas Fold 0X6 290g SH - Labelfree<\/title>\n<meta name=\"robots\" content=\"index, follow, max-snippet:-1, max-image-preview:large, max-video-preview:-1\" \/>\n<link rel=\"canonical\" href=\"https:\/\/labelfree.nl\/de\/produkt\/st2403-faltbar-0x6-290g-schwarz\/\" \/>\n<meta property=\"og:locale\" content=\"de_DE\" \/>\n<meta property=\"og:type\" content=\"article\" \/>\n<meta property=\"og:title\" content=\"Tas Fold 0X6 290g SH - Labelfree\" \/>\n<meta property=\"og:description\" content=\"Duurzame Tas 100% Katoen Ontdek de perfecte combinatie van stijl en functionaliteit met onze 100% katoenen Tas. Duurzame Kwaliteit van 100% Katoen Onze tote bag is gemaakt van 100% hoogwaardig katoen, wat zorgt voor een stevige en duurzame tas die jarenlang meegaat. Met een gewicht van 290 g\/m\u00b2 (10 oz canvas) is deze tas ideaal [&hellip;]\" \/>\n<meta property=\"og:url\" content=\"https:\/\/labelfree.nl\/de\/produkt\/st2403-faltbar-0x6-290g-schwarz\/\" \/>\n<meta property=\"og:site_name\" content=\"Labelfree\" \/>\n<meta property=\"article:modified_time\" content=\"2026-04-21T00:37:16+00:00\" \/>\n<meta property=\"og:image\" content=\"https:\/\/labelfree.nl\/wp-content\/uploads\/2024\/10\/002403_ModelA_01-2.jpg\" \/>\n\t<meta property=\"og:image:width\" content=\"1280\" \/>\n\t<meta property=\"og:image:height\" content=\"1920\" \/>\n\t<meta property=\"og:image:type\" content=\"image\/jpeg\" \/>\n<meta name=\"twitter:card\" content=\"summary_large_image\" \/>\n<meta name=\"twitter:label1\" content=\"Gesch\u00e4tzte Lesezeit\" \/>\n\t<meta name=\"twitter:data1\" content=\"2\u00a0Minuten\" \/>\n<script type=\"application\/ld+json\" class=\"yoast-schema-graph\">{\"@context\":\"https:\\\/\\\/schema.org\",\"@graph\":[{\"@type\":\"WebPage\",\"@id\":\"https:\\\/\\\/labelfree.nl\\\/product\\\/st2403-fold-0x6-290g-sh\\\/\",\"url\":\"https:\\\/\\\/labelfree.nl\\\/product\\\/st2403-fold-0x6-290g-sh\\\/\",\"name\":\"Tas Fold 0X6 290g SH - Labelfree\",\"isPartOf\":{\"@id\":\"https:\\\/\\\/labelfree.nl\\\/#website\"},\"primaryImageOfPage\":{\"@id\":\"https:\\\/\\\/labelfree.nl\\\/product\\\/st2403-fold-0x6-290g-sh\\\/#primaryimage\"},\"image\":{\"@id\":\"https:\\\/\\\/labelfree.nl\\\/product\\\/st2403-fold-0x6-290g-sh\\\/#primaryimage\"},\"thumbnailUrl\":\"https:\\\/\\\/labelfree.nl\\\/wp-content\\\/uploads\\\/2024\\\/10\\\/002403_ModelA_01-2.jpg\",\"datePublished\":\"2024-10-24T16:18:20+00:00\",\"dateModified\":\"2026-04-21T00:37:16+00:00\",\"breadcrumb\":{\"@id\":\"https:\\\/\\\/labelfree.nl\\\/product\\\/st2403-fold-0x6-290g-sh\\\/#breadcrumb\"},\"inLanguage\":\"de\",\"potentialAction\":[{\"@type\":\"ReadAction\",\"target\":[\"https:\\\/\\\/labelfree.nl\\\/product\\\/st2403-fold-0x6-290g-sh\\\/\"]}]},{\"@type\":\"ImageObject\",\"inLanguage\":\"de\",\"@id\":\"https:\\\/\\\/labelfree.nl\\\/product\\\/st2403-fold-0x6-290g-sh\\\/#primaryimage\",\"url\":\"https:\\\/\\\/labelfree.nl\\\/wp-content\\\/uploads\\\/2024\\\/10\\\/002403_ModelA_01-2.jpg\",\"contentUrl\":\"https:\\\/\\\/labelfree.nl\\\/wp-content\\\/uploads\\\/2024\\\/10\\\/002403_ModelA_01-2.jpg\",\"width\":1280,\"height\":1920},{\"@type\":\"BreadcrumbList\",\"@id\":\"https:\\\/\\\/labelfree.nl\\\/product\\\/st2403-fold-0x6-290g-sh\\\/#breadcrumb\",\"itemListElement\":[{\"@type\":\"ListItem\",\"position\":1,\"name\":\"Home\",\"item\":\"https:\\\/\\\/labelfree.nl\\\/\"},{\"@type\":\"ListItem\",\"position\":2,\"name\":\"Webshop\",\"item\":\"https:\\\/\\\/labelfree.nl\\\/webshop\\\/\"},{\"@type\":\"ListItem\",\"position\":3,\"name\":\"Tas Fold 0X6 290g SH\"}]},{\"@type\":\"WebSite\",\"@id\":\"https:\\\/\\\/labelfree.nl\\\/#website\",\"url\":\"https:\\\/\\\/labelfree.nl\\\/\",\"name\":\"Labelfree\",\"description\":\"Brandless quality\",\"potentialAction\":[{\"@type\":\"SearchAction\",\"target\":{\"@type\":\"EntryPoint\",\"urlTemplate\":\"https:\\\/\\\/labelfree.nl\\\/?s={search_term_string}\"},\"query-input\":{\"@type\":\"PropertyValueSpecification\",\"valueRequired\":true,\"valueName\":\"search_term_string\"}}],\"inLanguage\":\"de\"}]}<\/script>\n<!-- \/ Yoast SEO plugin. -->","yoast_head_json":{"title":"Beutelfalz 0X6 290g SH - Etikettenfrei","robots":{"index":"index","follow":"follow","max-snippet":"max-snippet:-1","max-image-preview":"max-image-preview:large","max-video-preview":"max-video-preview:-1"},"canonical":"https:\/\/labelfree.nl\/de\/produkt\/st2403-faltbar-0x6-290g-schwarz\/","og_locale":"de_DE","og_type":"article","og_title":"Tas Fold 0X6 290g SH - Labelfree","og_description":"Duurzame Tas 100% Katoen Ontdek de perfecte combinatie van stijl en functionaliteit met onze 100% katoenen Tas. Duurzame Kwaliteit van 100% Katoen Onze tote bag is gemaakt van 100% hoogwaardig katoen, wat zorgt voor een stevige en duurzame tas die jarenlang meegaat. Met een gewicht van 290 g\/m\u00b2 (10 oz canvas) is deze tas ideaal [&hellip;]","og_url":"https:\/\/labelfree.nl\/de\/produkt\/st2403-faltbar-0x6-290g-schwarz\/","og_site_name":"Labelfree","article_modified_time":"2026-04-21T00:37:16+00:00","og_image":[{"width":1280,"height":1920,"url":"https:\/\/labelfree.nl\/wp-content\/uploads\/2024\/10\/002403_ModelA_01-2.jpg","type":"image\/jpeg"}],"twitter_card":"summary_large_image","twitter_misc":{"Gesch\u00e4tzte Lesezeit":"2\u00a0Minuten"},"schema":{"@context":"https:\/\/schema.org","@graph":[{"@type":"WebPage","@id":"https:\/\/labelfree.nl\/product\/st2403-fold-0x6-290g-sh\/","url":"https:\/\/labelfree.nl\/product\/st2403-fold-0x6-290g-sh\/","name":"Beutelfalz 0X6 290g SH - Etikettenfrei","isPartOf":{"@id":"https:\/\/labelfree.nl\/#website"},"primaryImageOfPage":{"@id":"https:\/\/labelfree.nl\/product\/st2403-fold-0x6-290g-sh\/#primaryimage"},"image":{"@id":"https:\/\/labelfree.nl\/product\/st2403-fold-0x6-290g-sh\/#primaryimage"},"thumbnailUrl":"https:\/\/labelfree.nl\/wp-content\/uploads\/2024\/10\/002403_ModelA_01-2.jpg","datePublished":"2024-10-24T16:18:20+00:00","dateModified":"2026-04-21T00:37:16+00:00","breadcrumb":{"@id":"https:\/\/labelfree.nl\/product\/st2403-fold-0x6-290g-sh\/#breadcrumb"},"inLanguage":"de","potentialAction":[{"@type":"ReadAction","target":["https:\/\/labelfree.nl\/product\/st2403-fold-0x6-290g-sh\/"]}]},{"@type":"ImageObject","inLanguage":"de","@id":"https:\/\/labelfree.nl\/product\/st2403-fold-0x6-290g-sh\/#primaryimage","url":"https:\/\/labelfree.nl\/wp-content\/uploads\/2024\/10\/002403_ModelA_01-2.jpg","contentUrl":"https:\/\/labelfree.nl\/wp-content\/uploads\/2024\/10\/002403_ModelA_01-2.jpg","width":1280,"height":1920},{"@type":"BreadcrumbList","@id":"https:\/\/labelfree.nl\/product\/st2403-fold-0x6-290g-sh\/#breadcrumb","itemListElement":[{"@type":"ListItem","position":1,"name":"Home","item":"https:\/\/labelfree.nl\/"},{"@type":"ListItem","position":2,"name":"Webshop","item":"https:\/\/labelfree.nl\/webshop\/"},{"@type":"ListItem","position":3,"name":"Tas Fold 0X6 290g SH"}]},{"@type":"WebSite","@id":"https:\/\/labelfree.nl\/#website","url":"https:\/\/labelfree.nl\/","name":"Etikettenfrei","description":"Markenlose Qualit\u00e4t","potentialAction":[{"@type":"SearchAction","target":{"@type":"EntryPoint","urlTemplate":"https:\/\/labelfree.nl\/?s={search_term_string}"},"query-input":{"@type":"PropertyValueSpecification","valueRequired":true,"valueName":"search_term_string"}}],"inLanguage":"de"}]}},"jetpack_sharing_enabled":true,"_links":{"self":[{"href":"https:\/\/labelfree.nl\/de\/wp-json\/wp\/v2\/product\/41390","targetHints":{"allow":["GET"]}}],"collection":[{"href":"https:\/\/labelfree.nl\/de\/wp-json\/wp\/v2\/product"}],"about":[{"href":"https:\/\/labelfree.nl\/de\/wp-json\/wp\/v2\/types\/product"}],"wp:featuredmedia":[{"embeddable":true,"href":"https:\/\/labelfree.nl\/de\/wp-json\/wp\/v2\/media\/53904"}],"wp:attachment":[{"href":"https:\/\/labelfree.nl\/de\/wp-json\/wp\/v2\/media?parent=41390"}],"wp:term":[{"taxonomy":"product_brand","embeddable":true,"href":"https:\/\/labelfree.nl\/de\/wp-json\/wp\/v2\/product_brand?post=41390"},{"taxonomy":"product_cat","embeddable":true,"href":"https:\/\/labelfree.nl\/de\/wp-json\/wp\/v2\/product_cat?post=41390"},{"taxonomy":"product_tag","embeddable":true,"href":"https:\/\/labelfree.nl\/de\/wp-json\/wp\/v2\/product_tag?post=41390"}],"curies":[{"name":"wp","href":"https:\/\/api.w.org\/{rel}","templated":true}]}}