{"id":41410,"date":"2024-10-24T18:18:39","date_gmt":"2024-10-24T16:18:39","guid":{"rendered":"https:\/\/labelfree.nl\/product\/st2411-fold-420g-lh\/"},"modified":"2026-05-09T02:48:56","modified_gmt":"2026-05-09T00:48:56","slug":"st2411-fold-420g-lh","status":"publish","type":"product","link":"https:\/\/labelfree.nl\/de\/produkt\/st2411-faltbar-420g-links\/","title":{"rendered":"Beutelfalte 420g LH"},"content":{"rendered":"<h2>Nachhaltige und stylische Tasche<\/h2>\n<p>Stilvolle und umweltfreundliche Tasche<\/p>\n<h3>Hochwertige Materialien<\/h3>\n<p>Diese Tasche besteht aus 100%-Baumwolle mit einem Gewicht von nicht weniger als 420 g\/m\u00b2. Dies macht die Tasche nicht nur robust, sondern auch sehr alltagstauglich. Bei der Variante Granit handelt es sich um einen Recyclingfaser-Mix bestehend aus Baumwolle und Polyester mit einem Gewicht von 450 g\/m\u00b2. Diese Materialkombination sorgt daf\u00fcr, dass die Tasche strapazierf\u00e4hig ist und sich perfekt zum Transportieren unterschiedlicher Dinge eignet, von Lebensmitteln bis hin zu pers\u00f6nlichen Gegenst\u00e4nden.<\/p>\n<h3>Funktionales Design<\/h3>\n<p>Mit den Ma\u00dfen 38 x 42 x 12 x 12 cm bietet diese Tasche reichlich Platz f\u00fcr alle wichtigen Dinge. Die 66 cm langen Tragegriffe eignen sich perfekt, um die Tasche bequem \u00fcber der Schulter zu tragen. Bei der Entwicklung dieser Tasche wurde auf Funktionalit\u00e4t und Benutzerfreundlichkeit geachtet, sie sieht aber gleichzeitig auch modisch aus. Bitte beachten Sie, dass sich die Breite der Griffe dieser Tasche bald von 2,5 cm auf 3,5 cm \u00e4ndert, um beim Tragen zus\u00e4tzlichen Komfort und Stabilit\u00e4t zu bieten.<\/p>\n<h3>Spezifikationen der Tragetasche<\/h3>\n<ul>\n<li>Material: 100% Baumwolle und recycelte Fasern<\/li>\n<li>Gewicht: 420 g\/m\u00b2; Granitvariante 450 g\/m\u00b2<\/li>\n<li>Abmessungen: 38 x 42 x 12 x 12 cm<\/li>\n<li>Griffl\u00e4nge: 66 cm<\/li>\n<li>Verpackung: 50 St\u00fcck pro Karton, 10 St\u00fcck pro Packung<\/li>\n<li>Kann pro St\u00fcck bestellt werden<\/li>\n<li>Griffbreite: Ver\u00e4nderbar von 2,5cm auf 3,5cm<\/li>\n<\/ul>\n<h3>Nachhaltiges Einkaufen und Drucken<\/h3>\n<p>Wir bei Labelfree glauben an Nachhaltigkeit und Qualit\u00e4t. Unsere Taschen sind nicht nur stylisch, sondern auch umweltfreundlich. Ob Sie als Unternehmen nach Werbedrucken suchen oder als Privatperson eine einzigartige Tasche haben m\u00f6chten, Labelfree bietet eine Reihe von Druckverfahren wie Siebdruck und DTG-Druck. Unsere Grafikdesigner sind bereit, Ihre Ideen zum Leben zu erwecken, auch wenn Sie kein eigenes Design haben.<\/p>\n<h3>Entdecken Sie die M\u00f6glichkeiten<\/h3>\n<p>Sie m\u00f6chten diese sch\u00f6ne Tasche unbedruckt bestellen oder bedrucken lassen? Bei Labelfree bieten wir Ihnen die M\u00f6glichkeit, sowohl unbedruckte Kleidung als auch Drucke separat zu bestellen, sodass Sie Ihren eigenen Vorrat aufbauen k\u00f6nnen. Z\u00f6gern Sie nicht und entdecken Sie die M\u00f6glichkeiten! Wir helfen Ihnen gerne dabei, ein greifbares Design zu erstellen, das zu Ihrem Stil passt!<\/p>","protected":false},"excerpt":{"rendered":"<p>Duurzame en Stijlvol Tas Stijlvolle en eco-vriendelijke tas Hoogwaardige Materialen Deze tas is vervaardigd uit 100% katoen met een gewicht van maar liefst 420 g\/m\u00b2. Dit maakt de tas niet alleen stevig, maar ook zeer geschikt voor dagelijkse gebruik. De Granite variant is een mix van gerecyclede vezels, bestaande uit katoen en polyester, met een [&hellip;]<\/p>\n","protected":false},"featured_media":53915,"template":"","meta":{"_acf_changed":false},"product_brand":[],"product_cat":[86,448],"product_tag":[],"class_list":{"0":"post-41410","1":"product","2":"type-product","3":"status-publish","4":"has-post-thumbnail","6":"product_cat-non-wear","7":"product_cat-tassen","8":"pa_size-een-maat","9":"pa_size-onesize","11":"first","12":"instock","13":"taxable","14":"shipping-taxable","15":"purchasable","16":"product-type-variable"},"acf":[],"yoast_head":"<!-- This site is optimized with the Yoast SEO plugin v27.5 - https:\/\/yoast.com\/product\/yoast-seo-wordpress\/ -->\n<title>Tas Fold 420g LH - Labelfree<\/title>\n<meta name=\"robots\" content=\"index, follow, max-snippet:-1, max-image-preview:large, max-video-preview:-1\" \/>\n<link rel=\"canonical\" href=\"https:\/\/labelfree.nl\/de\/produkt\/st2411-faltbar-420g-links\/\" \/>\n<meta property=\"og:locale\" content=\"de_DE\" \/>\n<meta property=\"og:type\" content=\"article\" \/>\n<meta property=\"og:title\" content=\"Tas Fold 420g LH - Labelfree\" \/>\n<meta property=\"og:description\" content=\"Duurzame en Stijlvol Tas Stijlvolle en eco-vriendelijke tas Hoogwaardige Materialen Deze tas is vervaardigd uit 100% katoen met een gewicht van maar liefst 420 g\/m\u00b2. Dit maakt de tas niet alleen stevig, maar ook zeer geschikt voor dagelijkse gebruik. De Granite variant is een mix van gerecyclede vezels, bestaande uit katoen en polyester, met een [&hellip;]\" \/>\n<meta property=\"og:url\" content=\"https:\/\/labelfree.nl\/de\/produkt\/st2411-faltbar-420g-links\/\" \/>\n<meta property=\"og:site_name\" content=\"Labelfree\" \/>\n<meta property=\"article:modified_time\" content=\"2026-05-09T00:48:56+00:00\" \/>\n<meta property=\"og:image\" content=\"https:\/\/labelfree.nl\/wp-content\/uploads\/2024\/10\/002411_Model_C_LH_01-2.jpg\" \/>\n\t<meta property=\"og:image:width\" content=\"1280\" \/>\n\t<meta property=\"og:image:height\" content=\"1920\" \/>\n\t<meta property=\"og:image:type\" content=\"image\/jpeg\" \/>\n<meta name=\"twitter:card\" content=\"summary_large_image\" \/>\n<meta name=\"twitter:label1\" content=\"Gesch\u00e4tzte Lesezeit\" \/>\n\t<meta name=\"twitter:data1\" content=\"2\u00a0Minuten\" \/>\n<script type=\"application\/ld+json\" class=\"yoast-schema-graph\">{\"@context\":\"https:\\\/\\\/schema.org\",\"@graph\":[{\"@type\":\"WebPage\",\"@id\":\"https:\\\/\\\/labelfree.nl\\\/product\\\/st2411-fold-420g-lh\\\/\",\"url\":\"https:\\\/\\\/labelfree.nl\\\/product\\\/st2411-fold-420g-lh\\\/\",\"name\":\"Tas Fold 420g LH - Labelfree\",\"isPartOf\":{\"@id\":\"https:\\\/\\\/labelfree.nl\\\/#website\"},\"primaryImageOfPage\":{\"@id\":\"https:\\\/\\\/labelfree.nl\\\/product\\\/st2411-fold-420g-lh\\\/#primaryimage\"},\"image\":{\"@id\":\"https:\\\/\\\/labelfree.nl\\\/product\\\/st2411-fold-420g-lh\\\/#primaryimage\"},\"thumbnailUrl\":\"https:\\\/\\\/labelfree.nl\\\/wp-content\\\/uploads\\\/2024\\\/10\\\/002411_Model_C_LH_01-2.jpg\",\"datePublished\":\"2024-10-24T16:18:39+00:00\",\"dateModified\":\"2026-05-09T00:48:56+00:00\",\"breadcrumb\":{\"@id\":\"https:\\\/\\\/labelfree.nl\\\/product\\\/st2411-fold-420g-lh\\\/#breadcrumb\"},\"inLanguage\":\"de\",\"potentialAction\":[{\"@type\":\"ReadAction\",\"target\":[\"https:\\\/\\\/labelfree.nl\\\/product\\\/st2411-fold-420g-lh\\\/\"]}]},{\"@type\":\"ImageObject\",\"inLanguage\":\"de\",\"@id\":\"https:\\\/\\\/labelfree.nl\\\/product\\\/st2411-fold-420g-lh\\\/#primaryimage\",\"url\":\"https:\\\/\\\/labelfree.nl\\\/wp-content\\\/uploads\\\/2024\\\/10\\\/002411_Model_C_LH_01-2.jpg\",\"contentUrl\":\"https:\\\/\\\/labelfree.nl\\\/wp-content\\\/uploads\\\/2024\\\/10\\\/002411_Model_C_LH_01-2.jpg\",\"width\":1280,\"height\":1920},{\"@type\":\"BreadcrumbList\",\"@id\":\"https:\\\/\\\/labelfree.nl\\\/product\\\/st2411-fold-420g-lh\\\/#breadcrumb\",\"itemListElement\":[{\"@type\":\"ListItem\",\"position\":1,\"name\":\"Home\",\"item\":\"https:\\\/\\\/labelfree.nl\\\/\"},{\"@type\":\"ListItem\",\"position\":2,\"name\":\"Webshop\",\"item\":\"https:\\\/\\\/labelfree.nl\\\/webshop\\\/\"},{\"@type\":\"ListItem\",\"position\":3,\"name\":\"Tas Fold 420g LH\"}]},{\"@type\":\"WebSite\",\"@id\":\"https:\\\/\\\/labelfree.nl\\\/#website\",\"url\":\"https:\\\/\\\/labelfree.nl\\\/\",\"name\":\"Labelfree\",\"description\":\"Brandless quality\",\"potentialAction\":[{\"@type\":\"SearchAction\",\"target\":{\"@type\":\"EntryPoint\",\"urlTemplate\":\"https:\\\/\\\/labelfree.nl\\\/?s={search_term_string}\"},\"query-input\":{\"@type\":\"PropertyValueSpecification\",\"valueRequired\":true,\"valueName\":\"search_term_string\"}}],\"inLanguage\":\"de\"}]}<\/script>\n<!-- \/ Yoast SEO plugin. -->","yoast_head_json":{"title":"Beutelfalte 420g LH - Etikettenfrei","robots":{"index":"index","follow":"follow","max-snippet":"max-snippet:-1","max-image-preview":"max-image-preview:large","max-video-preview":"max-video-preview:-1"},"canonical":"https:\/\/labelfree.nl\/de\/produkt\/st2411-faltbar-420g-links\/","og_locale":"de_DE","og_type":"article","og_title":"Tas Fold 420g LH - Labelfree","og_description":"Duurzame en Stijlvol Tas Stijlvolle en eco-vriendelijke tas Hoogwaardige Materialen Deze tas is vervaardigd uit 100% katoen met een gewicht van maar liefst 420 g\/m\u00b2. Dit maakt de tas niet alleen stevig, maar ook zeer geschikt voor dagelijkse gebruik. De Granite variant is een mix van gerecyclede vezels, bestaande uit katoen en polyester, met een [&hellip;]","og_url":"https:\/\/labelfree.nl\/de\/produkt\/st2411-faltbar-420g-links\/","og_site_name":"Labelfree","article_modified_time":"2026-05-09T00:48:56+00:00","og_image":[{"width":1280,"height":1920,"url":"https:\/\/labelfree.nl\/wp-content\/uploads\/2024\/10\/002411_Model_C_LH_01-2.jpg","type":"image\/jpeg"}],"twitter_card":"summary_large_image","twitter_misc":{"Gesch\u00e4tzte Lesezeit":"2\u00a0Minuten"},"schema":{"@context":"https:\/\/schema.org","@graph":[{"@type":"WebPage","@id":"https:\/\/labelfree.nl\/product\/st2411-fold-420g-lh\/","url":"https:\/\/labelfree.nl\/product\/st2411-fold-420g-lh\/","name":"Beutelfalte 420g LH - Etikettenfrei","isPartOf":{"@id":"https:\/\/labelfree.nl\/#website"},"primaryImageOfPage":{"@id":"https:\/\/labelfree.nl\/product\/st2411-fold-420g-lh\/#primaryimage"},"image":{"@id":"https:\/\/labelfree.nl\/product\/st2411-fold-420g-lh\/#primaryimage"},"thumbnailUrl":"https:\/\/labelfree.nl\/wp-content\/uploads\/2024\/10\/002411_Model_C_LH_01-2.jpg","datePublished":"2024-10-24T16:18:39+00:00","dateModified":"2026-05-09T00:48:56+00:00","breadcrumb":{"@id":"https:\/\/labelfree.nl\/product\/st2411-fold-420g-lh\/#breadcrumb"},"inLanguage":"de","potentialAction":[{"@type":"ReadAction","target":["https:\/\/labelfree.nl\/product\/st2411-fold-420g-lh\/"]}]},{"@type":"ImageObject","inLanguage":"de","@id":"https:\/\/labelfree.nl\/product\/st2411-fold-420g-lh\/#primaryimage","url":"https:\/\/labelfree.nl\/wp-content\/uploads\/2024\/10\/002411_Model_C_LH_01-2.jpg","contentUrl":"https:\/\/labelfree.nl\/wp-content\/uploads\/2024\/10\/002411_Model_C_LH_01-2.jpg","width":1280,"height":1920},{"@type":"BreadcrumbList","@id":"https:\/\/labelfree.nl\/product\/st2411-fold-420g-lh\/#breadcrumb","itemListElement":[{"@type":"ListItem","position":1,"name":"Home","item":"https:\/\/labelfree.nl\/"},{"@type":"ListItem","position":2,"name":"Webshop","item":"https:\/\/labelfree.nl\/webshop\/"},{"@type":"ListItem","position":3,"name":"Tas Fold 420g LH"}]},{"@type":"WebSite","@id":"https:\/\/labelfree.nl\/#website","url":"https:\/\/labelfree.nl\/","name":"Etikettenfrei","description":"Markenlose Qualit\u00e4t","potentialAction":[{"@type":"SearchAction","target":{"@type":"EntryPoint","urlTemplate":"https:\/\/labelfree.nl\/?s={search_term_string}"},"query-input":{"@type":"PropertyValueSpecification","valueRequired":true,"valueName":"search_term_string"}}],"inLanguage":"de"}]}},"jetpack_sharing_enabled":true,"_links":{"self":[{"href":"https:\/\/labelfree.nl\/de\/wp-json\/wp\/v2\/product\/41410","targetHints":{"allow":["GET"]}}],"collection":[{"href":"https:\/\/labelfree.nl\/de\/wp-json\/wp\/v2\/product"}],"about":[{"href":"https:\/\/labelfree.nl\/de\/wp-json\/wp\/v2\/types\/product"}],"wp:featuredmedia":[{"embeddable":true,"href":"https:\/\/labelfree.nl\/de\/wp-json\/wp\/v2\/media\/53915"}],"wp:attachment":[{"href":"https:\/\/labelfree.nl\/de\/wp-json\/wp\/v2\/media?parent=41410"}],"wp:term":[{"taxonomy":"product_brand","embeddable":true,"href":"https:\/\/labelfree.nl\/de\/wp-json\/wp\/v2\/product_brand?post=41410"},{"taxonomy":"product_cat","embeddable":true,"href":"https:\/\/labelfree.nl\/de\/wp-json\/wp\/v2\/product_cat?post=41410"},{"taxonomy":"product_tag","embeddable":true,"href":"https:\/\/labelfree.nl\/de\/wp-json\/wp\/v2\/product_tag?post=41410"}],"curies":[{"name":"wp","href":"https:\/\/api.w.org\/{rel}","templated":true}]}}