{"id":41502,"date":"2024-10-24T18:19:54","date_gmt":"2024-10-24T16:19:54","guid":{"rendered":"https:\/\/labelfree.nl\/product\/st310-mens-fitted\/"},"modified":"2026-04-21T02:26:45","modified_gmt":"2026-04-21T00:26:45","slug":"blanco-heren-tshirt-slimfit-organic-cotton-165gm%c2%b2-bedrukken-printmogelijkheden-ontwerphulp-b2b","status":"publish","type":"product","link":"https:\/\/labelfree.nl\/de\/produkt\/st310-herren-ausgestattet\/","title":{"rendered":"Blanko-Herren-T-Shirt, Slim Fit, 100% Baumwolle, 165 g\/m\u00b2"},"content":{"rendered":"<p><span style=\"color: #333333;\">Herren-T-Shirt aus Baumwolle mit leicht taillierter Passform. Stilvoll und bequem. 100% Bio-Baumwolle, Single-Jersey, 165 g\/m\u00b2<\/span><\/p>\n<p><span style=\"color: #333333;\"><em>F\u00fcr die korrekte Farbdarstellung und den Preis klicken Sie auf die Farbe und Gr\u00f6\u00dfe und anschlie\u00dfend erneut auf die Lupe.<\/em><\/span><\/p>\n<p>&nbsp;<\/p>\n<h3><span style=\"color: #5a7699;\"><strong>Slim-Fit-T-Shirt f\u00fcr Herren \u2013 perfekte Passform und hoher Tragekomfort<\/strong><\/span><\/h3>\n<p><strong>100 % Bio-Baumwolle (%). Single-Jersey, 165 g\/m\u00b2.<\/strong><\/p>\n<p><strong> <img decoding=\"async\" src=\"https:\/\/www.stormtextil.dk\/sites\/default\/files\/inline-images\/OTS100_label_19.HBD__1.jpg\" alt=\"\u00d6ko-Tex-zertifiziert\" \/><\/strong><\/p>\n<ul>\n<li>Qualit\u00e4t: 100% Bio-Baumwolle, gek\u00e4mmt und enzymgewaschen<\/li>\n<li>Oxford Grey: 851 TP3T Bio-Baumwolle und 151 TP3T Viskose<\/li>\n<li>Single-Jersey<\/li>\n<li>Gewicht: 165 g\/m\u00b2<\/li>\n<li>Single-Jersey<\/li>\n<li>Erh\u00e4ltlich in 5 Farben<\/li>\n<li>Erh\u00e4ltlich von Gr\u00f6\u00dfe XS bis 3XL<\/li>\n<li>Markenlos, kleine Gr\u00f6\u00dfentabelle im Halsausschnitt<\/li>\n<li>Geeignet f\u00fcr Siebdruck, Transferdruck, DTG-Druck und Stickerei<\/li>\n<li>Karton: 50 St\u00fcck. Verpackung: 10 St\u00fcck. Auch einzeln erh\u00e4ltlich.<\/li>\n<\/ul>\n<h4><\/h4>\n<h4><span style=\"color: #5a7699;\"><strong>Slim-Fit-Baumwoll-T-Shirt f\u00fcr Herren \u2013 perfekte Passform und strapazierf\u00e4hig<\/strong><\/span><\/h4>\n<p>Unser Slim-Fit-T-Shirt hat einen klassischen, leicht taillierten Schnitt, der elegant f\u00e4llt, ohne zu weit oder zu eng zu sein. Es ist die ideale Wahl f\u00fcr stilvolle Freizeitoutfits. Die \u00c4rmel sind auf diesen Schnitt abgestimmt und mit Seitenn\u00e4hten versehen. Im Vergleich zu anderen T-Shirts ist dieses etwas k\u00fcrzer geschnitten und verleiht dem Shirt so einen modernen Look. Es kann von Damen und Herren getragen werden, hat aber eine etwas lockerere Passform.<\/p>\n<p>Klassischer Rundhalsausschnitt mit verst\u00e4rktem Halsb\u00fcndchen. \u00c4rmel und Saum sind doppelt vern\u00e4ht. Der Halsausschnitt ist mit einem 1x1-Rippstrickb\u00fcndchen aus Baumwolle eingefasst.<\/p>\n<h4><span style=\"color: #5a7699;\"><strong>Materialangaben<\/strong><\/span><\/h4>\n<p>Qualit\u00e4t: 100% gek\u00e4mmte und enzymgewaschene Baumwolle. Unsere Baumwolle ist umweltfreundlich, da sie ohne sch\u00e4dliche Chemikalien und unter verantwortungsvollen Bedingungen produziert wird. Sie stammt aus kontrolliert biologischem Anbau (weniger Pestizide) und ist daher besser f\u00fcr empfindliche Haut geeignet.<\/p>\n<p>Das T-Shirt besteht aus einer unserer beliebtesten Baumwollarten, 165 g\/m\u00b2 Single-Jersey. Wir verwenden dieses Material f\u00fcr die meisten unserer T-Shirts. Es ist bekannt f\u00fcr seine weichen, bequemen, dehnbaren und strapazierf\u00e4higen Eigenschaften. Es beh\u00e4lt nach dem Waschen Form und Farbe, l\u00e4uft kaum ein und hat eine glatte, gleichm\u00e4\u00dfige Oberfl\u00e4che. Je nach Farbe sind Materialkombinationen m\u00f6glich, zum Beispiel Oxford Grey: 85% Bio-Baumwolle und 15% Viskose.<\/p>\n<h4><span style=\"color: #5a7699;\"><strong>Druck-, Stick- und Beschriftungsm\u00f6glichkeiten<\/strong><\/span><\/h4>\n<p>Unser gesamtes Sortiment eignet sich f\u00fcr B2B, Merchandising und Private Label. Sie m\u00f6chten unbedruckte Kleidung bestellen, diese mit Ihrem eigenen Design bedrucken lassen oder ben\u00f6tigen Druckvorlagen zum Selbstaufbringen? Das Team von Labelfree unterst\u00fctzt Sie dabei in jedem Schritt.<\/p>\n<p>Labelfree bietet eine Vielzahl professioneller Druckoptionen, darunter Transferdruck, DTF-Druck, Siebdruck und Stickerei. Sie k\u00f6nnen beispielsweise auch Ihre eigenen Nackenaufdrucke und Etiketten auf den \u00c4rmel drucken lassen.<\/p>\n<p>Ben\u00f6tigen Sie Hilfe bei Ihrem eigenen Design? Unsere Grafikdesigner unterst\u00fctzen Sie gerne. So stellen wir sicher, dass das Endprodukt perfekt auf Ihre Bed\u00fcrfnisse zugeschnitten ist. Sie erhalten immer zun\u00e4chst ein kostenloses, visuelles Angebot. Kontaktieren Sie uns, um die M\u00f6glichkeiten zur Erstellung Ihrer eigenen Kollektion zu erkunden.<\/p>\n<p>&nbsp;<\/p>\n<p>Gr\u00f6\u00dfentabelle<\/p>\n<p><img fetchpriority=\"high\" decoding=\"async\" class=\"\" src=\"https:\/\/www.stormtextil.dk\/sites\/default\/files\/size-charts\/000310_Mens_Fitted.png\" width=\"612\" height=\"96\" \/><\/p>\n<p>Pflegeanleitung<\/p>\n<p><img decoding=\"async\" class=\"alignnone wp-image-57129\" src=\"https:\/\/labelfree.nl\/wp-content\/uploads\/2024\/10\/Storm_washing_instructions_40_0-8.gif\" alt=\"\" width=\"173\" height=\"26\" \/><\/p>\n<p>&nbsp;<\/p>\n<p>&nbsp;<\/p>","protected":false},"excerpt":{"rendered":"<p>Katoenen heren t-shirt met een licht getailleerde look. Stijlvol en comfortabel. 100% organic cotton, single jersey 165 g\/m\u00b2 voor de juiste kleurweergave en prijs klikt u op de kleur en maat en nogmaals op het vergrootglas &nbsp; t-shirt slim fit heren \u2013 perfecte pasvorm en comfortabel 100 % Biologisch katoen. Single jersey, 165 g\/m\u00b2 Kwaliteit: [&hellip;]<\/p>\n","protected":false},"featured_media":53956,"template":"","meta":{"_acf_changed":false},"product_brand":[],"product_cat":[19,46],"product_tag":[],"class_list":{"0":"post-41502","1":"product","2":"type-product","3":"status-publish","4":"has-post-thumbnail","6":"product_cat-t-shirts","7":"product_cat-t-shirts-crew-neck","8":"pa_size-2xl","9":"pa_size-3xl","10":"pa_size-l","11":"pa_size-m","12":"pa_size-s","13":"pa_size-xl","14":"pa_size-xs","16":"first","17":"instock","18":"taxable","19":"shipping-taxable","20":"purchasable","21":"product-type-variable"},"acf":[],"yoast_head":"<!-- This site is optimized with the Yoast SEO plugin v27.4 - https:\/\/yoast.com\/product\/yoast-seo-wordpress\/ -->\n<title>blanco heren t-shirt slim fit 100% katoen 165 g\/m\u00b2 - Labelfree<\/title>\n<meta name=\"description\" content=\"Merkloos katoenen heren t-shirt. Licht getailleerd, mooie pasvorm. 100% biologisch katoen, 165 g\/m\u00b2. Groothandel kwaliteit, prints en ontwerphulp mogelijk\" \/>\n<meta name=\"robots\" content=\"index, follow, max-snippet:-1, max-image-preview:large, max-video-preview:-1\" \/>\n<link rel=\"canonical\" href=\"https:\/\/labelfree.nl\/de\/produkt\/st310-herren-ausgestattet\/\" \/>\n<meta property=\"og:locale\" content=\"de_DE\" \/>\n<meta property=\"og:type\" content=\"article\" \/>\n<meta property=\"og:title\" content=\"blanco heren t-shirt slim fit 100% katoen 165 g\/m\u00b2 - Labelfree\" \/>\n<meta property=\"og:description\" content=\"Merkloos katoenen heren t-shirt. Licht getailleerd, mooie pasvorm. 100% biologisch katoen, 165 g\/m\u00b2. Groothandel kwaliteit, prints en ontwerphulp mogelijk\" \/>\n<meta property=\"og:url\" content=\"https:\/\/labelfree.nl\/de\/produkt\/st310-herren-ausgestattet\/\" \/>\n<meta property=\"og:site_name\" content=\"Labelfree\" \/>\n<meta property=\"article:modified_time\" content=\"2026-04-21T00:26:45+00:00\" \/>\n<meta property=\"og:image\" content=\"https:\/\/labelfree.nl\/wp-content\/uploads\/2024\/10\/000310_Mens_Fitted_01-1.jpg\" \/>\n\t<meta property=\"og:image:width\" content=\"1280\" \/>\n\t<meta property=\"og:image:height\" content=\"1920\" \/>\n\t<meta property=\"og:image:type\" content=\"image\/jpeg\" \/>\n<meta name=\"twitter:card\" content=\"summary_large_image\" \/>\n<meta name=\"twitter:label1\" content=\"Gesch\u00e4tzte Lesezeit\" \/>\n\t<meta name=\"twitter:data1\" content=\"4\u00a0Minuten\" \/>\n<script type=\"application\/ld+json\" class=\"yoast-schema-graph\">{\"@context\":\"https:\\\/\\\/schema.org\",\"@graph\":[{\"@type\":\"WebPage\",\"@id\":\"https:\\\/\\\/labelfree.nl\\\/product\\\/blanco-heren-tshirt-slimfit-organic-cotton-165gm%c2%b2-bedrukken-printmogelijkheden-ontwerphulp-b2b\\\/\",\"url\":\"https:\\\/\\\/labelfree.nl\\\/product\\\/blanco-heren-tshirt-slimfit-organic-cotton-165gm%c2%b2-bedrukken-printmogelijkheden-ontwerphulp-b2b\\\/\",\"name\":\"blanco heren t-shirt slim fit 100% katoen 165 g\\\/m\u00b2 - Labelfree\",\"isPartOf\":{\"@id\":\"https:\\\/\\\/labelfree.nl\\\/#website\"},\"primaryImageOfPage\":{\"@id\":\"https:\\\/\\\/labelfree.nl\\\/product\\\/blanco-heren-tshirt-slimfit-organic-cotton-165gm%c2%b2-bedrukken-printmogelijkheden-ontwerphulp-b2b\\\/#primaryimage\"},\"image\":{\"@id\":\"https:\\\/\\\/labelfree.nl\\\/product\\\/blanco-heren-tshirt-slimfit-organic-cotton-165gm%c2%b2-bedrukken-printmogelijkheden-ontwerphulp-b2b\\\/#primaryimage\"},\"thumbnailUrl\":\"https:\\\/\\\/labelfree.nl\\\/wp-content\\\/uploads\\\/2024\\\/10\\\/000310_Mens_Fitted_01-1.jpg\",\"datePublished\":\"2024-10-24T16:19:54+00:00\",\"dateModified\":\"2026-04-21T00:26:45+00:00\",\"description\":\"Merkloos katoenen heren t-shirt. Licht getailleerd, mooie pasvorm. 100% biologisch katoen, 165 g\\\/m\u00b2. Groothandel kwaliteit, prints en ontwerphulp mogelijk\",\"breadcrumb\":{\"@id\":\"https:\\\/\\\/labelfree.nl\\\/product\\\/blanco-heren-tshirt-slimfit-organic-cotton-165gm%c2%b2-bedrukken-printmogelijkheden-ontwerphulp-b2b\\\/#breadcrumb\"},\"inLanguage\":\"de\",\"potentialAction\":[{\"@type\":\"ReadAction\",\"target\":[\"https:\\\/\\\/labelfree.nl\\\/product\\\/blanco-heren-tshirt-slimfit-organic-cotton-165gm%c2%b2-bedrukken-printmogelijkheden-ontwerphulp-b2b\\\/\"]}]},{\"@type\":\"ImageObject\",\"inLanguage\":\"de\",\"@id\":\"https:\\\/\\\/labelfree.nl\\\/product\\\/blanco-heren-tshirt-slimfit-organic-cotton-165gm%c2%b2-bedrukken-printmogelijkheden-ontwerphulp-b2b\\\/#primaryimage\",\"url\":\"https:\\\/\\\/labelfree.nl\\\/wp-content\\\/uploads\\\/2024\\\/10\\\/000310_Mens_Fitted_01-1.jpg\",\"contentUrl\":\"https:\\\/\\\/labelfree.nl\\\/wp-content\\\/uploads\\\/2024\\\/10\\\/000310_Mens_Fitted_01-1.jpg\",\"width\":1280,\"height\":1920},{\"@type\":\"BreadcrumbList\",\"@id\":\"https:\\\/\\\/labelfree.nl\\\/product\\\/blanco-heren-tshirt-slimfit-organic-cotton-165gm%c2%b2-bedrukken-printmogelijkheden-ontwerphulp-b2b\\\/#breadcrumb\",\"itemListElement\":[{\"@type\":\"ListItem\",\"position\":1,\"name\":\"Home\",\"item\":\"https:\\\/\\\/labelfree.nl\\\/\"},{\"@type\":\"ListItem\",\"position\":2,\"name\":\"Webshop\",\"item\":\"https:\\\/\\\/labelfree.nl\\\/webshop\\\/\"},{\"@type\":\"ListItem\",\"position\":3,\"name\":\"blanco heren t-shirt slim fit 100% katoen 165 g\\\/m\u00b2\"}]},{\"@type\":\"WebSite\",\"@id\":\"https:\\\/\\\/labelfree.nl\\\/#website\",\"url\":\"https:\\\/\\\/labelfree.nl\\\/\",\"name\":\"Labelfree\",\"description\":\"Brandless quality\",\"potentialAction\":[{\"@type\":\"SearchAction\",\"target\":{\"@type\":\"EntryPoint\",\"urlTemplate\":\"https:\\\/\\\/labelfree.nl\\\/?s={search_term_string}\"},\"query-input\":{\"@type\":\"PropertyValueSpecification\",\"valueRequired\":true,\"valueName\":\"search_term_string\"}}],\"inLanguage\":\"de\"}]}<\/script>\n<!-- \/ Yoast SEO plugin. -->","yoast_head_json":{"title":"Wei\u00dfes Herren-T-Shirt in Slim-Fit-Passform, 100% Baumwolle, 165 g\/m\u00b2 - Labelfree","description":"Markenloses Herren-T-Shirt aus Baumwolle. Leicht tailliert, schmeichelhafte Passform. 100% Bio-Baumwolle, 165 g\/m\u00b2. Gro\u00dfhandelsqualit\u00e4t, Druck und Designunterst\u00fctzung verf\u00fcgbar.","robots":{"index":"index","follow":"follow","max-snippet":"max-snippet:-1","max-image-preview":"max-image-preview:large","max-video-preview":"max-video-preview:-1"},"canonical":"https:\/\/labelfree.nl\/de\/produkt\/st310-herren-ausgestattet\/","og_locale":"de_DE","og_type":"article","og_title":"blanco heren t-shirt slim fit 100% katoen 165 g\/m\u00b2 - Labelfree","og_description":"Merkloos katoenen heren t-shirt. Licht getailleerd, mooie pasvorm. 100% biologisch katoen, 165 g\/m\u00b2. Groothandel kwaliteit, prints en ontwerphulp mogelijk","og_url":"https:\/\/labelfree.nl\/de\/produkt\/st310-herren-ausgestattet\/","og_site_name":"Labelfree","article_modified_time":"2026-04-21T00:26:45+00:00","og_image":[{"width":1280,"height":1920,"url":"https:\/\/labelfree.nl\/wp-content\/uploads\/2024\/10\/000310_Mens_Fitted_01-1.jpg","type":"image\/jpeg"}],"twitter_card":"summary_large_image","twitter_misc":{"Gesch\u00e4tzte Lesezeit":"4\u00a0Minuten"},"schema":{"@context":"https:\/\/schema.org","@graph":[{"@type":"WebPage","@id":"https:\/\/labelfree.nl\/product\/blanco-heren-tshirt-slimfit-organic-cotton-165gm%c2%b2-bedrukken-printmogelijkheden-ontwerphulp-b2b\/","url":"https:\/\/labelfree.nl\/product\/blanco-heren-tshirt-slimfit-organic-cotton-165gm%c2%b2-bedrukken-printmogelijkheden-ontwerphulp-b2b\/","name":"Wei\u00dfes Herren-T-Shirt in Slim-Fit-Passform, 100% Baumwolle, 165 g\/m\u00b2 - Labelfree","isPartOf":{"@id":"https:\/\/labelfree.nl\/#website"},"primaryImageOfPage":{"@id":"https:\/\/labelfree.nl\/product\/blanco-heren-tshirt-slimfit-organic-cotton-165gm%c2%b2-bedrukken-printmogelijkheden-ontwerphulp-b2b\/#primaryimage"},"image":{"@id":"https:\/\/labelfree.nl\/product\/blanco-heren-tshirt-slimfit-organic-cotton-165gm%c2%b2-bedrukken-printmogelijkheden-ontwerphulp-b2b\/#primaryimage"},"thumbnailUrl":"https:\/\/labelfree.nl\/wp-content\/uploads\/2024\/10\/000310_Mens_Fitted_01-1.jpg","datePublished":"2024-10-24T16:19:54+00:00","dateModified":"2026-04-21T00:26:45+00:00","description":"Markenloses Herren-T-Shirt aus Baumwolle. Leicht tailliert, schmeichelhafte Passform. 100% Bio-Baumwolle, 165 g\/m\u00b2. Gro\u00dfhandelsqualit\u00e4t, Druck und Designunterst\u00fctzung verf\u00fcgbar.","breadcrumb":{"@id":"https:\/\/labelfree.nl\/product\/blanco-heren-tshirt-slimfit-organic-cotton-165gm%c2%b2-bedrukken-printmogelijkheden-ontwerphulp-b2b\/#breadcrumb"},"inLanguage":"de","potentialAction":[{"@type":"ReadAction","target":["https:\/\/labelfree.nl\/product\/blanco-heren-tshirt-slimfit-organic-cotton-165gm%c2%b2-bedrukken-printmogelijkheden-ontwerphulp-b2b\/"]}]},{"@type":"ImageObject","inLanguage":"de","@id":"https:\/\/labelfree.nl\/product\/blanco-heren-tshirt-slimfit-organic-cotton-165gm%c2%b2-bedrukken-printmogelijkheden-ontwerphulp-b2b\/#primaryimage","url":"https:\/\/labelfree.nl\/wp-content\/uploads\/2024\/10\/000310_Mens_Fitted_01-1.jpg","contentUrl":"https:\/\/labelfree.nl\/wp-content\/uploads\/2024\/10\/000310_Mens_Fitted_01-1.jpg","width":1280,"height":1920},{"@type":"BreadcrumbList","@id":"https:\/\/labelfree.nl\/product\/blanco-heren-tshirt-slimfit-organic-cotton-165gm%c2%b2-bedrukken-printmogelijkheden-ontwerphulp-b2b\/#breadcrumb","itemListElement":[{"@type":"ListItem","position":1,"name":"Home","item":"https:\/\/labelfree.nl\/"},{"@type":"ListItem","position":2,"name":"Webshop","item":"https:\/\/labelfree.nl\/webshop\/"},{"@type":"ListItem","position":3,"name":"blanco heren t-shirt slim fit 100% katoen 165 g\/m\u00b2"}]},{"@type":"WebSite","@id":"https:\/\/labelfree.nl\/#website","url":"https:\/\/labelfree.nl\/","name":"Etikettenfrei","description":"Markenlose Qualit\u00e4t","potentialAction":[{"@type":"SearchAction","target":{"@type":"EntryPoint","urlTemplate":"https:\/\/labelfree.nl\/?s={search_term_string}"},"query-input":{"@type":"PropertyValueSpecification","valueRequired":true,"valueName":"search_term_string"}}],"inLanguage":"de"}]}},"jetpack_sharing_enabled":true,"_links":{"self":[{"href":"https:\/\/labelfree.nl\/de\/wp-json\/wp\/v2\/product\/41502","targetHints":{"allow":["GET"]}}],"collection":[{"href":"https:\/\/labelfree.nl\/de\/wp-json\/wp\/v2\/product"}],"about":[{"href":"https:\/\/labelfree.nl\/de\/wp-json\/wp\/v2\/types\/product"}],"wp:featuredmedia":[{"embeddable":true,"href":"https:\/\/labelfree.nl\/de\/wp-json\/wp\/v2\/media\/53956"}],"wp:attachment":[{"href":"https:\/\/labelfree.nl\/de\/wp-json\/wp\/v2\/media?parent=41502"}],"wp:term":[{"taxonomy":"product_brand","embeddable":true,"href":"https:\/\/labelfree.nl\/de\/wp-json\/wp\/v2\/product_brand?post=41502"},{"taxonomy":"product_cat","embeddable":true,"href":"https:\/\/labelfree.nl\/de\/wp-json\/wp\/v2\/product_cat?post=41502"},{"taxonomy":"product_tag","embeddable":true,"href":"https:\/\/labelfree.nl\/de\/wp-json\/wp\/v2\/product_tag?post=41502"}],"curies":[{"name":"wp","href":"https:\/\/api.w.org\/{rel}","templated":true}]}}