{"id":41589,"date":"2024-10-24T18:21:02","date_gmt":"2024-10-24T16:21:02","guid":{"rendered":"https:\/\/labelfree.nl\/product\/st311-work-tee\/"},"modified":"2026-04-19T02:04:24","modified_gmt":"2026-04-19T00:04:24","slug":"bedrijfskleding-tshirt-heren-katoen-polyester-220gm%c2%b2-duurzaam-b2b-bedrukken","status":"publish","type":"product","link":"https:\/\/labelfree.nl\/de\/produkt\/st311-arbeits-t-stuck\/","title":{"rendered":"Blanko-Arbeits-T-Shirt 60% Bio-Baumwolle 40% Polyester 220 g\/m\u00b2"},"content":{"rendered":"<p><span style=\"color: #333333;\">Zuverl\u00e4ssiges und stilvolles Arbeitshemd. Klassischer Rundhalsausschnitt und moderner Schnitt. Baumwoll-Polyester-Mischgewebe, 220 g\/m\u00b2. Hochwertige Qualit\u00e4t, waschbar bei 60 Grad.<\/span><\/p>\n<p><span style=\"color: #333333;\"><em>F\u00fcr die korrekte Farbdarstellung und den Preis klicken Sie auf die Farbe und Gr\u00f6\u00dfe und anschlie\u00dfend erneut auf die Lupe.<\/em><\/span><\/p>\n<p>&nbsp;<\/p>\n<h3><span style=\"color: #5a7699;\"><strong><b>Herren-Arbeits-T-Shirt\u00a0<\/b><\/strong><\/span><\/h3>\n<p><strong>60% gek\u00e4mmte Baumwolle \/ 40% Polyester. Single-Jersey, 220 g\/m\u00b2<\/strong><\/p>\n<p><img decoding=\"async\" class=\"alignnone size-full wp-image-61151\" src=\"https:\/\/labelfree.nl\/wp-content\/uploads\/2024\/10\/oeko-6.jpg\" alt=\"\" width=\"145\" height=\"75\" srcset=\"https:\/\/labelfree.nl\/wp-content\/uploads\/2024\/10\/oeko-6.jpg 145w, https:\/\/labelfree.nl\/wp-content\/uploads\/2024\/10\/oeko-6-18x9.jpg 18w\" sizes=\"(max-width: 145px) 100vw, 145px\" \/><\/p>\n<ul>\n<li>Material: 60% Bio-Baumwolle (gek\u00e4mmt) und 40% Polyester<\/li>\n<li>Gewicht: 220 g\/m\u00b2<\/li>\n<li>Single-Jersey<\/li>\n<li>Geeignet f\u00fcr Arbeitskleidung, industriell waschbar<\/li>\n<li>Erh\u00e4ltlich in 5 Farben<\/li>\n<li>Erh\u00e4ltlich von Gr\u00f6\u00dfe S bis 4XL<\/li>\n<li>Markenlos, kleine Gr\u00f6\u00dfentabelle im Halsausschnitt<\/li>\n<li>Geeignet f\u00fcr Siebdruck, Transferdruck, DTG-Druck und Stickerei<\/li>\n<li>Karton: 50 St\u00fcck. Verpackung: 10 St\u00fcck. Auch einzeln erh\u00e4ltlich.<\/li>\n<\/ul>\n<h4><span style=\"color: #5a7699;\"><strong><b>Arbeits-T-Shirt f\u00fcr Herren \u2013 bequem und hochwertig<\/b><\/strong><\/span><\/h4>\n<p>Dieses T-Shirt ist die perfekte Wahl f\u00fcr Profis, die ein zuverl\u00e4ssiges und stilvolles Arbeitshemd suchen. Es ist industrietauglich.<strong><b>\u00a0<\/b><\/strong>Das T-Shirt hat einen Rundhalsausschnitt mit doppelt gen\u00e4htem Baumwollrippsaum und ist mit einem verst\u00e4rkten Halsausschnitt versehen. Die Seitenn\u00e4hte und \u00c4rmel sind ebenfalls doppelt vern\u00e4ht. Das T-Shirt ist f\u00fcr Damen und Herren geeignet.<\/p>\n<p>Das T-Shirt ist in folgenden Farben erh\u00e4ltlich: <em><i>Schwarz, Marineblau, Dunkelgrau, Sand, Wei\u00df.<\/i><\/em><\/p>\n<h4><span style=\"color: #5a7699;\"><strong><b>Materialangaben<\/b><\/strong><\/span><\/h4>\n<p>Das T-Shirt besteht aus einem Mischgewebe aus 60 % gek\u00e4mmter Baumwolle (601 % Baumwolle, 3 % Polyester) und 40 % Polyester (401 % Polyester, 3 % Polyester). Es ist Single-Jersey und wiegt 220 g\/m\u00b2. Es ist weich, atmungsaktiv und angenehm zu tragen und gleichzeitig strapazierf\u00e4hig. Schmutzabweisend und pflegeleicht.<\/p>\n<p>Dank des h\u00f6heren Gewichts von 220 g\/m\u00b2 eignet sich das Hemd hervorragend f\u00fcr die industrielle W\u00e4sche. Hartn\u00e4ckige Flecken oder Abnutzung sind kein Problem. Der Stoff ist f\u00fcr intensive Beanspruchung ausgelegt und kann h\u00e4ufig gewaschen werden, ohne Form und Qualit\u00e4t einzub\u00fc\u00dfen. Das Hemd ist pflegeleicht und formbest\u00e4ndig.<\/p>\n<h4><span style=\"color: #5a7699;\"><strong><b>Druck-, Stick- und Beschriftungsm\u00f6glichkeiten<\/b><\/strong><\/span><\/h4>\n<p>Unser gesamtes Sortiment eignet sich f\u00fcr B2B, Merchandising und Private Label. Sie m\u00f6chten unbedruckte Kleidung bestellen, diese mit Ihrem eigenen Design bedrucken lassen oder ben\u00f6tigen Druckvorlagen zum Selbstaufbringen? Das Team von Labelfree unterst\u00fctzt Sie dabei in jedem Schritt.<\/p>\n<p>Labelfree bietet eine Vielzahl professioneller Druckoptionen, darunter Transferdruck, DTF-Druck, Siebdruck und Stickerei. Sie k\u00f6nnen beispielsweise auch Ihre eigenen Nackenaufdrucke und Etiketten auf den \u00c4rmel drucken lassen.<\/p>\n<p>Ben\u00f6tigen Sie Hilfe bei Ihrem eigenen Design? Unsere Grafikdesigner unterst\u00fctzen Sie gerne. So stellen wir sicher, dass das Endprodukt perfekt auf Ihre Bed\u00fcrfnisse zugeschnitten ist. Sie erhalten immer zun\u00e4chst ein kostenloses, visuelles Angebot. Kontaktieren Sie uns, um die M\u00f6glichkeiten zur Erstellung Ihrer eigenen Kollektion zu erkunden.<\/p>\n<p>&nbsp;<\/p>\n<p>Gr\u00f6\u00dfentabelle<\/p>\n<p><img decoding=\"async\" class=\"\" src=\"https:\/\/www.stormtextil.dk\/sites\/default\/files\/size-charts\/000311_Mens_Work_Wear.png\" width=\"563\" height=\"86\" \/><\/p>\n<p>Pflegeanleitung<\/p>\n<p><img decoding=\"async\" class=\"alignnone wp-image-61152\" src=\"https:\/\/labelfree.nl\/wp-content\/uploads\/2024\/10\/Storm_industrial_washing_60-3.jpg\" alt=\"\" width=\"178\" height=\"31\" srcset=\"https:\/\/labelfree.nl\/wp-content\/uploads\/2024\/10\/Storm_industrial_washing_60-3.jpg 132w, https:\/\/labelfree.nl\/wp-content\/uploads\/2024\/10\/Storm_industrial_washing_60-3-18x3.jpg 18w\" sizes=\"(max-width: 178px) 100vw, 178px\" \/><\/p>","protected":false},"excerpt":{"rendered":"<p>Betrouwbaar en stijlvol werkshirt. Klassieke ronde hals en moderne snit. Mix van katoen en polyester, 220 g\/m\u00b2. zware kwaliteit, wasbaar op 60 graden. voor de juiste kleurweergave en prijs klikt u op de kleur en maat en nogmaals op het vergrootglas &nbsp; t-shirt work heren\u00a0 60% gekamd katoen \/ 40% polyester. Single jersey, 220 g\/m\u00b2 [&hellip;]<\/p>\n","protected":false},"featured_media":54005,"template":"","meta":{"_acf_changed":false},"product_brand":[],"product_cat":[19,46,607],"product_tag":[],"class_list":{"0":"post-41589","1":"product","2":"type-product","3":"status-publish","4":"has-post-thumbnail","6":"product_cat-t-shirts","7":"product_cat-t-shirts-crew-neck","8":"product_cat-werkkleding","9":"pa_size-2xl","10":"pa_size-3xl","11":"pa_size-4xl","12":"pa_size-l","13":"pa_size-m","14":"pa_size-s","15":"pa_size-xl","16":"pa_size-xs","18":"first","19":"instock","20":"taxable","21":"shipping-taxable","22":"purchasable","23":"product-type-variable"},"acf":[],"yoast_head":"<!-- This site is optimized with the Yoast SEO plugin v27.4 - https:\/\/yoast.com\/product\/yoast-seo-wordpress\/ -->\n<title>blanco werk t-shirt 60% bio katoen 40% polyester 220 g\/m\u00b2 - Labelfree<\/title>\n<meta name=\"description\" content=\"Werkshirt heren superieure kwaliteit. Mix van organic cotton en recycled polyester, 220 g\/m\u00b2. Geschikt voor groothandel. Professionele printmogelijkheden\" \/>\n<meta name=\"robots\" content=\"index, follow, max-snippet:-1, max-image-preview:large, max-video-preview:-1\" \/>\n<link rel=\"canonical\" href=\"https:\/\/labelfree.nl\/de\/produkt\/st311-arbeits-t-stuck\/\" \/>\n<meta property=\"og:locale\" content=\"de_DE\" \/>\n<meta property=\"og:type\" content=\"article\" \/>\n<meta property=\"og:title\" content=\"blanco werk t-shirt 60% bio katoen 40% polyester 220 g\/m\u00b2 - Labelfree\" \/>\n<meta property=\"og:description\" content=\"Werkshirt heren superieure kwaliteit. Mix van organic cotton en recycled polyester, 220 g\/m\u00b2. Geschikt voor groothandel. Professionele printmogelijkheden\" \/>\n<meta property=\"og:url\" content=\"https:\/\/labelfree.nl\/de\/produkt\/st311-arbeits-t-stuck\/\" \/>\n<meta property=\"og:site_name\" content=\"Labelfree\" \/>\n<meta property=\"article:modified_time\" content=\"2026-04-19T00:04:24+00:00\" \/>\n<meta property=\"og:image\" content=\"https:\/\/labelfree.nl\/wp-content\/uploads\/2024\/10\/000311_Work_Tee_01.jpg\" \/>\n\t<meta property=\"og:image:width\" content=\"1280\" \/>\n\t<meta property=\"og:image:height\" content=\"1920\" \/>\n\t<meta property=\"og:image:type\" content=\"image\/jpeg\" \/>\n<meta name=\"twitter:card\" content=\"summary_large_image\" \/>\n<meta name=\"twitter:label1\" content=\"Gesch\u00e4tzte Lesezeit\" \/>\n\t<meta name=\"twitter:data1\" content=\"3\u00a0Minuten\" \/>\n<script type=\"application\/ld+json\" class=\"yoast-schema-graph\">{\"@context\":\"https:\\\/\\\/schema.org\",\"@graph\":[{\"@type\":\"WebPage\",\"@id\":\"https:\\\/\\\/labelfree.nl\\\/product\\\/bedrijfskleding-tshirt-heren-katoen-polyester-220gm%c2%b2-duurzaam-b2b-bedrukken\\\/\",\"url\":\"https:\\\/\\\/labelfree.nl\\\/product\\\/bedrijfskleding-tshirt-heren-katoen-polyester-220gm%c2%b2-duurzaam-b2b-bedrukken\\\/\",\"name\":\"blanco werk t-shirt 60% bio katoen 40% polyester 220 g\\\/m\u00b2 - Labelfree\",\"isPartOf\":{\"@id\":\"https:\\\/\\\/labelfree.nl\\\/#website\"},\"primaryImageOfPage\":{\"@id\":\"https:\\\/\\\/labelfree.nl\\\/product\\\/bedrijfskleding-tshirt-heren-katoen-polyester-220gm%c2%b2-duurzaam-b2b-bedrukken\\\/#primaryimage\"},\"image\":{\"@id\":\"https:\\\/\\\/labelfree.nl\\\/product\\\/bedrijfskleding-tshirt-heren-katoen-polyester-220gm%c2%b2-duurzaam-b2b-bedrukken\\\/#primaryimage\"},\"thumbnailUrl\":\"https:\\\/\\\/labelfree.nl\\\/wp-content\\\/uploads\\\/2024\\\/10\\\/000311_Work_Tee_01.jpg\",\"datePublished\":\"2024-10-24T16:21:02+00:00\",\"dateModified\":\"2026-04-19T00:04:24+00:00\",\"description\":\"Werkshirt heren superieure kwaliteit. Mix van organic cotton en recycled polyester, 220 g\\\/m\u00b2. Geschikt voor groothandel. Professionele printmogelijkheden\",\"breadcrumb\":{\"@id\":\"https:\\\/\\\/labelfree.nl\\\/product\\\/bedrijfskleding-tshirt-heren-katoen-polyester-220gm%c2%b2-duurzaam-b2b-bedrukken\\\/#breadcrumb\"},\"inLanguage\":\"de\",\"potentialAction\":[{\"@type\":\"ReadAction\",\"target\":[\"https:\\\/\\\/labelfree.nl\\\/product\\\/bedrijfskleding-tshirt-heren-katoen-polyester-220gm%c2%b2-duurzaam-b2b-bedrukken\\\/\"]}]},{\"@type\":\"ImageObject\",\"inLanguage\":\"de\",\"@id\":\"https:\\\/\\\/labelfree.nl\\\/product\\\/bedrijfskleding-tshirt-heren-katoen-polyester-220gm%c2%b2-duurzaam-b2b-bedrukken\\\/#primaryimage\",\"url\":\"https:\\\/\\\/labelfree.nl\\\/wp-content\\\/uploads\\\/2024\\\/10\\\/000311_Work_Tee_01.jpg\",\"contentUrl\":\"https:\\\/\\\/labelfree.nl\\\/wp-content\\\/uploads\\\/2024\\\/10\\\/000311_Work_Tee_01.jpg\",\"width\":1280,\"height\":1920},{\"@type\":\"BreadcrumbList\",\"@id\":\"https:\\\/\\\/labelfree.nl\\\/product\\\/bedrijfskleding-tshirt-heren-katoen-polyester-220gm%c2%b2-duurzaam-b2b-bedrukken\\\/#breadcrumb\",\"itemListElement\":[{\"@type\":\"ListItem\",\"position\":1,\"name\":\"Home\",\"item\":\"https:\\\/\\\/labelfree.nl\\\/\"},{\"@type\":\"ListItem\",\"position\":2,\"name\":\"Webshop\",\"item\":\"https:\\\/\\\/labelfree.nl\\\/webshop\\\/\"},{\"@type\":\"ListItem\",\"position\":3,\"name\":\"blanco werk t-shirt 60% bio katoen 40% polyester 220 g\\\/m\u00b2\"}]},{\"@type\":\"WebSite\",\"@id\":\"https:\\\/\\\/labelfree.nl\\\/#website\",\"url\":\"https:\\\/\\\/labelfree.nl\\\/\",\"name\":\"Labelfree\",\"description\":\"Brandless quality\",\"potentialAction\":[{\"@type\":\"SearchAction\",\"target\":{\"@type\":\"EntryPoint\",\"urlTemplate\":\"https:\\\/\\\/labelfree.nl\\\/?s={search_term_string}\"},\"query-input\":{\"@type\":\"PropertyValueSpecification\",\"valueRequired\":true,\"valueName\":\"search_term_string\"}}],\"inLanguage\":\"de\"}]}<\/script>\n<!-- \/ Yoast SEO plugin. -->","yoast_head_json":{"title":"Blanko-Arbeits-T-Shirt, 60% Bio-Baumwolle, 40% Polyester, 220 g\/m\u00b2 - Labelfree","description":"Hochwertiges Herren-Arbeitshemd. Materialmix aus Bio-Baumwolle und recyceltem Polyester, 220 g\/m\u00b2. Geeignet f\u00fcr den Gro\u00dfhandel. Professionelle Druckoptionen.","robots":{"index":"index","follow":"follow","max-snippet":"max-snippet:-1","max-image-preview":"max-image-preview:large","max-video-preview":"max-video-preview:-1"},"canonical":"https:\/\/labelfree.nl\/de\/produkt\/st311-arbeits-t-stuck\/","og_locale":"de_DE","og_type":"article","og_title":"blanco werk t-shirt 60% bio katoen 40% polyester 220 g\/m\u00b2 - Labelfree","og_description":"Werkshirt heren superieure kwaliteit. Mix van organic cotton en recycled polyester, 220 g\/m\u00b2. Geschikt voor groothandel. Professionele printmogelijkheden","og_url":"https:\/\/labelfree.nl\/de\/produkt\/st311-arbeits-t-stuck\/","og_site_name":"Labelfree","article_modified_time":"2026-04-19T00:04:24+00:00","og_image":[{"width":1280,"height":1920,"url":"https:\/\/labelfree.nl\/wp-content\/uploads\/2024\/10\/000311_Work_Tee_01.jpg","type":"image\/jpeg"}],"twitter_card":"summary_large_image","twitter_misc":{"Gesch\u00e4tzte Lesezeit":"3\u00a0Minuten"},"schema":{"@context":"https:\/\/schema.org","@graph":[{"@type":"WebPage","@id":"https:\/\/labelfree.nl\/product\/bedrijfskleding-tshirt-heren-katoen-polyester-220gm%c2%b2-duurzaam-b2b-bedrukken\/","url":"https:\/\/labelfree.nl\/product\/bedrijfskleding-tshirt-heren-katoen-polyester-220gm%c2%b2-duurzaam-b2b-bedrukken\/","name":"Blanko-Arbeits-T-Shirt, 60% Bio-Baumwolle, 40% Polyester, 220 g\/m\u00b2 - Labelfree","isPartOf":{"@id":"https:\/\/labelfree.nl\/#website"},"primaryImageOfPage":{"@id":"https:\/\/labelfree.nl\/product\/bedrijfskleding-tshirt-heren-katoen-polyester-220gm%c2%b2-duurzaam-b2b-bedrukken\/#primaryimage"},"image":{"@id":"https:\/\/labelfree.nl\/product\/bedrijfskleding-tshirt-heren-katoen-polyester-220gm%c2%b2-duurzaam-b2b-bedrukken\/#primaryimage"},"thumbnailUrl":"https:\/\/labelfree.nl\/wp-content\/uploads\/2024\/10\/000311_Work_Tee_01.jpg","datePublished":"2024-10-24T16:21:02+00:00","dateModified":"2026-04-19T00:04:24+00:00","description":"Hochwertiges Herren-Arbeitshemd. Materialmix aus Bio-Baumwolle und recyceltem Polyester, 220 g\/m\u00b2. Geeignet f\u00fcr den Gro\u00dfhandel. Professionelle Druckoptionen.","breadcrumb":{"@id":"https:\/\/labelfree.nl\/product\/bedrijfskleding-tshirt-heren-katoen-polyester-220gm%c2%b2-duurzaam-b2b-bedrukken\/#breadcrumb"},"inLanguage":"de","potentialAction":[{"@type":"ReadAction","target":["https:\/\/labelfree.nl\/product\/bedrijfskleding-tshirt-heren-katoen-polyester-220gm%c2%b2-duurzaam-b2b-bedrukken\/"]}]},{"@type":"ImageObject","inLanguage":"de","@id":"https:\/\/labelfree.nl\/product\/bedrijfskleding-tshirt-heren-katoen-polyester-220gm%c2%b2-duurzaam-b2b-bedrukken\/#primaryimage","url":"https:\/\/labelfree.nl\/wp-content\/uploads\/2024\/10\/000311_Work_Tee_01.jpg","contentUrl":"https:\/\/labelfree.nl\/wp-content\/uploads\/2024\/10\/000311_Work_Tee_01.jpg","width":1280,"height":1920},{"@type":"BreadcrumbList","@id":"https:\/\/labelfree.nl\/product\/bedrijfskleding-tshirt-heren-katoen-polyester-220gm%c2%b2-duurzaam-b2b-bedrukken\/#breadcrumb","itemListElement":[{"@type":"ListItem","position":1,"name":"Home","item":"https:\/\/labelfree.nl\/"},{"@type":"ListItem","position":2,"name":"Webshop","item":"https:\/\/labelfree.nl\/webshop\/"},{"@type":"ListItem","position":3,"name":"blanco werk t-shirt 60% bio katoen 40% polyester 220 g\/m\u00b2"}]},{"@type":"WebSite","@id":"https:\/\/labelfree.nl\/#website","url":"https:\/\/labelfree.nl\/","name":"Etikettenfrei","description":"Markenlose Qualit\u00e4t","potentialAction":[{"@type":"SearchAction","target":{"@type":"EntryPoint","urlTemplate":"https:\/\/labelfree.nl\/?s={search_term_string}"},"query-input":{"@type":"PropertyValueSpecification","valueRequired":true,"valueName":"search_term_string"}}],"inLanguage":"de"}]}},"jetpack_sharing_enabled":true,"_links":{"self":[{"href":"https:\/\/labelfree.nl\/de\/wp-json\/wp\/v2\/product\/41589","targetHints":{"allow":["GET"]}}],"collection":[{"href":"https:\/\/labelfree.nl\/de\/wp-json\/wp\/v2\/product"}],"about":[{"href":"https:\/\/labelfree.nl\/de\/wp-json\/wp\/v2\/types\/product"}],"wp:featuredmedia":[{"embeddable":true,"href":"https:\/\/labelfree.nl\/de\/wp-json\/wp\/v2\/media\/54005"}],"wp:attachment":[{"href":"https:\/\/labelfree.nl\/de\/wp-json\/wp\/v2\/media?parent=41589"}],"wp:term":[{"taxonomy":"product_brand","embeddable":true,"href":"https:\/\/labelfree.nl\/de\/wp-json\/wp\/v2\/product_brand?post=41589"},{"taxonomy":"product_cat","embeddable":true,"href":"https:\/\/labelfree.nl\/de\/wp-json\/wp\/v2\/product_cat?post=41589"},{"taxonomy":"product_tag","embeddable":true,"href":"https:\/\/labelfree.nl\/de\/wp-json\/wp\/v2\/product_tag?post=41589"}],"curies":[{"name":"wp","href":"https:\/\/api.w.org\/{rel}","templated":true}]}}