{"id":41626,"date":"2024-10-24T18:21:27","date_gmt":"2024-10-24T16:21:27","guid":{"rendered":"https:\/\/labelfree.nl\/product\/st211-womens-work-tee\/"},"modified":"2026-05-08T02:46:55","modified_gmt":"2026-05-08T00:46:55","slug":"werkkleding-tshirt-dames-katoen-polyester-220gm%c2%b2-duurzaam-b2b-bedrukken","status":"publish","type":"product","link":"https:\/\/labelfree.nl\/de\/produkt\/st211-arbeits-t-shirt-fur-damen\/","title":{"rendered":"Blanko-Damen-Arbeits-T-Shirt, 60% Baumwolle, 40% Polyester, 220 g\/m\u00b2"},"content":{"rendered":"<p>Damen-T-Shirt mit Rundhalsausschnitt, normale Passform. Zuverl\u00e4ssiges und modisches Arbeitsshirt. Baumwoll-Polyester-Mischgewebe, waschbar bei 60 Grad. Schwere Qualit\u00e4t, 220 g\/m\u00b2.<\/p>\n<p>&nbsp;<\/p>\n<h3><span style=\"color: #5a7699;\"><strong>T-Shirt-Arbeitsfrauen<\/strong><\/span><\/h3>\n<p><strong>60% Bio-Baumwolle und 40% Polyester, 220 g\/m\u00b2<\/strong><\/p>\n<p><img decoding=\"async\" class=\"alignnone size-full wp-image-61153\" src=\"https:\/\/labelfree.nl\/wp-content\/uploads\/2024\/10\/oeko-7.jpg\" alt=\"\" width=\"145\" height=\"75\" srcset=\"https:\/\/labelfree.nl\/wp-content\/uploads\/2024\/10\/oeko-7.jpg 145w, https:\/\/labelfree.nl\/wp-content\/uploads\/2024\/10\/oeko-7-18x9.jpg 18w\" sizes=\"(max-width: 145px) 100vw, 145px\" \/><\/p>\n<ul>\n<li>Material: 60% Bio-Baumwolle (gek\u00e4mmt) \/ 40% Polyester<\/li>\n<li>Gewicht: 220 g\/m\u00b2<\/li>\n<li>Single-Jersey<\/li>\n<li>H\u00f6chste Qualit\u00e4t<\/li>\n<li>Geeignet f\u00fcr Arbeitskleidung, industrielle W\u00e4schen<\/li>\n<li>Erh\u00e4ltlich in 6 Farben<\/li>\n<li>Erh\u00e4ltlich in den Gr\u00f6\u00dfen XS bis 4XL<\/li>\n<li>Markenlos, kleine Gr\u00f6\u00dfentabelle im Halsausschnitt<\/li>\n<li>Geeignet f\u00fcr Siebdruck, Transferdruck, DTG-Druck und Stickerei<\/li>\n<li>Karton: 50 St\u00fcck. Verpackung: 10 St\u00fcck. Auch einzeln erh\u00e4ltlich.<\/li>\n<\/ul>\n<p><strong>\u00a0<\/strong><\/p>\n<h4><span style=\"color: #5a7699;\"><strong>Damen-Arbeitshemd \u2013 modern und nachhaltig<\/strong><\/span><\/h4>\n<p>Unser Damen-Arbeitsshirt ist die perfekte Wahl f\u00fcr Berufst\u00e4tige, die ein zuverl\u00e4ssiges und modisches Arbeitsshirt suchen. Es ist industrietauglich und ideal als Arbeitskleidung geeignet. Das Shirt zeichnet sich durch einen modernen, femininen Schnitt aus.<\/p>\n<p>Der runde Halsausschnitt mit doppelt gen\u00e4htem Baumwollrippstrick verf\u00fcgt \u00fcber ein verst\u00e4rktes Halsb\u00fcndchen. Die Seitenn\u00e4hte und \u00c4rmel sind doppelt gen\u00e4ht. Erh\u00e4ltlich in folgenden Farben: <em>Schwarz, Marineblau, Dunkelgrau, Rot, Sand, Wei\u00df.<\/em><\/p>\n<h4><span style=\"color: #5a7699;\"><strong>Materialangaben<\/strong><\/span><\/h4>\n<p>Das T-Shirt besteht aus einer Mischung aus 601 % gek\u00e4mmter Bio-Baumwolle und 401 % Polyester. Unsere Baumwolle wird umweltfreundlich und ohne sch\u00e4dliche Chemikalien (hautfreundlicher) unter verantwortungsvollen Bedingungen hergestellt.<\/p>\n<p>Single-Jersey, 220 g\/m\u00b2. Er ist weich, atmungsaktiv und angenehm zu tragen und gleichzeitig strapazierf\u00e4hig. Schmutzabweisend und pflegeleicht. Dank des h\u00f6heren Gewichts von 220 g\/m\u00b2 eignet sich das Hemd hervorragend f\u00fcr die industrielle W\u00e4sche, sodass Sie sich keine Sorgen um hartn\u00e4ckige Flecken oder Abnutzung machen m\u00fcssen. Der Stoff ist f\u00fcr hohe Beanspruchung ausgelegt und kann h\u00e4ufig gewaschen werden, ohne Form und Qualit\u00e4t zu verlieren. Das Hemd ist leicht sauber zu halten und formbest\u00e4ndig.<\/p>\n<h4><span style=\"color: #5a7699;\"><strong>Druck-, Stick- und Beschriftungsm\u00f6glichkeiten<\/strong><\/span><\/h4>\n<p>Unser gesamtes Sortiment eignet sich f\u00fcr B2B, Merchandising und Private Label. Sie m\u00f6chten unbedruckte Kleidung bestellen, diese mit Ihrem eigenen Design bedrucken lassen oder ben\u00f6tigen Druckvorlagen zum Selbstaufbringen? Das Team von Labelfree unterst\u00fctzt Sie dabei in jedem Schritt.<\/p>\n<p>Labelfree bietet eine Vielzahl professioneller Druckoptionen, darunter Transferdruck, DTF-Druck, Siebdruck und Stickerei. Sie k\u00f6nnen beispielsweise auch Ihre eigenen Nackenaufdrucke und Etiketten auf den \u00c4rmel drucken lassen.<\/p>\n<p>Ben\u00f6tigen Sie Hilfe bei Ihrem eigenen Design? Unsere Grafikdesigner unterst\u00fctzen Sie gerne. So stellen wir sicher, dass das Endprodukt perfekt auf Ihre Bed\u00fcrfnisse zugeschnitten ist. Sie erhalten immer zun\u00e4chst ein kostenloses, visuelles Angebot. Kontaktieren Sie uns, um die M\u00f6glichkeiten zur Erstellung Ihrer eigenen Kollektion zu erkunden.<\/p>\n<p>&nbsp;<\/p>\n<p>Gr\u00f6\u00dfentabelle<\/p>\n<p><img fetchpriority=\"high\" decoding=\"async\" class=\"\" src=\"https:\/\/www.stormtextil.dk\/sites\/default\/files\/size-charts\/000211_Womens_Work_Wear.png\" width=\"605\" height=\"84\" \/><\/p>\n<p>Pflegeanleitung<\/p>\n<p><img decoding=\"async\" class=\"alignnone wp-image-61146\" src=\"https:\/\/labelfree.nl\/wp-content\/uploads\/2024\/10\/Storm_industrial_washing_60-2.jpg\" alt=\"\" width=\"172\" height=\"30\" srcset=\"https:\/\/labelfree.nl\/wp-content\/uploads\/2024\/10\/Storm_industrial_washing_60-2.jpg 132w, https:\/\/labelfree.nl\/wp-content\/uploads\/2024\/10\/Storm_industrial_washing_60-2-18x3.jpg 18w\" sizes=\"(max-width: 172px) 100vw, 172px\" \/><\/p>\n<p>&nbsp;<\/p>\n<p>&nbsp;<\/p>\n<p>&nbsp;<\/p>\n<p>&nbsp;<\/p>\n<p>&nbsp;<\/p>\n<p>&nbsp;<\/p>\n<p>&nbsp;<\/p>","protected":false},"excerpt":{"rendered":"<p>Dames t-shirt met ronde hals, standaard snit. Betrouwbaar en stijlvol werkshirt. Mix van katoen en polyester, wasbaar op 60 graden. Zware kwaliteit, 220 g\/m\u00b2. &nbsp; t-shirt work dames 60% biologisch katoen en 40% polyester, 220 g\/m\u00b2 Materiaal: 60% biologisch gekamd katoen \/ 40% polyester Gewicht: 220 g\/m\u00b2 Single jersey Superieure kwaliteit Geschikt voor werkkleding, industri\u00eble [&hellip;]<\/p>\n","protected":false},"featured_media":54011,"template":"","meta":{"_acf_changed":false},"product_brand":[],"product_cat":[19,46,607],"product_tag":[],"class_list":{"0":"post-41626","1":"product","2":"type-product","3":"status-publish","4":"has-post-thumbnail","6":"product_cat-t-shirts","7":"product_cat-t-shirts-crew-neck","8":"product_cat-werkkleding","9":"pa_size-2xl","10":"pa_size-3xl","11":"pa_size-4xl","12":"pa_size-l","13":"pa_size-m","14":"pa_size-s","15":"pa_size-xl","16":"pa_size-xs","18":"first","19":"instock","20":"taxable","21":"shipping-taxable","22":"purchasable","23":"product-type-variable"},"acf":[],"yoast_head":"<!-- This site is optimized with the Yoast SEO plugin v27.5 - https:\/\/yoast.com\/product\/yoast-seo-wordpress\/ -->\n<title>blanco dames werk t-shirt 60% katoen 40% polyester 220 g\/m\u00b2 - Labelfree<\/title>\n<meta name=\"description\" content=\"Dames t-shirt met ronde hals. Betrouwbaar en stijlvol werkshirt. Mix van katoen en polyester, 220 g\/m\u00b2, wassen op 60\u00b0C. Professionele prints en ontwerphulp\" \/>\n<meta name=\"robots\" content=\"index, follow, max-snippet:-1, max-image-preview:large, max-video-preview:-1\" \/>\n<link rel=\"canonical\" href=\"https:\/\/labelfree.nl\/de\/produkt\/st211-arbeits-t-shirt-fur-damen\/\" \/>\n<meta property=\"og:locale\" content=\"de_DE\" \/>\n<meta property=\"og:type\" content=\"article\" \/>\n<meta property=\"og:title\" content=\"blanco dames werk t-shirt 60% katoen 40% polyester 220 g\/m\u00b2 - Labelfree\" \/>\n<meta property=\"og:description\" content=\"Dames t-shirt met ronde hals. Betrouwbaar en stijlvol werkshirt. Mix van katoen en polyester, 220 g\/m\u00b2, wassen op 60\u00b0C. Professionele prints en ontwerphulp\" \/>\n<meta property=\"og:url\" content=\"https:\/\/labelfree.nl\/de\/produkt\/st211-arbeits-t-shirt-fur-damen\/\" \/>\n<meta property=\"og:site_name\" content=\"Labelfree\" \/>\n<meta property=\"article:modified_time\" content=\"2026-05-08T00:46:55+00:00\" \/>\n<meta property=\"og:image\" content=\"https:\/\/labelfree.nl\/wp-content\/uploads\/2024\/10\/000211_Womens_Work_Tee_01-1.jpg\" \/>\n\t<meta property=\"og:image:width\" content=\"1280\" \/>\n\t<meta property=\"og:image:height\" content=\"1920\" \/>\n\t<meta property=\"og:image:type\" content=\"image\/jpeg\" \/>\n<meta name=\"twitter:card\" content=\"summary_large_image\" \/>\n<meta name=\"twitter:label1\" content=\"Gesch\u00e4tzte Lesezeit\" \/>\n\t<meta name=\"twitter:data1\" content=\"3\u00a0Minuten\" \/>\n<script type=\"application\/ld+json\" class=\"yoast-schema-graph\">{\"@context\":\"https:\\\/\\\/schema.org\",\"@graph\":[{\"@type\":\"WebPage\",\"@id\":\"https:\\\/\\\/labelfree.nl\\\/product\\\/werkkleding-tshirt-dames-katoen-polyester-220gm%c2%b2-duurzaam-b2b-bedrukken\\\/\",\"url\":\"https:\\\/\\\/labelfree.nl\\\/product\\\/werkkleding-tshirt-dames-katoen-polyester-220gm%c2%b2-duurzaam-b2b-bedrukken\\\/\",\"name\":\"blanco dames werk t-shirt 60% katoen 40% polyester 220 g\\\/m\u00b2 - Labelfree\",\"isPartOf\":{\"@id\":\"https:\\\/\\\/labelfree.nl\\\/#website\"},\"primaryImageOfPage\":{\"@id\":\"https:\\\/\\\/labelfree.nl\\\/product\\\/werkkleding-tshirt-dames-katoen-polyester-220gm%c2%b2-duurzaam-b2b-bedrukken\\\/#primaryimage\"},\"image\":{\"@id\":\"https:\\\/\\\/labelfree.nl\\\/product\\\/werkkleding-tshirt-dames-katoen-polyester-220gm%c2%b2-duurzaam-b2b-bedrukken\\\/#primaryimage\"},\"thumbnailUrl\":\"https:\\\/\\\/labelfree.nl\\\/wp-content\\\/uploads\\\/2024\\\/10\\\/000211_Womens_Work_Tee_01-1.jpg\",\"datePublished\":\"2024-10-24T16:21:27+00:00\",\"dateModified\":\"2026-05-08T00:46:55+00:00\",\"description\":\"Dames t-shirt met ronde hals. Betrouwbaar en stijlvol werkshirt. Mix van katoen en polyester, 220 g\\\/m\u00b2, wassen op 60\u00b0C. Professionele prints en ontwerphulp\",\"breadcrumb\":{\"@id\":\"https:\\\/\\\/labelfree.nl\\\/product\\\/werkkleding-tshirt-dames-katoen-polyester-220gm%c2%b2-duurzaam-b2b-bedrukken\\\/#breadcrumb\"},\"inLanguage\":\"de\",\"potentialAction\":[{\"@type\":\"ReadAction\",\"target\":[\"https:\\\/\\\/labelfree.nl\\\/product\\\/werkkleding-tshirt-dames-katoen-polyester-220gm%c2%b2-duurzaam-b2b-bedrukken\\\/\"]}]},{\"@type\":\"ImageObject\",\"inLanguage\":\"de\",\"@id\":\"https:\\\/\\\/labelfree.nl\\\/product\\\/werkkleding-tshirt-dames-katoen-polyester-220gm%c2%b2-duurzaam-b2b-bedrukken\\\/#primaryimage\",\"url\":\"https:\\\/\\\/labelfree.nl\\\/wp-content\\\/uploads\\\/2024\\\/10\\\/000211_Womens_Work_Tee_01-1.jpg\",\"contentUrl\":\"https:\\\/\\\/labelfree.nl\\\/wp-content\\\/uploads\\\/2024\\\/10\\\/000211_Womens_Work_Tee_01-1.jpg\",\"width\":1280,\"height\":1920},{\"@type\":\"BreadcrumbList\",\"@id\":\"https:\\\/\\\/labelfree.nl\\\/product\\\/werkkleding-tshirt-dames-katoen-polyester-220gm%c2%b2-duurzaam-b2b-bedrukken\\\/#breadcrumb\",\"itemListElement\":[{\"@type\":\"ListItem\",\"position\":1,\"name\":\"Home\",\"item\":\"https:\\\/\\\/labelfree.nl\\\/\"},{\"@type\":\"ListItem\",\"position\":2,\"name\":\"Webshop\",\"item\":\"https:\\\/\\\/labelfree.nl\\\/webshop\\\/\"},{\"@type\":\"ListItem\",\"position\":3,\"name\":\"blanco dames werk t-shirt 60% katoen 40% polyester 220 g\\\/m\u00b2\"}]},{\"@type\":\"WebSite\",\"@id\":\"https:\\\/\\\/labelfree.nl\\\/#website\",\"url\":\"https:\\\/\\\/labelfree.nl\\\/\",\"name\":\"Labelfree\",\"description\":\"Brandless quality\",\"potentialAction\":[{\"@type\":\"SearchAction\",\"target\":{\"@type\":\"EntryPoint\",\"urlTemplate\":\"https:\\\/\\\/labelfree.nl\\\/?s={search_term_string}\"},\"query-input\":{\"@type\":\"PropertyValueSpecification\",\"valueRequired\":true,\"valueName\":\"search_term_string\"}}],\"inLanguage\":\"de\"}]}<\/script>\n<!-- \/ Yoast SEO plugin. -->","yoast_head_json":{"title":"Blanko-Damen-Arbeits-T-Shirt, 601T Baumwolle, 401T Polyester, 220 g\/m\u00b2 - Labelfree","description":"Damen-T-Shirt mit Rundhalsausschnitt. Zuverl\u00e4ssiges und modisches Arbeitsshirt. Baumwoll-Polyester-Mischgewebe, 220 g\/m\u00b2, waschbar bei 60 \u00b0C. Professioneller Druck und Designberatung.","robots":{"index":"index","follow":"follow","max-snippet":"max-snippet:-1","max-image-preview":"max-image-preview:large","max-video-preview":"max-video-preview:-1"},"canonical":"https:\/\/labelfree.nl\/de\/produkt\/st211-arbeits-t-shirt-fur-damen\/","og_locale":"de_DE","og_type":"article","og_title":"blanco dames werk t-shirt 60% katoen 40% polyester 220 g\/m\u00b2 - Labelfree","og_description":"Dames t-shirt met ronde hals. Betrouwbaar en stijlvol werkshirt. Mix van katoen en polyester, 220 g\/m\u00b2, wassen op 60\u00b0C. Professionele prints en ontwerphulp","og_url":"https:\/\/labelfree.nl\/de\/produkt\/st211-arbeits-t-shirt-fur-damen\/","og_site_name":"Labelfree","article_modified_time":"2026-05-08T00:46:55+00:00","og_image":[{"width":1280,"height":1920,"url":"https:\/\/labelfree.nl\/wp-content\/uploads\/2024\/10\/000211_Womens_Work_Tee_01-1.jpg","type":"image\/jpeg"}],"twitter_card":"summary_large_image","twitter_misc":{"Gesch\u00e4tzte Lesezeit":"3\u00a0Minuten"},"schema":{"@context":"https:\/\/schema.org","@graph":[{"@type":"WebPage","@id":"https:\/\/labelfree.nl\/product\/werkkleding-tshirt-dames-katoen-polyester-220gm%c2%b2-duurzaam-b2b-bedrukken\/","url":"https:\/\/labelfree.nl\/product\/werkkleding-tshirt-dames-katoen-polyester-220gm%c2%b2-duurzaam-b2b-bedrukken\/","name":"Blanko-Damen-Arbeits-T-Shirt, 601T Baumwolle, 401T Polyester, 220 g\/m\u00b2 - Labelfree","isPartOf":{"@id":"https:\/\/labelfree.nl\/#website"},"primaryImageOfPage":{"@id":"https:\/\/labelfree.nl\/product\/werkkleding-tshirt-dames-katoen-polyester-220gm%c2%b2-duurzaam-b2b-bedrukken\/#primaryimage"},"image":{"@id":"https:\/\/labelfree.nl\/product\/werkkleding-tshirt-dames-katoen-polyester-220gm%c2%b2-duurzaam-b2b-bedrukken\/#primaryimage"},"thumbnailUrl":"https:\/\/labelfree.nl\/wp-content\/uploads\/2024\/10\/000211_Womens_Work_Tee_01-1.jpg","datePublished":"2024-10-24T16:21:27+00:00","dateModified":"2026-05-08T00:46:55+00:00","description":"Damen-T-Shirt mit Rundhalsausschnitt. Zuverl\u00e4ssiges und modisches Arbeitsshirt. Baumwoll-Polyester-Mischgewebe, 220 g\/m\u00b2, waschbar bei 60 \u00b0C. Professioneller Druck und Designberatung.","breadcrumb":{"@id":"https:\/\/labelfree.nl\/product\/werkkleding-tshirt-dames-katoen-polyester-220gm%c2%b2-duurzaam-b2b-bedrukken\/#breadcrumb"},"inLanguage":"de","potentialAction":[{"@type":"ReadAction","target":["https:\/\/labelfree.nl\/product\/werkkleding-tshirt-dames-katoen-polyester-220gm%c2%b2-duurzaam-b2b-bedrukken\/"]}]},{"@type":"ImageObject","inLanguage":"de","@id":"https:\/\/labelfree.nl\/product\/werkkleding-tshirt-dames-katoen-polyester-220gm%c2%b2-duurzaam-b2b-bedrukken\/#primaryimage","url":"https:\/\/labelfree.nl\/wp-content\/uploads\/2024\/10\/000211_Womens_Work_Tee_01-1.jpg","contentUrl":"https:\/\/labelfree.nl\/wp-content\/uploads\/2024\/10\/000211_Womens_Work_Tee_01-1.jpg","width":1280,"height":1920},{"@type":"BreadcrumbList","@id":"https:\/\/labelfree.nl\/product\/werkkleding-tshirt-dames-katoen-polyester-220gm%c2%b2-duurzaam-b2b-bedrukken\/#breadcrumb","itemListElement":[{"@type":"ListItem","position":1,"name":"Home","item":"https:\/\/labelfree.nl\/"},{"@type":"ListItem","position":2,"name":"Webshop","item":"https:\/\/labelfree.nl\/webshop\/"},{"@type":"ListItem","position":3,"name":"blanco dames werk t-shirt 60% katoen 40% polyester 220 g\/m\u00b2"}]},{"@type":"WebSite","@id":"https:\/\/labelfree.nl\/#website","url":"https:\/\/labelfree.nl\/","name":"Etikettenfrei","description":"Markenlose Qualit\u00e4t","potentialAction":[{"@type":"SearchAction","target":{"@type":"EntryPoint","urlTemplate":"https:\/\/labelfree.nl\/?s={search_term_string}"},"query-input":{"@type":"PropertyValueSpecification","valueRequired":true,"valueName":"search_term_string"}}],"inLanguage":"de"}]}},"jetpack_sharing_enabled":true,"_links":{"self":[{"href":"https:\/\/labelfree.nl\/de\/wp-json\/wp\/v2\/product\/41626","targetHints":{"allow":["GET"]}}],"collection":[{"href":"https:\/\/labelfree.nl\/de\/wp-json\/wp\/v2\/product"}],"about":[{"href":"https:\/\/labelfree.nl\/de\/wp-json\/wp\/v2\/types\/product"}],"wp:featuredmedia":[{"embeddable":true,"href":"https:\/\/labelfree.nl\/de\/wp-json\/wp\/v2\/media\/54011"}],"wp:attachment":[{"href":"https:\/\/labelfree.nl\/de\/wp-json\/wp\/v2\/media?parent=41626"}],"wp:term":[{"taxonomy":"product_brand","embeddable":true,"href":"https:\/\/labelfree.nl\/de\/wp-json\/wp\/v2\/product_brand?post=41626"},{"taxonomy":"product_cat","embeddable":true,"href":"https:\/\/labelfree.nl\/de\/wp-json\/wp\/v2\/product_cat?post=41626"},{"taxonomy":"product_tag","embeddable":true,"href":"https:\/\/labelfree.nl\/de\/wp-json\/wp\/v2\/product_tag?post=41626"}],"curies":[{"name":"wp","href":"https:\/\/api.w.org\/{rel}","templated":true}]}}