{"id":41678,"date":"2024-10-24T18:22:03","date_gmt":"2024-10-24T16:22:03","guid":{"rendered":"https:\/\/labelfree.nl\/product\/st115-pocket\/"},"modified":"2026-04-21T02:37:29","modified_gmt":"2026-04-21T00:37:29","slug":"st115-pocket","status":"publish","type":"product","link":"https:\/\/labelfree.nl\/de\/produkt\/st115-tasche\/","title":{"rendered":"Tasche"},"content":{"rendered":"<h2>100% Cotton Pocket \u2013 Vielseitige Kleidung<\/h2>\n<p>100% Baumwolltasche \u2013 Perfekt f\u00fcr anpassbare Designs<\/p>\n<h3>Qualit\u00e4t und Komfort<\/h3>\n<p>Diese 100%-Baumwolltasche ist auf Komfort und Haltbarkeit ausgelegt.<\/p>\n<h3>Han<\/h3>\n<h3>Spezifikationen der Taschen<\/h3>\n<ul>\n<li>Material: 100% Baumwolle<\/li>\n<li>Gewicht: 165 g\/m\u00b2<\/li>\n<li>Typ: Single-Jersey<\/li>\n<li>Verpackung: 500 St\u00fcck pro Karton<\/li>\n<\/ul>\n<h3>So befestigen Sie die Tasche<\/h3>\n<p>Die Tasche l\u00e4sst sich ganz einfach mit wenigen Handgriffen anbringen. Befolgen Sie diese Anweisungen f\u00fcr ein perfektes Finish:<\/p>\n<ol>\n<li>Platzieren Sie das Klebeband an der gew\u00fcnschten Stelle.<\/li>\n<li>Erhitzen Sie es auf 172 \u00b0C und setzen Sie es 18 Sekunden lang unter Druck.<\/li>\n<li>Entfernen Sie die Folie.<\/li>\n<li>Platzieren Sie die Tasche in der richtigen Position.<\/li>\n<li>Erneut 18 Sekunden lang bei 350 \u00b0F erhitzen.<\/li>\n<li>N\u00e4hen Sie die Tasche fest.<\/li>\n<\/ol>\n<h3>Bestellen Sie jetzt Ihre Taschen<\/h3>\n<p>Sind Sie auf der Suche nach nachhaltiger und individuell anpassbarer Kleidung? Bei Labelfree bieten wir eine gro\u00dfe Auswahl an M\u00f6glichkeiten zum Bedrucken von T-Shirts. Ob Sie unbedruckte Kleidung bestellen, mit einem einzigartigen Design bedrucken lassen oder selbst Drucke erstellen m\u00f6chten, wir haben die L\u00f6sungen f\u00fcr Sie! Kontaktieren Sie uns und entdecken Sie die M\u00f6glichkeiten, die wir f\u00fcr Ihr Unternehmen bieten k\u00f6nnen.<\/p>","protected":false},"excerpt":{"rendered":"<p>100% Katoenen Pocket &#8211; Veelzijdige Kleding 100% Katoenen\u00a0 Pocket &#8211; Perfect voor Personaliseerbare Ontwerpen Kwaliteit en Comfort Dit 100% katoenen Pocket is ontworpen met oog voor comfort en duurzaamheid. Han Specificaties van de Pockets Materiaal: 100% Katoen Gewicht: 165 g\/m\u00b2 Type: Single jersey Verpakking: 500 stuks per doos Hoe de Pocket te Bevestigen De pocket [&hellip;]<\/p>\n","protected":false},"featured_media":54025,"template":"","meta":{"_acf_changed":false},"product_brand":[],"product_cat":[133],"product_tag":[],"class_list":{"0":"post-41678","1":"product","2":"type-product","3":"status-publish","4":"has-post-thumbnail","6":"product_cat-accessories","7":"pa_size-een-maat","8":"pa_size-onesize","10":"first","11":"instock","12":"taxable","13":"shipping-taxable","14":"purchasable","15":"product-type-variable"},"acf":[],"yoast_head":"<!-- This site is optimized with the Yoast SEO plugin v27.4 - https:\/\/yoast.com\/product\/yoast-seo-wordpress\/ -->\n<title>Pocket - Labelfree<\/title>\n<meta name=\"robots\" content=\"index, follow, max-snippet:-1, max-image-preview:large, max-video-preview:-1\" \/>\n<link rel=\"canonical\" href=\"https:\/\/labelfree.nl\/de\/produkt\/st115-tasche\/\" \/>\n<meta property=\"og:locale\" content=\"de_DE\" \/>\n<meta property=\"og:type\" content=\"article\" \/>\n<meta property=\"og:title\" content=\"Pocket - Labelfree\" \/>\n<meta property=\"og:description\" content=\"100% Katoenen Pocket &#8211; Veelzijdige Kleding 100% Katoenen\u00a0 Pocket &#8211; Perfect voor Personaliseerbare Ontwerpen Kwaliteit en Comfort Dit 100% katoenen Pocket is ontworpen met oog voor comfort en duurzaamheid. Han Specificaties van de Pockets Materiaal: 100% Katoen Gewicht: 165 g\/m\u00b2 Type: Single jersey Verpakking: 500 stuks per doos Hoe de Pocket te Bevestigen De pocket [&hellip;]\" \/>\n<meta property=\"og:url\" content=\"https:\/\/labelfree.nl\/de\/produkt\/st115-tasche\/\" \/>\n<meta property=\"og:site_name\" content=\"Labelfree\" \/>\n<meta property=\"article:modified_time\" content=\"2026-04-21T00:37:29+00:00\" \/>\n<meta property=\"og:image\" content=\"https:\/\/labelfree.nl\/wp-content\/uploads\/2024\/10\/000115_Pocket_01c-2.jpg\" \/>\n\t<meta property=\"og:image:width\" content=\"1280\" \/>\n\t<meta property=\"og:image:height\" content=\"1920\" \/>\n\t<meta property=\"og:image:type\" content=\"image\/jpeg\" \/>\n<meta name=\"twitter:card\" content=\"summary_large_image\" \/>\n<meta name=\"twitter:label1\" content=\"Gesch\u00e4tzte Lesezeit\" \/>\n\t<meta name=\"twitter:data1\" content=\"1\u00a0Minute\" \/>\n<script type=\"application\/ld+json\" class=\"yoast-schema-graph\">{\"@context\":\"https:\\\/\\\/schema.org\",\"@graph\":[{\"@type\":\"WebPage\",\"@id\":\"https:\\\/\\\/labelfree.nl\\\/product\\\/st115-pocket\\\/\",\"url\":\"https:\\\/\\\/labelfree.nl\\\/product\\\/st115-pocket\\\/\",\"name\":\"Pocket - Labelfree\",\"isPartOf\":{\"@id\":\"https:\\\/\\\/labelfree.nl\\\/#website\"},\"primaryImageOfPage\":{\"@id\":\"https:\\\/\\\/labelfree.nl\\\/product\\\/st115-pocket\\\/#primaryimage\"},\"image\":{\"@id\":\"https:\\\/\\\/labelfree.nl\\\/product\\\/st115-pocket\\\/#primaryimage\"},\"thumbnailUrl\":\"https:\\\/\\\/labelfree.nl\\\/wp-content\\\/uploads\\\/2024\\\/10\\\/000115_Pocket_01c-2.jpg\",\"datePublished\":\"2024-10-24T16:22:03+00:00\",\"dateModified\":\"2026-04-21T00:37:29+00:00\",\"breadcrumb\":{\"@id\":\"https:\\\/\\\/labelfree.nl\\\/product\\\/st115-pocket\\\/#breadcrumb\"},\"inLanguage\":\"de\",\"potentialAction\":[{\"@type\":\"ReadAction\",\"target\":[\"https:\\\/\\\/labelfree.nl\\\/product\\\/st115-pocket\\\/\"]}]},{\"@type\":\"ImageObject\",\"inLanguage\":\"de\",\"@id\":\"https:\\\/\\\/labelfree.nl\\\/product\\\/st115-pocket\\\/#primaryimage\",\"url\":\"https:\\\/\\\/labelfree.nl\\\/wp-content\\\/uploads\\\/2024\\\/10\\\/000115_Pocket_01c-2.jpg\",\"contentUrl\":\"https:\\\/\\\/labelfree.nl\\\/wp-content\\\/uploads\\\/2024\\\/10\\\/000115_Pocket_01c-2.jpg\",\"width\":1280,\"height\":1920},{\"@type\":\"BreadcrumbList\",\"@id\":\"https:\\\/\\\/labelfree.nl\\\/product\\\/st115-pocket\\\/#breadcrumb\",\"itemListElement\":[{\"@type\":\"ListItem\",\"position\":1,\"name\":\"Home\",\"item\":\"https:\\\/\\\/labelfree.nl\\\/\"},{\"@type\":\"ListItem\",\"position\":2,\"name\":\"Webshop\",\"item\":\"https:\\\/\\\/labelfree.nl\\\/webshop\\\/\"},{\"@type\":\"ListItem\",\"position\":3,\"name\":\"Pocket\"}]},{\"@type\":\"WebSite\",\"@id\":\"https:\\\/\\\/labelfree.nl\\\/#website\",\"url\":\"https:\\\/\\\/labelfree.nl\\\/\",\"name\":\"Labelfree\",\"description\":\"Brandless quality\",\"potentialAction\":[{\"@type\":\"SearchAction\",\"target\":{\"@type\":\"EntryPoint\",\"urlTemplate\":\"https:\\\/\\\/labelfree.nl\\\/?s={search_term_string}\"},\"query-input\":{\"@type\":\"PropertyValueSpecification\",\"valueRequired\":true,\"valueName\":\"search_term_string\"}}],\"inLanguage\":\"de\"}]}<\/script>\n<!-- \/ Yoast SEO plugin. -->","yoast_head_json":{"title":"Pocket - Etikettenfrei","robots":{"index":"index","follow":"follow","max-snippet":"max-snippet:-1","max-image-preview":"max-image-preview:large","max-video-preview":"max-video-preview:-1"},"canonical":"https:\/\/labelfree.nl\/de\/produkt\/st115-tasche\/","og_locale":"de_DE","og_type":"article","og_title":"Pocket - Labelfree","og_description":"100% Katoenen Pocket &#8211; Veelzijdige Kleding 100% Katoenen\u00a0 Pocket &#8211; Perfect voor Personaliseerbare Ontwerpen Kwaliteit en Comfort Dit 100% katoenen Pocket is ontworpen met oog voor comfort en duurzaamheid. Han Specificaties van de Pockets Materiaal: 100% Katoen Gewicht: 165 g\/m\u00b2 Type: Single jersey Verpakking: 500 stuks per doos Hoe de Pocket te Bevestigen De pocket [&hellip;]","og_url":"https:\/\/labelfree.nl\/de\/produkt\/st115-tasche\/","og_site_name":"Labelfree","article_modified_time":"2026-04-21T00:37:29+00:00","og_image":[{"width":1280,"height":1920,"url":"https:\/\/labelfree.nl\/wp-content\/uploads\/2024\/10\/000115_Pocket_01c-2.jpg","type":"image\/jpeg"}],"twitter_card":"summary_large_image","twitter_misc":{"Gesch\u00e4tzte Lesezeit":"1\u00a0Minute"},"schema":{"@context":"https:\/\/schema.org","@graph":[{"@type":"WebPage","@id":"https:\/\/labelfree.nl\/product\/st115-pocket\/","url":"https:\/\/labelfree.nl\/product\/st115-pocket\/","name":"Pocket - Etikettenfrei","isPartOf":{"@id":"https:\/\/labelfree.nl\/#website"},"primaryImageOfPage":{"@id":"https:\/\/labelfree.nl\/product\/st115-pocket\/#primaryimage"},"image":{"@id":"https:\/\/labelfree.nl\/product\/st115-pocket\/#primaryimage"},"thumbnailUrl":"https:\/\/labelfree.nl\/wp-content\/uploads\/2024\/10\/000115_Pocket_01c-2.jpg","datePublished":"2024-10-24T16:22:03+00:00","dateModified":"2026-04-21T00:37:29+00:00","breadcrumb":{"@id":"https:\/\/labelfree.nl\/product\/st115-pocket\/#breadcrumb"},"inLanguage":"de","potentialAction":[{"@type":"ReadAction","target":["https:\/\/labelfree.nl\/product\/st115-pocket\/"]}]},{"@type":"ImageObject","inLanguage":"de","@id":"https:\/\/labelfree.nl\/product\/st115-pocket\/#primaryimage","url":"https:\/\/labelfree.nl\/wp-content\/uploads\/2024\/10\/000115_Pocket_01c-2.jpg","contentUrl":"https:\/\/labelfree.nl\/wp-content\/uploads\/2024\/10\/000115_Pocket_01c-2.jpg","width":1280,"height":1920},{"@type":"BreadcrumbList","@id":"https:\/\/labelfree.nl\/product\/st115-pocket\/#breadcrumb","itemListElement":[{"@type":"ListItem","position":1,"name":"Home","item":"https:\/\/labelfree.nl\/"},{"@type":"ListItem","position":2,"name":"Webshop","item":"https:\/\/labelfree.nl\/webshop\/"},{"@type":"ListItem","position":3,"name":"Pocket"}]},{"@type":"WebSite","@id":"https:\/\/labelfree.nl\/#website","url":"https:\/\/labelfree.nl\/","name":"Etikettenfrei","description":"Markenlose Qualit\u00e4t","potentialAction":[{"@type":"SearchAction","target":{"@type":"EntryPoint","urlTemplate":"https:\/\/labelfree.nl\/?s={search_term_string}"},"query-input":{"@type":"PropertyValueSpecification","valueRequired":true,"valueName":"search_term_string"}}],"inLanguage":"de"}]}},"jetpack_sharing_enabled":true,"_links":{"self":[{"href":"https:\/\/labelfree.nl\/de\/wp-json\/wp\/v2\/product\/41678","targetHints":{"allow":["GET"]}}],"collection":[{"href":"https:\/\/labelfree.nl\/de\/wp-json\/wp\/v2\/product"}],"about":[{"href":"https:\/\/labelfree.nl\/de\/wp-json\/wp\/v2\/types\/product"}],"wp:featuredmedia":[{"embeddable":true,"href":"https:\/\/labelfree.nl\/de\/wp-json\/wp\/v2\/media\/54025"}],"wp:attachment":[{"href":"https:\/\/labelfree.nl\/de\/wp-json\/wp\/v2\/media?parent=41678"}],"wp:term":[{"taxonomy":"product_brand","embeddable":true,"href":"https:\/\/labelfree.nl\/de\/wp-json\/wp\/v2\/product_brand?post=41678"},{"taxonomy":"product_cat","embeddable":true,"href":"https:\/\/labelfree.nl\/de\/wp-json\/wp\/v2\/product_cat?post=41678"},{"taxonomy":"product_tag","embeddable":true,"href":"https:\/\/labelfree.nl\/de\/wp-json\/wp\/v2\/product_tag?post=41678"}],"curies":[{"name":"wp","href":"https:\/\/api.w.org\/{rel}","templated":true}]}}