{"id":41869,"date":"2024-10-24T18:24:08","date_gmt":"2024-10-24T16:24:08","guid":{"rendered":"https:\/\/labelfree.nl\/product\/st408-lady-tee-ls\/"},"modified":"2026-05-09T02:48:58","modified_gmt":"2026-05-09T00:48:58","slug":"blanco-dames-tshirt-lange-mouw-slim-fit-165gm2-biologisch-katoen","status":"publish","type":"product","link":"https:\/\/labelfree.nl\/de\/produkt\/st408-damen-t-shirt-ls\/","title":{"rendered":"Blanko-Damen-Langarmshirt in schmaler Passform \u2013 165 g\/m\u00b2 Bio-Baumwolle"},"content":{"rendered":"<p>Dieses lang\u00e4rmlige Shirt besticht durch seine taillierte Silhouette und den eleganten tiefen Ausschnitt. Gefertigt aus Single-Jersey (165 g\/m\u00b2). Erh\u00e4ltlich in gro\u00dfen Mengen, ideal f\u00fcr Merchandising-Artikel. Wir bieten Ihnen Unterst\u00fctzung bei Druck und Design f\u00fcr ein neues Logo oder Ihr eigenes Branding.<\/p>\n<p><em>Um den korrekten Preis zu sehen, loggen Sie sich ein und klicken Sie auf Farbe und Gr\u00f6\u00dfe.<\/em><\/p>\n<p>&nbsp;<\/p>\n<h3><span style=\"color: #5a7699;\"><strong>Blanko-Damen-T-Shirt LM Slim Fit<\/strong><\/span><\/h3>\n<p><strong>100% Bio-Baumwolle. Single-Jersey, 165 g\/m\u00b2<\/strong><\/p>\n<p><img decoding=\"async\" class=\"alignnone size-full wp-image-67474\" src=\"https:\/\/labelfree.nl\/wp-content\/uploads\/2024\/10\/GOTS_2-1-8.jpg\" alt=\"\" width=\"155\" height=\"93\" srcset=\"https:\/\/labelfree.nl\/wp-content\/uploads\/2024\/10\/GOTS_2-1-8.jpg 155w, https:\/\/labelfree.nl\/wp-content\/uploads\/2024\/10\/GOTS_2-1-8-18x12.jpg 18w\" sizes=\"(max-width: 155px) 100vw, 155px\" \/><\/p>\n<ul>\n<li>Qualit\u00e4t: 100% Bio-Baumwolle, gek\u00e4mmt und enzymgewaschen<\/li>\n<li>Oxford Grey: 851 TP3T Bio-Baumwolle \/ 151 TP3T Viskose<\/li>\n<li>OEKO-TEX- und GOTS-zertifiziert<\/li>\n<li>Gewicht: 165 g\/m\u00b2<\/li>\n<li>Single-Jersey<\/li>\n<li>Langarm (LM)<\/li>\n<li>Schlanke Passform<\/li>\n<li>Erh\u00e4ltlich in 3 Farben<\/li>\n<li>Erh\u00e4ltlich von Gr\u00f6\u00dfe XS bis 2XL<\/li>\n<li>Markenlos, kleines Gr\u00f6\u00dfenetikett im Halsausschnitt<\/li>\n<li>Geeignet f\u00fcr Siebdruck, Transferdruck, DTG-Druck und Stickerei<\/li>\n<li>Karton: 50 St\u00fcck. Verpackung: 10 St\u00fcck. Auch einzeln erh\u00e4ltlich.<\/li>\n<\/ul>\n<p>&nbsp;<\/p>\n<h4><span style=\"color: #5a7699;\"><strong>Damen-Langarmshirt in schmaler Passform \u2013 zeitlos und elegant<\/strong><\/span><\/h4>\n<p>Unser Damen-Langarmshirt in schmaler Passform ist ein vielseitiges Langarmshirt mit modernem, tiefem Rundhalsausschnitt. Der Halsausschnitt ist mit einem 1x1-Rippstrick mit Elastan und Doppeln\u00e4hten versehen, was f\u00fcr eine elegante Optik und Langlebigkeit sorgt. Es verf\u00fcgt \u00fcber ein verst\u00e4rktes Halsb\u00fcndchen.<\/p>\n<p>Sowohl die \u00c4rmel als auch der Saum des Shirts sind mit einer 7 mm breiten Doppelnaht versehen, was f\u00fcr Stabilit\u00e4t und Formbest\u00e4ndigkeit sorgt. Das Shirt ist rundgestrickt.<\/p>\n<p>Das Shirt eignet sich hervorragend f\u00fcr Merchandising, Private Branding und\/oder den Gro\u00dfhandel. Erh\u00e4ltlich in gro\u00dfen Mengen. Dank unserer vielf\u00e4ltigen Druckoptionen und unseres schnellen Services unterst\u00fctzen wir Sie gerne beim Start.<\/p>\n<h4><span style=\"color: #5a7699;\"><strong>Materialangaben<\/strong><\/span><\/h4>\n<p>Es wird aus 100%-gek\u00e4mmter und enzymgewaschener Baumwolle gefertigt und f\u00fchlt sich dadurch seidig weich und angenehm auf der Haut an. Unsere Baumwolle ist umweltfreundlich, stammt aus kontrolliert biologischem Anbau ohne sch\u00e4dliche Chemikalien und wird unter verantwortungsvollen Bedingungen produziert.<\/p>\n<p>Das T-Shirt besteht aus einer unserer beliebtesten Baumwollarten, dem Single-Jersey mit 165 g\/m\u00b2. Wir verwenden dieses Material f\u00fcr die meisten unserer T-Shirts. Die weiche und atmungsaktive Baumwolle ist strapazierf\u00e4hig und angenehm zu tragen.<\/p>\n<p>Das Material ist f\u00fcr folgende Eigenschaften bekannt: weich, bequem, flexibel, langlebig, waschbest\u00e4ndig, gute Farbechtheit, minimales Einlaufen und eine glatte und gleichm\u00e4\u00dfige Oberfl\u00e4che.<\/p>\n<h4><span style=\"color: #5a7699;\"><strong>Druck-, Stick- und Beschriftungsm\u00f6glichkeiten<\/strong><\/span><\/h4>\n<p>Unser gesamtes Sortiment eignet sich f\u00fcr B2B, Merchandising und Private Label. Sie m\u00f6chten unbedruckte Kleidung bestellen, diese mit Ihrem eigenen Design bedrucken lassen oder ben\u00f6tigen Druckvorlagen zum Selbstaufbringen? Das Team von Labelfree unterst\u00fctzt Sie dabei in jedem Schritt.<\/p>\n<p>Labelfree bietet eine Vielzahl professioneller Druckoptionen, darunter Transferdruck, DTF-Druck, Siebdruck und Stickerei. Sie k\u00f6nnen beispielsweise auch Ihre eigenen Nackenaufdrucke und Etiketten auf den \u00c4rmel drucken lassen.<\/p>\n<p>Ben\u00f6tigen Sie Hilfe bei Ihrem eigenen Design? Unsere Grafikdesigner unterst\u00fctzen Sie gerne. So stellen wir sicher, dass das Endprodukt perfekt auf Ihre Bed\u00fcrfnisse zugeschnitten ist. Sie erhalten immer zun\u00e4chst ein kostenloses, visuelles Angebot. Kontaktieren Sie uns, um die M\u00f6glichkeiten zur Erstellung Ihrer eigenen Kollektion zu erkunden.<\/p>\n<p>&nbsp;<\/p>\n<p>Gr\u00f6\u00dfentabelle<\/p>\n<p>(folgt)<\/p>\n<p>Waschanleitung<\/p>\n<p><img decoding=\"async\" class=\"alignnone wp-image-67475\" src=\"https:\/\/labelfree.nl\/wp-content\/uploads\/2024\/10\/Storm_washing_instructions_40_0-20.gif\" alt=\"\" width=\"186\" height=\"28\" \/><\/p>\n<p>&nbsp;<\/p>","protected":false},"excerpt":{"rendered":"<p>Dit shirt met lange mouw heeft een aansluitende pasvorm met een elegante lage hals. Single jersey 165 g\/m\u00b2. In bulk verkrijgbaar, ideaal voor merchandise. Wij verzorgen prints en ontwerphulp bij een nieuw logo of eigen merk. voor de juiste prijs logt u in en klikt u op de kleur en maat &nbsp; blanco dames t-shirt [&hellip;]<\/p>\n","protected":false},"featured_media":54079,"template":"","meta":{"_acf_changed":false},"product_brand":[],"product_cat":[92,19,20],"product_tag":[],"class_list":{"0":"post-41869","1":"product","2":"type-product","3":"status-publish","4":"has-post-thumbnail","6":"product_cat-lady-t-shirts","7":"product_cat-t-shirts","8":"product_cat-t-shirts-long-sleeves","9":"pa_size-2xl","10":"pa_size-l","11":"pa_size-m","12":"pa_size-s","13":"pa_size-xl","14":"pa_size-xs","15":"pa_size-xxl","17":"first","18":"instock","19":"taxable","20":"shipping-taxable","21":"purchasable","22":"product-type-variable"},"acf":[],"yoast_head":"<!-- This site is optimized with the Yoast SEO plugin v27.5 - https:\/\/yoast.com\/product\/yoast-seo-wordpress\/ -->\n<title>Blanco dames t-shirt Lange mouw Slim fit 165 g\/m2 | organic cotton<\/title>\n<meta name=\"description\" content=\"Blanco dames t-shirt Lange mouw Slim fit van biologisch katoen (165 g\/m\u00b2). Aansluitende pasvorm, zacht en comfortabel. Perfect voor bedrukken en\/of groothandel.\" \/>\n<meta name=\"robots\" content=\"index, follow, max-snippet:-1, max-image-preview:large, max-video-preview:-1\" \/>\n<link rel=\"canonical\" href=\"https:\/\/labelfree.nl\/de\/produkt\/st408-damen-t-shirt-ls\/\" \/>\n<meta property=\"og:locale\" content=\"de_DE\" \/>\n<meta property=\"og:type\" content=\"article\" \/>\n<meta property=\"og:title\" content=\"Blanco dames t-shirt Lange mouw Slim fit 165 g\/m2 | organic cotton\" \/>\n<meta property=\"og:description\" content=\"Blanco dames t-shirt Lange mouw Slim fit van biologisch katoen (165 g\/m\u00b2). Aansluitende pasvorm, zacht en comfortabel. Perfect voor bedrukken en\/of groothandel.\" \/>\n<meta property=\"og:url\" content=\"https:\/\/labelfree.nl\/de\/produkt\/st408-damen-t-shirt-ls\/\" \/>\n<meta property=\"og:site_name\" content=\"Labelfree\" \/>\n<meta property=\"article:modified_time\" content=\"2026-05-09T00:48:58+00:00\" \/>\n<meta property=\"og:image\" content=\"https:\/\/labelfree.nl\/wp-content\/uploads\/2024\/10\/000408_Lady_Tee_LS_01c-5.jpg\" \/>\n\t<meta property=\"og:image:width\" content=\"1279\" \/>\n\t<meta property=\"og:image:height\" content=\"1920\" \/>\n\t<meta property=\"og:image:type\" content=\"image\/jpeg\" \/>\n<meta name=\"twitter:card\" content=\"summary_large_image\" \/>\n<meta name=\"twitter:label1\" content=\"Gesch\u00e4tzte Lesezeit\" \/>\n\t<meta name=\"twitter:data1\" content=\"3\u00a0Minuten\" \/>\n<script type=\"application\/ld+json\" class=\"yoast-schema-graph\">{\"@context\":\"https:\\\/\\\/schema.org\",\"@graph\":[{\"@type\":\"WebPage\",\"@id\":\"https:\\\/\\\/labelfree.nl\\\/product\\\/blanco-dames-tshirt-lange-mouw-slim-fit-165gm2-biologisch-katoen\\\/\",\"url\":\"https:\\\/\\\/labelfree.nl\\\/product\\\/blanco-dames-tshirt-lange-mouw-slim-fit-165gm2-biologisch-katoen\\\/\",\"name\":\"Blanco dames t-shirt Lange mouw Slim fit 165 g\\\/m2 | organic cotton\",\"isPartOf\":{\"@id\":\"https:\\\/\\\/labelfree.nl\\\/#website\"},\"primaryImageOfPage\":{\"@id\":\"https:\\\/\\\/labelfree.nl\\\/product\\\/blanco-dames-tshirt-lange-mouw-slim-fit-165gm2-biologisch-katoen\\\/#primaryimage\"},\"image\":{\"@id\":\"https:\\\/\\\/labelfree.nl\\\/product\\\/blanco-dames-tshirt-lange-mouw-slim-fit-165gm2-biologisch-katoen\\\/#primaryimage\"},\"thumbnailUrl\":\"https:\\\/\\\/labelfree.nl\\\/wp-content\\\/uploads\\\/2024\\\/10\\\/000408_Lady_Tee_LS_01c-5.jpg\",\"datePublished\":\"2024-10-24T16:24:08+00:00\",\"dateModified\":\"2026-05-09T00:48:58+00:00\",\"description\":\"Blanco dames t-shirt Lange mouw Slim fit van biologisch katoen (165 g\\\/m\u00b2). Aansluitende pasvorm, zacht en comfortabel. Perfect voor bedrukken en\\\/of groothandel.\",\"breadcrumb\":{\"@id\":\"https:\\\/\\\/labelfree.nl\\\/product\\\/blanco-dames-tshirt-lange-mouw-slim-fit-165gm2-biologisch-katoen\\\/#breadcrumb\"},\"inLanguage\":\"de\",\"potentialAction\":[{\"@type\":\"ReadAction\",\"target\":[\"https:\\\/\\\/labelfree.nl\\\/product\\\/blanco-dames-tshirt-lange-mouw-slim-fit-165gm2-biologisch-katoen\\\/\"]}]},{\"@type\":\"ImageObject\",\"inLanguage\":\"de\",\"@id\":\"https:\\\/\\\/labelfree.nl\\\/product\\\/blanco-dames-tshirt-lange-mouw-slim-fit-165gm2-biologisch-katoen\\\/#primaryimage\",\"url\":\"https:\\\/\\\/labelfree.nl\\\/wp-content\\\/uploads\\\/2024\\\/10\\\/000408_Lady_Tee_LS_01c-5.jpg\",\"contentUrl\":\"https:\\\/\\\/labelfree.nl\\\/wp-content\\\/uploads\\\/2024\\\/10\\\/000408_Lady_Tee_LS_01c-5.jpg\",\"width\":1279,\"height\":1920,\"caption\":\"dames long sleeve t-shirt slim fit biologisch katoen 165 g\\\/m2\"},{\"@type\":\"BreadcrumbList\",\"@id\":\"https:\\\/\\\/labelfree.nl\\\/product\\\/blanco-dames-tshirt-lange-mouw-slim-fit-165gm2-biologisch-katoen\\\/#breadcrumb\",\"itemListElement\":[{\"@type\":\"ListItem\",\"position\":1,\"name\":\"Home\",\"item\":\"https:\\\/\\\/labelfree.nl\\\/\"},{\"@type\":\"ListItem\",\"position\":2,\"name\":\"Webshop\",\"item\":\"https:\\\/\\\/labelfree.nl\\\/webshop\\\/\"},{\"@type\":\"ListItem\",\"position\":3,\"name\":\"blanco dames t-shirt slim fit met lange mouw &#8211; 165 g\\\/m\u00b2 biologisch katoen\"}]},{\"@type\":\"WebSite\",\"@id\":\"https:\\\/\\\/labelfree.nl\\\/#website\",\"url\":\"https:\\\/\\\/labelfree.nl\\\/\",\"name\":\"Labelfree\",\"description\":\"Brandless quality\",\"potentialAction\":[{\"@type\":\"SearchAction\",\"target\":{\"@type\":\"EntryPoint\",\"urlTemplate\":\"https:\\\/\\\/labelfree.nl\\\/?s={search_term_string}\"},\"query-input\":{\"@type\":\"PropertyValueSpecification\",\"valueRequired\":true,\"valueName\":\"search_term_string\"}}],\"inLanguage\":\"de\"}]}<\/script>\n<!-- \/ Yoast SEO plugin. -->","yoast_head_json":{"title":"Wei\u00dfes Damen-T-Shirt, lang\u00e4rmlig, schmale Passform, 165 g\/m\u00b2 | Bio-Baumwolle","description":"Blanko-Damen-T-Shirt, lang\u00e4rmlig, schmal geschnitten, aus Bio-Baumwolle (165 g\/m\u00b2). Figurbetont, weich und angenehm zu tragen. Ideal zum Bedrucken und\/oder f\u00fcr den Gro\u00dfhandel.","robots":{"index":"index","follow":"follow","max-snippet":"max-snippet:-1","max-image-preview":"max-image-preview:large","max-video-preview":"max-video-preview:-1"},"canonical":"https:\/\/labelfree.nl\/de\/produkt\/st408-damen-t-shirt-ls\/","og_locale":"de_DE","og_type":"article","og_title":"Blanco dames t-shirt Lange mouw Slim fit 165 g\/m2 | organic cotton","og_description":"Blanco dames t-shirt Lange mouw Slim fit van biologisch katoen (165 g\/m\u00b2). Aansluitende pasvorm, zacht en comfortabel. Perfect voor bedrukken en\/of groothandel.","og_url":"https:\/\/labelfree.nl\/de\/produkt\/st408-damen-t-shirt-ls\/","og_site_name":"Labelfree","article_modified_time":"2026-05-09T00:48:58+00:00","og_image":[{"width":1279,"height":1920,"url":"https:\/\/labelfree.nl\/wp-content\/uploads\/2024\/10\/000408_Lady_Tee_LS_01c-5.jpg","type":"image\/jpeg"}],"twitter_card":"summary_large_image","twitter_misc":{"Gesch\u00e4tzte Lesezeit":"3\u00a0Minuten"},"schema":{"@context":"https:\/\/schema.org","@graph":[{"@type":"WebPage","@id":"https:\/\/labelfree.nl\/product\/blanco-dames-tshirt-lange-mouw-slim-fit-165gm2-biologisch-katoen\/","url":"https:\/\/labelfree.nl\/product\/blanco-dames-tshirt-lange-mouw-slim-fit-165gm2-biologisch-katoen\/","name":"Wei\u00dfes Damen-T-Shirt, lang\u00e4rmlig, schmale Passform, 165 g\/m\u00b2 | Bio-Baumwolle","isPartOf":{"@id":"https:\/\/labelfree.nl\/#website"},"primaryImageOfPage":{"@id":"https:\/\/labelfree.nl\/product\/blanco-dames-tshirt-lange-mouw-slim-fit-165gm2-biologisch-katoen\/#primaryimage"},"image":{"@id":"https:\/\/labelfree.nl\/product\/blanco-dames-tshirt-lange-mouw-slim-fit-165gm2-biologisch-katoen\/#primaryimage"},"thumbnailUrl":"https:\/\/labelfree.nl\/wp-content\/uploads\/2024\/10\/000408_Lady_Tee_LS_01c-5.jpg","datePublished":"2024-10-24T16:24:08+00:00","dateModified":"2026-05-09T00:48:58+00:00","description":"Blanko-Damen-T-Shirt, lang\u00e4rmlig, schmal geschnitten, aus Bio-Baumwolle (165 g\/m\u00b2). Figurbetont, weich und angenehm zu tragen. Ideal zum Bedrucken und\/oder f\u00fcr den Gro\u00dfhandel.","breadcrumb":{"@id":"https:\/\/labelfree.nl\/product\/blanco-dames-tshirt-lange-mouw-slim-fit-165gm2-biologisch-katoen\/#breadcrumb"},"inLanguage":"de","potentialAction":[{"@type":"ReadAction","target":["https:\/\/labelfree.nl\/product\/blanco-dames-tshirt-lange-mouw-slim-fit-165gm2-biologisch-katoen\/"]}]},{"@type":"ImageObject","inLanguage":"de","@id":"https:\/\/labelfree.nl\/product\/blanco-dames-tshirt-lange-mouw-slim-fit-165gm2-biologisch-katoen\/#primaryimage","url":"https:\/\/labelfree.nl\/wp-content\/uploads\/2024\/10\/000408_Lady_Tee_LS_01c-5.jpg","contentUrl":"https:\/\/labelfree.nl\/wp-content\/uploads\/2024\/10\/000408_Lady_Tee_LS_01c-5.jpg","width":1279,"height":1920,"caption":"dames long sleeve t-shirt slim fit biologisch katoen 165 g\/m2"},{"@type":"BreadcrumbList","@id":"https:\/\/labelfree.nl\/product\/blanco-dames-tshirt-lange-mouw-slim-fit-165gm2-biologisch-katoen\/#breadcrumb","itemListElement":[{"@type":"ListItem","position":1,"name":"Home","item":"https:\/\/labelfree.nl\/"},{"@type":"ListItem","position":2,"name":"Webshop","item":"https:\/\/labelfree.nl\/webshop\/"},{"@type":"ListItem","position":3,"name":"blanco dames t-shirt slim fit met lange mouw &#8211; 165 g\/m\u00b2 biologisch katoen"}]},{"@type":"WebSite","@id":"https:\/\/labelfree.nl\/#website","url":"https:\/\/labelfree.nl\/","name":"Etikettenfrei","description":"Markenlose Qualit\u00e4t","potentialAction":[{"@type":"SearchAction","target":{"@type":"EntryPoint","urlTemplate":"https:\/\/labelfree.nl\/?s={search_term_string}"},"query-input":{"@type":"PropertyValueSpecification","valueRequired":true,"valueName":"search_term_string"}}],"inLanguage":"de"}]}},"jetpack_sharing_enabled":true,"_links":{"self":[{"href":"https:\/\/labelfree.nl\/de\/wp-json\/wp\/v2\/product\/41869","targetHints":{"allow":["GET"]}}],"collection":[{"href":"https:\/\/labelfree.nl\/de\/wp-json\/wp\/v2\/product"}],"about":[{"href":"https:\/\/labelfree.nl\/de\/wp-json\/wp\/v2\/types\/product"}],"wp:featuredmedia":[{"embeddable":true,"href":"https:\/\/labelfree.nl\/de\/wp-json\/wp\/v2\/media\/54079"}],"wp:attachment":[{"href":"https:\/\/labelfree.nl\/de\/wp-json\/wp\/v2\/media?parent=41869"}],"wp:term":[{"taxonomy":"product_brand","embeddable":true,"href":"https:\/\/labelfree.nl\/de\/wp-json\/wp\/v2\/product_brand?post=41869"},{"taxonomy":"product_cat","embeddable":true,"href":"https:\/\/labelfree.nl\/de\/wp-json\/wp\/v2\/product_cat?post=41869"},{"taxonomy":"product_tag","embeddable":true,"href":"https:\/\/labelfree.nl\/de\/wp-json\/wp\/v2\/product_tag?post=41869"}],"curies":[{"name":"wp","href":"https:\/\/api.w.org\/{rel}","templated":true}]}}