{"id":41896,"date":"2024-10-24T18:24:28","date_gmt":"2024-10-24T16:24:28","guid":{"rendered":"https:\/\/labelfree.nl\/product\/st116-sweatstring\/"},"modified":"2026-04-19T02:04:25","modified_gmt":"2026-04-19T00:04:25","slug":"st116-sweatstring","status":"publish","type":"product","link":"https:\/\/labelfree.nl\/de\/produkt\/st116-schweis-tanga\/","title":{"rendered":"ST116 Sweatstring"},"content":{"rendered":"<h2>Farbige Kordeln f\u00fcr Pullover<\/h2>\n<p>Hohe Qualit\u00e4t \u2013 100% Baumwolle<\/p>\n<h3>Qualit\u00e4t und Komfort<\/h3>\n<p>Unsere Kordeln bestehen aus hochwertigen Materialien, wie zum Beispiel 100%-Baumwolle.<\/p>\n<h3>Spezifikationen des Produkts<\/h3>\n<ul>\n<li>Qualit\u00e4t: 100% Baumwolle<\/li>\n<li>Oxford Grey: 85% Baumwolle \/ 15% Viskose<\/li>\n<li>L\u00e4nge: 126 cm<\/li>\n<li>Breite der Kordeln 1,5 cm<\/li>\n<li>Kartonverpackung: 500 St\u00fcck<\/li>\n<li>Kann pro St\u00fcck bestellt werden<\/li>\n<\/ul>\n<p>&nbsp;<\/p>\n<h3>Ihr n\u00e4chster Schritt<\/h3>\n<p>Sind Sie bereit, Ihr Sweatshirt mit bunten Sweatstrings zu personalisieren? Egal, ob Sie unbedruckte Kleidung bestellen, erfinden oder bedrucken lassen oder selbst Bedruckungen bestellen m\u00f6chten, wir helfen Ihnen gerne weiter. Kontaktieren Sie uns und entdecken Sie alle M\u00f6glichkeiten, einzigartige Kleidung zu kreieren, die perfekt zu Ihren Bed\u00fcrfnissen passt!<\/p>","protected":false},"excerpt":{"rendered":"<p>Gekleurde koorden voor Sweaters Hoge Kwaliteit \u2013 100% Katoen Kwaliteit en Comfort Onze koorden zijn vervaardigd uit hoogwaardige materialen, zoals 100% katoen. Specificaties van het Product Kwaliteit: 100% katoen Oxford Grey: 85% katoen \/ 15% viscose Lengte: 126 cm Breedte van de koorden 1.5 cm Boxverpakking: 500 stuks Per stuk te bestellen &nbsp; Jouw Volgende [&hellip;]<\/p>\n","protected":false},"featured_media":54096,"template":"","meta":{"_acf_changed":false},"product_brand":[],"product_cat":[133],"product_tag":[],"class_list":{"0":"post-41896","1":"product","2":"type-product","3":"status-publish","4":"has-post-thumbnail","6":"product_cat-accessories","7":"pa_size-een-maat","8":"pa_size-onesize","10":"first","11":"instock","12":"taxable","13":"shipping-taxable","14":"purchasable","15":"product-type-variable"},"acf":[],"yoast_head":"<!-- This site is optimized with the Yoast SEO plugin v27.4 - https:\/\/yoast.com\/product\/yoast-seo-wordpress\/ -->\n<title>ST116 Sweatstring - Labelfree<\/title>\n<meta name=\"robots\" content=\"index, follow, max-snippet:-1, max-image-preview:large, max-video-preview:-1\" \/>\n<link rel=\"canonical\" href=\"https:\/\/labelfree.nl\/de\/produkt\/st116-schweis-tanga\/\" \/>\n<meta property=\"og:locale\" content=\"de_DE\" \/>\n<meta property=\"og:type\" content=\"article\" \/>\n<meta property=\"og:title\" content=\"ST116 Sweatstring - Labelfree\" \/>\n<meta property=\"og:description\" content=\"Gekleurde koorden voor Sweaters Hoge Kwaliteit \u2013 100% Katoen Kwaliteit en Comfort Onze koorden zijn vervaardigd uit hoogwaardige materialen, zoals 100% katoen. Specificaties van het Product Kwaliteit: 100% katoen Oxford Grey: 85% katoen \/ 15% viscose Lengte: 126 cm Breedte van de koorden 1.5 cm Boxverpakking: 500 stuks Per stuk te bestellen &nbsp; Jouw Volgende [&hellip;]\" \/>\n<meta property=\"og:url\" content=\"https:\/\/labelfree.nl\/de\/produkt\/st116-schweis-tanga\/\" \/>\n<meta property=\"og:site_name\" content=\"Labelfree\" \/>\n<meta property=\"article:modified_time\" content=\"2026-04-19T00:04:25+00:00\" \/>\n<meta property=\"og:image\" content=\"https:\/\/labelfree.nl\/wp-content\/uploads\/2024\/10\/000116_Sweatstring_01c-2.jpg\" \/>\n\t<meta property=\"og:image:width\" content=\"1667\" \/>\n\t<meta property=\"og:image:height\" content=\"2500\" \/>\n\t<meta property=\"og:image:type\" content=\"image\/jpeg\" \/>\n<meta name=\"twitter:card\" content=\"summary_large_image\" \/>\n<meta name=\"twitter:label1\" content=\"Gesch\u00e4tzte Lesezeit\" \/>\n\t<meta name=\"twitter:data1\" content=\"1\u00a0Minute\" \/>\n<script type=\"application\/ld+json\" class=\"yoast-schema-graph\">{\"@context\":\"https:\\\/\\\/schema.org\",\"@graph\":[{\"@type\":\"WebPage\",\"@id\":\"https:\\\/\\\/labelfree.nl\\\/product\\\/st116-sweatstring\\\/\",\"url\":\"https:\\\/\\\/labelfree.nl\\\/product\\\/st116-sweatstring\\\/\",\"name\":\"ST116 Sweatstring - Labelfree\",\"isPartOf\":{\"@id\":\"https:\\\/\\\/labelfree.nl\\\/#website\"},\"primaryImageOfPage\":{\"@id\":\"https:\\\/\\\/labelfree.nl\\\/product\\\/st116-sweatstring\\\/#primaryimage\"},\"image\":{\"@id\":\"https:\\\/\\\/labelfree.nl\\\/product\\\/st116-sweatstring\\\/#primaryimage\"},\"thumbnailUrl\":\"https:\\\/\\\/labelfree.nl\\\/wp-content\\\/uploads\\\/2024\\\/10\\\/000116_Sweatstring_01c-2.jpg\",\"datePublished\":\"2024-10-24T16:24:28+00:00\",\"dateModified\":\"2026-04-19T00:04:25+00:00\",\"breadcrumb\":{\"@id\":\"https:\\\/\\\/labelfree.nl\\\/product\\\/st116-sweatstring\\\/#breadcrumb\"},\"inLanguage\":\"de\",\"potentialAction\":[{\"@type\":\"ReadAction\",\"target\":[\"https:\\\/\\\/labelfree.nl\\\/product\\\/st116-sweatstring\\\/\"]}]},{\"@type\":\"ImageObject\",\"inLanguage\":\"de\",\"@id\":\"https:\\\/\\\/labelfree.nl\\\/product\\\/st116-sweatstring\\\/#primaryimage\",\"url\":\"https:\\\/\\\/labelfree.nl\\\/wp-content\\\/uploads\\\/2024\\\/10\\\/000116_Sweatstring_01c-2.jpg\",\"contentUrl\":\"https:\\\/\\\/labelfree.nl\\\/wp-content\\\/uploads\\\/2024\\\/10\\\/000116_Sweatstring_01c-2.jpg\",\"width\":1667,\"height\":2500},{\"@type\":\"BreadcrumbList\",\"@id\":\"https:\\\/\\\/labelfree.nl\\\/product\\\/st116-sweatstring\\\/#breadcrumb\",\"itemListElement\":[{\"@type\":\"ListItem\",\"position\":1,\"name\":\"Home\",\"item\":\"https:\\\/\\\/labelfree.nl\\\/\"},{\"@type\":\"ListItem\",\"position\":2,\"name\":\"Webshop\",\"item\":\"https:\\\/\\\/labelfree.nl\\\/webshop\\\/\"},{\"@type\":\"ListItem\",\"position\":3,\"name\":\"ST116 Sweatstring\"}]},{\"@type\":\"WebSite\",\"@id\":\"https:\\\/\\\/labelfree.nl\\\/#website\",\"url\":\"https:\\\/\\\/labelfree.nl\\\/\",\"name\":\"Labelfree\",\"description\":\"Brandless quality\",\"potentialAction\":[{\"@type\":\"SearchAction\",\"target\":{\"@type\":\"EntryPoint\",\"urlTemplate\":\"https:\\\/\\\/labelfree.nl\\\/?s={search_term_string}\"},\"query-input\":{\"@type\":\"PropertyValueSpecification\",\"valueRequired\":true,\"valueName\":\"search_term_string\"}}],\"inLanguage\":\"de\"}]}<\/script>\n<!-- \/ Yoast SEO plugin. -->","yoast_head_json":{"title":"ST116 Sweatstring \u2013 Etikettenfrei","robots":{"index":"index","follow":"follow","max-snippet":"max-snippet:-1","max-image-preview":"max-image-preview:large","max-video-preview":"max-video-preview:-1"},"canonical":"https:\/\/labelfree.nl\/de\/produkt\/st116-schweis-tanga\/","og_locale":"de_DE","og_type":"article","og_title":"ST116 Sweatstring - Labelfree","og_description":"Gekleurde koorden voor Sweaters Hoge Kwaliteit \u2013 100% Katoen Kwaliteit en Comfort Onze koorden zijn vervaardigd uit hoogwaardige materialen, zoals 100% katoen. Specificaties van het Product Kwaliteit: 100% katoen Oxford Grey: 85% katoen \/ 15% viscose Lengte: 126 cm Breedte van de koorden 1.5 cm Boxverpakking: 500 stuks Per stuk te bestellen &nbsp; Jouw Volgende [&hellip;]","og_url":"https:\/\/labelfree.nl\/de\/produkt\/st116-schweis-tanga\/","og_site_name":"Labelfree","article_modified_time":"2026-04-19T00:04:25+00:00","og_image":[{"width":1667,"height":2500,"url":"https:\/\/labelfree.nl\/wp-content\/uploads\/2024\/10\/000116_Sweatstring_01c-2.jpg","type":"image\/jpeg"}],"twitter_card":"summary_large_image","twitter_misc":{"Gesch\u00e4tzte Lesezeit":"1\u00a0Minute"},"schema":{"@context":"https:\/\/schema.org","@graph":[{"@type":"WebPage","@id":"https:\/\/labelfree.nl\/product\/st116-sweatstring\/","url":"https:\/\/labelfree.nl\/product\/st116-sweatstring\/","name":"ST116 Sweatstring \u2013 Etikettenfrei","isPartOf":{"@id":"https:\/\/labelfree.nl\/#website"},"primaryImageOfPage":{"@id":"https:\/\/labelfree.nl\/product\/st116-sweatstring\/#primaryimage"},"image":{"@id":"https:\/\/labelfree.nl\/product\/st116-sweatstring\/#primaryimage"},"thumbnailUrl":"https:\/\/labelfree.nl\/wp-content\/uploads\/2024\/10\/000116_Sweatstring_01c-2.jpg","datePublished":"2024-10-24T16:24:28+00:00","dateModified":"2026-04-19T00:04:25+00:00","breadcrumb":{"@id":"https:\/\/labelfree.nl\/product\/st116-sweatstring\/#breadcrumb"},"inLanguage":"de","potentialAction":[{"@type":"ReadAction","target":["https:\/\/labelfree.nl\/product\/st116-sweatstring\/"]}]},{"@type":"ImageObject","inLanguage":"de","@id":"https:\/\/labelfree.nl\/product\/st116-sweatstring\/#primaryimage","url":"https:\/\/labelfree.nl\/wp-content\/uploads\/2024\/10\/000116_Sweatstring_01c-2.jpg","contentUrl":"https:\/\/labelfree.nl\/wp-content\/uploads\/2024\/10\/000116_Sweatstring_01c-2.jpg","width":1667,"height":2500},{"@type":"BreadcrumbList","@id":"https:\/\/labelfree.nl\/product\/st116-sweatstring\/#breadcrumb","itemListElement":[{"@type":"ListItem","position":1,"name":"Home","item":"https:\/\/labelfree.nl\/"},{"@type":"ListItem","position":2,"name":"Webshop","item":"https:\/\/labelfree.nl\/webshop\/"},{"@type":"ListItem","position":3,"name":"ST116 Sweatstring"}]},{"@type":"WebSite","@id":"https:\/\/labelfree.nl\/#website","url":"https:\/\/labelfree.nl\/","name":"Etikettenfrei","description":"Markenlose Qualit\u00e4t","potentialAction":[{"@type":"SearchAction","target":{"@type":"EntryPoint","urlTemplate":"https:\/\/labelfree.nl\/?s={search_term_string}"},"query-input":{"@type":"PropertyValueSpecification","valueRequired":true,"valueName":"search_term_string"}}],"inLanguage":"de"}]}},"jetpack_sharing_enabled":true,"_links":{"self":[{"href":"https:\/\/labelfree.nl\/de\/wp-json\/wp\/v2\/product\/41896","targetHints":{"allow":["GET"]}}],"collection":[{"href":"https:\/\/labelfree.nl\/de\/wp-json\/wp\/v2\/product"}],"about":[{"href":"https:\/\/labelfree.nl\/de\/wp-json\/wp\/v2\/types\/product"}],"wp:featuredmedia":[{"embeddable":true,"href":"https:\/\/labelfree.nl\/de\/wp-json\/wp\/v2\/media\/54096"}],"wp:attachment":[{"href":"https:\/\/labelfree.nl\/de\/wp-json\/wp\/v2\/media?parent=41896"}],"wp:term":[{"taxonomy":"product_brand","embeddable":true,"href":"https:\/\/labelfree.nl\/de\/wp-json\/wp\/v2\/product_brand?post=41896"},{"taxonomy":"product_cat","embeddable":true,"href":"https:\/\/labelfree.nl\/de\/wp-json\/wp\/v2\/product_cat?post=41896"},{"taxonomy":"product_tag","embeddable":true,"href":"https:\/\/labelfree.nl\/de\/wp-json\/wp\/v2\/product_tag?post=41896"}],"curies":[{"name":"wp","href":"https:\/\/api.w.org\/{rel}","templated":true}]}}