{"id":42019,"date":"2024-10-24T18:25:53","date_gmt":"2024-10-24T16:25:53","guid":{"rendered":"https:\/\/labelfree.nl\/product\/st706-miami-crew-neck\/"},"modified":"2026-03-14T08:10:36","modified_gmt":"2026-03-14T07:10:36","slug":"st706-miami-crew-neck","status":"publish","type":"product","link":"https:\/\/labelfree.nl\/de\/produkt\/st706-miami-rundhalsausschnitt\/","title":{"rendered":"Sweatshirt Miami"},"content":{"rendered":"<p><span style=\"color: #333333;\">Moderner Pullover mit Raglan\u00e4rmeln und Rundhalsausschnitt. Unisex. Isoli, 280 g\/m\u00b2. Elegante Optik und optimale Bewegungsfreiheit.<\/span><\/p>\n<p><span style=\"color: #333333;\"><em>F\u00fcr die korrekte Farbdarstellung und -beschreibung klicken Sie auf das betreffende Hemd und anschlie\u00dfend erneut auf die Lupe.<\/em><\/span><\/p>\n<h3><span style=\"color: #5a7699;\"><strong>Sweatshirt Miami Uni<\/strong><\/span><\/h3>\n<p><strong>100% Bio-Baumwolle und Polyester, Isoli 280 g\/m\u00b2<\/strong><\/p>\n<p><img decoding=\"async\" src=\"https:\/\/www.stormtextil.dk\/sites\/default\/files\/inline-images\/OTS100_label_19.HBD__1.jpg\" alt=\"\u00d6ko-Tex-zertifiziert\" \/><\/p>\n<ul>\n<li>Qualit\u00e4t: Schwarz, Marineblau: 651 TP3T Baumwolle \/ 351 TP3T Polyester<\/li>\n<li>Anthrazit, Hellblau, Hellburgunderrot, Hellgr\u00fcn: 601T Baumwolle \/ 401T Polyester<\/li>\n<li>Oxfordgrau: 741 TP3T Baumwolle \/ 111 TP3T Polyester \/ 151 TP3T Viskose<\/li>\n<li>Raglan\u00e4rmel<\/li>\n<li>Isoli-Trikot<\/li>\n<li>Gewicht: 280 g\/m\u00b2<\/li>\n<li>Erh\u00e4ltlich in 8 Farben<\/li>\n<li>Erh\u00e4ltlich in den Gr\u00f6\u00dfen XXS bis 6XL.<\/li>\n<li>Kleines Gr\u00f6\u00dfenetikett im Halsausschnitt<\/li>\n<li>Schachtel: 20 St\u00fcck. Einzelverpackung: 5 St\u00fcck. Auch einzeln erh\u00e4ltlich.<\/li>\n<\/ul>\n<h4><\/h4>\n<h4><span style=\"color: #5a7699;\"><strong>Unisex-Sweater Miami \u2013 modern und bequem zu tragen <\/strong><\/span><\/h4>\n<p>Unser Miami-Sweatshirt ist in Herren-, Damen- und Kindergr\u00f6\u00dfen erh\u00e4ltlich. Es besteht aus einem Baumwoll-Polyester-Gemisch. Mit 280 g\/m\u00b2 ist es robust, atmungsaktiv und \u00e4u\u00dferst bequem. Das Sweatshirt hat einen modernen, jugendlichen Look. Raglan\u00e4rmel sorgen f\u00fcr optimale Bewegungsfreiheit und eine perfekte Passform f\u00fcr jede Figur.<\/p>\n<p>Der Pullover hat einen Rundhalsausschnitt mit Halsb\u00fcndchen. Rundhalsausschnitt, \u00c4rmel und Saum sind mit 2x2-Rippstrickb\u00fcndchen und -saum mit Elastan versehen. Die 2x2-Rippstrickb\u00fcndchen und der Saum mit Doppeln\u00e4hten sorgen f\u00fcr zus\u00e4tzliche Stabilit\u00e4t. Die attraktiven, breiten B\u00fcndchen und der Saum verleihen dem Pullover einen modernen, stilvollen Look.<\/p>\n<h4><span style=\"color: #5a7699;\"><strong>Materialangaben<\/strong><\/span><\/h4>\n<p>Es besteht aus Isoli-Jersey (280 g\/m\u00b2). Isoli-Stoff wird als Single-Jersey gestrickt, wobei w\u00e4hrend der Produktion ein zus\u00e4tzlicher Faden auf der R\u00fcckseite eingearbeitet wird. Diese Seite wird oft angeraut oder angeraut, wodurch die R\u00fcckseite weich und warm wird.<\/p>\n<p>Das Grundmaterial besteht aus 651 % gek\u00e4mmter Baumwolle und 35 % Polyester bzw. 60 % gek\u00e4mmter Baumwolle und 40 % Polyester und bietet ein optimales Verh\u00e4ltnis von Atmungsaktivit\u00e4t und Strapazierf\u00e4higkeit. Es ist ein weicher und dennoch strapazierf\u00e4higer Stoff. Die Farbe Oxford Grey ist eine Mischung aus 74 % Baumwolle, 11 % Polyester und 15 % Viskose, wodurch das Sweatshirt eine etwas andere Optik und Haptik erh\u00e4lt.<\/p>\n<h4><span style=\"color: #5a7699;\"><strong>Druck-, Stick- und Beschriftungsm\u00f6glichkeiten<\/strong><\/span><\/h4>\n<p>M\u00f6chten Sie unbedruckte Kleidung bestellen, mit Ihrem eigenen Design bedrucken lassen oder ben\u00f6tigen Sie selbst aufzubringende Drucke? Bei Labelfree steht Ihnen unser Team bei jedem Schritt zur Seite.<\/p>\n<p>Labelfree bietet verschiedene Druckm\u00f6glichkeiten, darunter Transferdruck, DTF, Siebdruck und Stickerei. Auch eigene Nackendrucke und Etiketten, beispielsweise auf den \u00c4rmel, sind m\u00f6glich.<\/p>\n<p>Ben\u00f6tigen Sie Hilfe bei Ihrem eigenen Design? Unsere Grafikdesigner unterst\u00fctzen Sie gerne. So stellen wir sicher, dass das Endprodukt perfekt auf Ihre Bed\u00fcrfnisse zugeschnitten ist. Sie erhalten immer zun\u00e4chst ein kostenloses, visuelles Angebot. Kontaktieren Sie uns, um die M\u00f6glichkeiten zur Erstellung Ihrer eigenen Kollektion zu erkunden.<\/p>\n<p>&nbsp;<\/p>\n<p>Gr\u00f6\u00dfentabelle<\/p>\n<p><img fetchpriority=\"high\" decoding=\"async\" class=\"\" src=\"https:\/\/www.stormtextil.dk\/sites\/default\/files\/size-charts\/000706_Miami_Crew_neck.png\" width=\"593\" height=\"96\" \/><\/p>\n<p>&nbsp;<\/p>\n<p>Pflegeanleitung<\/p>\n<p><img decoding=\"async\" class=\"\" src=\"https:\/\/www.stormtextil.dk\/sites\/default\/files\/2018-04\/Storm_washing_instructions_40_91.gif\" width=\"166\" height=\"25\" \/><\/p>","protected":false},"excerpt":{"rendered":"<p>Moderne sweater met raglanmouw en crewneck. Unisex. Isoli, 280 g\/m\u00b2. Strakke look en optimale bewegingsvrijheid voor de juiste kleur weergave- en omschrijving klikt u op het betreffende shirt en nogmaals op het vergrootglas sweatshirt miami uni 100% Biologisch katoen en polyester, Isoli 280 g\/m\u00b2 Kwaliteit: Black, Blue navy: 65% katoen \/ 35%\u00a0 polyester Antraciet, Heather [&hellip;]<\/p>\n","protected":false},"featured_media":54137,"template":"","meta":{"_acf_changed":false},"product_brand":[],"product_cat":[109,424,108],"product_tag":[],"class_list":{"0":"post-42019","1":"product","2":"type-product","3":"status-publish","4":"has-post-thumbnail","6":"product_cat-crew-neck","7":"product_cat-sweaters","8":"product_cat-sweatshirts","9":"pa_size-2xl","10":"pa_size-3xl","11":"pa_size-4xl","12":"pa_size-5xl","13":"pa_size-6xl","14":"pa_size-l","15":"pa_size-m","16":"pa_size-s","17":"pa_size-xl","18":"pa_size-xs","19":"pa_size-xxs","21":"first","22":"instock","23":"taxable","24":"shipping-taxable","25":"purchasable","26":"product-type-variable"},"acf":[],"yoast_head":"<!-- This site is optimized with the Yoast SEO plugin v27.4 - https:\/\/yoast.com\/product\/yoast-seo-wordpress\/ -->\n<title>Sweatshirt Miami - Labelfree<\/title>\n<meta name=\"robots\" content=\"index, follow, max-snippet:-1, max-image-preview:large, max-video-preview:-1\" \/>\n<link rel=\"canonical\" href=\"https:\/\/labelfree.nl\/de\/produkt\/st706-miami-rundhalsausschnitt\/\" \/>\n<meta property=\"og:locale\" content=\"de_DE\" \/>\n<meta property=\"og:type\" content=\"article\" \/>\n<meta property=\"og:title\" content=\"Sweatshirt Miami - Labelfree\" \/>\n<meta property=\"og:description\" content=\"Moderne sweater met raglanmouw en crewneck. Unisex. Isoli, 280 g\/m\u00b2. Strakke look en optimale bewegingsvrijheid voor de juiste kleur weergave- en omschrijving klikt u op het betreffende shirt en nogmaals op het vergrootglas sweatshirt miami uni 100% Biologisch katoen en polyester, Isoli 280 g\/m\u00b2 Kwaliteit: Black, Blue navy: 65% katoen \/ 35%\u00a0 polyester Antraciet, Heather [&hellip;]\" \/>\n<meta property=\"og:url\" content=\"https:\/\/labelfree.nl\/de\/produkt\/st706-miami-rundhalsausschnitt\/\" \/>\n<meta property=\"og:site_name\" content=\"Labelfree\" \/>\n<meta property=\"article:modified_time\" content=\"2026-03-14T07:10:36+00:00\" \/>\n<meta property=\"og:image\" content=\"https:\/\/labelfree.nl\/wp-content\/uploads\/2024\/10\/000706_Miami_Crew_Neck_01-1.jpg\" \/>\n\t<meta property=\"og:image:width\" content=\"1280\" \/>\n\t<meta property=\"og:image:height\" content=\"1920\" \/>\n\t<meta property=\"og:image:type\" content=\"image\/jpeg\" \/>\n<meta name=\"twitter:card\" content=\"summary_large_image\" \/>\n<meta name=\"twitter:label1\" content=\"Gesch\u00e4tzte Lesezeit\" \/>\n\t<meta name=\"twitter:data1\" content=\"4\u00a0Minuten\" \/>\n<script type=\"application\/ld+json\" class=\"yoast-schema-graph\">{\"@context\":\"https:\\\/\\\/schema.org\",\"@graph\":[{\"@type\":\"WebPage\",\"@id\":\"https:\\\/\\\/labelfree.nl\\\/product\\\/st706-miami-crew-neck\\\/\",\"url\":\"https:\\\/\\\/labelfree.nl\\\/product\\\/st706-miami-crew-neck\\\/\",\"name\":\"Sweatshirt Miami - Labelfree\",\"isPartOf\":{\"@id\":\"https:\\\/\\\/labelfree.nl\\\/#website\"},\"primaryImageOfPage\":{\"@id\":\"https:\\\/\\\/labelfree.nl\\\/product\\\/st706-miami-crew-neck\\\/#primaryimage\"},\"image\":{\"@id\":\"https:\\\/\\\/labelfree.nl\\\/product\\\/st706-miami-crew-neck\\\/#primaryimage\"},\"thumbnailUrl\":\"https:\\\/\\\/labelfree.nl\\\/wp-content\\\/uploads\\\/2024\\\/10\\\/000706_Miami_Crew_Neck_01-1.jpg\",\"datePublished\":\"2024-10-24T16:25:53+00:00\",\"dateModified\":\"2026-03-14T07:10:36+00:00\",\"breadcrumb\":{\"@id\":\"https:\\\/\\\/labelfree.nl\\\/product\\\/st706-miami-crew-neck\\\/#breadcrumb\"},\"inLanguage\":\"de\",\"potentialAction\":[{\"@type\":\"ReadAction\",\"target\":[\"https:\\\/\\\/labelfree.nl\\\/product\\\/st706-miami-crew-neck\\\/\"]}]},{\"@type\":\"ImageObject\",\"inLanguage\":\"de\",\"@id\":\"https:\\\/\\\/labelfree.nl\\\/product\\\/st706-miami-crew-neck\\\/#primaryimage\",\"url\":\"https:\\\/\\\/labelfree.nl\\\/wp-content\\\/uploads\\\/2024\\\/10\\\/000706_Miami_Crew_Neck_01-1.jpg\",\"contentUrl\":\"https:\\\/\\\/labelfree.nl\\\/wp-content\\\/uploads\\\/2024\\\/10\\\/000706_Miami_Crew_Neck_01-1.jpg\",\"width\":1280,\"height\":1920},{\"@type\":\"BreadcrumbList\",\"@id\":\"https:\\\/\\\/labelfree.nl\\\/product\\\/st706-miami-crew-neck\\\/#breadcrumb\",\"itemListElement\":[{\"@type\":\"ListItem\",\"position\":1,\"name\":\"Home\",\"item\":\"https:\\\/\\\/labelfree.nl\\\/\"},{\"@type\":\"ListItem\",\"position\":2,\"name\":\"Webshop\",\"item\":\"https:\\\/\\\/labelfree.nl\\\/webshop\\\/\"},{\"@type\":\"ListItem\",\"position\":3,\"name\":\"Sweatshirt Miami\"}]},{\"@type\":\"WebSite\",\"@id\":\"https:\\\/\\\/labelfree.nl\\\/#website\",\"url\":\"https:\\\/\\\/labelfree.nl\\\/\",\"name\":\"Labelfree\",\"description\":\"Brandless quality\",\"potentialAction\":[{\"@type\":\"SearchAction\",\"target\":{\"@type\":\"EntryPoint\",\"urlTemplate\":\"https:\\\/\\\/labelfree.nl\\\/?s={search_term_string}\"},\"query-input\":{\"@type\":\"PropertyValueSpecification\",\"valueRequired\":true,\"valueName\":\"search_term_string\"}}],\"inLanguage\":\"de\"}]}<\/script>\n<!-- \/ Yoast SEO plugin. -->","yoast_head_json":{"title":"Sweatshirt Miami - Labelfrei","robots":{"index":"index","follow":"follow","max-snippet":"max-snippet:-1","max-image-preview":"max-image-preview:large","max-video-preview":"max-video-preview:-1"},"canonical":"https:\/\/labelfree.nl\/de\/produkt\/st706-miami-rundhalsausschnitt\/","og_locale":"de_DE","og_type":"article","og_title":"Sweatshirt Miami - Labelfree","og_description":"Moderne sweater met raglanmouw en crewneck. Unisex. Isoli, 280 g\/m\u00b2. Strakke look en optimale bewegingsvrijheid voor de juiste kleur weergave- en omschrijving klikt u op het betreffende shirt en nogmaals op het vergrootglas sweatshirt miami uni 100% Biologisch katoen en polyester, Isoli 280 g\/m\u00b2 Kwaliteit: Black, Blue navy: 65% katoen \/ 35%\u00a0 polyester Antraciet, Heather [&hellip;]","og_url":"https:\/\/labelfree.nl\/de\/produkt\/st706-miami-rundhalsausschnitt\/","og_site_name":"Labelfree","article_modified_time":"2026-03-14T07:10:36+00:00","og_image":[{"width":1280,"height":1920,"url":"https:\/\/labelfree.nl\/wp-content\/uploads\/2024\/10\/000706_Miami_Crew_Neck_01-1.jpg","type":"image\/jpeg"}],"twitter_card":"summary_large_image","twitter_misc":{"Gesch\u00e4tzte Lesezeit":"4\u00a0Minuten"},"schema":{"@context":"https:\/\/schema.org","@graph":[{"@type":"WebPage","@id":"https:\/\/labelfree.nl\/product\/st706-miami-crew-neck\/","url":"https:\/\/labelfree.nl\/product\/st706-miami-crew-neck\/","name":"Sweatshirt Miami - Labelfrei","isPartOf":{"@id":"https:\/\/labelfree.nl\/#website"},"primaryImageOfPage":{"@id":"https:\/\/labelfree.nl\/product\/st706-miami-crew-neck\/#primaryimage"},"image":{"@id":"https:\/\/labelfree.nl\/product\/st706-miami-crew-neck\/#primaryimage"},"thumbnailUrl":"https:\/\/labelfree.nl\/wp-content\/uploads\/2024\/10\/000706_Miami_Crew_Neck_01-1.jpg","datePublished":"2024-10-24T16:25:53+00:00","dateModified":"2026-03-14T07:10:36+00:00","breadcrumb":{"@id":"https:\/\/labelfree.nl\/product\/st706-miami-crew-neck\/#breadcrumb"},"inLanguage":"de","potentialAction":[{"@type":"ReadAction","target":["https:\/\/labelfree.nl\/product\/st706-miami-crew-neck\/"]}]},{"@type":"ImageObject","inLanguage":"de","@id":"https:\/\/labelfree.nl\/product\/st706-miami-crew-neck\/#primaryimage","url":"https:\/\/labelfree.nl\/wp-content\/uploads\/2024\/10\/000706_Miami_Crew_Neck_01-1.jpg","contentUrl":"https:\/\/labelfree.nl\/wp-content\/uploads\/2024\/10\/000706_Miami_Crew_Neck_01-1.jpg","width":1280,"height":1920},{"@type":"BreadcrumbList","@id":"https:\/\/labelfree.nl\/product\/st706-miami-crew-neck\/#breadcrumb","itemListElement":[{"@type":"ListItem","position":1,"name":"Home","item":"https:\/\/labelfree.nl\/"},{"@type":"ListItem","position":2,"name":"Webshop","item":"https:\/\/labelfree.nl\/webshop\/"},{"@type":"ListItem","position":3,"name":"Sweatshirt Miami"}]},{"@type":"WebSite","@id":"https:\/\/labelfree.nl\/#website","url":"https:\/\/labelfree.nl\/","name":"Etikettenfrei","description":"Markenlose Qualit\u00e4t","potentialAction":[{"@type":"SearchAction","target":{"@type":"EntryPoint","urlTemplate":"https:\/\/labelfree.nl\/?s={search_term_string}"},"query-input":{"@type":"PropertyValueSpecification","valueRequired":true,"valueName":"search_term_string"}}],"inLanguage":"de"}]}},"jetpack_sharing_enabled":true,"_links":{"self":[{"href":"https:\/\/labelfree.nl\/de\/wp-json\/wp\/v2\/product\/42019","targetHints":{"allow":["GET"]}}],"collection":[{"href":"https:\/\/labelfree.nl\/de\/wp-json\/wp\/v2\/product"}],"about":[{"href":"https:\/\/labelfree.nl\/de\/wp-json\/wp\/v2\/types\/product"}],"wp:featuredmedia":[{"embeddable":true,"href":"https:\/\/labelfree.nl\/de\/wp-json\/wp\/v2\/media\/54137"}],"wp:attachment":[{"href":"https:\/\/labelfree.nl\/de\/wp-json\/wp\/v2\/media?parent=42019"}],"wp:term":[{"taxonomy":"product_brand","embeddable":true,"href":"https:\/\/labelfree.nl\/de\/wp-json\/wp\/v2\/product_brand?post=42019"},{"taxonomy":"product_cat","embeddable":true,"href":"https:\/\/labelfree.nl\/de\/wp-json\/wp\/v2\/product_cat?post=42019"},{"taxonomy":"product_tag","embeddable":true,"href":"https:\/\/labelfree.nl\/de\/wp-json\/wp\/v2\/product_tag?post=42019"}],"curies":[{"name":"wp","href":"https:\/\/api.w.org\/{rel}","templated":true}]}}