{"id":42133,"date":"2024-10-24T18:27:08","date_gmt":"2024-10-24T16:27:08","guid":{"rendered":"https:\/\/labelfree.nl\/product\/st213-lady-shape-tee\/"},"modified":"2026-04-19T02:04:36","modified_gmt":"2026-04-19T00:04:36","slug":"dames-tshirt-fitted-pasvorm-170gm%c2%b2-biologisch-katoen-elastaan-b2b-bedrukken-labelfree","status":"publish","type":"product","link":"https:\/\/labelfree.nl\/de\/produkt\/st213-t-shirt-in-damenform\/","title":{"rendered":"Wei\u00dfes Damen-T-Shirt, Stretchmaterial, 170 g\/m\u00b2 Baumwolle und Elastan"},"content":{"rendered":"<p><span style=\"color: #333333;\">Dieses Shirt hat eine schmeichelhafte, feminine Passform und einen modernen Ausschnitt. Das weiche Stretchmaterial ist atmungsaktiv und strapazierf\u00e4hig. Single Jersey, 170 g\/m\u00b2<\/span><\/p>\n<p><span style=\"color: #333333;\"><em>F\u00fcr die korrekte Preis- und Farbdarstellung klicken Sie bitte auf die Farbe und Gr\u00f6\u00dfe (nur im eingeloggten Zustand).<\/em><\/span><\/p>\n<p>&nbsp;<\/p>\n<h3><span style=\"color: #5a7699;\"><strong>Stretch-T-Shirt f\u00fcr Damen<\/strong><\/span><\/h3>\n<p><strong>100% Bio-Baumwolle. Single-Jersey, 170 g\/m\u00b2<\/strong><\/p>\n<p><img decoding=\"async\" class=\"alignnone size-full wp-image-66720\" src=\"https:\/\/labelfree.nl\/wp-content\/uploads\/2024\/10\/GOTS_2.jpg\" alt=\"\" width=\"155\" height=\"93\" srcset=\"https:\/\/labelfree.nl\/wp-content\/uploads\/2024\/10\/GOTS_2.jpg 155w, https:\/\/labelfree.nl\/wp-content\/uploads\/2024\/10\/GOTS_2-18x12.jpg 18w\" sizes=\"(max-width: 155px) 100vw, 155px\" \/><\/p>\n<ul>\n<li>Qualit\u00e4t: Grundfarbe: 92% Bio-Baumwolle gek\u00e4mmt \/ 8% Elasthan<\/li>\n<li>Oxfordgrau, 771 TP3T Bio-Baumwolle (gek\u00e4mmt), 151 TP3T Viskose, 81 TP3T Elastan<\/li>\n<li>Anthrazit 57% Bio-Baumwolle (gek\u00e4mmt) \/ 35% Polyester \/ 8% Elastan<\/li>\n<li>Heather Black 72% Bio-Baumwolle (gek\u00e4mmt) \/ 20% Polyester \/ 8% Elastan<\/li>\n<li>Single-Jersey<\/li>\n<li>Gewicht: 170 g\/m\u00b2<\/li>\n<li>Figurbetont und dehnbar<\/li>\n<li>Erh\u00e4ltlich in 6 Farben<\/li>\n<li>Erh\u00e4ltlich von Gr\u00f6\u00dfe XS bis 2XL<\/li>\n<li>Markenlos, kleines Gr\u00f6\u00dfenetikett im Halsausschnitt<\/li>\n<li>Geeignet f\u00fcr Siebdruck, Transferdruck, DTG-Druck und Stickerei<\/li>\n<li>Karton: 50 St\u00fcck. Verpackung: 10 St\u00fcck. Auch einzeln erh\u00e4ltlich.<\/li>\n<\/ul>\n<p>&nbsp;<\/p>\n<h4><span style=\"color: #5a6799;\"><strong>Stretch-T-Shirt f\u00fcr Damen \u2013 schmeichelhaft und von hoher Qualit\u00e4t<\/strong><\/span><\/h4>\n<p>Dieses T-Shirt besticht durch seine elegante, feminine Passform dank des wundersch\u00f6nen Stretchmaterials. Es hat einen sch\u00f6nen, tiefen Ausschnitt und elegant anliegende \u00c4rmel. Dezente Rippb\u00fcndchen an Hals und Saum runden das Design ab.<\/p>\n<p>Das weiche, atmungsaktive Stretchmaterial sorgt f\u00fcr angenehmen Tragekomfort. Die gek\u00e4mmte Baumwolle f\u00fchlt sich angenehm weich an. Dank der elastischen Eigenschaften des Elastananteils und der Seitenn\u00e4hte beh\u00e4lt das Shirt auch nach vielen W\u00e4schen seine Form. Der hochwertige Stoff ist nicht nur bequem, sondern tr\u00e4gt auch zu einer perfekten Passform bei, die die weibliche Figur optimal betont.<\/p>\n<h4><span style=\"color: #5a6799;\"><strong>Materialangaben<\/strong><\/span><\/h4>\n<p>Qualit\u00e4t: 921 % gek\u00e4mmte Bio-Baumwolle (3 % T\/m\u00b2) und 81 % Elastan (3 % T\/m\u00b2). Unsere Baumwolle wird umweltfreundlich und ohne sch\u00e4dliche Chemikalien unter verantwortungsvollen Bedingungen hergestellt.<\/p>\n<p>Die Materialzusammensetzung kann je nach Farbe variieren: Oxford Grey: 771T gek\u00e4mmte Baumwolle \/ 151T Viskose \/ 81T Elastan. Anthrazit: 571T gek\u00e4mmte Baumwolle \/ 351T Polyester \/ 81T Elastan. Heather Black: 721T gek\u00e4mmte Baumwolle \/ 201T Polyester \/ 81T Elastan.<\/p>\n<p>Das Single-Jersey-Shirt (170 g\/m\u00b2) ist ein mittelschweres Jersey-Material. Die gek\u00e4mmte Baumwolle sorgt f\u00fcr ein besonders weiches Tragegef\u00fchl. Die hochwertigen Materialien garantieren optimalen Tragekomfort und Langlebigkeit.<\/p>\n<h4><span style=\"color: #5a6799;\"><strong>Druck-, Stick- und Beschriftungsm\u00f6glichkeiten<\/strong><\/span><\/h4>\n<p>Unser gesamtes Sortiment eignet sich f\u00fcr B2B, Merchandising und Private Label. Sie m\u00f6chten unbedruckte Kleidung bestellen, diese mit Ihrem eigenen Design bedrucken lassen oder ben\u00f6tigen Druckvorlagen zum Selbstaufbringen? Das Team von Labelfree unterst\u00fctzt Sie dabei in jedem Schritt.<\/p>\n<p>Labelfree bietet eine Vielzahl professioneller Druckoptionen, darunter Transferdruck, DTF-Druck, Siebdruck und Stickerei. Sie k\u00f6nnen beispielsweise auch Ihre eigenen Nackenaufdrucke und Etiketten auf den \u00c4rmel drucken lassen.<\/p>\n<p>Ben\u00f6tigen Sie Hilfe bei Ihrem eigenen Design? Unsere Grafikdesigner unterst\u00fctzen Sie gerne. So stellen wir sicher, dass das Endprodukt perfekt auf Ihre Bed\u00fcrfnisse zugeschnitten ist. Sie erhalten immer zun\u00e4chst ein kostenloses, visuelles Angebot. Kontaktieren Sie uns, um die M\u00f6glichkeiten zur Erstellung Ihrer eigenen Kollektion zu erkunden.<\/p>\n<p>&nbsp;<\/p>\n<p>Gr\u00f6\u00dfentabelle<\/p>\n<p><img decoding=\"async\" class=\"alignnone wp-image-55442\" src=\"https:\/\/labelfree.nl\/wp-content\/uploads\/2024\/10\/Tshirt-Shape-dames-300x43.jpg\" alt=\"\" width=\"530\" height=\"76\" srcset=\"https:\/\/labelfree.nl\/wp-content\/uploads\/2024\/10\/Tshirt-Shape-dames-300x43.jpg 300w, https:\/\/labelfree.nl\/wp-content\/uploads\/2024\/10\/Tshirt-Shape-dames-768x109.jpg 768w, https:\/\/labelfree.nl\/wp-content\/uploads\/2024\/10\/Tshirt-Shape-dames-18x3.jpg 18w, https:\/\/labelfree.nl\/wp-content\/uploads\/2024\/10\/Tshirt-Shape-dames-600x85.jpg 600w, https:\/\/labelfree.nl\/wp-content\/uploads\/2024\/10\/Tshirt-Shape-dames.jpg 830w\" sizes=\"(max-width: 530px) 100vw, 530px\" \/><\/p>\n<p>Pflegeanleitung<\/p>\n<p><img decoding=\"async\" class=\"alignnone wp-image-66721\" src=\"https:\/\/labelfree.nl\/wp-content\/uploads\/2024\/10\/Storm_washing_instructions_40_0-13.gif\" alt=\"\" width=\"166\" height=\"25\" \/><\/p>","protected":false},"excerpt":{"rendered":"<p>Dit shirt heeft een flatterende vrouwelijke pasvorm en een moderne halslijn. De zachte stretch stof is ademend en duurzaam. Single jersey 170 g\/m\u00b2 voor de juiste prijs en kleurweergave klikt u (ingelogd) op de kleur en maat &nbsp; t-shirt stretch dames 100% Biologisch katoen. Single jersey, 170 g\/m\u00b2 Kwaliteit: basiskleur: 92% biologisch gekamd katoen \/ [&hellip;]<\/p>\n","protected":false},"featured_media":54192,"template":"","meta":{"_acf_changed":false},"product_brand":[],"product_cat":[92,19,46],"product_tag":[],"class_list":{"0":"post-42133","1":"product","2":"type-product","3":"status-publish","4":"has-post-thumbnail","6":"product_cat-lady-t-shirts","7":"product_cat-t-shirts","8":"product_cat-t-shirts-crew-neck","9":"pa_size-2xl","10":"pa_size-l","11":"pa_size-m","12":"pa_size-s","13":"pa_size-xl","14":"pa_size-xs","15":"pa_size-xxl","17":"first","18":"instock","19":"taxable","20":"shipping-taxable","21":"purchasable","22":"product-type-variable"},"acf":[],"yoast_head":"<!-- This site is optimized with the Yoast SEO plugin v27.4 - https:\/\/yoast.com\/product\/yoast-seo-wordpress\/ -->\n<title>blanco dames t-shirt stretch stof 170 g\/m\u00b2 katoen en elastaan - Labelfree<\/title>\n<meta name=\"description\" content=\"Vrouwelijk stretchy dames t-shirt met elegante halslijn. Biologisch katoen en elastaan, 170 g\/m\u00b2. Geschikt voor groothandel, prints en ontwerphulp Labelfree\" \/>\n<meta name=\"robots\" content=\"index, follow, max-snippet:-1, max-image-preview:large, max-video-preview:-1\" \/>\n<link rel=\"canonical\" href=\"https:\/\/labelfree.nl\/de\/produkt\/st213-t-shirt-in-damenform\/\" \/>\n<meta property=\"og:locale\" content=\"de_DE\" \/>\n<meta property=\"og:type\" content=\"article\" \/>\n<meta property=\"og:title\" content=\"blanco dames t-shirt stretch stof 170 g\/m\u00b2 katoen en elastaan - Labelfree\" \/>\n<meta property=\"og:description\" content=\"Vrouwelijk stretchy dames t-shirt met elegante halslijn. Biologisch katoen en elastaan, 170 g\/m\u00b2. Geschikt voor groothandel, prints en ontwerphulp Labelfree\" \/>\n<meta property=\"og:url\" content=\"https:\/\/labelfree.nl\/de\/produkt\/st213-t-shirt-in-damenform\/\" \/>\n<meta property=\"og:site_name\" content=\"Labelfree\" \/>\n<meta property=\"article:modified_time\" content=\"2026-04-19T00:04:36+00:00\" \/>\n<meta property=\"og:image\" content=\"https:\/\/labelfree.nl\/wp-content\/uploads\/2024\/10\/000213_Lady_Shape_Tee_01-2.jpg\" \/>\n\t<meta property=\"og:image:width\" content=\"1280\" \/>\n\t<meta property=\"og:image:height\" content=\"1920\" \/>\n\t<meta property=\"og:image:type\" content=\"image\/jpeg\" \/>\n<meta name=\"twitter:card\" content=\"summary_large_image\" \/>\n<meta name=\"twitter:label1\" content=\"Gesch\u00e4tzte Lesezeit\" \/>\n\t<meta name=\"twitter:data1\" content=\"4\u00a0Minuten\" \/>\n<script type=\"application\/ld+json\" class=\"yoast-schema-graph\">{\"@context\":\"https:\\\/\\\/schema.org\",\"@graph\":[{\"@type\":\"WebPage\",\"@id\":\"https:\\\/\\\/labelfree.nl\\\/product\\\/dames-tshirt-fitted-pasvorm-170gm%c2%b2-biologisch-katoen-elastaan-b2b-bedrukken-labelfree\\\/\",\"url\":\"https:\\\/\\\/labelfree.nl\\\/product\\\/dames-tshirt-fitted-pasvorm-170gm%c2%b2-biologisch-katoen-elastaan-b2b-bedrukken-labelfree\\\/\",\"name\":\"blanco dames t-shirt stretch stof 170 g\\\/m\u00b2 katoen en elastaan - Labelfree\",\"isPartOf\":{\"@id\":\"https:\\\/\\\/labelfree.nl\\\/#website\"},\"primaryImageOfPage\":{\"@id\":\"https:\\\/\\\/labelfree.nl\\\/product\\\/dames-tshirt-fitted-pasvorm-170gm%c2%b2-biologisch-katoen-elastaan-b2b-bedrukken-labelfree\\\/#primaryimage\"},\"image\":{\"@id\":\"https:\\\/\\\/labelfree.nl\\\/product\\\/dames-tshirt-fitted-pasvorm-170gm%c2%b2-biologisch-katoen-elastaan-b2b-bedrukken-labelfree\\\/#primaryimage\"},\"thumbnailUrl\":\"https:\\\/\\\/labelfree.nl\\\/wp-content\\\/uploads\\\/2024\\\/10\\\/000213_Lady_Shape_Tee_01-2.jpg\",\"datePublished\":\"2024-10-24T16:27:08+00:00\",\"dateModified\":\"2026-04-19T00:04:36+00:00\",\"description\":\"Vrouwelijk stretchy dames t-shirt met elegante halslijn. Biologisch katoen en elastaan, 170 g\\\/m\u00b2. Geschikt voor groothandel, prints en ontwerphulp Labelfree\",\"breadcrumb\":{\"@id\":\"https:\\\/\\\/labelfree.nl\\\/product\\\/dames-tshirt-fitted-pasvorm-170gm%c2%b2-biologisch-katoen-elastaan-b2b-bedrukken-labelfree\\\/#breadcrumb\"},\"inLanguage\":\"de\",\"potentialAction\":[{\"@type\":\"ReadAction\",\"target\":[\"https:\\\/\\\/labelfree.nl\\\/product\\\/dames-tshirt-fitted-pasvorm-170gm%c2%b2-biologisch-katoen-elastaan-b2b-bedrukken-labelfree\\\/\"]}]},{\"@type\":\"ImageObject\",\"inLanguage\":\"de\",\"@id\":\"https:\\\/\\\/labelfree.nl\\\/product\\\/dames-tshirt-fitted-pasvorm-170gm%c2%b2-biologisch-katoen-elastaan-b2b-bedrukken-labelfree\\\/#primaryimage\",\"url\":\"https:\\\/\\\/labelfree.nl\\\/wp-content\\\/uploads\\\/2024\\\/10\\\/000213_Lady_Shape_Tee_01-2.jpg\",\"contentUrl\":\"https:\\\/\\\/labelfree.nl\\\/wp-content\\\/uploads\\\/2024\\\/10\\\/000213_Lady_Shape_Tee_01-2.jpg\",\"width\":1280,\"height\":1920},{\"@type\":\"BreadcrumbList\",\"@id\":\"https:\\\/\\\/labelfree.nl\\\/product\\\/dames-tshirt-fitted-pasvorm-170gm%c2%b2-biologisch-katoen-elastaan-b2b-bedrukken-labelfree\\\/#breadcrumb\",\"itemListElement\":[{\"@type\":\"ListItem\",\"position\":1,\"name\":\"Home\",\"item\":\"https:\\\/\\\/labelfree.nl\\\/\"},{\"@type\":\"ListItem\",\"position\":2,\"name\":\"Webshop\",\"item\":\"https:\\\/\\\/labelfree.nl\\\/webshop\\\/\"},{\"@type\":\"ListItem\",\"position\":3,\"name\":\"blanco dames t-shirt stretch stof 170 g\\\/m\u00b2 katoen en elastaan\"}]},{\"@type\":\"WebSite\",\"@id\":\"https:\\\/\\\/labelfree.nl\\\/#website\",\"url\":\"https:\\\/\\\/labelfree.nl\\\/\",\"name\":\"Labelfree\",\"description\":\"Brandless quality\",\"potentialAction\":[{\"@type\":\"SearchAction\",\"target\":{\"@type\":\"EntryPoint\",\"urlTemplate\":\"https:\\\/\\\/labelfree.nl\\\/?s={search_term_string}\"},\"query-input\":{\"@type\":\"PropertyValueSpecification\",\"valueRequired\":true,\"valueName\":\"search_term_string\"}}],\"inLanguage\":\"de\"}]}<\/script>\n<!-- \/ Yoast SEO plugin. -->","yoast_head_json":{"title":"Blanko-Damen-T-Shirt aus Stretchmaterial (170 g\/m\u00b2 Baumwolle und Elastan) \u2013 ohne Etikett","description":"Feminines, dehnbares Damen-T-Shirt mit elegantem Ausschnitt. Bio-Baumwolle und Elastan, 170 g\/m\u00b2. Geeignet f\u00fcr Gro\u00dfhandel, Druck und Designunterst\u00fctzung. Ohne Etikett.","robots":{"index":"index","follow":"follow","max-snippet":"max-snippet:-1","max-image-preview":"max-image-preview:large","max-video-preview":"max-video-preview:-1"},"canonical":"https:\/\/labelfree.nl\/de\/produkt\/st213-t-shirt-in-damenform\/","og_locale":"de_DE","og_type":"article","og_title":"blanco dames t-shirt stretch stof 170 g\/m\u00b2 katoen en elastaan - Labelfree","og_description":"Vrouwelijk stretchy dames t-shirt met elegante halslijn. Biologisch katoen en elastaan, 170 g\/m\u00b2. Geschikt voor groothandel, prints en ontwerphulp Labelfree","og_url":"https:\/\/labelfree.nl\/de\/produkt\/st213-t-shirt-in-damenform\/","og_site_name":"Labelfree","article_modified_time":"2026-04-19T00:04:36+00:00","og_image":[{"width":1280,"height":1920,"url":"https:\/\/labelfree.nl\/wp-content\/uploads\/2024\/10\/000213_Lady_Shape_Tee_01-2.jpg","type":"image\/jpeg"}],"twitter_card":"summary_large_image","twitter_misc":{"Gesch\u00e4tzte Lesezeit":"4\u00a0Minuten"},"schema":{"@context":"https:\/\/schema.org","@graph":[{"@type":"WebPage","@id":"https:\/\/labelfree.nl\/product\/dames-tshirt-fitted-pasvorm-170gm%c2%b2-biologisch-katoen-elastaan-b2b-bedrukken-labelfree\/","url":"https:\/\/labelfree.nl\/product\/dames-tshirt-fitted-pasvorm-170gm%c2%b2-biologisch-katoen-elastaan-b2b-bedrukken-labelfree\/","name":"Blanko-Damen-T-Shirt aus Stretchmaterial (170 g\/m\u00b2 Baumwolle und Elastan) \u2013 ohne Etikett","isPartOf":{"@id":"https:\/\/labelfree.nl\/#website"},"primaryImageOfPage":{"@id":"https:\/\/labelfree.nl\/product\/dames-tshirt-fitted-pasvorm-170gm%c2%b2-biologisch-katoen-elastaan-b2b-bedrukken-labelfree\/#primaryimage"},"image":{"@id":"https:\/\/labelfree.nl\/product\/dames-tshirt-fitted-pasvorm-170gm%c2%b2-biologisch-katoen-elastaan-b2b-bedrukken-labelfree\/#primaryimage"},"thumbnailUrl":"https:\/\/labelfree.nl\/wp-content\/uploads\/2024\/10\/000213_Lady_Shape_Tee_01-2.jpg","datePublished":"2024-10-24T16:27:08+00:00","dateModified":"2026-04-19T00:04:36+00:00","description":"Feminines, dehnbares Damen-T-Shirt mit elegantem Ausschnitt. Bio-Baumwolle und Elastan, 170 g\/m\u00b2. Geeignet f\u00fcr Gro\u00dfhandel, Druck und Designunterst\u00fctzung. Ohne Etikett.","breadcrumb":{"@id":"https:\/\/labelfree.nl\/product\/dames-tshirt-fitted-pasvorm-170gm%c2%b2-biologisch-katoen-elastaan-b2b-bedrukken-labelfree\/#breadcrumb"},"inLanguage":"de","potentialAction":[{"@type":"ReadAction","target":["https:\/\/labelfree.nl\/product\/dames-tshirt-fitted-pasvorm-170gm%c2%b2-biologisch-katoen-elastaan-b2b-bedrukken-labelfree\/"]}]},{"@type":"ImageObject","inLanguage":"de","@id":"https:\/\/labelfree.nl\/product\/dames-tshirt-fitted-pasvorm-170gm%c2%b2-biologisch-katoen-elastaan-b2b-bedrukken-labelfree\/#primaryimage","url":"https:\/\/labelfree.nl\/wp-content\/uploads\/2024\/10\/000213_Lady_Shape_Tee_01-2.jpg","contentUrl":"https:\/\/labelfree.nl\/wp-content\/uploads\/2024\/10\/000213_Lady_Shape_Tee_01-2.jpg","width":1280,"height":1920},{"@type":"BreadcrumbList","@id":"https:\/\/labelfree.nl\/product\/dames-tshirt-fitted-pasvorm-170gm%c2%b2-biologisch-katoen-elastaan-b2b-bedrukken-labelfree\/#breadcrumb","itemListElement":[{"@type":"ListItem","position":1,"name":"Home","item":"https:\/\/labelfree.nl\/"},{"@type":"ListItem","position":2,"name":"Webshop","item":"https:\/\/labelfree.nl\/webshop\/"},{"@type":"ListItem","position":3,"name":"blanco dames t-shirt stretch stof 170 g\/m\u00b2 katoen en elastaan"}]},{"@type":"WebSite","@id":"https:\/\/labelfree.nl\/#website","url":"https:\/\/labelfree.nl\/","name":"Etikettenfrei","description":"Markenlose Qualit\u00e4t","potentialAction":[{"@type":"SearchAction","target":{"@type":"EntryPoint","urlTemplate":"https:\/\/labelfree.nl\/?s={search_term_string}"},"query-input":{"@type":"PropertyValueSpecification","valueRequired":true,"valueName":"search_term_string"}}],"inLanguage":"de"}]}},"jetpack_sharing_enabled":true,"_links":{"self":[{"href":"https:\/\/labelfree.nl\/de\/wp-json\/wp\/v2\/product\/42133","targetHints":{"allow":["GET"]}}],"collection":[{"href":"https:\/\/labelfree.nl\/de\/wp-json\/wp\/v2\/product"}],"about":[{"href":"https:\/\/labelfree.nl\/de\/wp-json\/wp\/v2\/types\/product"}],"wp:featuredmedia":[{"embeddable":true,"href":"https:\/\/labelfree.nl\/de\/wp-json\/wp\/v2\/media\/54192"}],"wp:attachment":[{"href":"https:\/\/labelfree.nl\/de\/wp-json\/wp\/v2\/media?parent=42133"}],"wp:term":[{"taxonomy":"product_brand","embeddable":true,"href":"https:\/\/labelfree.nl\/de\/wp-json\/wp\/v2\/product_brand?post=42133"},{"taxonomy":"product_cat","embeddable":true,"href":"https:\/\/labelfree.nl\/de\/wp-json\/wp\/v2\/product_cat?post=42133"},{"taxonomy":"product_tag","embeddable":true,"href":"https:\/\/labelfree.nl\/de\/wp-json\/wp\/v2\/product_tag?post=42133"}],"curies":[{"name":"wp","href":"https:\/\/api.w.org\/{rel}","templated":true}]}}