{"id":42212,"date":"2024-10-24T18:28:03","date_gmt":"2024-10-24T16:28:03","guid":{"rendered":"https:\/\/labelfree.nl\/product\/st200-lady-cam\/"},"modified":"2026-05-11T02:49:17","modified_gmt":"2026-05-11T00:49:17","slug":"kinder-dames-tshirt-lichtgewicht-organic-cotton-145gm%c2%b2-zacht-soepel-ademend-katoenen-bedrukken","status":"publish","type":"product","link":"https:\/\/labelfree.nl\/de\/produkt\/st200-lady-cam\/","title":{"rendered":"Unbedrucktes Damen- und Kinder-T-Shirt \u2013 Bio-Baumwolle (145 g\/m\u00b2)"},"content":{"rendered":"<p><span style=\"color: #333333;\">Dieses Baumwoll-T-Shirt ist v<\/span>Erh\u00e4ltlich in Damen- und Kindergr\u00f6\u00dfen. Feminin geschnitten. Feiner, leichter Stoff, Single-Jersey 145 g\/m\u00b2.<\/p>\n<p><em>Um den korrekten Preis und die Verf\u00fcgbarkeit zu sehen, loggen Sie sich ein und klicken Sie auf Farbe und Gr\u00f6\u00dfe.<\/em><\/p>\n<p>&nbsp;<\/p>\n<h3><span style=\"color: #5a7699;\">Baumwoll-T-Shirt f\u00fcr Damen und Kinder\u00a0<\/span><\/h3>\n<p><strong><b>100% Bio-Baumwolle. Single-Jersey, 145 g\/m\u00b2<\/b><\/strong><\/p>\n<p><img decoding=\"async\" class=\"alignnone size-full wp-image-61259\" src=\"https:\/\/labelfree.nl\/wp-content\/uploads\/2024\/10\/oeko-13.jpg\" alt=\"\" width=\"145\" height=\"75\" srcset=\"https:\/\/labelfree.nl\/wp-content\/uploads\/2024\/10\/oeko-13.jpg 145w, https:\/\/labelfree.nl\/wp-content\/uploads\/2024\/10\/oeko-13-18x9.jpg 18w\" sizes=\"(max-width: 145px) 100vw, 145px\" \/><\/p>\n<ul>\n<li>Qualit\u00e4t: 100% Bio-Baumwolle, gek\u00e4mmt und enzymgewaschen<\/li>\n<li>Oxford Grey und Anthrazit: 851 TP3T Bio-Baumwolle und 151 TP3T Viskose<\/li>\n<li>Heather Green: 651 TP3T Bio-Baumwolle und 351 TP3T Polyester<\/li>\n<li>Heather Burgundy und Heather Blue: 60% Bio-Baumwolle und 40% Polyester<\/li>\n<li>Gewicht: 145 g\/m\u00b2 (leicht)<\/li>\n<li>Single-Jersey<\/li>\n<li>Erh\u00e4ltlich in 9 Farben<\/li>\n<li>Erh\u00e4ltlich von Kindergr\u00f6\u00dfe 2 Jahre bis 3XL<\/li>\n<li>Markenlos, kleine Gr\u00f6\u00dfentabelle im Halsausschnitt<\/li>\n<li>Geeignet f\u00fcr Siebdruck, Transferdruck, DTG-Druck und Stickerei<\/li>\n<li>Karton: 50 St\u00fcck. Verpackung: 10 St\u00fcck. Auch einzeln erh\u00e4ltlich.<\/li>\n<\/ul>\n<p>&nbsp;<\/p>\n<h4><span style=\"color: #5a7699;\"><strong><b>Damen- und Kinder-T-Shirt \u2013 weiche und sch\u00f6ne, leichte Qualit\u00e4t<\/b><\/strong><\/span><\/h4>\n<p>Dieses T-Shirt ist f\u00fcr Frauen und M\u00e4dchen geeignet und ab Kindergr\u00f6\u00dfe 2 Jahre erh\u00e4ltlich. Es ist in 11 Gr\u00f6\u00dfen und 9 Farben verf\u00fcgbar. Das Shirt ist leicht tailliert und hat eine elegante, feminine Passform.<\/p>\n<p>Mit 145 g\/m\u00b2 ist es ein leichtes Baumwollgewebe. Das sorgt f\u00fcr geschmeidigen und atmungsaktiven Tragekomfort. Es hat elegante, feminine \u00c4rmel, die oberhalb des Arms enden. Der Rundhalsausschnitt ist mit einem 1 cm hohen 1x1-Rippstrick aus Baumwolle versehen, der mit einer Doppelnaht eingefasst ist. Ein Nackenband rundet das Design ab.<\/p>\n<p>Die Passform eignet sich sowohl f\u00fcr zierliche als auch f\u00fcr etwas f\u00fclligere Frauen. Die leicht taillierte Silhouette und der klassische Rundhalsausschnitt verleihen dem Shirt eine feminine Note. Es hat Seitenn\u00e4hte. \u00c4rmel und Saum sind mit einer schmalen Doppelnaht eingefasst.<\/p>\n<h4><span style=\"color: #5a7699;\"><strong>Materialangaben<\/strong><\/span><\/h4>\n<p>Qualit\u00e4t: 1001 TP3T Bio-Baumwolle (auch in Mischgeweben erh\u00e4ltlich). Unsere Baumwolle ist umweltfreundlich, wird ohne sch\u00e4dliche Chemikalien und unter verantwortungsvollen Bedingungen produziert. Je nach Farbe verwenden wir eine Mischung aus Bio-Baumwolle und Polyester oder Bio-Baumwolle und Viskose. Beispiele: Oxford Grey und Anthracite: 851 TP3T Baumwolle \/ 151 TP3T Viskose. Heather Green: 651 TP3T Baumwolle \/ 351 TP3T Polyester. Heather Burgundy und Heather Blue: 601 TP3T Baumwolle \/ 401 TP3T Polyester.<\/p>\n<p>Der 145 g\/m\u00b2 schwere Single-Jersey ist ein d\u00fcnner, weicher und geschmeidiger Stoff. Dieses luftige, komfortable Material ist hoch atmungsaktiv, ideal f\u00fcr warme Temperaturen und f\u00fchlt sich angenehm weich auf der Haut an. Der Stoff wird nachhaltig und ethisch produziert.<\/p>\n<p>Das T-Shirt eignet sich hervorragend f\u00fcr verschiedene Druckverfahren. Ob Sie sich f\u00fcr Siebdruck, Transferdruck, DIP-Druck oder DTG-Druck entscheiden \u2013 dieses T-Shirt liefert immer ein fantastisches Ergebnis.<\/p>\n<h4><span style=\"color: #5a7699;\"><strong>Druck-, Stick- und Beschriftungsm\u00f6glichkeiten<\/strong><\/span><\/h4>\n<p>Unser gesamtes Sortiment eignet sich f\u00fcr B2B, Merchandising und Private Label. Sie m\u00f6chten unbedruckte Kleidung bestellen, diese mit Ihrem eigenen Design bedrucken lassen oder ben\u00f6tigen Druckvorlagen zum Selbstaufbringen? Das Team von Labelfree unterst\u00fctzt Sie dabei in jedem Schritt.<\/p>\n<p>Labelfree bietet eine Vielzahl professioneller Druckoptionen, darunter Transferdruck, DTF-Druck, Siebdruck und Stickerei. Sie k\u00f6nnen beispielsweise auch Ihre eigenen Nackenaufdrucke und Etiketten auf den \u00c4rmel drucken lassen.<\/p>\n<p>Ben\u00f6tigen Sie Hilfe bei Ihrem eigenen Design? Unsere Grafikdesigner unterst\u00fctzen Sie gerne. So stellen wir sicher, dass das Endprodukt perfekt auf Ihre Bed\u00fcrfnisse zugeschnitten ist. Sie erhalten immer zun\u00e4chst ein kostenloses, visuelles Angebot. Kontaktieren Sie uns, um die M\u00f6glichkeiten zur Erstellung Ihrer eigenen Kollektion zu erkunden.<\/p>\n<p>&nbsp;<\/p>\n<p>Gr\u00f6\u00dfentabelle<\/p>\n<p><img fetchpriority=\"high\" decoding=\"async\" class=\"\" src=\"https:\/\/www.stormtextil.dk\/sites\/default\/files\/size-charts\/000200_Lady_Cam.png\" alt=\"Lady Cam\" width=\"642\" height=\"81\" \/><\/p>\n<p>&nbsp;<\/p>\n<p>Pflegeanleitung<\/p>\n<p><img decoding=\"async\" class=\"alignnone wp-image-57131\" src=\"https:\/\/labelfree.nl\/wp-content\/uploads\/2024\/10\/Storm_washing_instructions_40_0-10.gif\" alt=\"\" width=\"179\" height=\"27\" \/><\/p>\n<p>&nbsp;<\/p>","protected":false},"excerpt":{"rendered":"<p>Dit katoenen t-shirt is verkrijgbaar in dames- en kindermaten. Het heeft een vrouwelijke snit. Fijne lichtgewicht stof, single jersey 145 g\/m\u00b2 voor de juiste prijs en voorraad logt u in en klikt u op de kleur en de maat &nbsp; katoenen dames- en kinder t-shirt\u00a0 100% Biologisch katoen. Single jersey, 145 g\/m\u00b2 Kwaliteit: 100% biologisch [&hellip;]<\/p>\n","protected":false},"featured_media":54230,"template":"","meta":{"_acf_changed":false},"product_brand":[],"product_cat":[92,19,46],"product_tag":[],"class_list":{"0":"post-42212","1":"product","2":"type-product","3":"status-publish","4":"has-post-thumbnail","6":"product_cat-lady-t-shirts","7":"product_cat-t-shirts","8":"product_cat-t-shirts-crew-neck","9":"pa_size-12-14-jaar","10":"pa_size-2-jaar","11":"pa_size-2-years","12":"pa_size-2xl","13":"pa_size-3xl","14":"pa_size-4-6-jaar","15":"pa_size-8-10-jaar","16":"pa_size-l","17":"pa_size-m","18":"pa_size-s","19":"pa_size-xl","20":"pa_size-xs","21":"pa_size-xxl","23":"first","24":"instock","25":"taxable","26":"shipping-taxable","27":"purchasable","28":"product-type-variable"},"acf":[],"yoast_head":"<!-- This site is optimized with the Yoast SEO plugin v27.5 - https:\/\/yoast.com\/product\/yoast-seo-wordpress\/ -->\n<title>Dames en kinder t-shirt van 100% katoen. Ademend en mooie fit.<\/title>\n<meta name=\"description\" content=\"Mooi lichtgewicht t-shirt voor dames, groot en klein. 100% biologisch katoen 145 g\/m\u00b2. Soepel en ademend draagcomfort. Geschikt voor bedrukken - labelfree.\" \/>\n<meta name=\"robots\" content=\"index, follow, max-snippet:-1, max-image-preview:large, max-video-preview:-1\" \/>\n<link rel=\"canonical\" href=\"https:\/\/labelfree.nl\/de\/produkt\/st200-lady-cam\/\" \/>\n<meta property=\"og:locale\" content=\"de_DE\" \/>\n<meta property=\"og:type\" content=\"article\" \/>\n<meta property=\"og:title\" content=\"Dames en kinder t-shirt van 100% katoen. Ademend en mooie fit.\" \/>\n<meta property=\"og:description\" content=\"Mooi lichtgewicht t-shirt voor dames, groot en klein. 100% biologisch katoen 145 g\/m\u00b2. Soepel en ademend draagcomfort. Geschikt voor bedrukken - labelfree.\" \/>\n<meta property=\"og:url\" content=\"https:\/\/labelfree.nl\/de\/produkt\/st200-lady-cam\/\" \/>\n<meta property=\"og:site_name\" content=\"Labelfree\" \/>\n<meta property=\"article:modified_time\" content=\"2026-05-11T00:49:17+00:00\" \/>\n<meta property=\"og:image\" content=\"https:\/\/labelfree.nl\/wp-content\/uploads\/2024\/10\/000200_Lady_Cam_01c-6.jpg\" \/>\n\t<meta property=\"og:image:width\" content=\"1279\" \/>\n\t<meta property=\"og:image:height\" content=\"1920\" \/>\n\t<meta property=\"og:image:type\" content=\"image\/jpeg\" \/>\n<meta name=\"twitter:card\" content=\"summary_large_image\" \/>\n<meta name=\"twitter:label1\" content=\"Gesch\u00e4tzte Lesezeit\" \/>\n\t<meta name=\"twitter:data1\" content=\"4\u00a0Minuten\" \/>\n<script type=\"application\/ld+json\" class=\"yoast-schema-graph\">{\"@context\":\"https:\\\/\\\/schema.org\",\"@graph\":[{\"@type\":\"WebPage\",\"@id\":\"https:\\\/\\\/labelfree.nl\\\/product\\\/kinder-dames-tshirt-lichtgewicht-organic-cotton-145gm%c2%b2-zacht-soepel-ademend-katoenen-bedrukken\\\/\",\"url\":\"https:\\\/\\\/labelfree.nl\\\/product\\\/kinder-dames-tshirt-lichtgewicht-organic-cotton-145gm%c2%b2-zacht-soepel-ademend-katoenen-bedrukken\\\/\",\"name\":\"Dames en kinder t-shirt van 100% katoen. Ademend en mooie fit.\",\"isPartOf\":{\"@id\":\"https:\\\/\\\/labelfree.nl\\\/#website\"},\"primaryImageOfPage\":{\"@id\":\"https:\\\/\\\/labelfree.nl\\\/product\\\/kinder-dames-tshirt-lichtgewicht-organic-cotton-145gm%c2%b2-zacht-soepel-ademend-katoenen-bedrukken\\\/#primaryimage\"},\"image\":{\"@id\":\"https:\\\/\\\/labelfree.nl\\\/product\\\/kinder-dames-tshirt-lichtgewicht-organic-cotton-145gm%c2%b2-zacht-soepel-ademend-katoenen-bedrukken\\\/#primaryimage\"},\"thumbnailUrl\":\"https:\\\/\\\/labelfree.nl\\\/wp-content\\\/uploads\\\/2024\\\/10\\\/000200_Lady_Cam_01c-6.jpg\",\"datePublished\":\"2024-10-24T16:28:03+00:00\",\"dateModified\":\"2026-05-11T00:49:17+00:00\",\"description\":\"Mooi lichtgewicht t-shirt voor dames, groot en klein. 100% biologisch katoen 145 g\\\/m\u00b2. Soepel en ademend draagcomfort. Geschikt voor bedrukken - labelfree.\",\"breadcrumb\":{\"@id\":\"https:\\\/\\\/labelfree.nl\\\/product\\\/kinder-dames-tshirt-lichtgewicht-organic-cotton-145gm%c2%b2-zacht-soepel-ademend-katoenen-bedrukken\\\/#breadcrumb\"},\"inLanguage\":\"de\",\"potentialAction\":[{\"@type\":\"ReadAction\",\"target\":[\"https:\\\/\\\/labelfree.nl\\\/product\\\/kinder-dames-tshirt-lichtgewicht-organic-cotton-145gm%c2%b2-zacht-soepel-ademend-katoenen-bedrukken\\\/\"]}]},{\"@type\":\"ImageObject\",\"inLanguage\":\"de\",\"@id\":\"https:\\\/\\\/labelfree.nl\\\/product\\\/kinder-dames-tshirt-lichtgewicht-organic-cotton-145gm%c2%b2-zacht-soepel-ademend-katoenen-bedrukken\\\/#primaryimage\",\"url\":\"https:\\\/\\\/labelfree.nl\\\/wp-content\\\/uploads\\\/2024\\\/10\\\/000200_Lady_Cam_01c-6.jpg\",\"contentUrl\":\"https:\\\/\\\/labelfree.nl\\\/wp-content\\\/uploads\\\/2024\\\/10\\\/000200_Lady_Cam_01c-6.jpg\",\"width\":1279,\"height\":1920,\"caption\":\"Licht getailleerd dames shirt\"},{\"@type\":\"BreadcrumbList\",\"@id\":\"https:\\\/\\\/labelfree.nl\\\/product\\\/kinder-dames-tshirt-lichtgewicht-organic-cotton-145gm%c2%b2-zacht-soepel-ademend-katoenen-bedrukken\\\/#breadcrumb\",\"itemListElement\":[{\"@type\":\"ListItem\",\"position\":1,\"name\":\"Home\",\"item\":\"https:\\\/\\\/labelfree.nl\\\/\"},{\"@type\":\"ListItem\",\"position\":2,\"name\":\"Webshop\",\"item\":\"https:\\\/\\\/labelfree.nl\\\/webshop\\\/\"},{\"@type\":\"ListItem\",\"position\":3,\"name\":\"blanco dames en kinder t-shirt &#8211; biologisch katoen (145 g\\\/m\u00b2)\"}]},{\"@type\":\"WebSite\",\"@id\":\"https:\\\/\\\/labelfree.nl\\\/#website\",\"url\":\"https:\\\/\\\/labelfree.nl\\\/\",\"name\":\"Labelfree\",\"description\":\"Brandless quality\",\"potentialAction\":[{\"@type\":\"SearchAction\",\"target\":{\"@type\":\"EntryPoint\",\"urlTemplate\":\"https:\\\/\\\/labelfree.nl\\\/?s={search_term_string}\"},\"query-input\":{\"@type\":\"PropertyValueSpecification\",\"valueRequired\":true,\"valueName\":\"search_term_string\"}}],\"inLanguage\":\"de\"}]}<\/script>\n<!-- \/ Yoast SEO plugin. -->","yoast_head_json":{"title":"Damen- und Kinder-T-Shirt aus 100% Baumwolle. Atmungsaktiv und mit guter Passform.","description":"Wundersch\u00f6nes, leichtes T-Shirt f\u00fcr Damen in allen Gr\u00f6\u00dfen. Aus Bio-Baumwolle (100%, 145 g\/m\u00b2). Weich und atmungsaktiv f\u00fcr angenehmen Tragekomfort. Bedruckbar \u2013 ohne Etikett.","robots":{"index":"index","follow":"follow","max-snippet":"max-snippet:-1","max-image-preview":"max-image-preview:large","max-video-preview":"max-video-preview:-1"},"canonical":"https:\/\/labelfree.nl\/de\/produkt\/st200-lady-cam\/","og_locale":"de_DE","og_type":"article","og_title":"Dames en kinder t-shirt van 100% katoen. Ademend en mooie fit.","og_description":"Mooi lichtgewicht t-shirt voor dames, groot en klein. 100% biologisch katoen 145 g\/m\u00b2. Soepel en ademend draagcomfort. Geschikt voor bedrukken - labelfree.","og_url":"https:\/\/labelfree.nl\/de\/produkt\/st200-lady-cam\/","og_site_name":"Labelfree","article_modified_time":"2026-05-11T00:49:17+00:00","og_image":[{"width":1279,"height":1920,"url":"https:\/\/labelfree.nl\/wp-content\/uploads\/2024\/10\/000200_Lady_Cam_01c-6.jpg","type":"image\/jpeg"}],"twitter_card":"summary_large_image","twitter_misc":{"Gesch\u00e4tzte Lesezeit":"4\u00a0Minuten"},"schema":{"@context":"https:\/\/schema.org","@graph":[{"@type":"WebPage","@id":"https:\/\/labelfree.nl\/product\/kinder-dames-tshirt-lichtgewicht-organic-cotton-145gm%c2%b2-zacht-soepel-ademend-katoenen-bedrukken\/","url":"https:\/\/labelfree.nl\/product\/kinder-dames-tshirt-lichtgewicht-organic-cotton-145gm%c2%b2-zacht-soepel-ademend-katoenen-bedrukken\/","name":"Damen- und Kinder-T-Shirt aus 100% Baumwolle. Atmungsaktiv und mit guter Passform.","isPartOf":{"@id":"https:\/\/labelfree.nl\/#website"},"primaryImageOfPage":{"@id":"https:\/\/labelfree.nl\/product\/kinder-dames-tshirt-lichtgewicht-organic-cotton-145gm%c2%b2-zacht-soepel-ademend-katoenen-bedrukken\/#primaryimage"},"image":{"@id":"https:\/\/labelfree.nl\/product\/kinder-dames-tshirt-lichtgewicht-organic-cotton-145gm%c2%b2-zacht-soepel-ademend-katoenen-bedrukken\/#primaryimage"},"thumbnailUrl":"https:\/\/labelfree.nl\/wp-content\/uploads\/2024\/10\/000200_Lady_Cam_01c-6.jpg","datePublished":"2024-10-24T16:28:03+00:00","dateModified":"2026-05-11T00:49:17+00:00","description":"Wundersch\u00f6nes, leichtes T-Shirt f\u00fcr Damen in allen Gr\u00f6\u00dfen. Aus Bio-Baumwolle (100%, 145 g\/m\u00b2). Weich und atmungsaktiv f\u00fcr angenehmen Tragekomfort. Bedruckbar \u2013 ohne Etikett.","breadcrumb":{"@id":"https:\/\/labelfree.nl\/product\/kinder-dames-tshirt-lichtgewicht-organic-cotton-145gm%c2%b2-zacht-soepel-ademend-katoenen-bedrukken\/#breadcrumb"},"inLanguage":"de","potentialAction":[{"@type":"ReadAction","target":["https:\/\/labelfree.nl\/product\/kinder-dames-tshirt-lichtgewicht-organic-cotton-145gm%c2%b2-zacht-soepel-ademend-katoenen-bedrukken\/"]}]},{"@type":"ImageObject","inLanguage":"de","@id":"https:\/\/labelfree.nl\/product\/kinder-dames-tshirt-lichtgewicht-organic-cotton-145gm%c2%b2-zacht-soepel-ademend-katoenen-bedrukken\/#primaryimage","url":"https:\/\/labelfree.nl\/wp-content\/uploads\/2024\/10\/000200_Lady_Cam_01c-6.jpg","contentUrl":"https:\/\/labelfree.nl\/wp-content\/uploads\/2024\/10\/000200_Lady_Cam_01c-6.jpg","width":1279,"height":1920,"caption":"Licht getailleerd dames shirt"},{"@type":"BreadcrumbList","@id":"https:\/\/labelfree.nl\/product\/kinder-dames-tshirt-lichtgewicht-organic-cotton-145gm%c2%b2-zacht-soepel-ademend-katoenen-bedrukken\/#breadcrumb","itemListElement":[{"@type":"ListItem","position":1,"name":"Home","item":"https:\/\/labelfree.nl\/"},{"@type":"ListItem","position":2,"name":"Webshop","item":"https:\/\/labelfree.nl\/webshop\/"},{"@type":"ListItem","position":3,"name":"blanco dames en kinder t-shirt &#8211; biologisch katoen (145 g\/m\u00b2)"}]},{"@type":"WebSite","@id":"https:\/\/labelfree.nl\/#website","url":"https:\/\/labelfree.nl\/","name":"Etikettenfrei","description":"Markenlose Qualit\u00e4t","potentialAction":[{"@type":"SearchAction","target":{"@type":"EntryPoint","urlTemplate":"https:\/\/labelfree.nl\/?s={search_term_string}"},"query-input":{"@type":"PropertyValueSpecification","valueRequired":true,"valueName":"search_term_string"}}],"inLanguage":"de"}]}},"jetpack_sharing_enabled":true,"_links":{"self":[{"href":"https:\/\/labelfree.nl\/de\/wp-json\/wp\/v2\/product\/42212","targetHints":{"allow":["GET"]}}],"collection":[{"href":"https:\/\/labelfree.nl\/de\/wp-json\/wp\/v2\/product"}],"about":[{"href":"https:\/\/labelfree.nl\/de\/wp-json\/wp\/v2\/types\/product"}],"wp:featuredmedia":[{"embeddable":true,"href":"https:\/\/labelfree.nl\/de\/wp-json\/wp\/v2\/media\/54230"}],"wp:attachment":[{"href":"https:\/\/labelfree.nl\/de\/wp-json\/wp\/v2\/media?parent=42212"}],"wp:term":[{"taxonomy":"product_brand","embeddable":true,"href":"https:\/\/labelfree.nl\/de\/wp-json\/wp\/v2\/product_brand?post=42212"},{"taxonomy":"product_cat","embeddable":true,"href":"https:\/\/labelfree.nl\/de\/wp-json\/wp\/v2\/product_cat?post=42212"},{"taxonomy":"product_tag","embeddable":true,"href":"https:\/\/labelfree.nl\/de\/wp-json\/wp\/v2\/product_tag?post=42212"}],"curies":[{"name":"wp","href":"https:\/\/api.w.org\/{rel}","templated":true}]}}