{"id":42334,"date":"2024-10-24T18:29:23","date_gmt":"2024-10-24T16:29:23","guid":{"rendered":"https:\/\/labelfree.nl\/product\/st300-raw-tee\/"},"modified":"2026-05-09T02:05:13","modified_gmt":"2026-05-09T00:05:13","slug":"st300-raw-tee","status":"publish","type":"product","link":"https:\/\/labelfree.nl\/de\/produkt\/st300-rohes-t-stuck\/","title":{"rendered":"Raw T-Shirt"},"content":{"rendered":"<h6><span style=\"color: #333333;\">Unisex-T-Shirt mit offenem Halsausschnitt. Junger, l\u00e4ssiger Look. Single-Jersey, 145 g\/m\u00b2<\/span><\/h6>\n<h3><span style=\"color: #5a7699;\"><strong>Roh-T-Shirt<\/strong><\/span><\/h3>\n<p><strong>100% Bio-Baumwolle, Single-Jersey 145 g\/m\u00b2<\/strong><\/p>\n<p><img decoding=\"async\" src=\"https:\/\/www.stormtextil.dk\/sites\/default\/files\/inline-images\/OTS100_label_19.HBD__1.jpg\" alt=\"\u00d6ko-Tex-zertifiziert\" \/><\/p>\n<ul>\n<li>Qualit\u00e4t: 100% Bio-Baumwolle<\/li>\n<li>Gewicht: 145 g\/m\u00b2<\/li>\n<li>Single-Jersey<\/li>\n<li>Ausschnitt mit offener Kante<\/li>\n<li>Erh\u00e4ltlich in 8 Farben<\/li>\n<li>New Army, zertifizierte 100%-Bio-Baumwolle.<\/li>\n<li>Oxford Grey: 85% Baumwolle \/ 15% Viskose<\/li>\n<li>Heather Green: 65% Baumwolle \/ 35% Polyester<\/li>\n<li>Anthrazit, Heather Blue, Heather Burgundy: 60% Baumwolle \/ 40% Polyester<\/li>\n<li>Erh\u00e4ltlich von Kindergr\u00f6\u00dfe 2 Jahre bis 3XL<\/li>\n<li>Kleines Gr\u00f6\u00dfenetikett im Halsausschnitt<\/li>\n<li>Karton: 50 St\u00fcck. Einzelverpackung: 10 St\u00fcck. Einzeln bestellbar.<\/li>\n<\/ul>\n<p>&nbsp;<\/p>\n<h4><span style=\"color: #5a7699;\"><strong>Raw-T-Shirt Unisex \u2013 frischer Look und bequem<\/strong><\/span><\/h4>\n<p>Das Raw Tee ist sowohl f\u00fcr M\u00e4nner als auch f\u00fcr Frauen geeignet und auch in Kindergr\u00f6\u00dfen erh\u00e4ltlich. Der Ausschnitt betont einen jungen und coolen Look. Dieses T-Shirt hat einen Raw Neckline (oder Raw-Edge-Ausschnitt) f\u00fcr einen l\u00e4ssigen Look.<\/p>\n<p>Der Halsausschnitt ist mit einem Band aus dem gleichen Material wie das T-Shirt versehen. Dieses Rippenmuster ist einzigartig geschnitten und unterstreicht den rauen Charakter des Shirts. Es ist mit einer einfachen Naht versehen. Die \u00c4rmel haben einen dreifach gen\u00e4hten, 2 cm breiten Umschlag. Der untere Saum ist mit einer 7 mm breiten Doppelnaht versehen. Das Shirt hat Seitenn\u00e4hte.<\/p>\n<p>Das Raw Tee ist in vielen Gr\u00f6\u00dfen von 2 Jahren bis 3XL erh\u00e4ltlich und wird in 8 trendigen Farben angeboten.<\/p>\n<h4><span style=\"color: #5a7699;\"><strong>Materialangaben<\/strong><\/span><\/h4>\n<p>Die umweltfreundliche Baumwollvariante 100% hat die Farbe New Army. Je nach Farbe besteht der Stoff aus einzigartigen Kombinationen hochwertiger Materialien wie: Oxford Grey mit 85% Baumwolle und 15% Viskose oder Heather Green mit 65% Baumwolle und 35% Polyester. Alle Varianten garantieren Langlebigkeit und Tragekomfort. Mit nur 145 g\/m\u00b2 ist dieses T-Shirt leicht, atmungsaktiv und f\u00fchlt sich weich an.<\/p>\n<h4><span style=\"color: #5a7699;\"><strong>Druck-, Stick- und Beschriftungsm\u00f6glichkeiten<\/strong><\/span><\/h4>\n<p>M\u00f6chten Sie unbedruckte Kleidung bestellen, mit Ihrem eigenen Design bedrucken lassen oder ben\u00f6tigen Sie selbst aufzubringende Drucke? Bei Labelfree steht Ihnen unser Team bei jedem Schritt zur Seite.<\/p>\n<p>Labelfree bietet verschiedene Druckm\u00f6glichkeiten, darunter Transferdruck, DTF, Siebdruck und Stickerei. Auch eigene Nackendrucke und Etiketten, beispielsweise auf den \u00c4rmel, sind m\u00f6glich.<\/p>\n<p>Ben\u00f6tigen Sie Hilfe bei Ihrem eigenen Design? Unsere Grafikdesigner unterst\u00fctzen Sie gerne. So stellen wir sicher, dass das Endprodukt perfekt auf Ihre Bed\u00fcrfnisse zugeschnitten ist. Sie erhalten immer zun\u00e4chst ein kostenloses, visuelles Angebot. Kontaktieren Sie uns, um die M\u00f6glichkeiten zur Erstellung Ihrer eigenen Kollektion zu erkunden.<\/p>\n<p>&nbsp;<\/p>\n<p>Gr\u00f6\u00dfentabelle<\/p>\n<p><img decoding=\"async\" class=\"\" src=\"https:\/\/www.stormtextil.dk\/sites\/default\/files\/size-charts\/000300_Raw_tee.png\" width=\"638\" height=\"71\" \/><\/p>\n<p>&nbsp;<\/p>\n<p>Pflegeanleitung<\/p>\n<p><img decoding=\"async\" class=\"\" src=\"https:\/\/www.stormtextil.dk\/sites\/default\/files\/2018-04\/Storm_washing_instructions_40_36.gif\" width=\"166\" height=\"25\" \/><\/p>","protected":false},"excerpt":{"rendered":"<p>Unisex t-shirt, rauwe hals. Jonge, stoere look. Single jersey, 145 g\/m\u00b2 t-shirt raw tee 100% biologisch katoen, single jersey 145 g\/m\u00b2 Kwaliteit: 100% biologisch katoen Gewicht: 145 g\/m\u00b2 Single jersey Raw edge neckline Verkrijgbaar in 8 kleuren New Army, gecertificeerd 100% biologisch katoen. Oxford Grey: 85% katoen \/ 15% viscose Heather Green: 65% katoen \/ [&hellip;]<\/p>\n","protected":false},"featured_media":54252,"template":"","meta":{"_acf_changed":false},"product_brand":[],"product_cat":[19],"product_tag":[],"class_list":{"0":"post-42334","1":"product","2":"type-product","3":"status-publish","4":"has-post-thumbnail","6":"product_cat-t-shirts","7":"pa_size-12-14-jaar","8":"pa_size-2-jaar","9":"pa_size-2-years","10":"pa_size-2xl","11":"pa_size-3xl","12":"pa_size-4-6-jaar","13":"pa_size-8-10-jaar","14":"pa_size-l","15":"pa_size-m","16":"pa_size-s","17":"pa_size-xl","18":"pa_size-xs","19":"pa_size-xxl","21":"first","22":"instock","23":"taxable","24":"shipping-taxable","25":"purchasable","26":"product-type-variable"},"acf":[],"yoast_head":"<!-- This site is optimized with the Yoast SEO plugin v27.5 - https:\/\/yoast.com\/product\/yoast-seo-wordpress\/ -->\n<title>T-shirt Raw tee - Labelfree<\/title>\n<meta name=\"robots\" content=\"index, follow, max-snippet:-1, max-image-preview:large, max-video-preview:-1\" \/>\n<link rel=\"canonical\" href=\"https:\/\/labelfree.nl\/de\/produkt\/st300-rohes-t-stuck\/\" \/>\n<meta property=\"og:locale\" content=\"de_DE\" \/>\n<meta property=\"og:type\" content=\"article\" \/>\n<meta property=\"og:title\" content=\"T-shirt Raw tee - Labelfree\" \/>\n<meta property=\"og:description\" content=\"Unisex t-shirt, rauwe hals. Jonge, stoere look. Single jersey, 145 g\/m\u00b2 t-shirt raw tee 100% biologisch katoen, single jersey 145 g\/m\u00b2 Kwaliteit: 100% biologisch katoen Gewicht: 145 g\/m\u00b2 Single jersey Raw edge neckline Verkrijgbaar in 8 kleuren New Army, gecertificeerd 100% biologisch katoen. Oxford Grey: 85% katoen \/ 15% viscose Heather Green: 65% katoen \/ [&hellip;]\" \/>\n<meta property=\"og:url\" content=\"https:\/\/labelfree.nl\/de\/produkt\/st300-rohes-t-stuck\/\" \/>\n<meta property=\"og:site_name\" content=\"Labelfree\" \/>\n<meta property=\"article:modified_time\" content=\"2026-05-09T00:05:13+00:00\" \/>\n<meta property=\"og:image\" content=\"https:\/\/labelfree.nl\/wp-content\/uploads\/2024\/10\/000300_Raw_Tee_01c-3.jpg\" \/>\n\t<meta property=\"og:image:width\" content=\"1279\" \/>\n\t<meta property=\"og:image:height\" content=\"1920\" \/>\n\t<meta property=\"og:image:type\" content=\"image\/jpeg\" \/>\n<meta name=\"twitter:card\" content=\"summary_large_image\" \/>\n<meta name=\"twitter:label1\" content=\"Gesch\u00e4tzte Lesezeit\" \/>\n\t<meta name=\"twitter:data1\" content=\"3\u00a0Minuten\" \/>\n<script type=\"application\/ld+json\" class=\"yoast-schema-graph\">{\"@context\":\"https:\\\/\\\/schema.org\",\"@graph\":[{\"@type\":\"WebPage\",\"@id\":\"https:\\\/\\\/labelfree.nl\\\/product\\\/st300-raw-tee\\\/\",\"url\":\"https:\\\/\\\/labelfree.nl\\\/product\\\/st300-raw-tee\\\/\",\"name\":\"T-shirt Raw tee - Labelfree\",\"isPartOf\":{\"@id\":\"https:\\\/\\\/labelfree.nl\\\/#website\"},\"primaryImageOfPage\":{\"@id\":\"https:\\\/\\\/labelfree.nl\\\/product\\\/st300-raw-tee\\\/#primaryimage\"},\"image\":{\"@id\":\"https:\\\/\\\/labelfree.nl\\\/product\\\/st300-raw-tee\\\/#primaryimage\"},\"thumbnailUrl\":\"https:\\\/\\\/labelfree.nl\\\/wp-content\\\/uploads\\\/2024\\\/10\\\/000300_Raw_Tee_01c-3.jpg\",\"datePublished\":\"2024-10-24T16:29:23+00:00\",\"dateModified\":\"2026-05-09T00:05:13+00:00\",\"breadcrumb\":{\"@id\":\"https:\\\/\\\/labelfree.nl\\\/product\\\/st300-raw-tee\\\/#breadcrumb\"},\"inLanguage\":\"de\",\"potentialAction\":[{\"@type\":\"ReadAction\",\"target\":[\"https:\\\/\\\/labelfree.nl\\\/product\\\/st300-raw-tee\\\/\"]}]},{\"@type\":\"ImageObject\",\"inLanguage\":\"de\",\"@id\":\"https:\\\/\\\/labelfree.nl\\\/product\\\/st300-raw-tee\\\/#primaryimage\",\"url\":\"https:\\\/\\\/labelfree.nl\\\/wp-content\\\/uploads\\\/2024\\\/10\\\/000300_Raw_Tee_01c-3.jpg\",\"contentUrl\":\"https:\\\/\\\/labelfree.nl\\\/wp-content\\\/uploads\\\/2024\\\/10\\\/000300_Raw_Tee_01c-3.jpg\",\"width\":1279,\"height\":1920},{\"@type\":\"BreadcrumbList\",\"@id\":\"https:\\\/\\\/labelfree.nl\\\/product\\\/st300-raw-tee\\\/#breadcrumb\",\"itemListElement\":[{\"@type\":\"ListItem\",\"position\":1,\"name\":\"Home\",\"item\":\"https:\\\/\\\/labelfree.nl\\\/\"},{\"@type\":\"ListItem\",\"position\":2,\"name\":\"Webshop\",\"item\":\"https:\\\/\\\/labelfree.nl\\\/webshop\\\/\"},{\"@type\":\"ListItem\",\"position\":3,\"name\":\"T-shirt Raw tee\"}]},{\"@type\":\"WebSite\",\"@id\":\"https:\\\/\\\/labelfree.nl\\\/#website\",\"url\":\"https:\\\/\\\/labelfree.nl\\\/\",\"name\":\"Labelfree\",\"description\":\"Brandless quality\",\"potentialAction\":[{\"@type\":\"SearchAction\",\"target\":{\"@type\":\"EntryPoint\",\"urlTemplate\":\"https:\\\/\\\/labelfree.nl\\\/?s={search_term_string}\"},\"query-input\":{\"@type\":\"PropertyValueSpecification\",\"valueRequired\":true,\"valueName\":\"search_term_string\"}}],\"inLanguage\":\"de\"}]}<\/script>\n<!-- \/ Yoast SEO plugin. -->","yoast_head_json":{"title":"Raw T-Shirt - Labelfree","robots":{"index":"index","follow":"follow","max-snippet":"max-snippet:-1","max-image-preview":"max-image-preview:large","max-video-preview":"max-video-preview:-1"},"canonical":"https:\/\/labelfree.nl\/de\/produkt\/st300-rohes-t-stuck\/","og_locale":"de_DE","og_type":"article","og_title":"T-shirt Raw tee - Labelfree","og_description":"Unisex t-shirt, rauwe hals. Jonge, stoere look. Single jersey, 145 g\/m\u00b2 t-shirt raw tee 100% biologisch katoen, single jersey 145 g\/m\u00b2 Kwaliteit: 100% biologisch katoen Gewicht: 145 g\/m\u00b2 Single jersey Raw edge neckline Verkrijgbaar in 8 kleuren New Army, gecertificeerd 100% biologisch katoen. Oxford Grey: 85% katoen \/ 15% viscose Heather Green: 65% katoen \/ [&hellip;]","og_url":"https:\/\/labelfree.nl\/de\/produkt\/st300-rohes-t-stuck\/","og_site_name":"Labelfree","article_modified_time":"2026-05-09T00:05:13+00:00","og_image":[{"width":1279,"height":1920,"url":"https:\/\/labelfree.nl\/wp-content\/uploads\/2024\/10\/000300_Raw_Tee_01c-3.jpg","type":"image\/jpeg"}],"twitter_card":"summary_large_image","twitter_misc":{"Gesch\u00e4tzte Lesezeit":"3\u00a0Minuten"},"schema":{"@context":"https:\/\/schema.org","@graph":[{"@type":"WebPage","@id":"https:\/\/labelfree.nl\/product\/st300-raw-tee\/","url":"https:\/\/labelfree.nl\/product\/st300-raw-tee\/","name":"Raw T-Shirt - Labelfree","isPartOf":{"@id":"https:\/\/labelfree.nl\/#website"},"primaryImageOfPage":{"@id":"https:\/\/labelfree.nl\/product\/st300-raw-tee\/#primaryimage"},"image":{"@id":"https:\/\/labelfree.nl\/product\/st300-raw-tee\/#primaryimage"},"thumbnailUrl":"https:\/\/labelfree.nl\/wp-content\/uploads\/2024\/10\/000300_Raw_Tee_01c-3.jpg","datePublished":"2024-10-24T16:29:23+00:00","dateModified":"2026-05-09T00:05:13+00:00","breadcrumb":{"@id":"https:\/\/labelfree.nl\/product\/st300-raw-tee\/#breadcrumb"},"inLanguage":"de","potentialAction":[{"@type":"ReadAction","target":["https:\/\/labelfree.nl\/product\/st300-raw-tee\/"]}]},{"@type":"ImageObject","inLanguage":"de","@id":"https:\/\/labelfree.nl\/product\/st300-raw-tee\/#primaryimage","url":"https:\/\/labelfree.nl\/wp-content\/uploads\/2024\/10\/000300_Raw_Tee_01c-3.jpg","contentUrl":"https:\/\/labelfree.nl\/wp-content\/uploads\/2024\/10\/000300_Raw_Tee_01c-3.jpg","width":1279,"height":1920},{"@type":"BreadcrumbList","@id":"https:\/\/labelfree.nl\/product\/st300-raw-tee\/#breadcrumb","itemListElement":[{"@type":"ListItem","position":1,"name":"Home","item":"https:\/\/labelfree.nl\/"},{"@type":"ListItem","position":2,"name":"Webshop","item":"https:\/\/labelfree.nl\/webshop\/"},{"@type":"ListItem","position":3,"name":"T-shirt Raw tee"}]},{"@type":"WebSite","@id":"https:\/\/labelfree.nl\/#website","url":"https:\/\/labelfree.nl\/","name":"Etikettenfrei","description":"Markenlose Qualit\u00e4t","potentialAction":[{"@type":"SearchAction","target":{"@type":"EntryPoint","urlTemplate":"https:\/\/labelfree.nl\/?s={search_term_string}"},"query-input":{"@type":"PropertyValueSpecification","valueRequired":true,"valueName":"search_term_string"}}],"inLanguage":"de"}]}},"jetpack_sharing_enabled":true,"_links":{"self":[{"href":"https:\/\/labelfree.nl\/de\/wp-json\/wp\/v2\/product\/42334","targetHints":{"allow":["GET"]}}],"collection":[{"href":"https:\/\/labelfree.nl\/de\/wp-json\/wp\/v2\/product"}],"about":[{"href":"https:\/\/labelfree.nl\/de\/wp-json\/wp\/v2\/types\/product"}],"wp:featuredmedia":[{"embeddable":true,"href":"https:\/\/labelfree.nl\/de\/wp-json\/wp\/v2\/media\/54252"}],"wp:attachment":[{"href":"https:\/\/labelfree.nl\/de\/wp-json\/wp\/v2\/media?parent=42334"}],"wp:term":[{"taxonomy":"product_brand","embeddable":true,"href":"https:\/\/labelfree.nl\/de\/wp-json\/wp\/v2\/product_brand?post=42334"},{"taxonomy":"product_cat","embeddable":true,"href":"https:\/\/labelfree.nl\/de\/wp-json\/wp\/v2\/product_cat?post=42334"},{"taxonomy":"product_tag","embeddable":true,"href":"https:\/\/labelfree.nl\/de\/wp-json\/wp\/v2\/product_tag?post=42334"}],"curies":[{"name":"wp","href":"https:\/\/api.w.org\/{rel}","templated":true}]}}