{"id":42429,"date":"2024-10-24T18:30:34","date_gmt":"2024-10-24T16:30:34","guid":{"rendered":"https:\/\/labelfree.nl\/product\/st212-loose-fit-tee\/"},"modified":"2026-04-30T02:03:13","modified_gmt":"2026-04-30T00:03:13","slug":"blanco-dames-tshirt-loose-fit-145gm2-biologisch-katoen-groothandel-bedrukken","status":"publish","type":"product","link":"https:\/\/labelfree.nl\/de\/produkt\/t-shirt-mit-lockerer-passform-aus-st212\/","title":{"rendered":"Blanko-Damen-T-Shirt, lockere Passform, 145 g\/m\u00b2 Bio-Baumwolle"},"content":{"rendered":"<p><span style=\"color: #333333;\">Wundersch\u00f6nes Damen-T-Shirt mit lockerer Passform. Der R\u00fccken ist abgerundet und etwas l\u00e4nger als die Vorderseite. Es f\u00e4llt sch\u00f6n und verleiht einen l\u00e4ssigen Look. Feine, leichte Baumwolle, Single-Jersey, 145 g\/m\u00b2.<\/span><\/p>\n<p><span style=\"color: #333333;\"><em>F\u00fcr die korrekte Preis- und Farbdarstellung melden Sie sich an und klicken Sie auf die Farbe und Gr\u00f6\u00dfe.<\/em><\/span><\/p>\n<p>&nbsp;<\/p>\n<h3><span style=\"color: #5a7699;\"><strong>leeres Damen-T-Shirt, lockere Passform<\/strong><\/span><\/h3>\n<p><strong>100% Bio-Baumwolle. Single-Jersey, 145 g\/m\u00b2<\/strong><\/p>\n<p><strong> <img decoding=\"async\" class=\"alignnone size-full wp-image-67041\" src=\"https:\/\/labelfree.nl\/wp-content\/uploads\/2024\/10\/GOTS_2-1-4.jpg\" alt=\"\" width=\"155\" height=\"93\" srcset=\"https:\/\/labelfree.nl\/wp-content\/uploads\/2024\/10\/GOTS_2-1-4.jpg 155w, https:\/\/labelfree.nl\/wp-content\/uploads\/2024\/10\/GOTS_2-1-4-18x12.jpg 18w\" sizes=\"(max-width: 155px) 100vw, 155px\" \/><\/strong><\/p>\n<ul>\n<li>Qualit\u00e4t: 100% Bio-Baumwolle, gek\u00e4mmt und enzymgewaschen<\/li>\n<li>Oxford Grey und Anthrazit 85% Bio-Baumwolle \/ 15% Viskose<\/li>\n<li>Heather Green 65% Bio-Baumwolle \/ 35% Polyester<\/li>\n<li>Heather Burgundy und Heather Blue, 60% Bio-Baumwolle \/ 40% Polyester<\/li>\n<li>Single-Jersey<\/li>\n<li>Gewicht: 145 g\/m\u00b2<\/li>\n<li>Lockere Passform \/ Flachnahtsaum<\/li>\n<li>Schulterfreie \u00c4rmel mit B\u00fcndchen<\/li>\n<li>Erh\u00e4ltlich in 9 Farben<\/li>\n<li>Erh\u00e4ltlich von Kindergr\u00f6\u00dfe 2 Jahre bis 3XL<\/li>\n<li>Markenlos, kleines Gr\u00f6\u00dfenetikett im Halsausschnitt<\/li>\n<li>Geeignet f\u00fcr Siebdruck, Transferdruck, DTG-Druck und Stickerei<\/li>\n<li>Karton: 50 St\u00fcck. Verpackung: 10 St\u00fcck. Auch einzeln erh\u00e4ltlich.<\/li>\n<\/ul>\n<p>&nbsp;<\/p>\n<h4><span style=\"color: #5a7699;\"><strong>Locker geschnittenes Damen-T-Shirt \u2013 elegant und l\u00e4ssig<\/strong><\/span><\/h4>\n<p>Dieses locker sitzende T-Shirt betont die feminine Figur mit sanften Rundungen am Saum, der hinten l\u00e4nger ist als vorne. Dadurch entsteht eine schlankere Silhouette. Der sch\u00f6ne, tiefe Rundhalsausschnitt rundet den Stil perfekt ab. Dank der modernen, lockeren Passform ist das Shirt in verschiedenen Gr\u00f6\u00dfen erh\u00e4ltlich.<\/p>\n<p>Saum und Halsausschnitt sind mit Flachn\u00e4hten versehen, was nicht nur f\u00fcr ein sch\u00f6nes Detail und eine saubere Verarbeitung sorgt, sondern auch zus\u00e4tzlichen Tragekomfort bietet. Flachn\u00e4hte sind flach und nahezu nahtlos, liegen glatt auf der Haut und verhindern Reibung.<\/p>\n<p>Das Hemd hat \u00fcberschnittene Schultern und hochgekrempelte \u00c4rmel f\u00fcr einen l\u00e4ssigen Look. Die \u00c4rmel sind 2,5 cm breit umgeschlagen.<\/p>\n<h4><span style=\"color: #5a7699;\"><strong>Materialangaben<\/strong><\/span><\/h4>\n<p>Qualit\u00e4t: 1001 % Bio-Baumwolle (1001 TP3T). Unsere Baumwolle ist umweltfreundlich, da sie ohne sch\u00e4dliche Chemikalien und unter verantwortungsvollen Bedingungen produziert wird. Sie stammt aus kontrolliert biologischem Anbau (mit weniger Pestiziden) und ist daher besonders gut f\u00fcr empfindliche Haut geeignet.<\/p>\n<p>Mit einem Gewicht von 145 g\/m\u00b2 f\u00fchlt sich das Hemd leicht und angenehm auf der Haut an. Die Baumwolle sorgt f\u00fcr ein weiches und komfortables Tragegef\u00fchl und ist gleichzeitig atmungsaktiv und strapazierf\u00e4hig.<\/p>\n<h4><span style=\"color: #5a7699;\"><strong>Druck-, Stick- und Beschriftungsm\u00f6glichkeiten<\/strong><\/span><\/h4>\n<p>Unser gesamtes Sortiment eignet sich f\u00fcr B2B, Merchandising und Private Label. Sie m\u00f6chten unbedruckte Kleidung bestellen, diese mit Ihrem eigenen Design bedrucken lassen oder ben\u00f6tigen Druckvorlagen zum Selbstaufbringen? Das Team von Labelfree unterst\u00fctzt Sie dabei in jedem Schritt.<\/p>\n<p>Labelfree bietet eine Vielzahl professioneller Druckoptionen, darunter Transferdruck, DTF-Druck, Siebdruck und Stickerei. Sie k\u00f6nnen beispielsweise auch Ihre eigenen Nackenaufdrucke und Etiketten auf den \u00c4rmel drucken lassen.<\/p>\n<p>Ben\u00f6tigen Sie Hilfe bei Ihrem eigenen Design? Unsere Grafikdesigner unterst\u00fctzen Sie gerne. So stellen wir sicher, dass das Endprodukt perfekt auf Ihre Bed\u00fcrfnisse zugeschnitten ist. Sie erhalten immer zun\u00e4chst ein kostenloses, visuelles Angebot. Kontaktieren Sie uns, um die M\u00f6glichkeiten zur Erstellung Ihrer eigenen Kollektion zu erkunden.<\/p>\n<p>&nbsp;<\/p>\n<p>Gr\u00f6\u00dfentabelle<\/p>\n<p><img fetchpriority=\"high\" decoding=\"async\" class=\"alignnone wp-image-67042\" src=\"https:\/\/labelfree.nl\/wp-content\/uploads\/2024\/10\/000212_Loose_Fit_Tee-300x65.png\" alt=\"\" width=\"591\" height=\"128\" srcset=\"https:\/\/labelfree.nl\/wp-content\/uploads\/2024\/10\/000212_Loose_Fit_Tee-300x65.png 300w, https:\/\/labelfree.nl\/wp-content\/uploads\/2024\/10\/000212_Loose_Fit_Tee-1030x222.png 1030w, https:\/\/labelfree.nl\/wp-content\/uploads\/2024\/10\/000212_Loose_Fit_Tee-768x165.png 768w, https:\/\/labelfree.nl\/wp-content\/uploads\/2024\/10\/000212_Loose_Fit_Tee-18x4.png 18w, https:\/\/labelfree.nl\/wp-content\/uploads\/2024\/10\/000212_Loose_Fit_Tee-600x129.png 600w, https:\/\/labelfree.nl\/wp-content\/uploads\/2024\/10\/000212_Loose_Fit_Tee.png 1142w\" sizes=\"(max-width: 591px) 100vw, 591px\" \/><\/p>\n<p><strong>\u00a0<\/strong>Pflegeanleitung<\/p>\n<p><img decoding=\"async\" class=\"alignnone wp-image-67043\" src=\"https:\/\/labelfree.nl\/wp-content\/uploads\/2024\/10\/Storm_washing_instructions_40_0-16.gif\" alt=\"\" width=\"166\" height=\"25\" \/><\/p>","protected":false},"excerpt":{"rendered":"<p>Mooi dames t-shirt met losse fit. De achterkant is rond en iets langer dan de voorkant. Dit kleed mooi af en geeft een casual uitstraling. Fijn lichtgewicht katoen, single jersey 145 g\/m\u00b2. voor de juiste prijs en kleurweergave logt u in en klikt u op de kleur en maat &nbsp; blanco dames t-shirt losse fit [&hellip;]<\/p>\n","protected":false},"featured_media":54274,"template":"","meta":{"_acf_changed":false},"product_brand":[],"product_cat":[92,19,46],"product_tag":[],"class_list":{"0":"post-42429","1":"product","2":"type-product","3":"status-publish","4":"has-post-thumbnail","6":"product_cat-lady-t-shirts","7":"product_cat-t-shirts","8":"product_cat-t-shirts-crew-neck","9":"pa_size-2xl","10":"pa_size-l","11":"pa_size-m","12":"pa_size-s","13":"pa_size-xl","14":"pa_size-xs","16":"first","17":"instock","18":"taxable","19":"shipping-taxable","20":"purchasable","21":"product-type-variable"},"acf":[],"yoast_head":"<!-- This site is optimized with the Yoast SEO plugin v27.5 - https:\/\/yoast.com\/product\/yoast-seo-wordpress\/ -->\n<title>Blanco dames t-shirt 145 g\/m\u00b2 Loose Fit | Perfect voor Bedrukken<\/title>\n<meta name=\"description\" content=\"Blanco dames t-shirt Loose fit van 100% biologisch katoen (145 g\/m\u00b2). Lichtgewicht, comfortabel en perfect merchandise of groothandel.\" \/>\n<meta name=\"robots\" content=\"index, follow, max-snippet:-1, max-image-preview:large, max-video-preview:-1\" \/>\n<link rel=\"canonical\" href=\"https:\/\/labelfree.nl\/de\/produkt\/t-shirt-mit-lockerer-passform-aus-st212\/\" \/>\n<meta property=\"og:locale\" content=\"de_DE\" \/>\n<meta property=\"og:type\" content=\"article\" \/>\n<meta property=\"og:title\" content=\"Blanco dames t-shirt 145 g\/m\u00b2 Loose Fit | Perfect voor Bedrukken\" \/>\n<meta property=\"og:description\" content=\"Blanco dames t-shirt Loose fit van 100% biologisch katoen (145 g\/m\u00b2). Lichtgewicht, comfortabel en perfect merchandise of groothandel.\" \/>\n<meta property=\"og:url\" content=\"https:\/\/labelfree.nl\/de\/produkt\/t-shirt-mit-lockerer-passform-aus-st212\/\" \/>\n<meta property=\"og:site_name\" content=\"Labelfree\" \/>\n<meta property=\"article:modified_time\" content=\"2026-04-30T00:03:13+00:00\" \/>\n<meta property=\"og:image\" content=\"https:\/\/labelfree.nl\/wp-content\/uploads\/2024\/10\/000212_Loose_Fit_01-scaled.jpg\" \/>\n\t<meta property=\"og:image:width\" content=\"1067\" \/>\n\t<meta property=\"og:image:height\" content=\"1920\" \/>\n\t<meta property=\"og:image:type\" content=\"image\/jpeg\" \/>\n<meta name=\"twitter:card\" content=\"summary_large_image\" \/>\n<meta name=\"twitter:label1\" content=\"Gesch\u00e4tzte Lesezeit\" \/>\n\t<meta name=\"twitter:data1\" content=\"4\u00a0Minuten\" \/>\n<script type=\"application\/ld+json\" class=\"yoast-schema-graph\">{\"@context\":\"https:\\\/\\\/schema.org\",\"@graph\":[{\"@type\":\"WebPage\",\"@id\":\"https:\\\/\\\/labelfree.nl\\\/product\\\/blanco-dames-tshirt-loose-fit-145gm2-biologisch-katoen-groothandel-bedrukken\\\/\",\"url\":\"https:\\\/\\\/labelfree.nl\\\/product\\\/blanco-dames-tshirt-loose-fit-145gm2-biologisch-katoen-groothandel-bedrukken\\\/\",\"name\":\"Blanco dames t-shirt 145 g\\\/m\u00b2 Loose Fit | Perfect voor Bedrukken\",\"isPartOf\":{\"@id\":\"https:\\\/\\\/labelfree.nl\\\/#website\"},\"primaryImageOfPage\":{\"@id\":\"https:\\\/\\\/labelfree.nl\\\/product\\\/blanco-dames-tshirt-loose-fit-145gm2-biologisch-katoen-groothandel-bedrukken\\\/#primaryimage\"},\"image\":{\"@id\":\"https:\\\/\\\/labelfree.nl\\\/product\\\/blanco-dames-tshirt-loose-fit-145gm2-biologisch-katoen-groothandel-bedrukken\\\/#primaryimage\"},\"thumbnailUrl\":\"https:\\\/\\\/labelfree.nl\\\/wp-content\\\/uploads\\\/2024\\\/10\\\/000212_Loose_Fit_01-scaled.jpg\",\"datePublished\":\"2024-10-24T16:30:34+00:00\",\"dateModified\":\"2026-04-30T00:03:13+00:00\",\"description\":\"Blanco dames t-shirt Loose fit van 100% biologisch katoen (145 g\\\/m\u00b2). Lichtgewicht, comfortabel en perfect merchandise of groothandel.\",\"breadcrumb\":{\"@id\":\"https:\\\/\\\/labelfree.nl\\\/product\\\/blanco-dames-tshirt-loose-fit-145gm2-biologisch-katoen-groothandel-bedrukken\\\/#breadcrumb\"},\"inLanguage\":\"de\",\"potentialAction\":[{\"@type\":\"ReadAction\",\"target\":[\"https:\\\/\\\/labelfree.nl\\\/product\\\/blanco-dames-tshirt-loose-fit-145gm2-biologisch-katoen-groothandel-bedrukken\\\/\"]}]},{\"@type\":\"ImageObject\",\"inLanguage\":\"de\",\"@id\":\"https:\\\/\\\/labelfree.nl\\\/product\\\/blanco-dames-tshirt-loose-fit-145gm2-biologisch-katoen-groothandel-bedrukken\\\/#primaryimage\",\"url\":\"https:\\\/\\\/labelfree.nl\\\/wp-content\\\/uploads\\\/2024\\\/10\\\/000212_Loose_Fit_01-scaled.jpg\",\"contentUrl\":\"https:\\\/\\\/labelfree.nl\\\/wp-content\\\/uploads\\\/2024\\\/10\\\/000212_Loose_Fit_01-scaled.jpg\",\"width\":1067,\"height\":1920},{\"@type\":\"BreadcrumbList\",\"@id\":\"https:\\\/\\\/labelfree.nl\\\/product\\\/blanco-dames-tshirt-loose-fit-145gm2-biologisch-katoen-groothandel-bedrukken\\\/#breadcrumb\",\"itemListElement\":[{\"@type\":\"ListItem\",\"position\":1,\"name\":\"Home\",\"item\":\"https:\\\/\\\/labelfree.nl\\\/\"},{\"@type\":\"ListItem\",\"position\":2,\"name\":\"Webshop\",\"item\":\"https:\\\/\\\/labelfree.nl\\\/webshop\\\/\"},{\"@type\":\"ListItem\",\"position\":3,\"name\":\"blanco dames t-shirt losse fit 145 g\\\/m\u00b2 Biologisch katoen\"}]},{\"@type\":\"WebSite\",\"@id\":\"https:\\\/\\\/labelfree.nl\\\/#website\",\"url\":\"https:\\\/\\\/labelfree.nl\\\/\",\"name\":\"Labelfree\",\"description\":\"Brandless quality\",\"potentialAction\":[{\"@type\":\"SearchAction\",\"target\":{\"@type\":\"EntryPoint\",\"urlTemplate\":\"https:\\\/\\\/labelfree.nl\\\/?s={search_term_string}\"},\"query-input\":{\"@type\":\"PropertyValueSpecification\",\"valueRequired\":true,\"valueName\":\"search_term_string\"}}],\"inLanguage\":\"de\"}]}<\/script>\n<!-- \/ Yoast SEO plugin. -->","yoast_head_json":{"title":"Unbedrucktes Damen-T-Shirt, 145 g\/m\u00b2, lockere Passform | Ideal zum Bedrucken","description":"Wei\u00dfes Damen-T-Shirt in lockerer Passform aus 100% Bio-Baumwolle (145 g\/m\u00b2). Leicht, bequem und ideal f\u00fcr den Einzelhandel oder den Gro\u00dfhandel.","robots":{"index":"index","follow":"follow","max-snippet":"max-snippet:-1","max-image-preview":"max-image-preview:large","max-video-preview":"max-video-preview:-1"},"canonical":"https:\/\/labelfree.nl\/de\/produkt\/t-shirt-mit-lockerer-passform-aus-st212\/","og_locale":"de_DE","og_type":"article","og_title":"Blanco dames t-shirt 145 g\/m\u00b2 Loose Fit | Perfect voor Bedrukken","og_description":"Blanco dames t-shirt Loose fit van 100% biologisch katoen (145 g\/m\u00b2). Lichtgewicht, comfortabel en perfect merchandise of groothandel.","og_url":"https:\/\/labelfree.nl\/de\/produkt\/t-shirt-mit-lockerer-passform-aus-st212\/","og_site_name":"Labelfree","article_modified_time":"2026-04-30T00:03:13+00:00","og_image":[{"width":1067,"height":1920,"url":"https:\/\/labelfree.nl\/wp-content\/uploads\/2024\/10\/000212_Loose_Fit_01-scaled.jpg","type":"image\/jpeg"}],"twitter_card":"summary_large_image","twitter_misc":{"Gesch\u00e4tzte Lesezeit":"4\u00a0Minuten"},"schema":{"@context":"https:\/\/schema.org","@graph":[{"@type":"WebPage","@id":"https:\/\/labelfree.nl\/product\/blanco-dames-tshirt-loose-fit-145gm2-biologisch-katoen-groothandel-bedrukken\/","url":"https:\/\/labelfree.nl\/product\/blanco-dames-tshirt-loose-fit-145gm2-biologisch-katoen-groothandel-bedrukken\/","name":"Unbedrucktes Damen-T-Shirt, 145 g\/m\u00b2, lockere Passform | Ideal zum Bedrucken","isPartOf":{"@id":"https:\/\/labelfree.nl\/#website"},"primaryImageOfPage":{"@id":"https:\/\/labelfree.nl\/product\/blanco-dames-tshirt-loose-fit-145gm2-biologisch-katoen-groothandel-bedrukken\/#primaryimage"},"image":{"@id":"https:\/\/labelfree.nl\/product\/blanco-dames-tshirt-loose-fit-145gm2-biologisch-katoen-groothandel-bedrukken\/#primaryimage"},"thumbnailUrl":"https:\/\/labelfree.nl\/wp-content\/uploads\/2024\/10\/000212_Loose_Fit_01-scaled.jpg","datePublished":"2024-10-24T16:30:34+00:00","dateModified":"2026-04-30T00:03:13+00:00","description":"Wei\u00dfes Damen-T-Shirt in lockerer Passform aus 100% Bio-Baumwolle (145 g\/m\u00b2). Leicht, bequem und ideal f\u00fcr den Einzelhandel oder den Gro\u00dfhandel.","breadcrumb":{"@id":"https:\/\/labelfree.nl\/product\/blanco-dames-tshirt-loose-fit-145gm2-biologisch-katoen-groothandel-bedrukken\/#breadcrumb"},"inLanguage":"de","potentialAction":[{"@type":"ReadAction","target":["https:\/\/labelfree.nl\/product\/blanco-dames-tshirt-loose-fit-145gm2-biologisch-katoen-groothandel-bedrukken\/"]}]},{"@type":"ImageObject","inLanguage":"de","@id":"https:\/\/labelfree.nl\/product\/blanco-dames-tshirt-loose-fit-145gm2-biologisch-katoen-groothandel-bedrukken\/#primaryimage","url":"https:\/\/labelfree.nl\/wp-content\/uploads\/2024\/10\/000212_Loose_Fit_01-scaled.jpg","contentUrl":"https:\/\/labelfree.nl\/wp-content\/uploads\/2024\/10\/000212_Loose_Fit_01-scaled.jpg","width":1067,"height":1920},{"@type":"BreadcrumbList","@id":"https:\/\/labelfree.nl\/product\/blanco-dames-tshirt-loose-fit-145gm2-biologisch-katoen-groothandel-bedrukken\/#breadcrumb","itemListElement":[{"@type":"ListItem","position":1,"name":"Home","item":"https:\/\/labelfree.nl\/"},{"@type":"ListItem","position":2,"name":"Webshop","item":"https:\/\/labelfree.nl\/webshop\/"},{"@type":"ListItem","position":3,"name":"blanco dames t-shirt losse fit 145 g\/m\u00b2 Biologisch katoen"}]},{"@type":"WebSite","@id":"https:\/\/labelfree.nl\/#website","url":"https:\/\/labelfree.nl\/","name":"Etikettenfrei","description":"Markenlose Qualit\u00e4t","potentialAction":[{"@type":"SearchAction","target":{"@type":"EntryPoint","urlTemplate":"https:\/\/labelfree.nl\/?s={search_term_string}"},"query-input":{"@type":"PropertyValueSpecification","valueRequired":true,"valueName":"search_term_string"}}],"inLanguage":"de"}]}},"jetpack_sharing_enabled":true,"_links":{"self":[{"href":"https:\/\/labelfree.nl\/de\/wp-json\/wp\/v2\/product\/42429","targetHints":{"allow":["GET"]}}],"collection":[{"href":"https:\/\/labelfree.nl\/de\/wp-json\/wp\/v2\/product"}],"about":[{"href":"https:\/\/labelfree.nl\/de\/wp-json\/wp\/v2\/types\/product"}],"wp:featuredmedia":[{"embeddable":true,"href":"https:\/\/labelfree.nl\/de\/wp-json\/wp\/v2\/media\/54274"}],"wp:attachment":[{"href":"https:\/\/labelfree.nl\/de\/wp-json\/wp\/v2\/media?parent=42429"}],"wp:term":[{"taxonomy":"product_brand","embeddable":true,"href":"https:\/\/labelfree.nl\/de\/wp-json\/wp\/v2\/product_brand?post=42429"},{"taxonomy":"product_cat","embeddable":true,"href":"https:\/\/labelfree.nl\/de\/wp-json\/wp\/v2\/product_cat?post=42429"},{"taxonomy":"product_tag","embeddable":true,"href":"https:\/\/labelfree.nl\/de\/wp-json\/wp\/v2\/product_tag?post=42429"}],"curies":[{"name":"wp","href":"https:\/\/api.w.org\/{rel}","templated":true}]}}