{"id":42573,"date":"2024-10-24T18:32:14","date_gmt":"2024-10-24T16:32:14","guid":{"rendered":"https:\/\/labelfree.nl\/product\/st808-lady-stretch-polo\/"},"modified":"2026-04-21T02:28:39","modified_gmt":"2026-04-21T00:28:39","slug":"st808-lady-stretch-polo","status":"publish","type":"product","link":"https:\/\/labelfree.nl\/de\/produkt\/st808-damen-stretch-polo\/","title":{"rendered":"Damen-Poloshirt Stretch"},"content":{"rendered":"<p><span style=\"color: #333333;\">Leicht taillierte Passform und angenehmer Stretch. Femininer Kragen, 5-Knopf-Leiste. Dezente Ziern\u00e4hte. Piqu\u00e9-Gewebe, 220 g\/m\u00b2.<\/span><\/p>\n<p><span style=\"color: #333333;\"><em>F\u00fcr die korrekte Farbdarstellung und -beschreibung klicken Sie auf das betreffende Hemd und anschlie\u00dfend erneut auf die Lupe. <\/em><\/span><\/p>\n<h3><span style=\"color: #5a7699;\"><strong>Stretch-Poloshirt f\u00fcr Damen<\/strong><\/span><\/h3>\n<p><strong>Bio-Baumwolle, Pigu\u00e9 220 g\/m\u00b2<\/strong><\/p>\n<p><img decoding=\"async\" src=\"https:\/\/www.stormtextil.dk\/sites\/default\/files\/inline-images\/OTS100_label_19.HBD__1.jpg\" alt=\"\u00d6ko-Tex-zertifiziert\" \/><\/p>\n<ul>\n<li>Qualit\u00e4t: 921T gek\u00e4mmte Baumwolle \/ 81T Elastan<\/li>\n<li>Anthrazit: 581 TP3T gek\u00e4mmte Baumwolle \/ 381 TP3T Polyester \/ 41 TP3T Elastan<\/li>\n<li>Heather Black: 72% gek\u00e4mmte Bio-Baumwolle \/ 20% Polyester \/ 8% Elastan<\/li>\n<li>Piqu\u00e9<\/li>\n<li>Gewicht: 220 g\/m\u00b2<\/li>\n<li>Erh\u00e4ltlich in 9 Farben<\/li>\n<li>Erh\u00e4ltlich von Gr\u00f6\u00dfe XS bis 2XL<\/li>\n<li>Kleines Gr\u00f6\u00dfenetikett im Halsausschnitt<\/li>\n<li>Karton: 50 St\u00fcck. Verpackung: 10 St\u00fcck. Auch einzeln erh\u00e4ltlich.<\/li>\n<\/ul>\n<h4><strong><span style=\"color: #5a7699;\">Stretch-Poloshirt f\u00fcr Damen \u2013 modern und schmeichelhaft<\/span> \u00a0<\/strong><\/h4>\n<p>Unser Damen-Stretch-Polohemd aus hochwertigem Piqu\u00e9-Gewebe mit Elastan bietet nicht nur einen modernen Look, sondern auch Flexibilit\u00e4t und Bewegungsfreiheit. Es hat eine leicht taillierte Passform.<\/p>\n<p>Das Poloshirt hat einen Halsausschnitt in der gleichen Farbe wie der Stoff mit wei\u00dfen Ziern\u00e4hten in der Mitte. Der Kragen ist ebenfalls farblich auf das Poloshirt abgestimmt und weist an der Knopfleiste wei\u00dfe Ziern\u00e4hte auf. Das wei\u00dfe Poloshirt hat graue Ziern\u00e4hte. Kragen und \u00c4rmel haben gerippte B\u00fcndchen (1x1). Die lange Knopfleiste ist mit f\u00fcnf Kn\u00f6pfen versehen und unten verst\u00e4rkt. Dies bildet einen dezenten Kontrast zum kleinen, femininen Kragen.<\/p>\n<p>\u00c4rmel und Saum sind doppelt vern\u00e4ht. Das R\u00fcckenteil des Shirts ist etwas l\u00e4nger als das Vorderteil. Das Poloshirt hat Seitenschlitze, die innen mit wei\u00dfen N\u00e4hten verst\u00e4rkt sind.<\/p>\n<p>Dieses Poloshirt ist in 9 Farben erh\u00e4ltlich. Um die korrekte Farbe anzuzeigen, klicken Sie auf das gew\u00fcnschte Shirt und anschlie\u00dfend erneut auf die Lupe. Sie sehen dann eine realistische Darstellung des Shirts mit der korrekten Farbbeschreibung.<\/p>\n<h4><span style=\"color: #5a7699;\"><strong>Materialangaben<\/strong><\/span><\/h4>\n<p>Es besteht aus hochwertigem 220 g\/m\u00b2 Piqu\u00e9-Gewebe mit Elastananteil. Piqu\u00e9 ist ein Strickgewebe mit einer charakteristischen, leicht strukturierten Oberfl\u00e4che und ist robuster als herk\u00f6mmlicher Jersey. Das Material ist atmungsaktiv, formbest\u00e4ndig, knitterarm und pflegeleicht.<\/p>\n<p>Dank der Basis aus Baumwolle und Elastan bietet es sowohl Atmungsaktivit\u00e4t als auch Dehnbarkeit. Das Poloshirt ist je nach Farbe in verschiedenen Stoffkombinationen erh\u00e4ltlich.<\/p>\n<h4><span style=\"color: #5a7699;\"><strong>Druck-, Stick- und Beschriftungsm\u00f6glichkeiten<\/strong><\/span><\/h4>\n<p>M\u00f6chten Sie unbedruckte Kleidung bestellen, mit Ihrem eigenen Design bedrucken lassen oder ben\u00f6tigen Sie selbst aufzubringende Drucke? Bei Labelfree steht Ihnen unser Team bei jedem Schritt zur Seite.<\/p>\n<p>Labelfree bietet verschiedene Druckm\u00f6glichkeiten, darunter Transferdruck, DTF, Siebdruck und Stickerei. Auch eigene Nackendrucke und Etiketten, beispielsweise auf den \u00c4rmel, sind m\u00f6glich.<\/p>\n<p>Ben\u00f6tigen Sie Hilfe bei Ihrem eigenen Design? Unsere Grafikdesigner unterst\u00fctzen Sie gerne. So stellen wir sicher, dass das Endprodukt perfekt auf Ihre Bed\u00fcrfnisse zugeschnitten ist. Sie erhalten immer zun\u00e4chst ein kostenloses, visuelles Angebot. Kontaktieren Sie uns, um die M\u00f6glichkeiten zur Erstellung Ihrer eigenen Kollektion zu erkunden.<\/p>\n<p>&nbsp;<\/p>\n<p>Gr\u00f6\u00dfentabelle<\/p>\n<p><img decoding=\"async\" class=\"\" src=\"https:\/\/www.stormtextil.dk\/sites\/default\/files\/product-image\/size-charts\/ST808_1.png\" alt=\"st808\" width=\"454\" height=\"105\" \/><\/p>\n<p>&nbsp;<\/p>\n<p>Pflegeanleitung<\/p>\n<p><img decoding=\"async\" class=\"\" src=\"https:\/\/www.stormtextil.dk\/sites\/default\/files\/2018-04\/Storm_washing_instructions_40_83.gif\" width=\"166\" height=\"25\" \/><\/p>\n<p>&nbsp;<\/p>\n<p>&nbsp;<\/p>","protected":false},"excerpt":{"rendered":"<p>Iets getailleerde snit en mooie stretch. vrouwelijke kraag, knoopsluiting 5 knopen. subtiel decoratiestiksel. Piqu\u00e9-stof, 220 g\/m\u00b2 voor de juiste kleur weergave- en omschrijving klikt u op het betreffende shirt en nogmaals op het vergrootglas poloshirt stretch dames Biologisch katoen, Pigu\u00e9 220 g\/m\u00b2 Kwaliteit: 92% gekamd katoen \/ 8% elastaan Antraciet: 58% gekamd katoen \/ 38% [&hellip;]<\/p>\n","protected":false},"featured_media":54306,"template":"","meta":{"_acf_changed":false},"product_brand":[],"product_cat":[118],"product_tag":[],"class_list":{"0":"post-42573","1":"product","2":"type-product","3":"status-publish","4":"has-post-thumbnail","6":"product_cat-polo-shirts","7":"pa_size-2xl","8":"pa_size-l","9":"pa_size-m","10":"pa_size-s","11":"pa_size-xl","12":"pa_size-xs","13":"pa_size-xxl","15":"first","16":"instock","17":"taxable","18":"shipping-taxable","19":"purchasable","20":"product-type-variable"},"acf":[],"yoast_head":"<!-- This site is optimized with the Yoast SEO plugin v27.4 - https:\/\/yoast.com\/product\/yoast-seo-wordpress\/ -->\n<title>Dames Poloshirt stretch - Labelfree<\/title>\n<meta name=\"robots\" content=\"index, follow, max-snippet:-1, max-image-preview:large, max-video-preview:-1\" \/>\n<link rel=\"canonical\" href=\"https:\/\/labelfree.nl\/de\/produkt\/st808-damen-stretch-polo\/\" \/>\n<meta property=\"og:locale\" content=\"de_DE\" \/>\n<meta property=\"og:type\" content=\"article\" \/>\n<meta property=\"og:title\" content=\"Dames Poloshirt stretch - Labelfree\" \/>\n<meta property=\"og:description\" content=\"Iets getailleerde snit en mooie stretch. vrouwelijke kraag, knoopsluiting 5 knopen. subtiel decoratiestiksel. Piqu\u00e9-stof, 220 g\/m\u00b2 voor de juiste kleur weergave- en omschrijving klikt u op het betreffende shirt en nogmaals op het vergrootglas poloshirt stretch dames Biologisch katoen, Pigu\u00e9 220 g\/m\u00b2 Kwaliteit: 92% gekamd katoen \/ 8% elastaan Antraciet: 58% gekamd katoen \/ 38% [&hellip;]\" \/>\n<meta property=\"og:url\" content=\"https:\/\/labelfree.nl\/de\/produkt\/st808-damen-stretch-polo\/\" \/>\n<meta property=\"og:site_name\" content=\"Labelfree\" \/>\n<meta property=\"article:modified_time\" content=\"2026-04-21T00:28:39+00:00\" \/>\n<meta property=\"og:image\" content=\"https:\/\/labelfree.nl\/wp-content\/uploads\/2024\/10\/000808_Lady_Stretch_Polo_01.jpg\" \/>\n\t<meta property=\"og:image:width\" content=\"1000\" \/>\n\t<meta property=\"og:image:height\" content=\"1500\" \/>\n\t<meta property=\"og:image:type\" content=\"image\/jpeg\" \/>\n<meta name=\"twitter:card\" content=\"summary_large_image\" \/>\n<meta name=\"twitter:label1\" content=\"Gesch\u00e4tzte Lesezeit\" \/>\n\t<meta name=\"twitter:data1\" content=\"4\u00a0Minuten\" \/>\n<script type=\"application\/ld+json\" class=\"yoast-schema-graph\">{\"@context\":\"https:\\\/\\\/schema.org\",\"@graph\":[{\"@type\":\"WebPage\",\"@id\":\"https:\\\/\\\/labelfree.nl\\\/product\\\/st808-lady-stretch-polo\\\/\",\"url\":\"https:\\\/\\\/labelfree.nl\\\/product\\\/st808-lady-stretch-polo\\\/\",\"name\":\"Dames Poloshirt stretch - Labelfree\",\"isPartOf\":{\"@id\":\"https:\\\/\\\/labelfree.nl\\\/#website\"},\"primaryImageOfPage\":{\"@id\":\"https:\\\/\\\/labelfree.nl\\\/product\\\/st808-lady-stretch-polo\\\/#primaryimage\"},\"image\":{\"@id\":\"https:\\\/\\\/labelfree.nl\\\/product\\\/st808-lady-stretch-polo\\\/#primaryimage\"},\"thumbnailUrl\":\"https:\\\/\\\/labelfree.nl\\\/wp-content\\\/uploads\\\/2024\\\/10\\\/000808_Lady_Stretch_Polo_01.jpg\",\"datePublished\":\"2024-10-24T16:32:14+00:00\",\"dateModified\":\"2026-04-21T00:28:39+00:00\",\"breadcrumb\":{\"@id\":\"https:\\\/\\\/labelfree.nl\\\/product\\\/st808-lady-stretch-polo\\\/#breadcrumb\"},\"inLanguage\":\"de\",\"potentialAction\":[{\"@type\":\"ReadAction\",\"target\":[\"https:\\\/\\\/labelfree.nl\\\/product\\\/st808-lady-stretch-polo\\\/\"]}]},{\"@type\":\"ImageObject\",\"inLanguage\":\"de\",\"@id\":\"https:\\\/\\\/labelfree.nl\\\/product\\\/st808-lady-stretch-polo\\\/#primaryimage\",\"url\":\"https:\\\/\\\/labelfree.nl\\\/wp-content\\\/uploads\\\/2024\\\/10\\\/000808_Lady_Stretch_Polo_01.jpg\",\"contentUrl\":\"https:\\\/\\\/labelfree.nl\\\/wp-content\\\/uploads\\\/2024\\\/10\\\/000808_Lady_Stretch_Polo_01.jpg\",\"width\":1000,\"height\":1500},{\"@type\":\"BreadcrumbList\",\"@id\":\"https:\\\/\\\/labelfree.nl\\\/product\\\/st808-lady-stretch-polo\\\/#breadcrumb\",\"itemListElement\":[{\"@type\":\"ListItem\",\"position\":1,\"name\":\"Home\",\"item\":\"https:\\\/\\\/labelfree.nl\\\/\"},{\"@type\":\"ListItem\",\"position\":2,\"name\":\"Webshop\",\"item\":\"https:\\\/\\\/labelfree.nl\\\/webshop\\\/\"},{\"@type\":\"ListItem\",\"position\":3,\"name\":\"Dames Poloshirt stretch\"}]},{\"@type\":\"WebSite\",\"@id\":\"https:\\\/\\\/labelfree.nl\\\/#website\",\"url\":\"https:\\\/\\\/labelfree.nl\\\/\",\"name\":\"Labelfree\",\"description\":\"Brandless quality\",\"potentialAction\":[{\"@type\":\"SearchAction\",\"target\":{\"@type\":\"EntryPoint\",\"urlTemplate\":\"https:\\\/\\\/labelfree.nl\\\/?s={search_term_string}\"},\"query-input\":{\"@type\":\"PropertyValueSpecification\",\"valueRequired\":true,\"valueName\":\"search_term_string\"}}],\"inLanguage\":\"de\"}]}<\/script>\n<!-- \/ Yoast SEO plugin. -->","yoast_head_json":{"title":"Damen Poloshirt Stretch - Etikettenfrei","robots":{"index":"index","follow":"follow","max-snippet":"max-snippet:-1","max-image-preview":"max-image-preview:large","max-video-preview":"max-video-preview:-1"},"canonical":"https:\/\/labelfree.nl\/de\/produkt\/st808-damen-stretch-polo\/","og_locale":"de_DE","og_type":"article","og_title":"Dames Poloshirt stretch - Labelfree","og_description":"Iets getailleerde snit en mooie stretch. vrouwelijke kraag, knoopsluiting 5 knopen. subtiel decoratiestiksel. Piqu\u00e9-stof, 220 g\/m\u00b2 voor de juiste kleur weergave- en omschrijving klikt u op het betreffende shirt en nogmaals op het vergrootglas poloshirt stretch dames Biologisch katoen, Pigu\u00e9 220 g\/m\u00b2 Kwaliteit: 92% gekamd katoen \/ 8% elastaan Antraciet: 58% gekamd katoen \/ 38% [&hellip;]","og_url":"https:\/\/labelfree.nl\/de\/produkt\/st808-damen-stretch-polo\/","og_site_name":"Labelfree","article_modified_time":"2026-04-21T00:28:39+00:00","og_image":[{"width":1000,"height":1500,"url":"https:\/\/labelfree.nl\/wp-content\/uploads\/2024\/10\/000808_Lady_Stretch_Polo_01.jpg","type":"image\/jpeg"}],"twitter_card":"summary_large_image","twitter_misc":{"Gesch\u00e4tzte Lesezeit":"4\u00a0Minuten"},"schema":{"@context":"https:\/\/schema.org","@graph":[{"@type":"WebPage","@id":"https:\/\/labelfree.nl\/product\/st808-lady-stretch-polo\/","url":"https:\/\/labelfree.nl\/product\/st808-lady-stretch-polo\/","name":"Damen Poloshirt Stretch - Etikettenfrei","isPartOf":{"@id":"https:\/\/labelfree.nl\/#website"},"primaryImageOfPage":{"@id":"https:\/\/labelfree.nl\/product\/st808-lady-stretch-polo\/#primaryimage"},"image":{"@id":"https:\/\/labelfree.nl\/product\/st808-lady-stretch-polo\/#primaryimage"},"thumbnailUrl":"https:\/\/labelfree.nl\/wp-content\/uploads\/2024\/10\/000808_Lady_Stretch_Polo_01.jpg","datePublished":"2024-10-24T16:32:14+00:00","dateModified":"2026-04-21T00:28:39+00:00","breadcrumb":{"@id":"https:\/\/labelfree.nl\/product\/st808-lady-stretch-polo\/#breadcrumb"},"inLanguage":"de","potentialAction":[{"@type":"ReadAction","target":["https:\/\/labelfree.nl\/product\/st808-lady-stretch-polo\/"]}]},{"@type":"ImageObject","inLanguage":"de","@id":"https:\/\/labelfree.nl\/product\/st808-lady-stretch-polo\/#primaryimage","url":"https:\/\/labelfree.nl\/wp-content\/uploads\/2024\/10\/000808_Lady_Stretch_Polo_01.jpg","contentUrl":"https:\/\/labelfree.nl\/wp-content\/uploads\/2024\/10\/000808_Lady_Stretch_Polo_01.jpg","width":1000,"height":1500},{"@type":"BreadcrumbList","@id":"https:\/\/labelfree.nl\/product\/st808-lady-stretch-polo\/#breadcrumb","itemListElement":[{"@type":"ListItem","position":1,"name":"Home","item":"https:\/\/labelfree.nl\/"},{"@type":"ListItem","position":2,"name":"Webshop","item":"https:\/\/labelfree.nl\/webshop\/"},{"@type":"ListItem","position":3,"name":"Dames Poloshirt stretch"}]},{"@type":"WebSite","@id":"https:\/\/labelfree.nl\/#website","url":"https:\/\/labelfree.nl\/","name":"Etikettenfrei","description":"Markenlose Qualit\u00e4t","potentialAction":[{"@type":"SearchAction","target":{"@type":"EntryPoint","urlTemplate":"https:\/\/labelfree.nl\/?s={search_term_string}"},"query-input":{"@type":"PropertyValueSpecification","valueRequired":true,"valueName":"search_term_string"}}],"inLanguage":"de"}]}},"jetpack_sharing_enabled":true,"_links":{"self":[{"href":"https:\/\/labelfree.nl\/de\/wp-json\/wp\/v2\/product\/42573","targetHints":{"allow":["GET"]}}],"collection":[{"href":"https:\/\/labelfree.nl\/de\/wp-json\/wp\/v2\/product"}],"about":[{"href":"https:\/\/labelfree.nl\/de\/wp-json\/wp\/v2\/types\/product"}],"wp:featuredmedia":[{"embeddable":true,"href":"https:\/\/labelfree.nl\/de\/wp-json\/wp\/v2\/media\/54306"}],"wp:attachment":[{"href":"https:\/\/labelfree.nl\/de\/wp-json\/wp\/v2\/media?parent=42573"}],"wp:term":[{"taxonomy":"product_brand","embeddable":true,"href":"https:\/\/labelfree.nl\/de\/wp-json\/wp\/v2\/product_brand?post=42573"},{"taxonomy":"product_cat","embeddable":true,"href":"https:\/\/labelfree.nl\/de\/wp-json\/wp\/v2\/product_cat?post=42573"},{"taxonomy":"product_tag","embeddable":true,"href":"https:\/\/labelfree.nl\/de\/wp-json\/wp\/v2\/product_tag?post=42573"}],"curies":[{"name":"wp","href":"https:\/\/api.w.org\/{rel}","templated":true}]}}