{"id":42722,"date":"2024-10-24T18:34:04","date_gmt":"2024-10-24T16:34:04","guid":{"rendered":"https:\/\/labelfree.nl\/product\/st713-quarter-zip-sweat\/"},"modified":"2026-04-26T02:03:58","modified_gmt":"2026-04-26T00:03:58","slug":"sweater-kwartrits-werkkleding-blanco-printmogelijkheden-ontwerphulp","status":"publish","type":"product","link":"https:\/\/labelfree.nl\/de\/produkt\/st713-sweatshirt-mit-viertelreisverschluss\/","title":{"rendered":"Sweatshirt mit Viertelrei\u00dfverschluss \u2013 Arbeitskleidung"},"content":{"rendered":"<p><span style=\"color: #333333;\">Pullover mit Viertelrei\u00dfverschluss. Isoli-Jersey, 320 g\/m\u00b2. Bequem, atmungsaktiv und von hoher, luxuri\u00f6ser Qualit\u00e4t. Geeignet als Arbeitskleidung.<\/span><\/p>\n<p><span style=\"color: #333333;\"><em>F\u00fcr die korrekte Farbdarstellung und -beschreibung klicken Sie auf das betreffende Hemd und anschlie\u00dfend erneut auf die Lupe.<\/em><\/span><\/p>\n<p>&nbsp;<\/p>\n<h3><span style=\"color: #5a7699;\"><strong>Sweatshirt mit Viertelrei\u00dfverschluss \u2013 Arbeitskleidung<\/strong><\/span><\/h3>\n<p><strong>Gek\u00e4mmte Baumwolle und recyceltes Polyester. Isoli, 320 g\/m\u00b2<\/strong><\/p>\n<p><img decoding=\"async\" class=\"alignnone size-full wp-image-57060\" src=\"https:\/\/labelfree.nl\/wp-content\/uploads\/2024\/10\/oeko-1.jpg\" alt=\"\" width=\"145\" height=\"75\" srcset=\"https:\/\/labelfree.nl\/wp-content\/uploads\/2024\/10\/oeko-1.jpg 145w, https:\/\/labelfree.nl\/wp-content\/uploads\/2024\/10\/oeko-1-18x9.jpg 18w\" sizes=\"(max-width: 145px) 100vw, 145px\" \/><\/p>\n<ul>\n<li>Qualit\u00e4t: 651 TP3T gek\u00e4mmte Baumwolle \/ 351 TP3T recyceltes Polyester<\/li>\n<li>Oxford Grey: 74% gek\u00e4mmte Baumwolle \/ 11% Polyester \/ 15% Viskose<\/li>\n<li>Isolierung<\/li>\n<li>Gewicht: 320 g\/m\u00b2<\/li>\n<li>\u00bc-Rei\u00dfverschluss<\/li>\n<li>Erh\u00e4ltlich in 3 Farben<\/li>\n<li>Erh\u00e4ltlich von Gr\u00f6\u00dfe S bis 3XL<\/li>\n<li>Markenlos, kleines Gr\u00f6\u00dfenetikett im Halsausschnitt<\/li>\n<li>Geeignet f\u00fcr Siebdruck, Transferdruck, DTG-Druck und Stickerei<\/li>\n<li>Schachtel: 20 St\u00fcck. Einzelverpackung: 10 St\u00fcck. Auch einzeln erh\u00e4ltlich.<\/li>\n<\/ul>\n<p><strong>\u00a0<\/strong><\/p>\n<h4><span style=\"color: #5a7699;\"><strong>Unisex-Sweatshirt mit Viertelrei\u00dfverschluss \u2013 bequem und hochwertig <\/strong><\/span><\/h4>\n<p>Unser Sweatshirt mit Viertelrei\u00dfverschluss besteht aus gek\u00e4mmter Baumwolle und recyceltem Polyester und bietet dadurch hohen Tragekomfort und Langlebigkeit. Die gek\u00e4mmte Baumwolle sorgt f\u00fcr ein angenehmes Tragegef\u00fchl. Mit einem Gewicht von 320 g\/m\u00b2 ist das Material etwas schwerer und eignet sich perfekt f\u00fcr k\u00e4ltere Tage, ohne dabei an Atmungsaktivit\u00e4t einzub\u00fc\u00dfen. Ob uni oder bedruckt \u2013 das Sweatshirt ist vielseitig einsetzbar und besticht durch seinen luxuri\u00f6sen, sportlichen Look.<\/p>\n<p>Der Rei\u00dfverschluss verl\u00e4uft etwa ein Viertel der L\u00e4nge des Pullovers, beginnend am Hals. Das Sweatshirt hat einen Stehkragen, klassische B\u00fcndchen und einen klassischen Saum. Die breiten Lycra-Rippb\u00fcndchen an \u00c4rmeln und Saum sorgen f\u00fcr eine bequeme, nicht einengende Passform. Doppelte N\u00e4hte und Seitenn\u00e4hte verleihen dem Pullover Stabilit\u00e4t und Formbest\u00e4ndigkeit.<\/p>\n<h4><span style=\"color: #5a7699;\"><strong>Materialangaben<\/strong><\/span><\/h4>\n<p>Bio-Baumwolle und recyceltes Polyester. Die Grundzusammensetzung besteht aus 65 % gek\u00e4mmter Baumwolle und 35 % recyceltem Polyester und bietet ein optimales Verh\u00e4ltnis von Atmungsaktivit\u00e4t und Strapazierf\u00e4higkeit. Die Farbe Oxford Grey setzt sich aus 74 % Baumwolle, 11 % Polyester und 15 % Viskose zusammen und verleiht dem Sweatshirt eine etwas andere Optik und Haptik.<\/p>\n<p>Es besteht aus Isoli-Jersey (320 g\/m\u00b2). Isoli-Stoff wird als Single-Jersey gestrickt, wobei w\u00e4hrend der Produktion ein zus\u00e4tzlicher Faden auf der R\u00fcckseite eingearbeitet wird. Diese Seite wird oft angeraut oder angeraut, wodurch die R\u00fcckseite weich und warm wird.<\/p>\n<p>Das Gewicht von 320 g\/m\u00b2 sorgt f\u00fcr zus\u00e4tzliche Festigkeit und tr\u00e4gt dazu bei, dass der Pullover auch nach h\u00e4ufigem Waschen seine Form beh\u00e4lt.<\/p>\n<h4><span style=\"color: #5a7699;\"><strong>Druck-, Stick- und Beschriftungsm\u00f6glichkeiten<\/strong><\/span><\/h4>\n<p>Unser gesamtes Sortiment eignet sich f\u00fcr B2B-Kunden. M\u00f6chten Sie unbedruckte Textilien bestellen, diese mit Ihrem eigenen Design bedrucken lassen oder ben\u00f6tigen Sie Druckvorlagen zum Selbstaufbringen? Das Team von Labelfree unterst\u00fctzt Sie gerne bei jedem Schritt.<\/p>\n<p>Labelfree bietet verschiedene Druckm\u00f6glichkeiten, darunter Transferdruck, DTF, Siebdruck und Stickerei. Auch eigene Nackendrucke und Etiketten, beispielsweise auf den \u00c4rmel, sind m\u00f6glich.<\/p>\n<p>Ben\u00f6tigen Sie Hilfe bei Ihrem eigenen Design? Unsere Grafikdesigner unterst\u00fctzen Sie gerne. So stellen wir sicher, dass das Endprodukt perfekt auf Ihre Bed\u00fcrfnisse zugeschnitten ist. Sie erhalten immer zun\u00e4chst ein kostenloses, visuelles Angebot. Kontaktieren Sie uns, um die M\u00f6glichkeiten zur Erstellung Ihrer eigenen Kollektion zu erkunden.<\/p>\n<p>&nbsp;<\/p>\n<p>Gr\u00f6\u00dfentabelle<\/p>\n<p><img fetchpriority=\"high\" decoding=\"async\" class=\"alignnone wp-image-57061\" src=\"https:\/\/labelfree.nl\/wp-content\/uploads\/2024\/10\/000713_Quater_Zip_Sweat-300x53.png\" alt=\"\" width=\"549\" height=\"97\" srcset=\"https:\/\/labelfree.nl\/wp-content\/uploads\/2024\/10\/000713_Quater_Zip_Sweat-300x53.png 300w, https:\/\/labelfree.nl\/wp-content\/uploads\/2024\/10\/000713_Quater_Zip_Sweat-1030x181.png 1030w, https:\/\/labelfree.nl\/wp-content\/uploads\/2024\/10\/000713_Quater_Zip_Sweat-768x135.png 768w, https:\/\/labelfree.nl\/wp-content\/uploads\/2024\/10\/000713_Quater_Zip_Sweat-18x3.png 18w, https:\/\/labelfree.nl\/wp-content\/uploads\/2024\/10\/000713_Quater_Zip_Sweat-600x105.png 600w, https:\/\/labelfree.nl\/wp-content\/uploads\/2024\/10\/000713_Quater_Zip_Sweat.png 1071w\" sizes=\"(max-width: 549px) 100vw, 549px\" \/><\/p>\n<p>&nbsp;<\/p>\n<p>Pflegeanleitung<\/p>\n<p><img decoding=\"async\" class=\"alignnone wp-image-57062\" src=\"https:\/\/labelfree.nl\/wp-content\/uploads\/2024\/10\/Storm_washing_instructions_40_0.gif\" alt=\"\" width=\"173\" height=\"26\" \/><\/p>","protected":false},"excerpt":{"rendered":"<p>Sweater met een kwart rits. Isoli jersey stof, 320 g\/m\u00b2. Fijn draagcomfort, ademend en heavy luxe quality. Geschikt als werkkleding voor de juiste kleur weergave- en omschrijving klikt u op het betreffende shirt en nogmaals op het vergrootglas &nbsp; sweatshirt kwart rits &#8211; werkkleding Gekamd katoen en gerecycled polyester. Isoli, 320 g\/m\u00b2 Kwaliteit: 65% gekamd [&hellip;]<\/p>\n","protected":false},"featured_media":54343,"template":"","meta":{"_acf_changed":false},"product_brand":[],"product_cat":[424,108,114],"product_tag":[],"class_list":{"0":"post-42722","1":"product","2":"type-product","3":"status-publish","4":"has-post-thumbnail","6":"product_cat-sweaters","7":"product_cat-sweatshirts","8":"product_cat-zip-sweat","9":"pa_size-2xl","10":"pa_size-3xl","11":"pa_size-l","12":"pa_size-m","13":"pa_size-s","14":"pa_size-xl","15":"pa_size-xxl","17":"first","18":"instock","19":"taxable","20":"shipping-taxable","21":"purchasable","22":"product-type-variable"},"acf":[],"yoast_head":"<!-- This site is optimized with the Yoast SEO plugin v27.4 - https:\/\/yoast.com\/product\/yoast-seo-wordpress\/ -->\n<title>Sweatshirt kwart rits - werkkleding - Labelfree<\/title>\n<meta name=\"description\" content=\"Sweater met kwart rits. Isoli jersey stof, 320 g\/m\u00b2. Ademend en zware kwaliteit. Blanco werkkleding printmogelijkheden en ontwerphulp\" \/>\n<meta name=\"robots\" content=\"index, follow, max-snippet:-1, max-image-preview:large, max-video-preview:-1\" \/>\n<link rel=\"canonical\" href=\"https:\/\/labelfree.nl\/de\/produkt\/st713-sweatshirt-mit-viertelreisverschluss\/\" \/>\n<meta property=\"og:locale\" content=\"de_DE\" \/>\n<meta property=\"og:type\" content=\"article\" \/>\n<meta property=\"og:title\" content=\"Sweatshirt kwart rits - werkkleding - Labelfree\" \/>\n<meta property=\"og:description\" content=\"Sweater met kwart rits. Isoli jersey stof, 320 g\/m\u00b2. Ademend en zware kwaliteit. Blanco werkkleding printmogelijkheden en ontwerphulp\" \/>\n<meta property=\"og:url\" content=\"https:\/\/labelfree.nl\/de\/produkt\/st713-sweatshirt-mit-viertelreisverschluss\/\" \/>\n<meta property=\"og:site_name\" content=\"Labelfree\" \/>\n<meta property=\"article:modified_time\" content=\"2026-04-26T00:03:58+00:00\" \/>\n<meta property=\"og:image\" content=\"https:\/\/labelfree.nl\/wp-content\/uploads\/2024\/10\/000713_Quarter_Zip_Sweat_01.jpg\" \/>\n\t<meta property=\"og:image:width\" content=\"1280\" \/>\n\t<meta property=\"og:image:height\" content=\"1920\" \/>\n\t<meta property=\"og:image:type\" content=\"image\/jpeg\" \/>\n<meta name=\"twitter:card\" content=\"summary_large_image\" \/>\n<meta name=\"twitter:label1\" content=\"Gesch\u00e4tzte Lesezeit\" \/>\n\t<meta name=\"twitter:data1\" content=\"4\u00a0Minuten\" \/>\n<script type=\"application\/ld+json\" class=\"yoast-schema-graph\">{\"@context\":\"https:\\\/\\\/schema.org\",\"@graph\":[{\"@type\":\"WebPage\",\"@id\":\"https:\\\/\\\/labelfree.nl\\\/product\\\/sweater-kwartrits-werkkleding-blanco-printmogelijkheden-ontwerphulp\\\/\",\"url\":\"https:\\\/\\\/labelfree.nl\\\/product\\\/sweater-kwartrits-werkkleding-blanco-printmogelijkheden-ontwerphulp\\\/\",\"name\":\"Sweatshirt kwart rits - werkkleding - Labelfree\",\"isPartOf\":{\"@id\":\"https:\\\/\\\/labelfree.nl\\\/#website\"},\"primaryImageOfPage\":{\"@id\":\"https:\\\/\\\/labelfree.nl\\\/product\\\/sweater-kwartrits-werkkleding-blanco-printmogelijkheden-ontwerphulp\\\/#primaryimage\"},\"image\":{\"@id\":\"https:\\\/\\\/labelfree.nl\\\/product\\\/sweater-kwartrits-werkkleding-blanco-printmogelijkheden-ontwerphulp\\\/#primaryimage\"},\"thumbnailUrl\":\"https:\\\/\\\/labelfree.nl\\\/wp-content\\\/uploads\\\/2024\\\/10\\\/000713_Quarter_Zip_Sweat_01.jpg\",\"datePublished\":\"2024-10-24T16:34:04+00:00\",\"dateModified\":\"2026-04-26T00:03:58+00:00\",\"description\":\"Sweater met kwart rits. Isoli jersey stof, 320 g\\\/m\u00b2. Ademend en zware kwaliteit. Blanco werkkleding printmogelijkheden en ontwerphulp\",\"breadcrumb\":{\"@id\":\"https:\\\/\\\/labelfree.nl\\\/product\\\/sweater-kwartrits-werkkleding-blanco-printmogelijkheden-ontwerphulp\\\/#breadcrumb\"},\"inLanguage\":\"de\",\"potentialAction\":[{\"@type\":\"ReadAction\",\"target\":[\"https:\\\/\\\/labelfree.nl\\\/product\\\/sweater-kwartrits-werkkleding-blanco-printmogelijkheden-ontwerphulp\\\/\"]}]},{\"@type\":\"ImageObject\",\"inLanguage\":\"de\",\"@id\":\"https:\\\/\\\/labelfree.nl\\\/product\\\/sweater-kwartrits-werkkleding-blanco-printmogelijkheden-ontwerphulp\\\/#primaryimage\",\"url\":\"https:\\\/\\\/labelfree.nl\\\/wp-content\\\/uploads\\\/2024\\\/10\\\/000713_Quarter_Zip_Sweat_01.jpg\",\"contentUrl\":\"https:\\\/\\\/labelfree.nl\\\/wp-content\\\/uploads\\\/2024\\\/10\\\/000713_Quarter_Zip_Sweat_01.jpg\",\"width\":1280,\"height\":1920},{\"@type\":\"BreadcrumbList\",\"@id\":\"https:\\\/\\\/labelfree.nl\\\/product\\\/sweater-kwartrits-werkkleding-blanco-printmogelijkheden-ontwerphulp\\\/#breadcrumb\",\"itemListElement\":[{\"@type\":\"ListItem\",\"position\":1,\"name\":\"Home\",\"item\":\"https:\\\/\\\/labelfree.nl\\\/\"},{\"@type\":\"ListItem\",\"position\":2,\"name\":\"Webshop\",\"item\":\"https:\\\/\\\/labelfree.nl\\\/webshop\\\/\"},{\"@type\":\"ListItem\",\"position\":3,\"name\":\"Sweatshirt kwart rits &#8211; werkkleding\"}]},{\"@type\":\"WebSite\",\"@id\":\"https:\\\/\\\/labelfree.nl\\\/#website\",\"url\":\"https:\\\/\\\/labelfree.nl\\\/\",\"name\":\"Labelfree\",\"description\":\"Brandless quality\",\"potentialAction\":[{\"@type\":\"SearchAction\",\"target\":{\"@type\":\"EntryPoint\",\"urlTemplate\":\"https:\\\/\\\/labelfree.nl\\\/?s={search_term_string}\"},\"query-input\":{\"@type\":\"PropertyValueSpecification\",\"valueRequired\":true,\"valueName\":\"search_term_string\"}}],\"inLanguage\":\"de\"}]}<\/script>\n<!-- \/ Yoast SEO plugin. -->","yoast_head_json":{"title":"Sweatshirt mit Viertelrei\u00dfverschluss \u2013 Arbeitskleidung \u2013 Labelfree","description":"Pullover mit Viertelrei\u00dfverschluss. 320 g\/m\u00b2 Isoli-Jersey. Atmungsaktiv und schwer. Druckoptionen f\u00fcr unbedruckte Arbeitskleidung und Designunterst\u00fctzung.","robots":{"index":"index","follow":"follow","max-snippet":"max-snippet:-1","max-image-preview":"max-image-preview:large","max-video-preview":"max-video-preview:-1"},"canonical":"https:\/\/labelfree.nl\/de\/produkt\/st713-sweatshirt-mit-viertelreisverschluss\/","og_locale":"de_DE","og_type":"article","og_title":"Sweatshirt kwart rits - werkkleding - Labelfree","og_description":"Sweater met kwart rits. Isoli jersey stof, 320 g\/m\u00b2. Ademend en zware kwaliteit. Blanco werkkleding printmogelijkheden en ontwerphulp","og_url":"https:\/\/labelfree.nl\/de\/produkt\/st713-sweatshirt-mit-viertelreisverschluss\/","og_site_name":"Labelfree","article_modified_time":"2026-04-26T00:03:58+00:00","og_image":[{"width":1280,"height":1920,"url":"https:\/\/labelfree.nl\/wp-content\/uploads\/2024\/10\/000713_Quarter_Zip_Sweat_01.jpg","type":"image\/jpeg"}],"twitter_card":"summary_large_image","twitter_misc":{"Gesch\u00e4tzte Lesezeit":"4\u00a0Minuten"},"schema":{"@context":"https:\/\/schema.org","@graph":[{"@type":"WebPage","@id":"https:\/\/labelfree.nl\/product\/sweater-kwartrits-werkkleding-blanco-printmogelijkheden-ontwerphulp\/","url":"https:\/\/labelfree.nl\/product\/sweater-kwartrits-werkkleding-blanco-printmogelijkheden-ontwerphulp\/","name":"Sweatshirt mit Viertelrei\u00dfverschluss \u2013 Arbeitskleidung \u2013 Labelfree","isPartOf":{"@id":"https:\/\/labelfree.nl\/#website"},"primaryImageOfPage":{"@id":"https:\/\/labelfree.nl\/product\/sweater-kwartrits-werkkleding-blanco-printmogelijkheden-ontwerphulp\/#primaryimage"},"image":{"@id":"https:\/\/labelfree.nl\/product\/sweater-kwartrits-werkkleding-blanco-printmogelijkheden-ontwerphulp\/#primaryimage"},"thumbnailUrl":"https:\/\/labelfree.nl\/wp-content\/uploads\/2024\/10\/000713_Quarter_Zip_Sweat_01.jpg","datePublished":"2024-10-24T16:34:04+00:00","dateModified":"2026-04-26T00:03:58+00:00","description":"Pullover mit Viertelrei\u00dfverschluss. 320 g\/m\u00b2 Isoli-Jersey. Atmungsaktiv und schwer. Druckoptionen f\u00fcr unbedruckte Arbeitskleidung und Designunterst\u00fctzung.","breadcrumb":{"@id":"https:\/\/labelfree.nl\/product\/sweater-kwartrits-werkkleding-blanco-printmogelijkheden-ontwerphulp\/#breadcrumb"},"inLanguage":"de","potentialAction":[{"@type":"ReadAction","target":["https:\/\/labelfree.nl\/product\/sweater-kwartrits-werkkleding-blanco-printmogelijkheden-ontwerphulp\/"]}]},{"@type":"ImageObject","inLanguage":"de","@id":"https:\/\/labelfree.nl\/product\/sweater-kwartrits-werkkleding-blanco-printmogelijkheden-ontwerphulp\/#primaryimage","url":"https:\/\/labelfree.nl\/wp-content\/uploads\/2024\/10\/000713_Quarter_Zip_Sweat_01.jpg","contentUrl":"https:\/\/labelfree.nl\/wp-content\/uploads\/2024\/10\/000713_Quarter_Zip_Sweat_01.jpg","width":1280,"height":1920},{"@type":"BreadcrumbList","@id":"https:\/\/labelfree.nl\/product\/sweater-kwartrits-werkkleding-blanco-printmogelijkheden-ontwerphulp\/#breadcrumb","itemListElement":[{"@type":"ListItem","position":1,"name":"Home","item":"https:\/\/labelfree.nl\/"},{"@type":"ListItem","position":2,"name":"Webshop","item":"https:\/\/labelfree.nl\/webshop\/"},{"@type":"ListItem","position":3,"name":"Sweatshirt kwart rits &#8211; werkkleding"}]},{"@type":"WebSite","@id":"https:\/\/labelfree.nl\/#website","url":"https:\/\/labelfree.nl\/","name":"Etikettenfrei","description":"Markenlose Qualit\u00e4t","potentialAction":[{"@type":"SearchAction","target":{"@type":"EntryPoint","urlTemplate":"https:\/\/labelfree.nl\/?s={search_term_string}"},"query-input":{"@type":"PropertyValueSpecification","valueRequired":true,"valueName":"search_term_string"}}],"inLanguage":"de"}]}},"jetpack_sharing_enabled":true,"_links":{"self":[{"href":"https:\/\/labelfree.nl\/de\/wp-json\/wp\/v2\/product\/42722","targetHints":{"allow":["GET"]}}],"collection":[{"href":"https:\/\/labelfree.nl\/de\/wp-json\/wp\/v2\/product"}],"about":[{"href":"https:\/\/labelfree.nl\/de\/wp-json\/wp\/v2\/types\/product"}],"wp:featuredmedia":[{"embeddable":true,"href":"https:\/\/labelfree.nl\/de\/wp-json\/wp\/v2\/media\/54343"}],"wp:attachment":[{"href":"https:\/\/labelfree.nl\/de\/wp-json\/wp\/v2\/media?parent=42722"}],"wp:term":[{"taxonomy":"product_brand","embeddable":true,"href":"https:\/\/labelfree.nl\/de\/wp-json\/wp\/v2\/product_brand?post=42722"},{"taxonomy":"product_cat","embeddable":true,"href":"https:\/\/labelfree.nl\/de\/wp-json\/wp\/v2\/product_cat?post=42722"},{"taxonomy":"product_tag","embeddable":true,"href":"https:\/\/labelfree.nl\/de\/wp-json\/wp\/v2\/product_tag?post=42722"}],"curies":[{"name":"wp","href":"https:\/\/api.w.org\/{rel}","templated":true}]}}