{"id":43164,"date":"2024-10-24T18:38:57","date_gmt":"2024-10-24T16:38:57","guid":{"rendered":"https:\/\/labelfree.nl\/product\/st729-lady-sport-hooded-zip\/"},"modified":"2026-04-26T02:03:45","modified_gmt":"2026-04-26T00:03:45","slug":"st729-sportieve-dames-hoodie-rits-modern-blanco-bedrukken","status":"publish","type":"product","link":"https:\/\/labelfree.nl\/de\/produkt\/st729-damen-sport-kapuzenreisverschluss\/","title":{"rendered":"Sportlicher Damen-Hoodie mit Rei\u00dfverschluss"},"content":{"rendered":"<p><span style=\"color: #333333;\">Sportlicher und moderner Kapuzenpullover mit Rei\u00dfverschluss. Aus Bio-Baumwolle und B2B-geeignet. Modernes Design. French Terry, 320 g\/m\u00b2. Fein elastisch. Atmungsaktiv und saugf\u00e4hig.<\/span><\/p>\n<p>&nbsp;<\/p>\n<h3><span style=\"color: #5a7699;\"><strong>Damen-Sport-Hoodie mit Rei\u00dfverschluss<\/strong><\/span><\/h3>\n<p><strong>921T Bio-Baumwolle \/ 81T Elastan. Franz\u00f6sischer Frottee, 320 g\/m\u00b2<\/strong><\/p>\n<ul>\n<li>Schwarz: 92% gek\u00e4mmte Baumwolle \/ 8% Elastan<\/li>\n<li>Heather Black: 72% gek\u00e4mmte Baumwolle \/ 20% Polyester \/ 8% Elastan<\/li>\n<li>Oxford Grey: 77% gek\u00e4mmte Baumwolle \/ 15% Viskose \/ 8% Elastan<\/li>\n<li>French Terry<\/li>\n<li>Gewicht: 320 g\/m\u00b2<\/li>\n<li>Seitliche Taschen mit Rei\u00dfverschluss<\/li>\n<li>Erh\u00e4ltlich in 3 Farben<\/li>\n<li>Erh\u00e4ltlich von Gr\u00f6\u00dfe XS bis 2XL<\/li>\n<li>Markenlos, kleines Gr\u00f6\u00dfenetikett im Halsausschnitt<\/li>\n<li>Geeignet f\u00fcr Siebdruck, Transferdruck, DTG-Druck und Stickerei<\/li>\n<li>Schachtel: 20 St\u00fcck. Einzelverpackung: 10 St\u00fcck. Auch einzeln erh\u00e4ltlich.<\/li>\n<\/ul>\n<p><strong>\u00a0<\/strong><\/p>\n<h4><span style=\"color: #5a7699;\"><strong>Sportlicher Kapuzenpullover mit Rei\u00dfverschluss \u2013 sportlich und bequem<\/strong><\/span><\/h4>\n<p>Unser sportlicher Damen-Kapuzenpullover mit Rei\u00dfverschluss ist aus hochwertiger Bio-Baumwolle mit einem Hauch Elastan gefertigt. Das Elastan im Stoff sorgt f\u00fcr eine glatte, bequeme Passform und angenehme Dehnbarkeit. Der Pullover hat schwarze Rei\u00dfverschl\u00fcsse und Seitenn\u00e4hte. Die Kapuze ist mit schwarzen Kordelz\u00fcgen versehen. Der Hoodie hat eine gerade, moderne Passform.<\/p>\n<p>French Terry ist ein weicher Strickstoff mit einer glatten Au\u00dfenseite und einer Schlingenstruktur auf der Innenseite. Dank dieser Stricktechnik ist der Stoff sehr saugf\u00e4hig und daher ideal f\u00fcr einen aktiven Lebensstil. Er ist angenehm dehnbar.<\/p>\n<p>Alle Hoodie-Farben haben einen schwarzen Rei\u00dfverschluss vorne, und auch die Seitentaschen sind mit schwarzen Rei\u00dfverschl\u00fcssen versehen. Sie verf\u00fcgen alle \u00fcber breite, schwarze Kordelz\u00fcge mit geschlossenen, ebenfalls schwarz beschichteten Metall\u00f6sen. \u00c4rmel und Saum sind mit breiten, 2x2-gerippten Lycra-B\u00fcndchen mit Elastananteil abgeschlossen.<\/p>\n<h4><span style=\"color: #5a7699;\"><strong>Materialangaben<\/strong><\/span><\/h4>\n<p>Bio-Baumwolle. Die Materialzusammensetzung besteht je nach Farbe aus verschiedenen zertifizierten Materialien. Schwarz: 921 % Bio-Baumwolle\/81 % Elastan. Oxford-Grau: 77 % Baumwolle\/15 % Viskose\/81 % Elastan. Melange-Schwarz: 72 % Baumwolle\/20 % Polyester\/81 % Elastan. Der schwarze Pullover eignet sich besonders gut f\u00fcr den DTG-Druck.<\/p>\n<p>Es besteht aus French-Terry-Gewebe mit einem Gewicht von 320 g\/m\u00b2. Es handelt sich um einen weichen, gestrickten Jersey-Stoff mit einer besonderen Struktur: Die Au\u00dfenseite ist glatt wie bei Single-Jersey, w\u00e4hrend die Innenseite eine Schlingenstruktur aufweist. Die Innenseite ist nicht angeraut. Diese Stricktechnik verleiht dem Stoff hervorragende Saugf\u00e4higkeit und Atmungsaktivit\u00e4t. Er ist geschmeidig und formbest\u00e4ndig.<\/p>\n<h4><span style=\"color: #5a7699;\"><strong>Druck-, Stick- und Beschriftungsm\u00f6glichkeiten<\/strong><\/span><\/h4>\n<p>Unser gesamtes Sortiment eignet sich f\u00fcr B2B-Kunden. M\u00f6chten Sie unbedruckte Textilien bestellen, diese mit Ihrem eigenen Design bedrucken lassen oder ben\u00f6tigen Sie Druckvorlagen zum Selbstaufbringen? Das Team von Labelfree unterst\u00fctzt Sie gerne bei jedem Schritt.<\/p>\n<p>Labelfree bietet verschiedene Druckm\u00f6glichkeiten, darunter Transferdruck, DTF, Siebdruck und Stickerei. Auch eigene Nackendrucke und Etiketten, beispielsweise auf den \u00c4rmel, sind m\u00f6glich.<\/p>\n<p>Ben\u00f6tigen Sie Hilfe bei Ihrem eigenen Design? Unsere Grafikdesigner unterst\u00fctzen Sie gerne. So stellen wir sicher, dass das Endprodukt perfekt auf Ihre Bed\u00fcrfnisse zugeschnitten ist. Sie erhalten immer zun\u00e4chst ein kostenloses, visuelles Angebot. Kontaktieren Sie uns, um die M\u00f6glichkeiten zur Erstellung Ihrer eigenen Kollektion zu erkunden.<\/p>\n<p>&nbsp;<\/p>\n<p>Gr\u00f6\u00dfentabelle<\/p>\n<p><img decoding=\"async\" class=\"wp-image-57054\" src=\"https:\/\/labelfree.nl\/wp-content\/uploads\/2024\/10\/000729_Lady_Sport_Hooded_Zip-300x51.png\" alt=\"\" width=\"505\" height=\"86\" srcset=\"https:\/\/labelfree.nl\/wp-content\/uploads\/2024\/10\/000729_Lady_Sport_Hooded_Zip-300x51.png 300w, https:\/\/labelfree.nl\/wp-content\/uploads\/2024\/10\/000729_Lady_Sport_Hooded_Zip-1030x175.png 1030w, https:\/\/labelfree.nl\/wp-content\/uploads\/2024\/10\/000729_Lady_Sport_Hooded_Zip-768x131.png 768w, https:\/\/labelfree.nl\/wp-content\/uploads\/2024\/10\/000729_Lady_Sport_Hooded_Zip-18x3.png 18w, https:\/\/labelfree.nl\/wp-content\/uploads\/2024\/10\/000729_Lady_Sport_Hooded_Zip-600x102.png 600w, https:\/\/labelfree.nl\/wp-content\/uploads\/2024\/10\/000729_Lady_Sport_Hooded_Zip.png 1075w\" sizes=\"(max-width: 505px) 100vw, 505px\" \/><\/p>\n<p>Pflegeanleitung<\/p>\n<p><img decoding=\"async\" class=\"\" src=\"https:\/\/www.stormtextil.dk\/sites\/default\/files\/2018-04\/Storm_washing_instructions_40_56.gif\" width=\"166\" height=\"25\" \/><\/p>\n<p>&nbsp;<\/p>\n<p>&nbsp;<\/p>\n<p>&nbsp;<\/p>","protected":false},"excerpt":{"rendered":"<p><span style=\"color: #333333;\">Sportlicher und moderner Kapuzenpullover mit Rei\u00dfverschluss. Bio-Qualit\u00e4t, ideal f\u00fcr B2B. Ohne Markenlogo. Druckoptionen und Designberatung. French Terry, 320 g\/m\u00b2. Fein elastisch. Atmungsaktiv und saugf\u00e4hig.<\/span><\/p>","protected":false},"featured_media":54407,"template":"","meta":{"_acf_changed":false},"product_brand":[],"product_cat":[110,113,115,424,114],"product_tag":[],"class_list":{"0":"post-43164","1":"product","2":"type-product","3":"status-publish","4":"has-post-thumbnail","6":"product_cat-hooded-sweat","7":"product_cat-hooded-zip-sweat","8":"product_cat-lady-sweatshirt","9":"product_cat-sweaters","10":"product_cat-zip-sweat","11":"pa_size-l","12":"pa_size-m","13":"pa_size-s","14":"pa_size-xl","15":"pa_size-xs","16":"pa_size-xxl","17":"pa_size-xxs","19":"first","20":"instock","21":"taxable","22":"shipping-taxable","23":"purchasable","24":"product-type-variable"},"acf":[],"yoast_head":"<!-- This site is optimized with the Yoast SEO plugin v27.4 - https:\/\/yoast.com\/product\/yoast-seo-wordpress\/ -->\n<title>sportieve dames hoodie met rits - Labelfree<\/title>\n<meta name=\"description\" content=\"Sportieve en eigentijdse hoodie met rits. Organic en geschikt voor B2B. Merkloos en printmogelijkheden. French terry, 320 g\/m\u00b2. Fijne stretch, ademend.\" \/>\n<meta name=\"robots\" content=\"index, follow, max-snippet:-1, max-image-preview:large, max-video-preview:-1\" \/>\n<link rel=\"canonical\" href=\"https:\/\/labelfree.nl\/de\/produkt\/st729-damen-sport-kapuzenreisverschluss\/\" \/>\n<meta property=\"og:locale\" content=\"de_DE\" \/>\n<meta property=\"og:type\" content=\"article\" \/>\n<meta property=\"og:title\" content=\"sportieve dames hoodie met rits - Labelfree\" \/>\n<meta property=\"og:description\" content=\"Sportieve en eigentijdse hoodie met rits. Organic en geschikt voor B2B. Merkloos en printmogelijkheden. French terry, 320 g\/m\u00b2. Fijne stretch, ademend.\" \/>\n<meta property=\"og:url\" content=\"https:\/\/labelfree.nl\/de\/produkt\/st729-damen-sport-kapuzenreisverschluss\/\" \/>\n<meta property=\"og:site_name\" content=\"Labelfree\" \/>\n<meta property=\"article:modified_time\" content=\"2026-04-26T00:03:45+00:00\" \/>\n<meta property=\"og:image\" content=\"https:\/\/labelfree.nl\/wp-content\/uploads\/2024\/10\/000729_Lady_Sport_Hooded_Zip_01.jpg\" \/>\n\t<meta property=\"og:image:width\" content=\"1280\" \/>\n\t<meta property=\"og:image:height\" content=\"1920\" \/>\n\t<meta property=\"og:image:type\" content=\"image\/jpeg\" \/>\n<meta name=\"twitter:card\" content=\"summary_large_image\" \/>\n<meta name=\"twitter:label1\" content=\"Gesch\u00e4tzte Lesezeit\" \/>\n\t<meta name=\"twitter:data1\" content=\"3\u00a0Minuten\" \/>\n<script type=\"application\/ld+json\" class=\"yoast-schema-graph\">{\"@context\":\"https:\\\/\\\/schema.org\",\"@graph\":[{\"@type\":\"WebPage\",\"@id\":\"https:\\\/\\\/labelfree.nl\\\/product\\\/st729-sportieve-dames-hoodie-rits-modern-blanco-bedrukken\\\/\",\"url\":\"https:\\\/\\\/labelfree.nl\\\/product\\\/st729-sportieve-dames-hoodie-rits-modern-blanco-bedrukken\\\/\",\"name\":\"sportieve dames hoodie met rits - Labelfree\",\"isPartOf\":{\"@id\":\"https:\\\/\\\/labelfree.nl\\\/#website\"},\"primaryImageOfPage\":{\"@id\":\"https:\\\/\\\/labelfree.nl\\\/product\\\/st729-sportieve-dames-hoodie-rits-modern-blanco-bedrukken\\\/#primaryimage\"},\"image\":{\"@id\":\"https:\\\/\\\/labelfree.nl\\\/product\\\/st729-sportieve-dames-hoodie-rits-modern-blanco-bedrukken\\\/#primaryimage\"},\"thumbnailUrl\":\"https:\\\/\\\/labelfree.nl\\\/wp-content\\\/uploads\\\/2024\\\/10\\\/000729_Lady_Sport_Hooded_Zip_01.jpg\",\"datePublished\":\"2024-10-24T16:38:57+00:00\",\"dateModified\":\"2026-04-26T00:03:45+00:00\",\"description\":\"Sportieve en eigentijdse hoodie met rits. Organic en geschikt voor B2B. Merkloos en printmogelijkheden. French terry, 320 g\\\/m\u00b2. Fijne stretch, ademend.\",\"breadcrumb\":{\"@id\":\"https:\\\/\\\/labelfree.nl\\\/product\\\/st729-sportieve-dames-hoodie-rits-modern-blanco-bedrukken\\\/#breadcrumb\"},\"inLanguage\":\"de\",\"potentialAction\":[{\"@type\":\"ReadAction\",\"target\":[\"https:\\\/\\\/labelfree.nl\\\/product\\\/st729-sportieve-dames-hoodie-rits-modern-blanco-bedrukken\\\/\"]}]},{\"@type\":\"ImageObject\",\"inLanguage\":\"de\",\"@id\":\"https:\\\/\\\/labelfree.nl\\\/product\\\/st729-sportieve-dames-hoodie-rits-modern-blanco-bedrukken\\\/#primaryimage\",\"url\":\"https:\\\/\\\/labelfree.nl\\\/wp-content\\\/uploads\\\/2024\\\/10\\\/000729_Lady_Sport_Hooded_Zip_01.jpg\",\"contentUrl\":\"https:\\\/\\\/labelfree.nl\\\/wp-content\\\/uploads\\\/2024\\\/10\\\/000729_Lady_Sport_Hooded_Zip_01.jpg\",\"width\":1280,\"height\":1920},{\"@type\":\"BreadcrumbList\",\"@id\":\"https:\\\/\\\/labelfree.nl\\\/product\\\/st729-sportieve-dames-hoodie-rits-modern-blanco-bedrukken\\\/#breadcrumb\",\"itemListElement\":[{\"@type\":\"ListItem\",\"position\":1,\"name\":\"Home\",\"item\":\"https:\\\/\\\/labelfree.nl\\\/\"},{\"@type\":\"ListItem\",\"position\":2,\"name\":\"Webshop\",\"item\":\"https:\\\/\\\/labelfree.nl\\\/webshop\\\/\"},{\"@type\":\"ListItem\",\"position\":3,\"name\":\"sportieve dames hoodie met rits\"}]},{\"@type\":\"WebSite\",\"@id\":\"https:\\\/\\\/labelfree.nl\\\/#website\",\"url\":\"https:\\\/\\\/labelfree.nl\\\/\",\"name\":\"Labelfree\",\"description\":\"Brandless quality\",\"potentialAction\":[{\"@type\":\"SearchAction\",\"target\":{\"@type\":\"EntryPoint\",\"urlTemplate\":\"https:\\\/\\\/labelfree.nl\\\/?s={search_term_string}\"},\"query-input\":{\"@type\":\"PropertyValueSpecification\",\"valueRequired\":true,\"valueName\":\"search_term_string\"}}],\"inLanguage\":\"de\"}]}<\/script>\n<!-- \/ Yoast SEO plugin. -->","yoast_head_json":{"title":"Sportlicher Damen-Hoodie mit Rei\u00dfverschluss - Labelfree","description":"Sportlicher und moderner Kapuzenpullover mit Rei\u00dfverschluss. Aus Bio-Baumwolle und f\u00fcr B2B geeignet. Ohne Markenlogo und bedruckbar. Franz\u00f6sischer Frottee, 320 g\/m\u00b2. Fein elastisch und atmungsaktiv.","robots":{"index":"index","follow":"follow","max-snippet":"max-snippet:-1","max-image-preview":"max-image-preview:large","max-video-preview":"max-video-preview:-1"},"canonical":"https:\/\/labelfree.nl\/de\/produkt\/st729-damen-sport-kapuzenreisverschluss\/","og_locale":"de_DE","og_type":"article","og_title":"sportieve dames hoodie met rits - Labelfree","og_description":"Sportieve en eigentijdse hoodie met rits. Organic en geschikt voor B2B. Merkloos en printmogelijkheden. French terry, 320 g\/m\u00b2. Fijne stretch, ademend.","og_url":"https:\/\/labelfree.nl\/de\/produkt\/st729-damen-sport-kapuzenreisverschluss\/","og_site_name":"Labelfree","article_modified_time":"2026-04-26T00:03:45+00:00","og_image":[{"width":1280,"height":1920,"url":"https:\/\/labelfree.nl\/wp-content\/uploads\/2024\/10\/000729_Lady_Sport_Hooded_Zip_01.jpg","type":"image\/jpeg"}],"twitter_card":"summary_large_image","twitter_misc":{"Gesch\u00e4tzte Lesezeit":"3\u00a0Minuten"},"schema":{"@context":"https:\/\/schema.org","@graph":[{"@type":"WebPage","@id":"https:\/\/labelfree.nl\/product\/st729-sportieve-dames-hoodie-rits-modern-blanco-bedrukken\/","url":"https:\/\/labelfree.nl\/product\/st729-sportieve-dames-hoodie-rits-modern-blanco-bedrukken\/","name":"Sportlicher Damen-Hoodie mit Rei\u00dfverschluss - Labelfree","isPartOf":{"@id":"https:\/\/labelfree.nl\/#website"},"primaryImageOfPage":{"@id":"https:\/\/labelfree.nl\/product\/st729-sportieve-dames-hoodie-rits-modern-blanco-bedrukken\/#primaryimage"},"image":{"@id":"https:\/\/labelfree.nl\/product\/st729-sportieve-dames-hoodie-rits-modern-blanco-bedrukken\/#primaryimage"},"thumbnailUrl":"https:\/\/labelfree.nl\/wp-content\/uploads\/2024\/10\/000729_Lady_Sport_Hooded_Zip_01.jpg","datePublished":"2024-10-24T16:38:57+00:00","dateModified":"2026-04-26T00:03:45+00:00","description":"Sportlicher und moderner Kapuzenpullover mit Rei\u00dfverschluss. Aus Bio-Baumwolle und f\u00fcr B2B geeignet. Ohne Markenlogo und bedruckbar. Franz\u00f6sischer Frottee, 320 g\/m\u00b2. Fein elastisch und atmungsaktiv.","breadcrumb":{"@id":"https:\/\/labelfree.nl\/product\/st729-sportieve-dames-hoodie-rits-modern-blanco-bedrukken\/#breadcrumb"},"inLanguage":"de","potentialAction":[{"@type":"ReadAction","target":["https:\/\/labelfree.nl\/product\/st729-sportieve-dames-hoodie-rits-modern-blanco-bedrukken\/"]}]},{"@type":"ImageObject","inLanguage":"de","@id":"https:\/\/labelfree.nl\/product\/st729-sportieve-dames-hoodie-rits-modern-blanco-bedrukken\/#primaryimage","url":"https:\/\/labelfree.nl\/wp-content\/uploads\/2024\/10\/000729_Lady_Sport_Hooded_Zip_01.jpg","contentUrl":"https:\/\/labelfree.nl\/wp-content\/uploads\/2024\/10\/000729_Lady_Sport_Hooded_Zip_01.jpg","width":1280,"height":1920},{"@type":"BreadcrumbList","@id":"https:\/\/labelfree.nl\/product\/st729-sportieve-dames-hoodie-rits-modern-blanco-bedrukken\/#breadcrumb","itemListElement":[{"@type":"ListItem","position":1,"name":"Home","item":"https:\/\/labelfree.nl\/"},{"@type":"ListItem","position":2,"name":"Webshop","item":"https:\/\/labelfree.nl\/webshop\/"},{"@type":"ListItem","position":3,"name":"sportieve dames hoodie met rits"}]},{"@type":"WebSite","@id":"https:\/\/labelfree.nl\/#website","url":"https:\/\/labelfree.nl\/","name":"Etikettenfrei","description":"Markenlose Qualit\u00e4t","potentialAction":[{"@type":"SearchAction","target":{"@type":"EntryPoint","urlTemplate":"https:\/\/labelfree.nl\/?s={search_term_string}"},"query-input":{"@type":"PropertyValueSpecification","valueRequired":true,"valueName":"search_term_string"}}],"inLanguage":"de"}]}},"jetpack_sharing_enabled":true,"_links":{"self":[{"href":"https:\/\/labelfree.nl\/de\/wp-json\/wp\/v2\/product\/43164","targetHints":{"allow":["GET"]}}],"collection":[{"href":"https:\/\/labelfree.nl\/de\/wp-json\/wp\/v2\/product"}],"about":[{"href":"https:\/\/labelfree.nl\/de\/wp-json\/wp\/v2\/types\/product"}],"wp:featuredmedia":[{"embeddable":true,"href":"https:\/\/labelfree.nl\/de\/wp-json\/wp\/v2\/media\/54407"}],"wp:attachment":[{"href":"https:\/\/labelfree.nl\/de\/wp-json\/wp\/v2\/media?parent=43164"}],"wp:term":[{"taxonomy":"product_brand","embeddable":true,"href":"https:\/\/labelfree.nl\/de\/wp-json\/wp\/v2\/product_brand?post=43164"},{"taxonomy":"product_cat","embeddable":true,"href":"https:\/\/labelfree.nl\/de\/wp-json\/wp\/v2\/product_cat?post=43164"},{"taxonomy":"product_tag","embeddable":true,"href":"https:\/\/labelfree.nl\/de\/wp-json\/wp\/v2\/product_tag?post=43164"}],"curies":[{"name":"wp","href":"https:\/\/api.w.org\/{rel}","templated":true}]}}