{"id":43184,"date":"2024-10-24T18:39:12","date_gmt":"2024-10-24T16:39:12","guid":{"rendered":"https:\/\/labelfree.nl\/product\/st214-lady-striped-tee\/"},"modified":"2026-04-08T02:46:56","modified_gmt":"2026-04-08T00:46:56","slug":"blanco-dames-tshirt-gestreept-150gm2-biologisch-katoen-bedrukking-mogelijk","status":"publish","type":"product","link":"https:\/\/labelfree.nl\/de\/produkt\/st214-gestreiftes-damen-t-shirt\/","title":{"rendered":"Gestreiftes Damen-T-Shirt ohne Markenlogo, 150 g\/m\u00b2 | 100% Baumwolle"},"content":{"rendered":"<p><span style=\"color: #333333;\">Dieses T-Shirt besticht durch seinen eleganten, modernen Look dank der frischen Streifenkombinationen. Sch\u00f6ner tiefer Ausschnitt und hochwertige Verarbeitung. Single-Jersey, 150 g\/m\u00b2.\u00a0<\/span><\/p>\n<p><em>Um den korrekten Preis zu sehen, klicken Sie (w\u00e4hrend Sie angemeldet sind) auf die Farbe und Gr\u00f6\u00dfe.<\/em><\/p>\n<h3><\/h3>\n<h3><span style=\"color: #5a7699;\"><strong>gestreiftes Damen-T-Shirt<\/strong><\/span><\/h3>\n<p><strong>100% Bio-Baumwolle. Garngef\u00e4rbt, Single-Jersey, 150 g\/m\u00b2<\/strong><\/p>\n<p><img decoding=\"async\" class=\"alignnone size-full wp-image-67085\" src=\"https:\/\/labelfree.nl\/wp-content\/uploads\/2024\/10\/GOTS_2-1-6.jpg\" alt=\"\" width=\"155\" height=\"93\" srcset=\"https:\/\/labelfree.nl\/wp-content\/uploads\/2024\/10\/GOTS_2-1-6.jpg 155w, https:\/\/labelfree.nl\/wp-content\/uploads\/2024\/10\/GOTS_2-1-6-18x12.jpg 18w\" sizes=\"(max-width: 155px) 100vw, 155px\" \/><\/p>\n<ul>\n<li>Qualit\u00e4t: 100% Bio-gek\u00e4mmte Baumwolle<\/li>\n<li>Single-Jersey<\/li>\n<li>Gewicht: 150 g\/m\u00b2<\/li>\n<li>Garngef\u00e4rbt (vor dem Stricken gef\u00e4rbt)<\/li>\n<li>Erh\u00e4ltlich in 5 Farbkombinationen.<\/li>\n<li>Heather Black\/Oxford gray: 80% Baumwolle-20% Polyester \/ 85% Baumwolle-15% Viskose<\/li>\n<li>Heather Black\/Heather Blue: 80% Baumwolle-20% Polyester \/ 60% Baumwolle-40% Viskose<\/li>\n<li>Oxford Grey\/Heather Blue: 85% Baumwolle-15% Viskose \/ 50% Baumwolle-40% Viskose<\/li>\n<li>Erh\u00e4ltlich von Gr\u00f6\u00dfe XS bis 3XL<\/li>\n<li>Markenlos, kleines Gr\u00f6\u00dfenetikett im Halsausschnitt<\/li>\n<li>Geeignet f\u00fcr Siebdruck, Transferdruck, DTG-Druck und Stickerei<\/li>\n<li>Karton: 50 St\u00fcck. Verpackung: 10 St\u00fcck. Auch einzeln erh\u00e4ltlich.<\/li>\n<\/ul>\n<p>&nbsp;<\/p>\n<h4><span style=\"color: #5a7699;\"><strong>Gestreiftes Damen-T-Shirt \u2013 frischer Look und perfekte Passform<\/strong><\/span><\/h4>\n<p>Unser gestreiftes T-Shirt besteht aus 100% Bio-Baumwolle (garngef\u00e4rbt und gek\u00e4mmt). Je nach gew\u00e4hlter Farbe setzt es sich aus einer idealen Mischung aus Bio-Baumwolle und Polyester zusammen. Unsere Baumwolle wird umweltfreundlich, ohne sch\u00e4dliche Chemikalien und unter verantwortungsvollen Bedingungen hergestellt.<\/p>\n<p>Die Farbvarianten sind:<\/p>\n<p>\u2013 Schwarz \/ Wei\u00df<br \/>\n\u2013 Marineblau \/ Wei\u00df<br \/>\n\u2013 Heather Black \/ Oxford Grey<br \/>\n\u2013 Heather Blue \/ Heather Black<br \/>\n\u2013 Oxfordgrau \/ Heideblau<\/p>\n<p>Dieses klassische Damen-T-Shirt besticht durch seinen sch\u00f6nen Rundhalsausschnitt. Der tiefe Rundhalsausschnitt wirkt modern und elegant. F\u00fcr zus\u00e4tzlichen Tragekomfort und eine optimale Passform sorgt ein schmales, mit Elastan verst\u00e4rktes Rippb\u00fcndchen. Die Rippb\u00fcndchen sind doppelt vern\u00e4ht. Zus\u00e4tzlich verf\u00fcgt das T-Shirt \u00fcber ein verst\u00e4rktes Halsb\u00fcndchen.<\/p>\n<p>Das Hemd hat Seitenn\u00e4hte und eine leicht taillierte Passform. Die Seitenn\u00e4hte sind nahtlos, und der Saum ist etwas weiter geschnitten. Dadurch f\u00e4llt das Hemd sch\u00f6n, ohne zu locker zu wirken. Die L\u00e4nge ist perfekt; das Hemd endet knapp \u00fcber dem Hosenbund. Die \u00c4rmel sind feminin geschnitten und haben die ideale L\u00e4nge. \u00c4rmel und Saum sind 1,5 cm umgeschlagen und mit einer 4 mm breiten Doppelnaht vern\u00e4ht.<\/p>\n<h4><span style=\"color: #5a7699;\"><strong>Materialangaben<\/strong><\/span><\/h4>\n<p>Qualit\u00e4t: 100% Bio-Baumwolle (gek\u00e4mmt) oder eine optimale Mischung aus Bio-Baumwolle und Polyester, je nach Farbvariante. Unsere Baumwolle wird umweltfreundlich und ohne sch\u00e4dliche Chemikalien unter verantwortungsvollen Bedingungen hergestellt. Sie stammt aus kontrolliert biologischem Anbau (weniger Pestizide) und ist daher besser f\u00fcr empfindliche Haut geeignet.<\/p>\n<p>Es besteht aus einer unserer beliebtesten Baumwollsorten, dem Single-Jersey mit 150 g\/m\u00b2. Dieser sch\u00f6ne, leichte Stoff zeichnet sich durch folgende Eigenschaften aus: weich, komfortabel, flexibel, strapazierf\u00e4hig, waschbar, farbecht, minimales Einlaufen und eine glatte, gleichm\u00e4\u00dfige Oberfl\u00e4che.<\/p>\n<p>Das Shirt ist garngef\u00e4rbt. Das bedeutet, dass das Garn vor dem Stricken gef\u00e4rbt wird, wodurch die Streifen nicht nur auf der Vorderseite, sondern auch auf der Innenseite des Stoffes sichtbar sind. Der Halsausschnitt ist mit einem dezenten, schmalen Rippstrickb\u00fcndchen aus einem weichen Baumwoll-Elastan-Gemisch versehen.<\/p>\n<h4><span style=\"color: #5a7699;\"><strong>Druck-, Stick- und Beschriftungsm\u00f6glichkeiten<\/strong><\/span><\/h4>\n<p>Unser gesamtes Sortiment eignet sich f\u00fcr B2B, Merchandising und Private Label. Sie m\u00f6chten unbedruckte Kleidung bestellen, diese mit Ihrem eigenen Design bedrucken lassen oder ben\u00f6tigen Druckvorlagen zum Selbstaufbringen? Das Team von Labelfree unterst\u00fctzt Sie dabei in jedem Schritt.<\/p>\n<p>Labelfree bietet eine Vielzahl professioneller Druckoptionen, darunter Transferdruck, DTF-Druck, Siebdruck und Stickerei. Sie k\u00f6nnen beispielsweise auch Ihre eigenen Nackenaufdrucke und Etiketten auf den \u00c4rmel drucken lassen.<\/p>\n<p>Ben\u00f6tigen Sie Hilfe bei Ihrem eigenen Design? Unsere Grafikdesigner unterst\u00fctzen Sie gerne. So stellen wir sicher, dass das Endprodukt perfekt auf Ihre Bed\u00fcrfnisse zugeschnitten ist. Sie erhalten immer zun\u00e4chst ein kostenloses, visuelles Angebot. Kontaktieren Sie uns, um die M\u00f6glichkeiten zur Erstellung Ihrer eigenen Kollektion zu erkunden.<\/p>\n<p>&nbsp;<\/p>\n<p>Gr\u00f6\u00dfentabelle<\/p>\n<p><img decoding=\"async\" class=\"\" src=\"https:\/\/www.stormtextil.dk\/sites\/default\/files\/size-charts\/000214_Lady_Striped_tee.png\" width=\"568\" height=\"87\" \/><\/p>\n<p>Pflegeanleitung<\/p>\n<p><img decoding=\"async\" class=\"alignnone wp-image-61265\" src=\"https:\/\/labelfree.nl\/wp-content\/uploads\/2024\/10\/Storm_washing_instructions_40_0-11.gif\" alt=\"\" width=\"199\" height=\"30\" \/><\/p>","protected":false},"excerpt":{"rendered":"<p>Dit t-shirt heeft een elegante, eigentijdse uitstraling door de frisse streep combinaties. Mooie lage halslijn en superieure afwerking. Single jersey 150 g\/m\u00b2.\u00a0 voor de juiste prijs klikt u (ingelogd) op de kleur en maat dames t-shirt gestreept 100% organic cotton. Yarn-dyed, single jersey, 150 g\/m\u00b2 Kwaliteit: 100% biologisch gekamd katoen Single jersey Gewicht: 150 g\/m\u00b2 [&hellip;]<\/p>\n","protected":false},"featured_media":54415,"template":"","meta":{"_acf_changed":false},"product_brand":[],"product_cat":[92,19,46],"product_tag":[],"class_list":{"0":"post-43184","1":"product","2":"type-product","3":"status-publish","4":"has-post-thumbnail","6":"product_cat-lady-t-shirts","7":"product_cat-t-shirts","8":"product_cat-t-shirts-crew-neck","9":"pa_size-2xl","10":"pa_size-3xl","11":"pa_size-l","12":"pa_size-m","13":"pa_size-s","14":"pa_size-xl","15":"pa_size-xs","17":"first","18":"instock","19":"taxable","20":"shipping-taxable","21":"purchasable","22":"product-type-variable"},"acf":[],"yoast_head":"<!-- This site is optimized with the Yoast SEO plugin v27.4 - https:\/\/yoast.com\/product\/yoast-seo-wordpress\/ -->\n<title>Brandless dames t-shirt gestreept 150 g\/m2 | 100% katoen<\/title>\n<meta name=\"description\" content=\"Brandless dames t-shirt gestreept van biologisch katoen (150 g\/m\u00b2). Lichtgewicht, stijlvol en perfect voor bedrukken en\/of groothandel.\" \/>\n<meta name=\"robots\" content=\"index, follow, max-snippet:-1, max-image-preview:large, max-video-preview:-1\" \/>\n<link rel=\"canonical\" href=\"https:\/\/labelfree.nl\/de\/produkt\/st214-gestreiftes-damen-t-shirt\/\" \/>\n<meta property=\"og:locale\" content=\"de_DE\" \/>\n<meta property=\"og:type\" content=\"article\" \/>\n<meta property=\"og:title\" content=\"Brandless dames t-shirt gestreept 150 g\/m2 | 100% katoen\" \/>\n<meta property=\"og:description\" content=\"Brandless dames t-shirt gestreept van biologisch katoen (150 g\/m\u00b2). Lichtgewicht, stijlvol en perfect voor bedrukken en\/of groothandel.\" \/>\n<meta property=\"og:url\" content=\"https:\/\/labelfree.nl\/de\/produkt\/st214-gestreiftes-damen-t-shirt\/\" \/>\n<meta property=\"og:site_name\" content=\"Labelfree\" \/>\n<meta property=\"article:modified_time\" content=\"2026-04-08T00:46:56+00:00\" \/>\n<meta property=\"og:image\" content=\"https:\/\/labelfree.nl\/wp-content\/uploads\/2024\/10\/000214_Lady_Striped_Tee_01-3.jpg\" \/>\n\t<meta property=\"og:image:width\" content=\"1280\" \/>\n\t<meta property=\"og:image:height\" content=\"1920\" \/>\n\t<meta property=\"og:image:type\" content=\"image\/jpeg\" \/>\n<meta name=\"twitter:card\" content=\"summary_large_image\" \/>\n<meta name=\"twitter:label1\" content=\"Gesch\u00e4tzte Lesezeit\" \/>\n\t<meta name=\"twitter:data1\" content=\"4\u00a0Minuten\" \/>\n<script type=\"application\/ld+json\" class=\"yoast-schema-graph\">{\"@context\":\"https:\\\/\\\/schema.org\",\"@graph\":[{\"@type\":\"WebPage\",\"@id\":\"https:\\\/\\\/labelfree.nl\\\/product\\\/blanco-dames-tshirt-gestreept-150gm2-biologisch-katoen-bedrukking-mogelijk\\\/\",\"url\":\"https:\\\/\\\/labelfree.nl\\\/product\\\/blanco-dames-tshirt-gestreept-150gm2-biologisch-katoen-bedrukking-mogelijk\\\/\",\"name\":\"Brandless dames t-shirt gestreept 150 g\\\/m2 | 100% katoen\",\"isPartOf\":{\"@id\":\"https:\\\/\\\/labelfree.nl\\\/#website\"},\"primaryImageOfPage\":{\"@id\":\"https:\\\/\\\/labelfree.nl\\\/product\\\/blanco-dames-tshirt-gestreept-150gm2-biologisch-katoen-bedrukking-mogelijk\\\/#primaryimage\"},\"image\":{\"@id\":\"https:\\\/\\\/labelfree.nl\\\/product\\\/blanco-dames-tshirt-gestreept-150gm2-biologisch-katoen-bedrukking-mogelijk\\\/#primaryimage\"},\"thumbnailUrl\":\"https:\\\/\\\/labelfree.nl\\\/wp-content\\\/uploads\\\/2024\\\/10\\\/000214_Lady_Striped_Tee_01-3.jpg\",\"datePublished\":\"2024-10-24T16:39:12+00:00\",\"dateModified\":\"2026-04-08T00:46:56+00:00\",\"description\":\"Brandless dames t-shirt gestreept van biologisch katoen (150 g\\\/m\u00b2). Lichtgewicht, stijlvol en perfect voor bedrukken en\\\/of groothandel.\",\"breadcrumb\":{\"@id\":\"https:\\\/\\\/labelfree.nl\\\/product\\\/blanco-dames-tshirt-gestreept-150gm2-biologisch-katoen-bedrukking-mogelijk\\\/#breadcrumb\"},\"inLanguage\":\"de\",\"potentialAction\":[{\"@type\":\"ReadAction\",\"target\":[\"https:\\\/\\\/labelfree.nl\\\/product\\\/blanco-dames-tshirt-gestreept-150gm2-biologisch-katoen-bedrukking-mogelijk\\\/\"]}]},{\"@type\":\"ImageObject\",\"inLanguage\":\"de\",\"@id\":\"https:\\\/\\\/labelfree.nl\\\/product\\\/blanco-dames-tshirt-gestreept-150gm2-biologisch-katoen-bedrukking-mogelijk\\\/#primaryimage\",\"url\":\"https:\\\/\\\/labelfree.nl\\\/wp-content\\\/uploads\\\/2024\\\/10\\\/000214_Lady_Striped_Tee_01-3.jpg\",\"contentUrl\":\"https:\\\/\\\/labelfree.nl\\\/wp-content\\\/uploads\\\/2024\\\/10\\\/000214_Lady_Striped_Tee_01-3.jpg\",\"width\":1280,\"height\":1920,\"caption\":\"gestreept dames t-shirt yarn dyed katoen lichtgewicht\"},{\"@type\":\"BreadcrumbList\",\"@id\":\"https:\\\/\\\/labelfree.nl\\\/product\\\/blanco-dames-tshirt-gestreept-150gm2-biologisch-katoen-bedrukking-mogelijk\\\/#breadcrumb\",\"itemListElement\":[{\"@type\":\"ListItem\",\"position\":1,\"name\":\"Home\",\"item\":\"https:\\\/\\\/labelfree.nl\\\/\"},{\"@type\":\"ListItem\",\"position\":2,\"name\":\"Webshop\",\"item\":\"https:\\\/\\\/labelfree.nl\\\/webshop\\\/\"},{\"@type\":\"ListItem\",\"position\":3,\"name\":\"merkloos dames t-shirt gestreept 150 g\\\/m\u00b2 | 100% katoen\"}]},{\"@type\":\"WebSite\",\"@id\":\"https:\\\/\\\/labelfree.nl\\\/#website\",\"url\":\"https:\\\/\\\/labelfree.nl\\\/\",\"name\":\"Labelfree\",\"description\":\"Brandless quality\",\"potentialAction\":[{\"@type\":\"SearchAction\",\"target\":{\"@type\":\"EntryPoint\",\"urlTemplate\":\"https:\\\/\\\/labelfree.nl\\\/?s={search_term_string}\"},\"query-input\":{\"@type\":\"PropertyValueSpecification\",\"valueRequired\":true,\"valueName\":\"search_term_string\"}}],\"inLanguage\":\"de\"}]}<\/script>\n<!-- \/ Yoast SEO plugin. -->","yoast_head_json":{"title":"Gestreiftes Damen-T-Shirt ohne Markenlogo, 150 g\/m\u00b2 | 100% Baumwolle","description":"Gestreiftes Damen-T-Shirt ohne Markenlogo aus Bio-Baumwolle (150 g\/m\u00b2). Leicht, modisch und ideal zum Bedrucken und\/oder f\u00fcr den Gro\u00dfhandel.","robots":{"index":"index","follow":"follow","max-snippet":"max-snippet:-1","max-image-preview":"max-image-preview:large","max-video-preview":"max-video-preview:-1"},"canonical":"https:\/\/labelfree.nl\/de\/produkt\/st214-gestreiftes-damen-t-shirt\/","og_locale":"de_DE","og_type":"article","og_title":"Brandless dames t-shirt gestreept 150 g\/m2 | 100% katoen","og_description":"Brandless dames t-shirt gestreept van biologisch katoen (150 g\/m\u00b2). Lichtgewicht, stijlvol en perfect voor bedrukken en\/of groothandel.","og_url":"https:\/\/labelfree.nl\/de\/produkt\/st214-gestreiftes-damen-t-shirt\/","og_site_name":"Labelfree","article_modified_time":"2026-04-08T00:46:56+00:00","og_image":[{"width":1280,"height":1920,"url":"https:\/\/labelfree.nl\/wp-content\/uploads\/2024\/10\/000214_Lady_Striped_Tee_01-3.jpg","type":"image\/jpeg"}],"twitter_card":"summary_large_image","twitter_misc":{"Gesch\u00e4tzte Lesezeit":"4\u00a0Minuten"},"schema":{"@context":"https:\/\/schema.org","@graph":[{"@type":"WebPage","@id":"https:\/\/labelfree.nl\/product\/blanco-dames-tshirt-gestreept-150gm2-biologisch-katoen-bedrukking-mogelijk\/","url":"https:\/\/labelfree.nl\/product\/blanco-dames-tshirt-gestreept-150gm2-biologisch-katoen-bedrukking-mogelijk\/","name":"Gestreiftes Damen-T-Shirt ohne Markenlogo, 150 g\/m\u00b2 | 100% Baumwolle","isPartOf":{"@id":"https:\/\/labelfree.nl\/#website"},"primaryImageOfPage":{"@id":"https:\/\/labelfree.nl\/product\/blanco-dames-tshirt-gestreept-150gm2-biologisch-katoen-bedrukking-mogelijk\/#primaryimage"},"image":{"@id":"https:\/\/labelfree.nl\/product\/blanco-dames-tshirt-gestreept-150gm2-biologisch-katoen-bedrukking-mogelijk\/#primaryimage"},"thumbnailUrl":"https:\/\/labelfree.nl\/wp-content\/uploads\/2024\/10\/000214_Lady_Striped_Tee_01-3.jpg","datePublished":"2024-10-24T16:39:12+00:00","dateModified":"2026-04-08T00:46:56+00:00","description":"Gestreiftes Damen-T-Shirt ohne Markenlogo aus Bio-Baumwolle (150 g\/m\u00b2). Leicht, modisch und ideal zum Bedrucken und\/oder f\u00fcr den Gro\u00dfhandel.","breadcrumb":{"@id":"https:\/\/labelfree.nl\/product\/blanco-dames-tshirt-gestreept-150gm2-biologisch-katoen-bedrukking-mogelijk\/#breadcrumb"},"inLanguage":"de","potentialAction":[{"@type":"ReadAction","target":["https:\/\/labelfree.nl\/product\/blanco-dames-tshirt-gestreept-150gm2-biologisch-katoen-bedrukking-mogelijk\/"]}]},{"@type":"ImageObject","inLanguage":"de","@id":"https:\/\/labelfree.nl\/product\/blanco-dames-tshirt-gestreept-150gm2-biologisch-katoen-bedrukking-mogelijk\/#primaryimage","url":"https:\/\/labelfree.nl\/wp-content\/uploads\/2024\/10\/000214_Lady_Striped_Tee_01-3.jpg","contentUrl":"https:\/\/labelfree.nl\/wp-content\/uploads\/2024\/10\/000214_Lady_Striped_Tee_01-3.jpg","width":1280,"height":1920,"caption":"gestreept dames t-shirt yarn dyed katoen lichtgewicht"},{"@type":"BreadcrumbList","@id":"https:\/\/labelfree.nl\/product\/blanco-dames-tshirt-gestreept-150gm2-biologisch-katoen-bedrukking-mogelijk\/#breadcrumb","itemListElement":[{"@type":"ListItem","position":1,"name":"Home","item":"https:\/\/labelfree.nl\/"},{"@type":"ListItem","position":2,"name":"Webshop","item":"https:\/\/labelfree.nl\/webshop\/"},{"@type":"ListItem","position":3,"name":"merkloos dames t-shirt gestreept 150 g\/m\u00b2 | 100% katoen"}]},{"@type":"WebSite","@id":"https:\/\/labelfree.nl\/#website","url":"https:\/\/labelfree.nl\/","name":"Etikettenfrei","description":"Markenlose Qualit\u00e4t","potentialAction":[{"@type":"SearchAction","target":{"@type":"EntryPoint","urlTemplate":"https:\/\/labelfree.nl\/?s={search_term_string}"},"query-input":{"@type":"PropertyValueSpecification","valueRequired":true,"valueName":"search_term_string"}}],"inLanguage":"de"}]}},"jetpack_sharing_enabled":true,"_links":{"self":[{"href":"https:\/\/labelfree.nl\/de\/wp-json\/wp\/v2\/product\/43184","targetHints":{"allow":["GET"]}}],"collection":[{"href":"https:\/\/labelfree.nl\/de\/wp-json\/wp\/v2\/product"}],"about":[{"href":"https:\/\/labelfree.nl\/de\/wp-json\/wp\/v2\/types\/product"}],"wp:featuredmedia":[{"embeddable":true,"href":"https:\/\/labelfree.nl\/de\/wp-json\/wp\/v2\/media\/54415"}],"wp:attachment":[{"href":"https:\/\/labelfree.nl\/de\/wp-json\/wp\/v2\/media?parent=43184"}],"wp:term":[{"taxonomy":"product_brand","embeddable":true,"href":"https:\/\/labelfree.nl\/de\/wp-json\/wp\/v2\/product_brand?post=43184"},{"taxonomy":"product_cat","embeddable":true,"href":"https:\/\/labelfree.nl\/de\/wp-json\/wp\/v2\/product_cat?post=43184"},{"taxonomy":"product_tag","embeddable":true,"href":"https:\/\/labelfree.nl\/de\/wp-json\/wp\/v2\/product_tag?post=43184"}],"curies":[{"name":"wp","href":"https:\/\/api.w.org\/{rel}","templated":true}]}}