{"id":43220,"date":"2024-10-24T18:39:37","date_gmt":"2024-10-24T16:39:37","guid":{"rendered":"https:\/\/labelfree.nl\/product\/st809-stretch-polo-ls\/"},"modified":"2026-04-30T02:03:27","modified_gmt":"2026-04-30T00:03:27","slug":"st809-stretch-polo-ls","status":"publish","type":"product","link":"https:\/\/labelfree.nl\/de\/produkt\/st809-stretch-poloshirt-ls\/","title":{"rendered":"Poloshirt Stretch"},"content":{"rendered":"<p><span style=\"color: #333333;\">Lang\u00e4rmliges Poloshirt. Moderner Schnitt und angenehmer Stretch. Ziern\u00e4hte. Piqu\u00e9, 220 g\/m\u00b2<\/span><\/p>\n<p><span style=\"color: #333333;\"><em>F\u00fcr die korrekte Farbdarstellung und -beschreibung klicken Sie auf das betreffende Hemd und anschlie\u00dfend erneut auf die Lupe.<\/em><\/span><\/p>\n<p>&nbsp;<\/p>\n<h3><span style=\"color: #5a7699;\"><strong>Stretch-Poloshirt LM<\/strong><\/span><\/h3>\n<p><strong>Bio-Baumwolle, Pigu\u00e9 220 g\/m\u00b2<\/strong><\/p>\n<p><img decoding=\"async\" src=\"https:\/\/www.stormtextil.dk\/sites\/default\/files\/inline-images\/OTS100_label_19.HBD__1.jpg\" alt=\"\u00d6ko-Tex-zertifiziert\" \/><\/p>\n<ul>\n<li>Qualit\u00e4t: 921T gek\u00e4mmte Baumwolle \/ 81T Elastan<\/li>\n<li>Piqu\u00e9<\/li>\n<li>Gewicht: 220 g\/m\u00b2<\/li>\n<li>Langarm \/ LS<\/li>\n<li>Erh\u00e4ltlich in 5 Farben<\/li>\n<li>Erh\u00e4ltlich von Gr\u00f6\u00dfe S bis 3XL<\/li>\n<li>Kleines Gr\u00f6\u00dfenetikett im Halsausschnitt<\/li>\n<li>Karton: 50 St\u00fcck. Verpackung: 10 St\u00fcck. Auch einzeln erh\u00e4ltlich.<\/li>\n<\/ul>\n<p>&nbsp;<\/p>\n<h4><span style=\"color: #5a7699;\"><strong>Polo Stretch LM Unisex \u2013 figurbetont und bequem<\/strong><\/span><\/h4>\n<p>Dieses Polohemd ist f\u00fcr Damen und Herren geeignet. Falls Sie ein Damenmodell suchen, empfehlen wir das Stretch-Polohemd LM f\u00fcr Damen. Es hat lange \u00c4rmel und eine taillierte Passform. Gefertigt aus hochwertigem Piqu\u00e9-Gewebe mit Elastan, ist es besonders flexibel.<\/p>\n<p>Das Poloshirt hat einen Halsausschnitt in der gleichen Farbe wie der Stoff mit wei\u00dfen Ziern\u00e4hten in der Mitte. Der Kragen ist ebenfalls in der gleichen Farbe wie das Poloshirt und hat wei\u00dfe Ziern\u00e4hte an der Knopfleiste. Das wei\u00dfe Poloshirt hat graue Ziern\u00e4hte.<\/p>\n<p>Kragen und \u00c4rmel haben gerippte B\u00fcndchen (1x1). Die Knopfleiste wird mit drei Kn\u00f6pfen geschlossen und ist unten verst\u00e4rkt. Die Schulternaht ist abgesteppt. Das Poloshirt hat Seitenn\u00e4hte und einen Schlitz auf beiden Seiten. Das R\u00fcckenteil ist etwas l\u00e4nger als das Vorderteil. \u00c4rmel und Saum sind doppelt vern\u00e4ht.<\/p>\n<h4><span style=\"color: #5a7699;\"><strong>Materialangaben<\/strong><\/span><\/h4>\n<p>Piqu\u00e9, 220 g\/m\u00b2. Materialzusammensetzung: 921T Baumwolle \/ 81T Elastan.<\/p>\n<p>Dieses Poloshirt aus hochwertigem Piqu\u00e9-Gewebe \u2013 einer Mischung aus Baumwolle und Elastan \u2013 bietet nicht nur einen modernen Look, sondern auch Flexibilit\u00e4t und Bewegungsfreiheit. Piqu\u00e9 ist ein Strickgewebe mit einer charakteristischen, leicht strukturierten Oberfl\u00e4che und ist robuster als herk\u00f6mmlicher Jersey. Das Material ist atmungsaktiv, formbest\u00e4ndig, knitterarm und pflegeleicht.<\/p>\n<h4><span style=\"color: #5a7699;\"><strong>Druck-, Stick- und Beschriftungsm\u00f6glichkeiten<\/strong><\/span><\/h4>\n<p>M\u00f6chten Sie unbedruckte Kleidung bestellen, mit Ihrem eigenen Design bedrucken lassen oder ben\u00f6tigen Sie selbst aufzubringende Drucke? Bei Labelfree steht Ihnen unser Team bei jedem Schritt zur Seite.<\/p>\n<p>Labelfree bietet verschiedene Druckm\u00f6glichkeiten, darunter Transferdruck, DTF, Siebdruck und Stickerei. Auch eigene Nackendrucke und Etiketten, beispielsweise auf den \u00c4rmel, sind m\u00f6glich.<\/p>\n<p>Ben\u00f6tigen Sie Hilfe bei Ihrem eigenen Design? Unsere Grafikdesigner unterst\u00fctzen Sie gerne. So stellen wir sicher, dass das Endprodukt perfekt auf Ihre Bed\u00fcrfnisse zugeschnitten ist. Sie erhalten immer zun\u00e4chst ein kostenloses, visuelles Angebot. Kontaktieren Sie uns, um die M\u00f6glichkeiten zur Erstellung Ihrer eigenen Kollektion zu erkunden.<\/p>\n<p>&nbsp;<\/p>\n<p>Gr\u00f6\u00dfentabelle<\/p>\n<p><img fetchpriority=\"high\" decoding=\"async\" class=\"\" src=\"https:\/\/www.stormtextil.dk\/sites\/default\/files\/size-charts\/000809_Stretch_Polo_LS.png\" width=\"542\" height=\"116\" \/><\/p>\n<p>&nbsp;<\/p>\n<p>Pflegeanleitung<\/p>\n<p><img decoding=\"async\" class=\"\" src=\"https:\/\/www.stormtextil.dk\/sites\/default\/files\/2018-04\/Storm_washing_instructions_40_70.gif\" width=\"166\" height=\"25\" \/><\/p>\n<p>&nbsp;<\/p>\n<p>&nbsp;<\/p>\n<p>&nbsp;<\/p>\n<p>&nbsp;<\/p>\n<p>&nbsp;<\/p>","protected":false},"excerpt":{"rendered":"<p>Polo met lange mouwen. Moderne snit en mooie stretch. Decoratief stiksel. Piqu\u00e9, 220 g\/m\u00b2 voor de juiste kleur weergave- en omschrijving klikt u op het betreffende shirt en nogmaals op het vergrootglas &nbsp; poloshirt stretch LM Biologisch katoen, Pigu\u00e9 220 g\/m\u00b2 Kwaliteit: 92% gekamd katoen \/ 8% elastaan Piqu\u00e9 Gewicht: 220 g\/m\u00b2 Long sleeves \/ [&hellip;]<\/p>\n","protected":false},"featured_media":54419,"template":"","meta":{"_acf_changed":false},"product_brand":[],"product_cat":[118],"product_tag":[],"class_list":{"0":"post-43220","1":"product","2":"type-product","3":"status-publish","4":"has-post-thumbnail","6":"product_cat-polo-shirts","7":"pa_size-2xl","8":"pa_size-3xl","9":"pa_size-l","10":"pa_size-m","11":"pa_size-s","12":"pa_size-xl","14":"first","15":"instock","16":"taxable","17":"shipping-taxable","18":"purchasable","19":"product-type-variable"},"acf":[],"yoast_head":"<!-- This site is optimized with the Yoast SEO plugin v27.5 - https:\/\/yoast.com\/product\/yoast-seo-wordpress\/ -->\n<title>Poloshirt Stretch - Labelfree<\/title>\n<meta name=\"robots\" content=\"index, follow, max-snippet:-1, max-image-preview:large, max-video-preview:-1\" \/>\n<link rel=\"canonical\" href=\"https:\/\/labelfree.nl\/de\/produkt\/st809-stretch-poloshirt-ls\/\" \/>\n<meta property=\"og:locale\" content=\"de_DE\" \/>\n<meta property=\"og:type\" content=\"article\" \/>\n<meta property=\"og:title\" content=\"Poloshirt Stretch - Labelfree\" \/>\n<meta property=\"og:description\" content=\"Polo met lange mouwen. Moderne snit en mooie stretch. Decoratief stiksel. Piqu\u00e9, 220 g\/m\u00b2 voor de juiste kleur weergave- en omschrijving klikt u op het betreffende shirt en nogmaals op het vergrootglas &nbsp; poloshirt stretch LM Biologisch katoen, Pigu\u00e9 220 g\/m\u00b2 Kwaliteit: 92% gekamd katoen \/ 8% elastaan Piqu\u00e9 Gewicht: 220 g\/m\u00b2 Long sleeves \/ [&hellip;]\" \/>\n<meta property=\"og:url\" content=\"https:\/\/labelfree.nl\/de\/produkt\/st809-stretch-poloshirt-ls\/\" \/>\n<meta property=\"og:site_name\" content=\"Labelfree\" \/>\n<meta property=\"article:modified_time\" content=\"2026-04-30T00:03:27+00:00\" \/>\n<meta property=\"og:image\" content=\"https:\/\/labelfree.nl\/wp-content\/uploads\/2024\/10\/000809_Stretch_Polo_LS_01.jpg\" \/>\n\t<meta property=\"og:image:width\" content=\"1000\" \/>\n\t<meta property=\"og:image:height\" content=\"1500\" \/>\n\t<meta property=\"og:image:type\" content=\"image\/jpeg\" \/>\n<meta name=\"twitter:card\" content=\"summary_large_image\" \/>\n<meta name=\"twitter:label1\" content=\"Gesch\u00e4tzte Lesezeit\" \/>\n\t<meta name=\"twitter:data1\" content=\"3\u00a0Minuten\" \/>\n<script type=\"application\/ld+json\" class=\"yoast-schema-graph\">{\"@context\":\"https:\\\/\\\/schema.org\",\"@graph\":[{\"@type\":\"WebPage\",\"@id\":\"https:\\\/\\\/labelfree.nl\\\/product\\\/st809-stretch-polo-ls\\\/\",\"url\":\"https:\\\/\\\/labelfree.nl\\\/product\\\/st809-stretch-polo-ls\\\/\",\"name\":\"Poloshirt Stretch - Labelfree\",\"isPartOf\":{\"@id\":\"https:\\\/\\\/labelfree.nl\\\/#website\"},\"primaryImageOfPage\":{\"@id\":\"https:\\\/\\\/labelfree.nl\\\/product\\\/st809-stretch-polo-ls\\\/#primaryimage\"},\"image\":{\"@id\":\"https:\\\/\\\/labelfree.nl\\\/product\\\/st809-stretch-polo-ls\\\/#primaryimage\"},\"thumbnailUrl\":\"https:\\\/\\\/labelfree.nl\\\/wp-content\\\/uploads\\\/2024\\\/10\\\/000809_Stretch_Polo_LS_01.jpg\",\"datePublished\":\"2024-10-24T16:39:37+00:00\",\"dateModified\":\"2026-04-30T00:03:27+00:00\",\"breadcrumb\":{\"@id\":\"https:\\\/\\\/labelfree.nl\\\/product\\\/st809-stretch-polo-ls\\\/#breadcrumb\"},\"inLanguage\":\"de\",\"potentialAction\":[{\"@type\":\"ReadAction\",\"target\":[\"https:\\\/\\\/labelfree.nl\\\/product\\\/st809-stretch-polo-ls\\\/\"]}]},{\"@type\":\"ImageObject\",\"inLanguage\":\"de\",\"@id\":\"https:\\\/\\\/labelfree.nl\\\/product\\\/st809-stretch-polo-ls\\\/#primaryimage\",\"url\":\"https:\\\/\\\/labelfree.nl\\\/wp-content\\\/uploads\\\/2024\\\/10\\\/000809_Stretch_Polo_LS_01.jpg\",\"contentUrl\":\"https:\\\/\\\/labelfree.nl\\\/wp-content\\\/uploads\\\/2024\\\/10\\\/000809_Stretch_Polo_LS_01.jpg\",\"width\":1000,\"height\":1500},{\"@type\":\"BreadcrumbList\",\"@id\":\"https:\\\/\\\/labelfree.nl\\\/product\\\/st809-stretch-polo-ls\\\/#breadcrumb\",\"itemListElement\":[{\"@type\":\"ListItem\",\"position\":1,\"name\":\"Home\",\"item\":\"https:\\\/\\\/labelfree.nl\\\/\"},{\"@type\":\"ListItem\",\"position\":2,\"name\":\"Webshop\",\"item\":\"https:\\\/\\\/labelfree.nl\\\/webshop\\\/\"},{\"@type\":\"ListItem\",\"position\":3,\"name\":\"Poloshirt Stretch\"}]},{\"@type\":\"WebSite\",\"@id\":\"https:\\\/\\\/labelfree.nl\\\/#website\",\"url\":\"https:\\\/\\\/labelfree.nl\\\/\",\"name\":\"Labelfree\",\"description\":\"Brandless quality\",\"potentialAction\":[{\"@type\":\"SearchAction\",\"target\":{\"@type\":\"EntryPoint\",\"urlTemplate\":\"https:\\\/\\\/labelfree.nl\\\/?s={search_term_string}\"},\"query-input\":{\"@type\":\"PropertyValueSpecification\",\"valueRequired\":true,\"valueName\":\"search_term_string\"}}],\"inLanguage\":\"de\"}]}<\/script>\n<!-- \/ Yoast SEO plugin. -->","yoast_head_json":{"title":"Poloshirt Stretch - Etikettenfrei","robots":{"index":"index","follow":"follow","max-snippet":"max-snippet:-1","max-image-preview":"max-image-preview:large","max-video-preview":"max-video-preview:-1"},"canonical":"https:\/\/labelfree.nl\/de\/produkt\/st809-stretch-poloshirt-ls\/","og_locale":"de_DE","og_type":"article","og_title":"Poloshirt Stretch - Labelfree","og_description":"Polo met lange mouwen. Moderne snit en mooie stretch. Decoratief stiksel. Piqu\u00e9, 220 g\/m\u00b2 voor de juiste kleur weergave- en omschrijving klikt u op het betreffende shirt en nogmaals op het vergrootglas &nbsp; poloshirt stretch LM Biologisch katoen, Pigu\u00e9 220 g\/m\u00b2 Kwaliteit: 92% gekamd katoen \/ 8% elastaan Piqu\u00e9 Gewicht: 220 g\/m\u00b2 Long sleeves \/ [&hellip;]","og_url":"https:\/\/labelfree.nl\/de\/produkt\/st809-stretch-poloshirt-ls\/","og_site_name":"Labelfree","article_modified_time":"2026-04-30T00:03:27+00:00","og_image":[{"width":1000,"height":1500,"url":"https:\/\/labelfree.nl\/wp-content\/uploads\/2024\/10\/000809_Stretch_Polo_LS_01.jpg","type":"image\/jpeg"}],"twitter_card":"summary_large_image","twitter_misc":{"Gesch\u00e4tzte Lesezeit":"3\u00a0Minuten"},"schema":{"@context":"https:\/\/schema.org","@graph":[{"@type":"WebPage","@id":"https:\/\/labelfree.nl\/product\/st809-stretch-polo-ls\/","url":"https:\/\/labelfree.nl\/product\/st809-stretch-polo-ls\/","name":"Poloshirt Stretch - Etikettenfrei","isPartOf":{"@id":"https:\/\/labelfree.nl\/#website"},"primaryImageOfPage":{"@id":"https:\/\/labelfree.nl\/product\/st809-stretch-polo-ls\/#primaryimage"},"image":{"@id":"https:\/\/labelfree.nl\/product\/st809-stretch-polo-ls\/#primaryimage"},"thumbnailUrl":"https:\/\/labelfree.nl\/wp-content\/uploads\/2024\/10\/000809_Stretch_Polo_LS_01.jpg","datePublished":"2024-10-24T16:39:37+00:00","dateModified":"2026-04-30T00:03:27+00:00","breadcrumb":{"@id":"https:\/\/labelfree.nl\/product\/st809-stretch-polo-ls\/#breadcrumb"},"inLanguage":"de","potentialAction":[{"@type":"ReadAction","target":["https:\/\/labelfree.nl\/product\/st809-stretch-polo-ls\/"]}]},{"@type":"ImageObject","inLanguage":"de","@id":"https:\/\/labelfree.nl\/product\/st809-stretch-polo-ls\/#primaryimage","url":"https:\/\/labelfree.nl\/wp-content\/uploads\/2024\/10\/000809_Stretch_Polo_LS_01.jpg","contentUrl":"https:\/\/labelfree.nl\/wp-content\/uploads\/2024\/10\/000809_Stretch_Polo_LS_01.jpg","width":1000,"height":1500},{"@type":"BreadcrumbList","@id":"https:\/\/labelfree.nl\/product\/st809-stretch-polo-ls\/#breadcrumb","itemListElement":[{"@type":"ListItem","position":1,"name":"Home","item":"https:\/\/labelfree.nl\/"},{"@type":"ListItem","position":2,"name":"Webshop","item":"https:\/\/labelfree.nl\/webshop\/"},{"@type":"ListItem","position":3,"name":"Poloshirt Stretch"}]},{"@type":"WebSite","@id":"https:\/\/labelfree.nl\/#website","url":"https:\/\/labelfree.nl\/","name":"Etikettenfrei","description":"Markenlose Qualit\u00e4t","potentialAction":[{"@type":"SearchAction","target":{"@type":"EntryPoint","urlTemplate":"https:\/\/labelfree.nl\/?s={search_term_string}"},"query-input":{"@type":"PropertyValueSpecification","valueRequired":true,"valueName":"search_term_string"}}],"inLanguage":"de"}]}},"jetpack_sharing_enabled":true,"_links":{"self":[{"href":"https:\/\/labelfree.nl\/de\/wp-json\/wp\/v2\/product\/43220","targetHints":{"allow":["GET"]}}],"collection":[{"href":"https:\/\/labelfree.nl\/de\/wp-json\/wp\/v2\/product"}],"about":[{"href":"https:\/\/labelfree.nl\/de\/wp-json\/wp\/v2\/types\/product"}],"wp:featuredmedia":[{"embeddable":true,"href":"https:\/\/labelfree.nl\/de\/wp-json\/wp\/v2\/media\/54419"}],"wp:attachment":[{"href":"https:\/\/labelfree.nl\/de\/wp-json\/wp\/v2\/media?parent=43220"}],"wp:term":[{"taxonomy":"product_brand","embeddable":true,"href":"https:\/\/labelfree.nl\/de\/wp-json\/wp\/v2\/product_brand?post=43220"},{"taxonomy":"product_cat","embeddable":true,"href":"https:\/\/labelfree.nl\/de\/wp-json\/wp\/v2\/product_cat?post=43220"},{"taxonomy":"product_tag","embeddable":true,"href":"https:\/\/labelfree.nl\/de\/wp-json\/wp\/v2\/product_tag?post=43220"}],"curies":[{"name":"wp","href":"https:\/\/api.w.org\/{rel}","templated":true}]}}