{"id":43251,"date":"2024-10-24T18:39:58","date_gmt":"2024-10-24T16:39:58","guid":{"rendered":"https:\/\/labelfree.nl\/product\/st810-lady-stretch-polo-ls\/"},"modified":"2026-03-14T00:36:34","modified_gmt":"2026-03-13T23:36:34","slug":"st810-lady-stretch-polo-ls","status":"publish","type":"product","link":"https:\/\/labelfree.nl\/de\/produkt\/st810-damen-stretch-poloshirt-ls\/","title":{"rendered":"Poloshirt Damen Stretch Langarm"},"content":{"rendered":"<p><span style=\"color: #333333;\">Lang\u00e4rmliges Damen-Poloshirt. Feminin geschnitten und angenehm dehnbar. Dezenter Kragen. Aus 220 g\/m\u00b2 Piqu\u00e9-Gewebe.<\/span><\/p>\n<p><span style=\"color: #333333;\"><em>F\u00fcr die korrekte Farbdarstellung und -beschreibung klicken Sie auf das betreffende Hemd und anschlie\u00dfend erneut auf die Lupe. <\/em><\/span><\/p>\n<h3><span style=\"color: #5a7699;\"><strong>Stretch-Poloshirt f\u00fcr Damen, Gr\u00f6\u00dfe L<\/strong><\/span><\/h3>\n<p><strong>Bio-Baumwolle, Pigu\u00e9 220 g\/m\u00b2<\/strong><\/p>\n<p><img decoding=\"async\" src=\"https:\/\/www.stormtextil.dk\/sites\/default\/files\/inline-images\/OTS100_label_19.HBD__1.jpg\" alt=\"\u00d6ko-Tex-zertifiziert\" \/><\/p>\n<ul>\n<li>Qualit\u00e4t: 921T gek\u00e4mmte Baumwolle \/ 81T Elastan<\/li>\n<li>Piqu\u00e9<\/li>\n<li>Gewicht: 220 g\/m\u00b2<\/li>\n<li>Langarm \/ LS<\/li>\n<li>Ziern\u00e4hte<\/li>\n<li>Erh\u00e4ltlich in 5 Farben<\/li>\n<li>Erh\u00e4ltlich von Gr\u00f6\u00dfe XS bis 2XL<\/li>\n<li>Kleines Gr\u00f6\u00dfenetikett im Halsausschnitt<\/li>\n<li>Karton: 50 St\u00fcck. Verpackung: 10 St\u00fcck. Auch einzeln erh\u00e4ltlich.<\/li>\n<\/ul>\n<p>&nbsp;<\/p>\n<h4><span style=\"color: #5a7699;\"><strong>Stretch-Polohemd f\u00fcr Damen (LM) \u2013 modern und schmeichelhaft \u00a0<\/strong><\/span><\/h4>\n<p>Dieses Poloshirt hat eine taillierte Passform und lange \u00c4rmel. Hergestellt aus hochwertigem Piqu\u00e9-Gewebe mit Elastan, bietet es nicht nur einen modernen Look, sondern auch Flexibilit\u00e4t und Bewegungsfreiheit.<\/p>\n<p>Das Polohemd hat einen farblich passenden Halsausschnitt mit wei\u00dfen Ziern\u00e4hten in der Mitte. Der Kragen ist ebenfalls farblich auf das Polohemd abgestimmt und weist an der Knopfleiste wei\u00dfe Ziern\u00e4hte auf. Das wei\u00dfe Polohemd hat graue Ziern\u00e4hte. Kragen und \u00c4rmel sind mit 1x1-Rippstrickb\u00fcndchen versehen. Die lange Knopfleiste mit f\u00fcnf Kn\u00f6pfen bildet einen dezenten Kontrast zum kleinen, femininen Kragen. Die Knopfleiste ist unten verst\u00e4rkt.<\/p>\n<p>\u00c4rmel und Saum sind doppelt vern\u00e4ht. Das R\u00fcckenteil des Shirts ist etwas l\u00e4nger als das Vorderteil. Das Poloshirt hat seitliche Schlitze, die innen mit wei\u00dfen N\u00e4hten verst\u00e4rkt sind. Die Schulternaht ist mit einer Steppnaht verst\u00e4rkt.<\/p>\n<h4><span style=\"color: #5a7699;\"><strong>Materialangaben<\/strong><\/span><\/h4>\n<p>Es besteht aus hochwertigem 220 g\/m\u00b2 Piqu\u00e9-Gewebe mit Elastananteil. Piqu\u00e9 ist ein Strickgewebe mit einer charakteristischen, leicht strukturierten Oberfl\u00e4che und ist robuster als herk\u00f6mmlicher Jersey. Das Material ist atmungsaktiv, formbest\u00e4ndig, knitterarm und pflegeleicht.<\/p>\n<p>Dank der Basis aus Baumwolle und Elastan bietet es sowohl Atmungsaktivit\u00e4t als auch Dehnbarkeit. Das Poloshirt ist je nach Farbe in verschiedenen Stoffkombinationen erh\u00e4ltlich.<\/p>\n<h4><span style=\"color: #5a7699;\"><strong>Druck-, Stick- und Beschriftungsm\u00f6glichkeiten<\/strong><\/span><\/h4>\n<p>M\u00f6chten Sie unbedruckte Kleidung bestellen, mit Ihrem eigenen Design bedrucken lassen oder ben\u00f6tigen Sie selbst aufzubringende Drucke? Bei Labelfree steht Ihnen unser Team bei jedem Schritt zur Seite.<\/p>\n<p>Labelfree bietet verschiedene Druckm\u00f6glichkeiten, darunter Transferdruck, DTF, Siebdruck und Stickerei. Auch eigene Nackendrucke und Etiketten, beispielsweise auf den \u00c4rmel, sind m\u00f6glich.<\/p>\n<p>Ben\u00f6tigen Sie Hilfe bei Ihrem eigenen Design? Unsere Grafikdesigner unterst\u00fctzen Sie gerne. So stellen wir sicher, dass das Endprodukt perfekt auf Ihre Bed\u00fcrfnisse zugeschnitten ist. Sie erhalten immer zun\u00e4chst ein kostenloses, visuelles Angebot. Kontaktieren Sie uns, um die M\u00f6glichkeiten zur Erstellung Ihrer eigenen Kollektion zu erkunden.<\/p>\n<p>&nbsp;<\/p>\n<p>Gr\u00f6\u00dfentabelle<\/p>\n<p><img fetchpriority=\"high\" decoding=\"async\" class=\"\" src=\"https:\/\/www.stormtextil.dk\/sites\/default\/files\/size-charts\/000810_Lady_Strech_Polo_LS.png\" width=\"550\" height=\"115\" \/><\/p>\n<p>&nbsp;<\/p>\n<p>Pflegeanleitung<\/p>\n<p><img decoding=\"async\" class=\"\" src=\"https:\/\/www.stormtextil.dk\/sites\/default\/files\/2018-04\/Storm_washing_instructions_40_125.gif\" width=\"192\" height=\"29\" \/><\/p>\n<p>&nbsp;<\/p>\n<p>&nbsp;<\/p>\n<p>&nbsp;<\/p>\n<p>&nbsp;<\/p>\n<p>&nbsp;<\/p>\n<p>&nbsp;<\/p>\n<p>&nbsp;<\/p>\n<p>&nbsp;<\/p>\n<p>&nbsp;<\/p>\n<p>&nbsp;<\/p>\n<p>&nbsp;<\/p>","protected":false},"excerpt":{"rendered":"<p>Dames polo met lange mouwen. vrouwelijke snit en mooie stretch. Subtiele kraag. Gemaakt van piqu\u00e9-stof, 220 g\/m\u00b2 voor de juiste kleur weergave- en omschrijving klikt u op het betreffende shirt en nogmaals op het vergrootglas poloshirt stretch dames LM Biologisch katoen, Pigu\u00e9 220 g\/m\u00b2 Kwaliteit: 92% gekamd katoen \/ 8% elastaan Piqu\u00e9 Gewicht: 220 g\/m\u00b2 [&hellip;]<\/p>\n","protected":false},"featured_media":54423,"template":"","meta":{"_acf_changed":false},"product_brand":[],"product_cat":[118],"product_tag":[],"class_list":{"0":"post-43251","1":"product","2":"type-product","3":"status-publish","4":"has-post-thumbnail","6":"product_cat-polo-shirts","7":"pa_size-2xl","8":"pa_size-l","9":"pa_size-m","10":"pa_size-s","11":"pa_size-xl","12":"pa_size-xs","14":"first","15":"instock","16":"taxable","17":"shipping-taxable","18":"purchasable","19":"product-type-variable"},"acf":[],"yoast_head":"<!-- This site is optimized with the Yoast SEO plugin v27.5 - https:\/\/yoast.com\/product\/yoast-seo-wordpress\/ -->\n<title>Poloshirt Dames stretch lange mouw - Labelfree<\/title>\n<meta name=\"robots\" content=\"index, follow, max-snippet:-1, max-image-preview:large, max-video-preview:-1\" \/>\n<link rel=\"canonical\" href=\"https:\/\/labelfree.nl\/de\/produkt\/st810-damen-stretch-poloshirt-ls\/\" \/>\n<meta property=\"og:locale\" content=\"de_DE\" \/>\n<meta property=\"og:type\" content=\"article\" \/>\n<meta property=\"og:title\" content=\"Poloshirt Dames stretch lange mouw - Labelfree\" \/>\n<meta property=\"og:description\" content=\"Dames polo met lange mouwen. vrouwelijke snit en mooie stretch. Subtiele kraag. Gemaakt van piqu\u00e9-stof, 220 g\/m\u00b2 voor de juiste kleur weergave- en omschrijving klikt u op het betreffende shirt en nogmaals op het vergrootglas poloshirt stretch dames LM Biologisch katoen, Pigu\u00e9 220 g\/m\u00b2 Kwaliteit: 92% gekamd katoen \/ 8% elastaan Piqu\u00e9 Gewicht: 220 g\/m\u00b2 [&hellip;]\" \/>\n<meta property=\"og:url\" content=\"https:\/\/labelfree.nl\/de\/produkt\/st810-damen-stretch-poloshirt-ls\/\" \/>\n<meta property=\"og:site_name\" content=\"Labelfree\" \/>\n<meta property=\"article:modified_time\" content=\"2026-03-13T23:36:34+00:00\" \/>\n<meta property=\"og:image\" content=\"https:\/\/labelfree.nl\/wp-content\/uploads\/2024\/10\/000810_Lady_Stretch_Polo_LS_01.jpg\" \/>\n\t<meta property=\"og:image:width\" content=\"1000\" \/>\n\t<meta property=\"og:image:height\" content=\"1500\" \/>\n\t<meta property=\"og:image:type\" content=\"image\/jpeg\" \/>\n<meta name=\"twitter:card\" content=\"summary_large_image\" \/>\n<meta name=\"twitter:label1\" content=\"Gesch\u00e4tzte Lesezeit\" \/>\n\t<meta name=\"twitter:data1\" content=\"3\u00a0Minuten\" \/>\n<script type=\"application\/ld+json\" class=\"yoast-schema-graph\">{\"@context\":\"https:\\\/\\\/schema.org\",\"@graph\":[{\"@type\":\"WebPage\",\"@id\":\"https:\\\/\\\/labelfree.nl\\\/product\\\/st810-lady-stretch-polo-ls\\\/\",\"url\":\"https:\\\/\\\/labelfree.nl\\\/product\\\/st810-lady-stretch-polo-ls\\\/\",\"name\":\"Poloshirt Dames stretch lange mouw - Labelfree\",\"isPartOf\":{\"@id\":\"https:\\\/\\\/labelfree.nl\\\/#website\"},\"primaryImageOfPage\":{\"@id\":\"https:\\\/\\\/labelfree.nl\\\/product\\\/st810-lady-stretch-polo-ls\\\/#primaryimage\"},\"image\":{\"@id\":\"https:\\\/\\\/labelfree.nl\\\/product\\\/st810-lady-stretch-polo-ls\\\/#primaryimage\"},\"thumbnailUrl\":\"https:\\\/\\\/labelfree.nl\\\/wp-content\\\/uploads\\\/2024\\\/10\\\/000810_Lady_Stretch_Polo_LS_01.jpg\",\"datePublished\":\"2024-10-24T16:39:58+00:00\",\"dateModified\":\"2026-03-13T23:36:34+00:00\",\"breadcrumb\":{\"@id\":\"https:\\\/\\\/labelfree.nl\\\/product\\\/st810-lady-stretch-polo-ls\\\/#breadcrumb\"},\"inLanguage\":\"de\",\"potentialAction\":[{\"@type\":\"ReadAction\",\"target\":[\"https:\\\/\\\/labelfree.nl\\\/product\\\/st810-lady-stretch-polo-ls\\\/\"]}]},{\"@type\":\"ImageObject\",\"inLanguage\":\"de\",\"@id\":\"https:\\\/\\\/labelfree.nl\\\/product\\\/st810-lady-stretch-polo-ls\\\/#primaryimage\",\"url\":\"https:\\\/\\\/labelfree.nl\\\/wp-content\\\/uploads\\\/2024\\\/10\\\/000810_Lady_Stretch_Polo_LS_01.jpg\",\"contentUrl\":\"https:\\\/\\\/labelfree.nl\\\/wp-content\\\/uploads\\\/2024\\\/10\\\/000810_Lady_Stretch_Polo_LS_01.jpg\",\"width\":1000,\"height\":1500},{\"@type\":\"BreadcrumbList\",\"@id\":\"https:\\\/\\\/labelfree.nl\\\/product\\\/st810-lady-stretch-polo-ls\\\/#breadcrumb\",\"itemListElement\":[{\"@type\":\"ListItem\",\"position\":1,\"name\":\"Home\",\"item\":\"https:\\\/\\\/labelfree.nl\\\/\"},{\"@type\":\"ListItem\",\"position\":2,\"name\":\"Webshop\",\"item\":\"https:\\\/\\\/labelfree.nl\\\/webshop\\\/\"},{\"@type\":\"ListItem\",\"position\":3,\"name\":\"Poloshirt Dames stretch lange mouw\"}]},{\"@type\":\"WebSite\",\"@id\":\"https:\\\/\\\/labelfree.nl\\\/#website\",\"url\":\"https:\\\/\\\/labelfree.nl\\\/\",\"name\":\"Labelfree\",\"description\":\"Brandless quality\",\"potentialAction\":[{\"@type\":\"SearchAction\",\"target\":{\"@type\":\"EntryPoint\",\"urlTemplate\":\"https:\\\/\\\/labelfree.nl\\\/?s={search_term_string}\"},\"query-input\":{\"@type\":\"PropertyValueSpecification\",\"valueRequired\":true,\"valueName\":\"search_term_string\"}}],\"inLanguage\":\"de\"}]}<\/script>\n<!-- \/ Yoast SEO plugin. -->","yoast_head_json":{"title":"Poloshirt Damen Stretch Langarm - Labelfree","robots":{"index":"index","follow":"follow","max-snippet":"max-snippet:-1","max-image-preview":"max-image-preview:large","max-video-preview":"max-video-preview:-1"},"canonical":"https:\/\/labelfree.nl\/de\/produkt\/st810-damen-stretch-poloshirt-ls\/","og_locale":"de_DE","og_type":"article","og_title":"Poloshirt Dames stretch lange mouw - Labelfree","og_description":"Dames polo met lange mouwen. vrouwelijke snit en mooie stretch. Subtiele kraag. Gemaakt van piqu\u00e9-stof, 220 g\/m\u00b2 voor de juiste kleur weergave- en omschrijving klikt u op het betreffende shirt en nogmaals op het vergrootglas poloshirt stretch dames LM Biologisch katoen, Pigu\u00e9 220 g\/m\u00b2 Kwaliteit: 92% gekamd katoen \/ 8% elastaan Piqu\u00e9 Gewicht: 220 g\/m\u00b2 [&hellip;]","og_url":"https:\/\/labelfree.nl\/de\/produkt\/st810-damen-stretch-poloshirt-ls\/","og_site_name":"Labelfree","article_modified_time":"2026-03-13T23:36:34+00:00","og_image":[{"width":1000,"height":1500,"url":"https:\/\/labelfree.nl\/wp-content\/uploads\/2024\/10\/000810_Lady_Stretch_Polo_LS_01.jpg","type":"image\/jpeg"}],"twitter_card":"summary_large_image","twitter_misc":{"Gesch\u00e4tzte Lesezeit":"3\u00a0Minuten"},"schema":{"@context":"https:\/\/schema.org","@graph":[{"@type":"WebPage","@id":"https:\/\/labelfree.nl\/product\/st810-lady-stretch-polo-ls\/","url":"https:\/\/labelfree.nl\/product\/st810-lady-stretch-polo-ls\/","name":"Poloshirt Damen Stretch Langarm - Labelfree","isPartOf":{"@id":"https:\/\/labelfree.nl\/#website"},"primaryImageOfPage":{"@id":"https:\/\/labelfree.nl\/product\/st810-lady-stretch-polo-ls\/#primaryimage"},"image":{"@id":"https:\/\/labelfree.nl\/product\/st810-lady-stretch-polo-ls\/#primaryimage"},"thumbnailUrl":"https:\/\/labelfree.nl\/wp-content\/uploads\/2024\/10\/000810_Lady_Stretch_Polo_LS_01.jpg","datePublished":"2024-10-24T16:39:58+00:00","dateModified":"2026-03-13T23:36:34+00:00","breadcrumb":{"@id":"https:\/\/labelfree.nl\/product\/st810-lady-stretch-polo-ls\/#breadcrumb"},"inLanguage":"de","potentialAction":[{"@type":"ReadAction","target":["https:\/\/labelfree.nl\/product\/st810-lady-stretch-polo-ls\/"]}]},{"@type":"ImageObject","inLanguage":"de","@id":"https:\/\/labelfree.nl\/product\/st810-lady-stretch-polo-ls\/#primaryimage","url":"https:\/\/labelfree.nl\/wp-content\/uploads\/2024\/10\/000810_Lady_Stretch_Polo_LS_01.jpg","contentUrl":"https:\/\/labelfree.nl\/wp-content\/uploads\/2024\/10\/000810_Lady_Stretch_Polo_LS_01.jpg","width":1000,"height":1500},{"@type":"BreadcrumbList","@id":"https:\/\/labelfree.nl\/product\/st810-lady-stretch-polo-ls\/#breadcrumb","itemListElement":[{"@type":"ListItem","position":1,"name":"Home","item":"https:\/\/labelfree.nl\/"},{"@type":"ListItem","position":2,"name":"Webshop","item":"https:\/\/labelfree.nl\/webshop\/"},{"@type":"ListItem","position":3,"name":"Poloshirt Dames stretch lange mouw"}]},{"@type":"WebSite","@id":"https:\/\/labelfree.nl\/#website","url":"https:\/\/labelfree.nl\/","name":"Etikettenfrei","description":"Markenlose Qualit\u00e4t","potentialAction":[{"@type":"SearchAction","target":{"@type":"EntryPoint","urlTemplate":"https:\/\/labelfree.nl\/?s={search_term_string}"},"query-input":{"@type":"PropertyValueSpecification","valueRequired":true,"valueName":"search_term_string"}}],"inLanguage":"de"}]}},"jetpack_sharing_enabled":true,"_links":{"self":[{"href":"https:\/\/labelfree.nl\/de\/wp-json\/wp\/v2\/product\/43251","targetHints":{"allow":["GET"]}}],"collection":[{"href":"https:\/\/labelfree.nl\/de\/wp-json\/wp\/v2\/product"}],"about":[{"href":"https:\/\/labelfree.nl\/de\/wp-json\/wp\/v2\/types\/product"}],"wp:featuredmedia":[{"embeddable":true,"href":"https:\/\/labelfree.nl\/de\/wp-json\/wp\/v2\/media\/54423"}],"wp:attachment":[{"href":"https:\/\/labelfree.nl\/de\/wp-json\/wp\/v2\/media?parent=43251"}],"wp:term":[{"taxonomy":"product_brand","embeddable":true,"href":"https:\/\/labelfree.nl\/de\/wp-json\/wp\/v2\/product_brand?post=43251"},{"taxonomy":"product_cat","embeddable":true,"href":"https:\/\/labelfree.nl\/de\/wp-json\/wp\/v2\/product_cat?post=43251"},{"taxonomy":"product_tag","embeddable":true,"href":"https:\/\/labelfree.nl\/de\/wp-json\/wp\/v2\/product_tag?post=43251"}],"curies":[{"name":"wp","href":"https:\/\/api.w.org\/{rel}","templated":true}]}}