{"id":43284,"date":"2024-10-24T18:40:32","date_gmt":"2024-10-24T16:40:32","guid":{"rendered":"https:\/\/labelfree.nl\/product\/st411-hooded-tee-ls\/"},"modified":"2026-04-26T02:03:42","modified_gmt":"2026-04-26T00:03:42","slug":"st411-hooded-tee-ls","status":"publish","type":"product","link":"https:\/\/labelfree.nl\/de\/produkt\/st411-kapuzen-t-shirt-ls\/","title":{"rendered":"Lang\u00e4rmliges T-Shirt mit Kapuze"},"content":{"rendered":"<h2>Langarm-Hoodie-T-Shirt \u2013 dauerhafter Komfort<\/h2>\n<p>Lassen Sie Ihre Pers\u00f6nlichkeit mit unserem hochwertigen, markenlosen Langarm-T-Shirt-Hoodie erstrahlen.<\/p>\n<h3>Qualit\u00e4t des Materials<\/h3>\n<p>Unser Hoodie in T-Shirt-Qualit\u00e4t besteht aus 100% gek\u00e4mmter Baumwolle. Dadurch f\u00fchlt sich das Shirt nicht nur superweich auf der Haut an, sondern ist auch langlebig und verschlei\u00dffest. Durch die Verwendung von gek\u00e4mmter Baumwolle werden alle kurzen Fasern entfernt, was das fertige Produkt unglaublich glatt und bequem macht. F\u00fcr die Farben Heather Black und Oxford Grey haben wir eine Mischung mit 80% gek\u00e4mmter Baumwolle und 20% Viskose bzw. 85% Baumwolle mit 15% Viskose hinzugef\u00fcgt.<\/p>\n<h3>Produktspezifikationen<\/h3>\n<ul>\n<li>Qualit\u00e4t: 100% gek\u00e4mmte Baumwolle (und Varianten)<\/li>\n<li>Gewicht: 165g\/m\u00b2<\/li>\n<li>IsoliBox: 20 St\u00fcck, Verpackung: 10 St\u00fcck<\/li>\n<li>Kann pro St\u00fcck bestellt werden<\/li>\n<li>ETIKETTFREI mit nur einem kleinen Gr\u00f6\u00dfenetikett auf der linken Seite des Halses<\/li>\n<li>Besonderheiten: Lange \u00c4rmel und eine bequeme Kapuze<\/li>\n<\/ul>\n<h3>Hochwertige Verarbeitung<\/h3>\n<p>Unsere Hoodie-T-Shirts werden mit viel Liebe zum Detail entworfen. Die N\u00e4hte sind f\u00fcr zus\u00e4tzliche Haltbarkeit verst\u00e4rkt. Dank des LABELFREE-Designs k\u00f6nnen Sie den Hoodie ganz einfach bedrucken, ohne sich um gro\u00dfe Markenetiketten k\u00fcmmern zu m\u00fcssen. Damit ist es die perfekte Wahl f\u00fcr Unternehmen, die f\u00fcr ihre Kunden oder f\u00fcr Veranstaltungen etwas Einzigartiges suchen.<\/p>\n<h3>Personalisieren und drucken<\/h3>\n<p>Bei Labelfree bieten wir dir die M\u00f6glichkeit, den Hoodie komplett nach deinen W\u00fcnschen zu bedrucken. Mit einer breiten Palette von Druckverfahren, wie Siebdruck, DTG-Druck sowie Stick- und Webembleme. Egal, ob Sie ein Logo f\u00fcr Ihr Unternehmen oder ein einzigartiges Design f\u00fcr einen besonderen Anlass hinzuf\u00fcgen m\u00f6chten, unser Grafikdesigner hilft Ihnen gerne bei der Erstellung des perfekten Designs, das Ihren Vorstellungen entspricht.<\/p>\n<p>Sind Sie bereit, Ihr eigenes Langarm-Hoodie-T-Shirt individuell zu gestalten? Oder haben Sie andere Kleidungsst\u00fccke im Sinn, die Sie gerne bedrucken lassen w\u00fcrden? Bei Labelfree machen wir es jedem Unternehmer einfach und zug\u00e4nglich. Besuchen Sie unsere Website, entdecken Sie unser Sortiment an hochwertiger, nachhaltiger Kleidung und beginnen Sie noch heute, etwas Besonderes zu kreieren!<\/p>","protected":false},"excerpt":{"rendered":"<p>Long Sleeve Hoodie T-shirt \u2013 Duurzaam Comfort Laat je persoonlijkheid stralen met ons hoogwaardige, merkloze T-shirt Hoodie met lange mouw. Kwaliteit van het materiaal Onze Hoodie In T-shirt kwaliteit is vervaardigd van 100% gekamd katoen. Dit betekent dat het shirt niet alleen superzacht aanvoelt op de huid, maar ook duurzaam en slijtvast is. Het gebruik [&hellip;]<\/p>\n","protected":false},"featured_media":54438,"template":"","meta":{"_acf_changed":false},"product_brand":[],"product_cat":[19],"product_tag":[],"class_list":{"0":"post-43284","1":"product","2":"type-product","3":"status-publish","4":"has-post-thumbnail","6":"product_cat-t-shirts","7":"pa_size-2xl","8":"pa_size-l","9":"pa_size-m","10":"pa_size-s","11":"pa_size-xl","12":"pa_size-xs","13":"pa_size-xxl","15":"first","16":"instock","17":"taxable","18":"shipping-taxable","19":"purchasable","20":"product-type-variable"},"acf":[],"yoast_head":"<!-- This site is optimized with the Yoast SEO plugin v27.4 - https:\/\/yoast.com\/product\/yoast-seo-wordpress\/ -->\n<title>T-shirt met capuchon lange mouw - Labelfree<\/title>\n<meta name=\"robots\" content=\"index, follow, max-snippet:-1, max-image-preview:large, max-video-preview:-1\" \/>\n<link rel=\"canonical\" href=\"https:\/\/labelfree.nl\/de\/produkt\/st411-kapuzen-t-shirt-ls\/\" \/>\n<meta property=\"og:locale\" content=\"de_DE\" \/>\n<meta property=\"og:type\" content=\"article\" \/>\n<meta property=\"og:title\" content=\"T-shirt met capuchon lange mouw - Labelfree\" \/>\n<meta property=\"og:description\" content=\"Long Sleeve Hoodie T-shirt \u2013 Duurzaam Comfort Laat je persoonlijkheid stralen met ons hoogwaardige, merkloze T-shirt Hoodie met lange mouw. Kwaliteit van het materiaal Onze Hoodie In T-shirt kwaliteit is vervaardigd van 100% gekamd katoen. Dit betekent dat het shirt niet alleen superzacht aanvoelt op de huid, maar ook duurzaam en slijtvast is. Het gebruik [&hellip;]\" \/>\n<meta property=\"og:url\" content=\"https:\/\/labelfree.nl\/de\/produkt\/st411-kapuzen-t-shirt-ls\/\" \/>\n<meta property=\"og:site_name\" content=\"Labelfree\" \/>\n<meta property=\"article:modified_time\" content=\"2026-04-26T00:03:42+00:00\" \/>\n<meta property=\"og:image\" content=\"https:\/\/labelfree.nl\/wp-content\/uploads\/2024\/10\/000411_Hooded_Tee_LS_01-2-scaled.jpg\" \/>\n\t<meta property=\"og:image:width\" content=\"705\" \/>\n\t<meta property=\"og:image:height\" content=\"1920\" \/>\n\t<meta property=\"og:image:type\" content=\"image\/jpeg\" \/>\n<meta name=\"twitter:card\" content=\"summary_large_image\" \/>\n<meta name=\"twitter:label1\" content=\"Gesch\u00e4tzte Lesezeit\" \/>\n\t<meta name=\"twitter:data1\" content=\"2\u00a0Minuten\" \/>\n<script type=\"application\/ld+json\" class=\"yoast-schema-graph\">{\"@context\":\"https:\\\/\\\/schema.org\",\"@graph\":[{\"@type\":\"WebPage\",\"@id\":\"https:\\\/\\\/labelfree.nl\\\/product\\\/st411-hooded-tee-ls\\\/\",\"url\":\"https:\\\/\\\/labelfree.nl\\\/product\\\/st411-hooded-tee-ls\\\/\",\"name\":\"T-shirt met capuchon lange mouw - Labelfree\",\"isPartOf\":{\"@id\":\"https:\\\/\\\/labelfree.nl\\\/#website\"},\"primaryImageOfPage\":{\"@id\":\"https:\\\/\\\/labelfree.nl\\\/product\\\/st411-hooded-tee-ls\\\/#primaryimage\"},\"image\":{\"@id\":\"https:\\\/\\\/labelfree.nl\\\/product\\\/st411-hooded-tee-ls\\\/#primaryimage\"},\"thumbnailUrl\":\"https:\\\/\\\/labelfree.nl\\\/wp-content\\\/uploads\\\/2024\\\/10\\\/000411_Hooded_Tee_LS_01-2-scaled.jpg\",\"datePublished\":\"2024-10-24T16:40:32+00:00\",\"dateModified\":\"2026-04-26T00:03:42+00:00\",\"breadcrumb\":{\"@id\":\"https:\\\/\\\/labelfree.nl\\\/product\\\/st411-hooded-tee-ls\\\/#breadcrumb\"},\"inLanguage\":\"de\",\"potentialAction\":[{\"@type\":\"ReadAction\",\"target\":[\"https:\\\/\\\/labelfree.nl\\\/product\\\/st411-hooded-tee-ls\\\/\"]}]},{\"@type\":\"ImageObject\",\"inLanguage\":\"de\",\"@id\":\"https:\\\/\\\/labelfree.nl\\\/product\\\/st411-hooded-tee-ls\\\/#primaryimage\",\"url\":\"https:\\\/\\\/labelfree.nl\\\/wp-content\\\/uploads\\\/2024\\\/10\\\/000411_Hooded_Tee_LS_01-2-scaled.jpg\",\"contentUrl\":\"https:\\\/\\\/labelfree.nl\\\/wp-content\\\/uploads\\\/2024\\\/10\\\/000411_Hooded_Tee_LS_01-2-scaled.jpg\",\"width\":705,\"height\":1920},{\"@type\":\"BreadcrumbList\",\"@id\":\"https:\\\/\\\/labelfree.nl\\\/product\\\/st411-hooded-tee-ls\\\/#breadcrumb\",\"itemListElement\":[{\"@type\":\"ListItem\",\"position\":1,\"name\":\"Home\",\"item\":\"https:\\\/\\\/labelfree.nl\\\/\"},{\"@type\":\"ListItem\",\"position\":2,\"name\":\"Webshop\",\"item\":\"https:\\\/\\\/labelfree.nl\\\/webshop\\\/\"},{\"@type\":\"ListItem\",\"position\":3,\"name\":\"T-shirt met capuchon lange mouw\"}]},{\"@type\":\"WebSite\",\"@id\":\"https:\\\/\\\/labelfree.nl\\\/#website\",\"url\":\"https:\\\/\\\/labelfree.nl\\\/\",\"name\":\"Labelfree\",\"description\":\"Brandless quality\",\"potentialAction\":[{\"@type\":\"SearchAction\",\"target\":{\"@type\":\"EntryPoint\",\"urlTemplate\":\"https:\\\/\\\/labelfree.nl\\\/?s={search_term_string}\"},\"query-input\":{\"@type\":\"PropertyValueSpecification\",\"valueRequired\":true,\"valueName\":\"search_term_string\"}}],\"inLanguage\":\"de\"}]}<\/script>\n<!-- \/ Yoast SEO plugin. -->","yoast_head_json":{"title":"Langarm-Kapuzen-T-Shirt - Labelfree","robots":{"index":"index","follow":"follow","max-snippet":"max-snippet:-1","max-image-preview":"max-image-preview:large","max-video-preview":"max-video-preview:-1"},"canonical":"https:\/\/labelfree.nl\/de\/produkt\/st411-kapuzen-t-shirt-ls\/","og_locale":"de_DE","og_type":"article","og_title":"T-shirt met capuchon lange mouw - Labelfree","og_description":"Long Sleeve Hoodie T-shirt \u2013 Duurzaam Comfort Laat je persoonlijkheid stralen met ons hoogwaardige, merkloze T-shirt Hoodie met lange mouw. Kwaliteit van het materiaal Onze Hoodie In T-shirt kwaliteit is vervaardigd van 100% gekamd katoen. Dit betekent dat het shirt niet alleen superzacht aanvoelt op de huid, maar ook duurzaam en slijtvast is. Het gebruik [&hellip;]","og_url":"https:\/\/labelfree.nl\/de\/produkt\/st411-kapuzen-t-shirt-ls\/","og_site_name":"Labelfree","article_modified_time":"2026-04-26T00:03:42+00:00","og_image":[{"width":705,"height":1920,"url":"https:\/\/labelfree.nl\/wp-content\/uploads\/2024\/10\/000411_Hooded_Tee_LS_01-2-scaled.jpg","type":"image\/jpeg"}],"twitter_card":"summary_large_image","twitter_misc":{"Gesch\u00e4tzte Lesezeit":"2\u00a0Minuten"},"schema":{"@context":"https:\/\/schema.org","@graph":[{"@type":"WebPage","@id":"https:\/\/labelfree.nl\/product\/st411-hooded-tee-ls\/","url":"https:\/\/labelfree.nl\/product\/st411-hooded-tee-ls\/","name":"Langarm-Kapuzen-T-Shirt - Labelfree","isPartOf":{"@id":"https:\/\/labelfree.nl\/#website"},"primaryImageOfPage":{"@id":"https:\/\/labelfree.nl\/product\/st411-hooded-tee-ls\/#primaryimage"},"image":{"@id":"https:\/\/labelfree.nl\/product\/st411-hooded-tee-ls\/#primaryimage"},"thumbnailUrl":"https:\/\/labelfree.nl\/wp-content\/uploads\/2024\/10\/000411_Hooded_Tee_LS_01-2-scaled.jpg","datePublished":"2024-10-24T16:40:32+00:00","dateModified":"2026-04-26T00:03:42+00:00","breadcrumb":{"@id":"https:\/\/labelfree.nl\/product\/st411-hooded-tee-ls\/#breadcrumb"},"inLanguage":"de","potentialAction":[{"@type":"ReadAction","target":["https:\/\/labelfree.nl\/product\/st411-hooded-tee-ls\/"]}]},{"@type":"ImageObject","inLanguage":"de","@id":"https:\/\/labelfree.nl\/product\/st411-hooded-tee-ls\/#primaryimage","url":"https:\/\/labelfree.nl\/wp-content\/uploads\/2024\/10\/000411_Hooded_Tee_LS_01-2-scaled.jpg","contentUrl":"https:\/\/labelfree.nl\/wp-content\/uploads\/2024\/10\/000411_Hooded_Tee_LS_01-2-scaled.jpg","width":705,"height":1920},{"@type":"BreadcrumbList","@id":"https:\/\/labelfree.nl\/product\/st411-hooded-tee-ls\/#breadcrumb","itemListElement":[{"@type":"ListItem","position":1,"name":"Home","item":"https:\/\/labelfree.nl\/"},{"@type":"ListItem","position":2,"name":"Webshop","item":"https:\/\/labelfree.nl\/webshop\/"},{"@type":"ListItem","position":3,"name":"T-shirt met capuchon lange mouw"}]},{"@type":"WebSite","@id":"https:\/\/labelfree.nl\/#website","url":"https:\/\/labelfree.nl\/","name":"Etikettenfrei","description":"Markenlose Qualit\u00e4t","potentialAction":[{"@type":"SearchAction","target":{"@type":"EntryPoint","urlTemplate":"https:\/\/labelfree.nl\/?s={search_term_string}"},"query-input":{"@type":"PropertyValueSpecification","valueRequired":true,"valueName":"search_term_string"}}],"inLanguage":"de"}]}},"jetpack_sharing_enabled":true,"_links":{"self":[{"href":"https:\/\/labelfree.nl\/de\/wp-json\/wp\/v2\/product\/43284","targetHints":{"allow":["GET"]}}],"collection":[{"href":"https:\/\/labelfree.nl\/de\/wp-json\/wp\/v2\/product"}],"about":[{"href":"https:\/\/labelfree.nl\/de\/wp-json\/wp\/v2\/types\/product"}],"wp:featuredmedia":[{"embeddable":true,"href":"https:\/\/labelfree.nl\/de\/wp-json\/wp\/v2\/media\/54438"}],"wp:attachment":[{"href":"https:\/\/labelfree.nl\/de\/wp-json\/wp\/v2\/media?parent=43284"}],"wp:term":[{"taxonomy":"product_brand","embeddable":true,"href":"https:\/\/labelfree.nl\/de\/wp-json\/wp\/v2\/product_brand?post=43284"},{"taxonomy":"product_cat","embeddable":true,"href":"https:\/\/labelfree.nl\/de\/wp-json\/wp\/v2\/product_cat?post=43284"},{"taxonomy":"product_tag","embeddable":true,"href":"https:\/\/labelfree.nl\/de\/wp-json\/wp\/v2\/product_tag?post=43284"}],"curies":[{"name":"wp","href":"https:\/\/api.w.org\/{rel}","templated":true}]}}