{"id":43339,"date":"2024-10-24T18:41:12","date_gmt":"2024-10-24T16:41:12","guid":{"rendered":"https:\/\/labelfree.nl\/product\/st728-sport-hooded-zip\/"},"modified":"2026-04-26T02:03:45","modified_gmt":"2026-04-26T00:03:45","slug":"sport-hoodie-zip-frenchterry-ademend-fijnestretch-modern-labelfree","status":"publish","type":"product","link":"https:\/\/labelfree.nl\/de\/produkt\/st728-sport-kapuzenreisverschluss\/","title":{"rendered":"Sport-Hoodie mit Rei\u00dfverschluss"},"content":{"rendered":"<p><span style=\"color: #333333;\">Sportlicher Kapuzenpullover mit Rei\u00dfverschluss. Moderner Look. Franz\u00f6sischer Frottee, 320 g\/m\u00b2. Fein dehnbar. Atmungsaktiv und saugf\u00e4hig.<\/span><\/p>\n<p><em><span style=\"color: #333333;\">F\u00fcr die korrekte Farbdarstellung und -beschreibung klicken Sie auf das betreffende Hemd und anschlie\u00dfend erneut auf die Lupe.<\/span>S<\/em><\/p>\n<p>&nbsp;<\/p>\n<h3><span style=\"color: #5a7699;\"><strong>Sport-Hoodie mit Rei\u00dfverschluss<\/strong><\/span><\/h3>\n<p><strong>921T Bio-Baumwolle \/ 81T Elastan. Franz\u00f6sischer Frottee, 320 g\/m\u00b2<\/strong><\/p>\n<p><img decoding=\"async\" src=\"https:\/\/www.stormtextil.dk\/sites\/default\/files\/inline-images\/OTS100_label_19.HBD__1.jpg\" alt=\"\u00d6ko-Tex-zertifiziert\" \/><\/p>\n<ul>\n<li>Schwarz: 921T Baumwolle \/ 81T Elastan<\/li>\n<li>Oxfordgrau: 771T Baumwolle \/ 151T Viskose \/ 81T Elastan<\/li>\n<li>Schwarzer Materialmix: 721T Baumwolle \/ 201T Polyester \/ 81T Elastan<\/li>\n<li>French Terry<\/li>\n<li>Gewicht: 320 g\/m\u00b2<\/li>\n<li>Seitliche Taschen mit Rei\u00dfverschluss<\/li>\n<li>Erh\u00e4ltlich in 3 Farben<\/li>\n<li>Erh\u00e4ltlich von Gr\u00f6\u00dfe XS bis 3XL<\/li>\n<li>Kleines Gr\u00f6\u00dfenetikett im Halsausschnitt<\/li>\n<li>Schachtel: 20 St\u00fcck. Einzelverpackung: 10 St\u00fcck. Auch einzeln erh\u00e4ltlich.<\/li>\n<\/ul>\n<p><strong>\u00a0<\/strong><\/p>\n<h4><span style=\"color: #5a7699;\"><strong>Sportlicher Kapuzenpullover mit Rei\u00dfverschluss \u2013 bequem und modern<\/strong><\/span><\/h4>\n<p>Unser Sport-Kapuzenpullover mit Rei\u00dfverschluss ist aus hochwertiger Bio-Baumwolle mit einem Hauch Elastan gefertigt. Das Elastan im Stoff sorgt f\u00fcr eine geschmeidige und bequeme Passform sowie angenehme Dehnbarkeit. Dieser Kapuzenpullover mit Rei\u00dfverschluss hat eine Kapuze mit breiten schwarzen Kordelz\u00fcgen und schwarzen Rei\u00dfverschl\u00fcssen. Er verf\u00fcgt \u00fcber Seitentaschen und Seitenn\u00e4hte. Der Hoodie hat eine geradere, k\u00f6rperbetonte Passform.<\/p>\n<p>French Terry ist ein weicher Strickstoff mit einer glatten Au\u00dfenseite und einer Schlingenstruktur auf der Innenseite. Dank dieser Stricktechnik ist der Stoff sehr saugf\u00e4hig und daher ideal f\u00fcr einen aktiven Lebensstil. Er ist angenehm dehnbar.<\/p>\n<p>Alle Farben haben einen schwarzen Rei\u00dfverschluss vorne, und auch die Seitentaschen sind mit schwarzen Rei\u00dfverschl\u00fcssen versehen. Alle Pullover haben schwarze Kordelz\u00fcge mit geschlossenen, ebenfalls schwarz beschichteten Metall\u00f6sen. \u00c4rmel und Saum sind mit einem breiten 2x2-Rippstrickb\u00fcndchen aus Lycra mit Elastan abgeschlossen.<\/p>\n<h4><span style=\"color: #5a7699;\"><strong>Materialangaben<\/strong><\/span><\/h4>\n<p>Die Materialzusammensetzung des Stoffes variiert je nach Farbe. Schwarz: 921 % Bio-Baumwolle\/81 % Elastan. Oxford-Grau: 77 % Baumwolle\/15 % Viskose\/81 % Elastan. Melange-Schwarz: 72 % Baumwolle\/20 % Polyester\/81 % Elastan. Dieser schwarze Pullover eignet sich hervorragend f\u00fcr den DTG-Druck.<\/p>\n<p>Es besteht aus French-Terry-Gewebe mit einem Gewicht von 320 g\/m\u00b2. Es handelt sich um einen weichen, gestrickten Jersey-Stoff mit einer besonderen Struktur: Die Au\u00dfenseite ist glatt wie bei Single-Jersey, w\u00e4hrend die Innenseite eine Schlingenstruktur aufweist. Die Innenseite ist nicht angeraut. Diese Stricktechnik verleiht dem Stoff hervorragende Saugf\u00e4higkeit und Atmungsaktivit\u00e4t. Er ist geschmeidig und formbest\u00e4ndig.<\/p>\n<h4><span style=\"color: #5a7699;\"><strong>Druck-, Stick- und Beschriftungsm\u00f6glichkeiten<\/strong><\/span><\/h4>\n<p>M\u00f6chten Sie unbedruckte Kleidung bestellen, mit Ihrem eigenen Design bedrucken lassen oder ben\u00f6tigen Sie selbst aufzubringende Drucke? Bei Labelfree steht Ihnen unser Team bei jedem Schritt zur Seite.<\/p>\n<p>Labelfree bietet verschiedene Druckm\u00f6glichkeiten, darunter Transferdruck, DTF, Siebdruck und Stickerei. Auch eigene Nackendrucke und Etiketten, beispielsweise auf den \u00c4rmel, sind m\u00f6glich.<\/p>\n<p>Ben\u00f6tigen Sie Hilfe bei Ihrem eigenen Design? Unsere Grafikdesigner unterst\u00fctzen Sie gerne. So stellen wir sicher, dass das Endprodukt perfekt auf Ihre Bed\u00fcrfnisse zugeschnitten ist. Sie erhalten immer zun\u00e4chst ein kostenloses, visuelles Angebot. Kontaktieren Sie uns, um die M\u00f6glichkeiten zur Erstellung Ihrer eigenen Kollektion zu erkunden.<\/p>\n<p>&nbsp;<\/p>\n<p>Gr\u00f6\u00dfentabelle<\/p>\n<p><img decoding=\"async\" class=\"\" src=\"https:\/\/www.stormtextil.dk\/sites\/default\/files\/product-image\/size-charts\/000728_Sport_Hooded_zip.png\" alt=\"Gr\u00f6\u00dfentabelle ST728\" width=\"486\" height=\"62\" \/><\/p>\n<p>Pflegeanleitung<\/p>\n<p><img decoding=\"async\" class=\"\" src=\"https:\/\/www.stormtextil.dk\/sites\/default\/files\/2018-04\/Storm_washing_instructions_40_60.gif\" width=\"166\" height=\"25\" \/><\/p>\n<p>&nbsp;<\/p>\n<p>&nbsp;<\/p>","protected":false},"excerpt":{"rendered":"<p>Sportieve hoodie met rits. moderne uitstraling. French terry, 320 g\/m\u00b2. Fijne stretch. Ademend en absorberend voor de juiste kleur weergave- en omschrijving klikt u op het betreffende shirt en nogmaals op het vergrootglas &nbsp; hoodie sport zip 92% Biologisch katoen \/ 8% elastaan. French terry, 320 g\/m\u00b2 Zwart: 92% katoen \/ 8% elastaan Oxfordgrijs: 77% [&hellip;]<\/p>\n","protected":false},"featured_media":54467,"template":"","meta":{"_acf_changed":false},"product_brand":[],"product_cat":[113,424,108,114],"product_tag":[],"class_list":{"0":"post-43339","1":"product","2":"type-product","3":"status-publish","4":"has-post-thumbnail","6":"product_cat-hooded-zip-sweat","7":"product_cat-sweaters","8":"product_cat-sweatshirts","9":"product_cat-zip-sweat","10":"pa_size-2xl","11":"pa_size-3xl","12":"pa_size-l","13":"pa_size-m","14":"pa_size-s","15":"pa_size-xl","16":"pa_size-xs","17":"pa_size-xxl","19":"first","20":"instock","21":"taxable","22":"shipping-taxable","23":"purchasable","24":"product-type-variable"},"acf":[],"yoast_head":"<!-- This site is optimized with the Yoast SEO plugin v27.4 - https:\/\/yoast.com\/product\/yoast-seo-wordpress\/ -->\n<title>Hoodie Sport Zip - Labelfree<\/title>\n<meta name=\"description\" content=\"Sportieve hoodie met rits. moderne uitstraling. French terry, 320 g\/m\u00b2. Fijne stretch. Ademend en absorberend\" \/>\n<meta name=\"robots\" content=\"index, follow, max-snippet:-1, max-image-preview:large, max-video-preview:-1\" \/>\n<link rel=\"canonical\" href=\"https:\/\/labelfree.nl\/de\/produkt\/st728-sport-kapuzenreisverschluss\/\" \/>\n<meta property=\"og:locale\" content=\"de_DE\" \/>\n<meta property=\"og:type\" content=\"article\" \/>\n<meta property=\"og:title\" content=\"Hoodie Sport Zip - Labelfree\" \/>\n<meta property=\"og:description\" content=\"Sportieve hoodie met rits. moderne uitstraling. French terry, 320 g\/m\u00b2. Fijne stretch. Ademend en absorberend\" \/>\n<meta property=\"og:url\" content=\"https:\/\/labelfree.nl\/de\/produkt\/st728-sport-kapuzenreisverschluss\/\" \/>\n<meta property=\"og:site_name\" content=\"Labelfree\" \/>\n<meta property=\"article:modified_time\" content=\"2026-04-26T00:03:45+00:00\" \/>\n<meta property=\"og:image\" content=\"https:\/\/labelfree.nl\/wp-content\/uploads\/2024\/10\/000728_Sport_Hooded_Zip_01.jpg\" \/>\n\t<meta property=\"og:image:width\" content=\"1280\" \/>\n\t<meta property=\"og:image:height\" content=\"1920\" \/>\n\t<meta property=\"og:image:type\" content=\"image\/jpeg\" \/>\n<meta name=\"twitter:card\" content=\"summary_large_image\" \/>\n<meta name=\"twitter:label1\" content=\"Gesch\u00e4tzte Lesezeit\" \/>\n\t<meta name=\"twitter:data1\" content=\"4\u00a0Minuten\" \/>\n<script type=\"application\/ld+json\" class=\"yoast-schema-graph\">{\"@context\":\"https:\\\/\\\/schema.org\",\"@graph\":[{\"@type\":\"WebPage\",\"@id\":\"https:\\\/\\\/labelfree.nl\\\/product\\\/sport-hoodie-zip-frenchterry-ademend-fijnestretch-modern-labelfree\\\/\",\"url\":\"https:\\\/\\\/labelfree.nl\\\/product\\\/sport-hoodie-zip-frenchterry-ademend-fijnestretch-modern-labelfree\\\/\",\"name\":\"Hoodie Sport Zip - Labelfree\",\"isPartOf\":{\"@id\":\"https:\\\/\\\/labelfree.nl\\\/#website\"},\"primaryImageOfPage\":{\"@id\":\"https:\\\/\\\/labelfree.nl\\\/product\\\/sport-hoodie-zip-frenchterry-ademend-fijnestretch-modern-labelfree\\\/#primaryimage\"},\"image\":{\"@id\":\"https:\\\/\\\/labelfree.nl\\\/product\\\/sport-hoodie-zip-frenchterry-ademend-fijnestretch-modern-labelfree\\\/#primaryimage\"},\"thumbnailUrl\":\"https:\\\/\\\/labelfree.nl\\\/wp-content\\\/uploads\\\/2024\\\/10\\\/000728_Sport_Hooded_Zip_01.jpg\",\"datePublished\":\"2024-10-24T16:41:12+00:00\",\"dateModified\":\"2026-04-26T00:03:45+00:00\",\"description\":\"Sportieve hoodie met rits. moderne uitstraling. French terry, 320 g\\\/m\u00b2. Fijne stretch. Ademend en absorberend\",\"breadcrumb\":{\"@id\":\"https:\\\/\\\/labelfree.nl\\\/product\\\/sport-hoodie-zip-frenchterry-ademend-fijnestretch-modern-labelfree\\\/#breadcrumb\"},\"inLanguage\":\"de\",\"potentialAction\":[{\"@type\":\"ReadAction\",\"target\":[\"https:\\\/\\\/labelfree.nl\\\/product\\\/sport-hoodie-zip-frenchterry-ademend-fijnestretch-modern-labelfree\\\/\"]}]},{\"@type\":\"ImageObject\",\"inLanguage\":\"de\",\"@id\":\"https:\\\/\\\/labelfree.nl\\\/product\\\/sport-hoodie-zip-frenchterry-ademend-fijnestretch-modern-labelfree\\\/#primaryimage\",\"url\":\"https:\\\/\\\/labelfree.nl\\\/wp-content\\\/uploads\\\/2024\\\/10\\\/000728_Sport_Hooded_Zip_01.jpg\",\"contentUrl\":\"https:\\\/\\\/labelfree.nl\\\/wp-content\\\/uploads\\\/2024\\\/10\\\/000728_Sport_Hooded_Zip_01.jpg\",\"width\":1280,\"height\":1920},{\"@type\":\"BreadcrumbList\",\"@id\":\"https:\\\/\\\/labelfree.nl\\\/product\\\/sport-hoodie-zip-frenchterry-ademend-fijnestretch-modern-labelfree\\\/#breadcrumb\",\"itemListElement\":[{\"@type\":\"ListItem\",\"position\":1,\"name\":\"Home\",\"item\":\"https:\\\/\\\/labelfree.nl\\\/\"},{\"@type\":\"ListItem\",\"position\":2,\"name\":\"Webshop\",\"item\":\"https:\\\/\\\/labelfree.nl\\\/webshop\\\/\"},{\"@type\":\"ListItem\",\"position\":3,\"name\":\"Hoodie Sport Zip\"}]},{\"@type\":\"WebSite\",\"@id\":\"https:\\\/\\\/labelfree.nl\\\/#website\",\"url\":\"https:\\\/\\\/labelfree.nl\\\/\",\"name\":\"Labelfree\",\"description\":\"Brandless quality\",\"potentialAction\":[{\"@type\":\"SearchAction\",\"target\":{\"@type\":\"EntryPoint\",\"urlTemplate\":\"https:\\\/\\\/labelfree.nl\\\/?s={search_term_string}\"},\"query-input\":{\"@type\":\"PropertyValueSpecification\",\"valueRequired\":true,\"valueName\":\"search_term_string\"}}],\"inLanguage\":\"de\"}]}<\/script>\n<!-- \/ Yoast SEO plugin. -->","yoast_head_json":{"title":"Sport-Hoodie mit Rei\u00dfverschluss \u2013 Labelfree","description":"Sportlicher Kapuzenpullover mit Rei\u00dfverschluss. Moderner Look. Franz\u00f6sischer Frottee, 320 g\/m\u00b2. Fein dehnbar. Atmungsaktiv und saugf\u00e4hig.","robots":{"index":"index","follow":"follow","max-snippet":"max-snippet:-1","max-image-preview":"max-image-preview:large","max-video-preview":"max-video-preview:-1"},"canonical":"https:\/\/labelfree.nl\/de\/produkt\/st728-sport-kapuzenreisverschluss\/","og_locale":"de_DE","og_type":"article","og_title":"Hoodie Sport Zip - Labelfree","og_description":"Sportieve hoodie met rits. moderne uitstraling. French terry, 320 g\/m\u00b2. Fijne stretch. Ademend en absorberend","og_url":"https:\/\/labelfree.nl\/de\/produkt\/st728-sport-kapuzenreisverschluss\/","og_site_name":"Labelfree","article_modified_time":"2026-04-26T00:03:45+00:00","og_image":[{"width":1280,"height":1920,"url":"https:\/\/labelfree.nl\/wp-content\/uploads\/2024\/10\/000728_Sport_Hooded_Zip_01.jpg","type":"image\/jpeg"}],"twitter_card":"summary_large_image","twitter_misc":{"Gesch\u00e4tzte Lesezeit":"4\u00a0Minuten"},"schema":{"@context":"https:\/\/schema.org","@graph":[{"@type":"WebPage","@id":"https:\/\/labelfree.nl\/product\/sport-hoodie-zip-frenchterry-ademend-fijnestretch-modern-labelfree\/","url":"https:\/\/labelfree.nl\/product\/sport-hoodie-zip-frenchterry-ademend-fijnestretch-modern-labelfree\/","name":"Sport-Hoodie mit Rei\u00dfverschluss \u2013 Labelfree","isPartOf":{"@id":"https:\/\/labelfree.nl\/#website"},"primaryImageOfPage":{"@id":"https:\/\/labelfree.nl\/product\/sport-hoodie-zip-frenchterry-ademend-fijnestretch-modern-labelfree\/#primaryimage"},"image":{"@id":"https:\/\/labelfree.nl\/product\/sport-hoodie-zip-frenchterry-ademend-fijnestretch-modern-labelfree\/#primaryimage"},"thumbnailUrl":"https:\/\/labelfree.nl\/wp-content\/uploads\/2024\/10\/000728_Sport_Hooded_Zip_01.jpg","datePublished":"2024-10-24T16:41:12+00:00","dateModified":"2026-04-26T00:03:45+00:00","description":"Sportlicher Kapuzenpullover mit Rei\u00dfverschluss. Moderner Look. Franz\u00f6sischer Frottee, 320 g\/m\u00b2. Fein dehnbar. Atmungsaktiv und saugf\u00e4hig.","breadcrumb":{"@id":"https:\/\/labelfree.nl\/product\/sport-hoodie-zip-frenchterry-ademend-fijnestretch-modern-labelfree\/#breadcrumb"},"inLanguage":"de","potentialAction":[{"@type":"ReadAction","target":["https:\/\/labelfree.nl\/product\/sport-hoodie-zip-frenchterry-ademend-fijnestretch-modern-labelfree\/"]}]},{"@type":"ImageObject","inLanguage":"de","@id":"https:\/\/labelfree.nl\/product\/sport-hoodie-zip-frenchterry-ademend-fijnestretch-modern-labelfree\/#primaryimage","url":"https:\/\/labelfree.nl\/wp-content\/uploads\/2024\/10\/000728_Sport_Hooded_Zip_01.jpg","contentUrl":"https:\/\/labelfree.nl\/wp-content\/uploads\/2024\/10\/000728_Sport_Hooded_Zip_01.jpg","width":1280,"height":1920},{"@type":"BreadcrumbList","@id":"https:\/\/labelfree.nl\/product\/sport-hoodie-zip-frenchterry-ademend-fijnestretch-modern-labelfree\/#breadcrumb","itemListElement":[{"@type":"ListItem","position":1,"name":"Home","item":"https:\/\/labelfree.nl\/"},{"@type":"ListItem","position":2,"name":"Webshop","item":"https:\/\/labelfree.nl\/webshop\/"},{"@type":"ListItem","position":3,"name":"Hoodie Sport Zip"}]},{"@type":"WebSite","@id":"https:\/\/labelfree.nl\/#website","url":"https:\/\/labelfree.nl\/","name":"Etikettenfrei","description":"Markenlose Qualit\u00e4t","potentialAction":[{"@type":"SearchAction","target":{"@type":"EntryPoint","urlTemplate":"https:\/\/labelfree.nl\/?s={search_term_string}"},"query-input":{"@type":"PropertyValueSpecification","valueRequired":true,"valueName":"search_term_string"}}],"inLanguage":"de"}]}},"jetpack_sharing_enabled":true,"_links":{"self":[{"href":"https:\/\/labelfree.nl\/de\/wp-json\/wp\/v2\/product\/43339","targetHints":{"allow":["GET"]}}],"collection":[{"href":"https:\/\/labelfree.nl\/de\/wp-json\/wp\/v2\/product"}],"about":[{"href":"https:\/\/labelfree.nl\/de\/wp-json\/wp\/v2\/types\/product"}],"wp:featuredmedia":[{"embeddable":true,"href":"https:\/\/labelfree.nl\/de\/wp-json\/wp\/v2\/media\/54467"}],"wp:attachment":[{"href":"https:\/\/labelfree.nl\/de\/wp-json\/wp\/v2\/media?parent=43339"}],"wp:term":[{"taxonomy":"product_brand","embeddable":true,"href":"https:\/\/labelfree.nl\/de\/wp-json\/wp\/v2\/product_brand?post=43339"},{"taxonomy":"product_cat","embeddable":true,"href":"https:\/\/labelfree.nl\/de\/wp-json\/wp\/v2\/product_cat?post=43339"},{"taxonomy":"product_tag","embeddable":true,"href":"https:\/\/labelfree.nl\/de\/wp-json\/wp\/v2\/product_tag?post=43339"}],"curies":[{"name":"wp","href":"https:\/\/api.w.org\/{rel}","templated":true}]}}