{"id":43410,"date":"2024-10-24T18:42:08","date_gmt":"2024-10-24T16:42:08","guid":{"rendered":"https:\/\/labelfree.nl\/product\/st321-striped-tee\/"},"modified":"2026-04-17T02:05:24","modified_gmt":"2026-04-17T00:05:24","slug":"blanco-gestreept-t-shirt-unisex-100-katoen-150-g-m%c2%b2-bedrukken-ontwerphulp","status":"publish","type":"product","link":"https:\/\/labelfree.nl\/de\/produkt\/gestreiftes-t-shirt-aus-st321\/","title":{"rendered":"Markenloses, gestreiftes Unisex-T-Shirt aus 100% Baumwolle (150 g\/m\u00b2)"},"content":{"rendered":"<p>Dieses T-Shirt besticht durch seinen modernen Look mit Streifenmuster. Es hat eine normale Passform und eine hochwertige Verarbeitung. Single-Jersey, 150 g\/m\u00b2.<\/p>\n<p><em>F\u00fcr die korrekte Farbdarstellung und den Preis klicken Sie auf die Farbe und Gr\u00f6\u00dfe und anschlie\u00dfend erneut auf die Lupe.<\/em><\/p>\n<h3><\/h3>\n<h3><span style=\"color: #5a7699;\"><strong>einfarbiges gestreiftes T-Shirt \u2013 Unisex<\/strong><\/span><\/h3>\n<p><strong>100% Bio-Baumwolle (gek\u00e4mmt). Garngef\u00e4rbt. Single Jersey, 150 g\/m\u00b2.<\/strong><\/p>\n<p><img decoding=\"async\" class=\"alignnone size-full wp-image-61266\" src=\"https:\/\/labelfree.nl\/wp-content\/uploads\/2024\/10\/oeko-15.jpg\" alt=\"\" width=\"145\" height=\"75\" srcset=\"https:\/\/labelfree.nl\/wp-content\/uploads\/2024\/10\/oeko-15.jpg 145w, https:\/\/labelfree.nl\/wp-content\/uploads\/2024\/10\/oeko-15-18x9.jpg 18w\" sizes=\"(max-width: 145px) 100vw, 145px\" \/><\/p>\n<ul>\n<li>Qualit\u00e4t: 100% Bio-Baumwolle, garngef\u00e4rbt<\/li>\n<li>Erh\u00e4ltlich in 5 Farbkombinationen.<\/li>\n<li>Gewicht 150 g\/m\u00b2<\/li>\n<li>Single-Jersey<\/li>\n<li>Heather Black\/Oxford gray: 80% Baumwolle-20% Polyester \/ 85% Baumwolle-15% Viskose<\/li>\n<li>Heather Black\/Heather Blue: 80% Baumwolle-20% Polyester \/ 60% Baumwolle-40% Viskose<\/li>\n<li>Oxford Grey\/Heather Blue: 85% Baumwolle-15% Viskose \/ 50% Baumwolle-40% Viskose<\/li>\n<li>Erh\u00e4ltlich von Gr\u00f6\u00dfe S bis 3XL<\/li>\n<li>Markenlos, kleines Gr\u00f6\u00dfenetikett im Halsausschnitt<\/li>\n<li>Geeignet f\u00fcr Siebdruck, Transferdruck, DTG-Druck und Stickerei<\/li>\n<li>Karton: 50 St\u00fcck. Verpackung: 10 St\u00fcck. Auch einzeln erh\u00e4ltlich.<\/li>\n<\/ul>\n<p><strong>\u00a0<\/strong><\/p>\n<h4><span style=\"color: #5a7699;\"><strong>Gestreiftes Unisex-T-Shirt \u2013 modisch und bequem<\/strong><\/span><\/h4>\n<p>Unser Unisex-T-Shirt mit Streifen besteht je nach gew\u00e4hlter Farbe aus 1001 % gek\u00e4mmter Bio-Baumwolle (1001 % TP3T) oder einer idealen Mischung aus Bio-Baumwolle und Polyester. Unsere Baumwolle ist umweltfreundlich und wird ohne sch\u00e4dliche Chemikalien und unter verantwortungsvollen Bedingungen produziert.<\/p>\n<p>Die Farbvarianten sind:<\/p>\n<p>\u2013 Schwarz \/ Wei\u00df<br \/>\n\u2013 Marineblau \/ Wei\u00df<br \/>\n\u2013 Heather Black \/ Oxford Grey<br \/>\n\u2013 Heather Blue \/ Heather Black<br \/>\n\u2013 Oxfordgrau \/ Heideblau<\/p>\n<p>Dieses Shirt ist f\u00fcr Damen und Herren gleicherma\u00dfen geeignet. Es hat eine normale Passform und ist vielseitig kombinierbar. Es handelt sich um ein klassisches T-Shirt mit Rundhalsausschnitt. Der Rundhalsausschnitt ist mit einem gerippten Saum versehen, der f\u00fcr zus\u00e4tzlichen Komfort und Langlebigkeit mit Elastan verst\u00e4rkt ist. Der gerippte Saum ist doppelt gen\u00e4ht und in der dunklen Farbe des Shirts gehalten. Das Shirt hat einen verst\u00e4rkten Halsausschnitt. Seitenn\u00e4hte sorgen f\u00fcr Formstabilit\u00e4t.<\/p>\n<p>Die \u00c4rmel und der Saum sind mit einem dreif\u00e4digen Flatlockstich eingefasst, der ein dekoratives Saumdetail bildet. Er besteht aus drei geraden Stichen mit dazwischenliegenden Zickzackstichen auf der rechten Seite, wodurch der Saum besser sichtbar ist als bei einem herk\u00f6mmlichen Doppelstich.<\/p>\n<h4><span style=\"color: #5a7699;\"><strong>Materialangaben<\/strong><\/span><\/h4>\n<p>Qualit\u00e4t: 100% Bio-Baumwolle (gek\u00e4mmt) oder eine optimale Mischung aus Bio-Baumwolle und Polyester, je nach Farbe. Unsere Baumwolle ist umweltfreundlich und wird ohne sch\u00e4dliche Chemikalien und unter verantwortungsvollen Bedingungen produziert.<\/p>\n<p>Es besteht aus einem unserer beliebtesten Stoffe, 150 g\/m\u00b2 Single-Jersey. Dieses Material ist bekannt f\u00fcr seine Weichheit, seinen Tragekomfort, seine Flexibilit\u00e4t, seine Strapazierf\u00e4higkeit, seine Waschbest\u00e4ndigkeit, seine ausgezeichnete Farbechtheit, sein minimales Einlaufen und seine glatte, gleichm\u00e4\u00dfige Oberfl\u00e4che.<\/p>\n<p>Das Shirt ist garngef\u00e4rbt. Das bedeutet, dass das Garn vor dem Stricken gef\u00e4rbt wird, wodurch die Streifen nicht nur auf der Vorderseite, sondern auch auf der Innenseite des Stoffes sichtbar sind. Der Halsausschnitt ist mit einem schmalen Rippstrickb\u00fcndchen aus einem weichen Baumwoll-Elastan-Gemisch eingefasst.<\/p>\n<h4><span style=\"color: #5a7699;\"><strong>Druck-, Stick- und Beschriftungsm\u00f6glichkeiten<\/strong><\/span><\/h4>\n<p>Unser gesamtes Sortiment eignet sich f\u00fcr B2B, Merchandising und Private Label. Sie m\u00f6chten unbedruckte Kleidung bestellen, diese mit Ihrem eigenen Design bedrucken lassen oder ben\u00f6tigen Druckvorlagen zum Selbstaufbringen? Das Team von Labelfree unterst\u00fctzt Sie dabei in jedem Schritt.<\/p>\n<p>Labelfree bietet eine Vielzahl professioneller Druckoptionen, darunter Transferdruck, DTF-Druck, Siebdruck und Stickerei. Sie k\u00f6nnen beispielsweise auch Ihre eigenen Nackenaufdrucke und Etiketten auf den \u00c4rmel drucken lassen.<\/p>\n<p>Ben\u00f6tigen Sie Hilfe bei Ihrem eigenen Design? Unsere Grafikdesigner unterst\u00fctzen Sie gerne. So stellen wir sicher, dass das Endprodukt perfekt auf Ihre Bed\u00fcrfnisse zugeschnitten ist. Sie erhalten immer zun\u00e4chst ein kostenloses, visuelles Angebot. Kontaktieren Sie uns, um die M\u00f6glichkeiten zur Erstellung Ihrer eigenen Kollektion zu erkunden.<\/p>\n<p>&nbsp;<\/p>\n<p>Gr\u00f6\u00dfentabelle<\/p>\n<p><img decoding=\"async\" class=\"\" src=\"https:\/\/www.stormtextil.dk\/sites\/default\/files\/size-charts\/000321_Striped_Tee.png\" width=\"594\" height=\"84\" \/><\/p>\n<p>&nbsp;<\/p>\n<p>Pflegeanleitung<\/p>\n<p><img decoding=\"async\" class=\"alignnone wp-image-61267\" src=\"https:\/\/labelfree.nl\/wp-content\/uploads\/2024\/10\/Storm_washing_instructions_40_0-12.gif\" alt=\"\" width=\"166\" height=\"25\" \/><\/p>","protected":false},"excerpt":{"rendered":"<p>Dit t-shirt heeft een frisse uitstraling door de moderne streepcombinaties. Standaard fit en hoge kwaliteit afwerking. Single jersey 150 g\/m\u00b2. voor de juiste kleurweergave en prijs klikt u op de kleur en maat en nogmaals op het vergrootglas blanco t-shirt gestreept &#8211; unisex 100% biologisch gekamd katoen. Yarn-dyed. Single jersey, 150 g\/m\u00b2 Kwaliteit: 100% organic [&hellip;]<\/p>\n","protected":false},"featured_media":54491,"template":"","meta":{"_acf_changed":false},"product_brand":[],"product_cat":[19,46],"product_tag":[],"class_list":{"0":"post-43410","1":"product","2":"type-product","3":"status-publish","4":"has-post-thumbnail","6":"product_cat-t-shirts","7":"product_cat-t-shirts-crew-neck","8":"pa_size-2xl","9":"pa_size-3xl","10":"pa_size-l","11":"pa_size-m","12":"pa_size-s","13":"pa_size-xl","14":"pa_size-xxl","16":"first","17":"instock","18":"taxable","19":"shipping-taxable","20":"purchasable","21":"product-type-variable"},"acf":[],"yoast_head":"<!-- This site is optimized with the Yoast SEO plugin v27.4 - https:\/\/yoast.com\/product\/yoast-seo-wordpress\/ -->\n<title>Merkloos gestreept t-shirt unisex 100% katoen 150 g\/m\u00b2 - Labelfree<\/title>\n<meta name=\"description\" content=\"Gestreept t-shirt in 5 kleurencombinaties. Lichtegewicht stof, hoge kwaliteit. 100% organic cotton 150 g\/m\u00b2. Merkloos, B2B professionele printmogelijkheden\" \/>\n<meta name=\"robots\" content=\"index, follow, max-snippet:-1, max-image-preview:large, max-video-preview:-1\" \/>\n<link rel=\"canonical\" href=\"https:\/\/labelfree.nl\/de\/produkt\/gestreiftes-t-shirt-aus-st321\/\" \/>\n<meta property=\"og:locale\" content=\"de_DE\" \/>\n<meta property=\"og:type\" content=\"article\" \/>\n<meta property=\"og:title\" content=\"Merkloos gestreept t-shirt unisex 100% katoen 150 g\/m\u00b2 - Labelfree\" \/>\n<meta property=\"og:description\" content=\"Gestreept t-shirt in 5 kleurencombinaties. Lichtegewicht stof, hoge kwaliteit. 100% organic cotton 150 g\/m\u00b2. Merkloos, B2B professionele printmogelijkheden\" \/>\n<meta property=\"og:url\" content=\"https:\/\/labelfree.nl\/de\/produkt\/gestreiftes-t-shirt-aus-st321\/\" \/>\n<meta property=\"og:site_name\" content=\"Labelfree\" \/>\n<meta property=\"article:modified_time\" content=\"2026-04-17T00:05:24+00:00\" \/>\n<meta property=\"og:image\" content=\"https:\/\/labelfree.nl\/wp-content\/uploads\/2024\/10\/000321_Striped_Tee_01.jpg\" \/>\n\t<meta property=\"og:image:width\" content=\"1280\" \/>\n\t<meta property=\"og:image:height\" content=\"1920\" \/>\n\t<meta property=\"og:image:type\" content=\"image\/jpeg\" \/>\n<meta name=\"twitter:card\" content=\"summary_large_image\" \/>\n<meta name=\"twitter:label1\" content=\"Gesch\u00e4tzte Lesezeit\" \/>\n\t<meta name=\"twitter:data1\" content=\"4\u00a0Minuten\" \/>\n<script type=\"application\/ld+json\" class=\"yoast-schema-graph\">{\"@context\":\"https:\\\/\\\/schema.org\",\"@graph\":[{\"@type\":\"WebPage\",\"@id\":\"https:\\\/\\\/labelfree.nl\\\/product\\\/blanco-gestreept-t-shirt-unisex-100-katoen-150-g-m%c2%b2-bedrukken-ontwerphulp\\\/\",\"url\":\"https:\\\/\\\/labelfree.nl\\\/product\\\/blanco-gestreept-t-shirt-unisex-100-katoen-150-g-m%c2%b2-bedrukken-ontwerphulp\\\/\",\"name\":\"Merkloos gestreept t-shirt unisex 100% katoen 150 g\\\/m\u00b2 - Labelfree\",\"isPartOf\":{\"@id\":\"https:\\\/\\\/labelfree.nl\\\/#website\"},\"primaryImageOfPage\":{\"@id\":\"https:\\\/\\\/labelfree.nl\\\/product\\\/blanco-gestreept-t-shirt-unisex-100-katoen-150-g-m%c2%b2-bedrukken-ontwerphulp\\\/#primaryimage\"},\"image\":{\"@id\":\"https:\\\/\\\/labelfree.nl\\\/product\\\/blanco-gestreept-t-shirt-unisex-100-katoen-150-g-m%c2%b2-bedrukken-ontwerphulp\\\/#primaryimage\"},\"thumbnailUrl\":\"https:\\\/\\\/labelfree.nl\\\/wp-content\\\/uploads\\\/2024\\\/10\\\/000321_Striped_Tee_01.jpg\",\"datePublished\":\"2024-10-24T16:42:08+00:00\",\"dateModified\":\"2026-04-17T00:05:24+00:00\",\"description\":\"Gestreept t-shirt in 5 kleurencombinaties. Lichtegewicht stof, hoge kwaliteit. 100% organic cotton 150 g\\\/m\u00b2. Merkloos, B2B professionele printmogelijkheden\",\"breadcrumb\":{\"@id\":\"https:\\\/\\\/labelfree.nl\\\/product\\\/blanco-gestreept-t-shirt-unisex-100-katoen-150-g-m%c2%b2-bedrukken-ontwerphulp\\\/#breadcrumb\"},\"inLanguage\":\"de\",\"potentialAction\":[{\"@type\":\"ReadAction\",\"target\":[\"https:\\\/\\\/labelfree.nl\\\/product\\\/blanco-gestreept-t-shirt-unisex-100-katoen-150-g-m%c2%b2-bedrukken-ontwerphulp\\\/\"]}]},{\"@type\":\"ImageObject\",\"inLanguage\":\"de\",\"@id\":\"https:\\\/\\\/labelfree.nl\\\/product\\\/blanco-gestreept-t-shirt-unisex-100-katoen-150-g-m%c2%b2-bedrukken-ontwerphulp\\\/#primaryimage\",\"url\":\"https:\\\/\\\/labelfree.nl\\\/wp-content\\\/uploads\\\/2024\\\/10\\\/000321_Striped_Tee_01.jpg\",\"contentUrl\":\"https:\\\/\\\/labelfree.nl\\\/wp-content\\\/uploads\\\/2024\\\/10\\\/000321_Striped_Tee_01.jpg\",\"width\":1280,\"height\":1920},{\"@type\":\"BreadcrumbList\",\"@id\":\"https:\\\/\\\/labelfree.nl\\\/product\\\/blanco-gestreept-t-shirt-unisex-100-katoen-150-g-m%c2%b2-bedrukken-ontwerphulp\\\/#breadcrumb\",\"itemListElement\":[{\"@type\":\"ListItem\",\"position\":1,\"name\":\"Home\",\"item\":\"https:\\\/\\\/labelfree.nl\\\/\"},{\"@type\":\"ListItem\",\"position\":2,\"name\":\"Webshop\",\"item\":\"https:\\\/\\\/labelfree.nl\\\/webshop\\\/\"},{\"@type\":\"ListItem\",\"position\":3,\"name\":\"Merkloos gestreept t-shirt unisex 100% katoen 150 g\\\/m\u00b2\"}]},{\"@type\":\"WebSite\",\"@id\":\"https:\\\/\\\/labelfree.nl\\\/#website\",\"url\":\"https:\\\/\\\/labelfree.nl\\\/\",\"name\":\"Labelfree\",\"description\":\"Brandless quality\",\"potentialAction\":[{\"@type\":\"SearchAction\",\"target\":{\"@type\":\"EntryPoint\",\"urlTemplate\":\"https:\\\/\\\/labelfree.nl\\\/?s={search_term_string}\"},\"query-input\":{\"@type\":\"PropertyValueSpecification\",\"valueRequired\":true,\"valueName\":\"search_term_string\"}}],\"inLanguage\":\"de\"}]}<\/script>\n<!-- \/ Yoast SEO plugin. -->","yoast_head_json":{"title":"Ungelabeltes, gestreiftes Unisex-T-Shirt aus 100% Baumwolle (150 g\/m\u00b2) \u2013 Labelfree","description":"Gestreiftes T-Shirt in 5 Farbkombinationen. Leichtes, hochwertiges Material. 100% Bio-Baumwolle, 150 g\/m\u00b2. Branding-freie, professionelle B2B-Druckoptionen.","robots":{"index":"index","follow":"follow","max-snippet":"max-snippet:-1","max-image-preview":"max-image-preview:large","max-video-preview":"max-video-preview:-1"},"canonical":"https:\/\/labelfree.nl\/de\/produkt\/gestreiftes-t-shirt-aus-st321\/","og_locale":"de_DE","og_type":"article","og_title":"Merkloos gestreept t-shirt unisex 100% katoen 150 g\/m\u00b2 - Labelfree","og_description":"Gestreept t-shirt in 5 kleurencombinaties. Lichtegewicht stof, hoge kwaliteit. 100% organic cotton 150 g\/m\u00b2. Merkloos, B2B professionele printmogelijkheden","og_url":"https:\/\/labelfree.nl\/de\/produkt\/gestreiftes-t-shirt-aus-st321\/","og_site_name":"Labelfree","article_modified_time":"2026-04-17T00:05:24+00:00","og_image":[{"width":1280,"height":1920,"url":"https:\/\/labelfree.nl\/wp-content\/uploads\/2024\/10\/000321_Striped_Tee_01.jpg","type":"image\/jpeg"}],"twitter_card":"summary_large_image","twitter_misc":{"Gesch\u00e4tzte Lesezeit":"4\u00a0Minuten"},"schema":{"@context":"https:\/\/schema.org","@graph":[{"@type":"WebPage","@id":"https:\/\/labelfree.nl\/product\/blanco-gestreept-t-shirt-unisex-100-katoen-150-g-m%c2%b2-bedrukken-ontwerphulp\/","url":"https:\/\/labelfree.nl\/product\/blanco-gestreept-t-shirt-unisex-100-katoen-150-g-m%c2%b2-bedrukken-ontwerphulp\/","name":"Ungelabeltes, gestreiftes Unisex-T-Shirt aus 100% Baumwolle (150 g\/m\u00b2) \u2013 Labelfree","isPartOf":{"@id":"https:\/\/labelfree.nl\/#website"},"primaryImageOfPage":{"@id":"https:\/\/labelfree.nl\/product\/blanco-gestreept-t-shirt-unisex-100-katoen-150-g-m%c2%b2-bedrukken-ontwerphulp\/#primaryimage"},"image":{"@id":"https:\/\/labelfree.nl\/product\/blanco-gestreept-t-shirt-unisex-100-katoen-150-g-m%c2%b2-bedrukken-ontwerphulp\/#primaryimage"},"thumbnailUrl":"https:\/\/labelfree.nl\/wp-content\/uploads\/2024\/10\/000321_Striped_Tee_01.jpg","datePublished":"2024-10-24T16:42:08+00:00","dateModified":"2026-04-17T00:05:24+00:00","description":"Gestreiftes T-Shirt in 5 Farbkombinationen. Leichtes, hochwertiges Material. 100% Bio-Baumwolle, 150 g\/m\u00b2. Branding-freie, professionelle B2B-Druckoptionen.","breadcrumb":{"@id":"https:\/\/labelfree.nl\/product\/blanco-gestreept-t-shirt-unisex-100-katoen-150-g-m%c2%b2-bedrukken-ontwerphulp\/#breadcrumb"},"inLanguage":"de","potentialAction":[{"@type":"ReadAction","target":["https:\/\/labelfree.nl\/product\/blanco-gestreept-t-shirt-unisex-100-katoen-150-g-m%c2%b2-bedrukken-ontwerphulp\/"]}]},{"@type":"ImageObject","inLanguage":"de","@id":"https:\/\/labelfree.nl\/product\/blanco-gestreept-t-shirt-unisex-100-katoen-150-g-m%c2%b2-bedrukken-ontwerphulp\/#primaryimage","url":"https:\/\/labelfree.nl\/wp-content\/uploads\/2024\/10\/000321_Striped_Tee_01.jpg","contentUrl":"https:\/\/labelfree.nl\/wp-content\/uploads\/2024\/10\/000321_Striped_Tee_01.jpg","width":1280,"height":1920},{"@type":"BreadcrumbList","@id":"https:\/\/labelfree.nl\/product\/blanco-gestreept-t-shirt-unisex-100-katoen-150-g-m%c2%b2-bedrukken-ontwerphulp\/#breadcrumb","itemListElement":[{"@type":"ListItem","position":1,"name":"Home","item":"https:\/\/labelfree.nl\/"},{"@type":"ListItem","position":2,"name":"Webshop","item":"https:\/\/labelfree.nl\/webshop\/"},{"@type":"ListItem","position":3,"name":"Merkloos gestreept t-shirt unisex 100% katoen 150 g\/m\u00b2"}]},{"@type":"WebSite","@id":"https:\/\/labelfree.nl\/#website","url":"https:\/\/labelfree.nl\/","name":"Etikettenfrei","description":"Markenlose Qualit\u00e4t","potentialAction":[{"@type":"SearchAction","target":{"@type":"EntryPoint","urlTemplate":"https:\/\/labelfree.nl\/?s={search_term_string}"},"query-input":{"@type":"PropertyValueSpecification","valueRequired":true,"valueName":"search_term_string"}}],"inLanguage":"de"}]}},"jetpack_sharing_enabled":true,"_links":{"self":[{"href":"https:\/\/labelfree.nl\/de\/wp-json\/wp\/v2\/product\/43410","targetHints":{"allow":["GET"]}}],"collection":[{"href":"https:\/\/labelfree.nl\/de\/wp-json\/wp\/v2\/product"}],"about":[{"href":"https:\/\/labelfree.nl\/de\/wp-json\/wp\/v2\/types\/product"}],"wp:featuredmedia":[{"embeddable":true,"href":"https:\/\/labelfree.nl\/de\/wp-json\/wp\/v2\/media\/54491"}],"wp:attachment":[{"href":"https:\/\/labelfree.nl\/de\/wp-json\/wp\/v2\/media?parent=43410"}],"wp:term":[{"taxonomy":"product_brand","embeddable":true,"href":"https:\/\/labelfree.nl\/de\/wp-json\/wp\/v2\/product_brand?post=43410"},{"taxonomy":"product_cat","embeddable":true,"href":"https:\/\/labelfree.nl\/de\/wp-json\/wp\/v2\/product_cat?post=43410"},{"taxonomy":"product_tag","embeddable":true,"href":"https:\/\/labelfree.nl\/de\/wp-json\/wp\/v2\/product_tag?post=43410"}],"curies":[{"name":"wp","href":"https:\/\/api.w.org\/{rel}","templated":true}]}}