{"id":43470,"date":"2024-10-24T18:42:51","date_gmt":"2024-10-24T16:42:51","guid":{"rendered":"https:\/\/labelfree.nl\/product\/st719-sport-hooded-sweat\/"},"modified":"2026-04-26T02:03:45","modified_gmt":"2026-04-26T00:03:45","slug":"labelfree-hoody-sport-organic","status":"publish","type":"product","link":"https:\/\/labelfree.nl\/de\/produkt\/st719-sport-kapuzensweat\/","title":{"rendered":"Hoodie Sport"},"content":{"rendered":"<p><span style=\"color: #333333;\">Moderner Kapuzenpullover. Raglan\u00e4rmel, Seitentaschen, sportliche Passform. French Terry, 320 g\/m\u00b2. Fein dehnbar. Atmungsaktiv und saugf\u00e4hig.<\/span><\/p>\n<p><span style=\"color: #333333;\"><em>F\u00fcr die korrekte Farbdarstellung und -beschreibung klicken Sie auf das betreffende Hemd und anschlie\u00dfend erneut auf die Lupe. <\/em><\/span><\/p>\n<p>&nbsp;<\/p>\n<h3><span style=\"color: #5a7699;\"><strong>Sport-Hoodie<\/strong><\/span><\/h3>\n<p><strong>921T Bio-Baumwolle \/ 81T Elastan. Franz\u00f6sischer Frottee, 320 g\/m\u00b2<\/strong><\/p>\n<p><img decoding=\"async\" src=\"https:\/\/www.stormtextil.dk\/sites\/default\/files\/inline-images\/OTS100_label_19.HBD__1.jpg\" alt=\"\u00d6ko-Tex-zertifiziert\" \/><\/p>\n<ul>\n<li>Schwarz und Marineblau: 921T Bio-Baumwolle\/81T Elastan (GOTS-zertifiziert)<\/li>\n<li>Heather Black: 721T Bio-Baumwolle\/201T Polyester\/81T Elastan (OCS-Mischgewebe-zertifiziert)<\/li>\n<li>Oxford Grey: 77% Bio-Baumwolle\/15% Viskose\/8% Elastan (OCS-Mischgewebe-zertifiziert)<\/li>\n<li>French Terry<\/li>\n<li>Gewicht: 320 g\/m\u00b2<\/li>\n<li>Raglan\u00e4rmel<\/li>\n<li>Taschen in den Seitenn\u00e4hten<\/li>\n<li>Erh\u00e4ltlich in 4 Farben<\/li>\n<li>Erh\u00e4ltlich in den Gr\u00f6\u00dfen 4 Jahre bis 3XL<\/li>\n<li>Kleines Gr\u00f6\u00dfenetikett im Halsausschnitt<\/li>\n<li>Schachtel: 20 St\u00fcck. Einzelverpackung: 5 St\u00fcck. Auch einzeln erh\u00e4ltlich.<\/li>\n<\/ul>\n<p><strong>\u00a0<\/strong><\/p>\n<h4><span style=\"color: #5a7699;\"><strong>Sporthoodie \u2013 bequem und modern<\/strong><\/span><\/h4>\n<p>Unser Sport-Kapuzenpullover hat eine Kapuze, Raglan\u00e4rmel und schwarze Kordelz\u00fcge. Er besteht aus hochwertiger Bio-Baumwolle mit einem Hauch Elastan. Das Elastan sorgt f\u00fcr eine glatte, bequeme Passform und angenehme Dehnbarkeit. French Terry ist ein weicher Strickstoff mit einer glatten Au\u00dfenseite und einer griffigen Innenseite. Diese Stricktechnik verleiht dem Stoff eine hervorragende Saugf\u00e4higkeit und macht ihn ideal f\u00fcr einen aktiven Lebensstil.<\/p>\n<p>Die Raglan\u00e4rmel sorgen f\u00fcr optimale Bewegungsfreiheit und einen sportlichen Look. Alle Sweatshirts haben schwarze Kordelz\u00fcge mit geschlossenem, ebenfalls schwarz beschichtetem Metall\u00f6sen. \u00c4rmel und Saum sind mit einem breiten 2x2-Rippstrickb\u00fcndchen mit Elastananteil versehen.<\/p>\n<p>Dieses Sweatshirt verf\u00fcgt \u00fcber Seitentaschen, die viel Platz f\u00fcr einen gro\u00dfen Aufdruck auf der Vorderseite bieten, im Gegensatz zu Kapuzenpullovern mit K\u00e4ngurutaschen, bei denen der Platz f\u00fcr einen Aufdruck begrenzt ist.<\/p>\n<h4><span style=\"color: #5a7699;\"><strong>Materialangaben<\/strong><\/span><\/h4>\n<p>Material: 921 % Bio-Baumwolle und 81 % Elastan. Die Stoffzusammensetzung besteht je nach Farbe aus unterschiedlichen, kontrollierten Materialien.<\/p>\n<p>Es besteht aus French-Terry-Gewebe mit einem Gewicht von 320 g\/m\u00b2. Es handelt sich um einen weichen, gestrickten Jersey-Stoff mit einer besonderen Struktur: Die Au\u00dfenseite ist glatt wie bei Single-Jersey, w\u00e4hrend die Innenseite eine Schlingenstruktur aufweist. Die Innenseite ist nicht angeraut. Diese Stricktechnik verleiht dem Stoff hervorragende Saugf\u00e4higkeit und Atmungsaktivit\u00e4t. Er ist geschmeidig und formbest\u00e4ndig.<\/p>\n<h4><span style=\"color: #5a7699;\"><strong>Druck-, Stick- und Beschriftungsm\u00f6glichkeiten<\/strong><\/span><\/h4>\n<p>M\u00f6chten Sie unbedruckte Kleidung bestellen, mit Ihrem eigenen Design bedrucken lassen oder ben\u00f6tigen Sie selbst aufzubringende Drucke? Bei Labelfree steht Ihnen unser Team bei jedem Schritt zur Seite.<\/p>\n<p>Labelfree bietet verschiedene Druckm\u00f6glichkeiten, darunter Transferdruck, DTF, Siebdruck und Stickerei. Auch eigene Nackendrucke und Etiketten, beispielsweise auf den \u00c4rmel, sind m\u00f6glich.<\/p>\n<p>Ben\u00f6tigen Sie Hilfe bei Ihrem eigenen Design? Unsere Grafikdesigner unterst\u00fctzen Sie gerne. So stellen wir sicher, dass das Endprodukt perfekt auf Ihre Bed\u00fcrfnisse zugeschnitten ist. Sie erhalten immer zun\u00e4chst ein kostenloses, visuelles Angebot. Kontaktieren Sie uns, um die M\u00f6glichkeiten zur Erstellung Ihrer eigenen Kollektion zu erkunden.<\/p>\n<p>&nbsp;<\/p>\n<p>Gr\u00f6\u00dfentabelle<\/p>\n<p><img decoding=\"async\" class=\"\" src=\"https:\/\/www.stormtextil.dk\/sites\/default\/files\/product-image\/size-charts\/ST719.png\" alt=\"st719\" width=\"680\" height=\"65\" \/><\/p>\n<p>&nbsp;<\/p>\n<p>Pflegeanleitung<\/p>\n<p><img decoding=\"async\" class=\"\" src=\"https:\/\/www.stormtextil.dk\/sites\/default\/files\/2018-04\/Storm_washing_instructions_40_59.gif\" width=\"166\" height=\"25\" \/><\/p>\n<p>&nbsp;<\/p>","protected":false},"excerpt":{"rendered":"<p>Moderne sweater met capuchon. Raglanmouwen, zijzakken, sportief. French terry, 320 g\/m\u00b2. Fijne stretch. Ademend en absorberend voor de juiste kleur weergave- en omschrijving klikt u op het betreffende shirt en nogmaals op het vergrootglas &nbsp; Hoodie sport 92% Biologisch katoen \/ 8% elastaan. French terry, 320 g\/m\u00b2 Zwart en Navy Blue: 92% biologisch katoen\/8% elastaan [&hellip;]<\/p>\n","protected":false},"featured_media":54507,"template":"","meta":{"_acf_changed":false},"product_brand":[],"product_cat":[110,424,108],"product_tag":[],"class_list":{"0":"post-43470","1":"product","2":"type-product","3":"status-publish","4":"has-post-thumbnail","6":"product_cat-hooded-sweat","7":"product_cat-sweaters","8":"product_cat-sweatshirts","9":"pa_size-12-14-jaar","10":"pa_size-2xl","11":"pa_size-3xl","12":"pa_size-4-6-jaar","13":"pa_size-8-10-jaar","14":"pa_size-l","15":"pa_size-m","16":"pa_size-s","17":"pa_size-xl","18":"pa_size-xs","19":"pa_size-xxl","21":"first","22":"instock","23":"taxable","24":"shipping-taxable","25":"purchasable","26":"product-type-variable"},"acf":[],"yoast_head":"<!-- This site is optimized with the Yoast SEO plugin v27.4 - https:\/\/yoast.com\/product\/yoast-seo-wordpress\/ -->\n<title>Hoodie Sport - Labelfree<\/title>\n<meta name=\"description\" content=\"Labelfree organic basics. Moderne sweater met capuchon. Raglanmouwen, zijzakken, sportief. Zachte french terry stof. Bedrukking mogelijk. Snelle levering\" \/>\n<meta name=\"robots\" content=\"index, follow, max-snippet:-1, max-image-preview:large, max-video-preview:-1\" \/>\n<link rel=\"canonical\" href=\"https:\/\/labelfree.nl\/de\/produkt\/st719-sport-kapuzensweat\/\" \/>\n<meta property=\"og:locale\" content=\"de_DE\" \/>\n<meta property=\"og:type\" content=\"article\" \/>\n<meta property=\"og:title\" content=\"Hoodie Sport - Labelfree\" \/>\n<meta property=\"og:description\" content=\"Labelfree organic basics. Moderne sweater met capuchon. Raglanmouwen, zijzakken, sportief. Zachte french terry stof. Bedrukking mogelijk. Snelle levering\" \/>\n<meta property=\"og:url\" content=\"https:\/\/labelfree.nl\/de\/produkt\/st719-sport-kapuzensweat\/\" \/>\n<meta property=\"og:site_name\" content=\"Labelfree\" \/>\n<meta property=\"article:modified_time\" content=\"2026-04-26T00:03:45+00:00\" \/>\n<meta property=\"og:image\" content=\"https:\/\/labelfree.nl\/wp-content\/uploads\/2024\/10\/000719_Sport_Hooded_Sweat_01.jpg\" \/>\n\t<meta property=\"og:image:width\" content=\"1280\" \/>\n\t<meta property=\"og:image:height\" content=\"1920\" \/>\n\t<meta property=\"og:image:type\" content=\"image\/jpeg\" \/>\n<meta name=\"twitter:card\" content=\"summary_large_image\" \/>\n<meta name=\"twitter:label1\" content=\"Gesch\u00e4tzte Lesezeit\" \/>\n\t<meta name=\"twitter:data1\" content=\"4\u00a0Minuten\" \/>\n<script type=\"application\/ld+json\" class=\"yoast-schema-graph\">{\"@context\":\"https:\\\/\\\/schema.org\",\"@graph\":[{\"@type\":\"WebPage\",\"@id\":\"https:\\\/\\\/labelfree.nl\\\/product\\\/labelfree-hoody-sport-organic\\\/\",\"url\":\"https:\\\/\\\/labelfree.nl\\\/product\\\/labelfree-hoody-sport-organic\\\/\",\"name\":\"Hoodie Sport - Labelfree\",\"isPartOf\":{\"@id\":\"https:\\\/\\\/labelfree.nl\\\/#website\"},\"primaryImageOfPage\":{\"@id\":\"https:\\\/\\\/labelfree.nl\\\/product\\\/labelfree-hoody-sport-organic\\\/#primaryimage\"},\"image\":{\"@id\":\"https:\\\/\\\/labelfree.nl\\\/product\\\/labelfree-hoody-sport-organic\\\/#primaryimage\"},\"thumbnailUrl\":\"https:\\\/\\\/labelfree.nl\\\/wp-content\\\/uploads\\\/2024\\\/10\\\/000719_Sport_Hooded_Sweat_01.jpg\",\"datePublished\":\"2024-10-24T16:42:51+00:00\",\"dateModified\":\"2026-04-26T00:03:45+00:00\",\"description\":\"Labelfree organic basics. Moderne sweater met capuchon. Raglanmouwen, zijzakken, sportief. Zachte french terry stof. Bedrukking mogelijk. Snelle levering\",\"breadcrumb\":{\"@id\":\"https:\\\/\\\/labelfree.nl\\\/product\\\/labelfree-hoody-sport-organic\\\/#breadcrumb\"},\"inLanguage\":\"de\",\"potentialAction\":[{\"@type\":\"ReadAction\",\"target\":[\"https:\\\/\\\/labelfree.nl\\\/product\\\/labelfree-hoody-sport-organic\\\/\"]}]},{\"@type\":\"ImageObject\",\"inLanguage\":\"de\",\"@id\":\"https:\\\/\\\/labelfree.nl\\\/product\\\/labelfree-hoody-sport-organic\\\/#primaryimage\",\"url\":\"https:\\\/\\\/labelfree.nl\\\/wp-content\\\/uploads\\\/2024\\\/10\\\/000719_Sport_Hooded_Sweat_01.jpg\",\"contentUrl\":\"https:\\\/\\\/labelfree.nl\\\/wp-content\\\/uploads\\\/2024\\\/10\\\/000719_Sport_Hooded_Sweat_01.jpg\",\"width\":1280,\"height\":1920},{\"@type\":\"BreadcrumbList\",\"@id\":\"https:\\\/\\\/labelfree.nl\\\/product\\\/labelfree-hoody-sport-organic\\\/#breadcrumb\",\"itemListElement\":[{\"@type\":\"ListItem\",\"position\":1,\"name\":\"Home\",\"item\":\"https:\\\/\\\/labelfree.nl\\\/\"},{\"@type\":\"ListItem\",\"position\":2,\"name\":\"Webshop\",\"item\":\"https:\\\/\\\/labelfree.nl\\\/webshop\\\/\"},{\"@type\":\"ListItem\",\"position\":3,\"name\":\"Hoodie Sport\"}]},{\"@type\":\"WebSite\",\"@id\":\"https:\\\/\\\/labelfree.nl\\\/#website\",\"url\":\"https:\\\/\\\/labelfree.nl\\\/\",\"name\":\"Labelfree\",\"description\":\"Brandless quality\",\"potentialAction\":[{\"@type\":\"SearchAction\",\"target\":{\"@type\":\"EntryPoint\",\"urlTemplate\":\"https:\\\/\\\/labelfree.nl\\\/?s={search_term_string}\"},\"query-input\":{\"@type\":\"PropertyValueSpecification\",\"valueRequired\":true,\"valueName\":\"search_term_string\"}}],\"inLanguage\":\"de\"}]}<\/script>\n<!-- \/ Yoast SEO plugin. -->","yoast_head_json":{"title":"Hoodie Sport - Labelfrei","description":"Bio-Basics ohne Label. Moderner Kapuzenpullover. Raglan\u00e4rmel, Seitentaschen, sportliches Design. Weicher French-Terry-Stoff. Bedruckbar. Schnelle Lieferung.","robots":{"index":"index","follow":"follow","max-snippet":"max-snippet:-1","max-image-preview":"max-image-preview:large","max-video-preview":"max-video-preview:-1"},"canonical":"https:\/\/labelfree.nl\/de\/produkt\/st719-sport-kapuzensweat\/","og_locale":"de_DE","og_type":"article","og_title":"Hoodie Sport - Labelfree","og_description":"Labelfree organic basics. Moderne sweater met capuchon. Raglanmouwen, zijzakken, sportief. Zachte french terry stof. Bedrukking mogelijk. Snelle levering","og_url":"https:\/\/labelfree.nl\/de\/produkt\/st719-sport-kapuzensweat\/","og_site_name":"Labelfree","article_modified_time":"2026-04-26T00:03:45+00:00","og_image":[{"width":1280,"height":1920,"url":"https:\/\/labelfree.nl\/wp-content\/uploads\/2024\/10\/000719_Sport_Hooded_Sweat_01.jpg","type":"image\/jpeg"}],"twitter_card":"summary_large_image","twitter_misc":{"Gesch\u00e4tzte Lesezeit":"4\u00a0Minuten"},"schema":{"@context":"https:\/\/schema.org","@graph":[{"@type":"WebPage","@id":"https:\/\/labelfree.nl\/product\/labelfree-hoody-sport-organic\/","url":"https:\/\/labelfree.nl\/product\/labelfree-hoody-sport-organic\/","name":"Hoodie Sport - Labelfrei","isPartOf":{"@id":"https:\/\/labelfree.nl\/#website"},"primaryImageOfPage":{"@id":"https:\/\/labelfree.nl\/product\/labelfree-hoody-sport-organic\/#primaryimage"},"image":{"@id":"https:\/\/labelfree.nl\/product\/labelfree-hoody-sport-organic\/#primaryimage"},"thumbnailUrl":"https:\/\/labelfree.nl\/wp-content\/uploads\/2024\/10\/000719_Sport_Hooded_Sweat_01.jpg","datePublished":"2024-10-24T16:42:51+00:00","dateModified":"2026-04-26T00:03:45+00:00","description":"Bio-Basics ohne Label. Moderner Kapuzenpullover. Raglan\u00e4rmel, Seitentaschen, sportliches Design. Weicher French-Terry-Stoff. Bedruckbar. Schnelle Lieferung.","breadcrumb":{"@id":"https:\/\/labelfree.nl\/product\/labelfree-hoody-sport-organic\/#breadcrumb"},"inLanguage":"de","potentialAction":[{"@type":"ReadAction","target":["https:\/\/labelfree.nl\/product\/labelfree-hoody-sport-organic\/"]}]},{"@type":"ImageObject","inLanguage":"de","@id":"https:\/\/labelfree.nl\/product\/labelfree-hoody-sport-organic\/#primaryimage","url":"https:\/\/labelfree.nl\/wp-content\/uploads\/2024\/10\/000719_Sport_Hooded_Sweat_01.jpg","contentUrl":"https:\/\/labelfree.nl\/wp-content\/uploads\/2024\/10\/000719_Sport_Hooded_Sweat_01.jpg","width":1280,"height":1920},{"@type":"BreadcrumbList","@id":"https:\/\/labelfree.nl\/product\/labelfree-hoody-sport-organic\/#breadcrumb","itemListElement":[{"@type":"ListItem","position":1,"name":"Home","item":"https:\/\/labelfree.nl\/"},{"@type":"ListItem","position":2,"name":"Webshop","item":"https:\/\/labelfree.nl\/webshop\/"},{"@type":"ListItem","position":3,"name":"Hoodie Sport"}]},{"@type":"WebSite","@id":"https:\/\/labelfree.nl\/#website","url":"https:\/\/labelfree.nl\/","name":"Etikettenfrei","description":"Markenlose Qualit\u00e4t","potentialAction":[{"@type":"SearchAction","target":{"@type":"EntryPoint","urlTemplate":"https:\/\/labelfree.nl\/?s={search_term_string}"},"query-input":{"@type":"PropertyValueSpecification","valueRequired":true,"valueName":"search_term_string"}}],"inLanguage":"de"}]}},"jetpack_sharing_enabled":true,"_links":{"self":[{"href":"https:\/\/labelfree.nl\/de\/wp-json\/wp\/v2\/product\/43470","targetHints":{"allow":["GET"]}}],"collection":[{"href":"https:\/\/labelfree.nl\/de\/wp-json\/wp\/v2\/product"}],"about":[{"href":"https:\/\/labelfree.nl\/de\/wp-json\/wp\/v2\/types\/product"}],"wp:featuredmedia":[{"embeddable":true,"href":"https:\/\/labelfree.nl\/de\/wp-json\/wp\/v2\/media\/54507"}],"wp:attachment":[{"href":"https:\/\/labelfree.nl\/de\/wp-json\/wp\/v2\/media?parent=43470"}],"wp:term":[{"taxonomy":"product_brand","embeddable":true,"href":"https:\/\/labelfree.nl\/de\/wp-json\/wp\/v2\/product_brand?post=43470"},{"taxonomy":"product_cat","embeddable":true,"href":"https:\/\/labelfree.nl\/de\/wp-json\/wp\/v2\/product_cat?post=43470"},{"taxonomy":"product_tag","embeddable":true,"href":"https:\/\/labelfree.nl\/de\/wp-json\/wp\/v2\/product_tag?post=43470"}],"curies":[{"name":"wp","href":"https:\/\/api.w.org\/{rel}","templated":true}]}}