{"id":43535,"date":"2024-10-24T18:43:38","date_gmt":"2024-10-24T16:43:38","guid":{"rendered":"https:\/\/labelfree.nl\/product\/st2612-adam-cap\/"},"modified":"2026-04-19T02:04:27","modified_gmt":"2026-04-19T00:04:27","slug":"st2612-adam-cap","status":"publish","type":"product","link":"https:\/\/labelfree.nl\/de\/produkt\/st2612-adam-kappe\/","title":{"rendered":"Adam-Kappe"},"content":{"rendered":"<h2>Unisex-Kappe \u2013 perfekte Passform<\/h2>\n<p>Unisex-Kappe \u2013 langlebig und multifunktional<\/p>\n<h3>Stylische Unisex-Kappe f\u00fcr jeden Anlass<\/h3>\n<p>Unsere Unisex-Cap ist die ideale Wahl f\u00fcr alle, die eine Kombination aus Stil und Funktionalit\u00e4t suchen. Diese aus 100%-Polyester gefertigte Kappe bietet nicht nur Komfort, sondern auch Haltbarkeit. Ob Sie einen l\u00e4ssigen Look kreieren oder Ihr Outfit f\u00fcr einen Event auffrischen m\u00f6chten, diese Kappe ist das perfekte Accessoire, um Ihren pers\u00f6nlichen Stil zu unterstreichen. Dank des verstellbaren Klettverschlusses auf der R\u00fcckseite l\u00e4sst sich diese Kappe leicht an jede Kopfgr\u00f6\u00dfe anpassen und sorgt so f\u00fcr eine perfekte Passform bei jedem Anlass.<\/p>\n<h3>Verstellbarer Verschluss f\u00fcr maximalen Komfort<\/h3>\n<p>Eines der einzigartigen Merkmale dieser Unisex-Kappe ist der verstellbare Verschluss mit Klettverschluss, der f\u00fcr einen festen und bequemen Sitz sorgt. Dadurch ist die M\u00fctze sowohl f\u00fcr M\u00e4nner als auch f\u00fcr Frauen geeignet und somit ein vielseitiges Kleidungsst\u00fcck f\u00fcr alle Jahreszeiten. Die Verstellbarkeit erleichtert die Auswahl der richtigen Gr\u00f6\u00dfe und macht dieses Produkt ideal f\u00fcr Gruppen, Veranstaltungen oder als erschwingliches Geschenk. Bei Labelfree wissen wir, dass Komfort genauso wichtig ist wie Stil. Deshalb haben wir diese Kappe speziell f\u00fcr den modernen Benutzer entworfen.<\/p>\n<h3>Perfekt zum Sticken und Drucken<\/h3>\n<p>Diese Unisex-Kappe ist nicht nur stylisch und bequem, sondern auch ideal zum Besticken und Bedrucken. Damit ist sie die perfekte Wahl f\u00fcr Unternehmen und Organisationen, die personalisierte Werbeartikel suchen. Ob Sie ein Logo hinzuf\u00fcgen, individuelle Branding-Artikel besticken oder einzigartige Designs drucken lassen m\u00f6chten \u2013 unsere Kappe bietet die ideale Grundlage f\u00fcr all Ihre Branding-Bed\u00fcrfnisse. Dank verschiedener Druckverfahren wie DTG-Druck, Siebdruck und Stickerei k\u00f6nnen Sie Ihrer Kreativit\u00e4t freien Lauf lassen. Kontaktieren Sie uns, um Ihre Ideen zu besprechen und zu erfahren, wie wir Ihre Vision verwirklichen k\u00f6nnen.<\/p>\n<h3>Spezifikationen der Unisex-Kappe<\/h3>\n<ul>\n<li>Material: 100% Polyester<\/li>\n<li>Verstellbarer Verschluss f\u00fcr eine ideale Passform<\/li>\n<li>Einheitsgr\u00f6\u00dfe<\/li>\n<li>Geeignet zum Besticken und Bedrucken<\/li>\n<\/ul>\n<h3>Personalisieren Sie noch heute Ihre Unisex-Kappe!<\/h3>\n<p>Bei Labelfree bieten wir mehr als nur Standardkleidung; Wir helfen Ihnen gerne dabei, einzigartige St\u00fccke zu kreieren, die Ihre Marke oder Ihren pers\u00f6nlichen Stil perfekt widerspiegeln. Ganz gleich, ob Sie eine unbedruckte Kappe bestellen, von unserem Grafikdesigner entwerfen lassen oder sie mit separat bestellten Drucken selbst bedrucken m\u00f6chten, wir helfen Ihnen gerne weiter. Kontaktieren Sie uns noch heute und entdecken Sie die M\u00f6glichkeiten f\u00fcr Ihre personalisierte Unisex-Cap. Lassen Sie Ihrer Kreativit\u00e4t freien Lauf und tragen Sie etwas, das wirklich Ihnen geh\u00f6rt!<\/p>","protected":false},"excerpt":{"rendered":"<p>Unisex Cap &#8211; Perfecte Pasvorm Unisex Cap \u2013 Duurzaam en Multifunctioneel Stijlvolle Unisex Cap voor Elke Gelegenheid Onze unisex cap is de ideale keuze voor iedereen die op zoek is naar een combinatie van stijl en functionaliteit. Gemaakt van 100% polyester, biedt deze cap niet alleen comfort, maar ook duurzaamheid. Of je nu een casual [&hellip;]<\/p>\n","protected":false},"featured_media":54541,"template":"","meta":{"_acf_changed":false},"product_brand":[],"product_cat":[429],"product_tag":[],"class_list":{"0":"post-43535","1":"product","2":"type-product","3":"status-publish","4":"has-post-thumbnail","6":"product_cat-headwear","7":"pa_size-een-maat","9":"first","10":"instock","11":"taxable","12":"shipping-taxable","13":"purchasable","14":"product-type-variable"},"acf":[],"yoast_head":"<!-- This site is optimized with the Yoast SEO plugin v27.4 - https:\/\/yoast.com\/product\/yoast-seo-wordpress\/ -->\n<title>Adam cap - Labelfree<\/title>\n<meta name=\"robots\" content=\"index, follow, max-snippet:-1, max-image-preview:large, max-video-preview:-1\" \/>\n<link rel=\"canonical\" href=\"https:\/\/labelfree.nl\/de\/produkt\/st2612-adam-kappe\/\" \/>\n<meta property=\"og:locale\" content=\"de_DE\" \/>\n<meta property=\"og:type\" content=\"article\" \/>\n<meta property=\"og:title\" content=\"Adam cap - Labelfree\" \/>\n<meta property=\"og:description\" content=\"Unisex Cap &#8211; Perfecte Pasvorm Unisex Cap \u2013 Duurzaam en Multifunctioneel Stijlvolle Unisex Cap voor Elke Gelegenheid Onze unisex cap is de ideale keuze voor iedereen die op zoek is naar een combinatie van stijl en functionaliteit. Gemaakt van 100% polyester, biedt deze cap niet alleen comfort, maar ook duurzaamheid. Of je nu een casual [&hellip;]\" \/>\n<meta property=\"og:url\" content=\"https:\/\/labelfree.nl\/de\/produkt\/st2612-adam-kappe\/\" \/>\n<meta property=\"og:site_name\" content=\"Labelfree\" \/>\n<meta property=\"article:modified_time\" content=\"2026-04-19T00:04:27+00:00\" \/>\n<meta property=\"og:image\" content=\"https:\/\/labelfree.nl\/wp-content\/uploads\/2024\/10\/002612_Adam_Cap_01.jpg\" \/>\n\t<meta property=\"og:image:width\" content=\"1280\" \/>\n\t<meta property=\"og:image:height\" content=\"1920\" \/>\n\t<meta property=\"og:image:type\" content=\"image\/jpeg\" \/>\n<meta name=\"twitter:card\" content=\"summary_large_image\" \/>\n<meta name=\"twitter:label1\" content=\"Gesch\u00e4tzte Lesezeit\" \/>\n\t<meta name=\"twitter:data1\" content=\"2\u00a0Minuten\" \/>\n<script type=\"application\/ld+json\" class=\"yoast-schema-graph\">{\"@context\":\"https:\\\/\\\/schema.org\",\"@graph\":[{\"@type\":\"WebPage\",\"@id\":\"https:\\\/\\\/labelfree.nl\\\/product\\\/st2612-adam-cap\\\/\",\"url\":\"https:\\\/\\\/labelfree.nl\\\/product\\\/st2612-adam-cap\\\/\",\"name\":\"Adam cap - Labelfree\",\"isPartOf\":{\"@id\":\"https:\\\/\\\/labelfree.nl\\\/#website\"},\"primaryImageOfPage\":{\"@id\":\"https:\\\/\\\/labelfree.nl\\\/product\\\/st2612-adam-cap\\\/#primaryimage\"},\"image\":{\"@id\":\"https:\\\/\\\/labelfree.nl\\\/product\\\/st2612-adam-cap\\\/#primaryimage\"},\"thumbnailUrl\":\"https:\\\/\\\/labelfree.nl\\\/wp-content\\\/uploads\\\/2024\\\/10\\\/002612_Adam_Cap_01.jpg\",\"datePublished\":\"2024-10-24T16:43:38+00:00\",\"dateModified\":\"2026-04-19T00:04:27+00:00\",\"breadcrumb\":{\"@id\":\"https:\\\/\\\/labelfree.nl\\\/product\\\/st2612-adam-cap\\\/#breadcrumb\"},\"inLanguage\":\"de\",\"potentialAction\":[{\"@type\":\"ReadAction\",\"target\":[\"https:\\\/\\\/labelfree.nl\\\/product\\\/st2612-adam-cap\\\/\"]}]},{\"@type\":\"ImageObject\",\"inLanguage\":\"de\",\"@id\":\"https:\\\/\\\/labelfree.nl\\\/product\\\/st2612-adam-cap\\\/#primaryimage\",\"url\":\"https:\\\/\\\/labelfree.nl\\\/wp-content\\\/uploads\\\/2024\\\/10\\\/002612_Adam_Cap_01.jpg\",\"contentUrl\":\"https:\\\/\\\/labelfree.nl\\\/wp-content\\\/uploads\\\/2024\\\/10\\\/002612_Adam_Cap_01.jpg\",\"width\":1280,\"height\":1920},{\"@type\":\"BreadcrumbList\",\"@id\":\"https:\\\/\\\/labelfree.nl\\\/product\\\/st2612-adam-cap\\\/#breadcrumb\",\"itemListElement\":[{\"@type\":\"ListItem\",\"position\":1,\"name\":\"Home\",\"item\":\"https:\\\/\\\/labelfree.nl\\\/\"},{\"@type\":\"ListItem\",\"position\":2,\"name\":\"Webshop\",\"item\":\"https:\\\/\\\/labelfree.nl\\\/webshop\\\/\"},{\"@type\":\"ListItem\",\"position\":3,\"name\":\"Adam cap\"}]},{\"@type\":\"WebSite\",\"@id\":\"https:\\\/\\\/labelfree.nl\\\/#website\",\"url\":\"https:\\\/\\\/labelfree.nl\\\/\",\"name\":\"Labelfree\",\"description\":\"Brandless quality\",\"potentialAction\":[{\"@type\":\"SearchAction\",\"target\":{\"@type\":\"EntryPoint\",\"urlTemplate\":\"https:\\\/\\\/labelfree.nl\\\/?s={search_term_string}\"},\"query-input\":{\"@type\":\"PropertyValueSpecification\",\"valueRequired\":true,\"valueName\":\"search_term_string\"}}],\"inLanguage\":\"de\"}]}<\/script>\n<!-- \/ Yoast SEO plugin. -->","yoast_head_json":{"title":"Adam Kappe - Etikettenfrei","robots":{"index":"index","follow":"follow","max-snippet":"max-snippet:-1","max-image-preview":"max-image-preview:large","max-video-preview":"max-video-preview:-1"},"canonical":"https:\/\/labelfree.nl\/de\/produkt\/st2612-adam-kappe\/","og_locale":"de_DE","og_type":"article","og_title":"Adam cap - Labelfree","og_description":"Unisex Cap &#8211; Perfecte Pasvorm Unisex Cap \u2013 Duurzaam en Multifunctioneel Stijlvolle Unisex Cap voor Elke Gelegenheid Onze unisex cap is de ideale keuze voor iedereen die op zoek is naar een combinatie van stijl en functionaliteit. Gemaakt van 100% polyester, biedt deze cap niet alleen comfort, maar ook duurzaamheid. Of je nu een casual [&hellip;]","og_url":"https:\/\/labelfree.nl\/de\/produkt\/st2612-adam-kappe\/","og_site_name":"Labelfree","article_modified_time":"2026-04-19T00:04:27+00:00","og_image":[{"width":1280,"height":1920,"url":"https:\/\/labelfree.nl\/wp-content\/uploads\/2024\/10\/002612_Adam_Cap_01.jpg","type":"image\/jpeg"}],"twitter_card":"summary_large_image","twitter_misc":{"Gesch\u00e4tzte Lesezeit":"2\u00a0Minuten"},"schema":{"@context":"https:\/\/schema.org","@graph":[{"@type":"WebPage","@id":"https:\/\/labelfree.nl\/product\/st2612-adam-cap\/","url":"https:\/\/labelfree.nl\/product\/st2612-adam-cap\/","name":"Adam Kappe - Etikettenfrei","isPartOf":{"@id":"https:\/\/labelfree.nl\/#website"},"primaryImageOfPage":{"@id":"https:\/\/labelfree.nl\/product\/st2612-adam-cap\/#primaryimage"},"image":{"@id":"https:\/\/labelfree.nl\/product\/st2612-adam-cap\/#primaryimage"},"thumbnailUrl":"https:\/\/labelfree.nl\/wp-content\/uploads\/2024\/10\/002612_Adam_Cap_01.jpg","datePublished":"2024-10-24T16:43:38+00:00","dateModified":"2026-04-19T00:04:27+00:00","breadcrumb":{"@id":"https:\/\/labelfree.nl\/product\/st2612-adam-cap\/#breadcrumb"},"inLanguage":"de","potentialAction":[{"@type":"ReadAction","target":["https:\/\/labelfree.nl\/product\/st2612-adam-cap\/"]}]},{"@type":"ImageObject","inLanguage":"de","@id":"https:\/\/labelfree.nl\/product\/st2612-adam-cap\/#primaryimage","url":"https:\/\/labelfree.nl\/wp-content\/uploads\/2024\/10\/002612_Adam_Cap_01.jpg","contentUrl":"https:\/\/labelfree.nl\/wp-content\/uploads\/2024\/10\/002612_Adam_Cap_01.jpg","width":1280,"height":1920},{"@type":"BreadcrumbList","@id":"https:\/\/labelfree.nl\/product\/st2612-adam-cap\/#breadcrumb","itemListElement":[{"@type":"ListItem","position":1,"name":"Home","item":"https:\/\/labelfree.nl\/"},{"@type":"ListItem","position":2,"name":"Webshop","item":"https:\/\/labelfree.nl\/webshop\/"},{"@type":"ListItem","position":3,"name":"Adam cap"}]},{"@type":"WebSite","@id":"https:\/\/labelfree.nl\/#website","url":"https:\/\/labelfree.nl\/","name":"Etikettenfrei","description":"Markenlose Qualit\u00e4t","potentialAction":[{"@type":"SearchAction","target":{"@type":"EntryPoint","urlTemplate":"https:\/\/labelfree.nl\/?s={search_term_string}"},"query-input":{"@type":"PropertyValueSpecification","valueRequired":true,"valueName":"search_term_string"}}],"inLanguage":"de"}]}},"jetpack_sharing_enabled":true,"_links":{"self":[{"href":"https:\/\/labelfree.nl\/de\/wp-json\/wp\/v2\/product\/43535","targetHints":{"allow":["GET"]}}],"collection":[{"href":"https:\/\/labelfree.nl\/de\/wp-json\/wp\/v2\/product"}],"about":[{"href":"https:\/\/labelfree.nl\/de\/wp-json\/wp\/v2\/types\/product"}],"wp:featuredmedia":[{"embeddable":true,"href":"https:\/\/labelfree.nl\/de\/wp-json\/wp\/v2\/media\/54541"}],"wp:attachment":[{"href":"https:\/\/labelfree.nl\/de\/wp-json\/wp\/v2\/media?parent=43535"}],"wp:term":[{"taxonomy":"product_brand","embeddable":true,"href":"https:\/\/labelfree.nl\/de\/wp-json\/wp\/v2\/product_brand?post=43535"},{"taxonomy":"product_cat","embeddable":true,"href":"https:\/\/labelfree.nl\/de\/wp-json\/wp\/v2\/product_cat?post=43535"},{"taxonomy":"product_tag","embeddable":true,"href":"https:\/\/labelfree.nl\/de\/wp-json\/wp\/v2\/product_tag?post=43535"}],"curies":[{"name":"wp","href":"https:\/\/api.w.org\/{rel}","templated":true}]}}