{"id":43902,"date":"2024-10-24T18:48:33","date_gmt":"2024-10-24T16:48:33","guid":{"rendered":"https:\/\/labelfree.nl\/product\/st305-uni-fashion\/"},"modified":"2026-04-17T02:05:23","modified_gmt":"2026-04-17T00:05:23","slug":"blanco-unisex-tshirt-moderne-fit-katoen-165gm%c2%b2-bedrukking-ontwerphulp-labelfree","status":"publish","type":"product","link":"https:\/\/labelfree.nl\/de\/produkt\/st305-schlichte-mode\/","title":{"rendered":"Blanko-Unisex-T-Shirt, moderne Passform, 100% Baumwolle, 165 g\/m\u00b2"},"content":{"rendered":"<p>Schlichtes Unisex-T-Shirt in moderner Passform. Zeitgem\u00e4\u00dfes Shirt mit l\u00e4ssigem Look. 100% Bio-Baumwolle, Single-Jersey, 165 g\/m\u00b2<\/p>\n<p><em>F\u00fcr die korrekte Farbdarstellung und den Preis klicken Sie auf die Farbe und Gr\u00f6\u00dfe und anschlie\u00dfend erneut auf die Lupe.<\/em><\/p>\n<p>&nbsp;<\/p>\n<h3><span style=\"color: #5a7699;\"><strong>Unisex-T-Shirt, moderne Passform\u00a0<\/strong><\/span><\/h3>\n<p><strong>100% Bio-Baumwolle. Single-Jersey 165 g\/m\u00b2<\/strong><\/p>\n<p><img decoding=\"async\" class=\"alignnone size-full wp-image-61155\" src=\"https:\/\/labelfree.nl\/wp-content\/uploads\/2024\/10\/oeko-8.jpg\" alt=\"\" width=\"145\" height=\"75\" srcset=\"https:\/\/labelfree.nl\/wp-content\/uploads\/2024\/10\/oeko-8.jpg 145w, https:\/\/labelfree.nl\/wp-content\/uploads\/2024\/10\/oeko-8-18x9.jpg 18w\" sizes=\"(max-width: 145px) 100vw, 145px\" \/><\/p>\n<ul>\n<li>Qualit\u00e4t: 100% Bio-Baumwolle, gek\u00e4mmt und enzymgewaschen<\/li>\n<li>Oxford Grey: 851 TP3T Bio-Baumwolle \/ 151 TP3T Viskose<\/li>\n<li>Heather Black: 80% Bio-Baumwolle \/ 20% Polyester<\/li>\n<li>Anthrazit: 60% Bio-Baumwolle \/ 40% Polyester<\/li>\n<li>Single-Jersey<\/li>\n<li>Gewicht: 165 g\/m\u00b2<\/li>\n<li>Dekorativer Abschluss mit einem 3-Faden-Flachstich<\/li>\n<li>Erh\u00e4ltlich in 20 Farben<\/li>\n<li>Erh\u00e4ltlich von Gr\u00f6\u00dfe S bis 3XL<\/li>\n<li>Markenlos, kleines Gr\u00f6\u00dfenetikett im Halsausschnitt<\/li>\n<li>Geeignet f\u00fcr Siebdruck, Transferdruck, DTG-Druck und Stickerei<\/li>\n<li>Karton: 50 St\u00fcck. Verpackung: 10 St\u00fcck. Auch einzeln erh\u00e4ltlich.<\/li>\n<\/ul>\n<p><strong><b>\u00a0<\/b><\/strong><b><\/b><\/p>\n<h4><span style=\"color: #5a7699;\"><strong>Unisex-Baumwoll-T-Shirt \u2013 bequeme und moderne Passform<\/strong><\/span><\/h4>\n<p>Dieses bequeme T-Shirt hat eine tolle Passform. Dank seiner Merkmale, wie der idealen L\u00e4nge, die \u00fcber den Hosenbund f\u00e4llt, und dem sch\u00f6nen Rundhalsausschnitt, ist es vielseitig einsetzbar. Die \u00c4rmel reichen bis etwa zwei Drittel des Oberarms.<\/p>\n<p>Das Hemd besticht durch seine besondere Verarbeitung. \u00c4rmel und Saum sind mit einem dreif\u00e4digen Flatlockstich eingefasst, was dem Hemd eine dekorative Note verleiht. Der \u00c4rmeleinsatz ist mit einer Doppelsteppnaht versehen. Der Halsausschnitt ist mit einem 1,5 cm breiten Baumwollrippstrick eingefasst. Das Hemd verf\u00fcgt \u00fcber Seitenn\u00e4hte und einen verst\u00e4rkten Halsausschnitt.<\/p>\n<h4><span style=\"color: #5a7699;\"><strong>Materialangaben<\/strong><\/span><\/h4>\n<p>Qualit\u00e4t: 1001 % Bio-Baumwolle. Unsere Baumwolle ist umweltfreundlich und wird ohne sch\u00e4dliche Chemikalien und unter verantwortungsvollen Bedingungen produziert. Sie stammt aus kontrolliert biologischem Anbau (weniger Pestizide) und ist daher besonders hautfreundlich. Das T-Shirt ist je nach Farbe in verschiedenen Materialzusammensetzungen erh\u00e4ltlich.<\/p>\n<p>Das T-Shirt ist aus einem unserer beliebtesten Baumwollstoffe gefertigt: Single Jersey, 165 g\/m\u00b2. Dieses Material ist bekannt f\u00fcr seine weichen und flexiblen Eigenschaften und eignet sich daher ideal f\u00fcr den Alltag.<\/p>\n<p>Es beh\u00e4lt seine perfekte Passform und ist strapazierf\u00e4hig. Dank seiner hervorragenden Farbechtheit und minimalen Einlaufneigung sieht dieses T-Shirt auch nach mehrmaligem Waschen noch wie neu aus.<\/p>\n<h4><span style=\"color: #5a7699;\"><strong>Druck-, Stick- und Beschriftungsm\u00f6glichkeiten <\/strong><\/span><\/h4>\n<p>Unser gesamtes Sortiment eignet sich f\u00fcr B2B, Merchandising und Private Label. Sie m\u00f6chten unbedruckte Kleidung bestellen, diese mit Ihrem eigenen Design bedrucken lassen oder ben\u00f6tigen Druckvorlagen zum Selbstaufbringen? Das Team von Labelfree unterst\u00fctzt Sie dabei in jedem Schritt.<\/p>\n<p>Labelfree bietet eine Vielzahl professioneller Druckoptionen, darunter Transferdruck, DTF-Druck, Siebdruck und Stickerei. Wir liefern hochwertige Drucke. Sie k\u00f6nnen auch Ihre eigenen Nackenaufdrucke und Etiketten auf Artikel wie \u00c4rmel drucken lassen.<\/p>\n<p>Ben\u00f6tigen Sie Hilfe bei Ihrem eigenen Design? Unsere Grafikdesigner unterst\u00fctzen Sie gerne. So stellen wir sicher, dass das Endprodukt perfekt auf Ihre Bed\u00fcrfnisse zugeschnitten ist. Sie erhalten immer zun\u00e4chst ein kostenloses, visuelles Angebot. Kontaktieren Sie uns, um die M\u00f6glichkeiten zur Erstellung Ihrer eigenen Kollektion zu erkunden.<\/p>\n<p>&nbsp;<\/p>\n<p>Gr\u00f6\u00dfentabelle<\/p>\n<p><img fetchpriority=\"high\" decoding=\"async\" class=\"\" src=\"https:\/\/www.stormtextil.dk\/sites\/default\/files\/size-charts\/000305_Uni_Fashion.png\" width=\"604\" height=\"108\" \/><\/p>\n<p>Pflegeanleitung<\/p>\n<p><img decoding=\"async\" class=\"alignnone wp-image-57124\" src=\"https:\/\/labelfree.nl\/wp-content\/uploads\/2024\/10\/Storm_washing_instructions_40_0-6.gif\" alt=\"\" width=\"166\" height=\"25\" \/><\/p>","protected":false},"excerpt":{"rendered":"<p>Blanco unisex t-shirt met moderne fit. Eigentijds shirt met een casual uitstraling. 100% biologisch katoen, single jersey 165 g\/m\u00b2 voor de juiste kleurweergave en prijs klikt u op kleur en maat en nogmaals op het vergrootglas &nbsp; unisex t-shirt moderne fit\u00a0 100% Biologisch katoen. Single jersey 165 g\/m\u00b2 Kwaliteit: 100% biologisch gekamd en enzymgewassen katoen [&hellip;]<\/p>\n","protected":false},"featured_media":54764,"template":"","meta":{"_acf_changed":false},"product_brand":[],"product_cat":[19,46],"product_tag":[],"class_list":{"0":"post-43902","1":"product","2":"type-product","3":"status-publish","4":"has-post-thumbnail","6":"product_cat-t-shirts","7":"product_cat-t-shirts-crew-neck","8":"pa_size-2xl","9":"pa_size-3xl","10":"pa_size-l","11":"pa_size-m","12":"pa_size-s","13":"pa_size-xl","15":"first","16":"instock","17":"taxable","18":"shipping-taxable","19":"purchasable","20":"product-type-variable"},"acf":[],"yoast_head":"<!-- This site is optimized with the Yoast SEO plugin v27.4 - https:\/\/yoast.com\/product\/yoast-seo-wordpress\/ -->\n<title>blanco unisex t-shirt moderne fit 100% katoen 165 g\/m\u00b2 - Labelfree<\/title>\n<meta name=\"description\" content=\"blanco unisex t-shirt. Moderne fit en mooi afgewerkt. kwaliteit 100% organic cotton single jersey 165 g\/m\u00b2. kwaliteitsprints en ontwerphulp mogelijk\" \/>\n<meta name=\"robots\" content=\"index, follow, max-snippet:-1, max-image-preview:large, max-video-preview:-1\" \/>\n<link rel=\"canonical\" href=\"https:\/\/labelfree.nl\/de\/produkt\/st305-schlichte-mode\/\" \/>\n<meta property=\"og:locale\" content=\"de_DE\" \/>\n<meta property=\"og:type\" content=\"article\" \/>\n<meta property=\"og:title\" content=\"blanco unisex t-shirt moderne fit 100% katoen 165 g\/m\u00b2 - Labelfree\" \/>\n<meta property=\"og:description\" content=\"blanco unisex t-shirt. Moderne fit en mooi afgewerkt. kwaliteit 100% organic cotton single jersey 165 g\/m\u00b2. kwaliteitsprints en ontwerphulp mogelijk\" \/>\n<meta property=\"og:url\" content=\"https:\/\/labelfree.nl\/de\/produkt\/st305-schlichte-mode\/\" \/>\n<meta property=\"og:site_name\" content=\"Labelfree\" \/>\n<meta property=\"article:modified_time\" content=\"2026-04-17T00:05:23+00:00\" \/>\n<meta property=\"og:image\" content=\"https:\/\/labelfree.nl\/wp-content\/uploads\/2024\/10\/000305_Uni_Fashion_01.jpg\" \/>\n\t<meta property=\"og:image:width\" content=\"1667\" \/>\n\t<meta property=\"og:image:height\" content=\"2500\" \/>\n\t<meta property=\"og:image:type\" content=\"image\/jpeg\" \/>\n<meta name=\"twitter:card\" content=\"summary_large_image\" \/>\n<meta name=\"twitter:label1\" content=\"Gesch\u00e4tzte Lesezeit\" \/>\n\t<meta name=\"twitter:data1\" content=\"4\u00a0Minuten\" \/>\n<script type=\"application\/ld+json\" class=\"yoast-schema-graph\">{\"@context\":\"https:\\\/\\\/schema.org\",\"@graph\":[{\"@type\":\"WebPage\",\"@id\":\"https:\\\/\\\/labelfree.nl\\\/product\\\/blanco-unisex-tshirt-moderne-fit-katoen-165gm%c2%b2-bedrukking-ontwerphulp-labelfree\\\/\",\"url\":\"https:\\\/\\\/labelfree.nl\\\/product\\\/blanco-unisex-tshirt-moderne-fit-katoen-165gm%c2%b2-bedrukking-ontwerphulp-labelfree\\\/\",\"name\":\"blanco unisex t-shirt moderne fit 100% katoen 165 g\\\/m\u00b2 - Labelfree\",\"isPartOf\":{\"@id\":\"https:\\\/\\\/labelfree.nl\\\/#website\"},\"primaryImageOfPage\":{\"@id\":\"https:\\\/\\\/labelfree.nl\\\/product\\\/blanco-unisex-tshirt-moderne-fit-katoen-165gm%c2%b2-bedrukking-ontwerphulp-labelfree\\\/#primaryimage\"},\"image\":{\"@id\":\"https:\\\/\\\/labelfree.nl\\\/product\\\/blanco-unisex-tshirt-moderne-fit-katoen-165gm%c2%b2-bedrukking-ontwerphulp-labelfree\\\/#primaryimage\"},\"thumbnailUrl\":\"https:\\\/\\\/labelfree.nl\\\/wp-content\\\/uploads\\\/2024\\\/10\\\/000305_Uni_Fashion_01.jpg\",\"datePublished\":\"2024-10-24T16:48:33+00:00\",\"dateModified\":\"2026-04-17T00:05:23+00:00\",\"description\":\"blanco unisex t-shirt. Moderne fit en mooi afgewerkt. kwaliteit 100% organic cotton single jersey 165 g\\\/m\u00b2. kwaliteitsprints en ontwerphulp mogelijk\",\"breadcrumb\":{\"@id\":\"https:\\\/\\\/labelfree.nl\\\/product\\\/blanco-unisex-tshirt-moderne-fit-katoen-165gm%c2%b2-bedrukking-ontwerphulp-labelfree\\\/#breadcrumb\"},\"inLanguage\":\"de\",\"potentialAction\":[{\"@type\":\"ReadAction\",\"target\":[\"https:\\\/\\\/labelfree.nl\\\/product\\\/blanco-unisex-tshirt-moderne-fit-katoen-165gm%c2%b2-bedrukking-ontwerphulp-labelfree\\\/\"]}]},{\"@type\":\"ImageObject\",\"inLanguage\":\"de\",\"@id\":\"https:\\\/\\\/labelfree.nl\\\/product\\\/blanco-unisex-tshirt-moderne-fit-katoen-165gm%c2%b2-bedrukking-ontwerphulp-labelfree\\\/#primaryimage\",\"url\":\"https:\\\/\\\/labelfree.nl\\\/wp-content\\\/uploads\\\/2024\\\/10\\\/000305_Uni_Fashion_01.jpg\",\"contentUrl\":\"https:\\\/\\\/labelfree.nl\\\/wp-content\\\/uploads\\\/2024\\\/10\\\/000305_Uni_Fashion_01.jpg\",\"width\":1667,\"height\":2500},{\"@type\":\"BreadcrumbList\",\"@id\":\"https:\\\/\\\/labelfree.nl\\\/product\\\/blanco-unisex-tshirt-moderne-fit-katoen-165gm%c2%b2-bedrukking-ontwerphulp-labelfree\\\/#breadcrumb\",\"itemListElement\":[{\"@type\":\"ListItem\",\"position\":1,\"name\":\"Home\",\"item\":\"https:\\\/\\\/labelfree.nl\\\/\"},{\"@type\":\"ListItem\",\"position\":2,\"name\":\"Webshop\",\"item\":\"https:\\\/\\\/labelfree.nl\\\/webshop\\\/\"},{\"@type\":\"ListItem\",\"position\":3,\"name\":\"blanco unisex t-shirt moderne fit 100% katoen 165 g\\\/m\u00b2\"}]},{\"@type\":\"WebSite\",\"@id\":\"https:\\\/\\\/labelfree.nl\\\/#website\",\"url\":\"https:\\\/\\\/labelfree.nl\\\/\",\"name\":\"Labelfree\",\"description\":\"Brandless quality\",\"potentialAction\":[{\"@type\":\"SearchAction\",\"target\":{\"@type\":\"EntryPoint\",\"urlTemplate\":\"https:\\\/\\\/labelfree.nl\\\/?s={search_term_string}\"},\"query-input\":{\"@type\":\"PropertyValueSpecification\",\"valueRequired\":true,\"valueName\":\"search_term_string\"}}],\"inLanguage\":\"de\"}]}<\/script>\n<!-- \/ Yoast SEO plugin. -->","yoast_head_json":{"title":"Blanko-Unisex-T-Shirt, moderne Passform, 100% Baumwolle, 165 g\/m\u00b2 - Labelfree","description":"Schlichtes Unisex-T-Shirt. Moderne Passform und hochwertige Verarbeitung. Hergestellt aus 100% Bio-Baumwoll-Single-Jersey (165 g\/m\u00b2). Hochwertige Drucke und Designberatung sind verf\u00fcgbar.","robots":{"index":"index","follow":"follow","max-snippet":"max-snippet:-1","max-image-preview":"max-image-preview:large","max-video-preview":"max-video-preview:-1"},"canonical":"https:\/\/labelfree.nl\/de\/produkt\/st305-schlichte-mode\/","og_locale":"de_DE","og_type":"article","og_title":"blanco unisex t-shirt moderne fit 100% katoen 165 g\/m\u00b2 - Labelfree","og_description":"blanco unisex t-shirt. Moderne fit en mooi afgewerkt. kwaliteit 100% organic cotton single jersey 165 g\/m\u00b2. kwaliteitsprints en ontwerphulp mogelijk","og_url":"https:\/\/labelfree.nl\/de\/produkt\/st305-schlichte-mode\/","og_site_name":"Labelfree","article_modified_time":"2026-04-17T00:05:23+00:00","og_image":[{"width":1667,"height":2500,"url":"https:\/\/labelfree.nl\/wp-content\/uploads\/2024\/10\/000305_Uni_Fashion_01.jpg","type":"image\/jpeg"}],"twitter_card":"summary_large_image","twitter_misc":{"Gesch\u00e4tzte Lesezeit":"4\u00a0Minuten"},"schema":{"@context":"https:\/\/schema.org","@graph":[{"@type":"WebPage","@id":"https:\/\/labelfree.nl\/product\/blanco-unisex-tshirt-moderne-fit-katoen-165gm%c2%b2-bedrukking-ontwerphulp-labelfree\/","url":"https:\/\/labelfree.nl\/product\/blanco-unisex-tshirt-moderne-fit-katoen-165gm%c2%b2-bedrukking-ontwerphulp-labelfree\/","name":"Blanko-Unisex-T-Shirt, moderne Passform, 100% Baumwolle, 165 g\/m\u00b2 - Labelfree","isPartOf":{"@id":"https:\/\/labelfree.nl\/#website"},"primaryImageOfPage":{"@id":"https:\/\/labelfree.nl\/product\/blanco-unisex-tshirt-moderne-fit-katoen-165gm%c2%b2-bedrukking-ontwerphulp-labelfree\/#primaryimage"},"image":{"@id":"https:\/\/labelfree.nl\/product\/blanco-unisex-tshirt-moderne-fit-katoen-165gm%c2%b2-bedrukking-ontwerphulp-labelfree\/#primaryimage"},"thumbnailUrl":"https:\/\/labelfree.nl\/wp-content\/uploads\/2024\/10\/000305_Uni_Fashion_01.jpg","datePublished":"2024-10-24T16:48:33+00:00","dateModified":"2026-04-17T00:05:23+00:00","description":"Schlichtes Unisex-T-Shirt. Moderne Passform und hochwertige Verarbeitung. Hergestellt aus 100% Bio-Baumwoll-Single-Jersey (165 g\/m\u00b2). Hochwertige Drucke und Designberatung sind verf\u00fcgbar.","breadcrumb":{"@id":"https:\/\/labelfree.nl\/product\/blanco-unisex-tshirt-moderne-fit-katoen-165gm%c2%b2-bedrukking-ontwerphulp-labelfree\/#breadcrumb"},"inLanguage":"de","potentialAction":[{"@type":"ReadAction","target":["https:\/\/labelfree.nl\/product\/blanco-unisex-tshirt-moderne-fit-katoen-165gm%c2%b2-bedrukking-ontwerphulp-labelfree\/"]}]},{"@type":"ImageObject","inLanguage":"de","@id":"https:\/\/labelfree.nl\/product\/blanco-unisex-tshirt-moderne-fit-katoen-165gm%c2%b2-bedrukking-ontwerphulp-labelfree\/#primaryimage","url":"https:\/\/labelfree.nl\/wp-content\/uploads\/2024\/10\/000305_Uni_Fashion_01.jpg","contentUrl":"https:\/\/labelfree.nl\/wp-content\/uploads\/2024\/10\/000305_Uni_Fashion_01.jpg","width":1667,"height":2500},{"@type":"BreadcrumbList","@id":"https:\/\/labelfree.nl\/product\/blanco-unisex-tshirt-moderne-fit-katoen-165gm%c2%b2-bedrukking-ontwerphulp-labelfree\/#breadcrumb","itemListElement":[{"@type":"ListItem","position":1,"name":"Home","item":"https:\/\/labelfree.nl\/"},{"@type":"ListItem","position":2,"name":"Webshop","item":"https:\/\/labelfree.nl\/webshop\/"},{"@type":"ListItem","position":3,"name":"blanco unisex t-shirt moderne fit 100% katoen 165 g\/m\u00b2"}]},{"@type":"WebSite","@id":"https:\/\/labelfree.nl\/#website","url":"https:\/\/labelfree.nl\/","name":"Etikettenfrei","description":"Markenlose Qualit\u00e4t","potentialAction":[{"@type":"SearchAction","target":{"@type":"EntryPoint","urlTemplate":"https:\/\/labelfree.nl\/?s={search_term_string}"},"query-input":{"@type":"PropertyValueSpecification","valueRequired":true,"valueName":"search_term_string"}}],"inLanguage":"de"}]}},"jetpack_sharing_enabled":true,"_links":{"self":[{"href":"https:\/\/labelfree.nl\/de\/wp-json\/wp\/v2\/product\/43902","targetHints":{"allow":["GET"]}}],"collection":[{"href":"https:\/\/labelfree.nl\/de\/wp-json\/wp\/v2\/product"}],"about":[{"href":"https:\/\/labelfree.nl\/de\/wp-json\/wp\/v2\/types\/product"}],"wp:featuredmedia":[{"embeddable":true,"href":"https:\/\/labelfree.nl\/de\/wp-json\/wp\/v2\/media\/54764"}],"wp:attachment":[{"href":"https:\/\/labelfree.nl\/de\/wp-json\/wp\/v2\/media?parent=43902"}],"wp:term":[{"taxonomy":"product_brand","embeddable":true,"href":"https:\/\/labelfree.nl\/de\/wp-json\/wp\/v2\/product_brand?post=43902"},{"taxonomy":"product_cat","embeddable":true,"href":"https:\/\/labelfree.nl\/de\/wp-json\/wp\/v2\/product_cat?post=43902"},{"taxonomy":"product_tag","embeddable":true,"href":"https:\/\/labelfree.nl\/de\/wp-json\/wp\/v2\/product_tag?post=43902"}],"curies":[{"name":"wp","href":"https:\/\/api.w.org\/{rel}","templated":true}]}}