{"id":44023,"date":"2024-10-24T18:57:27","date_gmt":"2024-10-24T16:57:27","guid":{"rendered":"https:\/\/labelfree.nl\/product\/st306-mens-tee\/"},"modified":"2026-04-17T02:05:23","modified_gmt":"2026-04-17T00:05:23","slug":"st306-mens-tee","status":"publish","type":"product","link":"https:\/\/labelfree.nl\/de\/produkt\/herren-t-shirt-aus-st306\/","title":{"rendered":"T-Shirt Herren T-Shirt"},"content":{"rendered":"<h6><span style=\"color: #333333;\">Herren-T-Shirt, tailliert. B\u00fcndchen mit 3-Faden-Flachstrickabschluss. Single-Jersey, 165 g\/m\u00b2.<\/span><\/h6>\n<p><strong>\u00a0<\/strong><\/p>\n<h3><span style=\"color: #5a7699;\"><strong>Herren-T-Shirt<\/strong><\/span><\/h3>\n<p><strong>Bio-Baumwolle. Single Jersey, 165 g\/m\u00b2<\/strong><\/p>\n<p><strong> <img decoding=\"async\" src=\"https:\/\/www.stormtextil.dk\/sites\/default\/files\/inline-images\/OTS100_label_19.HBD__1.jpg\" alt=\"\u00d6ko-Tex-zertifiziert\" \/><\/strong><\/p>\n<ul>\n<li>Qualit\u00e4t: 100% Bio-Baumwolle, gek\u00e4mmt und enzymgewaschen<\/li>\n<li>Erh\u00e4ltlich in 7 Farben<\/li>\n<li>Oxford Grau (85% Baumwolle \/ 15% Viskose)<\/li>\n<li>Heather Navy (60% Baumwolle \/ 40% Polyester)<\/li>\n<li>Gewicht: 165 g\/m\u00b2<\/li>\n<li>Single-Jersey<\/li>\n<li>Rundhalsausschnitt mit 1x1 Rippe aus Baumwolle und Elasthan<\/li>\n<li>Abgeschlossen mit 3-Faden-Flatlock<\/li>\n<li>Erh\u00e4ltlich von Gr\u00f6\u00dfe XS bis 3XL<\/li>\n<li>Kleines Gr\u00f6\u00dfenetikett im Halsausschnitt<\/li>\n<li>Karton: 50 St\u00fcck. Verpackung: 10 St\u00fcck. Auch einzeln erh\u00e4ltlich.<\/li>\n<\/ul>\n<p>&nbsp;<\/p>\n<h4><span style=\"color: #5a7699;\"><strong>Herren-T-Shirt \u2013 taillierter und luxuri\u00f6ser Look<\/strong><\/span><\/h4>\n<p>Das Herren-T-Shirt ist tailliert geschnitten. Es besteht aus gek\u00e4mmter und enzymgewaschener Baumwolle (100%) und bietet dadurch ein angenehm weiches Tragegef\u00fchl. Mit einem Gewicht von 165 g\/m\u00b2 wirkt es hochwertig und ist sehr komfortabel.<\/p>\n<p>Die \u00c4rmel sind tailliert geschnitten, wodurch die Oberarme zus\u00e4tzlich betont werden. \u00c4rmel und Saum sind mit einem Dreifaden-Flatlockstich vers\u00e4ubert. Dieser Dreifaden-Flatlockstich verleiht dem T-Shirt ein dekoratives Detail. Auf der Au\u00dfenseite des T-Shirts sind drei gerade Stiche sichtbar, die mit Zickzackstichen durchsetzt sind, wodurch der Saum markanter wird als bei einer herk\u00f6mmlichen Doppelnadel-Verarbeitung.<\/p>\n<p>Das T-Shirt hat einen Rundhalsausschnitt mit einem 1x1-Rippstrickkragen aus Baumwolle und Elastan. Es hat einen Halsausschnitt und Seitenn\u00e4hte.<\/p>\n<h4><span style=\"color: #5a7699;\"><strong>Materialangaben<\/strong><\/span><\/h4>\n<p>Das Herren-T-Shirt besteht aus 100 % gek\u00e4mmter und enzymgewaschener Baumwolle. Die Materialzusammensetzung variiert je nach Farbe, zum Beispiel: Oxford Grey: 85 % Baumwolle\/15 % Viskose; Heather Navy: 60 % Baumwolle\/40 % Polyester.<\/p>\n<p>H\u00e4lt man das T-Shirt in den H\u00e4nden, sp\u00fcrt man sofort seine hohe Qualit\u00e4t. Der Single Jersey hat eine glatte Oberfl\u00e4che und verleiht ihm eine exklusive Optik. Mit einem Stoffgewicht von 165 g\/m\u00b2 ist es die g\u00e4ngigste St\u00e4rke f\u00fcr T-Shirts. Das T-Shirt ist waschbest\u00e4ndig und sehr gut f\u00fcr den Dauereinsatz geeignet.<\/p>\n<h4><span style=\"color: #5a7699;\"><strong>Druck-, Stick- und Beschriftungsm\u00f6glichkeiten<\/strong><\/span><\/h4>\n<p>M\u00f6chten Sie unbedruckte Kleidung bestellen, mit Ihrem eigenen Design bedrucken lassen oder ben\u00f6tigen Sie selbst aufzubringende Drucke? Bei Labelfree steht Ihnen unser Team bei jedem Schritt zur Seite.<\/p>\n<p>Labelfree bietet verschiedene Druckm\u00f6glichkeiten, darunter Transferdruck, DTF, Siebdruck und Stickerei. Auch eigene Nackendrucke und Etiketten, beispielsweise auf den \u00c4rmel, sind m\u00f6glich.<\/p>\n<p>Ben\u00f6tigen Sie Hilfe bei Ihrem eigenen Design? Unsere Grafikdesigner unterst\u00fctzen Sie gerne. So stellen wir sicher, dass das Endprodukt perfekt auf Ihre Bed\u00fcrfnisse zugeschnitten ist. Sie erhalten immer zun\u00e4chst ein kostenloses, visuelles Angebot. Kontaktieren Sie uns, um die M\u00f6glichkeiten zur Erstellung Ihrer eigenen Kollektion zu erkunden.<\/p>\n<p><strong>\u00a0<\/strong><\/p>\n<p>Gr\u00f6\u00dfentabelle<\/p>\n<p><img fetchpriority=\"high\" decoding=\"async\" class=\"\" src=\"https:\/\/www.stormtextil.dk\/sites\/default\/files\/size-charts\/000306_Mens_Tee.png\" width=\"557\" height=\"90\" \/><\/p>\n<p>&nbsp;<\/p>\n<p>Pflegeanleitung<\/p>\n<p><img decoding=\"async\" class=\"\" src=\"https:\/\/www.stormtextil.dk\/sites\/default\/files\/2018-04\/Storm_washing_instructions_40_4.gif\" width=\"166\" height=\"25\" \/><\/p>\n<p>&nbsp;<\/p>\n<p>&nbsp;<\/p>\n<p>&nbsp;<\/p>","protected":false},"excerpt":{"rendered":"<p>Heren t-shirt, mooie fitted pasvorm. Boorden afgewerkt met 3-draads flatlock. Single jersey 165 g\/m\u00b2 \u00a0 t-shirt mens tee Biologisch katoen. Single jersey, 165 g\/m\u00b2 Kwaliteit: 100% biologisch katoen, gekamd en enzym gewassen Verkrijgbaar in 7 kleuren Oxford Grey (85% katoen \/ 15% viscose) Heather Navy (60% katoen \/ 40% polyester) Gewicht: 165 g\/m\u00b2 Single jersey [&hellip;]<\/p>\n","protected":false},"featured_media":54775,"template":"","meta":{"_acf_changed":false},"product_brand":[],"product_cat":[19],"product_tag":[],"class_list":{"0":"post-44023","1":"product","2":"type-product","3":"status-publish","4":"has-post-thumbnail","6":"product_cat-t-shirts","7":"pa_size-2xl","8":"pa_size-3xl","9":"pa_size-l","10":"pa_size-m","11":"pa_size-s","12":"pa_size-xl","13":"pa_size-xs","15":"first","16":"instock","17":"taxable","18":"shipping-taxable","19":"purchasable","20":"product-type-variable"},"acf":[],"yoast_head":"<!-- This site is optimized with the Yoast SEO plugin v27.4 - https:\/\/yoast.com\/product\/yoast-seo-wordpress\/ -->\n<title>T-shirt Mens Tee - Labelfree<\/title>\n<meta name=\"robots\" content=\"index, follow, max-snippet:-1, max-image-preview:large, max-video-preview:-1\" \/>\n<link rel=\"canonical\" href=\"https:\/\/labelfree.nl\/de\/produkt\/herren-t-shirt-aus-st306\/\" \/>\n<meta property=\"og:locale\" content=\"de_DE\" \/>\n<meta property=\"og:type\" content=\"article\" \/>\n<meta property=\"og:title\" content=\"T-shirt Mens Tee - Labelfree\" \/>\n<meta property=\"og:description\" content=\"Heren t-shirt, mooie fitted pasvorm. Boorden afgewerkt met 3-draads flatlock. Single jersey 165 g\/m\u00b2 \u00a0 t-shirt mens tee Biologisch katoen. Single jersey, 165 g\/m\u00b2 Kwaliteit: 100% biologisch katoen, gekamd en enzym gewassen Verkrijgbaar in 7 kleuren Oxford Grey (85% katoen \/ 15% viscose) Heather Navy (60% katoen \/ 40% polyester) Gewicht: 165 g\/m\u00b2 Single jersey [&hellip;]\" \/>\n<meta property=\"og:url\" content=\"https:\/\/labelfree.nl\/de\/produkt\/herren-t-shirt-aus-st306\/\" \/>\n<meta property=\"og:site_name\" content=\"Labelfree\" \/>\n<meta property=\"article:modified_time\" content=\"2026-04-17T00:05:23+00:00\" \/>\n<meta property=\"og:image\" content=\"https:\/\/labelfree.nl\/wp-content\/uploads\/2024\/10\/000306_Mens_Tee_01.jpg\" \/>\n\t<meta property=\"og:image:width\" content=\"1667\" \/>\n\t<meta property=\"og:image:height\" content=\"2500\" \/>\n\t<meta property=\"og:image:type\" content=\"image\/jpeg\" \/>\n<meta name=\"twitter:card\" content=\"summary_large_image\" \/>\n<meta name=\"twitter:label1\" content=\"Gesch\u00e4tzte Lesezeit\" \/>\n\t<meta name=\"twitter:data1\" content=\"3\u00a0Minuten\" \/>\n<script type=\"application\/ld+json\" class=\"yoast-schema-graph\">{\"@context\":\"https:\\\/\\\/schema.org\",\"@graph\":[{\"@type\":\"WebPage\",\"@id\":\"https:\\\/\\\/labelfree.nl\\\/product\\\/st306-mens-tee\\\/\",\"url\":\"https:\\\/\\\/labelfree.nl\\\/product\\\/st306-mens-tee\\\/\",\"name\":\"T-shirt Mens Tee - Labelfree\",\"isPartOf\":{\"@id\":\"https:\\\/\\\/labelfree.nl\\\/#website\"},\"primaryImageOfPage\":{\"@id\":\"https:\\\/\\\/labelfree.nl\\\/product\\\/st306-mens-tee\\\/#primaryimage\"},\"image\":{\"@id\":\"https:\\\/\\\/labelfree.nl\\\/product\\\/st306-mens-tee\\\/#primaryimage\"},\"thumbnailUrl\":\"https:\\\/\\\/labelfree.nl\\\/wp-content\\\/uploads\\\/2024\\\/10\\\/000306_Mens_Tee_01.jpg\",\"datePublished\":\"2024-10-24T16:57:27+00:00\",\"dateModified\":\"2026-04-17T00:05:23+00:00\",\"breadcrumb\":{\"@id\":\"https:\\\/\\\/labelfree.nl\\\/product\\\/st306-mens-tee\\\/#breadcrumb\"},\"inLanguage\":\"de\",\"potentialAction\":[{\"@type\":\"ReadAction\",\"target\":[\"https:\\\/\\\/labelfree.nl\\\/product\\\/st306-mens-tee\\\/\"]}]},{\"@type\":\"ImageObject\",\"inLanguage\":\"de\",\"@id\":\"https:\\\/\\\/labelfree.nl\\\/product\\\/st306-mens-tee\\\/#primaryimage\",\"url\":\"https:\\\/\\\/labelfree.nl\\\/wp-content\\\/uploads\\\/2024\\\/10\\\/000306_Mens_Tee_01.jpg\",\"contentUrl\":\"https:\\\/\\\/labelfree.nl\\\/wp-content\\\/uploads\\\/2024\\\/10\\\/000306_Mens_Tee_01.jpg\",\"width\":1667,\"height\":2500},{\"@type\":\"BreadcrumbList\",\"@id\":\"https:\\\/\\\/labelfree.nl\\\/product\\\/st306-mens-tee\\\/#breadcrumb\",\"itemListElement\":[{\"@type\":\"ListItem\",\"position\":1,\"name\":\"Home\",\"item\":\"https:\\\/\\\/labelfree.nl\\\/\"},{\"@type\":\"ListItem\",\"position\":2,\"name\":\"Webshop\",\"item\":\"https:\\\/\\\/labelfree.nl\\\/webshop\\\/\"},{\"@type\":\"ListItem\",\"position\":3,\"name\":\"T-shirt Mens Tee\"}]},{\"@type\":\"WebSite\",\"@id\":\"https:\\\/\\\/labelfree.nl\\\/#website\",\"url\":\"https:\\\/\\\/labelfree.nl\\\/\",\"name\":\"Labelfree\",\"description\":\"Brandless quality\",\"potentialAction\":[{\"@type\":\"SearchAction\",\"target\":{\"@type\":\"EntryPoint\",\"urlTemplate\":\"https:\\\/\\\/labelfree.nl\\\/?s={search_term_string}\"},\"query-input\":{\"@type\":\"PropertyValueSpecification\",\"valueRequired\":true,\"valueName\":\"search_term_string\"}}],\"inLanguage\":\"de\"}]}<\/script>\n<!-- \/ Yoast SEO plugin. -->","yoast_head_json":{"title":"T-Shirt Herren T-Shirt - Labelfrei","robots":{"index":"index","follow":"follow","max-snippet":"max-snippet:-1","max-image-preview":"max-image-preview:large","max-video-preview":"max-video-preview:-1"},"canonical":"https:\/\/labelfree.nl\/de\/produkt\/herren-t-shirt-aus-st306\/","og_locale":"de_DE","og_type":"article","og_title":"T-shirt Mens Tee - Labelfree","og_description":"Heren t-shirt, mooie fitted pasvorm. Boorden afgewerkt met 3-draads flatlock. Single jersey 165 g\/m\u00b2 \u00a0 t-shirt mens tee Biologisch katoen. Single jersey, 165 g\/m\u00b2 Kwaliteit: 100% biologisch katoen, gekamd en enzym gewassen Verkrijgbaar in 7 kleuren Oxford Grey (85% katoen \/ 15% viscose) Heather Navy (60% katoen \/ 40% polyester) Gewicht: 165 g\/m\u00b2 Single jersey [&hellip;]","og_url":"https:\/\/labelfree.nl\/de\/produkt\/herren-t-shirt-aus-st306\/","og_site_name":"Labelfree","article_modified_time":"2026-04-17T00:05:23+00:00","og_image":[{"width":1667,"height":2500,"url":"https:\/\/labelfree.nl\/wp-content\/uploads\/2024\/10\/000306_Mens_Tee_01.jpg","type":"image\/jpeg"}],"twitter_card":"summary_large_image","twitter_misc":{"Gesch\u00e4tzte Lesezeit":"3\u00a0Minuten"},"schema":{"@context":"https:\/\/schema.org","@graph":[{"@type":"WebPage","@id":"https:\/\/labelfree.nl\/product\/st306-mens-tee\/","url":"https:\/\/labelfree.nl\/product\/st306-mens-tee\/","name":"T-Shirt Herren T-Shirt - Labelfrei","isPartOf":{"@id":"https:\/\/labelfree.nl\/#website"},"primaryImageOfPage":{"@id":"https:\/\/labelfree.nl\/product\/st306-mens-tee\/#primaryimage"},"image":{"@id":"https:\/\/labelfree.nl\/product\/st306-mens-tee\/#primaryimage"},"thumbnailUrl":"https:\/\/labelfree.nl\/wp-content\/uploads\/2024\/10\/000306_Mens_Tee_01.jpg","datePublished":"2024-10-24T16:57:27+00:00","dateModified":"2026-04-17T00:05:23+00:00","breadcrumb":{"@id":"https:\/\/labelfree.nl\/product\/st306-mens-tee\/#breadcrumb"},"inLanguage":"de","potentialAction":[{"@type":"ReadAction","target":["https:\/\/labelfree.nl\/product\/st306-mens-tee\/"]}]},{"@type":"ImageObject","inLanguage":"de","@id":"https:\/\/labelfree.nl\/product\/st306-mens-tee\/#primaryimage","url":"https:\/\/labelfree.nl\/wp-content\/uploads\/2024\/10\/000306_Mens_Tee_01.jpg","contentUrl":"https:\/\/labelfree.nl\/wp-content\/uploads\/2024\/10\/000306_Mens_Tee_01.jpg","width":1667,"height":2500},{"@type":"BreadcrumbList","@id":"https:\/\/labelfree.nl\/product\/st306-mens-tee\/#breadcrumb","itemListElement":[{"@type":"ListItem","position":1,"name":"Home","item":"https:\/\/labelfree.nl\/"},{"@type":"ListItem","position":2,"name":"Webshop","item":"https:\/\/labelfree.nl\/webshop\/"},{"@type":"ListItem","position":3,"name":"T-shirt Mens Tee"}]},{"@type":"WebSite","@id":"https:\/\/labelfree.nl\/#website","url":"https:\/\/labelfree.nl\/","name":"Etikettenfrei","description":"Markenlose Qualit\u00e4t","potentialAction":[{"@type":"SearchAction","target":{"@type":"EntryPoint","urlTemplate":"https:\/\/labelfree.nl\/?s={search_term_string}"},"query-input":{"@type":"PropertyValueSpecification","valueRequired":true,"valueName":"search_term_string"}}],"inLanguage":"de"}]}},"jetpack_sharing_enabled":true,"_links":{"self":[{"href":"https:\/\/labelfree.nl\/de\/wp-json\/wp\/v2\/product\/44023","targetHints":{"allow":["GET"]}}],"collection":[{"href":"https:\/\/labelfree.nl\/de\/wp-json\/wp\/v2\/product"}],"about":[{"href":"https:\/\/labelfree.nl\/de\/wp-json\/wp\/v2\/types\/product"}],"wp:featuredmedia":[{"embeddable":true,"href":"https:\/\/labelfree.nl\/de\/wp-json\/wp\/v2\/media\/54775"}],"wp:attachment":[{"href":"https:\/\/labelfree.nl\/de\/wp-json\/wp\/v2\/media?parent=44023"}],"wp:term":[{"taxonomy":"product_brand","embeddable":true,"href":"https:\/\/labelfree.nl\/de\/wp-json\/wp\/v2\/product_brand?post=44023"},{"taxonomy":"product_cat","embeddable":true,"href":"https:\/\/labelfree.nl\/de\/wp-json\/wp\/v2\/product_cat?post=44023"},{"taxonomy":"product_tag","embeddable":true,"href":"https:\/\/labelfree.nl\/de\/wp-json\/wp\/v2\/product_tag?post=44023"}],"curies":[{"name":"wp","href":"https:\/\/api.w.org\/{rel}","templated":true}]}}