{"id":44073,"date":"2024-10-24T18:58:00","date_gmt":"2024-10-24T16:58:00","guid":{"rendered":"https:\/\/labelfree.nl\/product\/st401-heavy-luxe-ls\/"},"modified":"2026-05-08T02:46:57","modified_gmt":"2026-05-08T00:46:57","slug":"blanco-tshirt-lange-mouw-190gm2-biologisch-katoen","status":"publish","type":"product","link":"https:\/\/labelfree.nl\/de\/produkt\/st401-schweres-luxus-ls\/","title":{"rendered":"Wei\u00dfes Langarmshirt aus 100% Baumwolle \u2013 Schweres Material 190 g\/m\u00b2"},"content":{"rendered":"<p>Klassisches Unisex-Langarmshirt mit breiten B\u00fcndchen. Weitgehende Gr\u00f6\u00dfen. Single-Jersey, 190 g\/m\u00b2. Strapazierf\u00e4hige, schwere Qualit\u00e4t. Ideal f\u00fcr Gro\u00dfhandel und\/oder Druckereien.<\/p>\n<p><em>Um den korrekten Preis zu sehen, loggen Sie sich ein und klicken Sie auf Farbe und Gr\u00f6\u00dfe.<\/em><\/p>\n<p>&nbsp;<\/p>\n<h3><span style=\"color: #5a7699;\"><strong>T-Shirt, schwere Qualit\u00e4t, LM, Unisex<\/strong><\/span><\/h3>\n<p><strong>100% Bio-Baumwolle. Single-Jersey, 190 g\/m\u00b2<\/strong><\/p>\n<p><img decoding=\"async\" class=\"alignnone size-full wp-image-67469\" src=\"https:\/\/labelfree.nl\/wp-content\/uploads\/2024\/10\/GOTS_2-1-7.jpg\" alt=\"\" width=\"155\" height=\"93\" srcset=\"https:\/\/labelfree.nl\/wp-content\/uploads\/2024\/10\/GOTS_2-1-7.jpg 155w, https:\/\/labelfree.nl\/wp-content\/uploads\/2024\/10\/GOTS_2-1-7-18x12.jpg 18w\" sizes=\"(max-width: 155px) 100vw, 155px\" \/><\/p>\n<ul>\n<li>Qualit\u00e4t: 100% Bio-Baumwolle, gek\u00e4mmt und enzymgewaschen<\/li>\n<li>OEKO-TEX zertifiziert<\/li>\n<li>Gewicht: 190 g\/m\u00b2<\/li>\n<li>Single-Jersey<\/li>\n<li>Langarm (LS)<\/li>\n<li>Breite Manschetten<\/li>\n<li>Erh\u00e4ltlich in 2 Farben<\/li>\n<li>Erh\u00e4ltlich von Gr\u00f6\u00dfe S bis 3XL<\/li>\n<li>Markenlos, kleines Gr\u00f6\u00dfenetikett im Halsausschnitt<\/li>\n<li>Geeignet f\u00fcr Siebdruck, Transferdruck, DTG-Druck und Stickerei<\/li>\n<li>Karton: 50 St\u00fcck. Verpackung: 10 St\u00fcck. Auch einzeln erh\u00e4ltlich.<\/li>\n<\/ul>\n<p><strong>\u00a0<\/strong><\/p>\n<h4><span style=\"color: #5a7699;\"><strong>LM T-Shirt aus schwerem Material, Unisex \u2013 nachhaltig und vielseitig<\/strong><\/span><\/h4>\n<p>Klassisches Langarmshirt. Der gerippte Lycra-Kragen und die angenehm breiten B\u00fcndchen sorgen f\u00fcr eine perfekte Passform.<\/p>\n<p>Das Hemd hat eine normale Passform und f\u00e4llt etwas l\u00e4nger, wodurch es f\u00fcr jede Figur geeignet ist. Dank des schlichten und stilvollen Designs mit klassischem Rundhalsausschnitt ist dieses Hemd zeitlos und vielseitig.<\/p>\n<p>Der Halsausschnitt besteht aus robustem Lycra-Rippstrick, ist doppelt vern\u00e4ht und mit einem Halsb\u00fcndchen versehen. Die S\u00e4ume sind ebenfalls doppelt vern\u00e4ht. Das Shirt hat Seitenn\u00e4hte.<\/p>\n<p>Das Hemd besteht aus gek\u00e4mmter und enzymgewaschener 100%-Baumwolle und bietet dadurch ein weiches und angenehmes Tragegef\u00fchl. Mit einem Gewicht von 190 g\/m\u00b2 f\u00fchlt es sich luxuri\u00f6s und robust an, ohne dabei den Tragekomfort zu beeintr\u00e4chtigen. Daher eignet es sich hervorragend f\u00fcr Merchandising-Artikel, Eigenmarken oder als Arbeitskleidung.<\/p>\n<h4><span style=\"color: #5a7699;\"><strong>Materialangaben<\/strong><\/span><\/h4>\n<p>Die Basisversion besteht aus 1001T3T-gek\u00e4mmter und enzymgewaschener Baumwolle. Unsere Baumwolle ist umweltfreundlich, stammt aus kontrolliert biologischem Anbau ohne sch\u00e4dliche Chemikalien und wird unter verantwortungsvollen Bedingungen produziert.<\/p>\n<p>Die spezielle Pflege der Baumwolle mit Enzymwachs sorgt f\u00fcr zus\u00e4tzliche Weichheit und gew\u00e4hrleistet, dass die Kleidung l\u00e4nger sch\u00f6n bleibt.<\/p>\n<p>Single-Jersey, 190 g\/m\u00b2. Dieser etwas schwerere Stoff eignet sich ideal f\u00fcr Unternehmen, die beispielsweise einen zuverl\u00e4ssigen Lieferanten f\u00fcr Eventbekleidung suchen. Er ist in gro\u00dfen Mengen und mit schneller Lieferung erh\u00e4ltlich. Unsere Druckoptionen finden Sie weiter unten.<\/p>\n<h4><span style=\"color: #5a7699;\"><strong>Druck-, Stick- und Beschriftungsm\u00f6glichkeiten<\/strong><\/span><\/h4>\n<p>Unser gesamtes Sortiment eignet sich f\u00fcr B2B, Merchandising und Private Label. Sie m\u00f6chten unbedruckte Kleidung bestellen, diese mit Ihrem eigenen Design bedrucken lassen oder ben\u00f6tigen Druckvorlagen zum Selbstaufbringen? Das Team von Labelfree unterst\u00fctzt Sie dabei in jedem Schritt.<\/p>\n<p>Labelfree bietet eine Vielzahl professioneller Druckoptionen, darunter Transferdruck, DTF-Druck, Siebdruck und Stickerei. Sie k\u00f6nnen beispielsweise auch Ihre eigenen Nackenaufdrucke und Etiketten auf den \u00c4rmel drucken lassen.<\/p>\n<p>Ben\u00f6tigen Sie Hilfe bei Ihrem eigenen Design? Unsere Grafikdesigner unterst\u00fctzen Sie gerne. So stellen wir sicher, dass das Endprodukt perfekt auf Ihre Bed\u00fcrfnisse zugeschnitten ist. Sie erhalten immer zun\u00e4chst ein kostenloses, visuelles Angebot. Kontaktieren Sie uns, um die M\u00f6glichkeiten zur Erstellung Ihrer eigenen Kollektion zu erkunden.<\/p>\n<p>&nbsp;<\/p>\n<p>Gr\u00f6\u00dfentabelle<\/p>\n<p><img fetchpriority=\"high\" decoding=\"async\" class=\"alignnone wp-image-67472\" src=\"https:\/\/labelfree.nl\/wp-content\/uploads\/2024\/10\/000401_Heavy_Luxe_LS-300x50.png\" alt=\"\" width=\"576\" height=\"96\" srcset=\"https:\/\/labelfree.nl\/wp-content\/uploads\/2024\/10\/000401_Heavy_Luxe_LS-300x50.png 300w, https:\/\/labelfree.nl\/wp-content\/uploads\/2024\/10\/000401_Heavy_Luxe_LS-1030x173.png 1030w, https:\/\/labelfree.nl\/wp-content\/uploads\/2024\/10\/000401_Heavy_Luxe_LS-768x129.png 768w, https:\/\/labelfree.nl\/wp-content\/uploads\/2024\/10\/000401_Heavy_Luxe_LS-18x3.png 18w, https:\/\/labelfree.nl\/wp-content\/uploads\/2024\/10\/000401_Heavy_Luxe_LS-600x101.png 600w, https:\/\/labelfree.nl\/wp-content\/uploads\/2024\/10\/000401_Heavy_Luxe_LS.png 1088w\" sizes=\"(max-width: 576px) 100vw, 576px\" \/><\/p>\n<p>&nbsp;<\/p>\n<p>Pflegeanleitung<\/p>\n<p><img decoding=\"async\" class=\"alignnone wp-image-67471\" src=\"https:\/\/labelfree.nl\/wp-content\/uploads\/2024\/10\/Storm_washing_instructions_40_0-19.gif\" alt=\"\" width=\"180\" height=\"27\" \/><\/p>\n<p>&nbsp;<\/p>\n<p>&nbsp;<\/p>","protected":false},"excerpt":{"rendered":"<p>Klassiek unisex t-shirt met lange mouwen met mooie brede manchetten. Maatvoering voor breed gebruik. Single jersey 190 g\/m\u00b2. Duurzame zware kwaliteit. Mooie essential voor groothandel en\/of bedrukken. voor de juiste prijs logt u in en klikt u op de kleur en de maat &nbsp; t-shirt heavy weight LM unisex 100% biologisch katoen. Single jersey, 190 [&hellip;]<\/p>\n","protected":false},"featured_media":54781,"template":"","meta":{"_acf_changed":false},"product_brand":[],"product_cat":[19,46,20],"product_tag":[],"class_list":{"0":"post-44073","1":"product","2":"type-product","3":"status-publish","4":"has-post-thumbnail","6":"product_cat-t-shirts","7":"product_cat-t-shirts-crew-neck","8":"product_cat-t-shirts-long-sleeves","9":"pa_size-2xl","10":"pa_size-3xl","11":"pa_size-l","12":"pa_size-m","13":"pa_size-s","14":"pa_size-xl","16":"first","17":"instock","18":"taxable","19":"shipping-taxable","20":"purchasable","21":"product-type-variable"},"acf":[],"yoast_head":"<!-- This site is optimized with the Yoast SEO plugin v27.5 - https:\/\/yoast.com\/product\/yoast-seo-wordpress\/ -->\n<title>Blanco t-shirt lange mouw organic cotton | Heavy weight 190 g\/m2<\/title>\n<meta name=\"description\" content=\"Blanco t-shirt lange mouw van biologisch katoen (190 g\/m\u00b2). Standaard pasvorm. Heavy weight, duurzaam en perfect voor bedrukken of groothandel.\" \/>\n<meta name=\"robots\" content=\"index, follow, max-snippet:-1, max-image-preview:large, max-video-preview:-1\" \/>\n<link rel=\"canonical\" href=\"https:\/\/labelfree.nl\/de\/produkt\/st401-schweres-luxus-ls\/\" \/>\n<meta property=\"og:locale\" content=\"de_DE\" \/>\n<meta property=\"og:type\" content=\"article\" \/>\n<meta property=\"og:title\" content=\"Blanco t-shirt lange mouw organic cotton | Heavy weight 190 g\/m2\" \/>\n<meta property=\"og:description\" content=\"Blanco t-shirt lange mouw van biologisch katoen (190 g\/m\u00b2). Standaard pasvorm. Heavy weight, duurzaam en perfect voor bedrukken of groothandel.\" \/>\n<meta property=\"og:url\" content=\"https:\/\/labelfree.nl\/de\/produkt\/st401-schweres-luxus-ls\/\" \/>\n<meta property=\"og:site_name\" content=\"Labelfree\" \/>\n<meta property=\"article:modified_time\" content=\"2026-05-08T00:46:57+00:00\" \/>\n<meta property=\"og:image\" content=\"https:\/\/labelfree.nl\/wp-content\/uploads\/2024\/10\/000401_Heavy_Luxe_LS_01c.jpg\" \/>\n\t<meta property=\"og:image:width\" content=\"1666\" \/>\n\t<meta property=\"og:image:height\" content=\"2500\" \/>\n\t<meta property=\"og:image:type\" content=\"image\/jpeg\" \/>\n<meta name=\"twitter:card\" content=\"summary_large_image\" \/>\n<meta name=\"twitter:label1\" content=\"Gesch\u00e4tzte Lesezeit\" \/>\n\t<meta name=\"twitter:data1\" content=\"4\u00a0Minuten\" \/>\n<script type=\"application\/ld+json\" class=\"yoast-schema-graph\">{\"@context\":\"https:\\\/\\\/schema.org\",\"@graph\":[{\"@type\":\"WebPage\",\"@id\":\"https:\\\/\\\/labelfree.nl\\\/product\\\/blanco-tshirt-lange-mouw-190gm2-biologisch-katoen\\\/\",\"url\":\"https:\\\/\\\/labelfree.nl\\\/product\\\/blanco-tshirt-lange-mouw-190gm2-biologisch-katoen\\\/\",\"name\":\"Blanco t-shirt lange mouw organic cotton | Heavy weight 190 g\\\/m2\",\"isPartOf\":{\"@id\":\"https:\\\/\\\/labelfree.nl\\\/#website\"},\"primaryImageOfPage\":{\"@id\":\"https:\\\/\\\/labelfree.nl\\\/product\\\/blanco-tshirt-lange-mouw-190gm2-biologisch-katoen\\\/#primaryimage\"},\"image\":{\"@id\":\"https:\\\/\\\/labelfree.nl\\\/product\\\/blanco-tshirt-lange-mouw-190gm2-biologisch-katoen\\\/#primaryimage\"},\"thumbnailUrl\":\"https:\\\/\\\/labelfree.nl\\\/wp-content\\\/uploads\\\/2024\\\/10\\\/000401_Heavy_Luxe_LS_01c.jpg\",\"datePublished\":\"2024-10-24T16:58:00+00:00\",\"dateModified\":\"2026-05-08T00:46:57+00:00\",\"description\":\"Blanco t-shirt lange mouw van biologisch katoen (190 g\\\/m\u00b2). Standaard pasvorm. Heavy weight, duurzaam en perfect voor bedrukken of groothandel.\",\"breadcrumb\":{\"@id\":\"https:\\\/\\\/labelfree.nl\\\/product\\\/blanco-tshirt-lange-mouw-190gm2-biologisch-katoen\\\/#breadcrumb\"},\"inLanguage\":\"de\",\"potentialAction\":[{\"@type\":\"ReadAction\",\"target\":[\"https:\\\/\\\/labelfree.nl\\\/product\\\/blanco-tshirt-lange-mouw-190gm2-biologisch-katoen\\\/\"]}]},{\"@type\":\"ImageObject\",\"inLanguage\":\"de\",\"@id\":\"https:\\\/\\\/labelfree.nl\\\/product\\\/blanco-tshirt-lange-mouw-190gm2-biologisch-katoen\\\/#primaryimage\",\"url\":\"https:\\\/\\\/labelfree.nl\\\/wp-content\\\/uploads\\\/2024\\\/10\\\/000401_Heavy_Luxe_LS_01c.jpg\",\"contentUrl\":\"https:\\\/\\\/labelfree.nl\\\/wp-content\\\/uploads\\\/2024\\\/10\\\/000401_Heavy_Luxe_LS_01c.jpg\",\"width\":1666,\"height\":2500,\"caption\":\"blanco t-shirt lange mouw biologisch katoen 190 g\\\/m2 unisex\"},{\"@type\":\"BreadcrumbList\",\"@id\":\"https:\\\/\\\/labelfree.nl\\\/product\\\/blanco-tshirt-lange-mouw-190gm2-biologisch-katoen\\\/#breadcrumb\",\"itemListElement\":[{\"@type\":\"ListItem\",\"position\":1,\"name\":\"Home\",\"item\":\"https:\\\/\\\/labelfree.nl\\\/\"},{\"@type\":\"ListItem\",\"position\":2,\"name\":\"Webshop\",\"item\":\"https:\\\/\\\/labelfree.nl\\\/webshop\\\/\"},{\"@type\":\"ListItem\",\"position\":3,\"name\":\"Blanco t-shirt met lange mouw 100% katoen &#8211; Heavy weight 190 g\\\/m\u00b2\"}]},{\"@type\":\"WebSite\",\"@id\":\"https:\\\/\\\/labelfree.nl\\\/#website\",\"url\":\"https:\\\/\\\/labelfree.nl\\\/\",\"name\":\"Labelfree\",\"description\":\"Brandless quality\",\"potentialAction\":[{\"@type\":\"SearchAction\",\"target\":{\"@type\":\"EntryPoint\",\"urlTemplate\":\"https:\\\/\\\/labelfree.nl\\\/?s={search_term_string}\"},\"query-input\":{\"@type\":\"PropertyValueSpecification\",\"valueRequired\":true,\"valueName\":\"search_term_string\"}}],\"inLanguage\":\"de\"}]}<\/script>\n<!-- \/ Yoast SEO plugin. -->","yoast_head_json":{"title":"Blanko-Langarm-T-Shirt aus Bio-Baumwolle | Schweres Material (190 g\/m\u00b2)","description":"Unbedrucktes Langarmshirt aus Bio-Baumwolle (190 g\/m\u00b2). Normale Passform. Schweres Material, strapazierf\u00e4hig und ideal zum Bedrucken oder f\u00fcr den Gro\u00dfhandel.","robots":{"index":"index","follow":"follow","max-snippet":"max-snippet:-1","max-image-preview":"max-image-preview:large","max-video-preview":"max-video-preview:-1"},"canonical":"https:\/\/labelfree.nl\/de\/produkt\/st401-schweres-luxus-ls\/","og_locale":"de_DE","og_type":"article","og_title":"Blanco t-shirt lange mouw organic cotton | Heavy weight 190 g\/m2","og_description":"Blanco t-shirt lange mouw van biologisch katoen (190 g\/m\u00b2). Standaard pasvorm. Heavy weight, duurzaam en perfect voor bedrukken of groothandel.","og_url":"https:\/\/labelfree.nl\/de\/produkt\/st401-schweres-luxus-ls\/","og_site_name":"Labelfree","article_modified_time":"2026-05-08T00:46:57+00:00","og_image":[{"width":1666,"height":2500,"url":"https:\/\/labelfree.nl\/wp-content\/uploads\/2024\/10\/000401_Heavy_Luxe_LS_01c.jpg","type":"image\/jpeg"}],"twitter_card":"summary_large_image","twitter_misc":{"Gesch\u00e4tzte Lesezeit":"4\u00a0Minuten"},"schema":{"@context":"https:\/\/schema.org","@graph":[{"@type":"WebPage","@id":"https:\/\/labelfree.nl\/product\/blanco-tshirt-lange-mouw-190gm2-biologisch-katoen\/","url":"https:\/\/labelfree.nl\/product\/blanco-tshirt-lange-mouw-190gm2-biologisch-katoen\/","name":"Blanko-Langarm-T-Shirt aus Bio-Baumwolle | Schweres Material (190 g\/m\u00b2)","isPartOf":{"@id":"https:\/\/labelfree.nl\/#website"},"primaryImageOfPage":{"@id":"https:\/\/labelfree.nl\/product\/blanco-tshirt-lange-mouw-190gm2-biologisch-katoen\/#primaryimage"},"image":{"@id":"https:\/\/labelfree.nl\/product\/blanco-tshirt-lange-mouw-190gm2-biologisch-katoen\/#primaryimage"},"thumbnailUrl":"https:\/\/labelfree.nl\/wp-content\/uploads\/2024\/10\/000401_Heavy_Luxe_LS_01c.jpg","datePublished":"2024-10-24T16:58:00+00:00","dateModified":"2026-05-08T00:46:57+00:00","description":"Unbedrucktes Langarmshirt aus Bio-Baumwolle (190 g\/m\u00b2). Normale Passform. Schweres Material, strapazierf\u00e4hig und ideal zum Bedrucken oder f\u00fcr den Gro\u00dfhandel.","breadcrumb":{"@id":"https:\/\/labelfree.nl\/product\/blanco-tshirt-lange-mouw-190gm2-biologisch-katoen\/#breadcrumb"},"inLanguage":"de","potentialAction":[{"@type":"ReadAction","target":["https:\/\/labelfree.nl\/product\/blanco-tshirt-lange-mouw-190gm2-biologisch-katoen\/"]}]},{"@type":"ImageObject","inLanguage":"de","@id":"https:\/\/labelfree.nl\/product\/blanco-tshirt-lange-mouw-190gm2-biologisch-katoen\/#primaryimage","url":"https:\/\/labelfree.nl\/wp-content\/uploads\/2024\/10\/000401_Heavy_Luxe_LS_01c.jpg","contentUrl":"https:\/\/labelfree.nl\/wp-content\/uploads\/2024\/10\/000401_Heavy_Luxe_LS_01c.jpg","width":1666,"height":2500,"caption":"blanco t-shirt lange mouw biologisch katoen 190 g\/m2 unisex"},{"@type":"BreadcrumbList","@id":"https:\/\/labelfree.nl\/product\/blanco-tshirt-lange-mouw-190gm2-biologisch-katoen\/#breadcrumb","itemListElement":[{"@type":"ListItem","position":1,"name":"Home","item":"https:\/\/labelfree.nl\/"},{"@type":"ListItem","position":2,"name":"Webshop","item":"https:\/\/labelfree.nl\/webshop\/"},{"@type":"ListItem","position":3,"name":"Blanco t-shirt met lange mouw 100% katoen &#8211; Heavy weight 190 g\/m\u00b2"}]},{"@type":"WebSite","@id":"https:\/\/labelfree.nl\/#website","url":"https:\/\/labelfree.nl\/","name":"Etikettenfrei","description":"Markenlose Qualit\u00e4t","potentialAction":[{"@type":"SearchAction","target":{"@type":"EntryPoint","urlTemplate":"https:\/\/labelfree.nl\/?s={search_term_string}"},"query-input":{"@type":"PropertyValueSpecification","valueRequired":true,"valueName":"search_term_string"}}],"inLanguage":"de"}]}},"jetpack_sharing_enabled":true,"_links":{"self":[{"href":"https:\/\/labelfree.nl\/de\/wp-json\/wp\/v2\/product\/44073","targetHints":{"allow":["GET"]}}],"collection":[{"href":"https:\/\/labelfree.nl\/de\/wp-json\/wp\/v2\/product"}],"about":[{"href":"https:\/\/labelfree.nl\/de\/wp-json\/wp\/v2\/types\/product"}],"wp:featuredmedia":[{"embeddable":true,"href":"https:\/\/labelfree.nl\/de\/wp-json\/wp\/v2\/media\/54781"}],"wp:attachment":[{"href":"https:\/\/labelfree.nl\/de\/wp-json\/wp\/v2\/media?parent=44073"}],"wp:term":[{"taxonomy":"product_brand","embeddable":true,"href":"https:\/\/labelfree.nl\/de\/wp-json\/wp\/v2\/product_brand?post=44073"},{"taxonomy":"product_cat","embeddable":true,"href":"https:\/\/labelfree.nl\/de\/wp-json\/wp\/v2\/product_cat?post=44073"},{"taxonomy":"product_tag","embeddable":true,"href":"https:\/\/labelfree.nl\/de\/wp-json\/wp\/v2\/product_tag?post=44073"}],"curies":[{"name":"wp","href":"https:\/\/api.w.org\/{rel}","templated":true}]}}