{"id":44097,"date":"2024-10-24T18:58:19","date_gmt":"2024-10-24T16:58:19","guid":{"rendered":"https:\/\/labelfree.nl\/product\/st607-cam-v-neck\/"},"modified":"2026-04-19T02:04:42","modified_gmt":"2026-04-19T00:04:42","slug":"blanco-v-hals-t-shirt-katoen-145gsm-professionele-prints","status":"publish","type":"product","link":"https:\/\/labelfree.nl\/de\/produkt\/st607-nocken-v-ausschnitt\/","title":{"rendered":"Blanko-T-Shirt mit V-Ausschnitt, 100% Baumwolle \u2013 leichtes Material, 145 g\/m\u00b2"},"content":{"rendered":"<p><span style=\"color: #333333;\">Markenloses V-Ausschnitt-T-Shirt aus 100%-Baumwolle mit einem leichten Stoffgewicht von 145 g\/m\u00b2. Dieses bequeme Basic-Shirt ist atmungsaktiv, weich und zeitlos. Ideal f\u00fcr den Druck auf Werbebekleidung.\u00a0<\/span><\/p>\n<p><span style=\"color: #333333;\"><em>F\u00fcr die korrekte Preis- und Farbdarstellung klicken Sie bitte auf die Farbe und Gr\u00f6\u00dfe (nur im eingeloggten Zustand).<\/em><\/span><\/p>\n<p>&nbsp;<\/p>\n<h3><span style=\"color: #5a7699;\"><strong>leichtes T-Shirt mit V-Ausschnitt<\/strong><\/span><\/h3>\n<p><strong>100% Bio-Baumwolle. Single-Jersey, 145 g\/m\u00b2<\/strong><\/p>\n<p><img decoding=\"async\" class=\"alignnone size-full wp-image-66975\" src=\"https:\/\/labelfree.nl\/wp-content\/uploads\/2024\/10\/GOTS_2-1-3.jpg\" alt=\"\" width=\"155\" height=\"93\" srcset=\"https:\/\/labelfree.nl\/wp-content\/uploads\/2024\/10\/GOTS_2-1-3.jpg 155w, https:\/\/labelfree.nl\/wp-content\/uploads\/2024\/10\/GOTS_2-1-3-18x12.jpg 18w\" sizes=\"(max-width: 155px) 100vw, 155px\" \/><\/p>\n<ul>\n<li>Qualit\u00e4t: 100% Bio-Baumwolle, gek\u00e4mmt und enzymgewaschen<\/li>\n<li>Oxford Grey: 851 TP3T Bio-Baumwolle \/ 151 TP3T Viskose<\/li>\n<li>Heather Blue: 60% Bio-Baumwolle \/ 40% Polyester<\/li>\n<li>Heather Black: 80% Bio-Baumwolle \/ 20% Polyester<\/li>\n<li>V-Ausschnitt aus 1x1-Rippstrick. Halsband<\/li>\n<li>Rundgestrickt<\/li>\n<li>Single-Jersey<\/li>\n<li>145 g\/m\u00b2 \u2013 leichte Qualit\u00e4t<\/li>\n<li>Erh\u00e4ltlich in 7 Farben<\/li>\n<li>Erh\u00e4ltlich von Gr\u00f6\u00dfe XS bis 2XL<\/li>\n<li>Markenlos, kleines Gr\u00f6\u00dfenetikett im Halsausschnitt<\/li>\n<li>Geeignet f\u00fcr Siebdruck, Transferdruck, DTG-Druck und Stickerei<\/li>\n<li>Karton: 50 St\u00fcck. Verpackung: 10 St\u00fcck. Auch einzeln erh\u00e4ltlich.<\/li>\n<\/ul>\n<p><strong>\u00a0<\/strong><\/p>\n<h4><span style=\"color: #5a7699;\"><strong>Leichtes V-Ausschnitt-T-Shirt \u2013 vielseitig und strapazierf\u00e4hig<\/strong><\/span><\/h4>\n<p>Unser leichtes V-Ausschnitt-T-Shirt besteht aus 100 % Bio-Baumwolle (1001 % TP3T). Es ist f\u00fcr Damen und Herren geeignet. Der stylische V-Ausschnitt ist mit einem 1 cm hohen 1x1-Rippstrickb\u00fcndchen versehen, das mit einer Doppelnaht eingefasst ist. Das T-Shirt verf\u00fcgt \u00fcber einen verst\u00e4rkten Halsausschnitt. \u00c4rmel und Saum sind mit einer schmalen Doppelnaht versehen. Es hat keine Seitenn\u00e4hte.<\/p>\n<p>Das Hemd ist nicht nur atmungsaktiv, sondern auch robust und langlebig und eignet sich daher perfekt f\u00fcr den t\u00e4glichen Gebrauch.<\/p>\n<h4><span style=\"color: #5a7699;\"><strong>Materialangaben<\/strong><\/span><\/h4>\n<p>Qualit\u00e4t: 100% geb\u00fcrstete Bio-Baumwolle. Je nach Farbe verwenden wir eine Baumwoll-Polyester- oder Baumwoll-Viskose-Mischung. Unsere Baumwolle wird umweltfreundlich, ohne sch\u00e4dliche Chemikalien und unter verantwortungsvollen Bedingungen hergestellt. Sie stammt aus kontrolliert biologischem Anbau (weniger Pestizide) und ist daher besser f\u00fcr empfindliche Haut geeignet.<\/p>\n<p>Der 145 g\/m\u00b2 schwere Single-Jersey ist ein wundersch\u00f6ner, leichter Baumwollstoff, der f\u00fcr einen flie\u00dfenden Fall und angenehmen Tragekomfort sorgt. Er ist besonders atmungsaktiv, ideal f\u00fcr warme Temperaturen und f\u00fchlt sich weich auf der Haut an.<\/p>\n<p>Dieses T-Shirt eignet sich hervorragend f\u00fcr verschiedene Druckverfahren. Ob Sie sich f\u00fcr Siebdruck, Transferdruck, DIP-Druck oder DTG-Druck entscheiden \u2013 dieses T-Shirt liefert immer ein fantastisches Ergebnis.<\/p>\n<h4><span style=\"color: #5a7699;\"><strong>Druck-, Stick- und Beschriftungsm\u00f6glichkeiten<\/strong><\/span><\/h4>\n<p>Unser gesamtes Sortiment eignet sich f\u00fcr B2B, Merchandising und Private Label. Sie m\u00f6chten unbedruckte Kleidung bestellen, diese mit Ihrem eigenen Design bedrucken lassen oder ben\u00f6tigen Druckvorlagen zum Selbstaufbringen? Das Team von Labelfree unterst\u00fctzt Sie dabei in jedem Schritt.<\/p>\n<p>Labelfree bietet eine Vielzahl professioneller Druckoptionen, darunter Transferdruck, DTF-Druck, Siebdruck und Stickerei. Sie k\u00f6nnen beispielsweise auch Ihre eigenen Nackenaufdrucke und Etiketten auf den \u00c4rmel drucken lassen.<\/p>\n<p>Ben\u00f6tigen Sie Hilfe bei Ihrem eigenen Design? Unsere Grafikdesigner unterst\u00fctzen Sie gerne. So stellen wir sicher, dass das Endprodukt perfekt auf Ihre Bed\u00fcrfnisse zugeschnitten ist. Sie erhalten immer zun\u00e4chst ein kostenloses, visuelles Angebot. Kontaktieren Sie uns, um die M\u00f6glichkeiten zur Erstellung Ihrer eigenen Kollektion zu erkunden.<\/p>\n<p>&nbsp;<\/p>\n<p>Gr\u00f6\u00dfentabelle<\/p>\n<p><img fetchpriority=\"high\" decoding=\"async\" class=\"\" src=\"https:\/\/www.stormtextil.dk\/sites\/default\/files\/size-charts\/000607_Cam_V_Neck.png\" width=\"616\" height=\"87\" \/><\/p>\n<p>Pflegeanleitung<\/p>\n<p><img decoding=\"async\" class=\"alignnone  wp-image-66976\" src=\"https:\/\/labelfree.nl\/wp-content\/uploads\/2024\/10\/Storm_washing_instructions_40_0-15.gif\" alt=\"\" width=\"173\" height=\"26\" \/><\/p>\n<p>&nbsp;<\/p>","protected":false},"excerpt":{"rendered":"<p>Brandless V-hals t-shirt van 100% katoen met een lichtgewicht stof van 145 g\/m\u00b2. Dit comfortabele basic shirt is ademend, zacht en tijdloos. Zeer geschikt voor bedrukking van bijvoorbeeld\u00a0 promotionele kleding.\u00a0 voor de juiste prijs en kleurweergave klikt u (ingelogd) op de kleur en maat &nbsp; t-shirt V-hals lichtgewicht 100% Biologisch katoen. Single jersey, 145 g\/m\u00b2 [&hellip;]<\/p>\n","protected":false},"featured_media":54791,"template":"","meta":{"_acf_changed":false},"product_brand":[],"product_cat":[19,107],"product_tag":[],"class_list":{"0":"post-44097","1":"product","2":"type-product","3":"status-publish","4":"has-post-thumbnail","6":"product_cat-t-shirts","7":"product_cat-t-shirts-v-neck","8":"pa_size-2xl","9":"pa_size-3xl","10":"pa_size-l","11":"pa_size-m","12":"pa_size-s","13":"pa_size-xl","14":"pa_size-xs","16":"first","17":"instock","18":"taxable","19":"shipping-taxable","20":"purchasable","21":"product-type-variable"},"acf":[],"yoast_head":"<!-- This site is optimized with the Yoast SEO plugin v27.4 - https:\/\/yoast.com\/product\/yoast-seo-wordpress\/ -->\n<title>blanco V-hals t-shirt 100% katoen - lichtgewicht 145 g\/m\u00b2 - Labelfree<\/title>\n<meta name=\"description\" content=\"Blanco V-hals T-shirt van 100% katoen met lichtgewicht kwaliteit van 145 g\/m\u00b2. Comfortabel basic shirt voor dagelijks gebruik, bedrukken of eigen merk.\" \/>\n<meta name=\"robots\" content=\"index, follow, max-snippet:-1, max-image-preview:large, max-video-preview:-1\" \/>\n<link rel=\"canonical\" href=\"https:\/\/labelfree.nl\/de\/produkt\/st607-nocken-v-ausschnitt\/\" \/>\n<meta property=\"og:locale\" content=\"de_DE\" \/>\n<meta property=\"og:type\" content=\"article\" \/>\n<meta property=\"og:title\" content=\"blanco V-hals t-shirt 100% katoen - lichtgewicht 145 g\/m\u00b2 - Labelfree\" \/>\n<meta property=\"og:description\" content=\"Blanco V-hals T-shirt van 100% katoen met lichtgewicht kwaliteit van 145 g\/m\u00b2. Comfortabel basic shirt voor dagelijks gebruik, bedrukken of eigen merk.\" \/>\n<meta property=\"og:url\" content=\"https:\/\/labelfree.nl\/de\/produkt\/st607-nocken-v-ausschnitt\/\" \/>\n<meta property=\"og:site_name\" content=\"Labelfree\" \/>\n<meta property=\"article:modified_time\" content=\"2026-04-19T00:04:42+00:00\" \/>\n<meta property=\"og:image\" content=\"https:\/\/labelfree.nl\/wp-content\/uploads\/2024\/10\/000607_CamNeck_01.jpg\" \/>\n\t<meta property=\"og:image:width\" content=\"1667\" \/>\n\t<meta property=\"og:image:height\" content=\"2500\" \/>\n\t<meta property=\"og:image:type\" content=\"image\/jpeg\" \/>\n<meta name=\"twitter:card\" content=\"summary_large_image\" \/>\n<meta name=\"twitter:label1\" content=\"Gesch\u00e4tzte Lesezeit\" \/>\n\t<meta name=\"twitter:data1\" content=\"4\u00a0Minuten\" \/>\n<script type=\"application\/ld+json\" class=\"yoast-schema-graph\">{\"@context\":\"https:\\\/\\\/schema.org\",\"@graph\":[{\"@type\":\"WebPage\",\"@id\":\"https:\\\/\\\/labelfree.nl\\\/product\\\/blanco-v-hals-t-shirt-katoen-145gsm-professionele-prints\\\/\",\"url\":\"https:\\\/\\\/labelfree.nl\\\/product\\\/blanco-v-hals-t-shirt-katoen-145gsm-professionele-prints\\\/\",\"name\":\"blanco V-hals t-shirt 100% katoen - lichtgewicht 145 g\\\/m\u00b2 - Labelfree\",\"isPartOf\":{\"@id\":\"https:\\\/\\\/labelfree.nl\\\/#website\"},\"primaryImageOfPage\":{\"@id\":\"https:\\\/\\\/labelfree.nl\\\/product\\\/blanco-v-hals-t-shirt-katoen-145gsm-professionele-prints\\\/#primaryimage\"},\"image\":{\"@id\":\"https:\\\/\\\/labelfree.nl\\\/product\\\/blanco-v-hals-t-shirt-katoen-145gsm-professionele-prints\\\/#primaryimage\"},\"thumbnailUrl\":\"https:\\\/\\\/labelfree.nl\\\/wp-content\\\/uploads\\\/2024\\\/10\\\/000607_CamNeck_01.jpg\",\"datePublished\":\"2024-10-24T16:58:19+00:00\",\"dateModified\":\"2026-04-19T00:04:42+00:00\",\"description\":\"Blanco V-hals T-shirt van 100% katoen met lichtgewicht kwaliteit van 145 g\\\/m\u00b2. Comfortabel basic shirt voor dagelijks gebruik, bedrukken of eigen merk.\",\"breadcrumb\":{\"@id\":\"https:\\\/\\\/labelfree.nl\\\/product\\\/blanco-v-hals-t-shirt-katoen-145gsm-professionele-prints\\\/#breadcrumb\"},\"inLanguage\":\"de\",\"potentialAction\":[{\"@type\":\"ReadAction\",\"target\":[\"https:\\\/\\\/labelfree.nl\\\/product\\\/blanco-v-hals-t-shirt-katoen-145gsm-professionele-prints\\\/\"]}]},{\"@type\":\"ImageObject\",\"inLanguage\":\"de\",\"@id\":\"https:\\\/\\\/labelfree.nl\\\/product\\\/blanco-v-hals-t-shirt-katoen-145gsm-professionele-prints\\\/#primaryimage\",\"url\":\"https:\\\/\\\/labelfree.nl\\\/wp-content\\\/uploads\\\/2024\\\/10\\\/000607_CamNeck_01.jpg\",\"contentUrl\":\"https:\\\/\\\/labelfree.nl\\\/wp-content\\\/uploads\\\/2024\\\/10\\\/000607_CamNeck_01.jpg\",\"width\":1667,\"height\":2500,\"caption\":\"blanco v-hals t-shirt katoen 145gsm groothandel\"},{\"@type\":\"BreadcrumbList\",\"@id\":\"https:\\\/\\\/labelfree.nl\\\/product\\\/blanco-v-hals-t-shirt-katoen-145gsm-professionele-prints\\\/#breadcrumb\",\"itemListElement\":[{\"@type\":\"ListItem\",\"position\":1,\"name\":\"Home\",\"item\":\"https:\\\/\\\/labelfree.nl\\\/\"},{\"@type\":\"ListItem\",\"position\":2,\"name\":\"Webshop\",\"item\":\"https:\\\/\\\/labelfree.nl\\\/webshop\\\/\"},{\"@type\":\"ListItem\",\"position\":3,\"name\":\"blanco V-hals t-shirt 100% katoen &#8211; lichtgewicht 145 g\\\/m\u00b2\"}]},{\"@type\":\"WebSite\",\"@id\":\"https:\\\/\\\/labelfree.nl\\\/#website\",\"url\":\"https:\\\/\\\/labelfree.nl\\\/\",\"name\":\"Labelfree\",\"description\":\"Brandless quality\",\"potentialAction\":[{\"@type\":\"SearchAction\",\"target\":{\"@type\":\"EntryPoint\",\"urlTemplate\":\"https:\\\/\\\/labelfree.nl\\\/?s={search_term_string}\"},\"query-input\":{\"@type\":\"PropertyValueSpecification\",\"valueRequired\":true,\"valueName\":\"search_term_string\"}}],\"inLanguage\":\"de\"}]}<\/script>\n<!-- \/ Yoast SEO plugin. -->","yoast_head_json":{"title":"Blanko-T-Shirt mit V-Ausschnitt, 100% Baumwolle \u2013 leichtes Material (145 g\/m\u00b2) \u2013 ohne Etikett","description":"Unbedrucktes V-Ausschnitt-T-Shirt aus 100% Baumwolle mit einem leichten Gewicht von 145 g\/m\u00b2. Bequemes Basic-Shirt f\u00fcr den Alltag, zum Bedrucken oder f\u00fcr Ihr eigenes Branding.","robots":{"index":"index","follow":"follow","max-snippet":"max-snippet:-1","max-image-preview":"max-image-preview:large","max-video-preview":"max-video-preview:-1"},"canonical":"https:\/\/labelfree.nl\/de\/produkt\/st607-nocken-v-ausschnitt\/","og_locale":"de_DE","og_type":"article","og_title":"blanco V-hals t-shirt 100% katoen - lichtgewicht 145 g\/m\u00b2 - Labelfree","og_description":"Blanco V-hals T-shirt van 100% katoen met lichtgewicht kwaliteit van 145 g\/m\u00b2. Comfortabel basic shirt voor dagelijks gebruik, bedrukken of eigen merk.","og_url":"https:\/\/labelfree.nl\/de\/produkt\/st607-nocken-v-ausschnitt\/","og_site_name":"Labelfree","article_modified_time":"2026-04-19T00:04:42+00:00","og_image":[{"width":1667,"height":2500,"url":"https:\/\/labelfree.nl\/wp-content\/uploads\/2024\/10\/000607_CamNeck_01.jpg","type":"image\/jpeg"}],"twitter_card":"summary_large_image","twitter_misc":{"Gesch\u00e4tzte Lesezeit":"4\u00a0Minuten"},"schema":{"@context":"https:\/\/schema.org","@graph":[{"@type":"WebPage","@id":"https:\/\/labelfree.nl\/product\/blanco-v-hals-t-shirt-katoen-145gsm-professionele-prints\/","url":"https:\/\/labelfree.nl\/product\/blanco-v-hals-t-shirt-katoen-145gsm-professionele-prints\/","name":"Blanko-T-Shirt mit V-Ausschnitt, 100% Baumwolle \u2013 leichtes Material (145 g\/m\u00b2) \u2013 ohne Etikett","isPartOf":{"@id":"https:\/\/labelfree.nl\/#website"},"primaryImageOfPage":{"@id":"https:\/\/labelfree.nl\/product\/blanco-v-hals-t-shirt-katoen-145gsm-professionele-prints\/#primaryimage"},"image":{"@id":"https:\/\/labelfree.nl\/product\/blanco-v-hals-t-shirt-katoen-145gsm-professionele-prints\/#primaryimage"},"thumbnailUrl":"https:\/\/labelfree.nl\/wp-content\/uploads\/2024\/10\/000607_CamNeck_01.jpg","datePublished":"2024-10-24T16:58:19+00:00","dateModified":"2026-04-19T00:04:42+00:00","description":"Unbedrucktes V-Ausschnitt-T-Shirt aus 100% Baumwolle mit einem leichten Gewicht von 145 g\/m\u00b2. Bequemes Basic-Shirt f\u00fcr den Alltag, zum Bedrucken oder f\u00fcr Ihr eigenes Branding.","breadcrumb":{"@id":"https:\/\/labelfree.nl\/product\/blanco-v-hals-t-shirt-katoen-145gsm-professionele-prints\/#breadcrumb"},"inLanguage":"de","potentialAction":[{"@type":"ReadAction","target":["https:\/\/labelfree.nl\/product\/blanco-v-hals-t-shirt-katoen-145gsm-professionele-prints\/"]}]},{"@type":"ImageObject","inLanguage":"de","@id":"https:\/\/labelfree.nl\/product\/blanco-v-hals-t-shirt-katoen-145gsm-professionele-prints\/#primaryimage","url":"https:\/\/labelfree.nl\/wp-content\/uploads\/2024\/10\/000607_CamNeck_01.jpg","contentUrl":"https:\/\/labelfree.nl\/wp-content\/uploads\/2024\/10\/000607_CamNeck_01.jpg","width":1667,"height":2500,"caption":"blanco v-hals t-shirt katoen 145gsm groothandel"},{"@type":"BreadcrumbList","@id":"https:\/\/labelfree.nl\/product\/blanco-v-hals-t-shirt-katoen-145gsm-professionele-prints\/#breadcrumb","itemListElement":[{"@type":"ListItem","position":1,"name":"Home","item":"https:\/\/labelfree.nl\/"},{"@type":"ListItem","position":2,"name":"Webshop","item":"https:\/\/labelfree.nl\/webshop\/"},{"@type":"ListItem","position":3,"name":"blanco V-hals t-shirt 100% katoen &#8211; lichtgewicht 145 g\/m\u00b2"}]},{"@type":"WebSite","@id":"https:\/\/labelfree.nl\/#website","url":"https:\/\/labelfree.nl\/","name":"Etikettenfrei","description":"Markenlose Qualit\u00e4t","potentialAction":[{"@type":"SearchAction","target":{"@type":"EntryPoint","urlTemplate":"https:\/\/labelfree.nl\/?s={search_term_string}"},"query-input":{"@type":"PropertyValueSpecification","valueRequired":true,"valueName":"search_term_string"}}],"inLanguage":"de"}]}},"jetpack_sharing_enabled":true,"_links":{"self":[{"href":"https:\/\/labelfree.nl\/de\/wp-json\/wp\/v2\/product\/44097","targetHints":{"allow":["GET"]}}],"collection":[{"href":"https:\/\/labelfree.nl\/de\/wp-json\/wp\/v2\/product"}],"about":[{"href":"https:\/\/labelfree.nl\/de\/wp-json\/wp\/v2\/types\/product"}],"wp:featuredmedia":[{"embeddable":true,"href":"https:\/\/labelfree.nl\/de\/wp-json\/wp\/v2\/media\/54791"}],"wp:attachment":[{"href":"https:\/\/labelfree.nl\/de\/wp-json\/wp\/v2\/media?parent=44097"}],"wp:term":[{"taxonomy":"product_brand","embeddable":true,"href":"https:\/\/labelfree.nl\/de\/wp-json\/wp\/v2\/product_brand?post=44097"},{"taxonomy":"product_cat","embeddable":true,"href":"https:\/\/labelfree.nl\/de\/wp-json\/wp\/v2\/product_cat?post=44097"},{"taxonomy":"product_tag","embeddable":true,"href":"https:\/\/labelfree.nl\/de\/wp-json\/wp\/v2\/product_tag?post=44097"}],"curies":[{"name":"wp","href":"https:\/\/api.w.org\/{rel}","templated":true}]}}