{"id":44147,"date":"2024-10-24T18:58:52","date_gmt":"2024-10-24T16:58:52","guid":{"rendered":"https:\/\/labelfree.nl\/product\/st730-cotton-hooded-zip\/"},"modified":"2026-04-29T02:03:00","modified_gmt":"2026-04-29T00:03:00","slug":"hoodie-biologisch-katoen-kangoeroezak-rits-blanco-vest-bedrukken-ontwerphulp-labelfree","status":"publish","type":"product","link":"https:\/\/labelfree.nl\/de\/produkt\/kapuzenreisverschluss-aus-st730-baumwolle\/","title":{"rendered":"Hoodie aus Bio-Baumwolle mit Rei\u00dfverschluss"},"content":{"rendered":"<p><span style=\"color: #333333;\">Hoodie aus Bio-Baumwolle (100%). Schlichter Kapuzenpullover mit Rei\u00dfverschluss. Isoli-Jersey, 290 g\/m\u00b2. Angenehm weich und klassische Passform. Druckoptionen und Designberatung.<\/span><\/p>\n<p><span style=\"color: #333333;\"><em>F\u00fcr die korrekte Farbdarstellung und -beschreibung klicken Sie auf das betreffende Hemd und anschlie\u00dfend erneut auf die Lupe.<\/em><\/span><\/p>\n<h3><span style=\"color: #5a7699;\"><strong>Hoodie aus Bio-Baumwolle mit Rei\u00dfverschluss<\/strong><\/span><\/h3>\n<p><strong>100% Bio-Baumwolle, Isoli 290 g\/m\u00b2<\/strong><\/p>\n<p><img decoding=\"async\" class=\"alignnone size-full wp-image-57080\" src=\"https:\/\/labelfree.nl\/wp-content\/uploads\/2024\/10\/oeko-4.jpg\" alt=\"\" width=\"145\" height=\"75\" srcset=\"https:\/\/labelfree.nl\/wp-content\/uploads\/2024\/10\/oeko-4.jpg 145w, https:\/\/labelfree.nl\/wp-content\/uploads\/2024\/10\/oeko-4-18x9.jpg 18w\" sizes=\"(max-width: 145px) 100vw, 145px\" \/><\/p>\n<ul>\n<li>Qualit\u00e4t: 100% Bio-Baumwolle (GOTS-zertifiziert)<\/li>\n<li>Oxford Grey: 851 TP3T Bio-Baumwolle \/ 151 TP3T Viskose (OCS-Mischgewebe-zertifiziert)<\/li>\n<li>Isoli-Trikot<\/li>\n<li>Gewicht: 290 g\/m\u00b2<\/li>\n<li>Rei\u00dfverschluss- und Seitentaschen<\/li>\n<li>Erh\u00e4ltlich in 3 Farben<\/li>\n<li>Erh\u00e4ltlich von Gr\u00f6\u00dfe XS bis 3XL<\/li>\n<li>Markenlos, kleines Gr\u00f6\u00dfenetikett im Halsausschnitt<\/li>\n<li>Geeignet f\u00fcr Siebdruck, Transferdruck, DTG-Druck und Stickerei<\/li>\n<li>Karton: 25 St\u00fcck. Einzelverpackung: 10 St\u00fcck. Auch einzeln erh\u00e4ltlich.<\/li>\n<\/ul>\n<p><strong>\u00a0<\/strong><\/p>\n<h4><span style=\"color: #5a7699;\"><strong>Kapuzenpullover mit Rei\u00dfverschluss aus Bio-Baumwolle \u2013 weich und atmungsaktiv<\/strong><\/span><\/h4>\n<p>Unser Kapuzenpullover mit Rei\u00dfverschluss besteht aus 100 % Bio-Baumwolle (1001 % TP3T). Dadurch f\u00fchlt er sich weich, atmungsaktiv und nat\u00fcrlich an. Die leicht angeraute Innenseite sorgt f\u00fcr ein angenehmes Tragegef\u00fchl und W\u00e4rme. Die GOTS-Zertifizierung (Global Organic Textile Standard) garantiert eine umweltfreundliche Produktion ohne Verwendung sch\u00e4dlicher Chemikalien.<\/p>\n<p>Der Hoodie verf\u00fcgt \u00fcber eine K\u00e4ngurutasche mit Eingrifftaschen und Rei\u00dfverschluss. Die K\u00e4ngurutasche reicht \u00fcber den gerippten Saum hinaus und ist dadurch etwas gr\u00f6\u00dfer. Dies verleiht dem Hoodie ein besonderes Detail und einen modernen Look. Der Hoodie ist mit einem schwarzen YKK-Metallrei\u00dfverschluss ausgestattet. Dreifach-Flachn\u00e4hte zieren die Eingrifftaschen, die Kapuze, die Armausschnitte, die \u00c4rmel und den Saum des Rippstricks. Die Flachn\u00e4hte sorgen f\u00fcr Stabilit\u00e4t und verleihen dem Hoodie ein modernes, dekoratives Detail.<\/p>\n<p>Die Kapuze ist mit Single-Jersey gef\u00fcttert. Der Kordelzug ist mit Flachn\u00e4hten versehen, 1,5 cm breit und hat ein geschlossenes Metall\u00f6sende. Die \u00d6ffnung f\u00fcr den Kordelzug ist rund und mit robustem Garn und festen N\u00e4hten um die Kordel\u00f6ffnung herum vern\u00e4ht.<\/p>\n<p>Der gerippte Saum besteht aus einem 2x2-Baumwoll-Elastan-Rippstrick. Der Elastananteil sorgt f\u00fcr zus\u00e4tzliche Flexibilit\u00e4t und verl\u00e4ngert die Lebensdauer des Pullovers, auch nach vielen W\u00e4schen. B\u00fcndchen und Saum sind aus dem gleichen Material gefertigt, was dem Pullover ein einheitliches und elegantes Aussehen verleiht.<\/p>\n<h4><span style=\"color: #5a7699;\"><strong>Materialangaben<\/strong><\/span><\/h4>\n<p>Bio-Baumwolle. Hergestellt aus 100% Bio-Baumwolle. Dieses Material ist weich und hautfreundlich, atmungsaktiv und feuchtigkeitsableitend und bietet hohen Tragekomfort ohne synthetisches Gef\u00fchl. Es f\u00e4llt wundersch\u00f6n und flie\u00dfend. Der Stoff ist etwas weniger glatt als eine Baumwoll-Polyester-Mischung und hat eine mattere, transparentere Optik. Die Farbe Oxford Grey hat eine andere Zusammensetzung: 85% Bio-Baumwolle und 15% Viskose (OCS-Mischgewebe-zertifiziert), wodurch sie sich etwas anders anf\u00fchlt.<\/p>\n<p>Der Stoff ist Isoli, 290 g\/m\u00b2. Isoli-Stoff wird als Single-Jersey gestrickt, wobei w\u00e4hrend der Produktion ein zus\u00e4tzlicher Faden auf der linken Seite eingearbeitet wird. Diese Seite wird hier angeraut, wodurch die R\u00fcckseite weich und warm wirkt.<\/p>\n<p>Die Verarbeitung erfolgt mit Flachn\u00e4hten. Flachn\u00e4hte bestehen aus drei geraden Stichen mit dazwischenliegenden Zickzackstichen auf der rechten Seite, wodurch der Saum deutlicher sichtbar ist als bei einer herk\u00f6mmlichen Doppelnaht.<\/p>\n<h4><span style=\"color: #5a7699;\"><strong>Druck-, Stick- und Beschriftungsm\u00f6glichkeiten<\/strong><\/span><\/h4>\n<p>Unser gesamtes Sortiment eignet sich f\u00fcr B2B, Merchandising und Private Label. Sie m\u00f6chten unbedruckte Kleidung bestellen, diese mit Ihrem eigenen Design bedrucken lassen oder ben\u00f6tigen Druckvorlagen zum Selbstaufbringen? Das Team von Labelfree unterst\u00fctzt Sie dabei in jedem Schritt.<\/p>\n<p>Labelfree bietet verschiedene Druckm\u00f6glichkeiten, darunter Transferdruck, DTF, Siebdruck und Stickerei. Auch eigene Nackendrucke und Etiketten, beispielsweise auf den \u00c4rmel, sind m\u00f6glich.<\/p>\n<p>Ben\u00f6tigen Sie Hilfe bei Ihrem eigenen Design? Unsere Grafikdesigner unterst\u00fctzen Sie gerne. So stellen wir sicher, dass das Endprodukt perfekt auf Ihre Bed\u00fcrfnisse zugeschnitten ist. Sie erhalten immer zun\u00e4chst ein kostenloses, visuelles Angebot. Kontaktieren Sie uns, um die M\u00f6glichkeiten zur Erstellung Ihrer eigenen Kollektion zu erkunden.<\/p>\n<p>Gr\u00f6\u00dfentabelle<\/p>\n<p><img decoding=\"async\" class=\"alignnone wp-image-57081\" src=\"https:\/\/labelfree.nl\/wp-content\/uploads\/2024\/10\/000730_Cotton_Hooded_ZIp_Sweat-1-300x38.png\" alt=\"\" width=\"608\" height=\"77\" srcset=\"https:\/\/labelfree.nl\/wp-content\/uploads\/2024\/10\/000730_Cotton_Hooded_ZIp_Sweat-1-300x38.png 300w, https:\/\/labelfree.nl\/wp-content\/uploads\/2024\/10\/000730_Cotton_Hooded_ZIp_Sweat-1-768x98.png 768w, https:\/\/labelfree.nl\/wp-content\/uploads\/2024\/10\/000730_Cotton_Hooded_ZIp_Sweat-1-18x2.png 18w, https:\/\/labelfree.nl\/wp-content\/uploads\/2024\/10\/000730_Cotton_Hooded_ZIp_Sweat-1-600x77.png 600w, https:\/\/labelfree.nl\/wp-content\/uploads\/2024\/10\/000730_Cotton_Hooded_ZIp_Sweat-1.png 924w\" sizes=\"(max-width: 608px) 100vw, 608px\" \/><\/p>\n<p>Pflegeanleitung<\/p>\n<p><img decoding=\"async\" class=\"alignnone wp-image-57082\" src=\"https:\/\/labelfree.nl\/wp-content\/uploads\/2024\/10\/Storm_washing_instructions_40_0-1.gif\" alt=\"\" width=\"173\" height=\"26\" \/><\/p>","protected":false},"excerpt":{"rendered":"<p>100% biologisch katoenen hoodie. Blanco sweater met rits. Isoli jersey, 290 g\/m\u00b2. Zachte feel en klassieke fit. Printmogelijkheden en ontwerphulp voor de juiste kleur weergave- en omschrijving klikt u op het betreffende shirt en nogmaals op het vergrootglas hoodie biologisch katoen met rits 100% Biologisch katoen, Isoli 290 g\/m\u00b2 Kwaliteit: 100% biologisch gekamd katoen (GOTS-gecertificeerd) [&hellip;]<\/p>\n","protected":false},"featured_media":54795,"template":"","meta":{"_acf_changed":false},"product_brand":[],"product_cat":[110,113,142,424,108,114],"product_tag":[],"class_list":{"0":"post-44147","1":"product","2":"type-product","3":"status-publish","4":"has-post-thumbnail","6":"product_cat-hooded-sweat","7":"product_cat-hooded-zip-sweat","8":"product_cat-organic-hoodies","9":"product_cat-sweaters","10":"product_cat-sweatshirts","11":"product_cat-zip-sweat","12":"pa_size-2xl","13":"pa_size-3xl","14":"pa_size-l","15":"pa_size-m","16":"pa_size-s","17":"pa_size-xl","18":"pa_size-xs","20":"first","21":"instock","22":"taxable","23":"shipping-taxable","24":"purchasable","25":"product-type-variable"},"acf":[],"yoast_head":"<!-- This site is optimized with the Yoast SEO plugin v27.4 - https:\/\/yoast.com\/product\/yoast-seo-wordpress\/ -->\n<title>hoodie biologisch katoen met rits - Labelfree<\/title>\n<meta name=\"description\" content=\"100% biologisch katoenen hoodie. Blanco sweater met rits. Isoli jersey, 290 g\/m\u00b2. Zachte feel en klassieke fit. Labelfree, printmogelijkheden en ontwerphulp\" \/>\n<meta name=\"robots\" content=\"index, follow, max-snippet:-1, max-image-preview:large, max-video-preview:-1\" \/>\n<link rel=\"canonical\" href=\"https:\/\/labelfree.nl\/de\/produkt\/kapuzenreisverschluss-aus-st730-baumwolle\/\" \/>\n<meta property=\"og:locale\" content=\"de_DE\" \/>\n<meta property=\"og:type\" content=\"article\" \/>\n<meta property=\"og:title\" content=\"hoodie biologisch katoen met rits - Labelfree\" \/>\n<meta property=\"og:description\" content=\"100% biologisch katoenen hoodie. Blanco sweater met rits. Isoli jersey, 290 g\/m\u00b2. Zachte feel en klassieke fit. Labelfree, printmogelijkheden en ontwerphulp\" \/>\n<meta property=\"og:url\" content=\"https:\/\/labelfree.nl\/de\/produkt\/kapuzenreisverschluss-aus-st730-baumwolle\/\" \/>\n<meta property=\"og:site_name\" content=\"Labelfree\" \/>\n<meta property=\"article:modified_time\" content=\"2026-04-29T00:03:00+00:00\" \/>\n<meta property=\"og:image\" content=\"https:\/\/labelfree.nl\/wp-content\/uploads\/2024\/10\/000730_CottonHoodedZipSweat_01c.jpg\" \/>\n\t<meta property=\"og:image:width\" content=\"1666\" \/>\n\t<meta property=\"og:image:height\" content=\"2500\" \/>\n\t<meta property=\"og:image:type\" content=\"image\/jpeg\" \/>\n<meta name=\"twitter:card\" content=\"summary_large_image\" \/>\n<meta name=\"twitter:label1\" content=\"Gesch\u00e4tzte Lesezeit\" \/>\n\t<meta name=\"twitter:data1\" content=\"4\u00a0Minuten\" \/>\n<script type=\"application\/ld+json\" class=\"yoast-schema-graph\">{\"@context\":\"https:\\\/\\\/schema.org\",\"@graph\":[{\"@type\":\"WebPage\",\"@id\":\"https:\\\/\\\/labelfree.nl\\\/product\\\/hoodie-biologisch-katoen-kangoeroezak-rits-blanco-vest-bedrukken-ontwerphulp-labelfree\\\/\",\"url\":\"https:\\\/\\\/labelfree.nl\\\/product\\\/hoodie-biologisch-katoen-kangoeroezak-rits-blanco-vest-bedrukken-ontwerphulp-labelfree\\\/\",\"name\":\"hoodie biologisch katoen met rits - Labelfree\",\"isPartOf\":{\"@id\":\"https:\\\/\\\/labelfree.nl\\\/#website\"},\"primaryImageOfPage\":{\"@id\":\"https:\\\/\\\/labelfree.nl\\\/product\\\/hoodie-biologisch-katoen-kangoeroezak-rits-blanco-vest-bedrukken-ontwerphulp-labelfree\\\/#primaryimage\"},\"image\":{\"@id\":\"https:\\\/\\\/labelfree.nl\\\/product\\\/hoodie-biologisch-katoen-kangoeroezak-rits-blanco-vest-bedrukken-ontwerphulp-labelfree\\\/#primaryimage\"},\"thumbnailUrl\":\"https:\\\/\\\/labelfree.nl\\\/wp-content\\\/uploads\\\/2024\\\/10\\\/000730_CottonHoodedZipSweat_01c.jpg\",\"datePublished\":\"2024-10-24T16:58:52+00:00\",\"dateModified\":\"2026-04-29T00:03:00+00:00\",\"description\":\"100% biologisch katoenen hoodie. Blanco sweater met rits. Isoli jersey, 290 g\\\/m\u00b2. Zachte feel en klassieke fit. Labelfree, printmogelijkheden en ontwerphulp\",\"breadcrumb\":{\"@id\":\"https:\\\/\\\/labelfree.nl\\\/product\\\/hoodie-biologisch-katoen-kangoeroezak-rits-blanco-vest-bedrukken-ontwerphulp-labelfree\\\/#breadcrumb\"},\"inLanguage\":\"de\",\"potentialAction\":[{\"@type\":\"ReadAction\",\"target\":[\"https:\\\/\\\/labelfree.nl\\\/product\\\/hoodie-biologisch-katoen-kangoeroezak-rits-blanco-vest-bedrukken-ontwerphulp-labelfree\\\/\"]}]},{\"@type\":\"ImageObject\",\"inLanguage\":\"de\",\"@id\":\"https:\\\/\\\/labelfree.nl\\\/product\\\/hoodie-biologisch-katoen-kangoeroezak-rits-blanco-vest-bedrukken-ontwerphulp-labelfree\\\/#primaryimage\",\"url\":\"https:\\\/\\\/labelfree.nl\\\/wp-content\\\/uploads\\\/2024\\\/10\\\/000730_CottonHoodedZipSweat_01c.jpg\",\"contentUrl\":\"https:\\\/\\\/labelfree.nl\\\/wp-content\\\/uploads\\\/2024\\\/10\\\/000730_CottonHoodedZipSweat_01c.jpg\",\"width\":1666,\"height\":2500},{\"@type\":\"BreadcrumbList\",\"@id\":\"https:\\\/\\\/labelfree.nl\\\/product\\\/hoodie-biologisch-katoen-kangoeroezak-rits-blanco-vest-bedrukken-ontwerphulp-labelfree\\\/#breadcrumb\",\"itemListElement\":[{\"@type\":\"ListItem\",\"position\":1,\"name\":\"Home\",\"item\":\"https:\\\/\\\/labelfree.nl\\\/\"},{\"@type\":\"ListItem\",\"position\":2,\"name\":\"Webshop\",\"item\":\"https:\\\/\\\/labelfree.nl\\\/webshop\\\/\"},{\"@type\":\"ListItem\",\"position\":3,\"name\":\"hoodie biologisch katoen met rits\"}]},{\"@type\":\"WebSite\",\"@id\":\"https:\\\/\\\/labelfree.nl\\\/#website\",\"url\":\"https:\\\/\\\/labelfree.nl\\\/\",\"name\":\"Labelfree\",\"description\":\"Brandless quality\",\"potentialAction\":[{\"@type\":\"SearchAction\",\"target\":{\"@type\":\"EntryPoint\",\"urlTemplate\":\"https:\\\/\\\/labelfree.nl\\\/?s={search_term_string}\"},\"query-input\":{\"@type\":\"PropertyValueSpecification\",\"valueRequired\":true,\"valueName\":\"search_term_string\"}}],\"inLanguage\":\"de\"}]}<\/script>\n<!-- \/ Yoast SEO plugin. -->","yoast_head_json":{"title":"Hoodie aus Bio-Baumwolle mit Rei\u00dfverschluss \u2013 Labelfree","description":"Hoodie aus Bio-Baumwolle (100%). Schlichter Kapuzenpullover mit Rei\u00dfverschluss. Isoli-Jersey, 290 g\/m\u00b2. Angenehm weich und mit klassischer Passform. Ohne Etikett, verschiedene Druckoptionen und Designberatung.","robots":{"index":"index","follow":"follow","max-snippet":"max-snippet:-1","max-image-preview":"max-image-preview:large","max-video-preview":"max-video-preview:-1"},"canonical":"https:\/\/labelfree.nl\/de\/produkt\/kapuzenreisverschluss-aus-st730-baumwolle\/","og_locale":"de_DE","og_type":"article","og_title":"hoodie biologisch katoen met rits - Labelfree","og_description":"100% biologisch katoenen hoodie. Blanco sweater met rits. Isoli jersey, 290 g\/m\u00b2. Zachte feel en klassieke fit. Labelfree, printmogelijkheden en ontwerphulp","og_url":"https:\/\/labelfree.nl\/de\/produkt\/kapuzenreisverschluss-aus-st730-baumwolle\/","og_site_name":"Labelfree","article_modified_time":"2026-04-29T00:03:00+00:00","og_image":[{"width":1666,"height":2500,"url":"https:\/\/labelfree.nl\/wp-content\/uploads\/2024\/10\/000730_CottonHoodedZipSweat_01c.jpg","type":"image\/jpeg"}],"twitter_card":"summary_large_image","twitter_misc":{"Gesch\u00e4tzte Lesezeit":"4\u00a0Minuten"},"schema":{"@context":"https:\/\/schema.org","@graph":[{"@type":"WebPage","@id":"https:\/\/labelfree.nl\/product\/hoodie-biologisch-katoen-kangoeroezak-rits-blanco-vest-bedrukken-ontwerphulp-labelfree\/","url":"https:\/\/labelfree.nl\/product\/hoodie-biologisch-katoen-kangoeroezak-rits-blanco-vest-bedrukken-ontwerphulp-labelfree\/","name":"Hoodie aus Bio-Baumwolle mit Rei\u00dfverschluss \u2013 Labelfree","isPartOf":{"@id":"https:\/\/labelfree.nl\/#website"},"primaryImageOfPage":{"@id":"https:\/\/labelfree.nl\/product\/hoodie-biologisch-katoen-kangoeroezak-rits-blanco-vest-bedrukken-ontwerphulp-labelfree\/#primaryimage"},"image":{"@id":"https:\/\/labelfree.nl\/product\/hoodie-biologisch-katoen-kangoeroezak-rits-blanco-vest-bedrukken-ontwerphulp-labelfree\/#primaryimage"},"thumbnailUrl":"https:\/\/labelfree.nl\/wp-content\/uploads\/2024\/10\/000730_CottonHoodedZipSweat_01c.jpg","datePublished":"2024-10-24T16:58:52+00:00","dateModified":"2026-04-29T00:03:00+00:00","description":"Hoodie aus Bio-Baumwolle (100%). Schlichter Kapuzenpullover mit Rei\u00dfverschluss. Isoli-Jersey, 290 g\/m\u00b2. Angenehm weich und mit klassischer Passform. Ohne Etikett, verschiedene Druckoptionen und Designberatung.","breadcrumb":{"@id":"https:\/\/labelfree.nl\/product\/hoodie-biologisch-katoen-kangoeroezak-rits-blanco-vest-bedrukken-ontwerphulp-labelfree\/#breadcrumb"},"inLanguage":"de","potentialAction":[{"@type":"ReadAction","target":["https:\/\/labelfree.nl\/product\/hoodie-biologisch-katoen-kangoeroezak-rits-blanco-vest-bedrukken-ontwerphulp-labelfree\/"]}]},{"@type":"ImageObject","inLanguage":"de","@id":"https:\/\/labelfree.nl\/product\/hoodie-biologisch-katoen-kangoeroezak-rits-blanco-vest-bedrukken-ontwerphulp-labelfree\/#primaryimage","url":"https:\/\/labelfree.nl\/wp-content\/uploads\/2024\/10\/000730_CottonHoodedZipSweat_01c.jpg","contentUrl":"https:\/\/labelfree.nl\/wp-content\/uploads\/2024\/10\/000730_CottonHoodedZipSweat_01c.jpg","width":1666,"height":2500},{"@type":"BreadcrumbList","@id":"https:\/\/labelfree.nl\/product\/hoodie-biologisch-katoen-kangoeroezak-rits-blanco-vest-bedrukken-ontwerphulp-labelfree\/#breadcrumb","itemListElement":[{"@type":"ListItem","position":1,"name":"Home","item":"https:\/\/labelfree.nl\/"},{"@type":"ListItem","position":2,"name":"Webshop","item":"https:\/\/labelfree.nl\/webshop\/"},{"@type":"ListItem","position":3,"name":"hoodie biologisch katoen met rits"}]},{"@type":"WebSite","@id":"https:\/\/labelfree.nl\/#website","url":"https:\/\/labelfree.nl\/","name":"Etikettenfrei","description":"Markenlose Qualit\u00e4t","potentialAction":[{"@type":"SearchAction","target":{"@type":"EntryPoint","urlTemplate":"https:\/\/labelfree.nl\/?s={search_term_string}"},"query-input":{"@type":"PropertyValueSpecification","valueRequired":true,"valueName":"search_term_string"}}],"inLanguage":"de"}]}},"jetpack_sharing_enabled":true,"_links":{"self":[{"href":"https:\/\/labelfree.nl\/de\/wp-json\/wp\/v2\/product\/44147","targetHints":{"allow":["GET"]}}],"collection":[{"href":"https:\/\/labelfree.nl\/de\/wp-json\/wp\/v2\/product"}],"about":[{"href":"https:\/\/labelfree.nl\/de\/wp-json\/wp\/v2\/types\/product"}],"wp:featuredmedia":[{"embeddable":true,"href":"https:\/\/labelfree.nl\/de\/wp-json\/wp\/v2\/media\/54795"}],"wp:attachment":[{"href":"https:\/\/labelfree.nl\/de\/wp-json\/wp\/v2\/media?parent=44147"}],"wp:term":[{"taxonomy":"product_brand","embeddable":true,"href":"https:\/\/labelfree.nl\/de\/wp-json\/wp\/v2\/product_brand?post=44147"},{"taxonomy":"product_cat","embeddable":true,"href":"https:\/\/labelfree.nl\/de\/wp-json\/wp\/v2\/product_cat?post=44147"},{"taxonomy":"product_tag","embeddable":true,"href":"https:\/\/labelfree.nl\/de\/wp-json\/wp\/v2\/product_tag?post=44147"}],"curies":[{"name":"wp","href":"https:\/\/api.w.org\/{rel}","templated":true}]}}