{"id":44207,"date":"2024-10-24T18:59:38","date_gmt":"2024-10-24T16:59:38","guid":{"rendered":"https:\/\/labelfree.nl\/product\/st807-stretch-polo\/"},"modified":"2026-04-19T02:04:44","modified_gmt":"2026-04-19T00:04:44","slug":"st807-stretch-polo","status":"publish","type":"product","link":"https:\/\/labelfree.nl\/de\/produkt\/st807-stretch-polo\/","title":{"rendered":"Poloshirt Stretch"},"content":{"rendered":"<h6><span style=\"color: #333333;\">Unisex-Poloshirt mit modernem Schnitt und attraktivem Stretchanteil. Ziern\u00e4hte. Piqu\u00e9-Gewebe, 220 g\/m\u00b2. <\/span><\/h6>\n<h6><span style=\"color: #333333;\"><em>F\u00fcr die korrekte Farbdarstellung und -beschreibung klicken Sie auf das betreffende Hemd und anschlie\u00dfend erneut auf die Lupe.<\/em><\/span><\/h6>\n<h3><span style=\"color: #5a7699;\"><strong><b>Poloshirt Stretch Uni<\/b><\/strong><\/span><\/h3>\n<p><strong><b>Bio-Baumwolle, Pigu\u00e9 220 g\/m\u00b2<\/b><\/strong><\/p>\n<p><img decoding=\"async\" src=\"https:\/\/www.stormtextil.dk\/sites\/default\/files\/inline-images\/OTS100_label_19.HBD__1.jpg\" alt=\"\u00d6ko-Tex-zertifiziert\" \/><\/p>\n<ul>\n<li>Qualit\u00e4t: 92% Baumwolle \/ 8% Elasthan<\/li>\n<li>Anthrazit: 58% Baumwolle \/ 38% Polyester \/ 4% Elasthan<\/li>\n<li>Heather Black: 72% Baumwolle \/ 20% Polyester \/ 8% Elastan<\/li>\n<li>Piqu\u00e9<\/li>\n<li>Gewicht: 220 g\/m\u00b2<\/li>\n<li>Erh\u00e4ltlich in 10 Farben<\/li>\n<li>Erh\u00e4ltlich von Gr\u00f6\u00dfe XS bis 3XL<\/li>\n<li>Kleines Gr\u00f6\u00dfenetikett im Halsausschnitt<\/li>\n<li>Karton: 50 St\u00fcck. Verpackung: 10 St\u00fcck. Auch einzeln erh\u00e4ltlich.<\/li>\n<\/ul>\n<p>&nbsp;<\/p>\n<h4><span style=\"color: #5a7699;\"><strong><b>Unisex Stretch-Poloshirt \u2013 modernes und bequemes Design <\/b><\/strong><\/span><\/h4>\n<p style=\"background: white;\"><span style=\"color: #000000;\"><span style=\"font-size: 11pt; font-family: Quicksand;\">Unser Stretch-Uni-Poloshirt ist f\u00fcr Damen und Herren gleicherma\u00dfen geeignet. Gefertigt aus hochwertigem Piqu\u00e9-Gewebe mit Elastan, bietet dieses Poloshirt nicht nur einen modernen Look, sondern auch Flexibilit\u00e4t und Bewegungsfreiheit. Der Halsausschnitt ist farblich auf das Material abgestimmt und mit einer wei\u00dfen Ziernaht in der Mitte versehen. <\/span><span style=\"font-family: Quicksand; font-size: 14.6667px;\">Das wei\u00dfe Polohemd hat graue Ziern\u00e4hte.<\/span><span style=\"font-family: Quicksand; font-size: 14.6667px;\">\u00a0<\/span><\/span><\/p>\n<p style=\"background: white;\"><span style=\"font-size: 11pt; font-family: Quicksand; color: #000000;\">Der Kragen hat die gleiche Farbe wie das Poloshirt und ist an der Knopfleiste mit wei\u00dfen Ziern\u00e4hten versehen. Kragen und \u00c4rmel haben gerippte B\u00fcndchen (1x1-Strick). Die Knopfleiste wird mit drei Kn\u00f6pfen geschlossen und ist unten verst\u00e4rkt.\u00a0<\/span><\/p>\n<p style=\"background: white; box-sizing: border-box; margin-block: 0px 0.9rem; font-variant-ligatures: normal; font-variant-caps: normal; orphans: 2; text-align: start; widows: 2; -webkit-text-stroke-width: 0px; word-spacing: 0px;\"><span style=\"font-size: 11pt; font-family: Quicksand; color: #000000;\">\u00c4rmel und Saum sind doppelt vern\u00e4ht. Das R\u00fcckenteil des Shirts ist etwas l\u00e4nger als das Vorderteil. Das Poloshirt hat Seitenschlitze, die innen mit wei\u00dfen N\u00e4hten verst\u00e4rkt sind.<\/span><\/p>\n<p><span style=\"color: #333333;\">Dieses Poloshirt ist in 10 Farben erh\u00e4ltlich. Um die korrekte Farbe anzuzeigen, klicken Sie auf das gew\u00fcnschte Shirt und anschlie\u00dfend erneut auf die Lupe. Sie sehen dann eine realistische Darstellung des Shirts mit der korrekten Farbbeschreibung.<\/span><\/p>\n<h4><span style=\"color: #5a7699;\"><strong><b>Materialangaben<\/b><\/strong><\/span><\/h4>\n<p><span style=\"color: #333333;\">Es besteht aus hochwertigem Piqu\u00e9-Gewebe mit Elastananteil. Piqu\u00e9 ist ein Strickgewebe mit einer charakteristischen, leicht strukturierten Oberfl\u00e4che und ist robuster als herk\u00f6mmlicher Jersey. Das Material ist atmungsaktiv, formbest\u00e4ndig, knitterarm und pflegeleicht.<\/span><\/p>\n<p><span style=\"color: #333333;\">Dank der Basis aus Baumwolle und Elastan bietet es sowohl Atmungsaktivit\u00e4t als auch Dehnbarkeit. Das Poloshirt ist je nach Farbe in verschiedenen Stoffkombinationen erh\u00e4ltlich.<\/span><\/p>\n<h4><span style=\"color: #5a7699;\"><strong><b>Druck-, Stick- und Beschriftungsm\u00f6glichkeiten<\/b><\/strong><\/span><\/h4>\n<p><span style=\"color: #333333;\">M\u00f6chten Sie unbedruckte Kleidung bestellen, mit Ihrem eigenen Design bedrucken lassen oder ben\u00f6tigen Sie selbst aufzubringende Drucke? Bei Labelfree steht Ihnen unser Team bei jedem Schritt zur Seite.<\/span><\/p>\n<p><span style=\"color: #333333;\">Labelfree bietet verschiedene Druckm\u00f6glichkeiten, darunter Transferdruck, DTF, Siebdruck und Stickerei. Auch eigene Nackendrucke und Etiketten, beispielsweise auf den \u00c4rmel, sind m\u00f6glich.<\/span><\/p>\n<p><span style=\"color: #333333;\">Ben\u00f6tigen Sie Hilfe bei Ihrem eigenen Design? Unsere Grafikdesigner unterst\u00fctzen Sie gerne. So stellen wir sicher, dass das Endprodukt perfekt auf Ihre Bed\u00fcrfnisse zugeschnitten ist. Sie erhalten immer zun\u00e4chst ein kostenloses, visuelles Angebot. Kontaktieren Sie uns, um die M\u00f6glichkeiten zur Erstellung Ihrer eigenen Kollektion zu erkunden.<\/span><\/p>\n<p>&nbsp;<\/p>\n<p><span style=\"color: #000000;\">Gr\u00f6\u00dfentabelle<\/span><\/p>\n<p><img fetchpriority=\"high\" decoding=\"async\" class=\"\" src=\"https:\/\/www.stormtextil.dk\/sites\/default\/files\/size-charts\/000807_Stretch_Polo.png\" width=\"601\" height=\"129\" \/><\/p>\n<p>&nbsp;<\/p>\n<p>Pflegeanleitung<\/p>\n<p><img decoding=\"async\" class=\"\" src=\"https:\/\/www.stormtextil.dk\/sites\/default\/files\/2018-04\/Storm_washing_instructions_40_69.gif\" width=\"166\" height=\"25\" \/><\/p>","protected":false},"excerpt":{"rendered":"<p>polo unisex met moderne snit en mooie stretch. decoratiestiksel. Piqu\u00e9-stof, 220 g\/m\u00b2 voor de juiste kleur weergave- en omschrijving klikt u op het betreffende shirt en nogmaals op het vergrootglas poloshirt stretch uni Biologisch katoen, Pigu\u00e9 220 g\/m\u00b2 Kwaliteit: 92% katoen \/ 8%\u00a0elastaan Antraciet: 58% katoen \/ 38%\u00a0polyester\u00a0\/ 4% elastaan Heather Black: 72% katoen \/ [&hellip;]<\/p>\n","protected":false},"featured_media":54807,"template":"","meta":{"_acf_changed":false},"product_brand":[],"product_cat":[118],"product_tag":[],"class_list":{"0":"post-44207","1":"product","2":"type-product","3":"status-publish","4":"has-post-thumbnail","6":"product_cat-polo-shirts","7":"pa_size-2xl","8":"pa_size-3xl","9":"pa_size-l","10":"pa_size-m","11":"pa_size-s","12":"pa_size-xl","13":"pa_size-xs","14":"pa_size-xxl","16":"first","17":"instock","18":"taxable","19":"shipping-taxable","20":"purchasable","21":"product-type-variable"},"acf":[],"yoast_head":"<!-- This site is optimized with the Yoast SEO plugin v27.4 - https:\/\/yoast.com\/product\/yoast-seo-wordpress\/ -->\n<title>Poloshirt Stretch - Labelfree<\/title>\n<meta name=\"robots\" content=\"index, follow, max-snippet:-1, max-image-preview:large, max-video-preview:-1\" \/>\n<link rel=\"canonical\" href=\"https:\/\/labelfree.nl\/de\/produkt\/st807-stretch-polo\/\" \/>\n<meta property=\"og:locale\" content=\"de_DE\" \/>\n<meta property=\"og:type\" content=\"article\" \/>\n<meta property=\"og:title\" content=\"Poloshirt Stretch - Labelfree\" \/>\n<meta property=\"og:url\" content=\"https:\/\/labelfree.nl\/de\/produkt\/st807-stretch-polo\/\" \/>\n<meta property=\"og:site_name\" content=\"Labelfree\" \/>\n<meta property=\"article:modified_time\" content=\"2026-04-19T00:04:44+00:00\" \/>\n<meta property=\"og:image\" content=\"https:\/\/labelfree.nl\/wp-content\/uploads\/2024\/10\/000807_Stretch_Polo_01c.jpg\" \/>\n\t<meta property=\"og:image:width\" content=\"1279\" \/>\n\t<meta property=\"og:image:height\" content=\"1920\" \/>\n\t<meta property=\"og:image:type\" content=\"image\/jpeg\" \/>\n<meta name=\"twitter:card\" content=\"summary_large_image\" \/>\n<meta name=\"twitter:description\" content=\"[playlist type=&quot;video&quot; ids=&quot;55490&quot;]\" \/>\n<meta name=\"twitter:label1\" content=\"Gesch\u00e4tzte Lesezeit\" \/>\n\t<meta name=\"twitter:data1\" content=\"4\u00a0Minuten\" \/>\n<script type=\"application\/ld+json\" class=\"yoast-schema-graph\">{\"@context\":\"https:\\\/\\\/schema.org\",\"@graph\":[{\"@type\":\"WebPage\",\"@id\":\"https:\\\/\\\/labelfree.nl\\\/product\\\/st807-stretch-polo\\\/\",\"url\":\"https:\\\/\\\/labelfree.nl\\\/product\\\/st807-stretch-polo\\\/\",\"name\":\"Poloshirt Stretch - Labelfree\",\"isPartOf\":{\"@id\":\"https:\\\/\\\/labelfree.nl\\\/#website\"},\"primaryImageOfPage\":{\"@id\":\"https:\\\/\\\/labelfree.nl\\\/product\\\/st807-stretch-polo\\\/#primaryimage\"},\"image\":{\"@id\":\"https:\\\/\\\/labelfree.nl\\\/product\\\/st807-stretch-polo\\\/#primaryimage\"},\"thumbnailUrl\":\"https:\\\/\\\/labelfree.nl\\\/wp-content\\\/uploads\\\/2024\\\/10\\\/000807_Stretch_Polo_01c.jpg\",\"datePublished\":\"2024-10-24T16:59:38+00:00\",\"dateModified\":\"2026-04-19T00:04:44+00:00\",\"breadcrumb\":{\"@id\":\"https:\\\/\\\/labelfree.nl\\\/product\\\/st807-stretch-polo\\\/#breadcrumb\"},\"inLanguage\":\"de\",\"potentialAction\":[{\"@type\":\"ReadAction\",\"target\":[\"https:\\\/\\\/labelfree.nl\\\/product\\\/st807-stretch-polo\\\/\"]}]},{\"@type\":\"ImageObject\",\"inLanguage\":\"de\",\"@id\":\"https:\\\/\\\/labelfree.nl\\\/product\\\/st807-stretch-polo\\\/#primaryimage\",\"url\":\"https:\\\/\\\/labelfree.nl\\\/wp-content\\\/uploads\\\/2024\\\/10\\\/000807_Stretch_Polo_01c.jpg\",\"contentUrl\":\"https:\\\/\\\/labelfree.nl\\\/wp-content\\\/uploads\\\/2024\\\/10\\\/000807_Stretch_Polo_01c.jpg\",\"width\":1279,\"height\":1920},{\"@type\":\"BreadcrumbList\",\"@id\":\"https:\\\/\\\/labelfree.nl\\\/product\\\/st807-stretch-polo\\\/#breadcrumb\",\"itemListElement\":[{\"@type\":\"ListItem\",\"position\":1,\"name\":\"Home\",\"item\":\"https:\\\/\\\/labelfree.nl\\\/\"},{\"@type\":\"ListItem\",\"position\":2,\"name\":\"Webshop\",\"item\":\"https:\\\/\\\/labelfree.nl\\\/webshop\\\/\"},{\"@type\":\"ListItem\",\"position\":3,\"name\":\"Poloshirt Stretch\"}]},{\"@type\":\"WebSite\",\"@id\":\"https:\\\/\\\/labelfree.nl\\\/#website\",\"url\":\"https:\\\/\\\/labelfree.nl\\\/\",\"name\":\"Labelfree\",\"description\":\"Brandless quality\",\"potentialAction\":[{\"@type\":\"SearchAction\",\"target\":{\"@type\":\"EntryPoint\",\"urlTemplate\":\"https:\\\/\\\/labelfree.nl\\\/?s={search_term_string}\"},\"query-input\":{\"@type\":\"PropertyValueSpecification\",\"valueRequired\":true,\"valueName\":\"search_term_string\"}}],\"inLanguage\":\"de\"}]}<\/script>\n<!-- \/ Yoast SEO plugin. -->","yoast_head_json":{"title":"Poloshirt Stretch - Etikettenfrei","robots":{"index":"index","follow":"follow","max-snippet":"max-snippet:-1","max-image-preview":"max-image-preview:large","max-video-preview":"max-video-preview:-1"},"canonical":"https:\/\/labelfree.nl\/de\/produkt\/st807-stretch-polo\/","og_locale":"de_DE","og_type":"article","og_title":"Poloshirt Stretch - Labelfree","og_url":"https:\/\/labelfree.nl\/de\/produkt\/st807-stretch-polo\/","og_site_name":"Labelfree","article_modified_time":"2026-04-19T00:04:44+00:00","og_image":[{"width":1279,"height":1920,"url":"https:\/\/labelfree.nl\/wp-content\/uploads\/2024\/10\/000807_Stretch_Polo_01c.jpg","type":"image\/jpeg"}],"twitter_card":"summary_large_image","twitter_description":"[playlist type=\"video\" ids=\"55490\"]","twitter_misc":{"Gesch\u00e4tzte Lesezeit":"4\u00a0Minuten"},"schema":{"@context":"https:\/\/schema.org","@graph":[{"@type":"WebPage","@id":"https:\/\/labelfree.nl\/product\/st807-stretch-polo\/","url":"https:\/\/labelfree.nl\/product\/st807-stretch-polo\/","name":"Poloshirt Stretch - Etikettenfrei","isPartOf":{"@id":"https:\/\/labelfree.nl\/#website"},"primaryImageOfPage":{"@id":"https:\/\/labelfree.nl\/product\/st807-stretch-polo\/#primaryimage"},"image":{"@id":"https:\/\/labelfree.nl\/product\/st807-stretch-polo\/#primaryimage"},"thumbnailUrl":"https:\/\/labelfree.nl\/wp-content\/uploads\/2024\/10\/000807_Stretch_Polo_01c.jpg","datePublished":"2024-10-24T16:59:38+00:00","dateModified":"2026-04-19T00:04:44+00:00","breadcrumb":{"@id":"https:\/\/labelfree.nl\/product\/st807-stretch-polo\/#breadcrumb"},"inLanguage":"de","potentialAction":[{"@type":"ReadAction","target":["https:\/\/labelfree.nl\/product\/st807-stretch-polo\/"]}]},{"@type":"ImageObject","inLanguage":"de","@id":"https:\/\/labelfree.nl\/product\/st807-stretch-polo\/#primaryimage","url":"https:\/\/labelfree.nl\/wp-content\/uploads\/2024\/10\/000807_Stretch_Polo_01c.jpg","contentUrl":"https:\/\/labelfree.nl\/wp-content\/uploads\/2024\/10\/000807_Stretch_Polo_01c.jpg","width":1279,"height":1920},{"@type":"BreadcrumbList","@id":"https:\/\/labelfree.nl\/product\/st807-stretch-polo\/#breadcrumb","itemListElement":[{"@type":"ListItem","position":1,"name":"Home","item":"https:\/\/labelfree.nl\/"},{"@type":"ListItem","position":2,"name":"Webshop","item":"https:\/\/labelfree.nl\/webshop\/"},{"@type":"ListItem","position":3,"name":"Poloshirt Stretch"}]},{"@type":"WebSite","@id":"https:\/\/labelfree.nl\/#website","url":"https:\/\/labelfree.nl\/","name":"Etikettenfrei","description":"Markenlose Qualit\u00e4t","potentialAction":[{"@type":"SearchAction","target":{"@type":"EntryPoint","urlTemplate":"https:\/\/labelfree.nl\/?s={search_term_string}"},"query-input":{"@type":"PropertyValueSpecification","valueRequired":true,"valueName":"search_term_string"}}],"inLanguage":"de"}]}},"jetpack_sharing_enabled":true,"_links":{"self":[{"href":"https:\/\/labelfree.nl\/de\/wp-json\/wp\/v2\/product\/44207","targetHints":{"allow":["GET"]}}],"collection":[{"href":"https:\/\/labelfree.nl\/de\/wp-json\/wp\/v2\/product"}],"about":[{"href":"https:\/\/labelfree.nl\/de\/wp-json\/wp\/v2\/types\/product"}],"wp:featuredmedia":[{"embeddable":true,"href":"https:\/\/labelfree.nl\/de\/wp-json\/wp\/v2\/media\/54807"}],"wp:attachment":[{"href":"https:\/\/labelfree.nl\/de\/wp-json\/wp\/v2\/media?parent=44207"}],"wp:term":[{"taxonomy":"product_brand","embeddable":true,"href":"https:\/\/labelfree.nl\/de\/wp-json\/wp\/v2\/product_brand?post=44207"},{"taxonomy":"product_cat","embeddable":true,"href":"https:\/\/labelfree.nl\/de\/wp-json\/wp\/v2\/product_cat?post=44207"},{"taxonomy":"product_tag","embeddable":true,"href":"https:\/\/labelfree.nl\/de\/wp-json\/wp\/v2\/product_tag?post=44207"}],"curies":[{"name":"wp","href":"https:\/\/api.w.org\/{rel}","templated":true}]}}