{"id":44304,"date":"2024-10-24T19:01:02","date_gmt":"2024-10-24T17:01:02","guid":{"rendered":"https:\/\/labelfree.nl\/product\/st710-cotton-hooded-sweat\/"},"modified":"2026-04-17T02:05:31","modified_gmt":"2026-04-17T00:05:31","slug":"hoodie-biologisch-katoen-duurzaam-printmogelijkheden","status":"publish","type":"product","link":"https:\/\/labelfree.nl\/de\/produkt\/kapuzensweat-aus-st710-baumwolle\/","title":{"rendered":"Hoodie aus Bio-Baumwolle"},"content":{"rendered":"<div style=\"width: 800px;\" class=\"wp-video\"><video class=\"wp-video-shortcode\" id=\"video-44304-1\" width=\"800\" height=\"450\" preload=\"metadata\" controls=\"controls\"><source type=\"video\/mp4\" src=\"https:\/\/labelfree.nl\/wp-content\/uploads\/2024\/10\/000710-Hooedie-cotton.mp4?_=1\" \/><a href=\"https:\/\/labelfree.nl\/wp-content\/uploads\/2024\/10\/000710-Hooedie-cotton.mp4\">https:\/\/labelfree.nl\/wp-content\/uploads\/2024\/10\/000710-Hooedie-cotton.mp4<\/a><\/video><\/div>\n<p>&nbsp;<\/p>\n<p><span style=\"color: #333333;\">Klassischer Hoodie aus 100% Bio-Baumwolle. Wei\u00df<\/span>, Druckoptionen. Unisex. K\u00e4ngurutasche. Insoli-Jersey-Gewebe, 290 g\/m\u00b2. Weiches Tragegef\u00fchl und bequeme Passform.<\/p>\n<p><span style=\"color: #333333;\"><em>F\u00fcr die korrekte Farbdarstellung und -beschreibung klicken Sie auf das betreffende Hemd und anschlie\u00dfend erneut auf die Lupe.<\/em><\/span><\/p>\n<h3><span style=\"color: #5a7699;\"><strong>Kapuzenpullover aus Bio-Baumwolle<\/strong><\/span><\/h3>\n<p><strong>100% Bio-Baumwolle, Isoli 290 g\/m\u00b2<\/strong><\/p>\n<p><img decoding=\"async\" src=\"https:\/\/www.stormtextil.dk\/sites\/default\/files\/inline-images\/OTS100_label_19.HBD__1.jpg\" alt=\"\u00d6ko-Tex-zertifiziert\" \/><\/p>\n<ul>\n<li>Qualit\u00e4t: 100% Bio-Baumwolle (GOTS-zertifiziert)<\/li>\n<li>Oxford Grey: 851 TP3T Bio-Baumwolle \/ 151 TP3T Viskose (OCS-Mischgewebe-zertifiziert)<\/li>\n<li>Isoli-Trikot<\/li>\n<li>Gewicht: 290 g\/m\u00b2<\/li>\n<li>K\u00e4ngurutasche<\/li>\n<li>Erh\u00e4ltlich in 8 Farben<\/li>\n<li>Erh\u00e4ltlich in den Gr\u00f6\u00dfen XS bis 5XL<\/li>\n<li>Ungebrandeter Hoodie. Geeignet f\u00fcr Siebdruck, Transferdruck, DTG-Druck und Stickerei.<\/li>\n<li>Kleines Gr\u00f6\u00dfenetikett im Halsausschnitt<\/li>\n<li>Karton: 25 St\u00fcck. Einzelverpackung: 10 St\u00fcck. Auch einzeln erh\u00e4ltlich.<\/li>\n<\/ul>\n<p>&nbsp;<\/p>\n<h4><span style=\"color: #5a7699;\"><strong>Hoodie aus 100% Bio-Baumwolle \u2013 weich und atmungsaktiv<\/strong><\/span><\/h4>\n<p>Unser Kapuzenpullover aus 100 % Bio-Baumwolle (1001 % TP3T) ist weich, atmungsaktiv und f\u00fchlt sich angenehm nat\u00fcrlich an. Die Innenseite ist leicht angeraut und dadurch besonders weich und warm. Die GOTS-Zertifizierung (Global Organic Textile Standard) garantiert eine umweltfreundliche Produktion ohne Verwendung sch\u00e4dlicher Chemikalien.<\/p>\n<p>Der Hoodie verf\u00fcgt \u00fcber eine K\u00e4ngurutasche, die sich \u00fcber den gerippten Saum erstreckt und dadurch etwas gr\u00f6\u00dfer wirkt. Dies verleiht dem Pullover ein einzigartiges Detail, das Sie bei unseren anderen Sweatshirts nicht finden. Die Ober- und Unterseite der Taschen\u00f6ffnung sind zudem mit zus\u00e4tzlichen Ziern\u00e4hten versehen.<\/p>\n<p>Dreifach-Flachn\u00e4hte zieren die K\u00e4ngurutasche, die Kapuze, die Armausschnitte, die \u00c4rmel und die B\u00fcndchen der Rippstrickb\u00fcndchen. Diese Flachn\u00e4hte sorgen f\u00fcr Stabilit\u00e4t und verleihen dem Kleidungsst\u00fcck gleichzeitig ein modernes, dekoratives Detail.<\/p>\n<p>Die Kapuze ist mit Single-Jersey gef\u00fcttert. Der Kordelzug ist mit Flachn\u00e4hten versehen, 1,5 cm breit und hat ein geschlossenes Metall\u00f6sende. Die \u00d6ffnung f\u00fcr den Kordelzug ist rund und mit robustem Garn und festen N\u00e4hten um die Kordel\u00f6ffnung herum vern\u00e4ht.<\/p>\n<p>Der gerippte Saum besteht aus einem 2x2-Baumwoll-Elastan-Rippstrick. Der Elastananteil sorgt f\u00fcr zus\u00e4tzliche Flexibilit\u00e4t und verl\u00e4ngert die Lebensdauer des Pullovers, auch nach vielen W\u00e4schen. Die gerippten B\u00fcndchen und der Saum sind aus dem gleichen Material gefertigt, was dem Sweatshirt einen einheitlichen und eleganten Look verleiht.<\/p>\n<h4><span style=\"color: #5a7699;\"><strong>Materialangaben<\/strong><\/span><\/h4>\n<p>Das Sweatshirt besteht aus 1001 % Bio-Baumwolle (1001 % TFP). Dieses Material ist weich, hautfreundlich, atmungsaktiv und feuchtigkeitsableitend und bietet hohen Tragekomfort ohne synthetisches Gef\u00fchl. Es f\u00e4llt wundersch\u00f6n und flie\u00dfend. Der Stoff ist etwas weniger rutschig als eine Baumwollmischung und hat eine mattere, transparentere Optik.<\/p>\n<p>Der Stoff ist Isoli, 290 g\/m\u00b2. Isoli-Stoff wird als Single-Jersey gestrickt, wobei w\u00e4hrend der Produktion ein zus\u00e4tzlicher Faden auf der linken Seite eingearbeitet wird. Diese Seite wird hier angeraut, wodurch die R\u00fcckseite weich und warm wirkt.<\/p>\n<p>Die Verarbeitung erfolgt mit Flachn\u00e4hten. Flachn\u00e4hte bestehen aus drei geraden Stichen mit dazwischenliegenden Zickzackstichen auf der rechten Seite, wodurch der Saum deutlicher sichtbar ist als bei einer herk\u00f6mmlichen Doppelnaht.<\/p>\n<h4><span style=\"color: #5a7699;\"><strong>Druck-, Stick- und Beschriftungsm\u00f6glichkeiten<\/strong><\/span><\/h4>\n<p>M\u00f6chten Sie unbedruckte Kleidung bestellen, mit Ihrem eigenen Design bedrucken lassen oder ben\u00f6tigen Sie selbst aufzubringende Drucke? Bei Labelfree steht Ihnen unser Team bei jedem Schritt zur Seite.<\/p>\n<p>Labelfree bietet verschiedene Druckm\u00f6glichkeiten, darunter Transferdruck, DTF, Siebdruck und Stickerei. Auch eigene Nackendrucke und Etiketten, beispielsweise auf den \u00c4rmel, sind m\u00f6glich.<\/p>\n<p>Ben\u00f6tigen Sie Hilfe bei Ihrem eigenen Design? Unsere Grafikdesigner unterst\u00fctzen Sie gerne. So stellen wir sicher, dass das Endprodukt perfekt auf Ihre Bed\u00fcrfnisse zugeschnitten ist. Sie erhalten immer zun\u00e4chst ein kostenloses, visuelles Angebot. Kontaktieren Sie uns, um die M\u00f6glichkeiten zur Erstellung Ihrer eigenen Kollektion zu erkunden.<\/p>\n<p>&nbsp;<\/p>\n<p>Gr\u00f6\u00dfentabelle<\/p>\n<p><img fetchpriority=\"high\" decoding=\"async\" class=\"\" src=\"https:\/\/www.stormtextil.dk\/sites\/default\/files\/size-charts\/000710_Cotton_Hooded_Sweat.png\" width=\"689\" height=\"88\" \/><\/p>\n<p>&nbsp;<\/p>\n<p>Pflegeanleitung<\/p>\n<p><img decoding=\"async\" class=\"\" src=\"https:\/\/www.stormtextil.dk\/sites\/default\/files\/2018-04\/Storm_washing_instructions_40_56.gif\" width=\"166\" height=\"25\" \/><\/p>\n<p>&nbsp;<\/p>\n<p>&nbsp;<\/p>","protected":false},"excerpt":{"rendered":"<p>&nbsp; Klassieke hoodie, 100% biologisch katoen. Blanco, printmogelijkheden. Unisex. Kangoeroezak. Isoli jersey stof, 290 g\/m\u00b2. Zachte feel en fijne fit voor de juiste kleur weergave- en omschrijving klikt u op het betreffende shirt en nogmaals op het vergrootglas hoody organic cotton 100% Biologisch katoen, Isoli 290 g\/m\u00b2 Kwaliteit: 100% biologisch katoen (GOTS-gecertificeerd) Oxford Grey: 85% [&hellip;]<\/p>\n","protected":false},"featured_media":54826,"template":"","meta":{"_acf_changed":false},"product_brand":[],"product_cat":[110,142,424,108],"product_tag":[],"class_list":{"0":"post-44304","1":"product","2":"type-product","3":"status-publish","4":"has-post-thumbnail","6":"product_cat-hooded-sweat","7":"product_cat-organic-hoodies","8":"product_cat-sweaters","9":"product_cat-sweatshirts","10":"pa_size-2xl","11":"pa_size-3xl","12":"pa_size-4xl","13":"pa_size-5xl","14":"pa_size-l","15":"pa_size-m","16":"pa_size-s","17":"pa_size-xl","18":"pa_size-xs","20":"first","21":"instock","22":"taxable","23":"shipping-taxable","24":"purchasable","25":"product-type-variable"},"acf":[],"yoast_head":"<!-- This site is optimized with the Yoast SEO plugin v27.4 - https:\/\/yoast.com\/product\/yoast-seo-wordpress\/ -->\n<title>Hoodie biologisch katoen - Labelfree<\/title>\n<meta name=\"description\" content=\"Klassieke hoodie, 100% biologisch katoen. Merkloos, printmogelijkheden, ontwerphulp. Isoli jersey stof, 290 g\/m\u00b2. Zachte feel en fijne fit\" \/>\n<meta name=\"robots\" content=\"index, follow, max-snippet:-1, max-image-preview:large, max-video-preview:-1\" \/>\n<link rel=\"canonical\" href=\"https:\/\/labelfree.nl\/de\/produkt\/kapuzensweat-aus-st710-baumwolle\/\" \/>\n<meta property=\"og:locale\" content=\"de_DE\" \/>\n<meta property=\"og:type\" content=\"article\" \/>\n<meta property=\"og:title\" content=\"Hoodie biologisch katoen - Labelfree\" \/>\n<meta property=\"og:description\" content=\"Klassieke hoodie, 100% biologisch katoen. Merkloos, printmogelijkheden, ontwerphulp. Isoli jersey stof, 290 g\/m\u00b2. Zachte feel en fijne fit\" \/>\n<meta property=\"og:url\" content=\"https:\/\/labelfree.nl\/de\/produkt\/kapuzensweat-aus-st710-baumwolle\/\" \/>\n<meta property=\"og:site_name\" content=\"Labelfree\" \/>\n<meta property=\"article:modified_time\" content=\"2026-04-17T00:05:31+00:00\" \/>\n<meta property=\"og:image\" content=\"https:\/\/labelfree.nl\/wp-content\/uploads\/2024\/10\/000710_CottonHooded_01c.jpg\" \/>\n\t<meta property=\"og:image:width\" content=\"1279\" \/>\n\t<meta property=\"og:image:height\" content=\"1920\" \/>\n\t<meta property=\"og:image:type\" content=\"image\/jpeg\" \/>\n<meta name=\"twitter:card\" content=\"summary_large_image\" \/>\n<meta name=\"twitter:label1\" content=\"Gesch\u00e4tzte Lesezeit\" \/>\n\t<meta name=\"twitter:data1\" content=\"4\u00a0Minuten\" \/>\n<script type=\"application\/ld+json\" class=\"yoast-schema-graph\">{\"@context\":\"https:\\\/\\\/schema.org\",\"@graph\":[{\"@type\":\"WebPage\",\"@id\":\"https:\\\/\\\/labelfree.nl\\\/product\\\/hoodie-biologisch-katoen-duurzaam-printmogelijkheden\\\/\",\"url\":\"https:\\\/\\\/labelfree.nl\\\/product\\\/hoodie-biologisch-katoen-duurzaam-printmogelijkheden\\\/\",\"name\":\"Hoodie biologisch katoen - Labelfree\",\"isPartOf\":{\"@id\":\"https:\\\/\\\/labelfree.nl\\\/#website\"},\"primaryImageOfPage\":{\"@id\":\"https:\\\/\\\/labelfree.nl\\\/product\\\/hoodie-biologisch-katoen-duurzaam-printmogelijkheden\\\/#primaryimage\"},\"image\":{\"@id\":\"https:\\\/\\\/labelfree.nl\\\/product\\\/hoodie-biologisch-katoen-duurzaam-printmogelijkheden\\\/#primaryimage\"},\"thumbnailUrl\":\"https:\\\/\\\/labelfree.nl\\\/wp-content\\\/uploads\\\/2024\\\/10\\\/000710_CottonHooded_01c.jpg\",\"datePublished\":\"2024-10-24T17:01:02+00:00\",\"dateModified\":\"2026-04-17T00:05:31+00:00\",\"description\":\"Klassieke hoodie, 100% biologisch katoen. Merkloos, printmogelijkheden, ontwerphulp. Isoli jersey stof, 290 g\\\/m\u00b2. Zachte feel en fijne fit\",\"breadcrumb\":{\"@id\":\"https:\\\/\\\/labelfree.nl\\\/product\\\/hoodie-biologisch-katoen-duurzaam-printmogelijkheden\\\/#breadcrumb\"},\"inLanguage\":\"de\",\"potentialAction\":[{\"@type\":\"ReadAction\",\"target\":[\"https:\\\/\\\/labelfree.nl\\\/product\\\/hoodie-biologisch-katoen-duurzaam-printmogelijkheden\\\/\"]}]},{\"@type\":\"ImageObject\",\"inLanguage\":\"de\",\"@id\":\"https:\\\/\\\/labelfree.nl\\\/product\\\/hoodie-biologisch-katoen-duurzaam-printmogelijkheden\\\/#primaryimage\",\"url\":\"https:\\\/\\\/labelfree.nl\\\/wp-content\\\/uploads\\\/2024\\\/10\\\/000710_CottonHooded_01c.jpg\",\"contentUrl\":\"https:\\\/\\\/labelfree.nl\\\/wp-content\\\/uploads\\\/2024\\\/10\\\/000710_CottonHooded_01c.jpg\",\"width\":1279,\"height\":1920},{\"@type\":\"BreadcrumbList\",\"@id\":\"https:\\\/\\\/labelfree.nl\\\/product\\\/hoodie-biologisch-katoen-duurzaam-printmogelijkheden\\\/#breadcrumb\",\"itemListElement\":[{\"@type\":\"ListItem\",\"position\":1,\"name\":\"Home\",\"item\":\"https:\\\/\\\/labelfree.nl\\\/\"},{\"@type\":\"ListItem\",\"position\":2,\"name\":\"Webshop\",\"item\":\"https:\\\/\\\/labelfree.nl\\\/webshop\\\/\"},{\"@type\":\"ListItem\",\"position\":3,\"name\":\"Hoodie biologisch katoen\"}]},{\"@type\":\"WebSite\",\"@id\":\"https:\\\/\\\/labelfree.nl\\\/#website\",\"url\":\"https:\\\/\\\/labelfree.nl\\\/\",\"name\":\"Labelfree\",\"description\":\"Brandless quality\",\"potentialAction\":[{\"@type\":\"SearchAction\",\"target\":{\"@type\":\"EntryPoint\",\"urlTemplate\":\"https:\\\/\\\/labelfree.nl\\\/?s={search_term_string}\"},\"query-input\":{\"@type\":\"PropertyValueSpecification\",\"valueRequired\":true,\"valueName\":\"search_term_string\"}}],\"inLanguage\":\"de\"}]}<\/script>\n<!-- \/ Yoast SEO plugin. -->","yoast_head_json":{"title":"Hoodie aus Bio-Baumwolle \u2013 Labelfree","description":"Klassischer Hoodie aus 100% Bio-Baumwolle. Ohne Markenlogo, verschiedene Druckoptionen, Designberatung. Isoli-Jersey-Stoff, 290 g\/m\u00b2. Angenehm weich und bequem.","robots":{"index":"index","follow":"follow","max-snippet":"max-snippet:-1","max-image-preview":"max-image-preview:large","max-video-preview":"max-video-preview:-1"},"canonical":"https:\/\/labelfree.nl\/de\/produkt\/kapuzensweat-aus-st710-baumwolle\/","og_locale":"de_DE","og_type":"article","og_title":"Hoodie biologisch katoen - Labelfree","og_description":"Klassieke hoodie, 100% biologisch katoen. Merkloos, printmogelijkheden, ontwerphulp. Isoli jersey stof, 290 g\/m\u00b2. Zachte feel en fijne fit","og_url":"https:\/\/labelfree.nl\/de\/produkt\/kapuzensweat-aus-st710-baumwolle\/","og_site_name":"Labelfree","article_modified_time":"2026-04-17T00:05:31+00:00","og_image":[{"width":1279,"height":1920,"url":"https:\/\/labelfree.nl\/wp-content\/uploads\/2024\/10\/000710_CottonHooded_01c.jpg","type":"image\/jpeg"}],"twitter_card":"summary_large_image","twitter_misc":{"Gesch\u00e4tzte Lesezeit":"4\u00a0Minuten"},"schema":{"@context":"https:\/\/schema.org","@graph":[{"@type":"WebPage","@id":"https:\/\/labelfree.nl\/product\/hoodie-biologisch-katoen-duurzaam-printmogelijkheden\/","url":"https:\/\/labelfree.nl\/product\/hoodie-biologisch-katoen-duurzaam-printmogelijkheden\/","name":"Hoodie aus Bio-Baumwolle \u2013 Labelfree","isPartOf":{"@id":"https:\/\/labelfree.nl\/#website"},"primaryImageOfPage":{"@id":"https:\/\/labelfree.nl\/product\/hoodie-biologisch-katoen-duurzaam-printmogelijkheden\/#primaryimage"},"image":{"@id":"https:\/\/labelfree.nl\/product\/hoodie-biologisch-katoen-duurzaam-printmogelijkheden\/#primaryimage"},"thumbnailUrl":"https:\/\/labelfree.nl\/wp-content\/uploads\/2024\/10\/000710_CottonHooded_01c.jpg","datePublished":"2024-10-24T17:01:02+00:00","dateModified":"2026-04-17T00:05:31+00:00","description":"Klassischer Hoodie aus 100% Bio-Baumwolle. Ohne Markenlogo, verschiedene Druckoptionen, Designberatung. Isoli-Jersey-Stoff, 290 g\/m\u00b2. Angenehm weich und bequem.","breadcrumb":{"@id":"https:\/\/labelfree.nl\/product\/hoodie-biologisch-katoen-duurzaam-printmogelijkheden\/#breadcrumb"},"inLanguage":"de","potentialAction":[{"@type":"ReadAction","target":["https:\/\/labelfree.nl\/product\/hoodie-biologisch-katoen-duurzaam-printmogelijkheden\/"]}]},{"@type":"ImageObject","inLanguage":"de","@id":"https:\/\/labelfree.nl\/product\/hoodie-biologisch-katoen-duurzaam-printmogelijkheden\/#primaryimage","url":"https:\/\/labelfree.nl\/wp-content\/uploads\/2024\/10\/000710_CottonHooded_01c.jpg","contentUrl":"https:\/\/labelfree.nl\/wp-content\/uploads\/2024\/10\/000710_CottonHooded_01c.jpg","width":1279,"height":1920},{"@type":"BreadcrumbList","@id":"https:\/\/labelfree.nl\/product\/hoodie-biologisch-katoen-duurzaam-printmogelijkheden\/#breadcrumb","itemListElement":[{"@type":"ListItem","position":1,"name":"Home","item":"https:\/\/labelfree.nl\/"},{"@type":"ListItem","position":2,"name":"Webshop","item":"https:\/\/labelfree.nl\/webshop\/"},{"@type":"ListItem","position":3,"name":"Hoodie biologisch katoen"}]},{"@type":"WebSite","@id":"https:\/\/labelfree.nl\/#website","url":"https:\/\/labelfree.nl\/","name":"Etikettenfrei","description":"Markenlose Qualit\u00e4t","potentialAction":[{"@type":"SearchAction","target":{"@type":"EntryPoint","urlTemplate":"https:\/\/labelfree.nl\/?s={search_term_string}"},"query-input":{"@type":"PropertyValueSpecification","valueRequired":true,"valueName":"search_term_string"}}],"inLanguage":"de"}]}},"jetpack_sharing_enabled":true,"_links":{"self":[{"href":"https:\/\/labelfree.nl\/de\/wp-json\/wp\/v2\/product\/44304","targetHints":{"allow":["GET"]}}],"collection":[{"href":"https:\/\/labelfree.nl\/de\/wp-json\/wp\/v2\/product"}],"about":[{"href":"https:\/\/labelfree.nl\/de\/wp-json\/wp\/v2\/types\/product"}],"wp:featuredmedia":[{"embeddable":true,"href":"https:\/\/labelfree.nl\/de\/wp-json\/wp\/v2\/media\/54826"}],"wp:attachment":[{"href":"https:\/\/labelfree.nl\/de\/wp-json\/wp\/v2\/media?parent=44304"}],"wp:term":[{"taxonomy":"product_brand","embeddable":true,"href":"https:\/\/labelfree.nl\/de\/wp-json\/wp\/v2\/product_brand?post=44304"},{"taxonomy":"product_cat","embeddable":true,"href":"https:\/\/labelfree.nl\/de\/wp-json\/wp\/v2\/product_cat?post=44304"},{"taxonomy":"product_tag","embeddable":true,"href":"https:\/\/labelfree.nl\/de\/wp-json\/wp\/v2\/product_tag?post=44304"}],"curies":[{"name":"wp","href":"https:\/\/api.w.org\/{rel}","templated":true}]}}