{"id":44374,"date":"2024-10-24T19:01:54","date_gmt":"2024-10-24T17:01:54","guid":{"rendered":"https:\/\/labelfree.nl\/product\/st700-cotton-sweat\/"},"modified":"2026-04-18T02:04:58","modified_gmt":"2026-04-18T00:04:58","slug":"st700-cotton-sweat","status":"publish","type":"product","link":"https:\/\/labelfree.nl\/de\/produkt\/st700-baumwollsweat\/","title":{"rendered":"Sweatshirt aus Bio-Baumwolle"},"content":{"rendered":"<p><span style=\"color: #333333;\">Klassischer Unisex-Baumwollpullover. Isoli-Jersey-Gewebe, 280 g\/m\u00b2. Bequem und vielseitig.<\/span><\/p>\n<p><span style=\"color: #333333;\"><em>F\u00fcr die korrekte Farbdarstellung und -beschreibung klicken Sie auf das betreffende Hemd und anschlie\u00dfend erneut auf die Lupe.<\/em><\/span><\/p>\n<h3><span style=\"color: #5a7699;\"><strong>Sweatshirt aus Bio-Baumwolle<\/strong><\/span><\/h3>\n<p><strong>100% Bio-Baumwolle, Isoli 290 g\/m\u00b2<\/strong><\/p>\n<p><img decoding=\"async\" src=\"https:\/\/www.stormtextil.dk\/sites\/default\/files\/inline-images\/OTS100_label_19.HBD__1.jpg\" alt=\"\u00d6ko-Tex-zertifiziert\" \/><\/p>\n<ul>\n<li>Material: 100% Bio-Baumwolle (gek\u00e4mmt)<\/li>\n<li>Farbe Oxford Grey: 85% gek\u00e4mmte Baumwolle \/ 15% Viskose<\/li>\n<li>Isoli-Trikot<\/li>\n<li>Gewicht: 290 g\/m\u00b2<\/li>\n<li>Erh\u00e4ltlich in 5 Farben<\/li>\n<li>Erh\u00e4ltlich in Kindergr\u00f6\u00dfen von 4 Jahren bis 3XL<\/li>\n<li>Kleines Gr\u00f6\u00dfenetikett im Halsausschnitt<\/li>\n<li>Karton: 25 St\u00fcck. Einzelverpackung: 10 St\u00fcck. Auch einzeln erh\u00e4ltlich.<\/li>\n<\/ul>\n<p><strong>\u00a0<\/strong><\/p>\n<h4><span style=\"color: #5a7699;\"><strong>Unisex-Pullover aus Bio-Baumwolle \u2013 l\u00e4ssig und nachhaltig <\/strong><\/span><\/h4>\n<p>Dieser Baumwollpullover hat einen Rundhalsausschnitt und ein besonderes Detail: einen V-f\u00f6rmigen Ausschnitt aus dem gleichen Stoff wie der Halsausschnitt. Dieser V-Ausschnitt verleiht dem Pullover eine einzigartige Optik und sorgt f\u00fcr mehr Elastizit\u00e4t beim Tragen.<\/p>\n<p>Der gerippte Saum besteht aus einem 2x2-Baumwoll-Elastan-Rippstrick. Der Elastananteil sorgt f\u00fcr zus\u00e4tzliche Flexibilit\u00e4t und verl\u00e4ngert die Lebensdauer des Pullovers, auch nach vielen W\u00e4schen. Die gerippten B\u00fcndchen und der Saum sind aus dem gleichen Material gefertigt, was dem Sweatshirt einen einheitlichen und eleganten Look verleiht.<\/p>\n<p>Dreifach-Flachn\u00e4hte zieren den Halsausschnitt, den V-f\u00f6rmigen Rippstricksaum, die Armausschnitte, die B\u00fcndchen und den Saum. Die Innenseite des Pullovers ist leicht angeraut und sorgt so f\u00fcr ein weiches und warmes Tragegef\u00fchl.<\/p>\n<h4><span style=\"color: #5a7699;\"><strong>Materialangaben<\/strong><\/span><\/h4>\n<p>Es besteht aus 100% Bio-Baumwolle (290 g\/m\u00b2) und ist aus Isoli-Jersey gefertigt. Isoli-Stoff wird als Single-Jersey gestrickt, wobei w\u00e4hrend der Produktion ein zus\u00e4tzlicher Faden auf der R\u00fcckseite eingearbeitet wird. Diese Seite wird oft angeraut oder angeraut, wodurch die R\u00fcckseite weich und warm wird.<\/p>\n<h4><span style=\"color: #5a7699;\"><strong>Druck-, Stick- und Beschriftungsm\u00f6glichkeiten<\/strong><\/span><\/h4>\n<p>M\u00f6chten Sie unbedruckte Kleidung bestellen, mit Ihrem eigenen Design bedrucken lassen oder ben\u00f6tigen Sie selbst aufzubringende Drucke? Bei Labelfree steht Ihnen unser Team bei jedem Schritt zur Seite.<\/p>\n<p>Labelfree bietet verschiedene Druckm\u00f6glichkeiten, darunter Transferdruck, DTF, Siebdruck und Stickerei. Auch eigene Nackendrucke und Etiketten, beispielsweise auf den \u00c4rmel, sind m\u00f6glich.<\/p>\n<p>Ben\u00f6tigen Sie Hilfe bei Ihrem eigenen Design? Unsere Grafikdesigner unterst\u00fctzen Sie gerne. So stellen wir sicher, dass das Endprodukt perfekt auf Ihre Bed\u00fcrfnisse zugeschnitten ist. Sie erhalten immer zun\u00e4chst ein kostenloses, visuelles Angebot. Kontaktieren Sie uns, um die M\u00f6glichkeiten zur Erstellung Ihrer eigenen Kollektion zu erkunden.<\/p>\n<p>&nbsp;<\/p>\n<p>Gr\u00f6\u00dfentabelle<\/p>\n<p><img decoding=\"async\" class=\"\" src=\"https:\/\/www.stormtextil.dk\/sites\/default\/files\/size-charts\/000700_Cotton_Sweat.png\" width=\"577\" height=\"73\" \/><\/p>\n<p>&nbsp;<\/p>\n<p>Pflegeanleitung<\/p>\n<p><img decoding=\"async\" class=\"\" src=\"https:\/\/www.stormtextil.dk\/sites\/default\/files\/2018-04\/Storm_washing_instructions_40_55.gif\" width=\"166\" height=\"25\" \/><\/p>\n<p>&nbsp;<\/p>","protected":false},"excerpt":{"rendered":"<p>Klassieke katoenen sweater, unisex. Isoli jersey stof, 280 g\/m\u00b2. Fijn draagcomfort en veelzijdig voor de juiste kleur weergave- en omschrijving klikt u op het betreffende shirt en nogmaals op het vergrootglas sweatshirt organic cotton 100% Biologisch katoen, Isoli 290 g\/m\u00b2 Materiaal: 100% biologisch gekamd katoen Kleur Oxford grey: 85% gekamd katoen \/ 15% viscose Isoli [&hellip;]<\/p>\n","protected":false},"featured_media":54837,"template":"","meta":{"_acf_changed":false},"product_brand":[],"product_cat":[109,424,108],"product_tag":[],"class_list":{"0":"post-44374","1":"product","2":"type-product","3":"status-publish","4":"has-post-thumbnail","6":"product_cat-crew-neck","7":"product_cat-sweaters","8":"product_cat-sweatshirts","9":"pa_size-2xl","10":"pa_size-3xl","11":"pa_size-l","12":"pa_size-m","13":"pa_size-s","14":"pa_size-xl","15":"pa_size-xs","17":"first","18":"instock","19":"taxable","20":"shipping-taxable","21":"purchasable","22":"product-type-variable"},"acf":[],"yoast_head":"<!-- This site is optimized with the Yoast SEO plugin v27.4 - https:\/\/yoast.com\/product\/yoast-seo-wordpress\/ -->\n<title>Sweatshirt Organic Cotton - Labelfree<\/title>\n<meta name=\"robots\" content=\"index, follow, max-snippet:-1, max-image-preview:large, max-video-preview:-1\" \/>\n<link rel=\"canonical\" href=\"https:\/\/labelfree.nl\/de\/produkt\/st700-baumwollsweat\/\" \/>\n<meta property=\"og:locale\" content=\"de_DE\" \/>\n<meta property=\"og:type\" content=\"article\" \/>\n<meta property=\"og:title\" content=\"Sweatshirt Organic Cotton - Labelfree\" \/>\n<meta property=\"og:description\" content=\"Klassieke katoenen sweater, unisex. Isoli jersey stof, 280 g\/m\u00b2. Fijn draagcomfort en veelzijdig voor de juiste kleur weergave- en omschrijving klikt u op het betreffende shirt en nogmaals op het vergrootglas sweatshirt organic cotton 100% Biologisch katoen, Isoli 290 g\/m\u00b2 Materiaal: 100% biologisch gekamd katoen Kleur Oxford grey: 85% gekamd katoen \/ 15% viscose Isoli [&hellip;]\" \/>\n<meta property=\"og:url\" content=\"https:\/\/labelfree.nl\/de\/produkt\/st700-baumwollsweat\/\" \/>\n<meta property=\"og:site_name\" content=\"Labelfree\" \/>\n<meta property=\"article:modified_time\" content=\"2026-04-18T00:04:58+00:00\" \/>\n<meta property=\"og:image\" content=\"https:\/\/labelfree.nl\/wp-content\/uploads\/2024\/10\/000700_CottonSweat_02c.jpg\" \/>\n\t<meta property=\"og:image:width\" content=\"1667\" \/>\n\t<meta property=\"og:image:height\" content=\"2500\" \/>\n\t<meta property=\"og:image:type\" content=\"image\/jpeg\" \/>\n<meta name=\"twitter:card\" content=\"summary_large_image\" \/>\n<meta name=\"twitter:label1\" content=\"Gesch\u00e4tzte Lesezeit\" \/>\n\t<meta name=\"twitter:data1\" content=\"3\u00a0Minuten\" \/>\n<script type=\"application\/ld+json\" class=\"yoast-schema-graph\">{\"@context\":\"https:\\\/\\\/schema.org\",\"@graph\":[{\"@type\":\"WebPage\",\"@id\":\"https:\\\/\\\/labelfree.nl\\\/product\\\/st700-cotton-sweat\\\/\",\"url\":\"https:\\\/\\\/labelfree.nl\\\/product\\\/st700-cotton-sweat\\\/\",\"name\":\"Sweatshirt Organic Cotton - Labelfree\",\"isPartOf\":{\"@id\":\"https:\\\/\\\/labelfree.nl\\\/#website\"},\"primaryImageOfPage\":{\"@id\":\"https:\\\/\\\/labelfree.nl\\\/product\\\/st700-cotton-sweat\\\/#primaryimage\"},\"image\":{\"@id\":\"https:\\\/\\\/labelfree.nl\\\/product\\\/st700-cotton-sweat\\\/#primaryimage\"},\"thumbnailUrl\":\"https:\\\/\\\/labelfree.nl\\\/wp-content\\\/uploads\\\/2024\\\/10\\\/000700_CottonSweat_02c.jpg\",\"datePublished\":\"2024-10-24T17:01:54+00:00\",\"dateModified\":\"2026-04-18T00:04:58+00:00\",\"breadcrumb\":{\"@id\":\"https:\\\/\\\/labelfree.nl\\\/product\\\/st700-cotton-sweat\\\/#breadcrumb\"},\"inLanguage\":\"de\",\"potentialAction\":[{\"@type\":\"ReadAction\",\"target\":[\"https:\\\/\\\/labelfree.nl\\\/product\\\/st700-cotton-sweat\\\/\"]}]},{\"@type\":\"ImageObject\",\"inLanguage\":\"de\",\"@id\":\"https:\\\/\\\/labelfree.nl\\\/product\\\/st700-cotton-sweat\\\/#primaryimage\",\"url\":\"https:\\\/\\\/labelfree.nl\\\/wp-content\\\/uploads\\\/2024\\\/10\\\/000700_CottonSweat_02c.jpg\",\"contentUrl\":\"https:\\\/\\\/labelfree.nl\\\/wp-content\\\/uploads\\\/2024\\\/10\\\/000700_CottonSweat_02c.jpg\",\"width\":1667,\"height\":2500},{\"@type\":\"BreadcrumbList\",\"@id\":\"https:\\\/\\\/labelfree.nl\\\/product\\\/st700-cotton-sweat\\\/#breadcrumb\",\"itemListElement\":[{\"@type\":\"ListItem\",\"position\":1,\"name\":\"Home\",\"item\":\"https:\\\/\\\/labelfree.nl\\\/\"},{\"@type\":\"ListItem\",\"position\":2,\"name\":\"Webshop\",\"item\":\"https:\\\/\\\/labelfree.nl\\\/webshop\\\/\"},{\"@type\":\"ListItem\",\"position\":3,\"name\":\"Sweatshirt Organic Cotton\"}]},{\"@type\":\"WebSite\",\"@id\":\"https:\\\/\\\/labelfree.nl\\\/#website\",\"url\":\"https:\\\/\\\/labelfree.nl\\\/\",\"name\":\"Labelfree\",\"description\":\"Brandless quality\",\"potentialAction\":[{\"@type\":\"SearchAction\",\"target\":{\"@type\":\"EntryPoint\",\"urlTemplate\":\"https:\\\/\\\/labelfree.nl\\\/?s={search_term_string}\"},\"query-input\":{\"@type\":\"PropertyValueSpecification\",\"valueRequired\":true,\"valueName\":\"search_term_string\"}}],\"inLanguage\":\"de\"}]}<\/script>\n<!-- \/ Yoast SEO plugin. -->","yoast_head_json":{"title":"Sweatshirt aus Bio-Baumwolle - Etikettenfrei","robots":{"index":"index","follow":"follow","max-snippet":"max-snippet:-1","max-image-preview":"max-image-preview:large","max-video-preview":"max-video-preview:-1"},"canonical":"https:\/\/labelfree.nl\/de\/produkt\/st700-baumwollsweat\/","og_locale":"de_DE","og_type":"article","og_title":"Sweatshirt Organic Cotton - Labelfree","og_description":"Klassieke katoenen sweater, unisex. Isoli jersey stof, 280 g\/m\u00b2. Fijn draagcomfort en veelzijdig voor de juiste kleur weergave- en omschrijving klikt u op het betreffende shirt en nogmaals op het vergrootglas sweatshirt organic cotton 100% Biologisch katoen, Isoli 290 g\/m\u00b2 Materiaal: 100% biologisch gekamd katoen Kleur Oxford grey: 85% gekamd katoen \/ 15% viscose Isoli [&hellip;]","og_url":"https:\/\/labelfree.nl\/de\/produkt\/st700-baumwollsweat\/","og_site_name":"Labelfree","article_modified_time":"2026-04-18T00:04:58+00:00","og_image":[{"width":1667,"height":2500,"url":"https:\/\/labelfree.nl\/wp-content\/uploads\/2024\/10\/000700_CottonSweat_02c.jpg","type":"image\/jpeg"}],"twitter_card":"summary_large_image","twitter_misc":{"Gesch\u00e4tzte Lesezeit":"3\u00a0Minuten"},"schema":{"@context":"https:\/\/schema.org","@graph":[{"@type":"WebPage","@id":"https:\/\/labelfree.nl\/product\/st700-cotton-sweat\/","url":"https:\/\/labelfree.nl\/product\/st700-cotton-sweat\/","name":"Sweatshirt aus Bio-Baumwolle - Etikettenfrei","isPartOf":{"@id":"https:\/\/labelfree.nl\/#website"},"primaryImageOfPage":{"@id":"https:\/\/labelfree.nl\/product\/st700-cotton-sweat\/#primaryimage"},"image":{"@id":"https:\/\/labelfree.nl\/product\/st700-cotton-sweat\/#primaryimage"},"thumbnailUrl":"https:\/\/labelfree.nl\/wp-content\/uploads\/2024\/10\/000700_CottonSweat_02c.jpg","datePublished":"2024-10-24T17:01:54+00:00","dateModified":"2026-04-18T00:04:58+00:00","breadcrumb":{"@id":"https:\/\/labelfree.nl\/product\/st700-cotton-sweat\/#breadcrumb"},"inLanguage":"de","potentialAction":[{"@type":"ReadAction","target":["https:\/\/labelfree.nl\/product\/st700-cotton-sweat\/"]}]},{"@type":"ImageObject","inLanguage":"de","@id":"https:\/\/labelfree.nl\/product\/st700-cotton-sweat\/#primaryimage","url":"https:\/\/labelfree.nl\/wp-content\/uploads\/2024\/10\/000700_CottonSweat_02c.jpg","contentUrl":"https:\/\/labelfree.nl\/wp-content\/uploads\/2024\/10\/000700_CottonSweat_02c.jpg","width":1667,"height":2500},{"@type":"BreadcrumbList","@id":"https:\/\/labelfree.nl\/product\/st700-cotton-sweat\/#breadcrumb","itemListElement":[{"@type":"ListItem","position":1,"name":"Home","item":"https:\/\/labelfree.nl\/"},{"@type":"ListItem","position":2,"name":"Webshop","item":"https:\/\/labelfree.nl\/webshop\/"},{"@type":"ListItem","position":3,"name":"Sweatshirt Organic Cotton"}]},{"@type":"WebSite","@id":"https:\/\/labelfree.nl\/#website","url":"https:\/\/labelfree.nl\/","name":"Etikettenfrei","description":"Markenlose Qualit\u00e4t","potentialAction":[{"@type":"SearchAction","target":{"@type":"EntryPoint","urlTemplate":"https:\/\/labelfree.nl\/?s={search_term_string}"},"query-input":{"@type":"PropertyValueSpecification","valueRequired":true,"valueName":"search_term_string"}}],"inLanguage":"de"}]}},"jetpack_sharing_enabled":true,"_links":{"self":[{"href":"https:\/\/labelfree.nl\/de\/wp-json\/wp\/v2\/product\/44374","targetHints":{"allow":["GET"]}}],"collection":[{"href":"https:\/\/labelfree.nl\/de\/wp-json\/wp\/v2\/product"}],"about":[{"href":"https:\/\/labelfree.nl\/de\/wp-json\/wp\/v2\/types\/product"}],"wp:featuredmedia":[{"embeddable":true,"href":"https:\/\/labelfree.nl\/de\/wp-json\/wp\/v2\/media\/54837"}],"wp:attachment":[{"href":"https:\/\/labelfree.nl\/de\/wp-json\/wp\/v2\/media?parent=44374"}],"wp:term":[{"taxonomy":"product_brand","embeddable":true,"href":"https:\/\/labelfree.nl\/de\/wp-json\/wp\/v2\/product_brand?post=44374"},{"taxonomy":"product_cat","embeddable":true,"href":"https:\/\/labelfree.nl\/de\/wp-json\/wp\/v2\/product_cat?post=44374"},{"taxonomy":"product_tag","embeddable":true,"href":"https:\/\/labelfree.nl\/de\/wp-json\/wp\/v2\/product_tag?post=44374"}],"curies":[{"name":"wp","href":"https:\/\/api.w.org\/{rel}","templated":true}]}}