{"id":44509,"date":"2024-10-24T19:03:28","date_gmt":"2024-10-24T17:03:28","guid":{"rendered":"https:\/\/labelfree.nl\/product\/st2414-flat-300g-lh\/"},"modified":"2026-04-19T02:04:46","modified_gmt":"2026-04-19T00:04:46","slug":"st2414-flat-300g-lh","status":"publish","type":"product","link":"https:\/\/labelfree.nl\/de\/produkt\/st2414-flach-300g-links\/","title":{"rendered":"TasFlat 300g LH"},"content":{"rendered":"<h2>Nachhaltige Canvas-Tasche<\/h2>\n<h2>Nachhaltige Canvas-Tragetasche<\/h2>\n<p>100% GOTS-zertifizierte Bio-Baumwolle<\/p>\n<h3>Qualit\u00e4t und Nachhaltigkeit in einem<\/h3>\n<p>Wenn Sie auf der Suche nach einer hochwertigen Tasche aus Bio-Baumwolle sind, ist das ST2414 Model B LH in den Farben Nature und Black genau das Richtige f\u00fcr Sie. Diese Tragetasche besteht aus 100% GOTS-zertifizierter Bio-Baumwolle, was bedeutet, dass Sie zu einer nachhaltigen Zukunft beitragen. Die Verwendung von Bio-Baumwolle reduziert die Auswirkungen auf die Umwelt, da beim Anbau keine sch\u00e4dlichen Chemikalien verwendet werden. Diese Tasche ist nicht nur funktional, sondern auch eine bewusste Wahl f\u00fcr Liebhaber unseres Planeten.<\/p>\n<h3>Design und Funktionalit\u00e4t<\/h3>\n<p>Das ST2414 Modell B LH ist auf Benutzerfreundlichkeit und Langlebigkeit ausgelegt. Mit den Ma\u00dfen 38 x 43 cm und einem Gewicht von 300 g\/m\u00b2 ist diese Tasche robust genug, um alle wichtigen Dinge zu transportieren. Die langen Henkel von 66 cm sorgen daf\u00fcr, dass Sie die Tasche bequem \u00fcber der Schulter tragen k\u00f6nnen. Dadurch ist die Tasche ideal f\u00fcr den t\u00e4glichen Gebrauch, egal ob Sie einkaufen, zur Arbeit gehen oder einen Tagesausflug unternehmen. Dar\u00fcber hinaus k\u00f6nnen Sie eine Tasche mit dem Baumwollblumen-Logo w\u00e4hlen, das den organischen Charakter der Tasche betont.<\/p>\n<h3>Vielseitigkeit der Tasche<\/h3>\n<p>Diese Canvas-Tasche ist nicht nur ein stilvolles Accessoire, sondern auch eine vielseitige L\u00f6sung f\u00fcr verschiedene Situationen. Darin passt problemlos ein Ordner, was ihn ideal f\u00fcr Studenten oder Berufst\u00e4tige macht. Dar\u00fcber hinaus wird die Tasche immer h\u00e4ufiger als stylische Tragetasche in Gesch\u00e4ften eingesetzt. Die Verwendung von Canvas-Taschen ist ein Statement; Es zeigt, dass Sie sich bewusst f\u00fcr die Umwelt und die Probleme im Zusammenhang mit Plastikm\u00fcll entscheiden. Diese Tasche ist so konzipiert, dass sie immer wieder verwendet werden kann, sodass Sie jahrelang Freude an Ihrem Kauf haben werden.<\/p>\n<h3>Personalisieren Sie Ihre Canvas-Tasche<\/h3>\n<p>Einer der gr\u00f6\u00dften Vorteile des ST2414 Model B LH ist die M\u00f6glichkeit der Personalisierung. Ganz gleich, ob Sie sich f\u00fcr Transferdruck, Druck oder Stickerei entscheiden, diese Tasche l\u00e4sst sich ganz einfach mit Ihrem einzigartigen Design versehen. Dadurch ist es m\u00f6glich, bei jedem Einkaufserlebnis ein Statement zu setzen. Ihr Design wird jedes Mal sichtbar sein, wenn Sie die Tasche verwenden, was sich nicht nur hervorragend f\u00fcr das pers\u00f6nliche Marketing eignet, sondern auch, um Ihre Marke bei umweltbewussten Verbrauchern bekannt zu machen.<\/p>\n<h3>Spezifikationen und Verpackung<\/h3>\n<ul>\n<li>Material: 100% GOTS-zertifizierte Bio-Baumwolle<\/li>\n<li>Farbe: Natur und Schwarz<\/li>\n<li>Abmessungen: 38 x 43 cm<\/li>\n<li>Gewicht: 300 g\/m\u00b2<\/li>\n<li>Lange Griffe: 66 cm x 2,5 cm (wird zu 3,5 cm)<\/li>\n<li>Verpackung: 100 St\u00fcck pro Karton, 10 St\u00fcck pro Packung<\/li>\n<\/ul>\n<h3>Bestellen Sie jetzt Ihre nachhaltige Tragetasche<\/h3>\n<p>Sind Sie bereit, die Canvas-Tragetasche ST2414 Model B LH mit Ihrem Design bedrucken zu lassen? Oder m\u00f6chten Sie die Tasche unbedruckt bestellen? Bei Labelfree bieten wir verschiedene Druckmethoden an, um Ihre Tasche ganz nach Ihren W\u00fcnschen zu gestalten. Kontaktieren Sie uns f\u00fcr weitere Informationen zu den M\u00f6glichkeiten oder um ein Design von unserem erfahrenen Grafikdesigner erstellen zu lassen. Stellen Sie auf Nachhaltigkeit und Stil um und bestellen Sie noch heute Ihre Bio-Baumwolltasche!<\/p>","protected":false},"excerpt":{"rendered":"<p>Duurzame Canvas Tas Duurzame Canvas Tote Bag 100% GOTS Gecertificeerd Organisch Katoen Kwaliteit en Duurzaamheid in \u00c9\u00e9n Als je op zoek bent naar een kwalitatief hoogwaardige tas van organisch katoen, dan is de ST2414 Model B LH in de kleuren Nature en Black precies wat je nodig hebt. Deze tote bag is vervaardigd uit 100% [&hellip;]<\/p>\n","protected":false},"featured_media":54878,"template":"","meta":{"_acf_changed":false},"product_brand":[],"product_cat":[86,448],"product_tag":[],"class_list":{"0":"post-44509","1":"product","2":"type-product","3":"status-publish","4":"has-post-thumbnail","6":"product_cat-non-wear","7":"product_cat-tassen","8":"pa_size-een-maat","9":"pa_size-onesize","11":"first","12":"instock","13":"taxable","14":"shipping-taxable","15":"purchasable","16":"product-type-variable"},"acf":[],"yoast_head":"<!-- This site is optimized with the Yoast SEO plugin v27.4 - https:\/\/yoast.com\/product\/yoast-seo-wordpress\/ -->\n<title>TasFlat 300g LH - Labelfree<\/title>\n<meta name=\"robots\" content=\"index, follow, max-snippet:-1, max-image-preview:large, max-video-preview:-1\" \/>\n<link rel=\"canonical\" href=\"https:\/\/labelfree.nl\/de\/produkt\/st2414-flach-300g-links\/\" \/>\n<meta property=\"og:locale\" content=\"de_DE\" \/>\n<meta property=\"og:type\" content=\"article\" \/>\n<meta property=\"og:title\" content=\"TasFlat 300g LH - Labelfree\" \/>\n<meta property=\"og:description\" content=\"Duurzame Canvas Tas Duurzame Canvas Tote Bag 100% GOTS Gecertificeerd Organisch Katoen Kwaliteit en Duurzaamheid in \u00c9\u00e9n Als je op zoek bent naar een kwalitatief hoogwaardige tas van organisch katoen, dan is de ST2414 Model B LH in de kleuren Nature en Black precies wat je nodig hebt. Deze tote bag is vervaardigd uit 100% [&hellip;]\" \/>\n<meta property=\"og:url\" content=\"https:\/\/labelfree.nl\/de\/produkt\/st2414-flach-300g-links\/\" \/>\n<meta property=\"og:site_name\" content=\"Labelfree\" \/>\n<meta property=\"article:modified_time\" content=\"2026-04-19T00:04:46+00:00\" \/>\n<meta property=\"og:image\" content=\"https:\/\/labelfree.nl\/wp-content\/uploads\/2024\/10\/002414_ModelBLH_01.jpg\" \/>\n\t<meta property=\"og:image:width\" content=\"1667\" \/>\n\t<meta property=\"og:image:height\" content=\"2500\" \/>\n\t<meta property=\"og:image:type\" content=\"image\/jpeg\" \/>\n<meta name=\"twitter:card\" content=\"summary_large_image\" \/>\n<meta name=\"twitter:label1\" content=\"Gesch\u00e4tzte Lesezeit\" \/>\n\t<meta name=\"twitter:data1\" content=\"2\u00a0Minuten\" \/>\n<script type=\"application\/ld+json\" class=\"yoast-schema-graph\">{\"@context\":\"https:\\\/\\\/schema.org\",\"@graph\":[{\"@type\":\"WebPage\",\"@id\":\"https:\\\/\\\/labelfree.nl\\\/product\\\/st2414-flat-300g-lh\\\/\",\"url\":\"https:\\\/\\\/labelfree.nl\\\/product\\\/st2414-flat-300g-lh\\\/\",\"name\":\"TasFlat 300g LH - Labelfree\",\"isPartOf\":{\"@id\":\"https:\\\/\\\/labelfree.nl\\\/#website\"},\"primaryImageOfPage\":{\"@id\":\"https:\\\/\\\/labelfree.nl\\\/product\\\/st2414-flat-300g-lh\\\/#primaryimage\"},\"image\":{\"@id\":\"https:\\\/\\\/labelfree.nl\\\/product\\\/st2414-flat-300g-lh\\\/#primaryimage\"},\"thumbnailUrl\":\"https:\\\/\\\/labelfree.nl\\\/wp-content\\\/uploads\\\/2024\\\/10\\\/002414_ModelBLH_01.jpg\",\"datePublished\":\"2024-10-24T17:03:28+00:00\",\"dateModified\":\"2026-04-19T00:04:46+00:00\",\"breadcrumb\":{\"@id\":\"https:\\\/\\\/labelfree.nl\\\/product\\\/st2414-flat-300g-lh\\\/#breadcrumb\"},\"inLanguage\":\"de\",\"potentialAction\":[{\"@type\":\"ReadAction\",\"target\":[\"https:\\\/\\\/labelfree.nl\\\/product\\\/st2414-flat-300g-lh\\\/\"]}]},{\"@type\":\"ImageObject\",\"inLanguage\":\"de\",\"@id\":\"https:\\\/\\\/labelfree.nl\\\/product\\\/st2414-flat-300g-lh\\\/#primaryimage\",\"url\":\"https:\\\/\\\/labelfree.nl\\\/wp-content\\\/uploads\\\/2024\\\/10\\\/002414_ModelBLH_01.jpg\",\"contentUrl\":\"https:\\\/\\\/labelfree.nl\\\/wp-content\\\/uploads\\\/2024\\\/10\\\/002414_ModelBLH_01.jpg\",\"width\":1667,\"height\":2500},{\"@type\":\"BreadcrumbList\",\"@id\":\"https:\\\/\\\/labelfree.nl\\\/product\\\/st2414-flat-300g-lh\\\/#breadcrumb\",\"itemListElement\":[{\"@type\":\"ListItem\",\"position\":1,\"name\":\"Home\",\"item\":\"https:\\\/\\\/labelfree.nl\\\/\"},{\"@type\":\"ListItem\",\"position\":2,\"name\":\"Webshop\",\"item\":\"https:\\\/\\\/labelfree.nl\\\/webshop\\\/\"},{\"@type\":\"ListItem\",\"position\":3,\"name\":\"TasFlat 300g LH\"}]},{\"@type\":\"WebSite\",\"@id\":\"https:\\\/\\\/labelfree.nl\\\/#website\",\"url\":\"https:\\\/\\\/labelfree.nl\\\/\",\"name\":\"Labelfree\",\"description\":\"Brandless quality\",\"potentialAction\":[{\"@type\":\"SearchAction\",\"target\":{\"@type\":\"EntryPoint\",\"urlTemplate\":\"https:\\\/\\\/labelfree.nl\\\/?s={search_term_string}\"},\"query-input\":{\"@type\":\"PropertyValueSpecification\",\"valueRequired\":true,\"valueName\":\"search_term_string\"}}],\"inLanguage\":\"de\"}]}<\/script>\n<!-- \/ Yoast SEO plugin. -->","yoast_head_json":{"title":"TasFlat 300g LH \u2013 Etikettenfrei","robots":{"index":"index","follow":"follow","max-snippet":"max-snippet:-1","max-image-preview":"max-image-preview:large","max-video-preview":"max-video-preview:-1"},"canonical":"https:\/\/labelfree.nl\/de\/produkt\/st2414-flach-300g-links\/","og_locale":"de_DE","og_type":"article","og_title":"TasFlat 300g LH - Labelfree","og_description":"Duurzame Canvas Tas Duurzame Canvas Tote Bag 100% GOTS Gecertificeerd Organisch Katoen Kwaliteit en Duurzaamheid in \u00c9\u00e9n Als je op zoek bent naar een kwalitatief hoogwaardige tas van organisch katoen, dan is de ST2414 Model B LH in de kleuren Nature en Black precies wat je nodig hebt. Deze tote bag is vervaardigd uit 100% [&hellip;]","og_url":"https:\/\/labelfree.nl\/de\/produkt\/st2414-flach-300g-links\/","og_site_name":"Labelfree","article_modified_time":"2026-04-19T00:04:46+00:00","og_image":[{"width":1667,"height":2500,"url":"https:\/\/labelfree.nl\/wp-content\/uploads\/2024\/10\/002414_ModelBLH_01.jpg","type":"image\/jpeg"}],"twitter_card":"summary_large_image","twitter_misc":{"Gesch\u00e4tzte Lesezeit":"2\u00a0Minuten"},"schema":{"@context":"https:\/\/schema.org","@graph":[{"@type":"WebPage","@id":"https:\/\/labelfree.nl\/product\/st2414-flat-300g-lh\/","url":"https:\/\/labelfree.nl\/product\/st2414-flat-300g-lh\/","name":"TasFlat 300g LH \u2013 Etikettenfrei","isPartOf":{"@id":"https:\/\/labelfree.nl\/#website"},"primaryImageOfPage":{"@id":"https:\/\/labelfree.nl\/product\/st2414-flat-300g-lh\/#primaryimage"},"image":{"@id":"https:\/\/labelfree.nl\/product\/st2414-flat-300g-lh\/#primaryimage"},"thumbnailUrl":"https:\/\/labelfree.nl\/wp-content\/uploads\/2024\/10\/002414_ModelBLH_01.jpg","datePublished":"2024-10-24T17:03:28+00:00","dateModified":"2026-04-19T00:04:46+00:00","breadcrumb":{"@id":"https:\/\/labelfree.nl\/product\/st2414-flat-300g-lh\/#breadcrumb"},"inLanguage":"de","potentialAction":[{"@type":"ReadAction","target":["https:\/\/labelfree.nl\/product\/st2414-flat-300g-lh\/"]}]},{"@type":"ImageObject","inLanguage":"de","@id":"https:\/\/labelfree.nl\/product\/st2414-flat-300g-lh\/#primaryimage","url":"https:\/\/labelfree.nl\/wp-content\/uploads\/2024\/10\/002414_ModelBLH_01.jpg","contentUrl":"https:\/\/labelfree.nl\/wp-content\/uploads\/2024\/10\/002414_ModelBLH_01.jpg","width":1667,"height":2500},{"@type":"BreadcrumbList","@id":"https:\/\/labelfree.nl\/product\/st2414-flat-300g-lh\/#breadcrumb","itemListElement":[{"@type":"ListItem","position":1,"name":"Home","item":"https:\/\/labelfree.nl\/"},{"@type":"ListItem","position":2,"name":"Webshop","item":"https:\/\/labelfree.nl\/webshop\/"},{"@type":"ListItem","position":3,"name":"TasFlat 300g LH"}]},{"@type":"WebSite","@id":"https:\/\/labelfree.nl\/#website","url":"https:\/\/labelfree.nl\/","name":"Etikettenfrei","description":"Markenlose Qualit\u00e4t","potentialAction":[{"@type":"SearchAction","target":{"@type":"EntryPoint","urlTemplate":"https:\/\/labelfree.nl\/?s={search_term_string}"},"query-input":{"@type":"PropertyValueSpecification","valueRequired":true,"valueName":"search_term_string"}}],"inLanguage":"de"}]}},"jetpack_sharing_enabled":true,"_links":{"self":[{"href":"https:\/\/labelfree.nl\/de\/wp-json\/wp\/v2\/product\/44509","targetHints":{"allow":["GET"]}}],"collection":[{"href":"https:\/\/labelfree.nl\/de\/wp-json\/wp\/v2\/product"}],"about":[{"href":"https:\/\/labelfree.nl\/de\/wp-json\/wp\/v2\/types\/product"}],"wp:featuredmedia":[{"embeddable":true,"href":"https:\/\/labelfree.nl\/de\/wp-json\/wp\/v2\/media\/54878"}],"wp:attachment":[{"href":"https:\/\/labelfree.nl\/de\/wp-json\/wp\/v2\/media?parent=44509"}],"wp:term":[{"taxonomy":"product_brand","embeddable":true,"href":"https:\/\/labelfree.nl\/de\/wp-json\/wp\/v2\/product_brand?post=44509"},{"taxonomy":"product_cat","embeddable":true,"href":"https:\/\/labelfree.nl\/de\/wp-json\/wp\/v2\/product_cat?post=44509"},{"taxonomy":"product_tag","embeddable":true,"href":"https:\/\/labelfree.nl\/de\/wp-json\/wp\/v2\/product_tag?post=44509"}],"curies":[{"name":"wp","href":"https:\/\/api.w.org\/{rel}","templated":true}]}}