{"id":44613,"date":"2024-10-24T19:04:50","date_gmt":"2024-10-24T17:04:50","guid":{"rendered":"https:\/\/labelfree.nl\/product\/st513-shape-tee-sl\/"},"modified":"2026-04-17T02:05:33","modified_gmt":"2026-04-17T00:05:33","slug":"st513-shape-tee-sl","status":"publish","type":"product","link":"https:\/\/labelfree.nl\/de\/produkt\/st513-form-t-shirt-sl\/","title":{"rendered":"T-Shirt-f\u00f6rmiges Tanktop"},"content":{"rendered":"<h6><span style=\"color: #333333;\">\u00c4rmelloses Unisex-T-Shirt mit Rundhalsausschnitt und bequemer, figurbetonter Passform. Material: Single Jersey, 921T gek\u00e4mmte Baumwolle und 81T Elastan.<\/span><\/h6>\n<h3><span style=\"color: #5a7699;\"><strong>Tanktop in T-Shirt-Form<\/strong><\/span><\/h3>\n<p><strong>Bio-Baumwolle 92% gek\u00e4mmt und Elastan 8%<\/strong><\/p>\n<p><strong> <img decoding=\"async\" src=\"https:\/\/www.stormtextil.dk\/sites\/default\/files\/inline-images\/OTS100_label_19.HBD__1.jpg\" alt=\"\u00d6ko-Tex-zertifiziert\" \/><\/strong><\/p>\n<ul>\n<li>Qualit\u00e4t: 92% Bio-Baumwolle gek\u00e4mmt \/ 8% Elasthan<\/li>\n<li>Erh\u00e4ltlich in 4 Farben<\/li>\n<li>Gewicht: 170 g\/m\u00b2<\/li>\n<li>Erh\u00e4ltlich von Gr\u00f6\u00dfe XS bis 3XL<\/li>\n<li>Kleines Gr\u00f6\u00dfenetikett im Halsausschnitt<\/li>\n<li>Karton: 50 St\u00fcck. Verpackung: 10 St\u00fcck. Auch einzeln erh\u00e4ltlich.<\/li>\n<\/ul>\n<p><strong>\u00a0<\/strong><\/p>\n<h4><span style=\"color: #5a7699;\"><strong>Unisex-Tanktop-Form \u2013 strapazierf\u00e4hig und bequem<\/strong><\/span><\/h4>\n<p>Dieses \u00e4rmellose, uniformige T-Shirt ist f\u00fcr Damen und Herren gleicherma\u00dfen geeignet. Es bietet h\u00f6chsten Tragekomfort und einen attraktiven Look. Halsausschnitt, Armausschnitte und Saum sind mit einem 1,5 cm breiten Saum versehen, der mit einer 4 mm Doppelnaht vern\u00e4ht ist. Der klassische Rundhalsausschnitt mit 1,5 cm breitem Saum an Halsausschnitt, Armausschnitten und Saum sorgt f\u00fcr ein sauberes Erscheinungsbild. Die Doppeln\u00e4hte garantieren zus\u00e4tzliche Stabilit\u00e4t. Das T-Shirt verf\u00fcgt \u00fcber Seitenn\u00e4hte.<\/p>\n<p>Das weiche, atmungsaktive Stretchmaterial sorgt f\u00fcr angenehmen Tragekomfort. Dank der Elastizit\u00e4t des Elastananteils beh\u00e4lt das Shirt auch nach vielen W\u00e4schen seine Form. Der hochwertige Stoff ist nicht nur bequem, sondern tr\u00e4gt auch zu einer perfekten Passform bei, die die Figur vorteilhaft betont.<\/p>\n<h4><span style=\"color: #5a7699;\"><strong>Materialangaben<\/strong><\/span><\/h4>\n<p>Das Shape-Tanktop besteht aus 921 % gek\u00e4mmter Baumwolle und 81 % Elastan. Das Elastan sorgt f\u00fcr Dehnbarkeit und eine perfekte Passform. Der Jersey-Stoff f\u00fchlt sich besonders weich auf der Haut an. Die hochwertigen Materialien garantieren optimalen Tragekomfort.<\/p>\n<p>Das Single Jersey mit 170 g\/m\u00b2 ist ein mittelschweres Jersey. Es ist atmungsaktiv und etwas f\u00fclliger als das 145 g\/m\u00b2. Der Stoff ist strapazierf\u00e4hig und f\u00e4llt sch\u00f6n. Das Shirt bleibt auch nach dem Waschen sch\u00f6n.<\/p>\n<h4><span style=\"color: #5a7699;\"><strong>Druck-, Stick- und Beschriftungsm\u00f6glichkeiten<\/strong><\/span><\/h4>\n<p>M\u00f6chten Sie unbedruckte Kleidung bestellen, mit Ihrem eigenen Design bedrucken lassen oder ben\u00f6tigen Sie selbst aufzubringende Drucke? Bei Labelfree steht Ihnen unser Team bei jedem Schritt zur Seite.<\/p>\n<p>Labelfree bietet verschiedene Druckm\u00f6glichkeiten, darunter Transferdruck, DTF, Siebdruck und Stickerei. Auch eigene Nackendrucke und Etiketten, beispielsweise auf den \u00c4rmel, sind m\u00f6glich.<\/p>\n<p>Ben\u00f6tigen Sie Hilfe bei Ihrem eigenen Design? Unsere Grafikdesigner unterst\u00fctzen Sie gerne. So stellen wir sicher, dass das Endprodukt perfekt auf Ihre Bed\u00fcrfnisse zugeschnitten ist. Sie erhalten immer zun\u00e4chst ein kostenloses, visuelles Angebot. Kontaktieren Sie uns, um die M\u00f6glichkeiten zur Erstellung Ihrer eigenen Kollektion zu erkunden.<\/p>\n<p>&nbsp;<\/p>\n<p>Gr\u00f6\u00dfentabelle<\/p>\n<p><img decoding=\"async\" class=\"\" src=\"https:\/\/www.stormtextil.dk\/sites\/default\/files\/size-charts\/000513_Shape_Tee_SL.png\" width=\"563\" height=\"72\" \/><\/p>\n<p>&nbsp;<\/p>\n<p>Pflegeanleitung<\/p>\n<p><img decoding=\"async\" class=\"\" src=\"https:\/\/www.stormtextil.dk\/sites\/default\/files\/product-image\/washing-instructions\/Storm_washing_instructions_40_31.png\" width=\"163\" height=\"25\" \/><\/p>\n<p>&nbsp;<\/p>\n<p>&nbsp;<\/p>","protected":false},"excerpt":{"rendered":"<p>Mouwloos t-shirt met ronde hals. Unisex. Het heeft een mooie fitted pasvorm. Single jersey, 92% gekamd katoen en 8% elastaan t-shirt shape tanktop Biologisch 92% gekamd katoen en 8% elastaan Kwaliteit: 92% biologisch gekamd katoen \/ 8% elastaan Verkrijgbaar in 4 kleuren Gewicht: 170 g\/m\u00b2 Verkrijgbaar vanaf maat XS tot 3XL Klein maatlabel in de [&hellip;]<\/p>\n","protected":false},"featured_media":54912,"template":"","meta":{"_acf_changed":false},"product_brand":[],"product_cat":[19],"product_tag":[],"class_list":{"0":"post-44613","1":"product","2":"type-product","3":"status-publish","4":"has-post-thumbnail","6":"product_cat-t-shirts","7":"pa_size-2xl","8":"pa_size-3xl","9":"pa_size-l","10":"pa_size-m","11":"pa_size-s","12":"pa_size-xl","13":"pa_size-xs","15":"first","16":"instock","17":"taxable","18":"shipping-taxable","19":"purchasable","20":"product-type-variable"},"acf":[],"yoast_head":"<!-- This site is optimized with the Yoast SEO plugin v27.4 - https:\/\/yoast.com\/product\/yoast-seo-wordpress\/ -->\n<title>T-shirt Shape tanktop - Labelfree<\/title>\n<meta name=\"robots\" content=\"index, follow, max-snippet:-1, max-image-preview:large, max-video-preview:-1\" \/>\n<link rel=\"canonical\" href=\"https:\/\/labelfree.nl\/de\/produkt\/st513-form-t-shirt-sl\/\" \/>\n<meta property=\"og:locale\" content=\"de_DE\" \/>\n<meta property=\"og:type\" content=\"article\" \/>\n<meta property=\"og:title\" content=\"T-shirt Shape tanktop - Labelfree\" \/>\n<meta property=\"og:description\" content=\"Mouwloos t-shirt met ronde hals. Unisex. Het heeft een mooie fitted pasvorm. Single jersey, 92% gekamd katoen en 8% elastaan t-shirt shape tanktop Biologisch 92% gekamd katoen en 8% elastaan Kwaliteit: 92% biologisch gekamd katoen \/ 8% elastaan Verkrijgbaar in 4 kleuren Gewicht: 170 g\/m\u00b2 Verkrijgbaar vanaf maat XS tot 3XL Klein maatlabel in de [&hellip;]\" \/>\n<meta property=\"og:url\" content=\"https:\/\/labelfree.nl\/de\/produkt\/st513-form-t-shirt-sl\/\" \/>\n<meta property=\"og:site_name\" content=\"Labelfree\" \/>\n<meta property=\"article:modified_time\" content=\"2026-04-17T00:05:33+00:00\" \/>\n<meta property=\"og:image\" content=\"https:\/\/labelfree.nl\/wp-content\/uploads\/2024\/10\/000513_Shape_Tee_SL_01.jpg\" \/>\n\t<meta property=\"og:image:width\" content=\"1000\" \/>\n\t<meta property=\"og:image:height\" content=\"1500\" \/>\n\t<meta property=\"og:image:type\" content=\"image\/jpeg\" \/>\n<meta name=\"twitter:card\" content=\"summary_large_image\" \/>\n<meta name=\"twitter:label1\" content=\"Gesch\u00e4tzte Lesezeit\" \/>\n\t<meta name=\"twitter:data1\" content=\"3\u00a0Minuten\" \/>\n<script type=\"application\/ld+json\" class=\"yoast-schema-graph\">{\"@context\":\"https:\\\/\\\/schema.org\",\"@graph\":[{\"@type\":\"WebPage\",\"@id\":\"https:\\\/\\\/labelfree.nl\\\/product\\\/st513-shape-tee-sl\\\/\",\"url\":\"https:\\\/\\\/labelfree.nl\\\/product\\\/st513-shape-tee-sl\\\/\",\"name\":\"T-shirt Shape tanktop - Labelfree\",\"isPartOf\":{\"@id\":\"https:\\\/\\\/labelfree.nl\\\/#website\"},\"primaryImageOfPage\":{\"@id\":\"https:\\\/\\\/labelfree.nl\\\/product\\\/st513-shape-tee-sl\\\/#primaryimage\"},\"image\":{\"@id\":\"https:\\\/\\\/labelfree.nl\\\/product\\\/st513-shape-tee-sl\\\/#primaryimage\"},\"thumbnailUrl\":\"https:\\\/\\\/labelfree.nl\\\/wp-content\\\/uploads\\\/2024\\\/10\\\/000513_Shape_Tee_SL_01.jpg\",\"datePublished\":\"2024-10-24T17:04:50+00:00\",\"dateModified\":\"2026-04-17T00:05:33+00:00\",\"breadcrumb\":{\"@id\":\"https:\\\/\\\/labelfree.nl\\\/product\\\/st513-shape-tee-sl\\\/#breadcrumb\"},\"inLanguage\":\"de\",\"potentialAction\":[{\"@type\":\"ReadAction\",\"target\":[\"https:\\\/\\\/labelfree.nl\\\/product\\\/st513-shape-tee-sl\\\/\"]}]},{\"@type\":\"ImageObject\",\"inLanguage\":\"de\",\"@id\":\"https:\\\/\\\/labelfree.nl\\\/product\\\/st513-shape-tee-sl\\\/#primaryimage\",\"url\":\"https:\\\/\\\/labelfree.nl\\\/wp-content\\\/uploads\\\/2024\\\/10\\\/000513_Shape_Tee_SL_01.jpg\",\"contentUrl\":\"https:\\\/\\\/labelfree.nl\\\/wp-content\\\/uploads\\\/2024\\\/10\\\/000513_Shape_Tee_SL_01.jpg\",\"width\":1000,\"height\":1500},{\"@type\":\"BreadcrumbList\",\"@id\":\"https:\\\/\\\/labelfree.nl\\\/product\\\/st513-shape-tee-sl\\\/#breadcrumb\",\"itemListElement\":[{\"@type\":\"ListItem\",\"position\":1,\"name\":\"Home\",\"item\":\"https:\\\/\\\/labelfree.nl\\\/\"},{\"@type\":\"ListItem\",\"position\":2,\"name\":\"Webshop\",\"item\":\"https:\\\/\\\/labelfree.nl\\\/webshop\\\/\"},{\"@type\":\"ListItem\",\"position\":3,\"name\":\"T-shirt Shape tanktop\"}]},{\"@type\":\"WebSite\",\"@id\":\"https:\\\/\\\/labelfree.nl\\\/#website\",\"url\":\"https:\\\/\\\/labelfree.nl\\\/\",\"name\":\"Labelfree\",\"description\":\"Brandless quality\",\"potentialAction\":[{\"@type\":\"SearchAction\",\"target\":{\"@type\":\"EntryPoint\",\"urlTemplate\":\"https:\\\/\\\/labelfree.nl\\\/?s={search_term_string}\"},\"query-input\":{\"@type\":\"PropertyValueSpecification\",\"valueRequired\":true,\"valueName\":\"search_term_string\"}}],\"inLanguage\":\"de\"}]}<\/script>\n<!-- \/ Yoast SEO plugin. -->","yoast_head_json":{"title":"T-Shirt Shape Tanktop - Labelfree","robots":{"index":"index","follow":"follow","max-snippet":"max-snippet:-1","max-image-preview":"max-image-preview:large","max-video-preview":"max-video-preview:-1"},"canonical":"https:\/\/labelfree.nl\/de\/produkt\/st513-form-t-shirt-sl\/","og_locale":"de_DE","og_type":"article","og_title":"T-shirt Shape tanktop - Labelfree","og_description":"Mouwloos t-shirt met ronde hals. Unisex. Het heeft een mooie fitted pasvorm. Single jersey, 92% gekamd katoen en 8% elastaan t-shirt shape tanktop Biologisch 92% gekamd katoen en 8% elastaan Kwaliteit: 92% biologisch gekamd katoen \/ 8% elastaan Verkrijgbaar in 4 kleuren Gewicht: 170 g\/m\u00b2 Verkrijgbaar vanaf maat XS tot 3XL Klein maatlabel in de [&hellip;]","og_url":"https:\/\/labelfree.nl\/de\/produkt\/st513-form-t-shirt-sl\/","og_site_name":"Labelfree","article_modified_time":"2026-04-17T00:05:33+00:00","og_image":[{"width":1000,"height":1500,"url":"https:\/\/labelfree.nl\/wp-content\/uploads\/2024\/10\/000513_Shape_Tee_SL_01.jpg","type":"image\/jpeg"}],"twitter_card":"summary_large_image","twitter_misc":{"Gesch\u00e4tzte Lesezeit":"3\u00a0Minuten"},"schema":{"@context":"https:\/\/schema.org","@graph":[{"@type":"WebPage","@id":"https:\/\/labelfree.nl\/product\/st513-shape-tee-sl\/","url":"https:\/\/labelfree.nl\/product\/st513-shape-tee-sl\/","name":"T-Shirt Shape Tanktop - Labelfree","isPartOf":{"@id":"https:\/\/labelfree.nl\/#website"},"primaryImageOfPage":{"@id":"https:\/\/labelfree.nl\/product\/st513-shape-tee-sl\/#primaryimage"},"image":{"@id":"https:\/\/labelfree.nl\/product\/st513-shape-tee-sl\/#primaryimage"},"thumbnailUrl":"https:\/\/labelfree.nl\/wp-content\/uploads\/2024\/10\/000513_Shape_Tee_SL_01.jpg","datePublished":"2024-10-24T17:04:50+00:00","dateModified":"2026-04-17T00:05:33+00:00","breadcrumb":{"@id":"https:\/\/labelfree.nl\/product\/st513-shape-tee-sl\/#breadcrumb"},"inLanguage":"de","potentialAction":[{"@type":"ReadAction","target":["https:\/\/labelfree.nl\/product\/st513-shape-tee-sl\/"]}]},{"@type":"ImageObject","inLanguage":"de","@id":"https:\/\/labelfree.nl\/product\/st513-shape-tee-sl\/#primaryimage","url":"https:\/\/labelfree.nl\/wp-content\/uploads\/2024\/10\/000513_Shape_Tee_SL_01.jpg","contentUrl":"https:\/\/labelfree.nl\/wp-content\/uploads\/2024\/10\/000513_Shape_Tee_SL_01.jpg","width":1000,"height":1500},{"@type":"BreadcrumbList","@id":"https:\/\/labelfree.nl\/product\/st513-shape-tee-sl\/#breadcrumb","itemListElement":[{"@type":"ListItem","position":1,"name":"Home","item":"https:\/\/labelfree.nl\/"},{"@type":"ListItem","position":2,"name":"Webshop","item":"https:\/\/labelfree.nl\/webshop\/"},{"@type":"ListItem","position":3,"name":"T-shirt Shape tanktop"}]},{"@type":"WebSite","@id":"https:\/\/labelfree.nl\/#website","url":"https:\/\/labelfree.nl\/","name":"Etikettenfrei","description":"Markenlose Qualit\u00e4t","potentialAction":[{"@type":"SearchAction","target":{"@type":"EntryPoint","urlTemplate":"https:\/\/labelfree.nl\/?s={search_term_string}"},"query-input":{"@type":"PropertyValueSpecification","valueRequired":true,"valueName":"search_term_string"}}],"inLanguage":"de"}]}},"jetpack_sharing_enabled":true,"_links":{"self":[{"href":"https:\/\/labelfree.nl\/de\/wp-json\/wp\/v2\/product\/44613","targetHints":{"allow":["GET"]}}],"collection":[{"href":"https:\/\/labelfree.nl\/de\/wp-json\/wp\/v2\/product"}],"about":[{"href":"https:\/\/labelfree.nl\/de\/wp-json\/wp\/v2\/types\/product"}],"wp:featuredmedia":[{"embeddable":true,"href":"https:\/\/labelfree.nl\/de\/wp-json\/wp\/v2\/media\/54912"}],"wp:attachment":[{"href":"https:\/\/labelfree.nl\/de\/wp-json\/wp\/v2\/media?parent=44613"}],"wp:term":[{"taxonomy":"product_brand","embeddable":true,"href":"https:\/\/labelfree.nl\/de\/wp-json\/wp\/v2\/product_brand?post=44613"},{"taxonomy":"product_cat","embeddable":true,"href":"https:\/\/labelfree.nl\/de\/wp-json\/wp\/v2\/product_cat?post=44613"},{"taxonomy":"product_tag","embeddable":true,"href":"https:\/\/labelfree.nl\/de\/wp-json\/wp\/v2\/product_tag?post=44613"}],"curies":[{"name":"wp","href":"https:\/\/api.w.org\/{rel}","templated":true}]}}