{"id":44642,"date":"2024-10-24T19:05:12","date_gmt":"2024-10-24T17:05:12","guid":{"rendered":"https:\/\/labelfree.nl\/product\/st204-lady-casual\/"},"modified":"2026-04-17T02:05:33","modified_gmt":"2026-04-17T00:05:33","slug":"standaard-dames-tshirt-merkloos-100katoen-165gm%c2%b2-bedrukken-kwaliteit-printmogelijkheden","status":"publish","type":"product","link":"https:\/\/labelfree.nl\/de\/produkt\/st204-dame-lassig\/","title":{"rendered":"wei\u00dfes Damen-T-Shirt, normale Passform, 100% Baumwolle, 165 g\/m\u00b2"},"content":{"rendered":"<p><span style=\"color: #333333;\">Damen-T-Shirt in Standardpassform. Zeitloser Klassiker. 100% Bio-Baumwolle, Single-Jersey 165 g\/m\u00b2. Ideal f\u00fcr Gro\u00dfhandel und Private Labeling.<\/span><\/p>\n<p><em>F\u00fcr die korrekte Farbdarstellung und den Preis klicken Sie bitte auf die Farbe und Gr\u00f6\u00dfe (w\u00e4hrend Sie angemeldet sind).<\/em><\/p>\n<p>&nbsp;<\/p>\n<h3><span style=\"color: #5a7699;\"><strong>Standard-Baumwoll-T-Shirt f\u00fcr Damen\u00a0<\/strong><\/span><\/h3>\n<p><strong>100% Bio-Baumwolle. Single-Jersey, 165 g\/m\u00b2<\/strong><\/p>\n<p><img decoding=\"async\" class=\"alignnone size-full wp-image-57105\" src=\"https:\/\/labelfree.nl\/wp-content\/uploads\/2024\/10\/oeko-5.jpg\" alt=\"\" width=\"145\" height=\"75\" srcset=\"https:\/\/labelfree.nl\/wp-content\/uploads\/2024\/10\/oeko-5.jpg 145w, https:\/\/labelfree.nl\/wp-content\/uploads\/2024\/10\/oeko-5-18x9.jpg 18w\" sizes=\"(max-width: 145px) 100vw, 145px\" \/><\/p>\n<ul>\n<li>Qualit\u00e4t: 100% Bio-Baumwolle, gek\u00e4mmt und enzymgewaschen<\/li>\n<li>Oxford Grey: 851 TP3T Bio-Baumwolle und 151 TP3T Viskose<\/li>\n<li>Gewicht: 165 g\/m\u00b2<\/li>\n<li>Single-Jersey<\/li>\n<li>Erh\u00e4ltlich in 7 Farben<\/li>\n<li>Erh\u00e4ltlich von Gr\u00f6\u00dfe XS bis 3XL<\/li>\n<li>Markenlos, kleine Gr\u00f6\u00dfentabelle im Halsausschnitt<\/li>\n<li>Geeignet f\u00fcr Siebdruck, Transferdruck, DTG-Druck und Stickerei<\/li>\n<li>Karton: 50 St\u00fcck. Verpackung: 10 St\u00fcck. Auch einzeln erh\u00e4ltlich.<\/li>\n<\/ul>\n<p><strong>\u00a0<\/strong><strong>\u00a0<\/strong><\/p>\n<h4><span style=\"color: #5a7699;\"><strong>Damen-T-Shirt aus Baumwolle \u2013 normale Passform und Qualit\u00e4t<\/strong><\/span><\/h4>\n<p>Unser Damen-T-Shirt in Standardpassform ist ein bequemes Basic. Es hat eine klassische, aber dennoch feminine Passform und moderne \u00c4rmel, die bis zu einem Drittel des Oberarms reichen. Doppelte N\u00e4hte an \u00c4rmeln und Saum sorgen nicht nur f\u00fcr eine hochwertige Verarbeitung, sondern erh\u00f6hen auch die Langlebigkeit. Die \u00c4rmel haben einen klassischen Schnitt und eine normale L\u00e4nge.<\/p>\n<h4><span style=\"color: #5a7699;\"><strong>Materialangaben<\/strong><\/span><\/h4>\n<p>Qualit\u00e4t: 1001 % Bio-Baumwolle (1001 TP3T). Unsere Baumwolle ist umweltfreundlich, da sie ohne sch\u00e4dliche Chemikalien und unter verantwortungsvollen Bedingungen produziert wird. Sie stammt aus kontrolliert biologischem Anbau (mit weniger Pestiziden) und ist daher besonders gut f\u00fcr empfindliche Haut geeignet.<\/p>\n<p>Das Shirt besteht aus einem unserer beliebtesten Stoffe, 165 g\/m\u00b2 Single-Jersey. Dieses Material ist bekannt f\u00fcr seine Weichheit, seinen Tragekomfort, seine Flexibilit\u00e4t, seine Strapazierf\u00e4higkeit, seine Waschbest\u00e4ndigkeit, seine hervorragende Farbechtheit, sein minimales Einlaufen und seine glatte, gleichm\u00e4\u00dfige Oberfl\u00e4che.<\/p>\n<h4><span style=\"color: #5a7699;\"><strong>Druck-, Stick- und Beschriftungsm\u00f6glichkeiten<\/strong><\/span><\/h4>\n<p>Unser gesamtes Sortiment eignet sich f\u00fcr B2B, Merchandising und Private Label. Sie m\u00f6chten unbedruckte Kleidung bestellen, diese mit Ihrem eigenen Design bedrucken lassen oder ben\u00f6tigen Druckvorlagen zum Selbstaufbringen? Das Team von Labelfree unterst\u00fctzt Sie dabei in jedem Schritt.<\/p>\n<p>Labelfree bietet eine Vielzahl professioneller Druckoptionen, darunter Transferdruck, DTF-Druck, Siebdruck und Stickerei. Sie k\u00f6nnen beispielsweise auch Ihre eigenen Nackenaufdrucke und Etiketten auf den \u00c4rmel drucken lassen.<\/p>\n<p>Ben\u00f6tigen Sie Hilfe bei Ihrem eigenen Design? Unsere Grafikdesigner unterst\u00fctzen Sie gerne. So stellen wir sicher, dass das Endprodukt perfekt auf Ihre Bed\u00fcrfnisse zugeschnitten ist. Sie erhalten immer zun\u00e4chst ein kostenloses, visuelles Angebot. Kontaktieren Sie uns, um die M\u00f6glichkeiten zur Erstellung Ihrer eigenen Kollektion zu erkunden.<\/p>\n<p>&nbsp;<\/p>\n<p>Gr\u00f6\u00dfentabelle<\/p>\n<p><img decoding=\"async\" class=\"alignnone wp-image-57106\" src=\"https:\/\/labelfree.nl\/wp-content\/uploads\/2024\/10\/000204_Lady_Casual-300x38.png\" alt=\"\" width=\"600\" height=\"76\" srcset=\"https:\/\/labelfree.nl\/wp-content\/uploads\/2024\/10\/000204_Lady_Casual-300x38.png 300w, https:\/\/labelfree.nl\/wp-content\/uploads\/2024\/10\/000204_Lady_Casual-768x97.png 768w, https:\/\/labelfree.nl\/wp-content\/uploads\/2024\/10\/000204_Lady_Casual-18x2.png 18w, https:\/\/labelfree.nl\/wp-content\/uploads\/2024\/10\/000204_Lady_Casual-600x76.png 600w, https:\/\/labelfree.nl\/wp-content\/uploads\/2024\/10\/000204_Lady_Casual.png 924w\" sizes=\"(max-width: 600px) 100vw, 600px\" \/><\/p>\n<p>Pflegeanleitung<\/p>\n<p><img decoding=\"async\" class=\"alignnone wp-image-57107\" src=\"https:\/\/labelfree.nl\/wp-content\/uploads\/2024\/10\/Storm_washing_instructions_40_0-4.gif\" alt=\"\" width=\"179\" height=\"27\" \/><\/p>\n<p>&nbsp;<\/p>\n<p>&nbsp;<\/p>","protected":false},"excerpt":{"rendered":"<p>Dames t-shirt met standaard pasvorm. Tijdloze klassieker. 100% biologisch katoen, Single jersey 165 g\/m\u00b2. Zeer geschikt voor groothandel of eigen merk. voor de juiste kleurweergave en prijs klikt u (ingelogd) op de kleur en maat &nbsp; standaard katoenen dames t-shirt\u00a0 100% Biologisch katoen. Single jersey, 165 g\/m\u00b2 Kwaliteit: 100% biologisch katoen, gekamd en enzym gewassen [&hellip;]<\/p>\n","protected":false},"featured_media":54918,"template":"","meta":{"_acf_changed":false},"product_brand":[],"product_cat":[92,19,46],"product_tag":[],"class_list":{"0":"post-44642","1":"product","2":"type-product","3":"status-publish","4":"has-post-thumbnail","6":"product_cat-lady-t-shirts","7":"product_cat-t-shirts","8":"product_cat-t-shirts-crew-neck","9":"pa_size-2xl","10":"pa_size-3xl","11":"pa_size-l","12":"pa_size-m","13":"pa_size-s","14":"pa_size-xl","15":"pa_size-xs","17":"first","18":"instock","19":"taxable","20":"shipping-taxable","21":"purchasable","22":"product-type-variable"},"acf":[],"yoast_head":"<!-- This site is optimized with the Yoast SEO plugin v27.4 - https:\/\/yoast.com\/product\/yoast-seo-wordpress\/ -->\n<title>blanco dames t-shirt standaard fit 100% katoen 165 g\/m\u00b2 - Labelfree<\/title>\n<meta name=\"description\" content=\"Standaard t-shirt met ronde hals. Comfortabe basic. 100% organic cotton 165 g\/m\u00b2. Zeer geschikt voor groothandel. Kwaliteitsprints en ontwerphulp mogelijk\" \/>\n<meta name=\"robots\" content=\"index, follow, max-snippet:-1, max-image-preview:large, max-video-preview:-1\" \/>\n<link rel=\"canonical\" href=\"https:\/\/labelfree.nl\/de\/produkt\/st204-dame-lassig\/\" \/>\n<meta property=\"og:locale\" content=\"de_DE\" \/>\n<meta property=\"og:type\" content=\"article\" \/>\n<meta property=\"og:title\" content=\"blanco dames t-shirt standaard fit 100% katoen 165 g\/m\u00b2 - Labelfree\" \/>\n<meta property=\"og:description\" content=\"Standaard t-shirt met ronde hals. Comfortabe basic. 100% organic cotton 165 g\/m\u00b2. Zeer geschikt voor groothandel. Kwaliteitsprints en ontwerphulp mogelijk\" \/>\n<meta property=\"og:url\" content=\"https:\/\/labelfree.nl\/de\/produkt\/st204-dame-lassig\/\" \/>\n<meta property=\"og:site_name\" content=\"Labelfree\" \/>\n<meta property=\"article:modified_time\" content=\"2026-04-17T00:05:33+00:00\" \/>\n<meta property=\"og:image\" content=\"https:\/\/labelfree.nl\/wp-content\/uploads\/2024\/10\/000204_Lady_Casual_01c.jpg\" \/>\n\t<meta property=\"og:image:width\" content=\"1000\" \/>\n\t<meta property=\"og:image:height\" content=\"1384\" \/>\n\t<meta property=\"og:image:type\" content=\"image\/jpeg\" \/>\n<meta name=\"twitter:card\" content=\"summary_large_image\" \/>\n<meta name=\"twitter:label1\" content=\"Gesch\u00e4tzte Lesezeit\" \/>\n\t<meta name=\"twitter:data1\" content=\"3\u00a0Minuten\" \/>\n<script type=\"application\/ld+json\" class=\"yoast-schema-graph\">{\"@context\":\"https:\\\/\\\/schema.org\",\"@graph\":[{\"@type\":\"WebPage\",\"@id\":\"https:\\\/\\\/labelfree.nl\\\/product\\\/standaard-dames-tshirt-merkloos-100katoen-165gm%c2%b2-bedrukken-kwaliteit-printmogelijkheden\\\/\",\"url\":\"https:\\\/\\\/labelfree.nl\\\/product\\\/standaard-dames-tshirt-merkloos-100katoen-165gm%c2%b2-bedrukken-kwaliteit-printmogelijkheden\\\/\",\"name\":\"blanco dames t-shirt standaard fit 100% katoen 165 g\\\/m\u00b2 - Labelfree\",\"isPartOf\":{\"@id\":\"https:\\\/\\\/labelfree.nl\\\/#website\"},\"primaryImageOfPage\":{\"@id\":\"https:\\\/\\\/labelfree.nl\\\/product\\\/standaard-dames-tshirt-merkloos-100katoen-165gm%c2%b2-bedrukken-kwaliteit-printmogelijkheden\\\/#primaryimage\"},\"image\":{\"@id\":\"https:\\\/\\\/labelfree.nl\\\/product\\\/standaard-dames-tshirt-merkloos-100katoen-165gm%c2%b2-bedrukken-kwaliteit-printmogelijkheden\\\/#primaryimage\"},\"thumbnailUrl\":\"https:\\\/\\\/labelfree.nl\\\/wp-content\\\/uploads\\\/2024\\\/10\\\/000204_Lady_Casual_01c.jpg\",\"datePublished\":\"2024-10-24T17:05:12+00:00\",\"dateModified\":\"2026-04-17T00:05:33+00:00\",\"description\":\"Standaard t-shirt met ronde hals. Comfortabe basic. 100% organic cotton 165 g\\\/m\u00b2. Zeer geschikt voor groothandel. Kwaliteitsprints en ontwerphulp mogelijk\",\"breadcrumb\":{\"@id\":\"https:\\\/\\\/labelfree.nl\\\/product\\\/standaard-dames-tshirt-merkloos-100katoen-165gm%c2%b2-bedrukken-kwaliteit-printmogelijkheden\\\/#breadcrumb\"},\"inLanguage\":\"de\",\"potentialAction\":[{\"@type\":\"ReadAction\",\"target\":[\"https:\\\/\\\/labelfree.nl\\\/product\\\/standaard-dames-tshirt-merkloos-100katoen-165gm%c2%b2-bedrukken-kwaliteit-printmogelijkheden\\\/\"]}]},{\"@type\":\"ImageObject\",\"inLanguage\":\"de\",\"@id\":\"https:\\\/\\\/labelfree.nl\\\/product\\\/standaard-dames-tshirt-merkloos-100katoen-165gm%c2%b2-bedrukken-kwaliteit-printmogelijkheden\\\/#primaryimage\",\"url\":\"https:\\\/\\\/labelfree.nl\\\/wp-content\\\/uploads\\\/2024\\\/10\\\/000204_Lady_Casual_01c.jpg\",\"contentUrl\":\"https:\\\/\\\/labelfree.nl\\\/wp-content\\\/uploads\\\/2024\\\/10\\\/000204_Lady_Casual_01c.jpg\",\"width\":1000,\"height\":1384},{\"@type\":\"BreadcrumbList\",\"@id\":\"https:\\\/\\\/labelfree.nl\\\/product\\\/standaard-dames-tshirt-merkloos-100katoen-165gm%c2%b2-bedrukken-kwaliteit-printmogelijkheden\\\/#breadcrumb\",\"itemListElement\":[{\"@type\":\"ListItem\",\"position\":1,\"name\":\"Home\",\"item\":\"https:\\\/\\\/labelfree.nl\\\/\"},{\"@type\":\"ListItem\",\"position\":2,\"name\":\"Webshop\",\"item\":\"https:\\\/\\\/labelfree.nl\\\/webshop\\\/\"},{\"@type\":\"ListItem\",\"position\":3,\"name\":\"blanco dames t-shirt standaard fit 100% katoen 165 g\\\/m\u00b2\"}]},{\"@type\":\"WebSite\",\"@id\":\"https:\\\/\\\/labelfree.nl\\\/#website\",\"url\":\"https:\\\/\\\/labelfree.nl\\\/\",\"name\":\"Labelfree\",\"description\":\"Brandless quality\",\"potentialAction\":[{\"@type\":\"SearchAction\",\"target\":{\"@type\":\"EntryPoint\",\"urlTemplate\":\"https:\\\/\\\/labelfree.nl\\\/?s={search_term_string}\"},\"query-input\":{\"@type\":\"PropertyValueSpecification\",\"valueRequired\":true,\"valueName\":\"search_term_string\"}}],\"inLanguage\":\"de\"}]}<\/script>\n<!-- \/ Yoast SEO plugin. -->","yoast_head_json":{"title":"Blanko-Damen-T-Shirt, normale Passform, 100% Baumwolle, 165 g\/m\u00b2 - ohne Etikett","description":"Klassisches Rundhals-T-Shirt. Bequemes Basic. Aus Bio-Baumwolle (100%, 165 g\/m\u00b2). Ideal f\u00fcr den Gro\u00dfhandel. Hochwertige Drucke und Designunterst\u00fctzung verf\u00fcgbar.","robots":{"index":"index","follow":"follow","max-snippet":"max-snippet:-1","max-image-preview":"max-image-preview:large","max-video-preview":"max-video-preview:-1"},"canonical":"https:\/\/labelfree.nl\/de\/produkt\/st204-dame-lassig\/","og_locale":"de_DE","og_type":"article","og_title":"blanco dames t-shirt standaard fit 100% katoen 165 g\/m\u00b2 - Labelfree","og_description":"Standaard t-shirt met ronde hals. Comfortabe basic. 100% organic cotton 165 g\/m\u00b2. Zeer geschikt voor groothandel. Kwaliteitsprints en ontwerphulp mogelijk","og_url":"https:\/\/labelfree.nl\/de\/produkt\/st204-dame-lassig\/","og_site_name":"Labelfree","article_modified_time":"2026-04-17T00:05:33+00:00","og_image":[{"width":1000,"height":1384,"url":"https:\/\/labelfree.nl\/wp-content\/uploads\/2024\/10\/000204_Lady_Casual_01c.jpg","type":"image\/jpeg"}],"twitter_card":"summary_large_image","twitter_misc":{"Gesch\u00e4tzte Lesezeit":"3\u00a0Minuten"},"schema":{"@context":"https:\/\/schema.org","@graph":[{"@type":"WebPage","@id":"https:\/\/labelfree.nl\/product\/standaard-dames-tshirt-merkloos-100katoen-165gm%c2%b2-bedrukken-kwaliteit-printmogelijkheden\/","url":"https:\/\/labelfree.nl\/product\/standaard-dames-tshirt-merkloos-100katoen-165gm%c2%b2-bedrukken-kwaliteit-printmogelijkheden\/","name":"Blanko-Damen-T-Shirt, normale Passform, 100% Baumwolle, 165 g\/m\u00b2 - ohne Etikett","isPartOf":{"@id":"https:\/\/labelfree.nl\/#website"},"primaryImageOfPage":{"@id":"https:\/\/labelfree.nl\/product\/standaard-dames-tshirt-merkloos-100katoen-165gm%c2%b2-bedrukken-kwaliteit-printmogelijkheden\/#primaryimage"},"image":{"@id":"https:\/\/labelfree.nl\/product\/standaard-dames-tshirt-merkloos-100katoen-165gm%c2%b2-bedrukken-kwaliteit-printmogelijkheden\/#primaryimage"},"thumbnailUrl":"https:\/\/labelfree.nl\/wp-content\/uploads\/2024\/10\/000204_Lady_Casual_01c.jpg","datePublished":"2024-10-24T17:05:12+00:00","dateModified":"2026-04-17T00:05:33+00:00","description":"Klassisches Rundhals-T-Shirt. Bequemes Basic. Aus Bio-Baumwolle (100%, 165 g\/m\u00b2). Ideal f\u00fcr den Gro\u00dfhandel. Hochwertige Drucke und Designunterst\u00fctzung verf\u00fcgbar.","breadcrumb":{"@id":"https:\/\/labelfree.nl\/product\/standaard-dames-tshirt-merkloos-100katoen-165gm%c2%b2-bedrukken-kwaliteit-printmogelijkheden\/#breadcrumb"},"inLanguage":"de","potentialAction":[{"@type":"ReadAction","target":["https:\/\/labelfree.nl\/product\/standaard-dames-tshirt-merkloos-100katoen-165gm%c2%b2-bedrukken-kwaliteit-printmogelijkheden\/"]}]},{"@type":"ImageObject","inLanguage":"de","@id":"https:\/\/labelfree.nl\/product\/standaard-dames-tshirt-merkloos-100katoen-165gm%c2%b2-bedrukken-kwaliteit-printmogelijkheden\/#primaryimage","url":"https:\/\/labelfree.nl\/wp-content\/uploads\/2024\/10\/000204_Lady_Casual_01c.jpg","contentUrl":"https:\/\/labelfree.nl\/wp-content\/uploads\/2024\/10\/000204_Lady_Casual_01c.jpg","width":1000,"height":1384},{"@type":"BreadcrumbList","@id":"https:\/\/labelfree.nl\/product\/standaard-dames-tshirt-merkloos-100katoen-165gm%c2%b2-bedrukken-kwaliteit-printmogelijkheden\/#breadcrumb","itemListElement":[{"@type":"ListItem","position":1,"name":"Home","item":"https:\/\/labelfree.nl\/"},{"@type":"ListItem","position":2,"name":"Webshop","item":"https:\/\/labelfree.nl\/webshop\/"},{"@type":"ListItem","position":3,"name":"blanco dames t-shirt standaard fit 100% katoen 165 g\/m\u00b2"}]},{"@type":"WebSite","@id":"https:\/\/labelfree.nl\/#website","url":"https:\/\/labelfree.nl\/","name":"Etikettenfrei","description":"Markenlose Qualit\u00e4t","potentialAction":[{"@type":"SearchAction","target":{"@type":"EntryPoint","urlTemplate":"https:\/\/labelfree.nl\/?s={search_term_string}"},"query-input":{"@type":"PropertyValueSpecification","valueRequired":true,"valueName":"search_term_string"}}],"inLanguage":"de"}]}},"jetpack_sharing_enabled":true,"_links":{"self":[{"href":"https:\/\/labelfree.nl\/de\/wp-json\/wp\/v2\/product\/44642","targetHints":{"allow":["GET"]}}],"collection":[{"href":"https:\/\/labelfree.nl\/de\/wp-json\/wp\/v2\/product"}],"about":[{"href":"https:\/\/labelfree.nl\/de\/wp-json\/wp\/v2\/types\/product"}],"wp:featuredmedia":[{"embeddable":true,"href":"https:\/\/labelfree.nl\/de\/wp-json\/wp\/v2\/media\/54918"}],"wp:attachment":[{"href":"https:\/\/labelfree.nl\/de\/wp-json\/wp\/v2\/media?parent=44642"}],"wp:term":[{"taxonomy":"product_brand","embeddable":true,"href":"https:\/\/labelfree.nl\/de\/wp-json\/wp\/v2\/product_brand?post=44642"},{"taxonomy":"product_cat","embeddable":true,"href":"https:\/\/labelfree.nl\/de\/wp-json\/wp\/v2\/product_cat?post=44642"},{"taxonomy":"product_tag","embeddable":true,"href":"https:\/\/labelfree.nl\/de\/wp-json\/wp\/v2\/product_tag?post=44642"}],"curies":[{"name":"wp","href":"https:\/\/api.w.org\/{rel}","templated":true}]}}