{"id":44839,"date":"2024-10-24T19:07:28","date_gmt":"2024-10-24T17:07:28","guid":{"rendered":"https:\/\/labelfree.nl\/product\/st312-comfort-work-tee\/"},"modified":"2026-04-19T02:04:48","modified_gmt":"2026-04-19T00:04:48","slug":"werkkleding-tshirt-unisex-katoen-polyester-190gm%c2%b2-duurzaam-b2b-bedrukken","status":"publish","type":"product","link":"https:\/\/labelfree.nl\/de\/produkt\/komfort-arbeits-t-shirt-aus-st312\/","title":{"rendered":"Blanko-Arbeits-T-Shirt, 60% Baumwolle, 40% Polyester, 190 g\/m\u00b2"},"content":{"rendered":"<p><span style=\"color: #333333;\">Unisex-T-Shirt mit Rundhalsausschnitt, normale Passform. Zuverl\u00e4ssiges und modisches Arbeitshemd. Baumwoll-Polyester-Mischgewebe, 190 g\/m\u00b2. Maschinenwaschbar bei 60 Grad.\u00a0<\/span><\/p>\n<p><span style=\"color: #333333;\"><em>F\u00fcr die korrekte Farbdarstellung und den Preis klicken Sie bitte auf die gew\u00fcnschte Farbe und Gr\u00f6\u00dfe.\u00a0<\/em><\/span><\/p>\n<h3><\/h3>\n<h3><span style=\"color: #5a7699;\"><strong>Unisex-Arbeits-T-Shirt<\/strong><\/span><\/h3>\n<p><strong>60% Bio-Baumwolle \/ 40% recyceltes Polyester, 190 g\/m\u00b2<\/strong><\/p>\n<p><img decoding=\"async\" class=\"alignnone size-full wp-image-61254\" src=\"https:\/\/labelfree.nl\/wp-content\/uploads\/2024\/10\/oeko-12.jpg\" alt=\"\" width=\"145\" height=\"75\" srcset=\"https:\/\/labelfree.nl\/wp-content\/uploads\/2024\/10\/oeko-12.jpg 145w, https:\/\/labelfree.nl\/wp-content\/uploads\/2024\/10\/oeko-12-18x9.jpg 18w\" sizes=\"(max-width: 145px) 100vw, 145px\" \/><\/p>\n<ul>\n<li>Material: 60% Bio-Baumwolle (gek\u00e4mmt) und 40% Polyester<\/li>\n<li>Gewicht: 190 g\/m\u00b2<\/li>\n<li>Single-Jersey<\/li>\n<li>F\u00fcr Industriew\u00e4sche geeignet<\/li>\n<li>Erh\u00e4ltlich in 6 Farben<\/li>\n<li>Erh\u00e4ltlich in den Gr\u00f6\u00dfen S bis 5XL<\/li>\n<li>Markenlos, kleine Gr\u00f6\u00dfentabelle im Halsausschnitt<\/li>\n<li>Geeignet f\u00fcr Siebdruck, Transferdruck, DTG-Druck und Stickerei<\/li>\n<li>Karton: 50 St\u00fcck. Verpackung: 10 St\u00fcck. Auch einzeln erh\u00e4ltlich.<\/li>\n<\/ul>\n<p><strong>\u00a0<\/strong><\/p>\n<h4><span style=\"color: #5a7699;\"><strong>Unisex-Arbeits-T-Shirt \u2013 zuverl\u00e4ssiges und stylisches Arbeitshemd<\/strong><\/span><\/h4>\n<p>Unser Arbeitsshirt eignet sich f\u00fcr Damen und Herren. Es ist die perfekte Wahl f\u00fcr Berufst\u00e4tige, die ein zuverl\u00e4ssiges und stilvolles Arbeitsshirt suchen. Es hat eine normale Passform und ist vielseitig einsetzbar. Der Rundhalsausschnitt mit doppelt gen\u00e4htem Baumwollrippb\u00fcndchen ist mit einem Nackenband versehen. Seitenn\u00e4hte und \u00c4rmel sind ebenfalls doppelt vern\u00e4ht.<\/p>\n<h4><span style=\"color: #5a7699;\"><strong>Materialangaben<\/strong><\/span><\/h4>\n<p>Dieses Arbeitshemd besteht aus einer Mischung aus 601 % gek\u00e4mmter Bio-Baumwolle und 401 % Polyester. Der 190 g\/m\u00b2 schwere Single-Jersey ist etwas schwerer. Dadurch eignet sich das Hemd f\u00fcr die industrielle W\u00e4sche. Der schwerere Jersey ist weich und angenehm zu tragen.<\/p>\n<h4><span style=\"color: #5a7699;\"><strong>Druck-, Stick- und Beschriftungsm\u00f6glichkeiten<\/strong><\/span><\/h4>\n<p>Unser gesamtes Sortiment eignet sich f\u00fcr B2B, Merchandising und Private Label. Sie m\u00f6chten unbedruckte Kleidung bestellen, diese mit Ihrem eigenen Design bedrucken lassen oder ben\u00f6tigen Druckvorlagen zum Selbstaufbringen? Das Team von Labelfree unterst\u00fctzt Sie dabei in jedem Schritt.<\/p>\n<p>Labelfree bietet eine Vielzahl professioneller Druckoptionen, darunter Transferdruck, DTF-Druck, Siebdruck und Stickerei. Sie k\u00f6nnen beispielsweise auch Ihre eigenen Nackenaufdrucke und Etiketten auf den \u00c4rmel drucken lassen.<\/p>\n<p>Ben\u00f6tigen Sie Hilfe bei Ihrem eigenen Design? Unsere Grafikdesigner unterst\u00fctzen Sie gerne. So stellen wir sicher, dass das Endprodukt perfekt auf Ihre Bed\u00fcrfnisse zugeschnitten ist. Sie erhalten immer zun\u00e4chst ein kostenloses, visuelles Angebot. Kontaktieren Sie uns, um die M\u00f6glichkeiten zur Erstellung Ihrer eigenen Kollektion zu erkunden.<\/p>\n<p>&nbsp;<\/p>\n<p>Gr\u00f6\u00dfentabelle<\/p>\n<p><img decoding=\"async\" class=\"\" src=\"https:\/\/www.stormtextil.dk\/sites\/default\/files\/size-charts\/000312_Comfort_Work_Tee.png\" width=\"600\" height=\"69\" \/><\/p>\n<p>Pflegeanleitung<\/p>\n<p><img decoding=\"async\" class=\"alignnone wp-image-61145\" src=\"https:\/\/labelfree.nl\/wp-content\/uploads\/2024\/10\/Storm_industrial_washing_60-1.jpg\" alt=\"\" width=\"172\" height=\"30\" srcset=\"https:\/\/labelfree.nl\/wp-content\/uploads\/2024\/10\/Storm_industrial_washing_60-1.jpg 132w, https:\/\/labelfree.nl\/wp-content\/uploads\/2024\/10\/Storm_industrial_washing_60-1-18x3.jpg 18w\" sizes=\"(max-width: 172px) 100vw, 172px\" \/><\/p>\n<p>&nbsp;<\/p>\n<p>&nbsp;<\/p>\n<p>&nbsp;<\/p>","protected":false},"excerpt":{"rendered":"<p>Unisex t-shirt met ronde hals, standaard snit. Betrouwbaar en stijlvol werkshirt. Mix van katoen en polyester, 190 g\/m\u00b2. Wasbaar op 60 graden.\u00a0 voor de juiste kleurweergave en prijs klikt u op de kleur en maat.\u00a0 t-shirt work unisex 60% biologisch katoen \/ 40% gerecycled polyester, 190 g\/m\u00b2 Materiaal: 60% biologisch gekamd katoen en 40% polyester [&hellip;]<\/p>\n","protected":false},"featured_media":54964,"template":"","meta":{"_acf_changed":false},"product_brand":[],"product_cat":[19,46,607],"product_tag":[],"class_list":{"0":"post-44839","1":"product","2":"type-product","3":"status-publish","4":"has-post-thumbnail","6":"product_cat-t-shirts","7":"product_cat-t-shirts-crew-neck","8":"product_cat-werkkleding","9":"pa_size-2xl","10":"pa_size-3xl","11":"pa_size-4xl","12":"pa_size-5xl","13":"pa_size-l","14":"pa_size-m","15":"pa_size-s","16":"pa_size-xl","17":"pa_size-xxl","19":"first","20":"instock","21":"taxable","22":"shipping-taxable","23":"purchasable","24":"product-type-variable"},"acf":[],"yoast_head":"<!-- This site is optimized with the Yoast SEO plugin v27.4 - https:\/\/yoast.com\/product\/yoast-seo-wordpress\/ -->\n<title>blanco werk t-shirt 60% katoen 40% polyester 190 g\/m\u00b2 - Labelfree<\/title>\n<meta name=\"description\" content=\"Unisex t-shirt geschikt voor werkkleding. 60% Katoen en 40% polyester, 190g\/m\u00b2 Industrieel wasbaar en duurzaam. Professionele prints en ontwerphulp mogelijk\" \/>\n<meta name=\"robots\" content=\"index, follow, max-snippet:-1, max-image-preview:large, max-video-preview:-1\" \/>\n<link rel=\"canonical\" href=\"https:\/\/labelfree.nl\/de\/produkt\/komfort-arbeits-t-shirt-aus-st312\/\" \/>\n<meta property=\"og:locale\" content=\"de_DE\" \/>\n<meta property=\"og:type\" content=\"article\" \/>\n<meta property=\"og:title\" content=\"blanco werk t-shirt 60% katoen 40% polyester 190 g\/m\u00b2 - Labelfree\" \/>\n<meta property=\"og:description\" content=\"Unisex t-shirt geschikt voor werkkleding. 60% Katoen en 40% polyester, 190g\/m\u00b2 Industrieel wasbaar en duurzaam. Professionele prints en ontwerphulp mogelijk\" \/>\n<meta property=\"og:url\" content=\"https:\/\/labelfree.nl\/de\/produkt\/komfort-arbeits-t-shirt-aus-st312\/\" \/>\n<meta property=\"og:site_name\" content=\"Labelfree\" \/>\n<meta property=\"article:modified_time\" content=\"2026-04-19T00:04:48+00:00\" \/>\n<meta property=\"og:image\" content=\"https:\/\/labelfree.nl\/wp-content\/uploads\/2024\/10\/000312_Comfort_Work_Tee_04c.jpg\" \/>\n\t<meta property=\"og:image:width\" content=\"1000\" \/>\n\t<meta property=\"og:image:height\" content=\"1384\" \/>\n\t<meta property=\"og:image:type\" content=\"image\/jpeg\" \/>\n<meta name=\"twitter:card\" content=\"summary_large_image\" \/>\n<meta name=\"twitter:label1\" content=\"Gesch\u00e4tzte Lesezeit\" \/>\n\t<meta name=\"twitter:data1\" content=\"3\u00a0Minuten\" \/>\n<script type=\"application\/ld+json\" class=\"yoast-schema-graph\">{\"@context\":\"https:\\\/\\\/schema.org\",\"@graph\":[{\"@type\":\"WebPage\",\"@id\":\"https:\\\/\\\/labelfree.nl\\\/product\\\/werkkleding-tshirt-unisex-katoen-polyester-190gm%c2%b2-duurzaam-b2b-bedrukken\\\/\",\"url\":\"https:\\\/\\\/labelfree.nl\\\/product\\\/werkkleding-tshirt-unisex-katoen-polyester-190gm%c2%b2-duurzaam-b2b-bedrukken\\\/\",\"name\":\"blanco werk t-shirt 60% katoen 40% polyester 190 g\\\/m\u00b2 - Labelfree\",\"isPartOf\":{\"@id\":\"https:\\\/\\\/labelfree.nl\\\/#website\"},\"primaryImageOfPage\":{\"@id\":\"https:\\\/\\\/labelfree.nl\\\/product\\\/werkkleding-tshirt-unisex-katoen-polyester-190gm%c2%b2-duurzaam-b2b-bedrukken\\\/#primaryimage\"},\"image\":{\"@id\":\"https:\\\/\\\/labelfree.nl\\\/product\\\/werkkleding-tshirt-unisex-katoen-polyester-190gm%c2%b2-duurzaam-b2b-bedrukken\\\/#primaryimage\"},\"thumbnailUrl\":\"https:\\\/\\\/labelfree.nl\\\/wp-content\\\/uploads\\\/2024\\\/10\\\/000312_Comfort_Work_Tee_04c.jpg\",\"datePublished\":\"2024-10-24T17:07:28+00:00\",\"dateModified\":\"2026-04-19T00:04:48+00:00\",\"description\":\"Unisex t-shirt geschikt voor werkkleding. 60% Katoen en 40% polyester, 190g\\\/m\u00b2 Industrieel wasbaar en duurzaam. Professionele prints en ontwerphulp mogelijk\",\"breadcrumb\":{\"@id\":\"https:\\\/\\\/labelfree.nl\\\/product\\\/werkkleding-tshirt-unisex-katoen-polyester-190gm%c2%b2-duurzaam-b2b-bedrukken\\\/#breadcrumb\"},\"inLanguage\":\"de\",\"potentialAction\":[{\"@type\":\"ReadAction\",\"target\":[\"https:\\\/\\\/labelfree.nl\\\/product\\\/werkkleding-tshirt-unisex-katoen-polyester-190gm%c2%b2-duurzaam-b2b-bedrukken\\\/\"]}]},{\"@type\":\"ImageObject\",\"inLanguage\":\"de\",\"@id\":\"https:\\\/\\\/labelfree.nl\\\/product\\\/werkkleding-tshirt-unisex-katoen-polyester-190gm%c2%b2-duurzaam-b2b-bedrukken\\\/#primaryimage\",\"url\":\"https:\\\/\\\/labelfree.nl\\\/wp-content\\\/uploads\\\/2024\\\/10\\\/000312_Comfort_Work_Tee_04c.jpg\",\"contentUrl\":\"https:\\\/\\\/labelfree.nl\\\/wp-content\\\/uploads\\\/2024\\\/10\\\/000312_Comfort_Work_Tee_04c.jpg\",\"width\":1000,\"height\":1384},{\"@type\":\"BreadcrumbList\",\"@id\":\"https:\\\/\\\/labelfree.nl\\\/product\\\/werkkleding-tshirt-unisex-katoen-polyester-190gm%c2%b2-duurzaam-b2b-bedrukken\\\/#breadcrumb\",\"itemListElement\":[{\"@type\":\"ListItem\",\"position\":1,\"name\":\"Home\",\"item\":\"https:\\\/\\\/labelfree.nl\\\/\"},{\"@type\":\"ListItem\",\"position\":2,\"name\":\"Webshop\",\"item\":\"https:\\\/\\\/labelfree.nl\\\/webshop\\\/\"},{\"@type\":\"ListItem\",\"position\":3,\"name\":\"blanco werk t-shirt 60% katoen 40% polyester 190 g\\\/m\u00b2\"}]},{\"@type\":\"WebSite\",\"@id\":\"https:\\\/\\\/labelfree.nl\\\/#website\",\"url\":\"https:\\\/\\\/labelfree.nl\\\/\",\"name\":\"Labelfree\",\"description\":\"Brandless quality\",\"potentialAction\":[{\"@type\":\"SearchAction\",\"target\":{\"@type\":\"EntryPoint\",\"urlTemplate\":\"https:\\\/\\\/labelfree.nl\\\/?s={search_term_string}\"},\"query-input\":{\"@type\":\"PropertyValueSpecification\",\"valueRequired\":true,\"valueName\":\"search_term_string\"}}],\"inLanguage\":\"de\"}]}<\/script>\n<!-- \/ Yoast SEO plugin. -->","yoast_head_json":{"title":"Blanko-Arbeits-T-Shirt, 601T Baumwolle, 401T Polyester, 190 g\/m\u00b2 - Labelfree","description":"Unisex-T-Shirt, geeignet f\u00fcr den Arbeitsalltag. Material: 601T Baumwolle und 401T Polyester, 190 g\/m\u00b2. Industriewaschbar und strapazierf\u00e4hig. Professioneller Druck und Designunterst\u00fctzung verf\u00fcgbar.","robots":{"index":"index","follow":"follow","max-snippet":"max-snippet:-1","max-image-preview":"max-image-preview:large","max-video-preview":"max-video-preview:-1"},"canonical":"https:\/\/labelfree.nl\/de\/produkt\/komfort-arbeits-t-shirt-aus-st312\/","og_locale":"de_DE","og_type":"article","og_title":"blanco werk t-shirt 60% katoen 40% polyester 190 g\/m\u00b2 - Labelfree","og_description":"Unisex t-shirt geschikt voor werkkleding. 60% Katoen en 40% polyester, 190g\/m\u00b2 Industrieel wasbaar en duurzaam. Professionele prints en ontwerphulp mogelijk","og_url":"https:\/\/labelfree.nl\/de\/produkt\/komfort-arbeits-t-shirt-aus-st312\/","og_site_name":"Labelfree","article_modified_time":"2026-04-19T00:04:48+00:00","og_image":[{"width":1000,"height":1384,"url":"https:\/\/labelfree.nl\/wp-content\/uploads\/2024\/10\/000312_Comfort_Work_Tee_04c.jpg","type":"image\/jpeg"}],"twitter_card":"summary_large_image","twitter_misc":{"Gesch\u00e4tzte Lesezeit":"3\u00a0Minuten"},"schema":{"@context":"https:\/\/schema.org","@graph":[{"@type":"WebPage","@id":"https:\/\/labelfree.nl\/product\/werkkleding-tshirt-unisex-katoen-polyester-190gm%c2%b2-duurzaam-b2b-bedrukken\/","url":"https:\/\/labelfree.nl\/product\/werkkleding-tshirt-unisex-katoen-polyester-190gm%c2%b2-duurzaam-b2b-bedrukken\/","name":"Blanko-Arbeits-T-Shirt, 601T Baumwolle, 401T Polyester, 190 g\/m\u00b2 - Labelfree","isPartOf":{"@id":"https:\/\/labelfree.nl\/#website"},"primaryImageOfPage":{"@id":"https:\/\/labelfree.nl\/product\/werkkleding-tshirt-unisex-katoen-polyester-190gm%c2%b2-duurzaam-b2b-bedrukken\/#primaryimage"},"image":{"@id":"https:\/\/labelfree.nl\/product\/werkkleding-tshirt-unisex-katoen-polyester-190gm%c2%b2-duurzaam-b2b-bedrukken\/#primaryimage"},"thumbnailUrl":"https:\/\/labelfree.nl\/wp-content\/uploads\/2024\/10\/000312_Comfort_Work_Tee_04c.jpg","datePublished":"2024-10-24T17:07:28+00:00","dateModified":"2026-04-19T00:04:48+00:00","description":"Unisex-T-Shirt, geeignet f\u00fcr den Arbeitsalltag. Material: 601T Baumwolle und 401T Polyester, 190 g\/m\u00b2. Industriewaschbar und strapazierf\u00e4hig. Professioneller Druck und Designunterst\u00fctzung verf\u00fcgbar.","breadcrumb":{"@id":"https:\/\/labelfree.nl\/product\/werkkleding-tshirt-unisex-katoen-polyester-190gm%c2%b2-duurzaam-b2b-bedrukken\/#breadcrumb"},"inLanguage":"de","potentialAction":[{"@type":"ReadAction","target":["https:\/\/labelfree.nl\/product\/werkkleding-tshirt-unisex-katoen-polyester-190gm%c2%b2-duurzaam-b2b-bedrukken\/"]}]},{"@type":"ImageObject","inLanguage":"de","@id":"https:\/\/labelfree.nl\/product\/werkkleding-tshirt-unisex-katoen-polyester-190gm%c2%b2-duurzaam-b2b-bedrukken\/#primaryimage","url":"https:\/\/labelfree.nl\/wp-content\/uploads\/2024\/10\/000312_Comfort_Work_Tee_04c.jpg","contentUrl":"https:\/\/labelfree.nl\/wp-content\/uploads\/2024\/10\/000312_Comfort_Work_Tee_04c.jpg","width":1000,"height":1384},{"@type":"BreadcrumbList","@id":"https:\/\/labelfree.nl\/product\/werkkleding-tshirt-unisex-katoen-polyester-190gm%c2%b2-duurzaam-b2b-bedrukken\/#breadcrumb","itemListElement":[{"@type":"ListItem","position":1,"name":"Home","item":"https:\/\/labelfree.nl\/"},{"@type":"ListItem","position":2,"name":"Webshop","item":"https:\/\/labelfree.nl\/webshop\/"},{"@type":"ListItem","position":3,"name":"blanco werk t-shirt 60% katoen 40% polyester 190 g\/m\u00b2"}]},{"@type":"WebSite","@id":"https:\/\/labelfree.nl\/#website","url":"https:\/\/labelfree.nl\/","name":"Etikettenfrei","description":"Markenlose Qualit\u00e4t","potentialAction":[{"@type":"SearchAction","target":{"@type":"EntryPoint","urlTemplate":"https:\/\/labelfree.nl\/?s={search_term_string}"},"query-input":{"@type":"PropertyValueSpecification","valueRequired":true,"valueName":"search_term_string"}}],"inLanguage":"de"}]}},"jetpack_sharing_enabled":true,"_links":{"self":[{"href":"https:\/\/labelfree.nl\/de\/wp-json\/wp\/v2\/product\/44839","targetHints":{"allow":["GET"]}}],"collection":[{"href":"https:\/\/labelfree.nl\/de\/wp-json\/wp\/v2\/product"}],"about":[{"href":"https:\/\/labelfree.nl\/de\/wp-json\/wp\/v2\/types\/product"}],"wp:featuredmedia":[{"embeddable":true,"href":"https:\/\/labelfree.nl\/de\/wp-json\/wp\/v2\/media\/54964"}],"wp:attachment":[{"href":"https:\/\/labelfree.nl\/de\/wp-json\/wp\/v2\/media?parent=44839"}],"wp:term":[{"taxonomy":"product_brand","embeddable":true,"href":"https:\/\/labelfree.nl\/de\/wp-json\/wp\/v2\/product_brand?post=44839"},{"taxonomy":"product_cat","embeddable":true,"href":"https:\/\/labelfree.nl\/de\/wp-json\/wp\/v2\/product_cat?post=44839"},{"taxonomy":"product_tag","embeddable":true,"href":"https:\/\/labelfree.nl\/de\/wp-json\/wp\/v2\/product_tag?post=44839"}],"curies":[{"name":"wp","href":"https:\/\/api.w.org\/{rel}","templated":true}]}}