{"id":44903,"date":"2024-10-24T19:08:13","date_gmt":"2024-10-24T17:08:13","guid":{"rendered":"https:\/\/labelfree.nl\/product\/st814-lady-shape-polo\/"},"modified":"2026-04-21T02:29:55","modified_gmt":"2026-04-21T00:29:55","slug":"st814-lady-shape-polo","status":"publish","type":"product","link":"https:\/\/labelfree.nl\/de\/produkt\/st814-poloshirt-in-damenform\/","title":{"rendered":"Poloshirt Damenform"},"content":{"rendered":"<p><span style=\"color: #333333;\">Weiche und flexible Passform. Dezenter Kragen, 5-Knopf-Leiste. Single-Jersey, 200 g\/m\u00b2<\/span><\/p>\n<p><span style=\"color: #333333;\"><em>F\u00fcr die korrekte Farbdarstellung und -beschreibung klicken Sie auf das betreffende Hemd und anschlie\u00dfend erneut auf die Lupe.<\/em><\/span><\/p>\n<p>&nbsp;<\/p>\n<h3><span style=\"color: #5a7699;\"><strong>Form des Damen-Poloshirts<\/strong><\/span><\/h3>\n<p><strong>100% Bio-Baumwolle, Single-Jersey, 200 g\/m\u00b2<\/strong><\/p>\n<p><img decoding=\"async\" src=\"https:\/\/www.stormtextil.dk\/sites\/default\/files\/inline-images\/OTS100_label_19.HBD__1.jpg\" alt=\"\u00d6ko-Tex-zertifiziert\" \/><\/p>\n<ul>\n<li>Qualit\u00e4t: 921T gek\u00e4mmte Bio-Baumwolle \/ 81T Elastan<\/li>\n<li>Heather Black: 721T gek\u00e4mmte Bio-Baumwolle \/ 201T Polyester \/ 81T Elastan<\/li>\n<li>Single-Jersey<\/li>\n<li>Gewicht: 200 g\/m\u00b2<\/li>\n<li>Erh\u00e4ltlich in 5 Farben<\/li>\n<li>Erh\u00e4ltlich von Gr\u00f6\u00dfe XS bis 2XL<\/li>\n<li>Kleines Gr\u00f6\u00dfenetikett im Halsausschnitt<\/li>\n<li>Karton: 50 St\u00fcck. Verpackung: 10 St\u00fcck. Auch einzeln erh\u00e4ltlich.<\/li>\n<\/ul>\n<p><strong>\u00a0<\/strong><\/p>\n<h4><span style=\"color: #5a7699;\"><strong>Polo-Schnitt f\u00fcr Damen \u2013 elegant und strapazierf\u00e4hig <\/strong><\/span><\/h4>\n<p>Das Damen-Poloshirt hat eine klassische Passform und eine schmale Silhouette. Es f\u00e4llt wundersch\u00f6n. Der Elastan-Anteil sorgt f\u00fcr hervorragende Dehnbarkeit und erm\u00f6glicht uneingeschr\u00e4nkte Bewegungsfreiheit.<\/p>\n<p>Das Poloshirt hat einen Halsausschnitt, der bis zur Knopfleiste reicht. Der Polokragen wird mit f\u00fcnf Kn\u00f6pfen geschlossen. Der dezente Kragen ist aus 1x1-Rippstrick aus Baumwolle gefertigt. Die Knopfleiste ist unten verst\u00e4rkt. Die B\u00fcndchen sind ebenfalls mit 1x1-Rippstrick verst\u00e4rkt, und \u00c4rmel sowie Saum sind doppelt vern\u00e4ht. Das Poloshirt hat Seitenn\u00e4hte.<\/p>\n<h4><span style=\"color: #5a7699;\"><strong>Materialangaben<\/strong><\/span><\/h4>\n<p>Single-Jersey, 200 g\/m\u00b2. Hergestellt aus 921 % gek\u00e4mmter Bio-Baumwolle und 81 % Elastan. Die Farbe Heather Black besteht aus 721 % gek\u00e4mmter Bio-Baumwolle, 20 % Polyester und 81 % Elastan. Der Elastananteil sorgt f\u00fcr Formstabilit\u00e4t und verhindert Ausleiern.<\/p>\n<p>Single-Jersey ist ein weit verbreiteter Strickstoff. Er ist atmungsaktiv, weich und angenehm auf der Haut. Zudem ist er hautfreundlich und strapazierf\u00e4hig. Mit einem Gewicht von 200 g\/m\u00b2 z\u00e4hlt dieser Jersey-Stoff zu den mittelschweren Stoffen und bietet ein ausgewogenes Verh\u00e4ltnis zwischen Weichheit und Strapazierf\u00e4higkeit. Er beh\u00e4lt auch nach vielen W\u00e4schen seine sch\u00f6ne Optik.<\/p>\n<h4><span style=\"color: #5a7699;\"><strong>Druck-, Stick- und Beschriftungsm\u00f6glichkeiten<\/strong><\/span><\/h4>\n<p>M\u00f6chten Sie unbedruckte Kleidung bestellen, mit Ihrem eigenen Design bedrucken lassen oder ben\u00f6tigen Sie selbst aufzubringende Drucke? Bei Labelfree steht Ihnen unser Team bei jedem Schritt zur Seite.<\/p>\n<p>Labelfree bietet verschiedene Druckm\u00f6glichkeiten, darunter Transferdruck, DTF, Siebdruck und Stickerei. Auch eigene Nackendrucke und Etiketten, beispielsweise auf den \u00c4rmel, sind m\u00f6glich.<\/p>\n<p>Ben\u00f6tigen Sie Hilfe bei Ihrem eigenen Design? Unsere Grafikdesigner unterst\u00fctzen Sie gerne. So stellen wir sicher, dass das Endprodukt perfekt auf Ihre Bed\u00fcrfnisse zugeschnitten ist. Sie erhalten immer zun\u00e4chst ein kostenloses, visuelles Angebot. Kontaktieren Sie uns, um die M\u00f6glichkeiten zur Erstellung Ihrer eigenen Kollektion zu erkunden.<\/p>\n<p>&nbsp;<\/p>\n<p>Gr\u00f6\u00dfentabelle<\/p>\n<p><img decoding=\"async\" class=\"\" src=\"https:\/\/www.stormtextil.dk\/sites\/default\/files\/product-image\/size-charts\/000814%20Lady%20Shape%20polo.png\" width=\"588\" height=\"83\" \/><\/p>\n<p>&nbsp;<\/p>\n<p>Pflegeanleitung<\/p>\n<p><img decoding=\"async\" class=\"\" src=\"https:\/\/www.stormtextil.dk\/sites\/default\/files\/product-image\/washing-instructions\/Storm_washing_instructions_40_21.png\" width=\"170\" height=\"26\" \/><\/p>","protected":false},"excerpt":{"rendered":"<p>Zachte en flexibele pasvorm. Subtiele kraag, knoopsluiting 5 knopen. Single jersey, 200 g\/m\u00b2 voor de juiste kleur weergave- en omschrijving klikt u op het betreffende shirt en nogmaals op het vergrootglas &nbsp; poloshirt shape dames 100% Biologisch katoen, Single jersey, 200 g\/m\u00b2 Kwaliteit: 92% gekamd biologisch katoen \/ 8% elastaan Heather Black: 72% gekamd biologisch [&hellip;]<\/p>\n","protected":false},"featured_media":54973,"template":"","meta":{"_acf_changed":false},"product_brand":[],"product_cat":[118],"product_tag":[],"class_list":{"0":"post-44903","1":"product","2":"type-product","3":"status-publish","4":"has-post-thumbnail","6":"product_cat-polo-shirts","7":"pa_size-2xl","8":"pa_size-l","9":"pa_size-m","10":"pa_size-s","11":"pa_size-xl","12":"pa_size-xs","14":"first","15":"instock","16":"taxable","17":"shipping-taxable","18":"purchasable","19":"product-type-variable"},"acf":[],"yoast_head":"<!-- This site is optimized with the Yoast SEO plugin v27.4 - https:\/\/yoast.com\/product\/yoast-seo-wordpress\/ -->\n<title>Poloshirt Dames Shape - Labelfree<\/title>\n<meta name=\"robots\" content=\"index, follow, max-snippet:-1, max-image-preview:large, max-video-preview:-1\" \/>\n<link rel=\"canonical\" href=\"https:\/\/labelfree.nl\/de\/produkt\/st814-poloshirt-in-damenform\/\" \/>\n<meta property=\"og:locale\" content=\"de_DE\" \/>\n<meta property=\"og:type\" content=\"article\" \/>\n<meta property=\"og:title\" content=\"Poloshirt Dames Shape - Labelfree\" \/>\n<meta property=\"og:description\" content=\"Zachte en flexibele pasvorm. Subtiele kraag, knoopsluiting 5 knopen. Single jersey, 200 g\/m\u00b2 voor de juiste kleur weergave- en omschrijving klikt u op het betreffende shirt en nogmaals op het vergrootglas &nbsp; poloshirt shape dames 100% Biologisch katoen, Single jersey, 200 g\/m\u00b2 Kwaliteit: 92% gekamd biologisch katoen \/ 8% elastaan Heather Black: 72% gekamd biologisch [&hellip;]\" \/>\n<meta property=\"og:url\" content=\"https:\/\/labelfree.nl\/de\/produkt\/st814-poloshirt-in-damenform\/\" \/>\n<meta property=\"og:site_name\" content=\"Labelfree\" \/>\n<meta property=\"article:modified_time\" content=\"2026-04-21T00:29:55+00:00\" \/>\n<meta property=\"og:image\" content=\"https:\/\/labelfree.nl\/wp-content\/uploads\/2024\/10\/000814_Lady_Shape_Polo_01c.jpg\" \/>\n\t<meta property=\"og:image:width\" content=\"1000\" \/>\n\t<meta property=\"og:image:height\" content=\"1384\" \/>\n\t<meta property=\"og:image:type\" content=\"image\/jpeg\" \/>\n<meta name=\"twitter:card\" content=\"summary_large_image\" \/>\n<meta name=\"twitter:label1\" content=\"Gesch\u00e4tzte Lesezeit\" \/>\n\t<meta name=\"twitter:data1\" content=\"3\u00a0Minuten\" \/>\n<script type=\"application\/ld+json\" class=\"yoast-schema-graph\">{\"@context\":\"https:\\\/\\\/schema.org\",\"@graph\":[{\"@type\":\"WebPage\",\"@id\":\"https:\\\/\\\/labelfree.nl\\\/product\\\/st814-lady-shape-polo\\\/\",\"url\":\"https:\\\/\\\/labelfree.nl\\\/product\\\/st814-lady-shape-polo\\\/\",\"name\":\"Poloshirt Dames Shape - Labelfree\",\"isPartOf\":{\"@id\":\"https:\\\/\\\/labelfree.nl\\\/#website\"},\"primaryImageOfPage\":{\"@id\":\"https:\\\/\\\/labelfree.nl\\\/product\\\/st814-lady-shape-polo\\\/#primaryimage\"},\"image\":{\"@id\":\"https:\\\/\\\/labelfree.nl\\\/product\\\/st814-lady-shape-polo\\\/#primaryimage\"},\"thumbnailUrl\":\"https:\\\/\\\/labelfree.nl\\\/wp-content\\\/uploads\\\/2024\\\/10\\\/000814_Lady_Shape_Polo_01c.jpg\",\"datePublished\":\"2024-10-24T17:08:13+00:00\",\"dateModified\":\"2026-04-21T00:29:55+00:00\",\"breadcrumb\":{\"@id\":\"https:\\\/\\\/labelfree.nl\\\/product\\\/st814-lady-shape-polo\\\/#breadcrumb\"},\"inLanguage\":\"de\",\"potentialAction\":[{\"@type\":\"ReadAction\",\"target\":[\"https:\\\/\\\/labelfree.nl\\\/product\\\/st814-lady-shape-polo\\\/\"]}]},{\"@type\":\"ImageObject\",\"inLanguage\":\"de\",\"@id\":\"https:\\\/\\\/labelfree.nl\\\/product\\\/st814-lady-shape-polo\\\/#primaryimage\",\"url\":\"https:\\\/\\\/labelfree.nl\\\/wp-content\\\/uploads\\\/2024\\\/10\\\/000814_Lady_Shape_Polo_01c.jpg\",\"contentUrl\":\"https:\\\/\\\/labelfree.nl\\\/wp-content\\\/uploads\\\/2024\\\/10\\\/000814_Lady_Shape_Polo_01c.jpg\",\"width\":1000,\"height\":1384},{\"@type\":\"BreadcrumbList\",\"@id\":\"https:\\\/\\\/labelfree.nl\\\/product\\\/st814-lady-shape-polo\\\/#breadcrumb\",\"itemListElement\":[{\"@type\":\"ListItem\",\"position\":1,\"name\":\"Home\",\"item\":\"https:\\\/\\\/labelfree.nl\\\/\"},{\"@type\":\"ListItem\",\"position\":2,\"name\":\"Webshop\",\"item\":\"https:\\\/\\\/labelfree.nl\\\/webshop\\\/\"},{\"@type\":\"ListItem\",\"position\":3,\"name\":\"Poloshirt Dames Shape\"}]},{\"@type\":\"WebSite\",\"@id\":\"https:\\\/\\\/labelfree.nl\\\/#website\",\"url\":\"https:\\\/\\\/labelfree.nl\\\/\",\"name\":\"Labelfree\",\"description\":\"Brandless quality\",\"potentialAction\":[{\"@type\":\"SearchAction\",\"target\":{\"@type\":\"EntryPoint\",\"urlTemplate\":\"https:\\\/\\\/labelfree.nl\\\/?s={search_term_string}\"},\"query-input\":{\"@type\":\"PropertyValueSpecification\",\"valueRequired\":true,\"valueName\":\"search_term_string\"}}],\"inLanguage\":\"de\"}]}<\/script>\n<!-- \/ Yoast SEO plugin. -->","yoast_head_json":{"title":"Poloshirt Damen Shape - Etikettenfrei","robots":{"index":"index","follow":"follow","max-snippet":"max-snippet:-1","max-image-preview":"max-image-preview:large","max-video-preview":"max-video-preview:-1"},"canonical":"https:\/\/labelfree.nl\/de\/produkt\/st814-poloshirt-in-damenform\/","og_locale":"de_DE","og_type":"article","og_title":"Poloshirt Dames Shape - Labelfree","og_description":"Zachte en flexibele pasvorm. Subtiele kraag, knoopsluiting 5 knopen. Single jersey, 200 g\/m\u00b2 voor de juiste kleur weergave- en omschrijving klikt u op het betreffende shirt en nogmaals op het vergrootglas &nbsp; poloshirt shape dames 100% Biologisch katoen, Single jersey, 200 g\/m\u00b2 Kwaliteit: 92% gekamd biologisch katoen \/ 8% elastaan Heather Black: 72% gekamd biologisch [&hellip;]","og_url":"https:\/\/labelfree.nl\/de\/produkt\/st814-poloshirt-in-damenform\/","og_site_name":"Labelfree","article_modified_time":"2026-04-21T00:29:55+00:00","og_image":[{"width":1000,"height":1384,"url":"https:\/\/labelfree.nl\/wp-content\/uploads\/2024\/10\/000814_Lady_Shape_Polo_01c.jpg","type":"image\/jpeg"}],"twitter_card":"summary_large_image","twitter_misc":{"Gesch\u00e4tzte Lesezeit":"3\u00a0Minuten"},"schema":{"@context":"https:\/\/schema.org","@graph":[{"@type":"WebPage","@id":"https:\/\/labelfree.nl\/product\/st814-lady-shape-polo\/","url":"https:\/\/labelfree.nl\/product\/st814-lady-shape-polo\/","name":"Poloshirt Damen Shape - Etikettenfrei","isPartOf":{"@id":"https:\/\/labelfree.nl\/#website"},"primaryImageOfPage":{"@id":"https:\/\/labelfree.nl\/product\/st814-lady-shape-polo\/#primaryimage"},"image":{"@id":"https:\/\/labelfree.nl\/product\/st814-lady-shape-polo\/#primaryimage"},"thumbnailUrl":"https:\/\/labelfree.nl\/wp-content\/uploads\/2024\/10\/000814_Lady_Shape_Polo_01c.jpg","datePublished":"2024-10-24T17:08:13+00:00","dateModified":"2026-04-21T00:29:55+00:00","breadcrumb":{"@id":"https:\/\/labelfree.nl\/product\/st814-lady-shape-polo\/#breadcrumb"},"inLanguage":"de","potentialAction":[{"@type":"ReadAction","target":["https:\/\/labelfree.nl\/product\/st814-lady-shape-polo\/"]}]},{"@type":"ImageObject","inLanguage":"de","@id":"https:\/\/labelfree.nl\/product\/st814-lady-shape-polo\/#primaryimage","url":"https:\/\/labelfree.nl\/wp-content\/uploads\/2024\/10\/000814_Lady_Shape_Polo_01c.jpg","contentUrl":"https:\/\/labelfree.nl\/wp-content\/uploads\/2024\/10\/000814_Lady_Shape_Polo_01c.jpg","width":1000,"height":1384},{"@type":"BreadcrumbList","@id":"https:\/\/labelfree.nl\/product\/st814-lady-shape-polo\/#breadcrumb","itemListElement":[{"@type":"ListItem","position":1,"name":"Home","item":"https:\/\/labelfree.nl\/"},{"@type":"ListItem","position":2,"name":"Webshop","item":"https:\/\/labelfree.nl\/webshop\/"},{"@type":"ListItem","position":3,"name":"Poloshirt Dames Shape"}]},{"@type":"WebSite","@id":"https:\/\/labelfree.nl\/#website","url":"https:\/\/labelfree.nl\/","name":"Etikettenfrei","description":"Markenlose Qualit\u00e4t","potentialAction":[{"@type":"SearchAction","target":{"@type":"EntryPoint","urlTemplate":"https:\/\/labelfree.nl\/?s={search_term_string}"},"query-input":{"@type":"PropertyValueSpecification","valueRequired":true,"valueName":"search_term_string"}}],"inLanguage":"de"}]}},"jetpack_sharing_enabled":true,"_links":{"self":[{"href":"https:\/\/labelfree.nl\/de\/wp-json\/wp\/v2\/product\/44903","targetHints":{"allow":["GET"]}}],"collection":[{"href":"https:\/\/labelfree.nl\/de\/wp-json\/wp\/v2\/product"}],"about":[{"href":"https:\/\/labelfree.nl\/de\/wp-json\/wp\/v2\/types\/product"}],"wp:featuredmedia":[{"embeddable":true,"href":"https:\/\/labelfree.nl\/de\/wp-json\/wp\/v2\/media\/54973"}],"wp:attachment":[{"href":"https:\/\/labelfree.nl\/de\/wp-json\/wp\/v2\/media?parent=44903"}],"wp:term":[{"taxonomy":"product_brand","embeddable":true,"href":"https:\/\/labelfree.nl\/de\/wp-json\/wp\/v2\/product_brand?post=44903"},{"taxonomy":"product_cat","embeddable":true,"href":"https:\/\/labelfree.nl\/de\/wp-json\/wp\/v2\/product_cat?post=44903"},{"taxonomy":"product_tag","embeddable":true,"href":"https:\/\/labelfree.nl\/de\/wp-json\/wp\/v2\/product_tag?post=44903"}],"curies":[{"name":"wp","href":"https:\/\/api.w.org\/{rel}","templated":true}]}}