{"id":44934,"date":"2024-10-24T19:08:34","date_gmt":"2024-10-24T17:08:34","guid":{"rendered":"https:\/\/labelfree.nl\/product\/st813-shape-polo\/"},"modified":"2026-05-11T02:45:28","modified_gmt":"2026-05-11T00:45:28","slug":"st813-shape-polo","status":"publish","type":"product","link":"https:\/\/labelfree.nl\/de\/produkt\/poloshirt-in-st813-form\/","title":{"rendered":"Poloshirt Shape"},"content":{"rendered":"<p><span style=\"color: #333333;\">Figurbetont und strapazierf\u00e4hig. Stilvoll und weich. Single-Jersey, 200 g\/m\u00b2<\/span><\/p>\n<p><span style=\"color: #333333;\"><em>F\u00fcr die korrekte Farbdarstellung und -beschreibung klicken Sie auf das betreffende Hemd und anschlie\u00dfend erneut auf die Lupe.<\/em><\/span><\/p>\n<h3><span style=\"color: #5a7699;\"><strong>Poloshirt-Form Uni<\/strong><\/span><\/h3>\n<p><strong>\u00a0921T Bio-Baumwolle (gek\u00e4mmt), 81T Elastan. Gr\u00f6\u00dfe S<\/strong><strong>Single Jersey 200 g\/m\u00b2<\/strong><\/p>\n<p><img decoding=\"async\" src=\"https:\/\/www.stormtextil.dk\/sites\/default\/files\/inline-images\/OTS100_label_19.HBD__1.jpg\" alt=\"\u00d6ko-Tex-zertifiziert\" \/><\/p>\n<ul>\n<li>Qualit\u00e4t: 921T gek\u00e4mmte Baumwolle \/ 81T Elastan<\/li>\n<li>Heather Black: 72% gek\u00e4mmte Baumwolle \/ 20% Polyester \/ 8% Elastan<\/li>\n<li>Single-Jersey<\/li>\n<li>Gewicht: 200 g\/m\u00b2<\/li>\n<li>Erh\u00e4ltlich in 5 Farben<\/li>\n<li>Erh\u00e4ltlich von Gr\u00f6\u00dfe S bis 3XL<\/li>\n<li>Kleines Gr\u00f6\u00dfenetikett im Halsausschnitt<\/li>\n<li>Karton: 50 St\u00fcck. Verpackung: 10 St\u00fcck. Auch einzeln erh\u00e4ltlich.<\/li>\n<\/ul>\n<h4><span style=\"color: #5a7699;\"><strong>Unisex-Poloshirt-Schnitt \u2013 stilvoll und strapazierf\u00e4hig <\/strong><\/span><\/h4>\n<p>Unser einfarbiges Poloshirt eignet sich f\u00fcr Damen und Herren. Es hat eine schmale Passform, die die Figur betont, und einen klassischen Polokragen mit drei Kn\u00f6pfen.<\/p>\n<p>Das Poloshirt hat einen Halsausschnitt, der bis zur Knopfleiste reicht. Die Knopfleiste ist unten verst\u00e4rkt. Der dezente Kragen ist aus 1x1-Rippstrick gefertigt. Die B\u00fcndchen sind ebenfalls mit 1x1-Rippstrick verst\u00e4rkt, und \u00c4rmel sowie Saum sind doppelt vern\u00e4ht. Das Poloshirt hat Seitenn\u00e4hte.<\/p>\n<h4><span style=\"color: #5a7699;\"><strong>Materialangaben<\/strong><\/span><\/h4>\n<p>Single-Jersey, 200 g\/m\u00b2. Das Material besteht aus 921 % gek\u00e4mmter Bio-Baumwolle und 81 % Elastan. Die melierte schwarze Variante besteht aus 721 % Baumwolle, 20 % Polyester und 81 % Elastan. Der Elastananteil sorgt f\u00fcr Formstabilit\u00e4t und verhindert Ausleiern.<\/p>\n<p>Single-Jersey ist ein weit verbreiteter Strickstoff. Er ist atmungsaktiv, weich und angenehm auf der Haut. Er ist hautfreundlich, strapazierf\u00e4hig und beh\u00e4lt auch nach vielen W\u00e4schen seine Sch\u00f6nheit. Mit einem Gewicht von 200 g\/m\u00b2 z\u00e4hlt dieser Jersey zu den mittelschweren Stoffen und bietet ein ausgewogenes Verh\u00e4ltnis zwischen Geschmeidigkeit und Strapazierf\u00e4higkeit.<\/p>\n<h4><span style=\"color: #5a7699;\"><strong>Druck-, Stick- und Beschriftungsm\u00f6glichkeiten<\/strong><\/span><\/h4>\n<p>M\u00f6chten Sie unbedruckte Kleidung bestellen, mit Ihrem eigenen Design bedrucken lassen oder ben\u00f6tigen Sie selbst aufzubringende Drucke? Bei Labelfree steht Ihnen unser Team bei jedem Schritt zur Seite.<\/p>\n<p>Labelfree bietet verschiedene Druckm\u00f6glichkeiten, darunter Transferdruck, DTF, Siebdruck und Stickerei. Auch eigene Nackendrucke und Etiketten, beispielsweise auf den \u00c4rmel, sind m\u00f6glich.<\/p>\n<p>Ben\u00f6tigen Sie Hilfe bei Ihrem eigenen Design? Unsere Grafikdesigner unterst\u00fctzen Sie gerne. So stellen wir sicher, dass das Endprodukt perfekt auf Ihre Bed\u00fcrfnisse zugeschnitten ist. Sie erhalten immer zun\u00e4chst ein kostenloses, visuelles Angebot. Kontaktieren Sie uns, um die M\u00f6glichkeiten zur Erstellung Ihrer eigenen Kollektion zu erkunden.<\/p>\n<p>&nbsp;<\/p>\n<p>Gr\u00f6\u00dfentabelle<\/p>\n<p><img decoding=\"async\" class=\"\" src=\"https:\/\/www.stormtextil.dk\/sites\/default\/files\/product-image\/size-charts\/000813%20Shape%20polo.png\" alt=\"Gr\u00f6\u00dfentabelle ST813 Shape Polo\" width=\"588\" height=\"83\" \/><\/p>\n<p>&nbsp;<\/p>\n<p>Pflegeanleitung<\/p>\n<p><img decoding=\"async\" class=\"\" src=\"https:\/\/www.stormtextil.dk\/sites\/default\/files\/product-image\/washing-instructions\/Storm_washing_instructions_40_20.png\" width=\"170\" height=\"26\" \/><\/p>","protected":false},"excerpt":{"rendered":"<p>Aansluitende snit en duurzaam. Stijlvol en zacht. Single jersey, 200 g\/m\u00b2 voor de juiste kleur weergave- en omschrijving klikt u op het betreffende shirt en nogmaals op het vergrootglas poloshirt shape uni \u00a092% Biologisch gekamd katoen, 8% elastaan. Single jersey 200 g\/m\u00b2 Kwaliteit: 92% gekamd katoen \/ 8% elastaan Heather Black: 72% gekamd katoen \/ [&hellip;]<\/p>\n","protected":false},"featured_media":54976,"template":"","meta":{"_acf_changed":false},"product_brand":[],"product_cat":[118],"product_tag":[],"class_list":{"0":"post-44934","1":"product","2":"type-product","3":"status-publish","4":"has-post-thumbnail","6":"product_cat-polo-shirts","7":"pa_size-2xl","8":"pa_size-3xl","9":"pa_size-l","10":"pa_size-m","11":"pa_size-s","12":"pa_size-xl","14":"first","15":"instock","16":"taxable","17":"shipping-taxable","18":"purchasable","19":"product-type-variable"},"acf":[],"yoast_head":"<!-- This site is optimized with the Yoast SEO plugin v27.5 - https:\/\/yoast.com\/product\/yoast-seo-wordpress\/ -->\n<title>Poloshirt Shape - Labelfree<\/title>\n<meta name=\"robots\" content=\"index, follow, max-snippet:-1, max-image-preview:large, max-video-preview:-1\" \/>\n<link rel=\"canonical\" href=\"https:\/\/labelfree.nl\/de\/produkt\/poloshirt-in-st813-form\/\" \/>\n<meta property=\"og:locale\" content=\"de_DE\" \/>\n<meta property=\"og:type\" content=\"article\" \/>\n<meta property=\"og:title\" content=\"Poloshirt Shape - Labelfree\" \/>\n<meta property=\"og:description\" content=\"Aansluitende snit en duurzaam. Stijlvol en zacht. Single jersey, 200 g\/m\u00b2 voor de juiste kleur weergave- en omschrijving klikt u op het betreffende shirt en nogmaals op het vergrootglas poloshirt shape uni \u00a092% Biologisch gekamd katoen, 8% elastaan. Single jersey 200 g\/m\u00b2 Kwaliteit: 92% gekamd katoen \/ 8% elastaan Heather Black: 72% gekamd katoen \/ [&hellip;]\" \/>\n<meta property=\"og:url\" content=\"https:\/\/labelfree.nl\/de\/produkt\/poloshirt-in-st813-form\/\" \/>\n<meta property=\"og:site_name\" content=\"Labelfree\" \/>\n<meta property=\"article:modified_time\" content=\"2026-05-11T00:45:28+00:00\" \/>\n<meta property=\"og:image\" content=\"https:\/\/labelfree.nl\/wp-content\/uploads\/2024\/10\/000813_Shape_Polo_01c.jpg\" \/>\n\t<meta property=\"og:image:width\" content=\"1000\" \/>\n\t<meta property=\"og:image:height\" content=\"1384\" \/>\n\t<meta property=\"og:image:type\" content=\"image\/jpeg\" \/>\n<meta name=\"twitter:card\" content=\"summary_large_image\" \/>\n<meta name=\"twitter:label1\" content=\"Gesch\u00e4tzte Lesezeit\" \/>\n\t<meta name=\"twitter:data1\" content=\"3\u00a0Minuten\" \/>\n<script type=\"application\/ld+json\" class=\"yoast-schema-graph\">{\"@context\":\"https:\\\/\\\/schema.org\",\"@graph\":[{\"@type\":\"WebPage\",\"@id\":\"https:\\\/\\\/labelfree.nl\\\/product\\\/st813-shape-polo\\\/\",\"url\":\"https:\\\/\\\/labelfree.nl\\\/product\\\/st813-shape-polo\\\/\",\"name\":\"Poloshirt Shape - Labelfree\",\"isPartOf\":{\"@id\":\"https:\\\/\\\/labelfree.nl\\\/#website\"},\"primaryImageOfPage\":{\"@id\":\"https:\\\/\\\/labelfree.nl\\\/product\\\/st813-shape-polo\\\/#primaryimage\"},\"image\":{\"@id\":\"https:\\\/\\\/labelfree.nl\\\/product\\\/st813-shape-polo\\\/#primaryimage\"},\"thumbnailUrl\":\"https:\\\/\\\/labelfree.nl\\\/wp-content\\\/uploads\\\/2024\\\/10\\\/000813_Shape_Polo_01c.jpg\",\"datePublished\":\"2024-10-24T17:08:34+00:00\",\"dateModified\":\"2026-05-11T00:45:28+00:00\",\"breadcrumb\":{\"@id\":\"https:\\\/\\\/labelfree.nl\\\/product\\\/st813-shape-polo\\\/#breadcrumb\"},\"inLanguage\":\"de\",\"potentialAction\":[{\"@type\":\"ReadAction\",\"target\":[\"https:\\\/\\\/labelfree.nl\\\/product\\\/st813-shape-polo\\\/\"]}]},{\"@type\":\"ImageObject\",\"inLanguage\":\"de\",\"@id\":\"https:\\\/\\\/labelfree.nl\\\/product\\\/st813-shape-polo\\\/#primaryimage\",\"url\":\"https:\\\/\\\/labelfree.nl\\\/wp-content\\\/uploads\\\/2024\\\/10\\\/000813_Shape_Polo_01c.jpg\",\"contentUrl\":\"https:\\\/\\\/labelfree.nl\\\/wp-content\\\/uploads\\\/2024\\\/10\\\/000813_Shape_Polo_01c.jpg\",\"width\":1000,\"height\":1384},{\"@type\":\"BreadcrumbList\",\"@id\":\"https:\\\/\\\/labelfree.nl\\\/product\\\/st813-shape-polo\\\/#breadcrumb\",\"itemListElement\":[{\"@type\":\"ListItem\",\"position\":1,\"name\":\"Home\",\"item\":\"https:\\\/\\\/labelfree.nl\\\/\"},{\"@type\":\"ListItem\",\"position\":2,\"name\":\"Webshop\",\"item\":\"https:\\\/\\\/labelfree.nl\\\/webshop\\\/\"},{\"@type\":\"ListItem\",\"position\":3,\"name\":\"Poloshirt Shape\"}]},{\"@type\":\"WebSite\",\"@id\":\"https:\\\/\\\/labelfree.nl\\\/#website\",\"url\":\"https:\\\/\\\/labelfree.nl\\\/\",\"name\":\"Labelfree\",\"description\":\"Brandless quality\",\"potentialAction\":[{\"@type\":\"SearchAction\",\"target\":{\"@type\":\"EntryPoint\",\"urlTemplate\":\"https:\\\/\\\/labelfree.nl\\\/?s={search_term_string}\"},\"query-input\":{\"@type\":\"PropertyValueSpecification\",\"valueRequired\":true,\"valueName\":\"search_term_string\"}}],\"inLanguage\":\"de\"}]}<\/script>\n<!-- \/ Yoast SEO plugin. -->","yoast_head_json":{"title":"Poloshirt Shape - Etikettenfrei","robots":{"index":"index","follow":"follow","max-snippet":"max-snippet:-1","max-image-preview":"max-image-preview:large","max-video-preview":"max-video-preview:-1"},"canonical":"https:\/\/labelfree.nl\/de\/produkt\/poloshirt-in-st813-form\/","og_locale":"de_DE","og_type":"article","og_title":"Poloshirt Shape - Labelfree","og_description":"Aansluitende snit en duurzaam. Stijlvol en zacht. Single jersey, 200 g\/m\u00b2 voor de juiste kleur weergave- en omschrijving klikt u op het betreffende shirt en nogmaals op het vergrootglas poloshirt shape uni \u00a092% Biologisch gekamd katoen, 8% elastaan. Single jersey 200 g\/m\u00b2 Kwaliteit: 92% gekamd katoen \/ 8% elastaan Heather Black: 72% gekamd katoen \/ [&hellip;]","og_url":"https:\/\/labelfree.nl\/de\/produkt\/poloshirt-in-st813-form\/","og_site_name":"Labelfree","article_modified_time":"2026-05-11T00:45:28+00:00","og_image":[{"width":1000,"height":1384,"url":"https:\/\/labelfree.nl\/wp-content\/uploads\/2024\/10\/000813_Shape_Polo_01c.jpg","type":"image\/jpeg"}],"twitter_card":"summary_large_image","twitter_misc":{"Gesch\u00e4tzte Lesezeit":"3\u00a0Minuten"},"schema":{"@context":"https:\/\/schema.org","@graph":[{"@type":"WebPage","@id":"https:\/\/labelfree.nl\/product\/st813-shape-polo\/","url":"https:\/\/labelfree.nl\/product\/st813-shape-polo\/","name":"Poloshirt Shape - Etikettenfrei","isPartOf":{"@id":"https:\/\/labelfree.nl\/#website"},"primaryImageOfPage":{"@id":"https:\/\/labelfree.nl\/product\/st813-shape-polo\/#primaryimage"},"image":{"@id":"https:\/\/labelfree.nl\/product\/st813-shape-polo\/#primaryimage"},"thumbnailUrl":"https:\/\/labelfree.nl\/wp-content\/uploads\/2024\/10\/000813_Shape_Polo_01c.jpg","datePublished":"2024-10-24T17:08:34+00:00","dateModified":"2026-05-11T00:45:28+00:00","breadcrumb":{"@id":"https:\/\/labelfree.nl\/product\/st813-shape-polo\/#breadcrumb"},"inLanguage":"de","potentialAction":[{"@type":"ReadAction","target":["https:\/\/labelfree.nl\/product\/st813-shape-polo\/"]}]},{"@type":"ImageObject","inLanguage":"de","@id":"https:\/\/labelfree.nl\/product\/st813-shape-polo\/#primaryimage","url":"https:\/\/labelfree.nl\/wp-content\/uploads\/2024\/10\/000813_Shape_Polo_01c.jpg","contentUrl":"https:\/\/labelfree.nl\/wp-content\/uploads\/2024\/10\/000813_Shape_Polo_01c.jpg","width":1000,"height":1384},{"@type":"BreadcrumbList","@id":"https:\/\/labelfree.nl\/product\/st813-shape-polo\/#breadcrumb","itemListElement":[{"@type":"ListItem","position":1,"name":"Home","item":"https:\/\/labelfree.nl\/"},{"@type":"ListItem","position":2,"name":"Webshop","item":"https:\/\/labelfree.nl\/webshop\/"},{"@type":"ListItem","position":3,"name":"Poloshirt Shape"}]},{"@type":"WebSite","@id":"https:\/\/labelfree.nl\/#website","url":"https:\/\/labelfree.nl\/","name":"Etikettenfrei","description":"Markenlose Qualit\u00e4t","potentialAction":[{"@type":"SearchAction","target":{"@type":"EntryPoint","urlTemplate":"https:\/\/labelfree.nl\/?s={search_term_string}"},"query-input":{"@type":"PropertyValueSpecification","valueRequired":true,"valueName":"search_term_string"}}],"inLanguage":"de"}]}},"jetpack_sharing_enabled":true,"_links":{"self":[{"href":"https:\/\/labelfree.nl\/de\/wp-json\/wp\/v2\/product\/44934","targetHints":{"allow":["GET"]}}],"collection":[{"href":"https:\/\/labelfree.nl\/de\/wp-json\/wp\/v2\/product"}],"about":[{"href":"https:\/\/labelfree.nl\/de\/wp-json\/wp\/v2\/types\/product"}],"wp:featuredmedia":[{"embeddable":true,"href":"https:\/\/labelfree.nl\/de\/wp-json\/wp\/v2\/media\/54976"}],"wp:attachment":[{"href":"https:\/\/labelfree.nl\/de\/wp-json\/wp\/v2\/media?parent=44934"}],"wp:term":[{"taxonomy":"product_brand","embeddable":true,"href":"https:\/\/labelfree.nl\/de\/wp-json\/wp\/v2\/product_brand?post=44934"},{"taxonomy":"product_cat","embeddable":true,"href":"https:\/\/labelfree.nl\/de\/wp-json\/wp\/v2\/product_cat?post=44934"},{"taxonomy":"product_tag","embeddable":true,"href":"https:\/\/labelfree.nl\/de\/wp-json\/wp\/v2\/product_tag?post=44934"}],"curies":[{"name":"wp","href":"https:\/\/api.w.org\/{rel}","templated":true}]}}